{"id":66973,"date":"2023-03-03T10:06:59","date_gmt":"2023-03-03T09:06:59","guid":{"rendered":"https:\/\/turijnmagazijn.nl\/product\/logo-kotfluegel-lancia-ypsilon-i-1-2-imitation-set-2-tlg\/"},"modified":"2026-01-01T22:17:21","modified_gmt":"2026-01-01T21:17:21","slug":"logo-fender-lancia-ypsilon-i-1-2-imitation-set-2-st","status":"publish","type":"product","link":"https:\/\/turijnmagazijn.nl\/de\/produkt\/logo-fender-lancia-ypsilon-i-1-2-imitation-set-2-st\/","title":{"rendered":"Logo Kotfl\u00fcgel Lancia Ypsilon I 1.2 IMITATION Set 2-tlg."},"content":{"rendered":"<p>Neuer Satz von 2 selbstklebenden Logos zur Montage auf dem Kotfl\u00fcgel f\u00fcr Lancia Ypsilon I mit 1.2 Motor.  <\/p>\n<p>IMITATION SET 2 St\u00fcck reicht f\u00fcr 1 Auto.<\/p>\n<p>Dieses Logo passt in die originale Aussparung der Blinklichteinheit am Kotfl\u00fcgel.<\/p>\n<p>Zerlegen Sie die Blinklichteinheit. Dr\u00fccken Sie mit einem Schraubendreher von hinten (es gibt einige \u00d6ffnungen im Kunststoff) das alte Logo aus dem schwarzen Kunststoffteil. Reinigen Sie die Oberfl\u00e4che mit einem Entfettungsmittel und sorgen Sie f\u00fcr eine glatte Montagefl\u00e4che. F\u00fcgen Sie das Ersatzlogo in die Aussparung ein.<\/p>\n<p>Dieses Imitation-Logo unterscheidet sich im Layout vom Original. Das Original besteht aus einem harten Harz, das im Laufe der Zeit Feuchtigkeit zwischen den Schichten passieren l\u00e4sst. Das Ersatzteil besteht aus einem Silikonharz, das geschmeidig und biegsam bleibt.&nbsp;<\/p>\n<p>Das Ersatzlogo ist etwas tiefer als das Original. Das ist nach der Montage kaum sichtbar, aber seien Sie sich dessen bewusst.<\/p>\n<p><\/p>\n<p>OEM als Referenz f\u00fcr welche Art von Blinklichteinheiten diese Logos gelten:<\/p>\n<table class=\"table table-bordered\" width=\"225\" style=\"width: 169pt;&gt; &lt;wpml_invalid_tag original=\" pgnvbgdyb3vwpg=\"=\"\"><\/table>\n<col width=\"  97\">\n<colgroup>\n<col width=\"64\" span=\"2\" style=\"width:48pt\"> <\/colgroup>\n<tbody>\n<tr height=\"19\" style=\"height:14.4pt\">\n<td height=\"19\" class=\"xl65\" width=\"97\" style=\"height:14.4pt;width:73pt;text-transform: uppercase\" title=\"\" name=\"cellUnSelected\">46516661<\/td>\n<td class=\"xl65\" width=\"64\" style=\"width:48pt;text-transform:uppercase\" title=\"\" name=\"cellUnSelected\">Recht<\/td>\n<td class=\"xl65\" width=\"64\" style=\"width:48pt\" id=\"item_03_3_2\">1.2<\/td>\n<\/tr>\n<tr height=\"19\" style=\"height:14.4pt\">\n<td height=\"19\" class=\"xl65\" style=\"height:14.4pt;text-transform:uppercase\" title=\"\" name=\"cellUnSelected\">46516662<\/td>\n<td class=\"xl65\" title=\"\" name=\"cellUnSelected\" style=\"text-transform:uppercase\">Links<\/td>\n<td class=\"xl65\" id=\"item_03_3_2\">1.2<\/td>\n<\/tr>\n<\/tbody>\n<p><\/p>\n","protected":false},"excerpt":{"rendered":"<p>Logo Kotfl\u00fcgel Lancia Ypsilon I xx IMITATION Set 2 St\u00fcck &#8211; Neuer Satz von 2 selbstklebenden Logos zur Montage auf dem Kotfl\u00fcgel f\u00fcr Lancia Ypsilon I mit xx Motor. Logo Kotfl\u00fcgel Lancia Ypsilon I 1.2 IMITATION Set 2 St\u00fcck &#8211; Neuer Satz von 2 St\u00fcck<\/p>\n","protected":false},"featured_media":55385,"comment_status":"closed","ping_status":"closed","template":"","meta":{"_acf_changed":false},"product_brand":[],"product_cat":[1797,1913],"product_tag":[],"class_list":{"0":"post-66973","1":"product","2":"type-product","3":"status-publish","4":"has-post-thumbnail","6":"product_cat-lancia-de","7":"product_cat-ypsilon-1-840-de","8":"pa_soort-onderdeel-karosserie-und-blech","9":"pa_soort-onderdeel-schlusselanhanger-und-aufkleber","11":"first","12":"instock","13":"taxable","14":"shipping-taxable","15":"purchasable","16":"product-type-simple"},"acf":[],"yoast_head":"<!-- This site is optimized with the Yoast SEO plugin v27.3 - https:\/\/yoast.com\/product\/yoast-seo-wordpress\/ -->\n<title>Logo Kotfl\u00fcgel Lancia Ypsilon I 1.2 IMITATION Set 2-tlg. - Turijnmagazijn<\/title>\n<meta name=\"robots\" content=\"index, follow, max-snippet:-1, max-image-preview:large, max-video-preview:-1\" \/>\n<link rel=\"canonical\" href=\"https:\/\/turijnmagazijn.nl\/de\/produkt\/logo-fender-lancia-ypsilon-i-1-2-imitation-set-2-st\/\" \/>\n<meta property=\"og:locale\" content=\"de_DE\" \/>\n<meta property=\"og:type\" content=\"article\" \/>\n<meta property=\"og:title\" content=\"Logo Kotfl\u00fcgel Lancia Ypsilon I 1.2 IMITATION Set 2-tlg. - Turijnmagazijn\" \/>\n<meta property=\"og:description\" content=\"Logo Kotfl\u00fcgel Lancia Ypsilon I xx IMITATION Set 2 St\u00fcck - Neuer Satz von 2 selbstklebenden Logos zur Montage auf dem Kotfl\u00fcgel f\u00fcr Lancia Ypsilon I mit xx Motor. Logo Kotfl\u00fcgel Lancia Ypsilon I 1.2 IMITATION Set 2 St\u00fcck - Neuer Satz von 2 St\u00fcck\" \/>\n<meta property=\"og:url\" content=\"https:\/\/turijnmagazijn.nl\/de\/produkt\/logo-fender-lancia-ypsilon-i-1-2-imitation-set-2-st\/\" \/>\n<meta property=\"og:site_name\" content=\"Turijnmagazijn\" \/>\n<meta property=\"article:publisher\" content=\"https:\/\/www.facebook.com\/turijnmagazijn\" \/>\n<meta property=\"article:modified_time\" content=\"2026-01-01T21:17:21+00:00\" \/>\n<meta property=\"og:image\" content=\"https:\/\/turijnmagazijn.nl\/wp-content\/uploads\/2023\/03\/DN00100255-Logo-spatbord-Lancia-Ypsilon-I-1.2-IMITATIE-set-2-st-3-1.jpg\" \/>\n\t<meta property=\"og:image:width\" content=\"1024\" \/>\n\t<meta property=\"og:image:height\" content=\"768\" \/>\n\t<meta property=\"og:image:type\" content=\"image\/jpeg\" \/>\n<meta name=\"twitter:card\" content=\"summary_large_image\" \/>\n<meta name=\"twitter:label1\" content=\"Gesch\u00e4tzte Lesezeit\" \/>\n\t<meta name=\"twitter:data1\" content=\"1\u00a0Minute\" \/>\n<script type=\"application\/ld+json\" class=\"yoast-schema-graph\">{\"@context\":\"https:\\\/\\\/schema.org\",\"@graph\":[{\"@type\":\"WebPage\",\"@id\":\"https:\\\/\\\/turijnmagazijn.nl\\\/de\\\/produkt\\\/logo-fender-lancia-ypsilon-i-1-2-imitation-set-2-st\\\/\",\"url\":\"https:\\\/\\\/turijnmagazijn.nl\\\/de\\\/produkt\\\/logo-fender-lancia-ypsilon-i-1-2-imitation-set-2-st\\\/\",\"name\":\"Logo Kotfl\u00fcgel Lancia Ypsilon I 1.2 IMITATION Set 2-tlg. - Turijnmagazijn\",\"isPartOf\":{\"@id\":\"https:\\\/\\\/turijnmagazijn.jumpstone-dev.nl\\\/#website\"},\"primaryImageOfPage\":{\"@id\":\"https:\\\/\\\/turijnmagazijn.nl\\\/de\\\/produkt\\\/logo-fender-lancia-ypsilon-i-1-2-imitation-set-2-st\\\/#primaryimage\"},\"image\":{\"@id\":\"https:\\\/\\\/turijnmagazijn.nl\\\/de\\\/produkt\\\/logo-fender-lancia-ypsilon-i-1-2-imitation-set-2-st\\\/#primaryimage\"},\"thumbnailUrl\":\"https:\\\/\\\/turijnmagazijn.nl\\\/wp-content\\\/uploads\\\/2023\\\/03\\\/DN00100255-Logo-spatbord-Lancia-Ypsilon-I-1.2-IMITATIE-set-2-st-3-1.jpg\",\"datePublished\":\"2023-03-03T09:06:59+00:00\",\"dateModified\":\"2026-01-01T21:17:21+00:00\",\"breadcrumb\":{\"@id\":\"https:\\\/\\\/turijnmagazijn.nl\\\/de\\\/produkt\\\/logo-fender-lancia-ypsilon-i-1-2-imitation-set-2-st\\\/#breadcrumb\"},\"inLanguage\":\"de\",\"potentialAction\":[{\"@type\":\"ReadAction\",\"target\":[\"https:\\\/\\\/turijnmagazijn.nl\\\/de\\\/produkt\\\/logo-fender-lancia-ypsilon-i-1-2-imitation-set-2-st\\\/\"]}]},{\"@type\":\"ImageObject\",\"inLanguage\":\"de\",\"@id\":\"https:\\\/\\\/turijnmagazijn.nl\\\/de\\\/produkt\\\/logo-fender-lancia-ypsilon-i-1-2-imitation-set-2-st\\\/#primaryimage\",\"url\":\"https:\\\/\\\/turijnmagazijn.nl\\\/wp-content\\\/uploads\\\/2023\\\/03\\\/DN00100255-Logo-spatbord-Lancia-Ypsilon-I-1.2-IMITATIE-set-2-st-3-1.jpg\",\"contentUrl\":\"https:\\\/\\\/turijnmagazijn.nl\\\/wp-content\\\/uploads\\\/2023\\\/03\\\/DN00100255-Logo-spatbord-Lancia-Ypsilon-I-1.2-IMITATIE-set-2-st-3-1.jpg\",\"width\":1024,\"height\":768},{\"@type\":\"BreadcrumbList\",\"@id\":\"https:\\\/\\\/turijnmagazijn.nl\\\/de\\\/produkt\\\/logo-fender-lancia-ypsilon-i-1-2-imitation-set-2-st\\\/#breadcrumb\",\"itemListElement\":[{\"@type\":\"ListItem\",\"position\":1,\"name\":\"Home\",\"item\":\"https:\\\/\\\/turijnmagazijn.nl\\\/de\\\/\"},{\"@type\":\"ListItem\",\"position\":2,\"name\":\"Produkte\",\"item\":\"https:\\\/\\\/turijnmagazijn.nl\\\/de\\\/shop\\\/\"},{\"@type\":\"ListItem\",\"position\":3,\"name\":\"Logo Kotfl\u00fcgel Lancia Ypsilon I 1.2 IMITATION Set 2-tlg.\"}]},{\"@type\":\"WebSite\",\"@id\":\"https:\\\/\\\/turijnmagazijn.jumpstone-dev.nl\\\/#website\",\"url\":\"https:\\\/\\\/turijnmagazijn.jumpstone-dev.nl\\\/\",\"name\":\"Turijnmagazijn\",\"description\":\"Onderdelen nieuw en gebruikt - Fiat &amp; Lancia\",\"publisher\":{\"@id\":\"https:\\\/\\\/turijnmagazijn.jumpstone-dev.nl\\\/#organization\"},\"potentialAction\":[{\"@type\":\"SearchAction\",\"target\":{\"@type\":\"EntryPoint\",\"urlTemplate\":\"https:\\\/\\\/turijnmagazijn.jumpstone-dev.nl\\\/?s={search_term_string}\"},\"query-input\":{\"@type\":\"PropertyValueSpecification\",\"valueRequired\":true,\"valueName\":\"search_term_string\"}}],\"inLanguage\":\"de\"},{\"@type\":\"Organization\",\"@id\":\"https:\\\/\\\/turijnmagazijn.jumpstone-dev.nl\\\/#organization\",\"name\":\"Turijnmagazijn\",\"url\":\"https:\\\/\\\/turijnmagazijn.jumpstone-dev.nl\\\/\",\"logo\":{\"@type\":\"ImageObject\",\"inLanguage\":\"de\",\"@id\":\"https:\\\/\\\/turijnmagazijn.jumpstone-dev.nl\\\/#\\\/schema\\\/logo\\\/image\\\/\",\"url\":\"https:\\\/\\\/turijnmagazijn.nl\\\/wp-content\\\/uploads\\\/2021\\\/02\\\/turijnmagazijnlogo.png\",\"contentUrl\":\"https:\\\/\\\/turijnmagazijn.nl\\\/wp-content\\\/uploads\\\/2021\\\/02\\\/turijnmagazijnlogo.png\",\"width\":555,\"height\":270,\"caption\":\"Turijnmagazijn\"},\"image\":{\"@id\":\"https:\\\/\\\/turijnmagazijn.jumpstone-dev.nl\\\/#\\\/schema\\\/logo\\\/image\\\/\"},\"sameAs\":[\"https:\\\/\\\/www.facebook.com\\\/turijnmagazijn\"]}]}<\/script>\n<!-- \/ Yoast SEO plugin. -->","yoast_head_json":{"title":"Logo Kotfl\u00fcgel Lancia Ypsilon I 1.2 IMITATION Set 2-tlg. - Turijnmagazijn","robots":{"index":"index","follow":"follow","max-snippet":"max-snippet:-1","max-image-preview":"max-image-preview:large","max-video-preview":"max-video-preview:-1"},"canonical":"https:\/\/turijnmagazijn.nl\/de\/produkt\/logo-fender-lancia-ypsilon-i-1-2-imitation-set-2-st\/","og_locale":"de_DE","og_type":"article","og_title":"Logo Kotfl\u00fcgel Lancia Ypsilon I 1.2 IMITATION Set 2-tlg. - Turijnmagazijn","og_description":"Logo Kotfl\u00fcgel Lancia Ypsilon I xx IMITATION Set 2 St\u00fcck - Neuer Satz von 2 selbstklebenden Logos zur Montage auf dem Kotfl\u00fcgel f\u00fcr Lancia Ypsilon I mit xx Motor. Logo Kotfl\u00fcgel Lancia Ypsilon I 1.2 IMITATION Set 2 St\u00fcck - Neuer Satz von 2 St\u00fcck","og_url":"https:\/\/turijnmagazijn.nl\/de\/produkt\/logo-fender-lancia-ypsilon-i-1-2-imitation-set-2-st\/","og_site_name":"Turijnmagazijn","article_publisher":"https:\/\/www.facebook.com\/turijnmagazijn","article_modified_time":"2026-01-01T21:17:21+00:00","og_image":[{"width":1024,"height":768,"url":"https:\/\/turijnmagazijn.nl\/wp-content\/uploads\/2023\/03\/DN00100255-Logo-spatbord-Lancia-Ypsilon-I-1.2-IMITATIE-set-2-st-3-1.jpg","type":"image\/jpeg"}],"twitter_card":"summary_large_image","twitter_misc":{"Gesch\u00e4tzte Lesezeit":"1\u00a0Minute"},"schema":{"@context":"https:\/\/schema.org","@graph":[{"@type":"WebPage","@id":"https:\/\/turijnmagazijn.nl\/de\/produkt\/logo-fender-lancia-ypsilon-i-1-2-imitation-set-2-st\/","url":"https:\/\/turijnmagazijn.nl\/de\/produkt\/logo-fender-lancia-ypsilon-i-1-2-imitation-set-2-st\/","name":"Logo Kotfl\u00fcgel Lancia Ypsilon I 1.2 IMITATION Set 2-tlg. - Turijnmagazijn","isPartOf":{"@id":"https:\/\/turijnmagazijn.jumpstone-dev.nl\/#website"},"primaryImageOfPage":{"@id":"https:\/\/turijnmagazijn.nl\/de\/produkt\/logo-fender-lancia-ypsilon-i-1-2-imitation-set-2-st\/#primaryimage"},"image":{"@id":"https:\/\/turijnmagazijn.nl\/de\/produkt\/logo-fender-lancia-ypsilon-i-1-2-imitation-set-2-st\/#primaryimage"},"thumbnailUrl":"https:\/\/turijnmagazijn.nl\/wp-content\/uploads\/2023\/03\/DN00100255-Logo-spatbord-Lancia-Ypsilon-I-1.2-IMITATIE-set-2-st-3-1.jpg","datePublished":"2023-03-03T09:06:59+00:00","dateModified":"2026-01-01T21:17:21+00:00","breadcrumb":{"@id":"https:\/\/turijnmagazijn.nl\/de\/produkt\/logo-fender-lancia-ypsilon-i-1-2-imitation-set-2-st\/#breadcrumb"},"inLanguage":"de","potentialAction":[{"@type":"ReadAction","target":["https:\/\/turijnmagazijn.nl\/de\/produkt\/logo-fender-lancia-ypsilon-i-1-2-imitation-set-2-st\/"]}]},{"@type":"ImageObject","inLanguage":"de","@id":"https:\/\/turijnmagazijn.nl\/de\/produkt\/logo-fender-lancia-ypsilon-i-1-2-imitation-set-2-st\/#primaryimage","url":"https:\/\/turijnmagazijn.nl\/wp-content\/uploads\/2023\/03\/DN00100255-Logo-spatbord-Lancia-Ypsilon-I-1.2-IMITATIE-set-2-st-3-1.jpg","contentUrl":"https:\/\/turijnmagazijn.nl\/wp-content\/uploads\/2023\/03\/DN00100255-Logo-spatbord-Lancia-Ypsilon-I-1.2-IMITATIE-set-2-st-3-1.jpg","width":1024,"height":768},{"@type":"BreadcrumbList","@id":"https:\/\/turijnmagazijn.nl\/de\/produkt\/logo-fender-lancia-ypsilon-i-1-2-imitation-set-2-st\/#breadcrumb","itemListElement":[{"@type":"ListItem","position":1,"name":"Home","item":"https:\/\/turijnmagazijn.nl\/de\/"},{"@type":"ListItem","position":2,"name":"Produkte","item":"https:\/\/turijnmagazijn.nl\/de\/shop\/"},{"@type":"ListItem","position":3,"name":"Logo Kotfl\u00fcgel Lancia Ypsilon I 1.2 IMITATION Set 2-tlg."}]},{"@type":"WebSite","@id":"https:\/\/turijnmagazijn.jumpstone-dev.nl\/#website","url":"https:\/\/turijnmagazijn.jumpstone-dev.nl\/","name":"Turijnmagazijn","description":"Onderdelen nieuw en gebruikt - Fiat &amp; Lancia","publisher":{"@id":"https:\/\/turijnmagazijn.jumpstone-dev.nl\/#organization"},"potentialAction":[{"@type":"SearchAction","target":{"@type":"EntryPoint","urlTemplate":"https:\/\/turijnmagazijn.jumpstone-dev.nl\/?s={search_term_string}"},"query-input":{"@type":"PropertyValueSpecification","valueRequired":true,"valueName":"search_term_string"}}],"inLanguage":"de"},{"@type":"Organization","@id":"https:\/\/turijnmagazijn.jumpstone-dev.nl\/#organization","name":"Turijnmagazijn","url":"https:\/\/turijnmagazijn.jumpstone-dev.nl\/","logo":{"@type":"ImageObject","inLanguage":"de","@id":"https:\/\/turijnmagazijn.jumpstone-dev.nl\/#\/schema\/logo\/image\/","url":"https:\/\/turijnmagazijn.nl\/wp-content\/uploads\/2021\/02\/turijnmagazijnlogo.png","contentUrl":"https:\/\/turijnmagazijn.nl\/wp-content\/uploads\/2021\/02\/turijnmagazijnlogo.png","width":555,"height":270,"caption":"Turijnmagazijn"},"image":{"@id":"https:\/\/turijnmagazijn.jumpstone-dev.nl\/#\/schema\/logo\/image\/"},"sameAs":["https:\/\/www.facebook.com\/turijnmagazijn"]}]}},"_links":{"self":[{"href":"https:\/\/turijnmagazijn.nl\/de\/wp-json\/wp\/v2\/product\/66973","targetHints":{"allow":["GET"]}}],"collection":[{"href":"https:\/\/turijnmagazijn.nl\/de\/wp-json\/wp\/v2\/product"}],"about":[{"href":"https:\/\/turijnmagazijn.nl\/de\/wp-json\/wp\/v2\/types\/product"}],"replies":[{"embeddable":true,"href":"https:\/\/turijnmagazijn.nl\/de\/wp-json\/wp\/v2\/comments?post=66973"}],"wp:featuredmedia":[{"embeddable":true,"href":"https:\/\/turijnmagazijn.nl\/de\/wp-json\/wp\/v2\/media\/55385"}],"wp:attachment":[{"href":"https:\/\/turijnmagazijn.nl\/de\/wp-json\/wp\/v2\/media?parent=66973"}],"wp:term":[{"taxonomy":"product_brand","embeddable":true,"href":"https:\/\/turijnmagazijn.nl\/de\/wp-json\/wp\/v2\/product_brand?post=66973"},{"taxonomy":"product_cat","embeddable":true,"href":"https:\/\/turijnmagazijn.nl\/de\/wp-json\/wp\/v2\/product_cat?post=66973"},{"taxonomy":"product_tag","embeddable":true,"href":"https:\/\/turijnmagazijn.nl\/de\/wp-json\/wp\/v2\/product_tag?post=66973"}],"curies":[{"name":"wp","href":"https:\/\/api.w.org\/{rel}","templated":true}]}}