{"id":67006,"date":"2023-03-03T10:11:59","date_gmt":"2023-03-03T09:11:59","guid":{"rendered":"https:\/\/turijnmagazijn.nl\/product\/logo-kotfluegel-lancia-ypsilon-i-blank-imitation-set-2-tlg\/"},"modified":"2023-07-27T12:53:09","modified_gmt":"2023-07-27T10:53:09","slug":"logo-fender-lancia-ypsilon-i-blanco-imitation-set-2-pc","status":"publish","type":"product","link":"https:\/\/turijnmagazijn.nl\/de\/produkt\/logo-fender-lancia-ypsilon-i-blanco-imitation-set-2-pc\/","title":{"rendered":"Logo Kotfl\u00fcgel Lancia Ypsilon I blank IMITATION Set 2-tlg."},"content":{"rendered":"<p>Neuer Satz von 2 selbstklebenden Logos zur Montage auf dem Kotfl\u00fcgel f\u00fcr Lancia Ypsilon I mit 1.1 oder 1.2 Motor mit dem Kotfl\u00fcgellogo, das Lancia Y ohne Angabe der Motorisierung anzeigt.<\/p>\n<p>IMITATION SET 2 St\u00fcck reicht f\u00fcr 1 Auto.<\/p>\n<p>Dieses Logo passt in die originale Aussparung der Blinklichteinheit am Kotfl\u00fcgel.<\/p>\n<p>Zerlegen Sie die Blinklichteinheit. Dr\u00fccken Sie mit einem Schraubendreher von hinten (es gibt einige \u00d6ffnungen im Kunststoff) das alte Logo aus dem schwarzen Kunststoffteil. Reinigen Sie die Oberfl\u00e4che mit einem Entfettungsmittel und sorgen Sie f\u00fcr eine glatte Montagefl\u00e4che. F\u00fcgen Sie das Ersatzlogo in die Aussparung ein.<\/p>\n<p>Dieses Imitation-Logo unterscheidet sich im Layout vom Original. Das Original besteht aus einem harten Harz, das im Laufe der Zeit Feuchtigkeit zwischen den Schichten passieren l\u00e4sst. Das Ersatzteil besteht aus einem Silikonharz, das geschmeidig und biegsam bleibt.<\/p>\n<p>Das Ersatzlogo ist etwas tiefer als das Original. Das ist nach der Montage kaum sichtbar, aber seien Sie sich dessen bewusst.<\/p>\n<p>OEM als Referenz f\u00fcr welche Art von Blinklichteinheiten diese Logos gelten:<\/p>\n<table class=\"table table-bordered\" width=\"225\">\n<colgroup>\n<col span=\"2\" width=\"64\"><\/colgroup>\n<tbody>\n<tr>\n<td class=\"xl65\" title=\"\" width=\"97\" height=\"19\">46771715<\/td>\n<td class=\"xl65\" title=\"\" width=\"64\">RECHTS<\/td>\n<td id=\"item_03_3_2\" class=\"xl65\" width=\"64\">leer<\/td>\n<\/tr>\n<tr>\n<td class=\"xl65\" title=\"\" height=\"19\">46771713<\/td>\n<td class=\"xl65\" title=\"\">LINKS<\/td>\n<td id=\"item_03_3_2\" class=\"xl65\">leer<\/td>\n<\/tr>\n<tr>\n<td class=\"xl65\" title=\"\" width=\"97\" height=\"19\">46554236<\/td>\n<td class=\"xl65\" title=\"\" width=\"64\">RECHTS<\/td>\n<td id=\"item_03_3_2\" class=\"xl65\" width=\"64\">leer<\/td>\n<\/tr>\n<tr>\n<td class=\"xl65\" title=\"\" height=\"19\">46554241<\/td>\n<td class=\"xl65\" title=\"\">LINKS<\/td>\n<td id=\"item_03_3_2\" class=\"xl65\">leer<\/td>\n<\/tr>\n<\/tbody>\n<\/table>\n<p>&nbsp;<\/p>\n","protected":false},"excerpt":{"rendered":"<p>Neues Set von 2 selbstklebenden Logos zur Montage auf dem Schutzblech f\u00fcr Lancia Ypsilon I<\/p>\n","protected":false},"featured_media":56105,"comment_status":"closed","ping_status":"closed","template":"","meta":{"_acf_changed":false},"product_brand":[],"product_cat":[1797,1913],"product_tag":[],"class_list":{"0":"post-67006","1":"product","2":"type-product","3":"status-publish","4":"has-post-thumbnail","6":"product_cat-lancia-de","7":"product_cat-ypsilon-1-840-de","8":"pa_soort-onderdeel-andere-autoteile","10":"first","11":"instock","12":"taxable","13":"shipping-taxable","14":"purchasable","15":"product-type-simple"},"acf":[],"yoast_head":"<!-- This site is optimized with the Yoast SEO plugin v27.3 - https:\/\/yoast.com\/product\/yoast-seo-wordpress\/ -->\n<title>Logo Kotfl\u00fcgel Lancia Ypsilon I blank IMITATION Set 2-tlg. - Turijnmagazijn<\/title>\n<meta name=\"robots\" content=\"index, follow, max-snippet:-1, max-image-preview:large, max-video-preview:-1\" \/>\n<link rel=\"canonical\" href=\"https:\/\/turijnmagazijn.nl\/de\/produkt\/logo-fender-lancia-ypsilon-i-blanco-imitation-set-2-pc\/\" \/>\n<meta property=\"og:locale\" content=\"de_DE\" \/>\n<meta property=\"og:type\" content=\"article\" \/>\n<meta property=\"og:title\" content=\"Logo Kotfl\u00fcgel Lancia Ypsilon I blank IMITATION Set 2-tlg. - Turijnmagazijn\" \/>\n<meta property=\"og:description\" content=\"Neues Set von 2 selbstklebenden Logos zur Montage auf dem Schutzblech f\u00fcr Lancia Ypsilon I\" \/>\n<meta property=\"og:url\" content=\"https:\/\/turijnmagazijn.nl\/de\/produkt\/logo-fender-lancia-ypsilon-i-blanco-imitation-set-2-pc\/\" \/>\n<meta property=\"og:site_name\" content=\"Turijnmagazijn\" \/>\n<meta property=\"article:publisher\" content=\"https:\/\/www.facebook.com\/turijnmagazijn\" \/>\n<meta property=\"article:modified_time\" content=\"2023-07-27T10:53:09+00:00\" \/>\n<meta property=\"og:image\" content=\"https:\/\/turijnmagazijn.nl\/wp-content\/uploads\/2023\/03\/DN00100258-Logo-spatbord-Lancia-Ypsilon-I-blanco-IMITATIE-set-2-st-3.jpg\" \/>\n\t<meta property=\"og:image:width\" content=\"1024\" \/>\n\t<meta property=\"og:image:height\" content=\"768\" \/>\n\t<meta property=\"og:image:type\" content=\"image\/jpeg\" \/>\n<meta name=\"twitter:card\" content=\"summary_large_image\" \/>\n<meta name=\"twitter:label1\" content=\"Gesch\u00e4tzte Lesezeit\" \/>\n\t<meta name=\"twitter:data1\" content=\"1\u00a0Minute\" \/>\n<script type=\"application\/ld+json\" class=\"yoast-schema-graph\">{\"@context\":\"https:\\\/\\\/schema.org\",\"@graph\":[{\"@type\":\"WebPage\",\"@id\":\"https:\\\/\\\/turijnmagazijn.nl\\\/de\\\/produkt\\\/logo-fender-lancia-ypsilon-i-blanco-imitation-set-2-pc\\\/\",\"url\":\"https:\\\/\\\/turijnmagazijn.nl\\\/de\\\/produkt\\\/logo-fender-lancia-ypsilon-i-blanco-imitation-set-2-pc\\\/\",\"name\":\"Logo Kotfl\u00fcgel Lancia Ypsilon I blank IMITATION Set 2-tlg. - Turijnmagazijn\",\"isPartOf\":{\"@id\":\"https:\\\/\\\/turijnmagazijn.jumpstone-dev.nl\\\/#website\"},\"primaryImageOfPage\":{\"@id\":\"https:\\\/\\\/turijnmagazijn.nl\\\/de\\\/produkt\\\/logo-fender-lancia-ypsilon-i-blanco-imitation-set-2-pc\\\/#primaryimage\"},\"image\":{\"@id\":\"https:\\\/\\\/turijnmagazijn.nl\\\/de\\\/produkt\\\/logo-fender-lancia-ypsilon-i-blanco-imitation-set-2-pc\\\/#primaryimage\"},\"thumbnailUrl\":\"https:\\\/\\\/turijnmagazijn.nl\\\/wp-content\\\/uploads\\\/2023\\\/03\\\/DN00100258-Logo-spatbord-Lancia-Ypsilon-I-blanco-IMITATIE-set-2-st-3.jpg\",\"datePublished\":\"2023-03-03T09:11:59+00:00\",\"dateModified\":\"2023-07-27T10:53:09+00:00\",\"breadcrumb\":{\"@id\":\"https:\\\/\\\/turijnmagazijn.nl\\\/de\\\/produkt\\\/logo-fender-lancia-ypsilon-i-blanco-imitation-set-2-pc\\\/#breadcrumb\"},\"inLanguage\":\"de\",\"potentialAction\":[{\"@type\":\"ReadAction\",\"target\":[\"https:\\\/\\\/turijnmagazijn.nl\\\/de\\\/produkt\\\/logo-fender-lancia-ypsilon-i-blanco-imitation-set-2-pc\\\/\"]}]},{\"@type\":\"ImageObject\",\"inLanguage\":\"de\",\"@id\":\"https:\\\/\\\/turijnmagazijn.nl\\\/de\\\/produkt\\\/logo-fender-lancia-ypsilon-i-blanco-imitation-set-2-pc\\\/#primaryimage\",\"url\":\"https:\\\/\\\/turijnmagazijn.nl\\\/wp-content\\\/uploads\\\/2023\\\/03\\\/DN00100258-Logo-spatbord-Lancia-Ypsilon-I-blanco-IMITATIE-set-2-st-3.jpg\",\"contentUrl\":\"https:\\\/\\\/turijnmagazijn.nl\\\/wp-content\\\/uploads\\\/2023\\\/03\\\/DN00100258-Logo-spatbord-Lancia-Ypsilon-I-blanco-IMITATIE-set-2-st-3.jpg\",\"width\":1024,\"height\":768},{\"@type\":\"BreadcrumbList\",\"@id\":\"https:\\\/\\\/turijnmagazijn.nl\\\/de\\\/produkt\\\/logo-fender-lancia-ypsilon-i-blanco-imitation-set-2-pc\\\/#breadcrumb\",\"itemListElement\":[{\"@type\":\"ListItem\",\"position\":1,\"name\":\"Home\",\"item\":\"https:\\\/\\\/turijnmagazijn.nl\\\/de\\\/\"},{\"@type\":\"ListItem\",\"position\":2,\"name\":\"Produkte\",\"item\":\"https:\\\/\\\/turijnmagazijn.nl\\\/de\\\/shop\\\/\"},{\"@type\":\"ListItem\",\"position\":3,\"name\":\"Logo Kotfl\u00fcgel Lancia Ypsilon I blank IMITATION Set 2-tlg.\"}]},{\"@type\":\"WebSite\",\"@id\":\"https:\\\/\\\/turijnmagazijn.jumpstone-dev.nl\\\/#website\",\"url\":\"https:\\\/\\\/turijnmagazijn.jumpstone-dev.nl\\\/\",\"name\":\"Turijnmagazijn\",\"description\":\"Onderdelen nieuw en gebruikt - Fiat &amp; Lancia\",\"publisher\":{\"@id\":\"https:\\\/\\\/turijnmagazijn.jumpstone-dev.nl\\\/#organization\"},\"potentialAction\":[{\"@type\":\"SearchAction\",\"target\":{\"@type\":\"EntryPoint\",\"urlTemplate\":\"https:\\\/\\\/turijnmagazijn.jumpstone-dev.nl\\\/?s={search_term_string}\"},\"query-input\":{\"@type\":\"PropertyValueSpecification\",\"valueRequired\":true,\"valueName\":\"search_term_string\"}}],\"inLanguage\":\"de\"},{\"@type\":\"Organization\",\"@id\":\"https:\\\/\\\/turijnmagazijn.jumpstone-dev.nl\\\/#organization\",\"name\":\"Turijnmagazijn\",\"url\":\"https:\\\/\\\/turijnmagazijn.jumpstone-dev.nl\\\/\",\"logo\":{\"@type\":\"ImageObject\",\"inLanguage\":\"de\",\"@id\":\"https:\\\/\\\/turijnmagazijn.jumpstone-dev.nl\\\/#\\\/schema\\\/logo\\\/image\\\/\",\"url\":\"https:\\\/\\\/turijnmagazijn.nl\\\/wp-content\\\/uploads\\\/2021\\\/02\\\/turijnmagazijnlogo.png\",\"contentUrl\":\"https:\\\/\\\/turijnmagazijn.nl\\\/wp-content\\\/uploads\\\/2021\\\/02\\\/turijnmagazijnlogo.png\",\"width\":555,\"height\":270,\"caption\":\"Turijnmagazijn\"},\"image\":{\"@id\":\"https:\\\/\\\/turijnmagazijn.jumpstone-dev.nl\\\/#\\\/schema\\\/logo\\\/image\\\/\"},\"sameAs\":[\"https:\\\/\\\/www.facebook.com\\\/turijnmagazijn\"]}]}<\/script>\n<!-- \/ Yoast SEO plugin. -->","yoast_head_json":{"title":"Logo Kotfl\u00fcgel Lancia Ypsilon I blank IMITATION Set 2-tlg. - Turijnmagazijn","robots":{"index":"index","follow":"follow","max-snippet":"max-snippet:-1","max-image-preview":"max-image-preview:large","max-video-preview":"max-video-preview:-1"},"canonical":"https:\/\/turijnmagazijn.nl\/de\/produkt\/logo-fender-lancia-ypsilon-i-blanco-imitation-set-2-pc\/","og_locale":"de_DE","og_type":"article","og_title":"Logo Kotfl\u00fcgel Lancia Ypsilon I blank IMITATION Set 2-tlg. - Turijnmagazijn","og_description":"Neues Set von 2 selbstklebenden Logos zur Montage auf dem Schutzblech f\u00fcr Lancia Ypsilon I","og_url":"https:\/\/turijnmagazijn.nl\/de\/produkt\/logo-fender-lancia-ypsilon-i-blanco-imitation-set-2-pc\/","og_site_name":"Turijnmagazijn","article_publisher":"https:\/\/www.facebook.com\/turijnmagazijn","article_modified_time":"2023-07-27T10:53:09+00:00","og_image":[{"width":1024,"height":768,"url":"https:\/\/turijnmagazijn.nl\/wp-content\/uploads\/2023\/03\/DN00100258-Logo-spatbord-Lancia-Ypsilon-I-blanco-IMITATIE-set-2-st-3.jpg","type":"image\/jpeg"}],"twitter_card":"summary_large_image","twitter_misc":{"Gesch\u00e4tzte Lesezeit":"1\u00a0Minute"},"schema":{"@context":"https:\/\/schema.org","@graph":[{"@type":"WebPage","@id":"https:\/\/turijnmagazijn.nl\/de\/produkt\/logo-fender-lancia-ypsilon-i-blanco-imitation-set-2-pc\/","url":"https:\/\/turijnmagazijn.nl\/de\/produkt\/logo-fender-lancia-ypsilon-i-blanco-imitation-set-2-pc\/","name":"Logo Kotfl\u00fcgel Lancia Ypsilon I blank IMITATION Set 2-tlg. - Turijnmagazijn","isPartOf":{"@id":"https:\/\/turijnmagazijn.jumpstone-dev.nl\/#website"},"primaryImageOfPage":{"@id":"https:\/\/turijnmagazijn.nl\/de\/produkt\/logo-fender-lancia-ypsilon-i-blanco-imitation-set-2-pc\/#primaryimage"},"image":{"@id":"https:\/\/turijnmagazijn.nl\/de\/produkt\/logo-fender-lancia-ypsilon-i-blanco-imitation-set-2-pc\/#primaryimage"},"thumbnailUrl":"https:\/\/turijnmagazijn.nl\/wp-content\/uploads\/2023\/03\/DN00100258-Logo-spatbord-Lancia-Ypsilon-I-blanco-IMITATIE-set-2-st-3.jpg","datePublished":"2023-03-03T09:11:59+00:00","dateModified":"2023-07-27T10:53:09+00:00","breadcrumb":{"@id":"https:\/\/turijnmagazijn.nl\/de\/produkt\/logo-fender-lancia-ypsilon-i-blanco-imitation-set-2-pc\/#breadcrumb"},"inLanguage":"de","potentialAction":[{"@type":"ReadAction","target":["https:\/\/turijnmagazijn.nl\/de\/produkt\/logo-fender-lancia-ypsilon-i-blanco-imitation-set-2-pc\/"]}]},{"@type":"ImageObject","inLanguage":"de","@id":"https:\/\/turijnmagazijn.nl\/de\/produkt\/logo-fender-lancia-ypsilon-i-blanco-imitation-set-2-pc\/#primaryimage","url":"https:\/\/turijnmagazijn.nl\/wp-content\/uploads\/2023\/03\/DN00100258-Logo-spatbord-Lancia-Ypsilon-I-blanco-IMITATIE-set-2-st-3.jpg","contentUrl":"https:\/\/turijnmagazijn.nl\/wp-content\/uploads\/2023\/03\/DN00100258-Logo-spatbord-Lancia-Ypsilon-I-blanco-IMITATIE-set-2-st-3.jpg","width":1024,"height":768},{"@type":"BreadcrumbList","@id":"https:\/\/turijnmagazijn.nl\/de\/produkt\/logo-fender-lancia-ypsilon-i-blanco-imitation-set-2-pc\/#breadcrumb","itemListElement":[{"@type":"ListItem","position":1,"name":"Home","item":"https:\/\/turijnmagazijn.nl\/de\/"},{"@type":"ListItem","position":2,"name":"Produkte","item":"https:\/\/turijnmagazijn.nl\/de\/shop\/"},{"@type":"ListItem","position":3,"name":"Logo Kotfl\u00fcgel Lancia Ypsilon I blank IMITATION Set 2-tlg."}]},{"@type":"WebSite","@id":"https:\/\/turijnmagazijn.jumpstone-dev.nl\/#website","url":"https:\/\/turijnmagazijn.jumpstone-dev.nl\/","name":"Turijnmagazijn","description":"Onderdelen nieuw en gebruikt - Fiat &amp; Lancia","publisher":{"@id":"https:\/\/turijnmagazijn.jumpstone-dev.nl\/#organization"},"potentialAction":[{"@type":"SearchAction","target":{"@type":"EntryPoint","urlTemplate":"https:\/\/turijnmagazijn.jumpstone-dev.nl\/?s={search_term_string}"},"query-input":{"@type":"PropertyValueSpecification","valueRequired":true,"valueName":"search_term_string"}}],"inLanguage":"de"},{"@type":"Organization","@id":"https:\/\/turijnmagazijn.jumpstone-dev.nl\/#organization","name":"Turijnmagazijn","url":"https:\/\/turijnmagazijn.jumpstone-dev.nl\/","logo":{"@type":"ImageObject","inLanguage":"de","@id":"https:\/\/turijnmagazijn.jumpstone-dev.nl\/#\/schema\/logo\/image\/","url":"https:\/\/turijnmagazijn.nl\/wp-content\/uploads\/2021\/02\/turijnmagazijnlogo.png","contentUrl":"https:\/\/turijnmagazijn.nl\/wp-content\/uploads\/2021\/02\/turijnmagazijnlogo.png","width":555,"height":270,"caption":"Turijnmagazijn"},"image":{"@id":"https:\/\/turijnmagazijn.jumpstone-dev.nl\/#\/schema\/logo\/image\/"},"sameAs":["https:\/\/www.facebook.com\/turijnmagazijn"]}]}},"_links":{"self":[{"href":"https:\/\/turijnmagazijn.nl\/de\/wp-json\/wp\/v2\/product\/67006","targetHints":{"allow":["GET"]}}],"collection":[{"href":"https:\/\/turijnmagazijn.nl\/de\/wp-json\/wp\/v2\/product"}],"about":[{"href":"https:\/\/turijnmagazijn.nl\/de\/wp-json\/wp\/v2\/types\/product"}],"replies":[{"embeddable":true,"href":"https:\/\/turijnmagazijn.nl\/de\/wp-json\/wp\/v2\/comments?post=67006"}],"wp:featuredmedia":[{"embeddable":true,"href":"https:\/\/turijnmagazijn.nl\/de\/wp-json\/wp\/v2\/media\/56105"}],"wp:attachment":[{"href":"https:\/\/turijnmagazijn.nl\/de\/wp-json\/wp\/v2\/media?parent=67006"}],"wp:term":[{"taxonomy":"product_brand","embeddable":true,"href":"https:\/\/turijnmagazijn.nl\/de\/wp-json\/wp\/v2\/product_brand?post=67006"},{"taxonomy":"product_cat","embeddable":true,"href":"https:\/\/turijnmagazijn.nl\/de\/wp-json\/wp\/v2\/product_cat?post=67006"},{"taxonomy":"product_tag","embeddable":true,"href":"https:\/\/turijnmagazijn.nl\/de\/wp-json\/wp\/v2\/product_tag?post=67006"}],"curies":[{"name":"wp","href":"https:\/\/api.w.org\/{rel}","templated":true}]}}