{"id":67030,"date":"2023-03-03T10:13:56","date_gmt":"2023-03-03T09:13:56","guid":{"rendered":"https:\/\/turijnmagazijn.nl\/product\/schaltknauf-alfa-166-schwarzes-leder-6-fach-imitation\/"},"modified":"2023-07-27T12:54:05","modified_gmt":"2023-07-27T10:54:05","slug":"schaltknauf-alpha-166-schwarz-leder-6-gang-imitation","status":"publish","type":"product","link":"https:\/\/turijnmagazijn.nl\/de\/produkt\/schaltknauf-alpha-166-schwarz-leder-6-gang-imitation\/","title":{"rendered":"Schaltknauf Alfa 166 schwarzes Leder 6-fach IMITATION"},"content":{"rendered":"<p>Neuer Schaltknauf f\u00fcr Alfa Romeo 166 mit 6-Gang-Getriebe. Hierbei handelt es sich um eine hochwertige Nachahmung des seltenen lederbezogenen Schaltknaufs. Der Shcalthebel kann anstelle des alten geklebt und geklemmt werden (beides f\u00fcr ein gutes Ergebnis). Dies ist ein sehr sch\u00f6nes Qualit\u00e4tsprodukt, das den Innenraum eines Alfa Romeo 166 schm\u00fcckt.<\/p>\n<p>Dies ist eine neue Serie von Schaltkn\u00e4ufen, die mit einer perfekt auf das Schaltmuster abgestimmten Hei\u00dfpresse ausgestattet ist. Sch\u00f6ne \u00dcbereinstimmung mit Original! Der Knopf ist perfekt dem Original nachempfunden und verf\u00fcgt \u00fcber neues Leder, das perfekt zum Gef\u00fchl und Aussehen des Original-Lederpokers passt.<\/p>\n<p>OEM Alfa Romeo156037981 &#8211; 156021700 &#8211; NUR 156018054 REFERENZ!<\/p>\n","protected":false},"excerpt":{"rendered":"<p>Neuer Schaltknauf f\u00fcr Alfa Romeo 166 mit 6-Gang-Getriebe. Handelt es sich um eine hochwertige Nachahmung des seltenen lederbezogenen<\/p>\n","protected":false},"featured_media":56401,"comment_status":"closed","ping_status":"closed","template":"","meta":{"_acf_changed":false},"product_brand":[],"product_cat":[1651,1584],"product_tag":[],"class_list":{"0":"post-67030","1":"product","2":"type-product","3":"status-publish","4":"has-post-thumbnail","6":"product_cat-166-936-de","7":"product_cat-alfa-romeo-de","8":"pa_soort-onderdeel-andere-autoteile","10":"first","11":"instock","12":"taxable","13":"shipping-taxable","14":"purchasable","15":"product-type-simple"},"acf":[],"yoast_head":"<!-- This site is optimized with the Yoast SEO plugin v27.3 - https:\/\/yoast.com\/product\/yoast-seo-wordpress\/ -->\n<title>Schaltknauf Alfa 166 schwarzes Leder 6-fach IMITATION - Turijnmagazijn<\/title>\n<meta name=\"robots\" content=\"index, follow, max-snippet:-1, max-image-preview:large, max-video-preview:-1\" \/>\n<link rel=\"canonical\" href=\"https:\/\/turijnmagazijn.nl\/de\/produkt\/schaltknauf-alpha-166-schwarz-leder-6-gang-imitation\/\" \/>\n<meta property=\"og:locale\" content=\"de_DE\" \/>\n<meta property=\"og:type\" content=\"article\" \/>\n<meta property=\"og:title\" content=\"Schaltknauf Alfa 166 schwarzes Leder 6-fach IMITATION - Turijnmagazijn\" \/>\n<meta property=\"og:description\" content=\"Neuer Schaltknauf f\u00fcr Alfa Romeo 166 mit 6-Gang-Getriebe. Handelt es sich um eine hochwertige Nachahmung des seltenen lederbezogenen\" \/>\n<meta property=\"og:url\" content=\"https:\/\/turijnmagazijn.nl\/de\/produkt\/schaltknauf-alpha-166-schwarz-leder-6-gang-imitation\/\" \/>\n<meta property=\"og:site_name\" content=\"Turijnmagazijn\" \/>\n<meta property=\"article:publisher\" content=\"https:\/\/www.facebook.com\/turijnmagazijn\" \/>\n<meta property=\"article:modified_time\" content=\"2023-07-27T10:54:05+00:00\" \/>\n<meta property=\"og:image\" content=\"https:\/\/turijnmagazijn.nl\/wp-content\/uploads\/2023\/03\/DN00100260-Pookknop-Alfa-166-zwart-leder-6-bak-IMITATIE-7.jpg\" \/>\n\t<meta property=\"og:image:width\" content=\"1024\" \/>\n\t<meta property=\"og:image:height\" content=\"768\" \/>\n\t<meta property=\"og:image:type\" content=\"image\/jpeg\" \/>\n<meta name=\"twitter:card\" content=\"summary_large_image\" \/>\n<meta name=\"twitter:label1\" content=\"Gesch\u00e4tzte Lesezeit\" \/>\n\t<meta name=\"twitter:data1\" content=\"1\u00a0Minute\" \/>\n<script type=\"application\/ld+json\" class=\"yoast-schema-graph\">{\"@context\":\"https:\\\/\\\/schema.org\",\"@graph\":[{\"@type\":\"WebPage\",\"@id\":\"https:\\\/\\\/turijnmagazijn.nl\\\/de\\\/produkt\\\/schaltknauf-alpha-166-schwarz-leder-6-gang-imitation\\\/\",\"url\":\"https:\\\/\\\/turijnmagazijn.nl\\\/de\\\/produkt\\\/schaltknauf-alpha-166-schwarz-leder-6-gang-imitation\\\/\",\"name\":\"Schaltknauf Alfa 166 schwarzes Leder 6-fach IMITATION - Turijnmagazijn\",\"isPartOf\":{\"@id\":\"https:\\\/\\\/turijnmagazijn.jumpstone-dev.nl\\\/#website\"},\"primaryImageOfPage\":{\"@id\":\"https:\\\/\\\/turijnmagazijn.nl\\\/de\\\/produkt\\\/schaltknauf-alpha-166-schwarz-leder-6-gang-imitation\\\/#primaryimage\"},\"image\":{\"@id\":\"https:\\\/\\\/turijnmagazijn.nl\\\/de\\\/produkt\\\/schaltknauf-alpha-166-schwarz-leder-6-gang-imitation\\\/#primaryimage\"},\"thumbnailUrl\":\"https:\\\/\\\/turijnmagazijn.nl\\\/wp-content\\\/uploads\\\/2023\\\/03\\\/DN00100260-Pookknop-Alfa-166-zwart-leder-6-bak-IMITATIE-7.jpg\",\"datePublished\":\"2023-03-03T09:13:56+00:00\",\"dateModified\":\"2023-07-27T10:54:05+00:00\",\"breadcrumb\":{\"@id\":\"https:\\\/\\\/turijnmagazijn.nl\\\/de\\\/produkt\\\/schaltknauf-alpha-166-schwarz-leder-6-gang-imitation\\\/#breadcrumb\"},\"inLanguage\":\"de\",\"potentialAction\":[{\"@type\":\"ReadAction\",\"target\":[\"https:\\\/\\\/turijnmagazijn.nl\\\/de\\\/produkt\\\/schaltknauf-alpha-166-schwarz-leder-6-gang-imitation\\\/\"]}]},{\"@type\":\"ImageObject\",\"inLanguage\":\"de\",\"@id\":\"https:\\\/\\\/turijnmagazijn.nl\\\/de\\\/produkt\\\/schaltknauf-alpha-166-schwarz-leder-6-gang-imitation\\\/#primaryimage\",\"url\":\"https:\\\/\\\/turijnmagazijn.nl\\\/wp-content\\\/uploads\\\/2023\\\/03\\\/DN00100260-Pookknop-Alfa-166-zwart-leder-6-bak-IMITATIE-7.jpg\",\"contentUrl\":\"https:\\\/\\\/turijnmagazijn.nl\\\/wp-content\\\/uploads\\\/2023\\\/03\\\/DN00100260-Pookknop-Alfa-166-zwart-leder-6-bak-IMITATIE-7.jpg\",\"width\":1024,\"height\":768},{\"@type\":\"BreadcrumbList\",\"@id\":\"https:\\\/\\\/turijnmagazijn.nl\\\/de\\\/produkt\\\/schaltknauf-alpha-166-schwarz-leder-6-gang-imitation\\\/#breadcrumb\",\"itemListElement\":[{\"@type\":\"ListItem\",\"position\":1,\"name\":\"Home\",\"item\":\"https:\\\/\\\/turijnmagazijn.nl\\\/de\\\/\"},{\"@type\":\"ListItem\",\"position\":2,\"name\":\"Produkte\",\"item\":\"https:\\\/\\\/turijnmagazijn.nl\\\/de\\\/shop\\\/\"},{\"@type\":\"ListItem\",\"position\":3,\"name\":\"Schaltknauf Alfa 166 schwarzes Leder 6-fach IMITATION\"}]},{\"@type\":\"WebSite\",\"@id\":\"https:\\\/\\\/turijnmagazijn.jumpstone-dev.nl\\\/#website\",\"url\":\"https:\\\/\\\/turijnmagazijn.jumpstone-dev.nl\\\/\",\"name\":\"Turijnmagazijn\",\"description\":\"Onderdelen nieuw en gebruikt - Fiat &amp; Lancia\",\"publisher\":{\"@id\":\"https:\\\/\\\/turijnmagazijn.jumpstone-dev.nl\\\/#organization\"},\"potentialAction\":[{\"@type\":\"SearchAction\",\"target\":{\"@type\":\"EntryPoint\",\"urlTemplate\":\"https:\\\/\\\/turijnmagazijn.jumpstone-dev.nl\\\/?s={search_term_string}\"},\"query-input\":{\"@type\":\"PropertyValueSpecification\",\"valueRequired\":true,\"valueName\":\"search_term_string\"}}],\"inLanguage\":\"de\"},{\"@type\":\"Organization\",\"@id\":\"https:\\\/\\\/turijnmagazijn.jumpstone-dev.nl\\\/#organization\",\"name\":\"Turijnmagazijn\",\"url\":\"https:\\\/\\\/turijnmagazijn.jumpstone-dev.nl\\\/\",\"logo\":{\"@type\":\"ImageObject\",\"inLanguage\":\"de\",\"@id\":\"https:\\\/\\\/turijnmagazijn.jumpstone-dev.nl\\\/#\\\/schema\\\/logo\\\/image\\\/\",\"url\":\"https:\\\/\\\/turijnmagazijn.nl\\\/wp-content\\\/uploads\\\/2021\\\/02\\\/turijnmagazijnlogo.png\",\"contentUrl\":\"https:\\\/\\\/turijnmagazijn.nl\\\/wp-content\\\/uploads\\\/2021\\\/02\\\/turijnmagazijnlogo.png\",\"width\":555,\"height\":270,\"caption\":\"Turijnmagazijn\"},\"image\":{\"@id\":\"https:\\\/\\\/turijnmagazijn.jumpstone-dev.nl\\\/#\\\/schema\\\/logo\\\/image\\\/\"},\"sameAs\":[\"https:\\\/\\\/www.facebook.com\\\/turijnmagazijn\"]}]}<\/script>\n<!-- \/ Yoast SEO plugin. -->","yoast_head_json":{"title":"Schaltknauf Alfa 166 schwarzes Leder 6-fach IMITATION - Turijnmagazijn","robots":{"index":"index","follow":"follow","max-snippet":"max-snippet:-1","max-image-preview":"max-image-preview:large","max-video-preview":"max-video-preview:-1"},"canonical":"https:\/\/turijnmagazijn.nl\/de\/produkt\/schaltknauf-alpha-166-schwarz-leder-6-gang-imitation\/","og_locale":"de_DE","og_type":"article","og_title":"Schaltknauf Alfa 166 schwarzes Leder 6-fach IMITATION - Turijnmagazijn","og_description":"Neuer Schaltknauf f\u00fcr Alfa Romeo 166 mit 6-Gang-Getriebe. Handelt es sich um eine hochwertige Nachahmung des seltenen lederbezogenen","og_url":"https:\/\/turijnmagazijn.nl\/de\/produkt\/schaltknauf-alpha-166-schwarz-leder-6-gang-imitation\/","og_site_name":"Turijnmagazijn","article_publisher":"https:\/\/www.facebook.com\/turijnmagazijn","article_modified_time":"2023-07-27T10:54:05+00:00","og_image":[{"width":1024,"height":768,"url":"https:\/\/turijnmagazijn.nl\/wp-content\/uploads\/2023\/03\/DN00100260-Pookknop-Alfa-166-zwart-leder-6-bak-IMITATIE-7.jpg","type":"image\/jpeg"}],"twitter_card":"summary_large_image","twitter_misc":{"Gesch\u00e4tzte Lesezeit":"1\u00a0Minute"},"schema":{"@context":"https:\/\/schema.org","@graph":[{"@type":"WebPage","@id":"https:\/\/turijnmagazijn.nl\/de\/produkt\/schaltknauf-alpha-166-schwarz-leder-6-gang-imitation\/","url":"https:\/\/turijnmagazijn.nl\/de\/produkt\/schaltknauf-alpha-166-schwarz-leder-6-gang-imitation\/","name":"Schaltknauf Alfa 166 schwarzes Leder 6-fach IMITATION - Turijnmagazijn","isPartOf":{"@id":"https:\/\/turijnmagazijn.jumpstone-dev.nl\/#website"},"primaryImageOfPage":{"@id":"https:\/\/turijnmagazijn.nl\/de\/produkt\/schaltknauf-alpha-166-schwarz-leder-6-gang-imitation\/#primaryimage"},"image":{"@id":"https:\/\/turijnmagazijn.nl\/de\/produkt\/schaltknauf-alpha-166-schwarz-leder-6-gang-imitation\/#primaryimage"},"thumbnailUrl":"https:\/\/turijnmagazijn.nl\/wp-content\/uploads\/2023\/03\/DN00100260-Pookknop-Alfa-166-zwart-leder-6-bak-IMITATIE-7.jpg","datePublished":"2023-03-03T09:13:56+00:00","dateModified":"2023-07-27T10:54:05+00:00","breadcrumb":{"@id":"https:\/\/turijnmagazijn.nl\/de\/produkt\/schaltknauf-alpha-166-schwarz-leder-6-gang-imitation\/#breadcrumb"},"inLanguage":"de","potentialAction":[{"@type":"ReadAction","target":["https:\/\/turijnmagazijn.nl\/de\/produkt\/schaltknauf-alpha-166-schwarz-leder-6-gang-imitation\/"]}]},{"@type":"ImageObject","inLanguage":"de","@id":"https:\/\/turijnmagazijn.nl\/de\/produkt\/schaltknauf-alpha-166-schwarz-leder-6-gang-imitation\/#primaryimage","url":"https:\/\/turijnmagazijn.nl\/wp-content\/uploads\/2023\/03\/DN00100260-Pookknop-Alfa-166-zwart-leder-6-bak-IMITATIE-7.jpg","contentUrl":"https:\/\/turijnmagazijn.nl\/wp-content\/uploads\/2023\/03\/DN00100260-Pookknop-Alfa-166-zwart-leder-6-bak-IMITATIE-7.jpg","width":1024,"height":768},{"@type":"BreadcrumbList","@id":"https:\/\/turijnmagazijn.nl\/de\/produkt\/schaltknauf-alpha-166-schwarz-leder-6-gang-imitation\/#breadcrumb","itemListElement":[{"@type":"ListItem","position":1,"name":"Home","item":"https:\/\/turijnmagazijn.nl\/de\/"},{"@type":"ListItem","position":2,"name":"Produkte","item":"https:\/\/turijnmagazijn.nl\/de\/shop\/"},{"@type":"ListItem","position":3,"name":"Schaltknauf Alfa 166 schwarzes Leder 6-fach IMITATION"}]},{"@type":"WebSite","@id":"https:\/\/turijnmagazijn.jumpstone-dev.nl\/#website","url":"https:\/\/turijnmagazijn.jumpstone-dev.nl\/","name":"Turijnmagazijn","description":"Onderdelen nieuw en gebruikt - Fiat &amp; Lancia","publisher":{"@id":"https:\/\/turijnmagazijn.jumpstone-dev.nl\/#organization"},"potentialAction":[{"@type":"SearchAction","target":{"@type":"EntryPoint","urlTemplate":"https:\/\/turijnmagazijn.jumpstone-dev.nl\/?s={search_term_string}"},"query-input":{"@type":"PropertyValueSpecification","valueRequired":true,"valueName":"search_term_string"}}],"inLanguage":"de"},{"@type":"Organization","@id":"https:\/\/turijnmagazijn.jumpstone-dev.nl\/#organization","name":"Turijnmagazijn","url":"https:\/\/turijnmagazijn.jumpstone-dev.nl\/","logo":{"@type":"ImageObject","inLanguage":"de","@id":"https:\/\/turijnmagazijn.jumpstone-dev.nl\/#\/schema\/logo\/image\/","url":"https:\/\/turijnmagazijn.nl\/wp-content\/uploads\/2021\/02\/turijnmagazijnlogo.png","contentUrl":"https:\/\/turijnmagazijn.nl\/wp-content\/uploads\/2021\/02\/turijnmagazijnlogo.png","width":555,"height":270,"caption":"Turijnmagazijn"},"image":{"@id":"https:\/\/turijnmagazijn.jumpstone-dev.nl\/#\/schema\/logo\/image\/"},"sameAs":["https:\/\/www.facebook.com\/turijnmagazijn"]}]}},"_links":{"self":[{"href":"https:\/\/turijnmagazijn.nl\/de\/wp-json\/wp\/v2\/product\/67030","targetHints":{"allow":["GET"]}}],"collection":[{"href":"https:\/\/turijnmagazijn.nl\/de\/wp-json\/wp\/v2\/product"}],"about":[{"href":"https:\/\/turijnmagazijn.nl\/de\/wp-json\/wp\/v2\/types\/product"}],"replies":[{"embeddable":true,"href":"https:\/\/turijnmagazijn.nl\/de\/wp-json\/wp\/v2\/comments?post=67030"}],"wp:featuredmedia":[{"embeddable":true,"href":"https:\/\/turijnmagazijn.nl\/de\/wp-json\/wp\/v2\/media\/56401"}],"wp:attachment":[{"href":"https:\/\/turijnmagazijn.nl\/de\/wp-json\/wp\/v2\/media?parent=67030"}],"wp:term":[{"taxonomy":"product_brand","embeddable":true,"href":"https:\/\/turijnmagazijn.nl\/de\/wp-json\/wp\/v2\/product_brand?post=67030"},{"taxonomy":"product_cat","embeddable":true,"href":"https:\/\/turijnmagazijn.nl\/de\/wp-json\/wp\/v2\/product_cat?post=67030"},{"taxonomy":"product_tag","embeddable":true,"href":"https:\/\/turijnmagazijn.nl\/de\/wp-json\/wp\/v2\/product_tag?post=67030"}],"curies":[{"name":"wp","href":"https:\/\/api.w.org\/{rel}","templated":true}]}}