{"id":67353,"date":"2023-03-03T10:22:06","date_gmt":"2023-03-03T09:22:06","guid":{"rendered":"https:\/\/turijnmagazijn.nl\/product\/belueftungsgitter-hinten-lancia-kappa\/"},"modified":"2025-05-07T17:36:58","modified_gmt":"2025-05-07T15:36:58","slug":"luftungsgitter-fondpassagiere-lancia-kappa","status":"publish","type":"product","link":"https:\/\/turijnmagazijn.nl\/de\/produkt\/luftungsgitter-fondpassagiere-lancia-kappa\/","title":{"rendered":"Bel\u00fcftungsgitter hinten Lancia Kappa"},"content":{"rendered":"<p>Gebrauchtes L\u00fcftungsgitter aus schwarzem Kunststoff f\u00fcr die Fondpassagiere f\u00fcr Lancia Kappa. Er stammt aus einer Limousine von 1998, gilt aber prinzipiell f\u00fcr alle Arten von Kappas aller Baujahre. Kann also auch auf SW und Coup\u00e9 verwendet werden. Das Ger\u00e4t ist in gutem Zustand. Von einem Lancia Kappa Coup\u00e9 aus dem Jahr 1998.Lackfarbe des Spenderautos: 805 Black Storm. Das Spenderauto war mit einem 2.4 20V manuellen 5-Zylinder-Benzinmotor ausgestattet. OEM-Nummer Lancia 715528060<\/p>\n","protected":false},"excerpt":{"rendered":"<p>L\u00fcftungsgitter f\u00fcr die hinteren Passagiere Lancia Kappa &#8211; L\u00fcftungsgitter aus schwarzem Kunststoff f\u00fcr die Fondpassagiere f\u00fcr Lancia Kappa.L\u00fcftungsgitter f\u00fcr die Fondpassagiere Lancia Kappa &#8211; Gebrauchtes L\u00fcftungsgitter aus schwarzem Kunststoff f\u00fcr die Fondpassagiere f\u00fcr Lanc<\/p>\n","protected":false},"featured_media":56957,"comment_status":"open","ping_status":"closed","template":"","meta":{"_acf_changed":false},"product_brand":[],"product_cat":[1864,1867,1859,1797,1869],"product_tag":[],"class_list":{"0":"post-67353","1":"product","2":"type-product","3":"status-publish","4":"has-post-thumbnail","6":"product_cat-berlina-de","7":"product_cat-coupe-de","8":"product_cat-kappa-838-de","9":"product_cat-lancia-de","10":"product_cat-sw-de","11":"pa_soort-onderdeel-andere-autoteile","13":"first","14":"instock","15":"shipping-taxable","16":"purchasable","17":"product-type-simple"},"acf":[],"yoast_head":"<!-- This site is optimized with the Yoast SEO plugin v27.3 - https:\/\/yoast.com\/product\/yoast-seo-wordpress\/ -->\n<title>Bel\u00fcftungsgitter hinten Lancia Kappa - Turijnmagazijn<\/title>\n<meta name=\"robots\" content=\"index, follow, max-snippet:-1, max-image-preview:large, max-video-preview:-1\" \/>\n<link rel=\"canonical\" href=\"https:\/\/turijnmagazijn.nl\/de\/produkt\/luftungsgitter-fondpassagiere-lancia-kappa\/\" \/>\n<meta property=\"og:locale\" content=\"de_DE\" \/>\n<meta property=\"og:type\" content=\"article\" \/>\n<meta property=\"og:title\" content=\"Bel\u00fcftungsgitter hinten Lancia Kappa - Turijnmagazijn\" \/>\n<meta property=\"og:description\" content=\"L\u00fcftungsgitter f\u00fcr die hinteren Passagiere Lancia Kappa - L\u00fcftungsgitter aus schwarzem Kunststoff f\u00fcr die Fondpassagiere f\u00fcr Lancia Kappa.L\u00fcftungsgitter f\u00fcr die Fondpassagiere Lancia Kappa - Gebrauchtes L\u00fcftungsgitter aus schwarzem Kunststoff f\u00fcr die Fondpassagiere f\u00fcr Lanc\" \/>\n<meta property=\"og:url\" content=\"https:\/\/turijnmagazijn.nl\/de\/produkt\/luftungsgitter-fondpassagiere-lancia-kappa\/\" \/>\n<meta property=\"og:site_name\" content=\"Turijnmagazijn\" \/>\n<meta property=\"article:publisher\" content=\"https:\/\/www.facebook.com\/turijnmagazijn\" \/>\n<meta property=\"article:modified_time\" content=\"2025-05-07T15:36:58+00:00\" \/>\n<meta property=\"og:image\" content=\"https:\/\/turijnmagazijn.nl\/wp-content\/uploads\/2023\/03\/DK00100966_Ventilatierooster_achterpassagiers_Lancia_Kappa_3.jpg\" \/>\n\t<meta property=\"og:image:width\" content=\"800\" \/>\n\t<meta property=\"og:image:height\" content=\"600\" \/>\n\t<meta property=\"og:image:type\" content=\"image\/jpeg\" \/>\n<meta name=\"twitter:card\" content=\"summary_large_image\" \/>\n<script type=\"application\/ld+json\" class=\"yoast-schema-graph\">{\"@context\":\"https:\\\/\\\/schema.org\",\"@graph\":[{\"@type\":\"WebPage\",\"@id\":\"https:\\\/\\\/turijnmagazijn.nl\\\/de\\\/produkt\\\/luftungsgitter-fondpassagiere-lancia-kappa\\\/\",\"url\":\"https:\\\/\\\/turijnmagazijn.nl\\\/de\\\/produkt\\\/luftungsgitter-fondpassagiere-lancia-kappa\\\/\",\"name\":\"Bel\u00fcftungsgitter hinten Lancia Kappa - Turijnmagazijn\",\"isPartOf\":{\"@id\":\"https:\\\/\\\/turijnmagazijn.jumpstone-dev.nl\\\/#website\"},\"primaryImageOfPage\":{\"@id\":\"https:\\\/\\\/turijnmagazijn.nl\\\/de\\\/produkt\\\/luftungsgitter-fondpassagiere-lancia-kappa\\\/#primaryimage\"},\"image\":{\"@id\":\"https:\\\/\\\/turijnmagazijn.nl\\\/de\\\/produkt\\\/luftungsgitter-fondpassagiere-lancia-kappa\\\/#primaryimage\"},\"thumbnailUrl\":\"https:\\\/\\\/turijnmagazijn.nl\\\/wp-content\\\/uploads\\\/2023\\\/03\\\/DK00100966_Ventilatierooster_achterpassagiers_Lancia_Kappa_3.jpg\",\"datePublished\":\"2023-03-03T09:22:06+00:00\",\"dateModified\":\"2025-05-07T15:36:58+00:00\",\"breadcrumb\":{\"@id\":\"https:\\\/\\\/turijnmagazijn.nl\\\/de\\\/produkt\\\/luftungsgitter-fondpassagiere-lancia-kappa\\\/#breadcrumb\"},\"inLanguage\":\"de\",\"potentialAction\":[{\"@type\":\"ReadAction\",\"target\":[\"https:\\\/\\\/turijnmagazijn.nl\\\/de\\\/produkt\\\/luftungsgitter-fondpassagiere-lancia-kappa\\\/\"]}]},{\"@type\":\"ImageObject\",\"inLanguage\":\"de\",\"@id\":\"https:\\\/\\\/turijnmagazijn.nl\\\/de\\\/produkt\\\/luftungsgitter-fondpassagiere-lancia-kappa\\\/#primaryimage\",\"url\":\"https:\\\/\\\/turijnmagazijn.nl\\\/wp-content\\\/uploads\\\/2023\\\/03\\\/DK00100966_Ventilatierooster_achterpassagiers_Lancia_Kappa_3.jpg\",\"contentUrl\":\"https:\\\/\\\/turijnmagazijn.nl\\\/wp-content\\\/uploads\\\/2023\\\/03\\\/DK00100966_Ventilatierooster_achterpassagiers_Lancia_Kappa_3.jpg\",\"width\":800,\"height\":600},{\"@type\":\"BreadcrumbList\",\"@id\":\"https:\\\/\\\/turijnmagazijn.nl\\\/de\\\/produkt\\\/luftungsgitter-fondpassagiere-lancia-kappa\\\/#breadcrumb\",\"itemListElement\":[{\"@type\":\"ListItem\",\"position\":1,\"name\":\"Home\",\"item\":\"https:\\\/\\\/turijnmagazijn.nl\\\/de\\\/\"},{\"@type\":\"ListItem\",\"position\":2,\"name\":\"Produkte\",\"item\":\"https:\\\/\\\/turijnmagazijn.nl\\\/de\\\/shop\\\/\"},{\"@type\":\"ListItem\",\"position\":3,\"name\":\"Bel\u00fcftungsgitter hinten Lancia Kappa\"}]},{\"@type\":\"WebSite\",\"@id\":\"https:\\\/\\\/turijnmagazijn.jumpstone-dev.nl\\\/#website\",\"url\":\"https:\\\/\\\/turijnmagazijn.jumpstone-dev.nl\\\/\",\"name\":\"Turijnmagazijn\",\"description\":\"Onderdelen nieuw en gebruikt - Fiat &amp; Lancia\",\"publisher\":{\"@id\":\"https:\\\/\\\/turijnmagazijn.jumpstone-dev.nl\\\/#organization\"},\"potentialAction\":[{\"@type\":\"SearchAction\",\"target\":{\"@type\":\"EntryPoint\",\"urlTemplate\":\"https:\\\/\\\/turijnmagazijn.jumpstone-dev.nl\\\/?s={search_term_string}\"},\"query-input\":{\"@type\":\"PropertyValueSpecification\",\"valueRequired\":true,\"valueName\":\"search_term_string\"}}],\"inLanguage\":\"de\"},{\"@type\":\"Organization\",\"@id\":\"https:\\\/\\\/turijnmagazijn.jumpstone-dev.nl\\\/#organization\",\"name\":\"Turijnmagazijn\",\"url\":\"https:\\\/\\\/turijnmagazijn.jumpstone-dev.nl\\\/\",\"logo\":{\"@type\":\"ImageObject\",\"inLanguage\":\"de\",\"@id\":\"https:\\\/\\\/turijnmagazijn.jumpstone-dev.nl\\\/#\\\/schema\\\/logo\\\/image\\\/\",\"url\":\"https:\\\/\\\/turijnmagazijn.nl\\\/wp-content\\\/uploads\\\/2021\\\/02\\\/turijnmagazijnlogo.png\",\"contentUrl\":\"https:\\\/\\\/turijnmagazijn.nl\\\/wp-content\\\/uploads\\\/2021\\\/02\\\/turijnmagazijnlogo.png\",\"width\":555,\"height\":270,\"caption\":\"Turijnmagazijn\"},\"image\":{\"@id\":\"https:\\\/\\\/turijnmagazijn.jumpstone-dev.nl\\\/#\\\/schema\\\/logo\\\/image\\\/\"},\"sameAs\":[\"https:\\\/\\\/www.facebook.com\\\/turijnmagazijn\"]}]}<\/script>\n<!-- \/ Yoast SEO plugin. -->","yoast_head_json":{"title":"Bel\u00fcftungsgitter hinten Lancia Kappa - Turijnmagazijn","robots":{"index":"index","follow":"follow","max-snippet":"max-snippet:-1","max-image-preview":"max-image-preview:large","max-video-preview":"max-video-preview:-1"},"canonical":"https:\/\/turijnmagazijn.nl\/de\/produkt\/luftungsgitter-fondpassagiere-lancia-kappa\/","og_locale":"de_DE","og_type":"article","og_title":"Bel\u00fcftungsgitter hinten Lancia Kappa - Turijnmagazijn","og_description":"L\u00fcftungsgitter f\u00fcr die hinteren Passagiere Lancia Kappa - L\u00fcftungsgitter aus schwarzem Kunststoff f\u00fcr die Fondpassagiere f\u00fcr Lancia Kappa.L\u00fcftungsgitter f\u00fcr die Fondpassagiere Lancia Kappa - Gebrauchtes L\u00fcftungsgitter aus schwarzem Kunststoff f\u00fcr die Fondpassagiere f\u00fcr Lanc","og_url":"https:\/\/turijnmagazijn.nl\/de\/produkt\/luftungsgitter-fondpassagiere-lancia-kappa\/","og_site_name":"Turijnmagazijn","article_publisher":"https:\/\/www.facebook.com\/turijnmagazijn","article_modified_time":"2025-05-07T15:36:58+00:00","og_image":[{"width":800,"height":600,"url":"https:\/\/turijnmagazijn.nl\/wp-content\/uploads\/2023\/03\/DK00100966_Ventilatierooster_achterpassagiers_Lancia_Kappa_3.jpg","type":"image\/jpeg"}],"twitter_card":"summary_large_image","schema":{"@context":"https:\/\/schema.org","@graph":[{"@type":"WebPage","@id":"https:\/\/turijnmagazijn.nl\/de\/produkt\/luftungsgitter-fondpassagiere-lancia-kappa\/","url":"https:\/\/turijnmagazijn.nl\/de\/produkt\/luftungsgitter-fondpassagiere-lancia-kappa\/","name":"Bel\u00fcftungsgitter hinten Lancia Kappa - Turijnmagazijn","isPartOf":{"@id":"https:\/\/turijnmagazijn.jumpstone-dev.nl\/#website"},"primaryImageOfPage":{"@id":"https:\/\/turijnmagazijn.nl\/de\/produkt\/luftungsgitter-fondpassagiere-lancia-kappa\/#primaryimage"},"image":{"@id":"https:\/\/turijnmagazijn.nl\/de\/produkt\/luftungsgitter-fondpassagiere-lancia-kappa\/#primaryimage"},"thumbnailUrl":"https:\/\/turijnmagazijn.nl\/wp-content\/uploads\/2023\/03\/DK00100966_Ventilatierooster_achterpassagiers_Lancia_Kappa_3.jpg","datePublished":"2023-03-03T09:22:06+00:00","dateModified":"2025-05-07T15:36:58+00:00","breadcrumb":{"@id":"https:\/\/turijnmagazijn.nl\/de\/produkt\/luftungsgitter-fondpassagiere-lancia-kappa\/#breadcrumb"},"inLanguage":"de","potentialAction":[{"@type":"ReadAction","target":["https:\/\/turijnmagazijn.nl\/de\/produkt\/luftungsgitter-fondpassagiere-lancia-kappa\/"]}]},{"@type":"ImageObject","inLanguage":"de","@id":"https:\/\/turijnmagazijn.nl\/de\/produkt\/luftungsgitter-fondpassagiere-lancia-kappa\/#primaryimage","url":"https:\/\/turijnmagazijn.nl\/wp-content\/uploads\/2023\/03\/DK00100966_Ventilatierooster_achterpassagiers_Lancia_Kappa_3.jpg","contentUrl":"https:\/\/turijnmagazijn.nl\/wp-content\/uploads\/2023\/03\/DK00100966_Ventilatierooster_achterpassagiers_Lancia_Kappa_3.jpg","width":800,"height":600},{"@type":"BreadcrumbList","@id":"https:\/\/turijnmagazijn.nl\/de\/produkt\/luftungsgitter-fondpassagiere-lancia-kappa\/#breadcrumb","itemListElement":[{"@type":"ListItem","position":1,"name":"Home","item":"https:\/\/turijnmagazijn.nl\/de\/"},{"@type":"ListItem","position":2,"name":"Produkte","item":"https:\/\/turijnmagazijn.nl\/de\/shop\/"},{"@type":"ListItem","position":3,"name":"Bel\u00fcftungsgitter hinten Lancia Kappa"}]},{"@type":"WebSite","@id":"https:\/\/turijnmagazijn.jumpstone-dev.nl\/#website","url":"https:\/\/turijnmagazijn.jumpstone-dev.nl\/","name":"Turijnmagazijn","description":"Onderdelen nieuw en gebruikt - Fiat &amp; Lancia","publisher":{"@id":"https:\/\/turijnmagazijn.jumpstone-dev.nl\/#organization"},"potentialAction":[{"@type":"SearchAction","target":{"@type":"EntryPoint","urlTemplate":"https:\/\/turijnmagazijn.jumpstone-dev.nl\/?s={search_term_string}"},"query-input":{"@type":"PropertyValueSpecification","valueRequired":true,"valueName":"search_term_string"}}],"inLanguage":"de"},{"@type":"Organization","@id":"https:\/\/turijnmagazijn.jumpstone-dev.nl\/#organization","name":"Turijnmagazijn","url":"https:\/\/turijnmagazijn.jumpstone-dev.nl\/","logo":{"@type":"ImageObject","inLanguage":"de","@id":"https:\/\/turijnmagazijn.jumpstone-dev.nl\/#\/schema\/logo\/image\/","url":"https:\/\/turijnmagazijn.nl\/wp-content\/uploads\/2021\/02\/turijnmagazijnlogo.png","contentUrl":"https:\/\/turijnmagazijn.nl\/wp-content\/uploads\/2021\/02\/turijnmagazijnlogo.png","width":555,"height":270,"caption":"Turijnmagazijn"},"image":{"@id":"https:\/\/turijnmagazijn.jumpstone-dev.nl\/#\/schema\/logo\/image\/"},"sameAs":["https:\/\/www.facebook.com\/turijnmagazijn"]}]}},"_links":{"self":[{"href":"https:\/\/turijnmagazijn.nl\/de\/wp-json\/wp\/v2\/product\/67353","targetHints":{"allow":["GET"]}}],"collection":[{"href":"https:\/\/turijnmagazijn.nl\/de\/wp-json\/wp\/v2\/product"}],"about":[{"href":"https:\/\/turijnmagazijn.nl\/de\/wp-json\/wp\/v2\/types\/product"}],"replies":[{"embeddable":true,"href":"https:\/\/turijnmagazijn.nl\/de\/wp-json\/wp\/v2\/comments?post=67353"}],"wp:featuredmedia":[{"embeddable":true,"href":"https:\/\/turijnmagazijn.nl\/de\/wp-json\/wp\/v2\/media\/56957"}],"wp:attachment":[{"href":"https:\/\/turijnmagazijn.nl\/de\/wp-json\/wp\/v2\/media?parent=67353"}],"wp:term":[{"taxonomy":"product_brand","embeddable":true,"href":"https:\/\/turijnmagazijn.nl\/de\/wp-json\/wp\/v2\/product_brand?post=67353"},{"taxonomy":"product_cat","embeddable":true,"href":"https:\/\/turijnmagazijn.nl\/de\/wp-json\/wp\/v2\/product_cat?post=67353"},{"taxonomy":"product_tag","embeddable":true,"href":"https:\/\/turijnmagazijn.nl\/de\/wp-json\/wp\/v2\/product_tag?post=67353"}],"curies":[{"name":"wp","href":"https:\/\/api.w.org\/{rel}","templated":true}]}}