{"id":67445,"date":"2023-03-03T09:23:46","date_gmt":"2023-03-03T08:23:46","guid":{"rendered":"https:\/\/turijnmagazijn.nl\/product\/klimarohr-lancia-kappa-zwischen-ofengehaeuse-und-anschluss\/"},"modified":"2023-08-17T11:48:50","modified_gmt":"2023-08-17T09:48:50","slug":"klimaanlage-lancia-kappa-zwischen-ofen-haus-und-anschluss","status":"publish","type":"product","link":"https:\/\/turijnmagazijn.nl\/de\/produkt\/klimaanlage-lancia-kappa-zwischen-ofen-haus-und-anschluss\/","title":{"rendered":"Klimarohr Lancia Kappa zwischen Ofengeh\u00e4use und Anschluss"},"content":{"rendered":"<p>Gebrauchtes Klimarohr in gutem Zustand f\u00fcr Lancia Kappa.Dieses Aluminium-Klimarohr mit schwarzem Finish ist f\u00fcr die Kappas bestimmt, die mit dem teilbaren Rohr zwischen Trockner und Ofengeh\u00e4use ausgestattet sind. Dieses Rohr ist f\u00fcr die Verbindung zwischen dem Ofengeh\u00e4use und der Verbindung auf halbem Weg zum Trockner vorgesehen. Nummer 21 auf der technischen Zeichnung. OEM Lancia 46464721<\/p>\n","protected":false},"excerpt":{"rendered":"<p>46464721 Klimaanlagenrohr Lancia Kappa zwischen Trockner und Ofenhaus &#8211; Gebrauchtes Klimaanlagenrohr in gutem Zustand f\u00fcr Lancia Kappa.Klimaanlagenrohr Lancia Kappa zwischen Ofengeh\u00e4use und Anschluss &#8211; Gebrauchtes Klimaanlagenrohr in gutem Zustand f\u00fcr Lancia Kappa.<\/p>\n","protected":false},"featured_media":57368,"comment_status":"closed","ping_status":"closed","template":"","meta":{"_acf_changed":false},"product_brand":[],"product_cat":[1864,1859,1797],"product_tag":[],"class_list":{"0":"post-67445","1":"product","2":"type-product","3":"status-publish","4":"has-post-thumbnail","6":"product_cat-berlina-de","7":"product_cat-kappa-838-de","8":"product_cat-lancia-de","9":"pa_soort-onderdeel-andere-autoteile","10":"pa_soort-onderdeel-dashboard-und-schalter","11":"pa_soort-onderdeel-klimaanlage-und-heizung","13":"first","14":"instock","15":"shipping-taxable","16":"purchasable","17":"product-type-simple"},"acf":[],"yoast_head":"<!-- This site is optimized with the Yoast SEO plugin v27.3 - https:\/\/yoast.com\/product\/yoast-seo-wordpress\/ -->\n<title>Klimarohr Lancia Kappa zwischen Ofengeh\u00e4use und Anschluss - Turijnmagazijn<\/title>\n<meta name=\"robots\" content=\"index, follow, max-snippet:-1, max-image-preview:large, max-video-preview:-1\" \/>\n<link rel=\"canonical\" href=\"https:\/\/turijnmagazijn.nl\/de\/produkt\/klimaanlage-lancia-kappa-zwischen-ofen-haus-und-anschluss\/\" \/>\n<meta property=\"og:locale\" content=\"de_DE\" \/>\n<meta property=\"og:type\" content=\"article\" \/>\n<meta property=\"og:title\" content=\"Klimarohr Lancia Kappa zwischen Ofengeh\u00e4use und Anschluss - Turijnmagazijn\" \/>\n<meta property=\"og:description\" content=\"46464721 Klimaanlagenrohr Lancia Kappa zwischen Trockner und Ofenhaus - Gebrauchtes Klimaanlagenrohr in gutem Zustand f\u00fcr Lancia Kappa.Klimaanlagenrohr Lancia Kappa zwischen Ofengeh\u00e4use und Anschluss - Gebrauchtes Klimaanlagenrohr in gutem Zustand f\u00fcr Lancia Kappa.\" \/>\n<meta property=\"og:url\" content=\"https:\/\/turijnmagazijn.nl\/de\/produkt\/klimaanlage-lancia-kappa-zwischen-ofen-haus-und-anschluss\/\" \/>\n<meta property=\"og:site_name\" content=\"Turijnmagazijn\" \/>\n<meta property=\"article:publisher\" content=\"https:\/\/www.facebook.com\/turijnmagazijn\" \/>\n<meta property=\"article:modified_time\" content=\"2023-08-17T09:48:50+00:00\" \/>\n<meta property=\"og:image\" content=\"https:\/\/turijnmagazijn.nl\/wp-content\/uploads\/2023\/03\/DK00102525-Aircoleiding-Lancia-Kappa-tussen-kachelhuis-en-verbinding-4.jpg\" \/>\n\t<meta property=\"og:image:width\" content=\"1024\" \/>\n\t<meta property=\"og:image:height\" content=\"768\" \/>\n\t<meta property=\"og:image:type\" content=\"image\/jpeg\" \/>\n<meta name=\"twitter:card\" content=\"summary_large_image\" \/>\n<script type=\"application\/ld+json\" class=\"yoast-schema-graph\">{\"@context\":\"https:\\\/\\\/schema.org\",\"@graph\":[{\"@type\":\"WebPage\",\"@id\":\"https:\\\/\\\/turijnmagazijn.nl\\\/de\\\/produkt\\\/klimaanlage-lancia-kappa-zwischen-ofen-haus-und-anschluss\\\/\",\"url\":\"https:\\\/\\\/turijnmagazijn.nl\\\/de\\\/produkt\\\/klimaanlage-lancia-kappa-zwischen-ofen-haus-und-anschluss\\\/\",\"name\":\"Klimarohr Lancia Kappa zwischen Ofengeh\u00e4use und Anschluss - Turijnmagazijn\",\"isPartOf\":{\"@id\":\"https:\\\/\\\/turijnmagazijn.jumpstone-dev.nl\\\/#website\"},\"primaryImageOfPage\":{\"@id\":\"https:\\\/\\\/turijnmagazijn.nl\\\/de\\\/produkt\\\/klimaanlage-lancia-kappa-zwischen-ofen-haus-und-anschluss\\\/#primaryimage\"},\"image\":{\"@id\":\"https:\\\/\\\/turijnmagazijn.nl\\\/de\\\/produkt\\\/klimaanlage-lancia-kappa-zwischen-ofen-haus-und-anschluss\\\/#primaryimage\"},\"thumbnailUrl\":\"https:\\\/\\\/turijnmagazijn.nl\\\/wp-content\\\/uploads\\\/2023\\\/03\\\/DK00102525-Aircoleiding-Lancia-Kappa-tussen-kachelhuis-en-verbinding-4.jpg\",\"datePublished\":\"2023-03-03T08:23:46+00:00\",\"dateModified\":\"2023-08-17T09:48:50+00:00\",\"breadcrumb\":{\"@id\":\"https:\\\/\\\/turijnmagazijn.nl\\\/de\\\/produkt\\\/klimaanlage-lancia-kappa-zwischen-ofen-haus-und-anschluss\\\/#breadcrumb\"},\"inLanguage\":\"de\",\"potentialAction\":[{\"@type\":\"ReadAction\",\"target\":[\"https:\\\/\\\/turijnmagazijn.nl\\\/de\\\/produkt\\\/klimaanlage-lancia-kappa-zwischen-ofen-haus-und-anschluss\\\/\"]}]},{\"@type\":\"ImageObject\",\"inLanguage\":\"de\",\"@id\":\"https:\\\/\\\/turijnmagazijn.nl\\\/de\\\/produkt\\\/klimaanlage-lancia-kappa-zwischen-ofen-haus-und-anschluss\\\/#primaryimage\",\"url\":\"https:\\\/\\\/turijnmagazijn.nl\\\/wp-content\\\/uploads\\\/2023\\\/03\\\/DK00102525-Aircoleiding-Lancia-Kappa-tussen-kachelhuis-en-verbinding-4.jpg\",\"contentUrl\":\"https:\\\/\\\/turijnmagazijn.nl\\\/wp-content\\\/uploads\\\/2023\\\/03\\\/DK00102525-Aircoleiding-Lancia-Kappa-tussen-kachelhuis-en-verbinding-4.jpg\",\"width\":1024,\"height\":768},{\"@type\":\"BreadcrumbList\",\"@id\":\"https:\\\/\\\/turijnmagazijn.nl\\\/de\\\/produkt\\\/klimaanlage-lancia-kappa-zwischen-ofen-haus-und-anschluss\\\/#breadcrumb\",\"itemListElement\":[{\"@type\":\"ListItem\",\"position\":1,\"name\":\"Home\",\"item\":\"https:\\\/\\\/turijnmagazijn.nl\\\/de\\\/\"},{\"@type\":\"ListItem\",\"position\":2,\"name\":\"Produkte\",\"item\":\"https:\\\/\\\/turijnmagazijn.nl\\\/de\\\/shop\\\/\"},{\"@type\":\"ListItem\",\"position\":3,\"name\":\"Klimarohr Lancia Kappa zwischen Ofengeh\u00e4use und Anschluss\"}]},{\"@type\":\"WebSite\",\"@id\":\"https:\\\/\\\/turijnmagazijn.jumpstone-dev.nl\\\/#website\",\"url\":\"https:\\\/\\\/turijnmagazijn.jumpstone-dev.nl\\\/\",\"name\":\"Turijnmagazijn\",\"description\":\"Onderdelen nieuw en gebruikt - Fiat &amp; Lancia\",\"publisher\":{\"@id\":\"https:\\\/\\\/turijnmagazijn.jumpstone-dev.nl\\\/#organization\"},\"potentialAction\":[{\"@type\":\"SearchAction\",\"target\":{\"@type\":\"EntryPoint\",\"urlTemplate\":\"https:\\\/\\\/turijnmagazijn.jumpstone-dev.nl\\\/?s={search_term_string}\"},\"query-input\":{\"@type\":\"PropertyValueSpecification\",\"valueRequired\":true,\"valueName\":\"search_term_string\"}}],\"inLanguage\":\"de\"},{\"@type\":\"Organization\",\"@id\":\"https:\\\/\\\/turijnmagazijn.jumpstone-dev.nl\\\/#organization\",\"name\":\"Turijnmagazijn\",\"url\":\"https:\\\/\\\/turijnmagazijn.jumpstone-dev.nl\\\/\",\"logo\":{\"@type\":\"ImageObject\",\"inLanguage\":\"de\",\"@id\":\"https:\\\/\\\/turijnmagazijn.jumpstone-dev.nl\\\/#\\\/schema\\\/logo\\\/image\\\/\",\"url\":\"https:\\\/\\\/turijnmagazijn.nl\\\/wp-content\\\/uploads\\\/2021\\\/02\\\/turijnmagazijnlogo.png\",\"contentUrl\":\"https:\\\/\\\/turijnmagazijn.nl\\\/wp-content\\\/uploads\\\/2021\\\/02\\\/turijnmagazijnlogo.png\",\"width\":555,\"height\":270,\"caption\":\"Turijnmagazijn\"},\"image\":{\"@id\":\"https:\\\/\\\/turijnmagazijn.jumpstone-dev.nl\\\/#\\\/schema\\\/logo\\\/image\\\/\"},\"sameAs\":[\"https:\\\/\\\/www.facebook.com\\\/turijnmagazijn\"]}]}<\/script>\n<!-- \/ Yoast SEO plugin. -->","yoast_head_json":{"title":"Klimarohr Lancia Kappa zwischen Ofengeh\u00e4use und Anschluss - Turijnmagazijn","robots":{"index":"index","follow":"follow","max-snippet":"max-snippet:-1","max-image-preview":"max-image-preview:large","max-video-preview":"max-video-preview:-1"},"canonical":"https:\/\/turijnmagazijn.nl\/de\/produkt\/klimaanlage-lancia-kappa-zwischen-ofen-haus-und-anschluss\/","og_locale":"de_DE","og_type":"article","og_title":"Klimarohr Lancia Kappa zwischen Ofengeh\u00e4use und Anschluss - Turijnmagazijn","og_description":"46464721 Klimaanlagenrohr Lancia Kappa zwischen Trockner und Ofenhaus - Gebrauchtes Klimaanlagenrohr in gutem Zustand f\u00fcr Lancia Kappa.Klimaanlagenrohr Lancia Kappa zwischen Ofengeh\u00e4use und Anschluss - Gebrauchtes Klimaanlagenrohr in gutem Zustand f\u00fcr Lancia Kappa.","og_url":"https:\/\/turijnmagazijn.nl\/de\/produkt\/klimaanlage-lancia-kappa-zwischen-ofen-haus-und-anschluss\/","og_site_name":"Turijnmagazijn","article_publisher":"https:\/\/www.facebook.com\/turijnmagazijn","article_modified_time":"2023-08-17T09:48:50+00:00","og_image":[{"width":1024,"height":768,"url":"https:\/\/turijnmagazijn.nl\/wp-content\/uploads\/2023\/03\/DK00102525-Aircoleiding-Lancia-Kappa-tussen-kachelhuis-en-verbinding-4.jpg","type":"image\/jpeg"}],"twitter_card":"summary_large_image","schema":{"@context":"https:\/\/schema.org","@graph":[{"@type":"WebPage","@id":"https:\/\/turijnmagazijn.nl\/de\/produkt\/klimaanlage-lancia-kappa-zwischen-ofen-haus-und-anschluss\/","url":"https:\/\/turijnmagazijn.nl\/de\/produkt\/klimaanlage-lancia-kappa-zwischen-ofen-haus-und-anschluss\/","name":"Klimarohr Lancia Kappa zwischen Ofengeh\u00e4use und Anschluss - Turijnmagazijn","isPartOf":{"@id":"https:\/\/turijnmagazijn.jumpstone-dev.nl\/#website"},"primaryImageOfPage":{"@id":"https:\/\/turijnmagazijn.nl\/de\/produkt\/klimaanlage-lancia-kappa-zwischen-ofen-haus-und-anschluss\/#primaryimage"},"image":{"@id":"https:\/\/turijnmagazijn.nl\/de\/produkt\/klimaanlage-lancia-kappa-zwischen-ofen-haus-und-anschluss\/#primaryimage"},"thumbnailUrl":"https:\/\/turijnmagazijn.nl\/wp-content\/uploads\/2023\/03\/DK00102525-Aircoleiding-Lancia-Kappa-tussen-kachelhuis-en-verbinding-4.jpg","datePublished":"2023-03-03T08:23:46+00:00","dateModified":"2023-08-17T09:48:50+00:00","breadcrumb":{"@id":"https:\/\/turijnmagazijn.nl\/de\/produkt\/klimaanlage-lancia-kappa-zwischen-ofen-haus-und-anschluss\/#breadcrumb"},"inLanguage":"de","potentialAction":[{"@type":"ReadAction","target":["https:\/\/turijnmagazijn.nl\/de\/produkt\/klimaanlage-lancia-kappa-zwischen-ofen-haus-und-anschluss\/"]}]},{"@type":"ImageObject","inLanguage":"de","@id":"https:\/\/turijnmagazijn.nl\/de\/produkt\/klimaanlage-lancia-kappa-zwischen-ofen-haus-und-anschluss\/#primaryimage","url":"https:\/\/turijnmagazijn.nl\/wp-content\/uploads\/2023\/03\/DK00102525-Aircoleiding-Lancia-Kappa-tussen-kachelhuis-en-verbinding-4.jpg","contentUrl":"https:\/\/turijnmagazijn.nl\/wp-content\/uploads\/2023\/03\/DK00102525-Aircoleiding-Lancia-Kappa-tussen-kachelhuis-en-verbinding-4.jpg","width":1024,"height":768},{"@type":"BreadcrumbList","@id":"https:\/\/turijnmagazijn.nl\/de\/produkt\/klimaanlage-lancia-kappa-zwischen-ofen-haus-und-anschluss\/#breadcrumb","itemListElement":[{"@type":"ListItem","position":1,"name":"Home","item":"https:\/\/turijnmagazijn.nl\/de\/"},{"@type":"ListItem","position":2,"name":"Produkte","item":"https:\/\/turijnmagazijn.nl\/de\/shop\/"},{"@type":"ListItem","position":3,"name":"Klimarohr Lancia Kappa zwischen Ofengeh\u00e4use und Anschluss"}]},{"@type":"WebSite","@id":"https:\/\/turijnmagazijn.jumpstone-dev.nl\/#website","url":"https:\/\/turijnmagazijn.jumpstone-dev.nl\/","name":"Turijnmagazijn","description":"Onderdelen nieuw en gebruikt - Fiat &amp; Lancia","publisher":{"@id":"https:\/\/turijnmagazijn.jumpstone-dev.nl\/#organization"},"potentialAction":[{"@type":"SearchAction","target":{"@type":"EntryPoint","urlTemplate":"https:\/\/turijnmagazijn.jumpstone-dev.nl\/?s={search_term_string}"},"query-input":{"@type":"PropertyValueSpecification","valueRequired":true,"valueName":"search_term_string"}}],"inLanguage":"de"},{"@type":"Organization","@id":"https:\/\/turijnmagazijn.jumpstone-dev.nl\/#organization","name":"Turijnmagazijn","url":"https:\/\/turijnmagazijn.jumpstone-dev.nl\/","logo":{"@type":"ImageObject","inLanguage":"de","@id":"https:\/\/turijnmagazijn.jumpstone-dev.nl\/#\/schema\/logo\/image\/","url":"https:\/\/turijnmagazijn.nl\/wp-content\/uploads\/2021\/02\/turijnmagazijnlogo.png","contentUrl":"https:\/\/turijnmagazijn.nl\/wp-content\/uploads\/2021\/02\/turijnmagazijnlogo.png","width":555,"height":270,"caption":"Turijnmagazijn"},"image":{"@id":"https:\/\/turijnmagazijn.jumpstone-dev.nl\/#\/schema\/logo\/image\/"},"sameAs":["https:\/\/www.facebook.com\/turijnmagazijn"]}]}},"_links":{"self":[{"href":"https:\/\/turijnmagazijn.nl\/de\/wp-json\/wp\/v2\/product\/67445","targetHints":{"allow":["GET"]}}],"collection":[{"href":"https:\/\/turijnmagazijn.nl\/de\/wp-json\/wp\/v2\/product"}],"about":[{"href":"https:\/\/turijnmagazijn.nl\/de\/wp-json\/wp\/v2\/types\/product"}],"replies":[{"embeddable":true,"href":"https:\/\/turijnmagazijn.nl\/de\/wp-json\/wp\/v2\/comments?post=67445"}],"wp:featuredmedia":[{"embeddable":true,"href":"https:\/\/turijnmagazijn.nl\/de\/wp-json\/wp\/v2\/media\/57368"}],"wp:attachment":[{"href":"https:\/\/turijnmagazijn.nl\/de\/wp-json\/wp\/v2\/media?parent=67445"}],"wp:term":[{"taxonomy":"product_brand","embeddable":true,"href":"https:\/\/turijnmagazijn.nl\/de\/wp-json\/wp\/v2\/product_brand?post=67445"},{"taxonomy":"product_cat","embeddable":true,"href":"https:\/\/turijnmagazijn.nl\/de\/wp-json\/wp\/v2\/product_cat?post=67445"},{"taxonomy":"product_tag","embeddable":true,"href":"https:\/\/turijnmagazijn.nl\/de\/wp-json\/wp\/v2\/product_tag?post=67445"}],"curies":[{"name":"wp","href":"https:\/\/api.w.org\/{rel}","templated":true}]}}