{"id":67452,"date":"2023-03-03T10:23:16","date_gmt":"2023-03-03T09:23:16","guid":{"rendered":"https:\/\/turijnmagazijn.nl\/product\/ecu-motorsteuerungsrechner-fiat-uno-1-3-turbo-d-h-betrieb-unbekannt\/"},"modified":"2023-08-10T21:01:35","modified_gmt":"2023-08-10T19:01:35","slug":"steuergerat-motor-management-computer-fiat-uno-1-3-turbo-i-e-betrieb-unbekannt","status":"publish","type":"product","link":"https:\/\/turijnmagazijn.nl\/de\/produkt\/steuergerat-motor-management-computer-fiat-uno-1-3-turbo-i-e-betrieb-unbekannt\/","title":{"rendered":"ECU Motorsteuerungsrechner Fiat Uno 1.3 Turbo d.h. Betrieb unbekannt-"},"content":{"rendered":"<p>Gebrauchter ECU-Motormanagement-Computer zur Steuerung der Einspritzung. Z\u00fcnd- und Leerlaufregelung f\u00fcr Fiat Uno mit 1.3 Turbobenziner. Das Aggregat funktioniert gut und stammt von einem Uno 1.3 Turbo, d.h. 105 PS, Baujahr 1988, geeignet f\u00fcr ein Fahrzeug ohne Katalysator.<\/p>\n<p>Das Bosch-Modul ist eine schwarze Aluminiumbox mit drei Schraubenl\u00f6chern und einem mehrpoligen Stecker. Komplett mit einer kabelgebundenen Sonde. Es sieht so aus, als ob dieses Ger\u00e4t ge\u00f6ffnet wurde. Die Klemmen, die den Deckel halten, sind aufgebogen. Der Produktpreis ber\u00fccksichtigt ein Steuerger\u00e4t, das nur f\u00fcr Teile verwendet werden kann. Gehen Sie also davon aus, dass der Computer nicht funktioniert. Es besteht jedoch eine gute Chance, dass der Computer einfach funktioniert. Tolle Gelegenheit f\u00fcr den T\u00fcftler.<\/p>\n<p>Inschriften auf dem Ger\u00e4t:<br \/>\nBosch<br \/>\n0 280 000 336<br \/>\nHergestellt in Deutschland<\/p>\n<p>OEM-Nummer Fiat 7539895<\/p>\n","protected":false},"excerpt":{"rendered":"<p>ECU Motormanagement Fiat Uno Turbo &#8211; ECU Motormanagement-Computer zur Steuerung der Einspritzung. Z\u00fcndung und Leerlaufregelung f\u00fcr Fiat Uno mit Turbobenziner. ECU Motormanagement Fiat Uno 1.3 Turbo &#8211; ECU Motormanagement Computer f\u00fcr den aa<\/p>\n","protected":false},"featured_media":57300,"comment_status":"closed","ping_status":"closed","template":"","meta":{"_acf_changed":false},"product_brand":[],"product_cat":[1689,1785],"product_tag":[],"class_list":{"0":"post-67452","1":"product","2":"type-product","3":"status-publish","4":"has-post-thumbnail","6":"product_cat-fiat-de","7":"product_cat-uno-1-146-de","8":"pa_soort-onderdeel-andere-autoteile","9":"pa_soort-onderdeel-motor-und-zubehor","11":"first","12":"instock","13":"shipping-taxable","14":"purchasable","15":"product-type-simple"},"acf":[],"yoast_head":"<!-- This site is optimized with the Yoast SEO plugin v27.3 - https:\/\/yoast.com\/product\/yoast-seo-wordpress\/ -->\n<title>ECU Motorsteuerungsrechner Fiat Uno 1.3 Turbo d.h. Betrieb unbekannt- Turijnmagazijn<\/title>\n<meta name=\"robots\" content=\"index, follow, max-snippet:-1, max-image-preview:large, max-video-preview:-1\" \/>\n<link rel=\"canonical\" href=\"https:\/\/turijnmagazijn.nl\/de\/produkt\/steuergerat-motor-management-computer-fiat-uno-1-3-turbo-i-e-betrieb-unbekannt\/\" \/>\n<meta property=\"og:locale\" content=\"de_DE\" \/>\n<meta property=\"og:type\" content=\"article\" \/>\n<meta property=\"og:title\" content=\"ECU Motorsteuerungsrechner Fiat Uno 1.3 Turbo d.h. Betrieb unbekannt- Turijnmagazijn\" \/>\n<meta property=\"og:description\" content=\"ECU Motormanagement Fiat Uno Turbo - ECU Motormanagement-Computer zur Steuerung der Einspritzung. Z\u00fcndung und Leerlaufregelung f\u00fcr Fiat Uno mit Turbobenziner. ECU Motormanagement Fiat Uno 1.3 Turbo - ECU Motormanagement Computer f\u00fcr den aa\" \/>\n<meta property=\"og:url\" content=\"https:\/\/turijnmagazijn.nl\/de\/produkt\/steuergerat-motor-management-computer-fiat-uno-1-3-turbo-i-e-betrieb-unbekannt\/\" \/>\n<meta property=\"og:site_name\" content=\"Turijnmagazijn\" \/>\n<meta property=\"article:publisher\" content=\"https:\/\/www.facebook.com\/turijnmagazijn\" \/>\n<meta property=\"article:modified_time\" content=\"2023-08-10T19:01:35+00:00\" \/>\n<meta property=\"og:image\" content=\"https:\/\/turijnmagazijn.nl\/wp-content\/uploads\/2023\/03\/DK00102517-ECU-Motormanagement-Fiat-Uno-1.3-Turbo-i.e.-werking-onbekend-2.jpg\" \/>\n\t<meta property=\"og:image:width\" content=\"1024\" \/>\n\t<meta property=\"og:image:height\" content=\"768\" \/>\n\t<meta property=\"og:image:type\" content=\"image\/jpeg\" \/>\n<meta name=\"twitter:card\" content=\"summary_large_image\" \/>\n<meta name=\"twitter:label1\" content=\"Gesch\u00e4tzte Lesezeit\" \/>\n\t<meta name=\"twitter:data1\" content=\"1\u00a0Minute\" \/>\n<script type=\"application\/ld+json\" class=\"yoast-schema-graph\">{\"@context\":\"https:\\\/\\\/schema.org\",\"@graph\":[{\"@type\":\"WebPage\",\"@id\":\"https:\\\/\\\/turijnmagazijn.nl\\\/de\\\/produkt\\\/steuergerat-motor-management-computer-fiat-uno-1-3-turbo-i-e-betrieb-unbekannt\\\/\",\"url\":\"https:\\\/\\\/turijnmagazijn.nl\\\/de\\\/produkt\\\/steuergerat-motor-management-computer-fiat-uno-1-3-turbo-i-e-betrieb-unbekannt\\\/\",\"name\":\"ECU Motorsteuerungsrechner Fiat Uno 1.3 Turbo d.h. Betrieb unbekannt- Turijnmagazijn\",\"isPartOf\":{\"@id\":\"https:\\\/\\\/turijnmagazijn.jumpstone-dev.nl\\\/#website\"},\"primaryImageOfPage\":{\"@id\":\"https:\\\/\\\/turijnmagazijn.nl\\\/de\\\/produkt\\\/steuergerat-motor-management-computer-fiat-uno-1-3-turbo-i-e-betrieb-unbekannt\\\/#primaryimage\"},\"image\":{\"@id\":\"https:\\\/\\\/turijnmagazijn.nl\\\/de\\\/produkt\\\/steuergerat-motor-management-computer-fiat-uno-1-3-turbo-i-e-betrieb-unbekannt\\\/#primaryimage\"},\"thumbnailUrl\":\"https:\\\/\\\/turijnmagazijn.nl\\\/wp-content\\\/uploads\\\/2023\\\/03\\\/DK00102517-ECU-Motormanagement-Fiat-Uno-1.3-Turbo-i.e.-werking-onbekend-2.jpg\",\"datePublished\":\"2023-03-03T09:23:16+00:00\",\"dateModified\":\"2023-08-10T19:01:35+00:00\",\"breadcrumb\":{\"@id\":\"https:\\\/\\\/turijnmagazijn.nl\\\/de\\\/produkt\\\/steuergerat-motor-management-computer-fiat-uno-1-3-turbo-i-e-betrieb-unbekannt\\\/#breadcrumb\"},\"inLanguage\":\"de\",\"potentialAction\":[{\"@type\":\"ReadAction\",\"target\":[\"https:\\\/\\\/turijnmagazijn.nl\\\/de\\\/produkt\\\/steuergerat-motor-management-computer-fiat-uno-1-3-turbo-i-e-betrieb-unbekannt\\\/\"]}]},{\"@type\":\"ImageObject\",\"inLanguage\":\"de\",\"@id\":\"https:\\\/\\\/turijnmagazijn.nl\\\/de\\\/produkt\\\/steuergerat-motor-management-computer-fiat-uno-1-3-turbo-i-e-betrieb-unbekannt\\\/#primaryimage\",\"url\":\"https:\\\/\\\/turijnmagazijn.nl\\\/wp-content\\\/uploads\\\/2023\\\/03\\\/DK00102517-ECU-Motormanagement-Fiat-Uno-1.3-Turbo-i.e.-werking-onbekend-2.jpg\",\"contentUrl\":\"https:\\\/\\\/turijnmagazijn.nl\\\/wp-content\\\/uploads\\\/2023\\\/03\\\/DK00102517-ECU-Motormanagement-Fiat-Uno-1.3-Turbo-i.e.-werking-onbekend-2.jpg\",\"width\":1024,\"height\":768},{\"@type\":\"BreadcrumbList\",\"@id\":\"https:\\\/\\\/turijnmagazijn.nl\\\/de\\\/produkt\\\/steuergerat-motor-management-computer-fiat-uno-1-3-turbo-i-e-betrieb-unbekannt\\\/#breadcrumb\",\"itemListElement\":[{\"@type\":\"ListItem\",\"position\":1,\"name\":\"Home\",\"item\":\"https:\\\/\\\/turijnmagazijn.nl\\\/de\\\/\"},{\"@type\":\"ListItem\",\"position\":2,\"name\":\"Produkte\",\"item\":\"https:\\\/\\\/turijnmagazijn.nl\\\/de\\\/shop\\\/\"},{\"@type\":\"ListItem\",\"position\":3,\"name\":\"ECU Motorsteuerungsrechner Fiat Uno 1.3 Turbo d.h. Betrieb unbekannt-\"}]},{\"@type\":\"WebSite\",\"@id\":\"https:\\\/\\\/turijnmagazijn.jumpstone-dev.nl\\\/#website\",\"url\":\"https:\\\/\\\/turijnmagazijn.jumpstone-dev.nl\\\/\",\"name\":\"Turijnmagazijn\",\"description\":\"Onderdelen nieuw en gebruikt - Fiat &amp; Lancia\",\"publisher\":{\"@id\":\"https:\\\/\\\/turijnmagazijn.jumpstone-dev.nl\\\/#organization\"},\"potentialAction\":[{\"@type\":\"SearchAction\",\"target\":{\"@type\":\"EntryPoint\",\"urlTemplate\":\"https:\\\/\\\/turijnmagazijn.jumpstone-dev.nl\\\/?s={search_term_string}\"},\"query-input\":{\"@type\":\"PropertyValueSpecification\",\"valueRequired\":true,\"valueName\":\"search_term_string\"}}],\"inLanguage\":\"de\"},{\"@type\":\"Organization\",\"@id\":\"https:\\\/\\\/turijnmagazijn.jumpstone-dev.nl\\\/#organization\",\"name\":\"Turijnmagazijn\",\"url\":\"https:\\\/\\\/turijnmagazijn.jumpstone-dev.nl\\\/\",\"logo\":{\"@type\":\"ImageObject\",\"inLanguage\":\"de\",\"@id\":\"https:\\\/\\\/turijnmagazijn.jumpstone-dev.nl\\\/#\\\/schema\\\/logo\\\/image\\\/\",\"url\":\"https:\\\/\\\/turijnmagazijn.nl\\\/wp-content\\\/uploads\\\/2021\\\/02\\\/turijnmagazijnlogo.png\",\"contentUrl\":\"https:\\\/\\\/turijnmagazijn.nl\\\/wp-content\\\/uploads\\\/2021\\\/02\\\/turijnmagazijnlogo.png\",\"width\":555,\"height\":270,\"caption\":\"Turijnmagazijn\"},\"image\":{\"@id\":\"https:\\\/\\\/turijnmagazijn.jumpstone-dev.nl\\\/#\\\/schema\\\/logo\\\/image\\\/\"},\"sameAs\":[\"https:\\\/\\\/www.facebook.com\\\/turijnmagazijn\"]}]}<\/script>\n<!-- \/ Yoast SEO plugin. -->","yoast_head_json":{"title":"ECU Motorsteuerungsrechner Fiat Uno 1.3 Turbo d.h. Betrieb unbekannt- Turijnmagazijn","robots":{"index":"index","follow":"follow","max-snippet":"max-snippet:-1","max-image-preview":"max-image-preview:large","max-video-preview":"max-video-preview:-1"},"canonical":"https:\/\/turijnmagazijn.nl\/de\/produkt\/steuergerat-motor-management-computer-fiat-uno-1-3-turbo-i-e-betrieb-unbekannt\/","og_locale":"de_DE","og_type":"article","og_title":"ECU Motorsteuerungsrechner Fiat Uno 1.3 Turbo d.h. Betrieb unbekannt- Turijnmagazijn","og_description":"ECU Motormanagement Fiat Uno Turbo - ECU Motormanagement-Computer zur Steuerung der Einspritzung. Z\u00fcndung und Leerlaufregelung f\u00fcr Fiat Uno mit Turbobenziner. ECU Motormanagement Fiat Uno 1.3 Turbo - ECU Motormanagement Computer f\u00fcr den aa","og_url":"https:\/\/turijnmagazijn.nl\/de\/produkt\/steuergerat-motor-management-computer-fiat-uno-1-3-turbo-i-e-betrieb-unbekannt\/","og_site_name":"Turijnmagazijn","article_publisher":"https:\/\/www.facebook.com\/turijnmagazijn","article_modified_time":"2023-08-10T19:01:35+00:00","og_image":[{"width":1024,"height":768,"url":"https:\/\/turijnmagazijn.nl\/wp-content\/uploads\/2023\/03\/DK00102517-ECU-Motormanagement-Fiat-Uno-1.3-Turbo-i.e.-werking-onbekend-2.jpg","type":"image\/jpeg"}],"twitter_card":"summary_large_image","twitter_misc":{"Gesch\u00e4tzte Lesezeit":"1\u00a0Minute"},"schema":{"@context":"https:\/\/schema.org","@graph":[{"@type":"WebPage","@id":"https:\/\/turijnmagazijn.nl\/de\/produkt\/steuergerat-motor-management-computer-fiat-uno-1-3-turbo-i-e-betrieb-unbekannt\/","url":"https:\/\/turijnmagazijn.nl\/de\/produkt\/steuergerat-motor-management-computer-fiat-uno-1-3-turbo-i-e-betrieb-unbekannt\/","name":"ECU Motorsteuerungsrechner Fiat Uno 1.3 Turbo d.h. Betrieb unbekannt- Turijnmagazijn","isPartOf":{"@id":"https:\/\/turijnmagazijn.jumpstone-dev.nl\/#website"},"primaryImageOfPage":{"@id":"https:\/\/turijnmagazijn.nl\/de\/produkt\/steuergerat-motor-management-computer-fiat-uno-1-3-turbo-i-e-betrieb-unbekannt\/#primaryimage"},"image":{"@id":"https:\/\/turijnmagazijn.nl\/de\/produkt\/steuergerat-motor-management-computer-fiat-uno-1-3-turbo-i-e-betrieb-unbekannt\/#primaryimage"},"thumbnailUrl":"https:\/\/turijnmagazijn.nl\/wp-content\/uploads\/2023\/03\/DK00102517-ECU-Motormanagement-Fiat-Uno-1.3-Turbo-i.e.-werking-onbekend-2.jpg","datePublished":"2023-03-03T09:23:16+00:00","dateModified":"2023-08-10T19:01:35+00:00","breadcrumb":{"@id":"https:\/\/turijnmagazijn.nl\/de\/produkt\/steuergerat-motor-management-computer-fiat-uno-1-3-turbo-i-e-betrieb-unbekannt\/#breadcrumb"},"inLanguage":"de","potentialAction":[{"@type":"ReadAction","target":["https:\/\/turijnmagazijn.nl\/de\/produkt\/steuergerat-motor-management-computer-fiat-uno-1-3-turbo-i-e-betrieb-unbekannt\/"]}]},{"@type":"ImageObject","inLanguage":"de","@id":"https:\/\/turijnmagazijn.nl\/de\/produkt\/steuergerat-motor-management-computer-fiat-uno-1-3-turbo-i-e-betrieb-unbekannt\/#primaryimage","url":"https:\/\/turijnmagazijn.nl\/wp-content\/uploads\/2023\/03\/DK00102517-ECU-Motormanagement-Fiat-Uno-1.3-Turbo-i.e.-werking-onbekend-2.jpg","contentUrl":"https:\/\/turijnmagazijn.nl\/wp-content\/uploads\/2023\/03\/DK00102517-ECU-Motormanagement-Fiat-Uno-1.3-Turbo-i.e.-werking-onbekend-2.jpg","width":1024,"height":768},{"@type":"BreadcrumbList","@id":"https:\/\/turijnmagazijn.nl\/de\/produkt\/steuergerat-motor-management-computer-fiat-uno-1-3-turbo-i-e-betrieb-unbekannt\/#breadcrumb","itemListElement":[{"@type":"ListItem","position":1,"name":"Home","item":"https:\/\/turijnmagazijn.nl\/de\/"},{"@type":"ListItem","position":2,"name":"Produkte","item":"https:\/\/turijnmagazijn.nl\/de\/shop\/"},{"@type":"ListItem","position":3,"name":"ECU Motorsteuerungsrechner Fiat Uno 1.3 Turbo d.h. Betrieb unbekannt-"}]},{"@type":"WebSite","@id":"https:\/\/turijnmagazijn.jumpstone-dev.nl\/#website","url":"https:\/\/turijnmagazijn.jumpstone-dev.nl\/","name":"Turijnmagazijn","description":"Onderdelen nieuw en gebruikt - Fiat &amp; Lancia","publisher":{"@id":"https:\/\/turijnmagazijn.jumpstone-dev.nl\/#organization"},"potentialAction":[{"@type":"SearchAction","target":{"@type":"EntryPoint","urlTemplate":"https:\/\/turijnmagazijn.jumpstone-dev.nl\/?s={search_term_string}"},"query-input":{"@type":"PropertyValueSpecification","valueRequired":true,"valueName":"search_term_string"}}],"inLanguage":"de"},{"@type":"Organization","@id":"https:\/\/turijnmagazijn.jumpstone-dev.nl\/#organization","name":"Turijnmagazijn","url":"https:\/\/turijnmagazijn.jumpstone-dev.nl\/","logo":{"@type":"ImageObject","inLanguage":"de","@id":"https:\/\/turijnmagazijn.jumpstone-dev.nl\/#\/schema\/logo\/image\/","url":"https:\/\/turijnmagazijn.nl\/wp-content\/uploads\/2021\/02\/turijnmagazijnlogo.png","contentUrl":"https:\/\/turijnmagazijn.nl\/wp-content\/uploads\/2021\/02\/turijnmagazijnlogo.png","width":555,"height":270,"caption":"Turijnmagazijn"},"image":{"@id":"https:\/\/turijnmagazijn.jumpstone-dev.nl\/#\/schema\/logo\/image\/"},"sameAs":["https:\/\/www.facebook.com\/turijnmagazijn"]}]}},"_links":{"self":[{"href":"https:\/\/turijnmagazijn.nl\/de\/wp-json\/wp\/v2\/product\/67452","targetHints":{"allow":["GET"]}}],"collection":[{"href":"https:\/\/turijnmagazijn.nl\/de\/wp-json\/wp\/v2\/product"}],"about":[{"href":"https:\/\/turijnmagazijn.nl\/de\/wp-json\/wp\/v2\/types\/product"}],"replies":[{"embeddable":true,"href":"https:\/\/turijnmagazijn.nl\/de\/wp-json\/wp\/v2\/comments?post=67452"}],"wp:featuredmedia":[{"embeddable":true,"href":"https:\/\/turijnmagazijn.nl\/de\/wp-json\/wp\/v2\/media\/57300"}],"wp:attachment":[{"href":"https:\/\/turijnmagazijn.nl\/de\/wp-json\/wp\/v2\/media?parent=67452"}],"wp:term":[{"taxonomy":"product_brand","embeddable":true,"href":"https:\/\/turijnmagazijn.nl\/de\/wp-json\/wp\/v2\/product_brand?post=67452"},{"taxonomy":"product_cat","embeddable":true,"href":"https:\/\/turijnmagazijn.nl\/de\/wp-json\/wp\/v2\/product_cat?post=67452"},{"taxonomy":"product_tag","embeddable":true,"href":"https:\/\/turijnmagazijn.nl\/de\/wp-json\/wp\/v2\/product_tag?post=67452"}],"curies":[{"name":"wp","href":"https:\/\/api.w.org\/{rel}","templated":true}]}}