{"id":67641,"date":"2023-03-29T21:39:07","date_gmt":"2023-03-29T19:39:07","guid":{"rendered":"https:\/\/turijnmagazijn.nl\/product\/entriegelungsschalter-und-handschuhfachbeleuchtung-lancia-kappa-grau\/"},"modified":"2023-07-27T13:29:53","modified_gmt":"2023-07-27T11:29:53","slug":"heckklappe-entriegeln-schalter-und-handschuhfach-beleuchtung-lancia-kappa-grau","status":"publish","type":"product","link":"https:\/\/turijnmagazijn.nl\/de\/produkt\/heckklappe-entriegeln-schalter-und-handschuhfach-beleuchtung-lancia-kappa-grau\/","title":{"rendered":"Entriegelungsschalter und Handschuhfachbeleuchtung Lancia Kappa grau"},"content":{"rendered":"<p>Einheit zur Montage im Handschuhfach f\u00fcr Lancia Kappa. Gilt f\u00fcr alle Lancia Kappa-Modelle, jedoch ab einer Limousine aus dem Jahr 1998. Das dekorative St\u00fcck ist mit grauem Flocksamt versehen. Ausgestattet mit Leuchte f\u00fcr die Beleuchtung im Handschuhfach, Schalter zum Einschalten der Beleuchtung beim \u00d6ffnen des Schranks und dem Taster zum elektronischen \u00d6ffnen der Heckklappe.<\/p>\n<p>OEM-Nummer Lancia 715512000<\/p>\n","protected":false},"excerpt":{"rendered":"<p>Entriegelungsschalter und Handschuhfachbeleuchtung Lancia Kappa &#8211; Einheit zur Montage im Handschuhfach f\u00fcr Lancia Kappa in der Farbe grau.<\/p>\n","protected":false},"featured_media":68338,"comment_status":"open","ping_status":"closed","template":"","meta":{"_acf_changed":false},"product_brand":[],"product_cat":[1864,1867,1859,1797,1869],"product_tag":[],"class_list":{"0":"post-67641","1":"product","2":"type-product","3":"status-publish","4":"has-post-thumbnail","6":"product_cat-berlina-de","7":"product_cat-coupe-de","8":"product_cat-kappa-838-de","9":"product_cat-lancia-de","10":"product_cat-sw-de","11":"pa_soort-onderdeel-dashboard-und-schalter","13":"first","14":"instock","15":"shipping-taxable","16":"purchasable","17":"product-type-simple"},"acf":[],"yoast_head":"<!-- This site is optimized with the Yoast SEO plugin v27.2 - https:\/\/yoast.com\/product\/yoast-seo-wordpress\/ -->\n<title>Entriegelungsschalter und Handschuhfachbeleuchtung Lancia Kappa grau - Turijnmagazijn<\/title>\n<meta name=\"robots\" content=\"index, follow, max-snippet:-1, max-image-preview:large, max-video-preview:-1\" \/>\n<link rel=\"canonical\" href=\"https:\/\/turijnmagazijn.nl\/de\/produkt\/heckklappe-entriegeln-schalter-und-handschuhfach-beleuchtung-lancia-kappa-grau\/\" \/>\n<meta property=\"og:locale\" content=\"de_DE\" \/>\n<meta property=\"og:type\" content=\"article\" \/>\n<meta property=\"og:title\" content=\"Entriegelungsschalter und Handschuhfachbeleuchtung Lancia Kappa grau - Turijnmagazijn\" \/>\n<meta property=\"og:description\" content=\"Entriegelungsschalter und Handschuhfachbeleuchtung Lancia Kappa - Einheit zur Montage im Handschuhfach f\u00fcr Lancia Kappa in der Farbe grau.\" \/>\n<meta property=\"og:url\" content=\"https:\/\/turijnmagazijn.nl\/de\/produkt\/heckklappe-entriegeln-schalter-und-handschuhfach-beleuchtung-lancia-kappa-grau\/\" \/>\n<meta property=\"og:site_name\" content=\"Turijnmagazijn\" \/>\n<meta property=\"article:publisher\" content=\"https:\/\/www.facebook.com\/turijnmagazijn\" \/>\n<meta property=\"article:modified_time\" content=\"2023-07-27T11:29:53+00:00\" \/>\n<meta property=\"og:image\" content=\"https:\/\/turijnmagazijn.nl\/wp-content\/uploads\/2023\/03\/DK0102572-Achterklep-ontgrendelschakelaar-en-dashboardkastverlichting-Lancia-Kappa-grijs-715512000-3-jpg.webp\" \/>\n\t<meta property=\"og:image:width\" content=\"1024\" \/>\n\t<meta property=\"og:image:height\" content=\"768\" \/>\n\t<meta property=\"og:image:type\" content=\"image\/jpeg\" \/>\n<meta name=\"twitter:card\" content=\"summary_large_image\" \/>\n<script type=\"application\/ld+json\" class=\"yoast-schema-graph\">{\"@context\":\"https:\/\/schema.org\",\"@graph\":[{\"@type\":\"WebPage\",\"@id\":\"https:\/\/turijnmagazijn.nl\/de\/produkt\/heckklappe-entriegeln-schalter-und-handschuhfach-beleuchtung-lancia-kappa-grau\/\",\"url\":\"https:\/\/turijnmagazijn.nl\/de\/produkt\/heckklappe-entriegeln-schalter-und-handschuhfach-beleuchtung-lancia-kappa-grau\/\",\"name\":\"Entriegelungsschalter und Handschuhfachbeleuchtung Lancia Kappa grau - Turijnmagazijn\",\"isPartOf\":{\"@id\":\"https:\/\/turijnmagazijn.jumpstone-dev.nl\/#website\"},\"primaryImageOfPage\":{\"@id\":\"https:\/\/turijnmagazijn.nl\/de\/produkt\/heckklappe-entriegeln-schalter-und-handschuhfach-beleuchtung-lancia-kappa-grau\/#primaryimage\"},\"image\":{\"@id\":\"https:\/\/turijnmagazijn.nl\/de\/produkt\/heckklappe-entriegeln-schalter-und-handschuhfach-beleuchtung-lancia-kappa-grau\/#primaryimage\"},\"thumbnailUrl\":\"https:\/\/turijnmagazijn.nl\/wp-content\/uploads\/2023\/03\/DK0102572-Achterklep-ontgrendelschakelaar-en-dashboardkastverlichting-Lancia-Kappa-grijs-715512000-3-jpg.webp\",\"datePublished\":\"2023-03-29T19:39:07+00:00\",\"dateModified\":\"2023-07-27T11:29:53+00:00\",\"breadcrumb\":{\"@id\":\"https:\/\/turijnmagazijn.nl\/de\/produkt\/heckklappe-entriegeln-schalter-und-handschuhfach-beleuchtung-lancia-kappa-grau\/#breadcrumb\"},\"inLanguage\":\"de\",\"potentialAction\":[{\"@type\":\"ReadAction\",\"target\":[\"https:\/\/turijnmagazijn.nl\/de\/produkt\/heckklappe-entriegeln-schalter-und-handschuhfach-beleuchtung-lancia-kappa-grau\/\"]}]},{\"@type\":\"ImageObject\",\"inLanguage\":\"de\",\"@id\":\"https:\/\/turijnmagazijn.nl\/de\/produkt\/heckklappe-entriegeln-schalter-und-handschuhfach-beleuchtung-lancia-kappa-grau\/#primaryimage\",\"url\":\"https:\/\/turijnmagazijn.nl\/wp-content\/uploads\/2023\/03\/DK0102572-Achterklep-ontgrendelschakelaar-en-dashboardkastverlichting-Lancia-Kappa-grijs-715512000-3-jpg.webp\",\"contentUrl\":\"https:\/\/turijnmagazijn.nl\/wp-content\/uploads\/2023\/03\/DK0102572-Achterklep-ontgrendelschakelaar-en-dashboardkastverlichting-Lancia-Kappa-grijs-715512000-3-jpg.webp\",\"width\":1024,\"height\":768},{\"@type\":\"BreadcrumbList\",\"@id\":\"https:\/\/turijnmagazijn.nl\/de\/produkt\/heckklappe-entriegeln-schalter-und-handschuhfach-beleuchtung-lancia-kappa-grau\/#breadcrumb\",\"itemListElement\":[{\"@type\":\"ListItem\",\"position\":1,\"name\":\"Home\",\"item\":\"https:\/\/turijnmagazijn.jumpstone-dev.nl\/\"},{\"@type\":\"ListItem\",\"position\":2,\"name\":\"Produkte\",\"item\":\"https:\/\/turijnmagazijn.nl\/de\/shop\/\"},{\"@type\":\"ListItem\",\"position\":3,\"name\":\"Entriegelungsschalter und Handschuhfachbeleuchtung Lancia Kappa grau\"}]},{\"@type\":\"WebSite\",\"@id\":\"https:\/\/turijnmagazijn.jumpstone-dev.nl\/#website\",\"url\":\"https:\/\/turijnmagazijn.jumpstone-dev.nl\/\",\"name\":\"Turijnmagazijn\",\"description\":\"Onderdelen nieuw en gebruikt - Fiat &amp; Lancia\",\"publisher\":{\"@id\":\"https:\/\/turijnmagazijn.jumpstone-dev.nl\/#organization\"},\"potentialAction\":[{\"@type\":\"SearchAction\",\"target\":{\"@type\":\"EntryPoint\",\"urlTemplate\":\"https:\/\/turijnmagazijn.jumpstone-dev.nl\/?s={search_term_string}\"},\"query-input\":{\"@type\":\"PropertyValueSpecification\",\"valueRequired\":true,\"valueName\":\"search_term_string\"}}],\"inLanguage\":\"de\"},{\"@type\":\"Organization\",\"@id\":\"https:\/\/turijnmagazijn.jumpstone-dev.nl\/#organization\",\"name\":\"Turijnmagazijn\",\"url\":\"https:\/\/turijnmagazijn.jumpstone-dev.nl\/\",\"logo\":{\"@type\":\"ImageObject\",\"inLanguage\":\"de\",\"@id\":\"https:\/\/turijnmagazijn.jumpstone-dev.nl\/#\/schema\/logo\/image\/\",\"url\":\"https:\/\/turijnmagazijn.nl\/wp-content\/uploads\/2021\/02\/turijnmagazijnlogo.png\",\"contentUrl\":\"https:\/\/turijnmagazijn.nl\/wp-content\/uploads\/2021\/02\/turijnmagazijnlogo.png\",\"width\":555,\"height\":270,\"caption\":\"Turijnmagazijn\"},\"image\":{\"@id\":\"https:\/\/turijnmagazijn.jumpstone-dev.nl\/#\/schema\/logo\/image\/\"},\"sameAs\":[\"https:\/\/www.facebook.com\/turijnmagazijn\"]}]}<\/script>\n<!-- \/ Yoast SEO plugin. -->","yoast_head_json":{"title":"Entriegelungsschalter und Handschuhfachbeleuchtung Lancia Kappa grau - Turijnmagazijn","robots":{"index":"index","follow":"follow","max-snippet":"max-snippet:-1","max-image-preview":"max-image-preview:large","max-video-preview":"max-video-preview:-1"},"canonical":"https:\/\/turijnmagazijn.nl\/de\/produkt\/heckklappe-entriegeln-schalter-und-handschuhfach-beleuchtung-lancia-kappa-grau\/","og_locale":"de_DE","og_type":"article","og_title":"Entriegelungsschalter und Handschuhfachbeleuchtung Lancia Kappa grau - Turijnmagazijn","og_description":"Entriegelungsschalter und Handschuhfachbeleuchtung Lancia Kappa - Einheit zur Montage im Handschuhfach f\u00fcr Lancia Kappa in der Farbe grau.","og_url":"https:\/\/turijnmagazijn.nl\/de\/produkt\/heckklappe-entriegeln-schalter-und-handschuhfach-beleuchtung-lancia-kappa-grau\/","og_site_name":"Turijnmagazijn","article_publisher":"https:\/\/www.facebook.com\/turijnmagazijn","article_modified_time":"2023-07-27T11:29:53+00:00","og_image":[{"width":1024,"height":768,"url":"https:\/\/turijnmagazijn.nl\/wp-content\/uploads\/2023\/03\/DK0102572-Achterklep-ontgrendelschakelaar-en-dashboardkastverlichting-Lancia-Kappa-grijs-715512000-3-jpg.webp","type":"image\/jpeg"}],"twitter_card":"summary_large_image","schema":{"@context":"https:\/\/schema.org","@graph":[{"@type":"WebPage","@id":"https:\/\/turijnmagazijn.nl\/de\/produkt\/heckklappe-entriegeln-schalter-und-handschuhfach-beleuchtung-lancia-kappa-grau\/","url":"https:\/\/turijnmagazijn.nl\/de\/produkt\/heckklappe-entriegeln-schalter-und-handschuhfach-beleuchtung-lancia-kappa-grau\/","name":"Entriegelungsschalter und Handschuhfachbeleuchtung Lancia Kappa grau - Turijnmagazijn","isPartOf":{"@id":"https:\/\/turijnmagazijn.jumpstone-dev.nl\/#website"},"primaryImageOfPage":{"@id":"https:\/\/turijnmagazijn.nl\/de\/produkt\/heckklappe-entriegeln-schalter-und-handschuhfach-beleuchtung-lancia-kappa-grau\/#primaryimage"},"image":{"@id":"https:\/\/turijnmagazijn.nl\/de\/produkt\/heckklappe-entriegeln-schalter-und-handschuhfach-beleuchtung-lancia-kappa-grau\/#primaryimage"},"thumbnailUrl":"https:\/\/turijnmagazijn.nl\/wp-content\/uploads\/2023\/03\/DK0102572-Achterklep-ontgrendelschakelaar-en-dashboardkastverlichting-Lancia-Kappa-grijs-715512000-3-jpg.webp","datePublished":"2023-03-29T19:39:07+00:00","dateModified":"2023-07-27T11:29:53+00:00","breadcrumb":{"@id":"https:\/\/turijnmagazijn.nl\/de\/produkt\/heckklappe-entriegeln-schalter-und-handschuhfach-beleuchtung-lancia-kappa-grau\/#breadcrumb"},"inLanguage":"de","potentialAction":[{"@type":"ReadAction","target":["https:\/\/turijnmagazijn.nl\/de\/produkt\/heckklappe-entriegeln-schalter-und-handschuhfach-beleuchtung-lancia-kappa-grau\/"]}]},{"@type":"ImageObject","inLanguage":"de","@id":"https:\/\/turijnmagazijn.nl\/de\/produkt\/heckklappe-entriegeln-schalter-und-handschuhfach-beleuchtung-lancia-kappa-grau\/#primaryimage","url":"https:\/\/turijnmagazijn.nl\/wp-content\/uploads\/2023\/03\/DK0102572-Achterklep-ontgrendelschakelaar-en-dashboardkastverlichting-Lancia-Kappa-grijs-715512000-3-jpg.webp","contentUrl":"https:\/\/turijnmagazijn.nl\/wp-content\/uploads\/2023\/03\/DK0102572-Achterklep-ontgrendelschakelaar-en-dashboardkastverlichting-Lancia-Kappa-grijs-715512000-3-jpg.webp","width":1024,"height":768},{"@type":"BreadcrumbList","@id":"https:\/\/turijnmagazijn.nl\/de\/produkt\/heckklappe-entriegeln-schalter-und-handschuhfach-beleuchtung-lancia-kappa-grau\/#breadcrumb","itemListElement":[{"@type":"ListItem","position":1,"name":"Home","item":"https:\/\/turijnmagazijn.jumpstone-dev.nl\/"},{"@type":"ListItem","position":2,"name":"Produkte","item":"https:\/\/turijnmagazijn.nl\/de\/shop\/"},{"@type":"ListItem","position":3,"name":"Entriegelungsschalter und Handschuhfachbeleuchtung Lancia Kappa grau"}]},{"@type":"WebSite","@id":"https:\/\/turijnmagazijn.jumpstone-dev.nl\/#website","url":"https:\/\/turijnmagazijn.jumpstone-dev.nl\/","name":"Turijnmagazijn","description":"Onderdelen nieuw en gebruikt - Fiat &amp; Lancia","publisher":{"@id":"https:\/\/turijnmagazijn.jumpstone-dev.nl\/#organization"},"potentialAction":[{"@type":"SearchAction","target":{"@type":"EntryPoint","urlTemplate":"https:\/\/turijnmagazijn.jumpstone-dev.nl\/?s={search_term_string}"},"query-input":{"@type":"PropertyValueSpecification","valueRequired":true,"valueName":"search_term_string"}}],"inLanguage":"de"},{"@type":"Organization","@id":"https:\/\/turijnmagazijn.jumpstone-dev.nl\/#organization","name":"Turijnmagazijn","url":"https:\/\/turijnmagazijn.jumpstone-dev.nl\/","logo":{"@type":"ImageObject","inLanguage":"de","@id":"https:\/\/turijnmagazijn.jumpstone-dev.nl\/#\/schema\/logo\/image\/","url":"https:\/\/turijnmagazijn.nl\/wp-content\/uploads\/2021\/02\/turijnmagazijnlogo.png","contentUrl":"https:\/\/turijnmagazijn.nl\/wp-content\/uploads\/2021\/02\/turijnmagazijnlogo.png","width":555,"height":270,"caption":"Turijnmagazijn"},"image":{"@id":"https:\/\/turijnmagazijn.jumpstone-dev.nl\/#\/schema\/logo\/image\/"},"sameAs":["https:\/\/www.facebook.com\/turijnmagazijn"]}]}},"_links":{"self":[{"href":"https:\/\/turijnmagazijn.nl\/de\/wp-json\/wp\/v2\/product\/67641","targetHints":{"allow":["GET"]}}],"collection":[{"href":"https:\/\/turijnmagazijn.nl\/de\/wp-json\/wp\/v2\/product"}],"about":[{"href":"https:\/\/turijnmagazijn.nl\/de\/wp-json\/wp\/v2\/types\/product"}],"replies":[{"embeddable":true,"href":"https:\/\/turijnmagazijn.nl\/de\/wp-json\/wp\/v2\/comments?post=67641"}],"wp:featuredmedia":[{"embeddable":true,"href":"https:\/\/turijnmagazijn.nl\/de\/wp-json\/wp\/v2\/media\/68338"}],"wp:attachment":[{"href":"https:\/\/turijnmagazijn.nl\/de\/wp-json\/wp\/v2\/media?parent=67641"}],"wp:term":[{"taxonomy":"product_brand","embeddable":true,"href":"https:\/\/turijnmagazijn.nl\/de\/wp-json\/wp\/v2\/product_brand?post=67641"},{"taxonomy":"product_cat","embeddable":true,"href":"https:\/\/turijnmagazijn.nl\/de\/wp-json\/wp\/v2\/product_cat?post=67641"},{"taxonomy":"product_tag","embeddable":true,"href":"https:\/\/turijnmagazijn.nl\/de\/wp-json\/wp\/v2\/product_tag?post=67641"}],"curies":[{"name":"wp","href":"https:\/\/api.w.org\/{rel}","templated":true}]}}