{"id":68447,"date":"2023-04-28T17:25:49","date_gmt":"2023-04-28T15:25:49","guid":{"rendered":"https:\/\/turijnmagazijn.nl\/?post_type=product&#038;p=68447"},"modified":"2025-04-15T20:56:45","modified_gmt":"2025-04-15T18:56:45","slug":"steuergerat-motormanagement-computer-lancia-kappa-2-0-1a-mit-wegfahrsperre-chips","status":"publish","type":"product","link":"https:\/\/turijnmagazijn.nl\/de\/produkt\/steuergerat-motormanagement-computer-lancia-kappa-2-0-1a-mit-wegfahrsperre-chips\/","title":{"rendered":"ECU Motormanagement-Computer Lancia Kappa 2.0 1A mit Wegfahrsperrenchips"},"content":{"rendered":"<p style=\"margin-bottom: 10px;\">Gebrauchter ECU Motormanagement-Computer f\u00fcr Lancia Kappa 2.0 I.E.. Es handelt sich um eine Motronic-Einheit von Bosch.<\/p>\n<p style=\"margin-bottom: 10px;\">Das Aggregat wird korrekt von einem Lancia Kappa 2.0 Limousinenbenziner aus dem Jahr 1996 betrieben.<\/p>\n<p style=\"margin-bottom: 10px;\">Inschriften auf dem Ger\u00e4t:<\/p>\n<ul style=\"margin-bottom: 10px;\">\n<li>BOSCH<\/li>\n<li>0 261 203 670<\/li>\n<li>26SA4302<\/li>\n<li>1740 0956<\/li>\n<li>023<\/li>\n<li>Hergestellt in Deutschland<\/li>\n<\/ul>\n<p style=\"margin-bottom: 10px;\">Dieses Set enth\u00e4lt neben dem Steuerger\u00e4t auch<\/p>\n<ul>\n<li>2 originale Schl\u00fcssel-Transponder-Chips zur Platzierung im Schl\u00fcssel f\u00fcr die Wegfahrsperre<\/li>\n<li>1 original roter Werkstattschl\u00fcssel mit Transponder-Chip<\/li>\n<li>Steuerung f\u00fcr die Wegfahrsperre (gelber Kasten)<\/li>\n<li>2 Codekarten, die dem Set zugeordnet sind<\/li>\n<\/ul>\n<p style=\"margin-bottom: 10px;\">Kurz gesagt; Ein komplettes passendes Set, um ein defektes Steuerger\u00e4t oder verlorene Chips f\u00fcr die Wegfahrsperre zum Laufen zu bringen!<\/p>\n<p style=\"margin-bottom: 10px;\">OEM Lancia 46446967<\/p>\n","protected":false},"excerpt":{"rendered":"<p>Steuerger\u00e4t Motormanagement Computer Lancia Kappa 2.0 I.E. mit Schl\u00fcsseln &#8211; Gebrauchtes Steuerger\u00e4t<\/p>\n","protected":false},"featured_media":68530,"comment_status":"open","ping_status":"closed","template":"","meta":{"_acf_changed":false},"product_brand":[],"product_cat":[1864,1867,1859,1797,1869],"product_tag":[],"class_list":{"0":"post-68447","1":"product","2":"type-product","3":"status-publish","4":"has-post-thumbnail","6":"product_cat-berlina-de","7":"product_cat-coupe-de","8":"product_cat-kappa-838-de","9":"product_cat-lancia-de","10":"product_cat-sw-de","11":"pa_soort-onderdeel-spiegel","13":"first","14":"instock","15":"sale","16":"shipping-taxable","17":"purchasable","18":"product-type-simple"},"acf":[],"yoast_head":"<!-- This site is optimized with the Yoast SEO plugin v27.2 - https:\/\/yoast.com\/product\/yoast-seo-wordpress\/ -->\n<title>ECU Motormanagement-Computer Lancia Kappa 2.0 1A mit Wegfahrsperrenchips - Turijnmagazijn<\/title>\n<meta name=\"robots\" content=\"index, follow, max-snippet:-1, max-image-preview:large, max-video-preview:-1\" \/>\n<link rel=\"canonical\" href=\"https:\/\/turijnmagazijn.nl\/de\/produkt\/steuergerat-motormanagement-computer-lancia-kappa-2-0-1a-mit-wegfahrsperre-chips\/\" \/>\n<meta property=\"og:locale\" content=\"de_DE\" \/>\n<meta property=\"og:type\" content=\"article\" \/>\n<meta property=\"og:title\" content=\"ECU Motormanagement-Computer Lancia Kappa 2.0 1A mit Wegfahrsperrenchips - Turijnmagazijn\" \/>\n<meta property=\"og:description\" content=\"Steuerger\u00e4t Motormanagement Computer Lancia Kappa 2.0 I.E. mit Schl\u00fcsseln - Gebrauchtes Steuerger\u00e4t\" \/>\n<meta property=\"og:url\" content=\"https:\/\/turijnmagazijn.nl\/de\/produkt\/steuergerat-motormanagement-computer-lancia-kappa-2-0-1a-mit-wegfahrsperre-chips\/\" \/>\n<meta property=\"og:site_name\" content=\"Turijnmagazijn\" \/>\n<meta property=\"article:publisher\" content=\"https:\/\/www.facebook.com\/turijnmagazijn\" \/>\n<meta property=\"article:modified_time\" content=\"2025-04-15T18:56:45+00:00\" \/>\n<meta property=\"og:image\" content=\"https:\/\/turijnmagazijn.nl\/wp-content\/uploads\/2023\/04\/DK0102575-ECU-motormanagement-computer-Lancia-Kappa-2.0-1A-met-startonderbreker-chips-46446967-3-jpg.webp\" \/>\n\t<meta property=\"og:image:width\" content=\"1024\" \/>\n\t<meta property=\"og:image:height\" content=\"768\" \/>\n\t<meta property=\"og:image:type\" content=\"image\/jpeg\" \/>\n<meta name=\"twitter:card\" content=\"summary_large_image\" \/>\n<meta name=\"twitter:label1\" content=\"Gesch\u00e4tzte Lesezeit\" \/>\n\t<meta name=\"twitter:data1\" content=\"1\u00a0Minute\" \/>\n<script type=\"application\/ld+json\" class=\"yoast-schema-graph\">{\"@context\":\"https:\/\/schema.org\",\"@graph\":[{\"@type\":\"WebPage\",\"@id\":\"https:\/\/turijnmagazijn.nl\/de\/produkt\/steuergerat-motormanagement-computer-lancia-kappa-2-0-1a-mit-wegfahrsperre-chips\/\",\"url\":\"https:\/\/turijnmagazijn.nl\/de\/produkt\/steuergerat-motormanagement-computer-lancia-kappa-2-0-1a-mit-wegfahrsperre-chips\/\",\"name\":\"ECU Motormanagement-Computer Lancia Kappa 2.0 1A mit Wegfahrsperrenchips - Turijnmagazijn\",\"isPartOf\":{\"@id\":\"https:\/\/turijnmagazijn.jumpstone-dev.nl\/#website\"},\"primaryImageOfPage\":{\"@id\":\"https:\/\/turijnmagazijn.nl\/de\/produkt\/steuergerat-motormanagement-computer-lancia-kappa-2-0-1a-mit-wegfahrsperre-chips\/#primaryimage\"},\"image\":{\"@id\":\"https:\/\/turijnmagazijn.nl\/de\/produkt\/steuergerat-motormanagement-computer-lancia-kappa-2-0-1a-mit-wegfahrsperre-chips\/#primaryimage\"},\"thumbnailUrl\":\"https:\/\/turijnmagazijn.nl\/wp-content\/uploads\/2023\/04\/DK0102575-ECU-motormanagement-computer-Lancia-Kappa-2.0-1A-met-startonderbreker-chips-46446967-3-jpg.webp\",\"datePublished\":\"2023-04-28T15:25:49+00:00\",\"dateModified\":\"2025-04-15T18:56:45+00:00\",\"breadcrumb\":{\"@id\":\"https:\/\/turijnmagazijn.nl\/de\/produkt\/steuergerat-motormanagement-computer-lancia-kappa-2-0-1a-mit-wegfahrsperre-chips\/#breadcrumb\"},\"inLanguage\":\"de\",\"potentialAction\":[{\"@type\":\"ReadAction\",\"target\":[\"https:\/\/turijnmagazijn.nl\/de\/produkt\/steuergerat-motormanagement-computer-lancia-kappa-2-0-1a-mit-wegfahrsperre-chips\/\"]}]},{\"@type\":\"ImageObject\",\"inLanguage\":\"de\",\"@id\":\"https:\/\/turijnmagazijn.nl\/de\/produkt\/steuergerat-motormanagement-computer-lancia-kappa-2-0-1a-mit-wegfahrsperre-chips\/#primaryimage\",\"url\":\"https:\/\/turijnmagazijn.nl\/wp-content\/uploads\/2023\/04\/DK0102575-ECU-motormanagement-computer-Lancia-Kappa-2.0-1A-met-startonderbreker-chips-46446967-3-jpg.webp\",\"contentUrl\":\"https:\/\/turijnmagazijn.nl\/wp-content\/uploads\/2023\/04\/DK0102575-ECU-motormanagement-computer-Lancia-Kappa-2.0-1A-met-startonderbreker-chips-46446967-3-jpg.webp\",\"width\":1024,\"height\":768},{\"@type\":\"BreadcrumbList\",\"@id\":\"https:\/\/turijnmagazijn.nl\/de\/produkt\/steuergerat-motormanagement-computer-lancia-kappa-2-0-1a-mit-wegfahrsperre-chips\/#breadcrumb\",\"itemListElement\":[{\"@type\":\"ListItem\",\"position\":1,\"name\":\"Home\",\"item\":\"https:\/\/turijnmagazijn.jumpstone-dev.nl\/\"},{\"@type\":\"ListItem\",\"position\":2,\"name\":\"Produkte\",\"item\":\"https:\/\/turijnmagazijn.nl\/de\/shop\/\"},{\"@type\":\"ListItem\",\"position\":3,\"name\":\"ECU Motormanagement-Computer Lancia Kappa 2.0 1A mit Wegfahrsperrenchips\"}]},{\"@type\":\"WebSite\",\"@id\":\"https:\/\/turijnmagazijn.jumpstone-dev.nl\/#website\",\"url\":\"https:\/\/turijnmagazijn.jumpstone-dev.nl\/\",\"name\":\"Turijnmagazijn\",\"description\":\"Onderdelen nieuw en gebruikt - Fiat &amp; Lancia\",\"publisher\":{\"@id\":\"https:\/\/turijnmagazijn.jumpstone-dev.nl\/#organization\"},\"potentialAction\":[{\"@type\":\"SearchAction\",\"target\":{\"@type\":\"EntryPoint\",\"urlTemplate\":\"https:\/\/turijnmagazijn.jumpstone-dev.nl\/?s={search_term_string}\"},\"query-input\":{\"@type\":\"PropertyValueSpecification\",\"valueRequired\":true,\"valueName\":\"search_term_string\"}}],\"inLanguage\":\"de\"},{\"@type\":\"Organization\",\"@id\":\"https:\/\/turijnmagazijn.jumpstone-dev.nl\/#organization\",\"name\":\"Turijnmagazijn\",\"url\":\"https:\/\/turijnmagazijn.jumpstone-dev.nl\/\",\"logo\":{\"@type\":\"ImageObject\",\"inLanguage\":\"de\",\"@id\":\"https:\/\/turijnmagazijn.jumpstone-dev.nl\/#\/schema\/logo\/image\/\",\"url\":\"https:\/\/turijnmagazijn.nl\/wp-content\/uploads\/2021\/02\/turijnmagazijnlogo.png\",\"contentUrl\":\"https:\/\/turijnmagazijn.nl\/wp-content\/uploads\/2021\/02\/turijnmagazijnlogo.png\",\"width\":555,\"height\":270,\"caption\":\"Turijnmagazijn\"},\"image\":{\"@id\":\"https:\/\/turijnmagazijn.jumpstone-dev.nl\/#\/schema\/logo\/image\/\"},\"sameAs\":[\"https:\/\/www.facebook.com\/turijnmagazijn\"]}]}<\/script>\n<!-- \/ Yoast SEO plugin. -->","yoast_head_json":{"title":"ECU Motormanagement-Computer Lancia Kappa 2.0 1A mit Wegfahrsperrenchips - Turijnmagazijn","robots":{"index":"index","follow":"follow","max-snippet":"max-snippet:-1","max-image-preview":"max-image-preview:large","max-video-preview":"max-video-preview:-1"},"canonical":"https:\/\/turijnmagazijn.nl\/de\/produkt\/steuergerat-motormanagement-computer-lancia-kappa-2-0-1a-mit-wegfahrsperre-chips\/","og_locale":"de_DE","og_type":"article","og_title":"ECU Motormanagement-Computer Lancia Kappa 2.0 1A mit Wegfahrsperrenchips - Turijnmagazijn","og_description":"Steuerger\u00e4t Motormanagement Computer Lancia Kappa 2.0 I.E. mit Schl\u00fcsseln - Gebrauchtes Steuerger\u00e4t","og_url":"https:\/\/turijnmagazijn.nl\/de\/produkt\/steuergerat-motormanagement-computer-lancia-kappa-2-0-1a-mit-wegfahrsperre-chips\/","og_site_name":"Turijnmagazijn","article_publisher":"https:\/\/www.facebook.com\/turijnmagazijn","article_modified_time":"2025-04-15T18:56:45+00:00","og_image":[{"width":1024,"height":768,"url":"https:\/\/turijnmagazijn.nl\/wp-content\/uploads\/2023\/04\/DK0102575-ECU-motormanagement-computer-Lancia-Kappa-2.0-1A-met-startonderbreker-chips-46446967-3-jpg.webp","type":"image\/jpeg"}],"twitter_card":"summary_large_image","twitter_misc":{"Gesch\u00e4tzte Lesezeit":"1\u00a0Minute"},"schema":{"@context":"https:\/\/schema.org","@graph":[{"@type":"WebPage","@id":"https:\/\/turijnmagazijn.nl\/de\/produkt\/steuergerat-motormanagement-computer-lancia-kappa-2-0-1a-mit-wegfahrsperre-chips\/","url":"https:\/\/turijnmagazijn.nl\/de\/produkt\/steuergerat-motormanagement-computer-lancia-kappa-2-0-1a-mit-wegfahrsperre-chips\/","name":"ECU Motormanagement-Computer Lancia Kappa 2.0 1A mit Wegfahrsperrenchips - Turijnmagazijn","isPartOf":{"@id":"https:\/\/turijnmagazijn.jumpstone-dev.nl\/#website"},"primaryImageOfPage":{"@id":"https:\/\/turijnmagazijn.nl\/de\/produkt\/steuergerat-motormanagement-computer-lancia-kappa-2-0-1a-mit-wegfahrsperre-chips\/#primaryimage"},"image":{"@id":"https:\/\/turijnmagazijn.nl\/de\/produkt\/steuergerat-motormanagement-computer-lancia-kappa-2-0-1a-mit-wegfahrsperre-chips\/#primaryimage"},"thumbnailUrl":"https:\/\/turijnmagazijn.nl\/wp-content\/uploads\/2023\/04\/DK0102575-ECU-motormanagement-computer-Lancia-Kappa-2.0-1A-met-startonderbreker-chips-46446967-3-jpg.webp","datePublished":"2023-04-28T15:25:49+00:00","dateModified":"2025-04-15T18:56:45+00:00","breadcrumb":{"@id":"https:\/\/turijnmagazijn.nl\/de\/produkt\/steuergerat-motormanagement-computer-lancia-kappa-2-0-1a-mit-wegfahrsperre-chips\/#breadcrumb"},"inLanguage":"de","potentialAction":[{"@type":"ReadAction","target":["https:\/\/turijnmagazijn.nl\/de\/produkt\/steuergerat-motormanagement-computer-lancia-kappa-2-0-1a-mit-wegfahrsperre-chips\/"]}]},{"@type":"ImageObject","inLanguage":"de","@id":"https:\/\/turijnmagazijn.nl\/de\/produkt\/steuergerat-motormanagement-computer-lancia-kappa-2-0-1a-mit-wegfahrsperre-chips\/#primaryimage","url":"https:\/\/turijnmagazijn.nl\/wp-content\/uploads\/2023\/04\/DK0102575-ECU-motormanagement-computer-Lancia-Kappa-2.0-1A-met-startonderbreker-chips-46446967-3-jpg.webp","contentUrl":"https:\/\/turijnmagazijn.nl\/wp-content\/uploads\/2023\/04\/DK0102575-ECU-motormanagement-computer-Lancia-Kappa-2.0-1A-met-startonderbreker-chips-46446967-3-jpg.webp","width":1024,"height":768},{"@type":"BreadcrumbList","@id":"https:\/\/turijnmagazijn.nl\/de\/produkt\/steuergerat-motormanagement-computer-lancia-kappa-2-0-1a-mit-wegfahrsperre-chips\/#breadcrumb","itemListElement":[{"@type":"ListItem","position":1,"name":"Home","item":"https:\/\/turijnmagazijn.jumpstone-dev.nl\/"},{"@type":"ListItem","position":2,"name":"Produkte","item":"https:\/\/turijnmagazijn.nl\/de\/shop\/"},{"@type":"ListItem","position":3,"name":"ECU Motormanagement-Computer Lancia Kappa 2.0 1A mit Wegfahrsperrenchips"}]},{"@type":"WebSite","@id":"https:\/\/turijnmagazijn.jumpstone-dev.nl\/#website","url":"https:\/\/turijnmagazijn.jumpstone-dev.nl\/","name":"Turijnmagazijn","description":"Onderdelen nieuw en gebruikt - Fiat &amp; Lancia","publisher":{"@id":"https:\/\/turijnmagazijn.jumpstone-dev.nl\/#organization"},"potentialAction":[{"@type":"SearchAction","target":{"@type":"EntryPoint","urlTemplate":"https:\/\/turijnmagazijn.jumpstone-dev.nl\/?s={search_term_string}"},"query-input":{"@type":"PropertyValueSpecification","valueRequired":true,"valueName":"search_term_string"}}],"inLanguage":"de"},{"@type":"Organization","@id":"https:\/\/turijnmagazijn.jumpstone-dev.nl\/#organization","name":"Turijnmagazijn","url":"https:\/\/turijnmagazijn.jumpstone-dev.nl\/","logo":{"@type":"ImageObject","inLanguage":"de","@id":"https:\/\/turijnmagazijn.jumpstone-dev.nl\/#\/schema\/logo\/image\/","url":"https:\/\/turijnmagazijn.nl\/wp-content\/uploads\/2021\/02\/turijnmagazijnlogo.png","contentUrl":"https:\/\/turijnmagazijn.nl\/wp-content\/uploads\/2021\/02\/turijnmagazijnlogo.png","width":555,"height":270,"caption":"Turijnmagazijn"},"image":{"@id":"https:\/\/turijnmagazijn.jumpstone-dev.nl\/#\/schema\/logo\/image\/"},"sameAs":["https:\/\/www.facebook.com\/turijnmagazijn"]}]}},"_links":{"self":[{"href":"https:\/\/turijnmagazijn.nl\/de\/wp-json\/wp\/v2\/product\/68447","targetHints":{"allow":["GET"]}}],"collection":[{"href":"https:\/\/turijnmagazijn.nl\/de\/wp-json\/wp\/v2\/product"}],"about":[{"href":"https:\/\/turijnmagazijn.nl\/de\/wp-json\/wp\/v2\/types\/product"}],"replies":[{"embeddable":true,"href":"https:\/\/turijnmagazijn.nl\/de\/wp-json\/wp\/v2\/comments?post=68447"}],"wp:featuredmedia":[{"embeddable":true,"href":"https:\/\/turijnmagazijn.nl\/de\/wp-json\/wp\/v2\/media\/68530"}],"wp:attachment":[{"href":"https:\/\/turijnmagazijn.nl\/de\/wp-json\/wp\/v2\/media?parent=68447"}],"wp:term":[{"taxonomy":"product_brand","embeddable":true,"href":"https:\/\/turijnmagazijn.nl\/de\/wp-json\/wp\/v2\/product_brand?post=68447"},{"taxonomy":"product_cat","embeddable":true,"href":"https:\/\/turijnmagazijn.nl\/de\/wp-json\/wp\/v2\/product_cat?post=68447"},{"taxonomy":"product_tag","embeddable":true,"href":"https:\/\/turijnmagazijn.nl\/de\/wp-json\/wp\/v2\/product_tag?post=68447"}],"curies":[{"name":"wp","href":"https:\/\/api.w.org\/{rel}","templated":true}]}}