{"id":69167,"date":"2023-05-30T16:01:17","date_gmt":"2023-05-30T14:01:17","guid":{"rendered":"https:\/\/turijnmagazijn.nl\/?post_type=product&#038;p=69167"},"modified":"2025-04-15T19:03:58","modified_gmt":"2025-04-15T17:03:58","slug":"schlusselanhanger-metall-chrom-fiat-logo","status":"publish","type":"product","link":"https:\/\/turijnmagazijn.nl\/de\/produkt\/schlusselanhanger-metall-chrom-fiat-logo\/","title":{"rendered":"Fiat rotes Logo Chrom Schl\u00fcsselanh\u00e4nger"},"content":{"rendered":"<p><a href=\"https:\/\/turijnmagazijn.nl\/de\/postfachversand\/\"><img decoding=\"async\" class=\"alignnone wp-image-16382 size-full aligncenter\" src=\"https:\/\/turijnmagazijn.nl\/wp-content\/uploads\/2023\/03\/brievenbusverzending-label.png\" alt=\"\" width=\"487\" height=\"45\" srcset=\"https:\/\/turijnmagazijn.nl\/wp-content\/uploads\/2023\/03\/brievenbusverzending-label.png 487w, https:\/\/turijnmagazijn.nl\/wp-content\/uploads\/2023\/03\/brievenbusverzending-label-300x28.png 300w\" sizes=\"(max-width: 487px) 100vw, 487px\" \/><\/a><\/p>\n<p style=\"margin-bottom: 10px;\">Neuer Schl\u00fcsselanh\u00e4nger aus Metall mit eingelegtem Fiat-Logo.<\/p>\n<p style=\"margin-bottom: 10px;\">Betrifft nicht das originale Fiat-Teil.<\/p>\n<p style=\"margin-bottom: 10px;\">Dieser Schl\u00fcsselanh\u00e4nger zeigt das rote Logo, das von 2007 bis 2023 verwendet wurde.<\/p>\n<p>  Der Anh\u00e4nger ist sehr robust. Das Logo ist ein vollfarbiger Druck hinter einem dicken transparenten Kunststoff. Das Logo ist hinter hartem Plastik, also kein weiches Silikon.  &nbsp;<\/p>\n<p style=\"margin-bottom: 10px;\">Schl\u00fcsselanh\u00e4nger Fiat Stilo<\/p>\n<p style=\"margin-bottom: 10px;\">Schl\u00fcsselanh\u00e4nger Fiat Stilo Multiwagon<\/p>\n<p style=\"margin-bottom: 10px;\">Schl\u00fcsselanh\u00e4nger Fiat Stilo Abarth<\/p>\n<p style=\"margin-bottom: 10px;\">Schl\u00fcsselanh\u00e4nger Fiat Grande Punto bis 2007<\/p>\n<p style=\"margin-bottom: 10px;\">Schl\u00fcsselanh\u00e4nger Fiat Barchetta<\/p>\n<p style=\"margin-bottom: 10px;\">Schl\u00fcsselanh\u00e4nger Fiat Panda bis 2007<\/p>\n<p style=\"margin-bottom: 10px;\">Schl\u00fcsselanh\u00e4nger Coupe Fiat<\/p>\n<p style=\"margin-bottom: 10px;\">Schl\u00fcsselanh\u00e4nger Fiat Barchetta<\/p>\n<p style=\"margin-bottom: 10px;\">Schl\u00fcsselanh\u00e4nger Fiat Multipla facelift<\/p>\n<p style=\"margin-bottom: 10px;\">\n","protected":false},"excerpt":{"rendered":"<p>Neuer Schl\u00fcsselanh\u00e4nger aus Metall mit eingelegtem Fiat-Logo.<\/p>\n","protected":false},"featured_media":69496,"comment_status":"open","ping_status":"closed","template":"","meta":{"_acf_changed":false},"product_brand":[],"product_cat":[1693,1698,1765,1770,1704,1706,1710,1715,1717,1721,1725,1689,1729,1734,1737,1775,1743,1745,1751,1755,1760,1762,1777,1784,1785,1790],"product_tag":[],"class_list":{"0":"post-69167","1":"product","2":"type-product","3":"status-publish","4":"has-post-thumbnail","6":"product_cat-500-312-de","7":"product_cat-500x-334-de","8":"product_cat-5drs-de","9":"product_cat-abarth-3drs-de","10":"product_cat-barchetta-183-de","11":"product_cat-brava-198-de","12":"product_cat-bravo-198-de","13":"product_cat-cinquecento-170-de","14":"product_cat-coupe-175-de","15":"product_cat-croma-1-154-de","16":"product_cat-croma-2-194-de","17":"product_cat-fiat-de","18":"product_cat-grande-punto-199-de","19":"product_cat-marea-185-de","20":"product_cat-multipla-186-de","21":"product_cat-multiwagon-de","22":"product_cat-panda-1-141-de","23":"product_cat-punto-1-176-de","24":"product_cat-punto-2-188-de","25":"product_cat-ritmo-183-de","26":"product_cat-seicento-187-de","27":"product_cat-stilo-192-de","28":"product_cat-tempra-159-de","29":"product_cat-tipo-1-160-de","30":"product_cat-uno-1-146-de","31":"product_cat-x1-9-128-de","32":"pa_soort-onderdeel-schlusselanhanger-und-aufkleber","34":"first","35":"instock","36":"sale","37":"taxable","38":"shipping-taxable","39":"purchasable","40":"product-type-simple"},"acf":[],"yoast_head":"<!-- This site is optimized with the Yoast SEO plugin v27.3 - https:\/\/yoast.com\/product\/yoast-seo-wordpress\/ -->\n<title>Fiat rotes Logo Chrom Schl\u00fcsselanh\u00e4nger - Turijnmagazijn<\/title>\n<meta name=\"robots\" content=\"index, follow, max-snippet:-1, max-image-preview:large, max-video-preview:-1\" \/>\n<link rel=\"canonical\" href=\"https:\/\/turijnmagazijn.nl\/de\/produkt\/schlusselanhanger-metall-chrom-fiat-logo\/\" \/>\n<meta property=\"og:locale\" content=\"de_DE\" \/>\n<meta property=\"og:type\" content=\"article\" \/>\n<meta property=\"og:title\" content=\"Fiat rotes Logo Chrom Schl\u00fcsselanh\u00e4nger - Turijnmagazijn\" \/>\n<meta property=\"og:description\" content=\"Neuer Schl\u00fcsselanh\u00e4nger aus Metall mit eingelegtem Fiat-Logo.\" \/>\n<meta property=\"og:url\" content=\"https:\/\/turijnmagazijn.nl\/de\/produkt\/schlusselanhanger-metall-chrom-fiat-logo\/\" \/>\n<meta property=\"og:site_name\" content=\"Turijnmagazijn\" \/>\n<meta property=\"article:publisher\" content=\"https:\/\/www.facebook.com\/turijnmagazijn\" \/>\n<meta property=\"article:modified_time\" content=\"2025-04-15T17:03:58+00:00\" \/>\n<meta property=\"og:image\" content=\"https:\/\/turijnmagazijn.nl\/wp-content\/uploads\/2023\/05\/DN0100305-Sleutelhanger-metaal-chroom-Fiat-logo-3-jpg.webp\" \/>\n\t<meta property=\"og:image:width\" content=\"1024\" \/>\n\t<meta property=\"og:image:height\" content=\"768\" \/>\n\t<meta property=\"og:image:type\" content=\"image\/jpeg\" \/>\n<meta name=\"twitter:card\" content=\"summary_large_image\" \/>\n<meta name=\"twitter:label1\" content=\"Gesch\u00e4tzte Lesezeit\" \/>\n\t<meta name=\"twitter:data1\" content=\"1\u00a0Minute\" \/>\n<script type=\"application\/ld+json\" class=\"yoast-schema-graph\">{\"@context\":\"https:\\\/\\\/schema.org\",\"@graph\":[{\"@type\":\"WebPage\",\"@id\":\"https:\\\/\\\/turijnmagazijn.nl\\\/de\\\/produkt\\\/schlusselanhanger-metall-chrom-fiat-logo\\\/\",\"url\":\"https:\\\/\\\/turijnmagazijn.nl\\\/de\\\/produkt\\\/schlusselanhanger-metall-chrom-fiat-logo\\\/\",\"name\":\"Fiat rotes Logo Chrom Schl\u00fcsselanh\u00e4nger - Turijnmagazijn\",\"isPartOf\":{\"@id\":\"https:\\\/\\\/turijnmagazijn.jumpstone-dev.nl\\\/#website\"},\"primaryImageOfPage\":{\"@id\":\"https:\\\/\\\/turijnmagazijn.nl\\\/de\\\/produkt\\\/schlusselanhanger-metall-chrom-fiat-logo\\\/#primaryimage\"},\"image\":{\"@id\":\"https:\\\/\\\/turijnmagazijn.nl\\\/de\\\/produkt\\\/schlusselanhanger-metall-chrom-fiat-logo\\\/#primaryimage\"},\"thumbnailUrl\":\"https:\\\/\\\/turijnmagazijn.nl\\\/wp-content\\\/uploads\\\/2023\\\/05\\\/DN0100305-Sleutelhanger-metaal-chroom-Fiat-logo-3-jpg.webp\",\"datePublished\":\"2023-05-30T14:01:17+00:00\",\"dateModified\":\"2025-04-15T17:03:58+00:00\",\"breadcrumb\":{\"@id\":\"https:\\\/\\\/turijnmagazijn.nl\\\/de\\\/produkt\\\/schlusselanhanger-metall-chrom-fiat-logo\\\/#breadcrumb\"},\"inLanguage\":\"de\",\"potentialAction\":[{\"@type\":\"ReadAction\",\"target\":[\"https:\\\/\\\/turijnmagazijn.nl\\\/de\\\/produkt\\\/schlusselanhanger-metall-chrom-fiat-logo\\\/\"]}]},{\"@type\":\"ImageObject\",\"inLanguage\":\"de\",\"@id\":\"https:\\\/\\\/turijnmagazijn.nl\\\/de\\\/produkt\\\/schlusselanhanger-metall-chrom-fiat-logo\\\/#primaryimage\",\"url\":\"https:\\\/\\\/turijnmagazijn.nl\\\/wp-content\\\/uploads\\\/2023\\\/05\\\/DN0100305-Sleutelhanger-metaal-chroom-Fiat-logo-3-jpg.webp\",\"contentUrl\":\"https:\\\/\\\/turijnmagazijn.nl\\\/wp-content\\\/uploads\\\/2023\\\/05\\\/DN0100305-Sleutelhanger-metaal-chroom-Fiat-logo-3-jpg.webp\",\"width\":1024,\"height\":768},{\"@type\":\"BreadcrumbList\",\"@id\":\"https:\\\/\\\/turijnmagazijn.nl\\\/de\\\/produkt\\\/schlusselanhanger-metall-chrom-fiat-logo\\\/#breadcrumb\",\"itemListElement\":[{\"@type\":\"ListItem\",\"position\":1,\"name\":\"Home\",\"item\":\"https:\\\/\\\/turijnmagazijn.nl\\\/de\\\/\"},{\"@type\":\"ListItem\",\"position\":2,\"name\":\"Produkte\",\"item\":\"https:\\\/\\\/turijnmagazijn.nl\\\/de\\\/shop\\\/\"},{\"@type\":\"ListItem\",\"position\":3,\"name\":\"Fiat rotes Logo Chrom Schl\u00fcsselanh\u00e4nger\"}]},{\"@type\":\"WebSite\",\"@id\":\"https:\\\/\\\/turijnmagazijn.jumpstone-dev.nl\\\/#website\",\"url\":\"https:\\\/\\\/turijnmagazijn.jumpstone-dev.nl\\\/\",\"name\":\"Turijnmagazijn\",\"description\":\"Onderdelen nieuw en gebruikt - Fiat &amp; Lancia\",\"publisher\":{\"@id\":\"https:\\\/\\\/turijnmagazijn.jumpstone-dev.nl\\\/#organization\"},\"potentialAction\":[{\"@type\":\"SearchAction\",\"target\":{\"@type\":\"EntryPoint\",\"urlTemplate\":\"https:\\\/\\\/turijnmagazijn.jumpstone-dev.nl\\\/?s={search_term_string}\"},\"query-input\":{\"@type\":\"PropertyValueSpecification\",\"valueRequired\":true,\"valueName\":\"search_term_string\"}}],\"inLanguage\":\"de\"},{\"@type\":\"Organization\",\"@id\":\"https:\\\/\\\/turijnmagazijn.jumpstone-dev.nl\\\/#organization\",\"name\":\"Turijnmagazijn\",\"url\":\"https:\\\/\\\/turijnmagazijn.jumpstone-dev.nl\\\/\",\"logo\":{\"@type\":\"ImageObject\",\"inLanguage\":\"de\",\"@id\":\"https:\\\/\\\/turijnmagazijn.jumpstone-dev.nl\\\/#\\\/schema\\\/logo\\\/image\\\/\",\"url\":\"https:\\\/\\\/turijnmagazijn.nl\\\/wp-content\\\/uploads\\\/2021\\\/02\\\/turijnmagazijnlogo.png\",\"contentUrl\":\"https:\\\/\\\/turijnmagazijn.nl\\\/wp-content\\\/uploads\\\/2021\\\/02\\\/turijnmagazijnlogo.png\",\"width\":555,\"height\":270,\"caption\":\"Turijnmagazijn\"},\"image\":{\"@id\":\"https:\\\/\\\/turijnmagazijn.jumpstone-dev.nl\\\/#\\\/schema\\\/logo\\\/image\\\/\"},\"sameAs\":[\"https:\\\/\\\/www.facebook.com\\\/turijnmagazijn\"]}]}<\/script>\n<!-- \/ Yoast SEO plugin. -->","yoast_head_json":{"title":"Fiat rotes Logo Chrom Schl\u00fcsselanh\u00e4nger - Turijnmagazijn","robots":{"index":"index","follow":"follow","max-snippet":"max-snippet:-1","max-image-preview":"max-image-preview:large","max-video-preview":"max-video-preview:-1"},"canonical":"https:\/\/turijnmagazijn.nl\/de\/produkt\/schlusselanhanger-metall-chrom-fiat-logo\/","og_locale":"de_DE","og_type":"article","og_title":"Fiat rotes Logo Chrom Schl\u00fcsselanh\u00e4nger - Turijnmagazijn","og_description":"Neuer Schl\u00fcsselanh\u00e4nger aus Metall mit eingelegtem Fiat-Logo.","og_url":"https:\/\/turijnmagazijn.nl\/de\/produkt\/schlusselanhanger-metall-chrom-fiat-logo\/","og_site_name":"Turijnmagazijn","article_publisher":"https:\/\/www.facebook.com\/turijnmagazijn","article_modified_time":"2025-04-15T17:03:58+00:00","og_image":[{"width":1024,"height":768,"url":"https:\/\/turijnmagazijn.nl\/wp-content\/uploads\/2023\/05\/DN0100305-Sleutelhanger-metaal-chroom-Fiat-logo-3-jpg.webp","type":"image\/jpeg"}],"twitter_card":"summary_large_image","twitter_misc":{"Gesch\u00e4tzte Lesezeit":"1\u00a0Minute"},"schema":{"@context":"https:\/\/schema.org","@graph":[{"@type":"WebPage","@id":"https:\/\/turijnmagazijn.nl\/de\/produkt\/schlusselanhanger-metall-chrom-fiat-logo\/","url":"https:\/\/turijnmagazijn.nl\/de\/produkt\/schlusselanhanger-metall-chrom-fiat-logo\/","name":"Fiat rotes Logo Chrom Schl\u00fcsselanh\u00e4nger - Turijnmagazijn","isPartOf":{"@id":"https:\/\/turijnmagazijn.jumpstone-dev.nl\/#website"},"primaryImageOfPage":{"@id":"https:\/\/turijnmagazijn.nl\/de\/produkt\/schlusselanhanger-metall-chrom-fiat-logo\/#primaryimage"},"image":{"@id":"https:\/\/turijnmagazijn.nl\/de\/produkt\/schlusselanhanger-metall-chrom-fiat-logo\/#primaryimage"},"thumbnailUrl":"https:\/\/turijnmagazijn.nl\/wp-content\/uploads\/2023\/05\/DN0100305-Sleutelhanger-metaal-chroom-Fiat-logo-3-jpg.webp","datePublished":"2023-05-30T14:01:17+00:00","dateModified":"2025-04-15T17:03:58+00:00","breadcrumb":{"@id":"https:\/\/turijnmagazijn.nl\/de\/produkt\/schlusselanhanger-metall-chrom-fiat-logo\/#breadcrumb"},"inLanguage":"de","potentialAction":[{"@type":"ReadAction","target":["https:\/\/turijnmagazijn.nl\/de\/produkt\/schlusselanhanger-metall-chrom-fiat-logo\/"]}]},{"@type":"ImageObject","inLanguage":"de","@id":"https:\/\/turijnmagazijn.nl\/de\/produkt\/schlusselanhanger-metall-chrom-fiat-logo\/#primaryimage","url":"https:\/\/turijnmagazijn.nl\/wp-content\/uploads\/2023\/05\/DN0100305-Sleutelhanger-metaal-chroom-Fiat-logo-3-jpg.webp","contentUrl":"https:\/\/turijnmagazijn.nl\/wp-content\/uploads\/2023\/05\/DN0100305-Sleutelhanger-metaal-chroom-Fiat-logo-3-jpg.webp","width":1024,"height":768},{"@type":"BreadcrumbList","@id":"https:\/\/turijnmagazijn.nl\/de\/produkt\/schlusselanhanger-metall-chrom-fiat-logo\/#breadcrumb","itemListElement":[{"@type":"ListItem","position":1,"name":"Home","item":"https:\/\/turijnmagazijn.nl\/de\/"},{"@type":"ListItem","position":2,"name":"Produkte","item":"https:\/\/turijnmagazijn.nl\/de\/shop\/"},{"@type":"ListItem","position":3,"name":"Fiat rotes Logo Chrom Schl\u00fcsselanh\u00e4nger"}]},{"@type":"WebSite","@id":"https:\/\/turijnmagazijn.jumpstone-dev.nl\/#website","url":"https:\/\/turijnmagazijn.jumpstone-dev.nl\/","name":"Turijnmagazijn","description":"Onderdelen nieuw en gebruikt - Fiat &amp; Lancia","publisher":{"@id":"https:\/\/turijnmagazijn.jumpstone-dev.nl\/#organization"},"potentialAction":[{"@type":"SearchAction","target":{"@type":"EntryPoint","urlTemplate":"https:\/\/turijnmagazijn.jumpstone-dev.nl\/?s={search_term_string}"},"query-input":{"@type":"PropertyValueSpecification","valueRequired":true,"valueName":"search_term_string"}}],"inLanguage":"de"},{"@type":"Organization","@id":"https:\/\/turijnmagazijn.jumpstone-dev.nl\/#organization","name":"Turijnmagazijn","url":"https:\/\/turijnmagazijn.jumpstone-dev.nl\/","logo":{"@type":"ImageObject","inLanguage":"de","@id":"https:\/\/turijnmagazijn.jumpstone-dev.nl\/#\/schema\/logo\/image\/","url":"https:\/\/turijnmagazijn.nl\/wp-content\/uploads\/2021\/02\/turijnmagazijnlogo.png","contentUrl":"https:\/\/turijnmagazijn.nl\/wp-content\/uploads\/2021\/02\/turijnmagazijnlogo.png","width":555,"height":270,"caption":"Turijnmagazijn"},"image":{"@id":"https:\/\/turijnmagazijn.jumpstone-dev.nl\/#\/schema\/logo\/image\/"},"sameAs":["https:\/\/www.facebook.com\/turijnmagazijn"]}]}},"_links":{"self":[{"href":"https:\/\/turijnmagazijn.nl\/de\/wp-json\/wp\/v2\/product\/69167","targetHints":{"allow":["GET"]}}],"collection":[{"href":"https:\/\/turijnmagazijn.nl\/de\/wp-json\/wp\/v2\/product"}],"about":[{"href":"https:\/\/turijnmagazijn.nl\/de\/wp-json\/wp\/v2\/types\/product"}],"replies":[{"embeddable":true,"href":"https:\/\/turijnmagazijn.nl\/de\/wp-json\/wp\/v2\/comments?post=69167"}],"wp:featuredmedia":[{"embeddable":true,"href":"https:\/\/turijnmagazijn.nl\/de\/wp-json\/wp\/v2\/media\/69496"}],"wp:attachment":[{"href":"https:\/\/turijnmagazijn.nl\/de\/wp-json\/wp\/v2\/media?parent=69167"}],"wp:term":[{"taxonomy":"product_brand","embeddable":true,"href":"https:\/\/turijnmagazijn.nl\/de\/wp-json\/wp\/v2\/product_brand?post=69167"},{"taxonomy":"product_cat","embeddable":true,"href":"https:\/\/turijnmagazijn.nl\/de\/wp-json\/wp\/v2\/product_cat?post=69167"},{"taxonomy":"product_tag","embeddable":true,"href":"https:\/\/turijnmagazijn.nl\/de\/wp-json\/wp\/v2\/product_tag?post=69167"}],"curies":[{"name":"wp","href":"https:\/\/api.w.org\/{rel}","templated":true}]}}