{"id":69225,"date":"2023-05-27T22:19:15","date_gmt":"2023-05-27T20:19:15","guid":{"rendered":"https:\/\/turijnmagazijn.nl\/product\/mechanisches-schlossset-mit-2-schluesseln-fiat-punto-1\/"},"modified":"2023-05-27T22:19:15","modified_gmt":"2023-05-27T20:19:15","slug":"mechanisches-schloss-set-mit-2-schlussel-fiat-punto-1","status":"publish","type":"product","link":"https:\/\/turijnmagazijn.nl\/de\/produkt\/mechanisches-schloss-set-mit-2-schlussel-fiat-punto-1\/","title":{"rendered":"Mechanisches Schlossset mit 2 Schl\u00fcsseln Fiat Punto 1"},"content":{"rendered":"<p>Neues Set bestehend aus:<\/p>\n<p>2 geschliffene blaue Fiat-Schl\u00fcssel<\/p>\n<p>1 Z\u00fcndschlie\u00dfzylinder<\/p>\n<p>4 Zylinder T\u00fcr \/ Heckklappe \/ Handschuhfach<\/p>\n<p>&nbsp;<\/p>\n<p>Komplettes Set zum Austausch bei Verlust des meachnic-Schl\u00fcssels.<\/p>\n<p>Die Elektronik f\u00fcr die Zentralverriegelung und f\u00fcr die elektronische Wegfahrsperre ist nicht im Lieferumfang enthalten. kann von einem vorhandenen Schl\u00fcssel \u00fcbernommen werden, falls vorhanden.<\/p>\n<p>&nbsp;<\/p>\n<p>&nbsp;<\/p>\n<p>OEM Fiat 712600040<\/p>\n","protected":false},"excerpt":{"rendered":"<p>712600040 Mechanisches Schlossset mit 2 Schl\u00fcsseln Fiat Punto 1<\/p>\n","protected":false},"featured_media":69501,"comment_status":"open","ping_status":"closed","template":"","meta":{"_acf_changed":false},"product_brand":[],"product_cat":[1689,1745],"product_tag":[],"class_list":{"0":"post-69225","1":"product","2":"type-product","3":"status-publish","4":"has-post-thumbnail","6":"product_cat-fiat-de","7":"product_cat-punto-1-176-de","8":"pa_soort-onderdeel-interieur-und-polsterung","10":"first","11":"instock","12":"sale","13":"taxable","14":"shipping-taxable","15":"purchasable","16":"product-type-simple"},"acf":[],"yoast_head":"<!-- This site is optimized with the Yoast SEO plugin v27.2 - https:\/\/yoast.com\/product\/yoast-seo-wordpress\/ -->\n<title>Mechanisches Schlossset mit 2 Schl\u00fcsseln Fiat Punto 1 - Turijnmagazijn<\/title>\n<meta name=\"robots\" content=\"index, follow, max-snippet:-1, max-image-preview:large, max-video-preview:-1\" \/>\n<link rel=\"canonical\" href=\"https:\/\/turijnmagazijn.nl\/de\/produkt\/mechanisches-schloss-set-mit-2-schlussel-fiat-punto-1\/\" \/>\n<meta property=\"og:locale\" content=\"de_DE\" \/>\n<meta property=\"og:type\" content=\"article\" \/>\n<meta property=\"og:title\" content=\"Mechanisches Schlossset mit 2 Schl\u00fcsseln Fiat Punto 1 - Turijnmagazijn\" \/>\n<meta property=\"og:description\" content=\"712600040 Mechanisches Schlossset mit 2 Schl\u00fcsseln Fiat Punto 1\" \/>\n<meta property=\"og:url\" content=\"https:\/\/turijnmagazijn.nl\/de\/produkt\/mechanisches-schloss-set-mit-2-schlussel-fiat-punto-1\/\" \/>\n<meta property=\"og:site_name\" content=\"Turijnmagazijn\" \/>\n<meta property=\"article:publisher\" content=\"https:\/\/www.facebook.com\/turijnmagazijn\" \/>\n<meta name=\"twitter:card\" content=\"summary_large_image\" \/>\n<script type=\"application\/ld+json\" class=\"yoast-schema-graph\">{\"@context\":\"https:\/\/schema.org\",\"@graph\":[{\"@type\":\"WebPage\",\"@id\":\"https:\/\/turijnmagazijn.nl\/de\/produkt\/mechanisches-schloss-set-mit-2-schlussel-fiat-punto-1\/\",\"url\":\"https:\/\/turijnmagazijn.nl\/de\/produkt\/mechanisches-schloss-set-mit-2-schlussel-fiat-punto-1\/\",\"name\":\"Mechanisches Schlossset mit 2 Schl\u00fcsseln Fiat Punto 1 - Turijnmagazijn\",\"isPartOf\":{\"@id\":\"https:\/\/turijnmagazijn.jumpstone-dev.nl\/#website\"},\"primaryImageOfPage\":{\"@id\":\"https:\/\/turijnmagazijn.nl\/de\/produkt\/mechanisches-schloss-set-mit-2-schlussel-fiat-punto-1\/#primaryimage\"},\"image\":{\"@id\":\"https:\/\/turijnmagazijn.nl\/de\/produkt\/mechanisches-schloss-set-mit-2-schlussel-fiat-punto-1\/#primaryimage\"},\"thumbnailUrl\":\"https:\/\/turijnmagazijn.nl\/wp-content\/uploads\/2023\/05\/DN0100306-Slot-clinder-set-compleet-met-2-sleutels-Fiat-blauw-Punto-2-712600040-3-jpg.webp\",\"datePublished\":\"2023-05-27T20:19:15+00:00\",\"breadcrumb\":{\"@id\":\"https:\/\/turijnmagazijn.nl\/de\/produkt\/mechanisches-schloss-set-mit-2-schlussel-fiat-punto-1\/#breadcrumb\"},\"inLanguage\":\"de\",\"potentialAction\":[{\"@type\":\"ReadAction\",\"target\":[\"https:\/\/turijnmagazijn.nl\/de\/produkt\/mechanisches-schloss-set-mit-2-schlussel-fiat-punto-1\/\"]}]},{\"@type\":\"ImageObject\",\"inLanguage\":\"de\",\"@id\":\"https:\/\/turijnmagazijn.nl\/de\/produkt\/mechanisches-schloss-set-mit-2-schlussel-fiat-punto-1\/#primaryimage\",\"url\":\"https:\/\/turijnmagazijn.nl\/wp-content\/uploads\/2023\/05\/DN0100306-Slot-clinder-set-compleet-met-2-sleutels-Fiat-blauw-Punto-2-712600040-3-jpg.webp\",\"contentUrl\":\"https:\/\/turijnmagazijn.nl\/wp-content\/uploads\/2023\/05\/DN0100306-Slot-clinder-set-compleet-met-2-sleutels-Fiat-blauw-Punto-2-712600040-3-jpg.webp\",\"width\":1024,\"height\":768},{\"@type\":\"BreadcrumbList\",\"@id\":\"https:\/\/turijnmagazijn.nl\/de\/produkt\/mechanisches-schloss-set-mit-2-schlussel-fiat-punto-1\/#breadcrumb\",\"itemListElement\":[{\"@type\":\"ListItem\",\"position\":1,\"name\":\"Home\",\"item\":\"https:\/\/turijnmagazijn.nl\/de\/\"},{\"@type\":\"ListItem\",\"position\":2,\"name\":\"Produkte\",\"item\":\"https:\/\/turijnmagazijn.nl\/de\/shop\/\"},{\"@type\":\"ListItem\",\"position\":3,\"name\":\"Mechanisches Schlossset mit 2 Schl\u00fcsseln Fiat Punto 1\"}]},{\"@type\":\"WebSite\",\"@id\":\"https:\/\/turijnmagazijn.jumpstone-dev.nl\/#website\",\"url\":\"https:\/\/turijnmagazijn.jumpstone-dev.nl\/\",\"name\":\"Turijnmagazijn\",\"description\":\"Onderdelen nieuw en gebruikt - Fiat &amp; Lancia\",\"publisher\":{\"@id\":\"https:\/\/turijnmagazijn.jumpstone-dev.nl\/#organization\"},\"potentialAction\":[{\"@type\":\"SearchAction\",\"target\":{\"@type\":\"EntryPoint\",\"urlTemplate\":\"https:\/\/turijnmagazijn.jumpstone-dev.nl\/?s={search_term_string}\"},\"query-input\":{\"@type\":\"PropertyValueSpecification\",\"valueRequired\":true,\"valueName\":\"search_term_string\"}}],\"inLanguage\":\"de\"},{\"@type\":\"Organization\",\"@id\":\"https:\/\/turijnmagazijn.jumpstone-dev.nl\/#organization\",\"name\":\"Turijnmagazijn\",\"url\":\"https:\/\/turijnmagazijn.jumpstone-dev.nl\/\",\"logo\":{\"@type\":\"ImageObject\",\"inLanguage\":\"de\",\"@id\":\"https:\/\/turijnmagazijn.jumpstone-dev.nl\/#\/schema\/logo\/image\/\",\"url\":\"https:\/\/turijnmagazijn.nl\/wp-content\/uploads\/2021\/02\/turijnmagazijnlogo.png\",\"contentUrl\":\"https:\/\/turijnmagazijn.nl\/wp-content\/uploads\/2021\/02\/turijnmagazijnlogo.png\",\"width\":555,\"height\":270,\"caption\":\"Turijnmagazijn\"},\"image\":{\"@id\":\"https:\/\/turijnmagazijn.jumpstone-dev.nl\/#\/schema\/logo\/image\/\"},\"sameAs\":[\"https:\/\/www.facebook.com\/turijnmagazijn\"]}]}<\/script>\n<!-- \/ Yoast SEO plugin. -->","yoast_head_json":{"title":"Mechanisches Schlossset mit 2 Schl\u00fcsseln Fiat Punto 1 - Turijnmagazijn","robots":{"index":"index","follow":"follow","max-snippet":"max-snippet:-1","max-image-preview":"max-image-preview:large","max-video-preview":"max-video-preview:-1"},"canonical":"https:\/\/turijnmagazijn.nl\/de\/produkt\/mechanisches-schloss-set-mit-2-schlussel-fiat-punto-1\/","og_locale":"de_DE","og_type":"article","og_title":"Mechanisches Schlossset mit 2 Schl\u00fcsseln Fiat Punto 1 - Turijnmagazijn","og_description":"712600040 Mechanisches Schlossset mit 2 Schl\u00fcsseln Fiat Punto 1","og_url":"https:\/\/turijnmagazijn.nl\/de\/produkt\/mechanisches-schloss-set-mit-2-schlussel-fiat-punto-1\/","og_site_name":"Turijnmagazijn","article_publisher":"https:\/\/www.facebook.com\/turijnmagazijn","twitter_card":"summary_large_image","schema":{"@context":"https:\/\/schema.org","@graph":[{"@type":"WebPage","@id":"https:\/\/turijnmagazijn.nl\/de\/produkt\/mechanisches-schloss-set-mit-2-schlussel-fiat-punto-1\/","url":"https:\/\/turijnmagazijn.nl\/de\/produkt\/mechanisches-schloss-set-mit-2-schlussel-fiat-punto-1\/","name":"Mechanisches Schlossset mit 2 Schl\u00fcsseln Fiat Punto 1 - Turijnmagazijn","isPartOf":{"@id":"https:\/\/turijnmagazijn.jumpstone-dev.nl\/#website"},"primaryImageOfPage":{"@id":"https:\/\/turijnmagazijn.nl\/de\/produkt\/mechanisches-schloss-set-mit-2-schlussel-fiat-punto-1\/#primaryimage"},"image":{"@id":"https:\/\/turijnmagazijn.nl\/de\/produkt\/mechanisches-schloss-set-mit-2-schlussel-fiat-punto-1\/#primaryimage"},"thumbnailUrl":"https:\/\/turijnmagazijn.nl\/wp-content\/uploads\/2023\/05\/DN0100306-Slot-clinder-set-compleet-met-2-sleutels-Fiat-blauw-Punto-2-712600040-3-jpg.webp","datePublished":"2023-05-27T20:19:15+00:00","breadcrumb":{"@id":"https:\/\/turijnmagazijn.nl\/de\/produkt\/mechanisches-schloss-set-mit-2-schlussel-fiat-punto-1\/#breadcrumb"},"inLanguage":"de","potentialAction":[{"@type":"ReadAction","target":["https:\/\/turijnmagazijn.nl\/de\/produkt\/mechanisches-schloss-set-mit-2-schlussel-fiat-punto-1\/"]}]},{"@type":"ImageObject","inLanguage":"de","@id":"https:\/\/turijnmagazijn.nl\/de\/produkt\/mechanisches-schloss-set-mit-2-schlussel-fiat-punto-1\/#primaryimage","url":"https:\/\/turijnmagazijn.nl\/wp-content\/uploads\/2023\/05\/DN0100306-Slot-clinder-set-compleet-met-2-sleutels-Fiat-blauw-Punto-2-712600040-3-jpg.webp","contentUrl":"https:\/\/turijnmagazijn.nl\/wp-content\/uploads\/2023\/05\/DN0100306-Slot-clinder-set-compleet-met-2-sleutels-Fiat-blauw-Punto-2-712600040-3-jpg.webp","width":1024,"height":768},{"@type":"BreadcrumbList","@id":"https:\/\/turijnmagazijn.nl\/de\/produkt\/mechanisches-schloss-set-mit-2-schlussel-fiat-punto-1\/#breadcrumb","itemListElement":[{"@type":"ListItem","position":1,"name":"Home","item":"https:\/\/turijnmagazijn.nl\/de\/"},{"@type":"ListItem","position":2,"name":"Produkte","item":"https:\/\/turijnmagazijn.nl\/de\/shop\/"},{"@type":"ListItem","position":3,"name":"Mechanisches Schlossset mit 2 Schl\u00fcsseln Fiat Punto 1"}]},{"@type":"WebSite","@id":"https:\/\/turijnmagazijn.jumpstone-dev.nl\/#website","url":"https:\/\/turijnmagazijn.jumpstone-dev.nl\/","name":"Turijnmagazijn","description":"Onderdelen nieuw en gebruikt - Fiat &amp; Lancia","publisher":{"@id":"https:\/\/turijnmagazijn.jumpstone-dev.nl\/#organization"},"potentialAction":[{"@type":"SearchAction","target":{"@type":"EntryPoint","urlTemplate":"https:\/\/turijnmagazijn.jumpstone-dev.nl\/?s={search_term_string}"},"query-input":{"@type":"PropertyValueSpecification","valueRequired":true,"valueName":"search_term_string"}}],"inLanguage":"de"},{"@type":"Organization","@id":"https:\/\/turijnmagazijn.jumpstone-dev.nl\/#organization","name":"Turijnmagazijn","url":"https:\/\/turijnmagazijn.jumpstone-dev.nl\/","logo":{"@type":"ImageObject","inLanguage":"de","@id":"https:\/\/turijnmagazijn.jumpstone-dev.nl\/#\/schema\/logo\/image\/","url":"https:\/\/turijnmagazijn.nl\/wp-content\/uploads\/2021\/02\/turijnmagazijnlogo.png","contentUrl":"https:\/\/turijnmagazijn.nl\/wp-content\/uploads\/2021\/02\/turijnmagazijnlogo.png","width":555,"height":270,"caption":"Turijnmagazijn"},"image":{"@id":"https:\/\/turijnmagazijn.jumpstone-dev.nl\/#\/schema\/logo\/image\/"},"sameAs":["https:\/\/www.facebook.com\/turijnmagazijn"]}]}},"_links":{"self":[{"href":"https:\/\/turijnmagazijn.nl\/de\/wp-json\/wp\/v2\/product\/69225","targetHints":{"allow":["GET"]}}],"collection":[{"href":"https:\/\/turijnmagazijn.nl\/de\/wp-json\/wp\/v2\/product"}],"about":[{"href":"https:\/\/turijnmagazijn.nl\/de\/wp-json\/wp\/v2\/types\/product"}],"replies":[{"embeddable":true,"href":"https:\/\/turijnmagazijn.nl\/de\/wp-json\/wp\/v2\/comments?post=69225"}],"wp:featuredmedia":[{"embeddable":true,"href":"https:\/\/turijnmagazijn.nl\/de\/wp-json\/wp\/v2\/media\/69501"}],"wp:attachment":[{"href":"https:\/\/turijnmagazijn.nl\/de\/wp-json\/wp\/v2\/media?parent=69225"}],"wp:term":[{"taxonomy":"product_brand","embeddable":true,"href":"https:\/\/turijnmagazijn.nl\/de\/wp-json\/wp\/v2\/product_brand?post=69225"},{"taxonomy":"product_cat","embeddable":true,"href":"https:\/\/turijnmagazijn.nl\/de\/wp-json\/wp\/v2\/product_cat?post=69225"},{"taxonomy":"product_tag","embeddable":true,"href":"https:\/\/turijnmagazijn.nl\/de\/wp-json\/wp\/v2\/product_tag?post=69225"}],"curies":[{"name":"wp","href":"https:\/\/api.w.org\/{rel}","templated":true}]}}