{"id":69292,"date":"2023-04-28T19:41:25","date_gmt":"2023-04-28T17:41:25","guid":{"rendered":"https:\/\/turijnmagazijn.nl\/product\/armaturenteil-ruecklicht-rechts-lancia-ypsilon-1\/"},"modified":"2023-04-28T19:41:25","modified_gmt":"2023-04-28T17:41:25","slug":"armaturenteil-rucklicht-rechts-lancia-ypsilon-1","status":"publish","type":"product","link":"https:\/\/turijnmagazijn.nl\/de\/produkt\/armaturenteil-rucklicht-rechts-lancia-ypsilon-1\/","title":{"rendered":"Armaturenteil R\u00fccklicht rechts Lancia Ypsilon 1"},"content":{"rendered":"<p>Gebrauchtes Teil.<\/p>\n<p>Passend f\u00fcr Leuchten zur Platzierung im rechten R\u00fccklicht f\u00fcr Lancia Ypsilon Typ 1. (Baureihe 840)<\/p>\n<p>Das Ger\u00e4t ist mit 5 Lichtern ausgestattet. Das Ger\u00e4t funktioniert einwandfrei und ist rostfrei.<\/p>\n<p>OEM Lancia ZUGEH\u00d6RIGE NUMMER DES KOMPLETTEN TEILS 46777339<\/p>\n","protected":false},"excerpt":{"rendered":"<p>46777339 Passend mit Leuchten zur Platzierung im R\u00fccklicht f\u00fcr Lancia Ypsilon Typ 1. (Baureihe 840)<\/p>\n","protected":false},"featured_media":68671,"comment_status":"closed","ping_status":"closed","template":"","meta":{"_acf_changed":false},"product_brand":[],"product_cat":[1797,1913],"product_tag":[],"class_list":{"0":"post-69292","1":"product","2":"type-product","3":"status-publish","4":"has-post-thumbnail","6":"product_cat-lancia-de","7":"product_cat-ypsilon-1-840-de","8":"pa_soort-onderdeel-beleuchtung","10":"first","11":"instock","12":"shipping-taxable","13":"purchasable","14":"product-type-simple"},"acf":[],"yoast_head":"<!-- This site is optimized with the Yoast SEO plugin v27.2 - https:\/\/yoast.com\/product\/yoast-seo-wordpress\/ -->\n<title>Armaturenteil R\u00fccklicht rechts Lancia Ypsilon 1 - Turijnmagazijn<\/title>\n<meta name=\"robots\" content=\"index, follow, max-snippet:-1, max-image-preview:large, max-video-preview:-1\" \/>\n<link rel=\"canonical\" href=\"https:\/\/turijnmagazijn.nl\/de\/produkt\/armaturenteil-rucklicht-rechts-lancia-ypsilon-1\/\" \/>\n<meta property=\"og:locale\" content=\"de_DE\" \/>\n<meta property=\"og:type\" content=\"article\" \/>\n<meta property=\"og:title\" content=\"Armaturenteil R\u00fccklicht rechts Lancia Ypsilon 1 - Turijnmagazijn\" \/>\n<meta property=\"og:description\" content=\"46777339 Passend mit Leuchten zur Platzierung im R\u00fccklicht f\u00fcr Lancia Ypsilon Typ 1. (Baureihe 840)\" \/>\n<meta property=\"og:url\" content=\"https:\/\/turijnmagazijn.nl\/de\/produkt\/armaturenteil-rucklicht-rechts-lancia-ypsilon-1\/\" \/>\n<meta property=\"og:site_name\" content=\"Turijnmagazijn\" \/>\n<meta property=\"article:publisher\" content=\"https:\/\/www.facebook.com\/turijnmagazijn\" \/>\n<meta property=\"og:image\" content=\"https:\/\/turijnmagazijn.jumpstone-dev.nl\/wp-content\/uploads\/2023\/04\/DK0102582-Fittingdeel-Achterlicht-Rechts-Lancia-Ypsilon-1-4-jpg.webp\" \/>\n\t<meta property=\"og:image:width\" content=\"1024\" \/>\n\t<meta property=\"og:image:height\" content=\"768\" \/>\n\t<meta property=\"og:image:type\" content=\"image\/jpeg\" \/>\n<meta name=\"twitter:card\" content=\"summary_large_image\" \/>\n<script type=\"application\/ld+json\" class=\"yoast-schema-graph\">{\"@context\":\"https:\/\/schema.org\",\"@graph\":[{\"@type\":\"WebPage\",\"@id\":\"https:\/\/turijnmagazijn.nl\/de\/produkt\/armaturenteil-rucklicht-rechts-lancia-ypsilon-1\/\",\"url\":\"https:\/\/turijnmagazijn.nl\/de\/produkt\/armaturenteil-rucklicht-rechts-lancia-ypsilon-1\/\",\"name\":\"Armaturenteil R\u00fccklicht rechts Lancia Ypsilon 1 - Turijnmagazijn\",\"isPartOf\":{\"@id\":\"https:\/\/turijnmagazijn.jumpstone-dev.nl\/#website\"},\"primaryImageOfPage\":{\"@id\":\"https:\/\/turijnmagazijn.nl\/de\/produkt\/armaturenteil-rucklicht-rechts-lancia-ypsilon-1\/#primaryimage\"},\"image\":{\"@id\":\"https:\/\/turijnmagazijn.nl\/de\/produkt\/armaturenteil-rucklicht-rechts-lancia-ypsilon-1\/#primaryimage\"},\"thumbnailUrl\":\"https:\/\/turijnmagazijn.nl\/wp-content\/uploads\/2023\/04\/DK0102582-Fittingdeel-Achterlicht-Rechts-Lancia-Ypsilon-1-4-jpg.webp\",\"datePublished\":\"2023-04-28T17:41:25+00:00\",\"breadcrumb\":{\"@id\":\"https:\/\/turijnmagazijn.nl\/de\/produkt\/armaturenteil-rucklicht-rechts-lancia-ypsilon-1\/#breadcrumb\"},\"inLanguage\":\"de\",\"potentialAction\":[{\"@type\":\"ReadAction\",\"target\":[\"https:\/\/turijnmagazijn.nl\/de\/produkt\/armaturenteil-rucklicht-rechts-lancia-ypsilon-1\/\"]}]},{\"@type\":\"ImageObject\",\"inLanguage\":\"de\",\"@id\":\"https:\/\/turijnmagazijn.nl\/de\/produkt\/armaturenteil-rucklicht-rechts-lancia-ypsilon-1\/#primaryimage\",\"url\":\"https:\/\/turijnmagazijn.nl\/wp-content\/uploads\/2023\/04\/DK0102582-Fittingdeel-Achterlicht-Rechts-Lancia-Ypsilon-1-4-jpg.webp\",\"contentUrl\":\"https:\/\/turijnmagazijn.nl\/wp-content\/uploads\/2023\/04\/DK0102582-Fittingdeel-Achterlicht-Rechts-Lancia-Ypsilon-1-4-jpg.webp\",\"width\":1024,\"height\":768},{\"@type\":\"BreadcrumbList\",\"@id\":\"https:\/\/turijnmagazijn.nl\/de\/produkt\/armaturenteil-rucklicht-rechts-lancia-ypsilon-1\/#breadcrumb\",\"itemListElement\":[{\"@type\":\"ListItem\",\"position\":1,\"name\":\"Home\",\"item\":\"https:\/\/turijnmagazijn.nl\/de\/\"},{\"@type\":\"ListItem\",\"position\":2,\"name\":\"Produkte\",\"item\":\"https:\/\/turijnmagazijn.nl\/de\/shop\/\"},{\"@type\":\"ListItem\",\"position\":3,\"name\":\"Armaturenteil R\u00fccklicht rechts Lancia Ypsilon 1\"}]},{\"@type\":\"WebSite\",\"@id\":\"https:\/\/turijnmagazijn.jumpstone-dev.nl\/#website\",\"url\":\"https:\/\/turijnmagazijn.jumpstone-dev.nl\/\",\"name\":\"Turijnmagazijn\",\"description\":\"Onderdelen nieuw en gebruikt - Fiat &amp; Lancia\",\"publisher\":{\"@id\":\"https:\/\/turijnmagazijn.jumpstone-dev.nl\/#organization\"},\"potentialAction\":[{\"@type\":\"SearchAction\",\"target\":{\"@type\":\"EntryPoint\",\"urlTemplate\":\"https:\/\/turijnmagazijn.jumpstone-dev.nl\/?s={search_term_string}\"},\"query-input\":{\"@type\":\"PropertyValueSpecification\",\"valueRequired\":true,\"valueName\":\"search_term_string\"}}],\"inLanguage\":\"de\"},{\"@type\":\"Organization\",\"@id\":\"https:\/\/turijnmagazijn.jumpstone-dev.nl\/#organization\",\"name\":\"Turijnmagazijn\",\"url\":\"https:\/\/turijnmagazijn.jumpstone-dev.nl\/\",\"logo\":{\"@type\":\"ImageObject\",\"inLanguage\":\"de\",\"@id\":\"https:\/\/turijnmagazijn.jumpstone-dev.nl\/#\/schema\/logo\/image\/\",\"url\":\"https:\/\/turijnmagazijn.nl\/wp-content\/uploads\/2021\/02\/turijnmagazijnlogo.png\",\"contentUrl\":\"https:\/\/turijnmagazijn.nl\/wp-content\/uploads\/2021\/02\/turijnmagazijnlogo.png\",\"width\":555,\"height\":270,\"caption\":\"Turijnmagazijn\"},\"image\":{\"@id\":\"https:\/\/turijnmagazijn.jumpstone-dev.nl\/#\/schema\/logo\/image\/\"},\"sameAs\":[\"https:\/\/www.facebook.com\/turijnmagazijn\"]}]}<\/script>\n<!-- \/ Yoast SEO plugin. -->","yoast_head_json":{"title":"Armaturenteil R\u00fccklicht rechts Lancia Ypsilon 1 - Turijnmagazijn","robots":{"index":"index","follow":"follow","max-snippet":"max-snippet:-1","max-image-preview":"max-image-preview:large","max-video-preview":"max-video-preview:-1"},"canonical":"https:\/\/turijnmagazijn.nl\/de\/produkt\/armaturenteil-rucklicht-rechts-lancia-ypsilon-1\/","og_locale":"de_DE","og_type":"article","og_title":"Armaturenteil R\u00fccklicht rechts Lancia Ypsilon 1 - Turijnmagazijn","og_description":"46777339 Passend mit Leuchten zur Platzierung im R\u00fccklicht f\u00fcr Lancia Ypsilon Typ 1. (Baureihe 840)","og_url":"https:\/\/turijnmagazijn.nl\/de\/produkt\/armaturenteil-rucklicht-rechts-lancia-ypsilon-1\/","og_site_name":"Turijnmagazijn","article_publisher":"https:\/\/www.facebook.com\/turijnmagazijn","og_image":[{"width":1024,"height":768,"url":"https:\/\/turijnmagazijn.jumpstone-dev.nl\/wp-content\/uploads\/2023\/04\/DK0102582-Fittingdeel-Achterlicht-Rechts-Lancia-Ypsilon-1-4-jpg.webp","type":"image\/jpeg"}],"twitter_card":"summary_large_image","schema":{"@context":"https:\/\/schema.org","@graph":[{"@type":"WebPage","@id":"https:\/\/turijnmagazijn.nl\/de\/produkt\/armaturenteil-rucklicht-rechts-lancia-ypsilon-1\/","url":"https:\/\/turijnmagazijn.nl\/de\/produkt\/armaturenteil-rucklicht-rechts-lancia-ypsilon-1\/","name":"Armaturenteil R\u00fccklicht rechts Lancia Ypsilon 1 - Turijnmagazijn","isPartOf":{"@id":"https:\/\/turijnmagazijn.jumpstone-dev.nl\/#website"},"primaryImageOfPage":{"@id":"https:\/\/turijnmagazijn.nl\/de\/produkt\/armaturenteil-rucklicht-rechts-lancia-ypsilon-1\/#primaryimage"},"image":{"@id":"https:\/\/turijnmagazijn.nl\/de\/produkt\/armaturenteil-rucklicht-rechts-lancia-ypsilon-1\/#primaryimage"},"thumbnailUrl":"https:\/\/turijnmagazijn.nl\/wp-content\/uploads\/2023\/04\/DK0102582-Fittingdeel-Achterlicht-Rechts-Lancia-Ypsilon-1-4-jpg.webp","datePublished":"2023-04-28T17:41:25+00:00","breadcrumb":{"@id":"https:\/\/turijnmagazijn.nl\/de\/produkt\/armaturenteil-rucklicht-rechts-lancia-ypsilon-1\/#breadcrumb"},"inLanguage":"de","potentialAction":[{"@type":"ReadAction","target":["https:\/\/turijnmagazijn.nl\/de\/produkt\/armaturenteil-rucklicht-rechts-lancia-ypsilon-1\/"]}]},{"@type":"ImageObject","inLanguage":"de","@id":"https:\/\/turijnmagazijn.nl\/de\/produkt\/armaturenteil-rucklicht-rechts-lancia-ypsilon-1\/#primaryimage","url":"https:\/\/turijnmagazijn.nl\/wp-content\/uploads\/2023\/04\/DK0102582-Fittingdeel-Achterlicht-Rechts-Lancia-Ypsilon-1-4-jpg.webp","contentUrl":"https:\/\/turijnmagazijn.nl\/wp-content\/uploads\/2023\/04\/DK0102582-Fittingdeel-Achterlicht-Rechts-Lancia-Ypsilon-1-4-jpg.webp","width":1024,"height":768},{"@type":"BreadcrumbList","@id":"https:\/\/turijnmagazijn.nl\/de\/produkt\/armaturenteil-rucklicht-rechts-lancia-ypsilon-1\/#breadcrumb","itemListElement":[{"@type":"ListItem","position":1,"name":"Home","item":"https:\/\/turijnmagazijn.nl\/de\/"},{"@type":"ListItem","position":2,"name":"Produkte","item":"https:\/\/turijnmagazijn.nl\/de\/shop\/"},{"@type":"ListItem","position":3,"name":"Armaturenteil R\u00fccklicht rechts Lancia Ypsilon 1"}]},{"@type":"WebSite","@id":"https:\/\/turijnmagazijn.jumpstone-dev.nl\/#website","url":"https:\/\/turijnmagazijn.jumpstone-dev.nl\/","name":"Turijnmagazijn","description":"Onderdelen nieuw en gebruikt - Fiat &amp; Lancia","publisher":{"@id":"https:\/\/turijnmagazijn.jumpstone-dev.nl\/#organization"},"potentialAction":[{"@type":"SearchAction","target":{"@type":"EntryPoint","urlTemplate":"https:\/\/turijnmagazijn.jumpstone-dev.nl\/?s={search_term_string}"},"query-input":{"@type":"PropertyValueSpecification","valueRequired":true,"valueName":"search_term_string"}}],"inLanguage":"de"},{"@type":"Organization","@id":"https:\/\/turijnmagazijn.jumpstone-dev.nl\/#organization","name":"Turijnmagazijn","url":"https:\/\/turijnmagazijn.jumpstone-dev.nl\/","logo":{"@type":"ImageObject","inLanguage":"de","@id":"https:\/\/turijnmagazijn.jumpstone-dev.nl\/#\/schema\/logo\/image\/","url":"https:\/\/turijnmagazijn.nl\/wp-content\/uploads\/2021\/02\/turijnmagazijnlogo.png","contentUrl":"https:\/\/turijnmagazijn.nl\/wp-content\/uploads\/2021\/02\/turijnmagazijnlogo.png","width":555,"height":270,"caption":"Turijnmagazijn"},"image":{"@id":"https:\/\/turijnmagazijn.jumpstone-dev.nl\/#\/schema\/logo\/image\/"},"sameAs":["https:\/\/www.facebook.com\/turijnmagazijn"]}]}},"_links":{"self":[{"href":"https:\/\/turijnmagazijn.nl\/de\/wp-json\/wp\/v2\/product\/69292","targetHints":{"allow":["GET"]}}],"collection":[{"href":"https:\/\/turijnmagazijn.nl\/de\/wp-json\/wp\/v2\/product"}],"about":[{"href":"https:\/\/turijnmagazijn.nl\/de\/wp-json\/wp\/v2\/types\/product"}],"replies":[{"embeddable":true,"href":"https:\/\/turijnmagazijn.nl\/de\/wp-json\/wp\/v2\/comments?post=69292"}],"wp:featuredmedia":[{"embeddable":true,"href":"https:\/\/turijnmagazijn.nl\/de\/wp-json\/wp\/v2\/media\/68671"}],"wp:attachment":[{"href":"https:\/\/turijnmagazijn.nl\/de\/wp-json\/wp\/v2\/media?parent=69292"}],"wp:term":[{"taxonomy":"product_brand","embeddable":true,"href":"https:\/\/turijnmagazijn.nl\/de\/wp-json\/wp\/v2\/product_brand?post=69292"},{"taxonomy":"product_cat","embeddable":true,"href":"https:\/\/turijnmagazijn.nl\/de\/wp-json\/wp\/v2\/product_cat?post=69292"},{"taxonomy":"product_tag","embeddable":true,"href":"https:\/\/turijnmagazijn.nl\/de\/wp-json\/wp\/v2\/product_tag?post=69292"}],"curies":[{"name":"wp","href":"https:\/\/api.w.org\/{rel}","templated":true}]}}