{"id":69326,"date":"2023-04-28T15:45:08","date_gmt":"2023-04-28T13:45:08","guid":{"rendered":"https:\/\/turijnmagazijn.nl\/product\/innenbeleuchtung-zentraleinheit-decke-lancia-kappa\/"},"modified":"2023-04-28T15:45:08","modified_gmt":"2023-04-28T13:45:08","slug":"innenbeleuchtung-zentraleinheit-decke-lancia-kappa-3","status":"publish","type":"product","link":"https:\/\/turijnmagazijn.nl\/de\/produkt\/innenbeleuchtung-zentraleinheit-decke-lancia-kappa-3\/","title":{"rendered":"Innenbeleuchtung Zentraleinheit Decke Lancia Kappa"},"content":{"rendered":"<p>Gebrauchte Deckenleuchte Innenbeleuchtung zur Montage im Himmel von Lancia Kappa. Er stammt aus einer Limousine aus dem Jahr 1998. Die Deckenleuchte funktioniert gut und ist mit allen Lichtern ausgestattet.<\/p>\n<p>Ausgestattet mit einem optischen Sensor f\u00fcr den Alarm des Herstellers TRW Sipea mit 12-poligem Anschluss. Die Deckenleuchte verf\u00fcgt \u00fcber einen dreipoligen Anschluss.<\/p>\n<p>Dieses Ger\u00e4t befindet sich in einem<strong> besch\u00e4digten Zustand<\/strong>. Die Kappe des Ger\u00e4tes zur Steuerung der Fernbedienung f\u00fcr die Zentralverriegelung fehlt und ein loses Kabel h\u00e4ngt heraus. Gehen Sie davon aus, dass dieser Abschnitt fehlerhaft ist. Sehen Sie sich detaillierte Fotos an.<\/p>\n<p>Inschriften auf dem Ger\u00e4t:<br \/>\n1133397<\/p>\n<p>OEM-Nummer Lancia 720162060<\/p>\n","protected":false},"excerpt":{"rendered":"<p>Innenbeleuchtung Zentraleinheit Decke Lancia Kappa &#8211; Deckenleuchte Innenbeleuchtung f\u00fcr die Montage im Himmel von Lancia Kappa.<\/p>\n","protected":false},"featured_media":68243,"comment_status":"closed","ping_status":"closed","template":"","meta":{"_acf_changed":false},"product_brand":[],"product_cat":[1864,1867,1859,1797,1869],"product_tag":[],"class_list":{"0":"post-69326","1":"product","2":"type-product","3":"status-publish","4":"has-post-thumbnail","6":"product_cat-berlina-de","7":"product_cat-coupe-de","8":"product_cat-kappa-838-de","9":"product_cat-lancia-de","10":"product_cat-sw-de","11":"pa_soort-onderdeel-beleuchtung","13":"first","14":"instock","15":"shipping-taxable","16":"purchasable","17":"product-type-simple"},"acf":[],"yoast_head":"<!-- This site is optimized with the Yoast SEO plugin v27.3 - https:\/\/yoast.com\/product\/yoast-seo-wordpress\/ -->\n<title>Innenbeleuchtung Zentraleinheit Decke Lancia Kappa - Turijnmagazijn<\/title>\n<meta name=\"robots\" content=\"index, follow, max-snippet:-1, max-image-preview:large, max-video-preview:-1\" \/>\n<link rel=\"canonical\" href=\"https:\/\/turijnmagazijn.nl\/de\/produkt\/innenbeleuchtung-zentraleinheit-decke-lancia-kappa-3\/\" \/>\n<meta property=\"og:locale\" content=\"de_DE\" \/>\n<meta property=\"og:type\" content=\"article\" \/>\n<meta property=\"og:title\" content=\"Innenbeleuchtung Zentraleinheit Decke Lancia Kappa - Turijnmagazijn\" \/>\n<meta property=\"og:description\" content=\"Innenbeleuchtung Zentraleinheit Decke Lancia Kappa - Deckenleuchte Innenbeleuchtung f\u00fcr die Montage im Himmel von Lancia Kappa.\" \/>\n<meta property=\"og:url\" content=\"https:\/\/turijnmagazijn.nl\/de\/produkt\/innenbeleuchtung-zentraleinheit-decke-lancia-kappa-3\/\" \/>\n<meta property=\"og:site_name\" content=\"Turijnmagazijn\" \/>\n<meta property=\"article:publisher\" content=\"https:\/\/www.facebook.com\/turijnmagazijn\" \/>\n<meta property=\"og:image\" content=\"https:\/\/turijnmagazijn.jumpstone-dev.nl\/wp-content\/uploads\/2023\/04\/DK0102564-Interieurverlichting-centrale-unit-plafond-Lancia-Kappa-720162060-2-jpg.webp\" \/>\n\t<meta property=\"og:image:width\" content=\"1024\" \/>\n\t<meta property=\"og:image:height\" content=\"768\" \/>\n\t<meta property=\"og:image:type\" content=\"image\/jpeg\" \/>\n<meta name=\"twitter:card\" content=\"summary_large_image\" \/>\n<meta name=\"twitter:label1\" content=\"Gesch\u00e4tzte Lesezeit\" \/>\n\t<meta name=\"twitter:data1\" content=\"1\u00a0Minute\" \/>\n<script type=\"application\/ld+json\" class=\"yoast-schema-graph\">{\"@context\":\"https:\\\/\\\/schema.org\",\"@graph\":[{\"@type\":\"WebPage\",\"@id\":\"https:\\\/\\\/turijnmagazijn.nl\\\/de\\\/produkt\\\/innenbeleuchtung-zentraleinheit-decke-lancia-kappa-3\\\/\",\"url\":\"https:\\\/\\\/turijnmagazijn.nl\\\/de\\\/produkt\\\/innenbeleuchtung-zentraleinheit-decke-lancia-kappa-3\\\/\",\"name\":\"Innenbeleuchtung Zentraleinheit Decke Lancia Kappa - Turijnmagazijn\",\"isPartOf\":{\"@id\":\"https:\\\/\\\/turijnmagazijn.jumpstone-dev.nl\\\/#website\"},\"primaryImageOfPage\":{\"@id\":\"https:\\\/\\\/turijnmagazijn.nl\\\/de\\\/produkt\\\/innenbeleuchtung-zentraleinheit-decke-lancia-kappa-3\\\/#primaryimage\"},\"image\":{\"@id\":\"https:\\\/\\\/turijnmagazijn.nl\\\/de\\\/produkt\\\/innenbeleuchtung-zentraleinheit-decke-lancia-kappa-3\\\/#primaryimage\"},\"thumbnailUrl\":\"https:\\\/\\\/turijnmagazijn.nl\\\/wp-content\\\/uploads\\\/2023\\\/04\\\/DK0102564-Interieurverlichting-centrale-unit-plafond-Lancia-Kappa-720162060-2-jpg.webp\",\"datePublished\":\"2023-04-28T13:45:08+00:00\",\"breadcrumb\":{\"@id\":\"https:\\\/\\\/turijnmagazijn.nl\\\/de\\\/produkt\\\/innenbeleuchtung-zentraleinheit-decke-lancia-kappa-3\\\/#breadcrumb\"},\"inLanguage\":\"de\",\"potentialAction\":[{\"@type\":\"ReadAction\",\"target\":[\"https:\\\/\\\/turijnmagazijn.nl\\\/de\\\/produkt\\\/innenbeleuchtung-zentraleinheit-decke-lancia-kappa-3\\\/\"]}]},{\"@type\":\"ImageObject\",\"inLanguage\":\"de\",\"@id\":\"https:\\\/\\\/turijnmagazijn.nl\\\/de\\\/produkt\\\/innenbeleuchtung-zentraleinheit-decke-lancia-kappa-3\\\/#primaryimage\",\"url\":\"https:\\\/\\\/turijnmagazijn.nl\\\/wp-content\\\/uploads\\\/2023\\\/04\\\/DK0102564-Interieurverlichting-centrale-unit-plafond-Lancia-Kappa-720162060-2-jpg.webp\",\"contentUrl\":\"https:\\\/\\\/turijnmagazijn.nl\\\/wp-content\\\/uploads\\\/2023\\\/04\\\/DK0102564-Interieurverlichting-centrale-unit-plafond-Lancia-Kappa-720162060-2-jpg.webp\",\"width\":1024,\"height\":768,\"caption\":\"720162060\"},{\"@type\":\"BreadcrumbList\",\"@id\":\"https:\\\/\\\/turijnmagazijn.nl\\\/de\\\/produkt\\\/innenbeleuchtung-zentraleinheit-decke-lancia-kappa-3\\\/#breadcrumb\",\"itemListElement\":[{\"@type\":\"ListItem\",\"position\":1,\"name\":\"Home\",\"item\":\"https:\\\/\\\/turijnmagazijn.nl\\\/de\\\/\"},{\"@type\":\"ListItem\",\"position\":2,\"name\":\"Produkte\",\"item\":\"https:\\\/\\\/turijnmagazijn.nl\\\/de\\\/shop\\\/\"},{\"@type\":\"ListItem\",\"position\":3,\"name\":\"Innenbeleuchtung Zentraleinheit Decke Lancia Kappa\"}]},{\"@type\":\"WebSite\",\"@id\":\"https:\\\/\\\/turijnmagazijn.jumpstone-dev.nl\\\/#website\",\"url\":\"https:\\\/\\\/turijnmagazijn.jumpstone-dev.nl\\\/\",\"name\":\"Turijnmagazijn\",\"description\":\"Onderdelen nieuw en gebruikt - Fiat &amp; Lancia\",\"publisher\":{\"@id\":\"https:\\\/\\\/turijnmagazijn.jumpstone-dev.nl\\\/#organization\"},\"potentialAction\":[{\"@type\":\"SearchAction\",\"target\":{\"@type\":\"EntryPoint\",\"urlTemplate\":\"https:\\\/\\\/turijnmagazijn.jumpstone-dev.nl\\\/?s={search_term_string}\"},\"query-input\":{\"@type\":\"PropertyValueSpecification\",\"valueRequired\":true,\"valueName\":\"search_term_string\"}}],\"inLanguage\":\"de\"},{\"@type\":\"Organization\",\"@id\":\"https:\\\/\\\/turijnmagazijn.jumpstone-dev.nl\\\/#organization\",\"name\":\"Turijnmagazijn\",\"url\":\"https:\\\/\\\/turijnmagazijn.jumpstone-dev.nl\\\/\",\"logo\":{\"@type\":\"ImageObject\",\"inLanguage\":\"de\",\"@id\":\"https:\\\/\\\/turijnmagazijn.jumpstone-dev.nl\\\/#\\\/schema\\\/logo\\\/image\\\/\",\"url\":\"https:\\\/\\\/turijnmagazijn.nl\\\/wp-content\\\/uploads\\\/2021\\\/02\\\/turijnmagazijnlogo.png\",\"contentUrl\":\"https:\\\/\\\/turijnmagazijn.nl\\\/wp-content\\\/uploads\\\/2021\\\/02\\\/turijnmagazijnlogo.png\",\"width\":555,\"height\":270,\"caption\":\"Turijnmagazijn\"},\"image\":{\"@id\":\"https:\\\/\\\/turijnmagazijn.jumpstone-dev.nl\\\/#\\\/schema\\\/logo\\\/image\\\/\"},\"sameAs\":[\"https:\\\/\\\/www.facebook.com\\\/turijnmagazijn\"]}]}<\/script>\n<!-- \/ Yoast SEO plugin. -->","yoast_head_json":{"title":"Innenbeleuchtung Zentraleinheit Decke Lancia Kappa - Turijnmagazijn","robots":{"index":"index","follow":"follow","max-snippet":"max-snippet:-1","max-image-preview":"max-image-preview:large","max-video-preview":"max-video-preview:-1"},"canonical":"https:\/\/turijnmagazijn.nl\/de\/produkt\/innenbeleuchtung-zentraleinheit-decke-lancia-kappa-3\/","og_locale":"de_DE","og_type":"article","og_title":"Innenbeleuchtung Zentraleinheit Decke Lancia Kappa - Turijnmagazijn","og_description":"Innenbeleuchtung Zentraleinheit Decke Lancia Kappa - Deckenleuchte Innenbeleuchtung f\u00fcr die Montage im Himmel von Lancia Kappa.","og_url":"https:\/\/turijnmagazijn.nl\/de\/produkt\/innenbeleuchtung-zentraleinheit-decke-lancia-kappa-3\/","og_site_name":"Turijnmagazijn","article_publisher":"https:\/\/www.facebook.com\/turijnmagazijn","og_image":[{"width":1024,"height":768,"url":"https:\/\/turijnmagazijn.jumpstone-dev.nl\/wp-content\/uploads\/2023\/04\/DK0102564-Interieurverlichting-centrale-unit-plafond-Lancia-Kappa-720162060-2-jpg.webp","type":"image\/jpeg"}],"twitter_card":"summary_large_image","twitter_misc":{"Gesch\u00e4tzte Lesezeit":"1\u00a0Minute"},"schema":{"@context":"https:\/\/schema.org","@graph":[{"@type":"WebPage","@id":"https:\/\/turijnmagazijn.nl\/de\/produkt\/innenbeleuchtung-zentraleinheit-decke-lancia-kappa-3\/","url":"https:\/\/turijnmagazijn.nl\/de\/produkt\/innenbeleuchtung-zentraleinheit-decke-lancia-kappa-3\/","name":"Innenbeleuchtung Zentraleinheit Decke Lancia Kappa - Turijnmagazijn","isPartOf":{"@id":"https:\/\/turijnmagazijn.jumpstone-dev.nl\/#website"},"primaryImageOfPage":{"@id":"https:\/\/turijnmagazijn.nl\/de\/produkt\/innenbeleuchtung-zentraleinheit-decke-lancia-kappa-3\/#primaryimage"},"image":{"@id":"https:\/\/turijnmagazijn.nl\/de\/produkt\/innenbeleuchtung-zentraleinheit-decke-lancia-kappa-3\/#primaryimage"},"thumbnailUrl":"https:\/\/turijnmagazijn.nl\/wp-content\/uploads\/2023\/04\/DK0102564-Interieurverlichting-centrale-unit-plafond-Lancia-Kappa-720162060-2-jpg.webp","datePublished":"2023-04-28T13:45:08+00:00","breadcrumb":{"@id":"https:\/\/turijnmagazijn.nl\/de\/produkt\/innenbeleuchtung-zentraleinheit-decke-lancia-kappa-3\/#breadcrumb"},"inLanguage":"de","potentialAction":[{"@type":"ReadAction","target":["https:\/\/turijnmagazijn.nl\/de\/produkt\/innenbeleuchtung-zentraleinheit-decke-lancia-kappa-3\/"]}]},{"@type":"ImageObject","inLanguage":"de","@id":"https:\/\/turijnmagazijn.nl\/de\/produkt\/innenbeleuchtung-zentraleinheit-decke-lancia-kappa-3\/#primaryimage","url":"https:\/\/turijnmagazijn.nl\/wp-content\/uploads\/2023\/04\/DK0102564-Interieurverlichting-centrale-unit-plafond-Lancia-Kappa-720162060-2-jpg.webp","contentUrl":"https:\/\/turijnmagazijn.nl\/wp-content\/uploads\/2023\/04\/DK0102564-Interieurverlichting-centrale-unit-plafond-Lancia-Kappa-720162060-2-jpg.webp","width":1024,"height":768,"caption":"720162060"},{"@type":"BreadcrumbList","@id":"https:\/\/turijnmagazijn.nl\/de\/produkt\/innenbeleuchtung-zentraleinheit-decke-lancia-kappa-3\/#breadcrumb","itemListElement":[{"@type":"ListItem","position":1,"name":"Home","item":"https:\/\/turijnmagazijn.nl\/de\/"},{"@type":"ListItem","position":2,"name":"Produkte","item":"https:\/\/turijnmagazijn.nl\/de\/shop\/"},{"@type":"ListItem","position":3,"name":"Innenbeleuchtung Zentraleinheit Decke Lancia Kappa"}]},{"@type":"WebSite","@id":"https:\/\/turijnmagazijn.jumpstone-dev.nl\/#website","url":"https:\/\/turijnmagazijn.jumpstone-dev.nl\/","name":"Turijnmagazijn","description":"Onderdelen nieuw en gebruikt - Fiat &amp; Lancia","publisher":{"@id":"https:\/\/turijnmagazijn.jumpstone-dev.nl\/#organization"},"potentialAction":[{"@type":"SearchAction","target":{"@type":"EntryPoint","urlTemplate":"https:\/\/turijnmagazijn.jumpstone-dev.nl\/?s={search_term_string}"},"query-input":{"@type":"PropertyValueSpecification","valueRequired":true,"valueName":"search_term_string"}}],"inLanguage":"de"},{"@type":"Organization","@id":"https:\/\/turijnmagazijn.jumpstone-dev.nl\/#organization","name":"Turijnmagazijn","url":"https:\/\/turijnmagazijn.jumpstone-dev.nl\/","logo":{"@type":"ImageObject","inLanguage":"de","@id":"https:\/\/turijnmagazijn.jumpstone-dev.nl\/#\/schema\/logo\/image\/","url":"https:\/\/turijnmagazijn.nl\/wp-content\/uploads\/2021\/02\/turijnmagazijnlogo.png","contentUrl":"https:\/\/turijnmagazijn.nl\/wp-content\/uploads\/2021\/02\/turijnmagazijnlogo.png","width":555,"height":270,"caption":"Turijnmagazijn"},"image":{"@id":"https:\/\/turijnmagazijn.jumpstone-dev.nl\/#\/schema\/logo\/image\/"},"sameAs":["https:\/\/www.facebook.com\/turijnmagazijn"]}]}},"_links":{"self":[{"href":"https:\/\/turijnmagazijn.nl\/de\/wp-json\/wp\/v2\/product\/69326","targetHints":{"allow":["GET"]}}],"collection":[{"href":"https:\/\/turijnmagazijn.nl\/de\/wp-json\/wp\/v2\/product"}],"about":[{"href":"https:\/\/turijnmagazijn.nl\/de\/wp-json\/wp\/v2\/types\/product"}],"replies":[{"embeddable":true,"href":"https:\/\/turijnmagazijn.nl\/de\/wp-json\/wp\/v2\/comments?post=69326"}],"wp:featuredmedia":[{"embeddable":true,"href":"https:\/\/turijnmagazijn.nl\/de\/wp-json\/wp\/v2\/media\/68243"}],"wp:attachment":[{"href":"https:\/\/turijnmagazijn.nl\/de\/wp-json\/wp\/v2\/media?parent=69326"}],"wp:term":[{"taxonomy":"product_brand","embeddable":true,"href":"https:\/\/turijnmagazijn.nl\/de\/wp-json\/wp\/v2\/product_brand?post=69326"},{"taxonomy":"product_cat","embeddable":true,"href":"https:\/\/turijnmagazijn.nl\/de\/wp-json\/wp\/v2\/product_cat?post=69326"},{"taxonomy":"product_tag","embeddable":true,"href":"https:\/\/turijnmagazijn.nl\/de\/wp-json\/wp\/v2\/product_tag?post=69326"}],"curies":[{"name":"wp","href":"https:\/\/api.w.org\/{rel}","templated":true}]}}