{"id":69763,"date":"2023-06-28T20:28:00","date_gmt":"2023-06-28T18:28:00","guid":{"rendered":"https:\/\/turijnmagazijn.nl\/?post_type=product&#038;p=69763"},"modified":"2026-01-20T19:15:39","modified_gmt":"2026-01-20T18:15:39","slug":"nabendeckel-speedline-delta-integral-weis-martini-set-4-tlg","status":"publish","type":"product","link":"https:\/\/turijnmagazijn.nl\/de\/produkt\/nabendeckel-speedline-delta-integral-weis-martini-set-4-tlg\/","title":{"rendered":"Nabenabdeckung Speedline Delta Integrale wei\u00df Martini Set 4tlg."},"content":{"rendered":"<p>Satz von 4 nachgeahmten Nabenabdeckungen f\u00fcr Speedline-R\u00e4der am Lancia Delta Integrale. Dies ist eine wei\u00dfe Basis (3D-Druck) mit einem gew\u00f6lbten Martini-Logo auf einem Hintergrund aus Martini-Rennstreifen. Dies ist ein Design unserer Wahl, das wir selbst hergestellt haben und das nirgendwo anders erh\u00e4ltlich ist.  &nbsp;  Neues Nachahmungsteil. Tolle Alternative zum Originaldeckel, der von Lancia unter der Nummer 82355891 46424280 und 46784941 geliefert wurde und leider nicht mehr erh\u00e4ltlich ist.  <strong>Eigene Produktion in den Niederlanden, direkt ab Lager lieferbar.<\/strong><\/p>\n<p>&nbsp;  Der Typ von Radkappen, den diese Nachbildung ersetzt, wurde serienm\u00e4\u00dfig bei den folgenden Fahrzeugen verwendet;  <\/p>\n<ul>\n<li>Lancia Delta I inklusive Integrale- und EVO-Modellen<\/li>\n<li>Lancia Dedra I<\/li>\n<li>Lancia Thema<\/li>\n<li>Lancia Kappa\n<ul>\n<li>Felgentyp 46438588<\/li>\n<\/ul>\n<\/li>\n<li>Lancia Delta II<\/li>\n<li>Lancia Ypsilon 1\n<ul>\n<li>Felgentyp 46777506<\/li>\n<\/ul>\n<\/li>\n<\/ul>\n<p>  Zur Veranschaulichung sind einige Fotos von Felgentypen beigef\u00fcgt, auf die diese Nabenkappen genau passen. Schl\u00fcsselw\u00f6rter: Radkappe, Radkappe, Radzentrum, Radzentrum, Radkappe  &nbsp;<\/p>\n","protected":false},"excerpt":{"rendered":"<p>Satz von 4 nachgeahmten Nabenabdeckungen f\u00fcr Speedline-R\u00e4der am Lancia Delta Integrale. Martini-Logo.<\/p>\n","protected":false},"featured_media":69773,"comment_status":"closed","ping_status":"closed","template":"","meta":{"_acf_changed":false},"product_brand":[],"product_cat":[1811,1807,1817,1822,1826,1834,1829,1839,1797],"product_tag":[],"class_list":{"0":"post-69763","1":"product","2":"type-product","3":"status-publish","4":"has-post-thumbnail","6":"product_cat-1-1-1-3-1-5-de","7":"product_cat-delta-1-831-de","8":"product_cat-gt-i-e-de","9":"product_cat-hf-4wd-de","10":"product_cat-hf-turbo-de","11":"product_cat-integrale-16v-de","12":"product_cat-integrale-8v-de","13":"product_cat-integrale-evo-de","14":"product_cat-lancia-de","15":"pa_soort-onderdeel-karosserie-und-blech","17":"first","18":"instock","19":"sale","20":"taxable","21":"shipping-taxable","22":"purchasable","23":"product-type-simple"},"acf":[],"yoast_head":"<!-- This site is optimized with the Yoast SEO plugin v27.2 - https:\/\/yoast.com\/product\/yoast-seo-wordpress\/ -->\n<title>Nabenabdeckung Speedline Delta Integrale wei\u00df Martini Set 4tlg. - Turijnmagazijn<\/title>\n<meta name=\"robots\" content=\"index, follow, max-snippet:-1, max-image-preview:large, max-video-preview:-1\" \/>\n<link rel=\"canonical\" href=\"https:\/\/turijnmagazijn.nl\/de\/produkt\/nabendeckel-speedline-delta-integral-weis-martini-set-4-tlg\/\" \/>\n<meta property=\"og:locale\" content=\"de_DE\" \/>\n<meta property=\"og:type\" content=\"article\" \/>\n<meta property=\"og:title\" content=\"Nabenabdeckung Speedline Delta Integrale wei\u00df Martini Set 4tlg. - Turijnmagazijn\" \/>\n<meta property=\"og:description\" content=\"Satz von 4 nachgeahmten Nabenabdeckungen f\u00fcr Speedline-R\u00e4der am Lancia Delta Integrale. Martini-Logo.\" \/>\n<meta property=\"og:url\" content=\"https:\/\/turijnmagazijn.nl\/de\/produkt\/nabendeckel-speedline-delta-integral-weis-martini-set-4-tlg\/\" \/>\n<meta property=\"og:site_name\" content=\"Turijnmagazijn\" \/>\n<meta property=\"article:publisher\" content=\"https:\/\/www.facebook.com\/turijnmagazijn\" \/>\n<meta property=\"article:modified_time\" content=\"2026-01-20T18:15:39+00:00\" \/>\n<meta property=\"og:image\" content=\"https:\/\/turijnmagazijn.nl\/wp-content\/uploads\/2023\/06\/DN0100316-Naafdeksel-Speedline-Delta-Integrale-wit-Martini-set-4st-3-jpeg.webp\" \/>\n\t<meta property=\"og:image:width\" content=\"968\" \/>\n\t<meta property=\"og:image:height\" content=\"768\" \/>\n\t<meta property=\"og:image:type\" content=\"image\/jpeg\" \/>\n<meta name=\"twitter:card\" content=\"summary_large_image\" \/>\n<meta name=\"twitter:label1\" content=\"Gesch\u00e4tzte Lesezeit\" \/>\n\t<meta name=\"twitter:data1\" content=\"1\u00a0Minute\" \/>\n<script type=\"application\/ld+json\" class=\"yoast-schema-graph\">{\"@context\":\"https:\/\/schema.org\",\"@graph\":[{\"@type\":\"WebPage\",\"@id\":\"https:\/\/turijnmagazijn.nl\/de\/produkt\/nabendeckel-speedline-delta-integral-weis-martini-set-4-tlg\/\",\"url\":\"https:\/\/turijnmagazijn.nl\/de\/produkt\/nabendeckel-speedline-delta-integral-weis-martini-set-4-tlg\/\",\"name\":\"Nabenabdeckung Speedline Delta Integrale wei\u00df Martini Set 4tlg. - Turijnmagazijn\",\"isPartOf\":{\"@id\":\"https:\/\/turijnmagazijn.jumpstone-dev.nl\/#website\"},\"primaryImageOfPage\":{\"@id\":\"https:\/\/turijnmagazijn.nl\/de\/produkt\/nabendeckel-speedline-delta-integral-weis-martini-set-4-tlg\/#primaryimage\"},\"image\":{\"@id\":\"https:\/\/turijnmagazijn.nl\/de\/produkt\/nabendeckel-speedline-delta-integral-weis-martini-set-4-tlg\/#primaryimage\"},\"thumbnailUrl\":\"https:\/\/turijnmagazijn.nl\/wp-content\/uploads\/2023\/06\/DN0100316-Naafdeksel-Speedline-Delta-Integrale-wit-Martini-set-4st-3-jpeg.webp\",\"datePublished\":\"2023-06-28T18:28:00+00:00\",\"dateModified\":\"2026-01-20T18:15:39+00:00\",\"breadcrumb\":{\"@id\":\"https:\/\/turijnmagazijn.nl\/de\/produkt\/nabendeckel-speedline-delta-integral-weis-martini-set-4-tlg\/#breadcrumb\"},\"inLanguage\":\"de\",\"potentialAction\":[{\"@type\":\"ReadAction\",\"target\":[\"https:\/\/turijnmagazijn.nl\/de\/produkt\/nabendeckel-speedline-delta-integral-weis-martini-set-4-tlg\/\"]}]},{\"@type\":\"ImageObject\",\"inLanguage\":\"de\",\"@id\":\"https:\/\/turijnmagazijn.nl\/de\/produkt\/nabendeckel-speedline-delta-integral-weis-martini-set-4-tlg\/#primaryimage\",\"url\":\"https:\/\/turijnmagazijn.nl\/wp-content\/uploads\/2023\/06\/DN0100316-Naafdeksel-Speedline-Delta-Integrale-wit-Martini-set-4st-3-jpeg.webp\",\"contentUrl\":\"https:\/\/turijnmagazijn.nl\/wp-content\/uploads\/2023\/06\/DN0100316-Naafdeksel-Speedline-Delta-Integrale-wit-Martini-set-4st-3-jpeg.webp\",\"width\":968,\"height\":768},{\"@type\":\"BreadcrumbList\",\"@id\":\"https:\/\/turijnmagazijn.nl\/de\/produkt\/nabendeckel-speedline-delta-integral-weis-martini-set-4-tlg\/#breadcrumb\",\"itemListElement\":[{\"@type\":\"ListItem\",\"position\":1,\"name\":\"Home\",\"item\":\"https:\/\/turijnmagazijn.nl\/de\/\"},{\"@type\":\"ListItem\",\"position\":2,\"name\":\"Produkte\",\"item\":\"https:\/\/turijnmagazijn.nl\/de\/shop\/\"},{\"@type\":\"ListItem\",\"position\":3,\"name\":\"Nabenabdeckung Speedline Delta Integrale wei\u00df Martini Set 4tlg.\"}]},{\"@type\":\"WebSite\",\"@id\":\"https:\/\/turijnmagazijn.jumpstone-dev.nl\/#website\",\"url\":\"https:\/\/turijnmagazijn.jumpstone-dev.nl\/\",\"name\":\"Turijnmagazijn\",\"description\":\"Onderdelen nieuw en gebruikt - Fiat &amp; Lancia\",\"publisher\":{\"@id\":\"https:\/\/turijnmagazijn.jumpstone-dev.nl\/#organization\"},\"potentialAction\":[{\"@type\":\"SearchAction\",\"target\":{\"@type\":\"EntryPoint\",\"urlTemplate\":\"https:\/\/turijnmagazijn.jumpstone-dev.nl\/?s={search_term_string}\"},\"query-input\":{\"@type\":\"PropertyValueSpecification\",\"valueRequired\":true,\"valueName\":\"search_term_string\"}}],\"inLanguage\":\"de\"},{\"@type\":\"Organization\",\"@id\":\"https:\/\/turijnmagazijn.jumpstone-dev.nl\/#organization\",\"name\":\"Turijnmagazijn\",\"url\":\"https:\/\/turijnmagazijn.jumpstone-dev.nl\/\",\"logo\":{\"@type\":\"ImageObject\",\"inLanguage\":\"de\",\"@id\":\"https:\/\/turijnmagazijn.jumpstone-dev.nl\/#\/schema\/logo\/image\/\",\"url\":\"https:\/\/turijnmagazijn.nl\/wp-content\/uploads\/2021\/02\/turijnmagazijnlogo.png\",\"contentUrl\":\"https:\/\/turijnmagazijn.nl\/wp-content\/uploads\/2021\/02\/turijnmagazijnlogo.png\",\"width\":555,\"height\":270,\"caption\":\"Turijnmagazijn\"},\"image\":{\"@id\":\"https:\/\/turijnmagazijn.jumpstone-dev.nl\/#\/schema\/logo\/image\/\"},\"sameAs\":[\"https:\/\/www.facebook.com\/turijnmagazijn\"]}]}<\/script>\n<!-- \/ Yoast SEO plugin. -->","yoast_head_json":{"title":"Nabenabdeckung Speedline Delta Integrale wei\u00df Martini Set 4tlg. - Turijnmagazijn","robots":{"index":"index","follow":"follow","max-snippet":"max-snippet:-1","max-image-preview":"max-image-preview:large","max-video-preview":"max-video-preview:-1"},"canonical":"https:\/\/turijnmagazijn.nl\/de\/produkt\/nabendeckel-speedline-delta-integral-weis-martini-set-4-tlg\/","og_locale":"de_DE","og_type":"article","og_title":"Nabenabdeckung Speedline Delta Integrale wei\u00df Martini Set 4tlg. - Turijnmagazijn","og_description":"Satz von 4 nachgeahmten Nabenabdeckungen f\u00fcr Speedline-R\u00e4der am Lancia Delta Integrale. Martini-Logo.","og_url":"https:\/\/turijnmagazijn.nl\/de\/produkt\/nabendeckel-speedline-delta-integral-weis-martini-set-4-tlg\/","og_site_name":"Turijnmagazijn","article_publisher":"https:\/\/www.facebook.com\/turijnmagazijn","article_modified_time":"2026-01-20T18:15:39+00:00","og_image":[{"width":968,"height":768,"url":"https:\/\/turijnmagazijn.nl\/wp-content\/uploads\/2023\/06\/DN0100316-Naafdeksel-Speedline-Delta-Integrale-wit-Martini-set-4st-3-jpeg.webp","type":"image\/jpeg"}],"twitter_card":"summary_large_image","twitter_misc":{"Gesch\u00e4tzte Lesezeit":"1\u00a0Minute"},"schema":{"@context":"https:\/\/schema.org","@graph":[{"@type":"WebPage","@id":"https:\/\/turijnmagazijn.nl\/de\/produkt\/nabendeckel-speedline-delta-integral-weis-martini-set-4-tlg\/","url":"https:\/\/turijnmagazijn.nl\/de\/produkt\/nabendeckel-speedline-delta-integral-weis-martini-set-4-tlg\/","name":"Nabenabdeckung Speedline Delta Integrale wei\u00df Martini Set 4tlg. - Turijnmagazijn","isPartOf":{"@id":"https:\/\/turijnmagazijn.jumpstone-dev.nl\/#website"},"primaryImageOfPage":{"@id":"https:\/\/turijnmagazijn.nl\/de\/produkt\/nabendeckel-speedline-delta-integral-weis-martini-set-4-tlg\/#primaryimage"},"image":{"@id":"https:\/\/turijnmagazijn.nl\/de\/produkt\/nabendeckel-speedline-delta-integral-weis-martini-set-4-tlg\/#primaryimage"},"thumbnailUrl":"https:\/\/turijnmagazijn.nl\/wp-content\/uploads\/2023\/06\/DN0100316-Naafdeksel-Speedline-Delta-Integrale-wit-Martini-set-4st-3-jpeg.webp","datePublished":"2023-06-28T18:28:00+00:00","dateModified":"2026-01-20T18:15:39+00:00","breadcrumb":{"@id":"https:\/\/turijnmagazijn.nl\/de\/produkt\/nabendeckel-speedline-delta-integral-weis-martini-set-4-tlg\/#breadcrumb"},"inLanguage":"de","potentialAction":[{"@type":"ReadAction","target":["https:\/\/turijnmagazijn.nl\/de\/produkt\/nabendeckel-speedline-delta-integral-weis-martini-set-4-tlg\/"]}]},{"@type":"ImageObject","inLanguage":"de","@id":"https:\/\/turijnmagazijn.nl\/de\/produkt\/nabendeckel-speedline-delta-integral-weis-martini-set-4-tlg\/#primaryimage","url":"https:\/\/turijnmagazijn.nl\/wp-content\/uploads\/2023\/06\/DN0100316-Naafdeksel-Speedline-Delta-Integrale-wit-Martini-set-4st-3-jpeg.webp","contentUrl":"https:\/\/turijnmagazijn.nl\/wp-content\/uploads\/2023\/06\/DN0100316-Naafdeksel-Speedline-Delta-Integrale-wit-Martini-set-4st-3-jpeg.webp","width":968,"height":768},{"@type":"BreadcrumbList","@id":"https:\/\/turijnmagazijn.nl\/de\/produkt\/nabendeckel-speedline-delta-integral-weis-martini-set-4-tlg\/#breadcrumb","itemListElement":[{"@type":"ListItem","position":1,"name":"Home","item":"https:\/\/turijnmagazijn.nl\/de\/"},{"@type":"ListItem","position":2,"name":"Produkte","item":"https:\/\/turijnmagazijn.nl\/de\/shop\/"},{"@type":"ListItem","position":3,"name":"Nabenabdeckung Speedline Delta Integrale wei\u00df Martini Set 4tlg."}]},{"@type":"WebSite","@id":"https:\/\/turijnmagazijn.jumpstone-dev.nl\/#website","url":"https:\/\/turijnmagazijn.jumpstone-dev.nl\/","name":"Turijnmagazijn","description":"Onderdelen nieuw en gebruikt - Fiat &amp; Lancia","publisher":{"@id":"https:\/\/turijnmagazijn.jumpstone-dev.nl\/#organization"},"potentialAction":[{"@type":"SearchAction","target":{"@type":"EntryPoint","urlTemplate":"https:\/\/turijnmagazijn.jumpstone-dev.nl\/?s={search_term_string}"},"query-input":{"@type":"PropertyValueSpecification","valueRequired":true,"valueName":"search_term_string"}}],"inLanguage":"de"},{"@type":"Organization","@id":"https:\/\/turijnmagazijn.jumpstone-dev.nl\/#organization","name":"Turijnmagazijn","url":"https:\/\/turijnmagazijn.jumpstone-dev.nl\/","logo":{"@type":"ImageObject","inLanguage":"de","@id":"https:\/\/turijnmagazijn.jumpstone-dev.nl\/#\/schema\/logo\/image\/","url":"https:\/\/turijnmagazijn.nl\/wp-content\/uploads\/2021\/02\/turijnmagazijnlogo.png","contentUrl":"https:\/\/turijnmagazijn.nl\/wp-content\/uploads\/2021\/02\/turijnmagazijnlogo.png","width":555,"height":270,"caption":"Turijnmagazijn"},"image":{"@id":"https:\/\/turijnmagazijn.jumpstone-dev.nl\/#\/schema\/logo\/image\/"},"sameAs":["https:\/\/www.facebook.com\/turijnmagazijn"]}]}},"_links":{"self":[{"href":"https:\/\/turijnmagazijn.nl\/de\/wp-json\/wp\/v2\/product\/69763","targetHints":{"allow":["GET"]}}],"collection":[{"href":"https:\/\/turijnmagazijn.nl\/de\/wp-json\/wp\/v2\/product"}],"about":[{"href":"https:\/\/turijnmagazijn.nl\/de\/wp-json\/wp\/v2\/types\/product"}],"replies":[{"embeddable":true,"href":"https:\/\/turijnmagazijn.nl\/de\/wp-json\/wp\/v2\/comments?post=69763"}],"wp:featuredmedia":[{"embeddable":true,"href":"https:\/\/turijnmagazijn.nl\/de\/wp-json\/wp\/v2\/media\/69773"}],"wp:attachment":[{"href":"https:\/\/turijnmagazijn.nl\/de\/wp-json\/wp\/v2\/media?parent=69763"}],"wp:term":[{"taxonomy":"product_brand","embeddable":true,"href":"https:\/\/turijnmagazijn.nl\/de\/wp-json\/wp\/v2\/product_brand?post=69763"},{"taxonomy":"product_cat","embeddable":true,"href":"https:\/\/turijnmagazijn.nl\/de\/wp-json\/wp\/v2\/product_cat?post=69763"},{"taxonomy":"product_tag","embeddable":true,"href":"https:\/\/turijnmagazijn.nl\/de\/wp-json\/wp\/v2\/product_tag?post=69763"}],"curies":[{"name":"wp","href":"https:\/\/api.w.org\/{rel}","templated":true}]}}