{"id":70724,"date":"2023-03-03T10:05:40","date_gmt":"2023-03-03T09:05:40","guid":{"rendered":"https:\/\/turijnmagazijn.nl\/?post_type=product&#038;p=70724"},"modified":"2026-02-04T19:03:47","modified_gmt":"2026-02-04T18:03:47","slug":"fiat-logo-blauer-schlussel-fiat-stilo-punto-ii-500-grande-punto-imitation-per-piece-resin","status":"publish","type":"product","link":"https:\/\/turijnmagazijn.nl\/de\/produkt\/fiat-logo-blauer-schlussel-fiat-stilo-punto-ii-500-grande-punto-imitation-per-piece-resin\/","title":{"rendered":"Fiat Logo BLAU Schl\u00fcssel Fiat Stilo Punto II 500 Grande Punto (Imitation) pro St\u00fcck RESIN 14mm"},"content":{"rendered":"<p>Neues Logo f\u00fcr den Schl\u00fcssel f\u00fcr Fiat 500, Stilo, Grande Punto und Punto II. Es handelt sich um ein rundes Logo aus Vinyl, das mit einem (harten) Harz veredelt ist.<\/p>\n<p>Der Durchmesser des Logos betr\u00e4gt 14 mm.<\/p>\n<p>Bei diesen Logos handelt es sich nicht offiziell um Fiat, sondern um ein passgenaues Nachahmungsprodukt. Passend f\u00fcr den Standardschl\u00fcssel f\u00fcr Fiat Punto II und den Klappschl\u00fcssel, wie er bei Fiat Stilo, Grande Punto und Fiat nouva 500 verwendet wird.<\/p>\n<p>Das Logo ist sch\u00f6n tiefblau, wie das Original von Fiat.<\/p>\n<p>OEM-Nr. als Referenz (kein Originalteil) 71719162<\/p>\n","protected":false},"excerpt":{"rendered":"<p>71719162 Fiat-Logo BLAUER Schl\u00fcssel Fiat Stilo Punto II 500 Grande Punto (Imitation) je RESIN &#8211; Neues Logo f\u00fcr den Schl\u00fcssel f\u00fcr Fiat 500, Stilo, Grande Punto und Punto II.<\/p>\n","protected":false},"featured_media":55129,"comment_status":"closed","ping_status":"closed","template":"","meta":{"_acf_changed":false},"product_brand":[],"product_cat":[1689,1729,1751,1762],"product_tag":[],"class_list":{"0":"post-70724","1":"product","2":"type-product","3":"status-publish","4":"has-post-thumbnail","6":"product_cat-fiat-de","7":"product_cat-grande-punto-199-de","8":"product_cat-punto-2-188-de","9":"product_cat-stilo-192-de","10":"pa_soort-onderdeel-kraftstoffsysteme","12":"first","13":"instock","14":"taxable","15":"shipping-taxable","16":"purchasable","17":"product-type-simple"},"acf":[],"yoast_head":"<!-- This site is optimized with the Yoast SEO plugin v27.2 - https:\/\/yoast.com\/product\/yoast-seo-wordpress\/ -->\n<title>Fiat Logo BLAU Schl\u00fcssel Fiat Stilo Punto II 500 Grande Punto (Imitation) pro St\u00fcck RESIN 14mm - Turijnmagazijn<\/title>\n<meta name=\"robots\" content=\"index, follow, max-snippet:-1, max-image-preview:large, max-video-preview:-1\" \/>\n<link rel=\"canonical\" href=\"https:\/\/turijnmagazijn.nl\/de\/produkt\/fiat-logo-blauer-schlussel-fiat-stilo-punto-ii-500-grande-punto-imitation-per-piece-resin\/\" \/>\n<meta property=\"og:locale\" content=\"de_DE\" \/>\n<meta property=\"og:type\" content=\"article\" \/>\n<meta property=\"og:title\" content=\"Fiat Logo BLAU Schl\u00fcssel Fiat Stilo Punto II 500 Grande Punto (Imitation) pro St\u00fcck RESIN 14mm - Turijnmagazijn\" \/>\n<meta property=\"og:description\" content=\"71719162 Fiat-Logo BLAUER Schl\u00fcssel Fiat Stilo Punto II 500 Grande Punto (Imitation) je RESIN - Neues Logo f\u00fcr den Schl\u00fcssel f\u00fcr Fiat 500, Stilo, Grande Punto und Punto II.\" \/>\n<meta property=\"og:url\" content=\"https:\/\/turijnmagazijn.nl\/de\/produkt\/fiat-logo-blauer-schlussel-fiat-stilo-punto-ii-500-grande-punto-imitation-per-piece-resin\/\" \/>\n<meta property=\"og:site_name\" content=\"Turijnmagazijn\" \/>\n<meta property=\"article:publisher\" content=\"https:\/\/www.facebook.com\/turijnmagazijn\" \/>\n<meta property=\"article:modified_time\" content=\"2026-02-04T18:03:47+00:00\" \/>\n<meta property=\"og:image\" content=\"https:\/\/turijnmagazijn.nl\/wp-content\/uploads\/2023\/03\/DN00100242-Fiat-logo-BLAUW-sleutel-Fiat-Stilo-Punto-II-500-Grande-Punto-immitatie-per-stuk-HARS-3-1.jpg\" \/>\n\t<meta property=\"og:image:width\" content=\"1024\" \/>\n\t<meta property=\"og:image:height\" content=\"768\" \/>\n\t<meta property=\"og:image:type\" content=\"image\/jpeg\" \/>\n<meta name=\"twitter:card\" content=\"summary_large_image\" \/>\n<script type=\"application\/ld+json\" class=\"yoast-schema-graph\">{\"@context\":\"https:\/\/schema.org\",\"@graph\":[{\"@type\":\"WebPage\",\"@id\":\"https:\/\/turijnmagazijn.nl\/de\/produkt\/fiat-logo-blauer-schlussel-fiat-stilo-punto-ii-500-grande-punto-imitation-per-piece-resin\/\",\"url\":\"https:\/\/turijnmagazijn.nl\/de\/produkt\/fiat-logo-blauer-schlussel-fiat-stilo-punto-ii-500-grande-punto-imitation-per-piece-resin\/\",\"name\":\"Fiat Logo BLAU Schl\u00fcssel Fiat Stilo Punto II 500 Grande Punto (Imitation) pro St\u00fcck RESIN 14mm - Turijnmagazijn\",\"isPartOf\":{\"@id\":\"https:\/\/turijnmagazijn.jumpstone-dev.nl\/#website\"},\"primaryImageOfPage\":{\"@id\":\"https:\/\/turijnmagazijn.nl\/de\/produkt\/fiat-logo-blauer-schlussel-fiat-stilo-punto-ii-500-grande-punto-imitation-per-piece-resin\/#primaryimage\"},\"image\":{\"@id\":\"https:\/\/turijnmagazijn.nl\/de\/produkt\/fiat-logo-blauer-schlussel-fiat-stilo-punto-ii-500-grande-punto-imitation-per-piece-resin\/#primaryimage\"},\"thumbnailUrl\":\"https:\/\/turijnmagazijn.nl\/wp-content\/uploads\/2023\/03\/DN00100242-Fiat-logo-BLAUW-sleutel-Fiat-Stilo-Punto-II-500-Grande-Punto-immitatie-per-stuk-HARS-3-1-e1770228296743.jpg\",\"datePublished\":\"2023-03-03T09:05:40+00:00\",\"dateModified\":\"2026-02-04T18:03:47+00:00\",\"breadcrumb\":{\"@id\":\"https:\/\/turijnmagazijn.nl\/de\/produkt\/fiat-logo-blauer-schlussel-fiat-stilo-punto-ii-500-grande-punto-imitation-per-piece-resin\/#breadcrumb\"},\"inLanguage\":\"de\",\"potentialAction\":[{\"@type\":\"ReadAction\",\"target\":[\"https:\/\/turijnmagazijn.nl\/de\/produkt\/fiat-logo-blauer-schlussel-fiat-stilo-punto-ii-500-grande-punto-imitation-per-piece-resin\/\"]}]},{\"@type\":\"ImageObject\",\"inLanguage\":\"de\",\"@id\":\"https:\/\/turijnmagazijn.nl\/de\/produkt\/fiat-logo-blauer-schlussel-fiat-stilo-punto-ii-500-grande-punto-imitation-per-piece-resin\/#primaryimage\",\"url\":\"https:\/\/turijnmagazijn.nl\/wp-content\/uploads\/2023\/03\/DN00100242-Fiat-logo-BLAUW-sleutel-Fiat-Stilo-Punto-II-500-Grande-Punto-immitatie-per-stuk-HARS-3-1-e1770228296743.jpg\",\"contentUrl\":\"https:\/\/turijnmagazijn.nl\/wp-content\/uploads\/2023\/03\/DN00100242-Fiat-logo-BLAUW-sleutel-Fiat-Stilo-Punto-II-500-Grande-Punto-immitatie-per-stuk-HARS-3-1-e1770228296743.jpg\",\"width\":1024,\"height\":768},{\"@type\":\"BreadcrumbList\",\"@id\":\"https:\/\/turijnmagazijn.nl\/de\/produkt\/fiat-logo-blauer-schlussel-fiat-stilo-punto-ii-500-grande-punto-imitation-per-piece-resin\/#breadcrumb\",\"itemListElement\":[{\"@type\":\"ListItem\",\"position\":1,\"name\":\"Home\",\"item\":\"https:\/\/turijnmagazijn.nl\/de\/\"},{\"@type\":\"ListItem\",\"position\":2,\"name\":\"Produkte\",\"item\":\"https:\/\/turijnmagazijn.nl\/de\/shop\/\"},{\"@type\":\"ListItem\",\"position\":3,\"name\":\"Fiat Logo BLAU Schl\u00fcssel Fiat Stilo Punto II 500 Grande Punto (Imitation) pro St\u00fcck RESIN 14mm\"}]},{\"@type\":\"WebSite\",\"@id\":\"https:\/\/turijnmagazijn.jumpstone-dev.nl\/#website\",\"url\":\"https:\/\/turijnmagazijn.jumpstone-dev.nl\/\",\"name\":\"Turijnmagazijn\",\"description\":\"Onderdelen nieuw en gebruikt - Fiat &amp; Lancia\",\"publisher\":{\"@id\":\"https:\/\/turijnmagazijn.jumpstone-dev.nl\/#organization\"},\"potentialAction\":[{\"@type\":\"SearchAction\",\"target\":{\"@type\":\"EntryPoint\",\"urlTemplate\":\"https:\/\/turijnmagazijn.jumpstone-dev.nl\/?s={search_term_string}\"},\"query-input\":{\"@type\":\"PropertyValueSpecification\",\"valueRequired\":true,\"valueName\":\"search_term_string\"}}],\"inLanguage\":\"de\"},{\"@type\":\"Organization\",\"@id\":\"https:\/\/turijnmagazijn.jumpstone-dev.nl\/#organization\",\"name\":\"Turijnmagazijn\",\"url\":\"https:\/\/turijnmagazijn.jumpstone-dev.nl\/\",\"logo\":{\"@type\":\"ImageObject\",\"inLanguage\":\"de\",\"@id\":\"https:\/\/turijnmagazijn.jumpstone-dev.nl\/#\/schema\/logo\/image\/\",\"url\":\"https:\/\/turijnmagazijn.nl\/wp-content\/uploads\/2021\/02\/turijnmagazijnlogo.png\",\"contentUrl\":\"https:\/\/turijnmagazijn.nl\/wp-content\/uploads\/2021\/02\/turijnmagazijnlogo.png\",\"width\":555,\"height\":270,\"caption\":\"Turijnmagazijn\"},\"image\":{\"@id\":\"https:\/\/turijnmagazijn.jumpstone-dev.nl\/#\/schema\/logo\/image\/\"},\"sameAs\":[\"https:\/\/www.facebook.com\/turijnmagazijn\"]}]}<\/script>\n<!-- \/ Yoast SEO plugin. -->","yoast_head_json":{"title":"Fiat Logo BLAU Schl\u00fcssel Fiat Stilo Punto II 500 Grande Punto (Imitation) pro St\u00fcck RESIN 14mm - Turijnmagazijn","robots":{"index":"index","follow":"follow","max-snippet":"max-snippet:-1","max-image-preview":"max-image-preview:large","max-video-preview":"max-video-preview:-1"},"canonical":"https:\/\/turijnmagazijn.nl\/de\/produkt\/fiat-logo-blauer-schlussel-fiat-stilo-punto-ii-500-grande-punto-imitation-per-piece-resin\/","og_locale":"de_DE","og_type":"article","og_title":"Fiat Logo BLAU Schl\u00fcssel Fiat Stilo Punto II 500 Grande Punto (Imitation) pro St\u00fcck RESIN 14mm - Turijnmagazijn","og_description":"71719162 Fiat-Logo BLAUER Schl\u00fcssel Fiat Stilo Punto II 500 Grande Punto (Imitation) je RESIN - Neues Logo f\u00fcr den Schl\u00fcssel f\u00fcr Fiat 500, Stilo, Grande Punto und Punto II.","og_url":"https:\/\/turijnmagazijn.nl\/de\/produkt\/fiat-logo-blauer-schlussel-fiat-stilo-punto-ii-500-grande-punto-imitation-per-piece-resin\/","og_site_name":"Turijnmagazijn","article_publisher":"https:\/\/www.facebook.com\/turijnmagazijn","article_modified_time":"2026-02-04T18:03:47+00:00","og_image":[{"width":1024,"height":768,"url":"https:\/\/turijnmagazijn.nl\/wp-content\/uploads\/2023\/03\/DN00100242-Fiat-logo-BLAUW-sleutel-Fiat-Stilo-Punto-II-500-Grande-Punto-immitatie-per-stuk-HARS-3-1.jpg","type":"image\/jpeg"}],"twitter_card":"summary_large_image","schema":{"@context":"https:\/\/schema.org","@graph":[{"@type":"WebPage","@id":"https:\/\/turijnmagazijn.nl\/de\/produkt\/fiat-logo-blauer-schlussel-fiat-stilo-punto-ii-500-grande-punto-imitation-per-piece-resin\/","url":"https:\/\/turijnmagazijn.nl\/de\/produkt\/fiat-logo-blauer-schlussel-fiat-stilo-punto-ii-500-grande-punto-imitation-per-piece-resin\/","name":"Fiat Logo BLAU Schl\u00fcssel Fiat Stilo Punto II 500 Grande Punto (Imitation) pro St\u00fcck RESIN 14mm - Turijnmagazijn","isPartOf":{"@id":"https:\/\/turijnmagazijn.jumpstone-dev.nl\/#website"},"primaryImageOfPage":{"@id":"https:\/\/turijnmagazijn.nl\/de\/produkt\/fiat-logo-blauer-schlussel-fiat-stilo-punto-ii-500-grande-punto-imitation-per-piece-resin\/#primaryimage"},"image":{"@id":"https:\/\/turijnmagazijn.nl\/de\/produkt\/fiat-logo-blauer-schlussel-fiat-stilo-punto-ii-500-grande-punto-imitation-per-piece-resin\/#primaryimage"},"thumbnailUrl":"https:\/\/turijnmagazijn.nl\/wp-content\/uploads\/2023\/03\/DN00100242-Fiat-logo-BLAUW-sleutel-Fiat-Stilo-Punto-II-500-Grande-Punto-immitatie-per-stuk-HARS-3-1-e1770228296743.jpg","datePublished":"2023-03-03T09:05:40+00:00","dateModified":"2026-02-04T18:03:47+00:00","breadcrumb":{"@id":"https:\/\/turijnmagazijn.nl\/de\/produkt\/fiat-logo-blauer-schlussel-fiat-stilo-punto-ii-500-grande-punto-imitation-per-piece-resin\/#breadcrumb"},"inLanguage":"de","potentialAction":[{"@type":"ReadAction","target":["https:\/\/turijnmagazijn.nl\/de\/produkt\/fiat-logo-blauer-schlussel-fiat-stilo-punto-ii-500-grande-punto-imitation-per-piece-resin\/"]}]},{"@type":"ImageObject","inLanguage":"de","@id":"https:\/\/turijnmagazijn.nl\/de\/produkt\/fiat-logo-blauer-schlussel-fiat-stilo-punto-ii-500-grande-punto-imitation-per-piece-resin\/#primaryimage","url":"https:\/\/turijnmagazijn.nl\/wp-content\/uploads\/2023\/03\/DN00100242-Fiat-logo-BLAUW-sleutel-Fiat-Stilo-Punto-II-500-Grande-Punto-immitatie-per-stuk-HARS-3-1-e1770228296743.jpg","contentUrl":"https:\/\/turijnmagazijn.nl\/wp-content\/uploads\/2023\/03\/DN00100242-Fiat-logo-BLAUW-sleutel-Fiat-Stilo-Punto-II-500-Grande-Punto-immitatie-per-stuk-HARS-3-1-e1770228296743.jpg","width":1024,"height":768},{"@type":"BreadcrumbList","@id":"https:\/\/turijnmagazijn.nl\/de\/produkt\/fiat-logo-blauer-schlussel-fiat-stilo-punto-ii-500-grande-punto-imitation-per-piece-resin\/#breadcrumb","itemListElement":[{"@type":"ListItem","position":1,"name":"Home","item":"https:\/\/turijnmagazijn.nl\/de\/"},{"@type":"ListItem","position":2,"name":"Produkte","item":"https:\/\/turijnmagazijn.nl\/de\/shop\/"},{"@type":"ListItem","position":3,"name":"Fiat Logo BLAU Schl\u00fcssel Fiat Stilo Punto II 500 Grande Punto (Imitation) pro St\u00fcck RESIN 14mm"}]},{"@type":"WebSite","@id":"https:\/\/turijnmagazijn.jumpstone-dev.nl\/#website","url":"https:\/\/turijnmagazijn.jumpstone-dev.nl\/","name":"Turijnmagazijn","description":"Onderdelen nieuw en gebruikt - Fiat &amp; Lancia","publisher":{"@id":"https:\/\/turijnmagazijn.jumpstone-dev.nl\/#organization"},"potentialAction":[{"@type":"SearchAction","target":{"@type":"EntryPoint","urlTemplate":"https:\/\/turijnmagazijn.jumpstone-dev.nl\/?s={search_term_string}"},"query-input":{"@type":"PropertyValueSpecification","valueRequired":true,"valueName":"search_term_string"}}],"inLanguage":"de"},{"@type":"Organization","@id":"https:\/\/turijnmagazijn.jumpstone-dev.nl\/#organization","name":"Turijnmagazijn","url":"https:\/\/turijnmagazijn.jumpstone-dev.nl\/","logo":{"@type":"ImageObject","inLanguage":"de","@id":"https:\/\/turijnmagazijn.jumpstone-dev.nl\/#\/schema\/logo\/image\/","url":"https:\/\/turijnmagazijn.nl\/wp-content\/uploads\/2021\/02\/turijnmagazijnlogo.png","contentUrl":"https:\/\/turijnmagazijn.nl\/wp-content\/uploads\/2021\/02\/turijnmagazijnlogo.png","width":555,"height":270,"caption":"Turijnmagazijn"},"image":{"@id":"https:\/\/turijnmagazijn.jumpstone-dev.nl\/#\/schema\/logo\/image\/"},"sameAs":["https:\/\/www.facebook.com\/turijnmagazijn"]}]}},"_links":{"self":[{"href":"https:\/\/turijnmagazijn.nl\/de\/wp-json\/wp\/v2\/product\/70724","targetHints":{"allow":["GET"]}}],"collection":[{"href":"https:\/\/turijnmagazijn.nl\/de\/wp-json\/wp\/v2\/product"}],"about":[{"href":"https:\/\/turijnmagazijn.nl\/de\/wp-json\/wp\/v2\/types\/product"}],"replies":[{"embeddable":true,"href":"https:\/\/turijnmagazijn.nl\/de\/wp-json\/wp\/v2\/comments?post=70724"}],"wp:featuredmedia":[{"embeddable":true,"href":"https:\/\/turijnmagazijn.nl\/de\/wp-json\/wp\/v2\/media\/55129"}],"wp:attachment":[{"href":"https:\/\/turijnmagazijn.nl\/de\/wp-json\/wp\/v2\/media?parent=70724"}],"wp:term":[{"taxonomy":"product_brand","embeddable":true,"href":"https:\/\/turijnmagazijn.nl\/de\/wp-json\/wp\/v2\/product_brand?post=70724"},{"taxonomy":"product_cat","embeddable":true,"href":"https:\/\/turijnmagazijn.nl\/de\/wp-json\/wp\/v2\/product_cat?post=70724"},{"taxonomy":"product_tag","embeddable":true,"href":"https:\/\/turijnmagazijn.nl\/de\/wp-json\/wp\/v2\/product_tag?post=70724"}],"curies":[{"name":"wp","href":"https:\/\/api.w.org\/{rel}","templated":true}]}}