{"id":70767,"date":"2023-03-03T08:48:26","date_gmt":"2023-03-03T07:48:26","guid":{"rendered":"https:\/\/turijnmagazijn.nl\/?post_type=product&#038;p=70767"},"modified":"2025-05-29T16:42:43","modified_gmt":"2025-05-29T14:42:43","slug":"schlussel-blau-ohne-elektronik-fiat-punto-i-point-bart-neu","status":"publish","type":"product","link":"https:\/\/turijnmagazijn.nl\/de\/produkt\/schlussel-blau-ohne-elektronik-fiat-punto-i-point-bart-neu\/","title":{"rendered":"Schl\u00fcssel Blau ohne Elektronik Fiat Punto I Spitzbart -NEU-"},"content":{"rendered":"<p>Neuer Replika-Schl\u00fcssel f\u00fcr Fiat Punto 2. Handelt sich um einen ungeschliffenen Schl\u00fcssel mit spitzem Bart (spitz am Ende). Der Schl\u00fcssel enth\u00e4lt keine Elektronik und keinen Transponderchip.<\/p>\n<p>Dieser kann vom alten Schl\u00fcssel \u00fcbernommen werden. Der Schl\u00fcsselbart kann auf Basis des alten Schl\u00fcssels f\u00fcr jeden Schl\u00fcsselspezialisten geeignet gemacht werden.<\/p>\n<p>OEM FIAT 71719018 (nur als Referenz, betrifft eine Replika, kein Originalteil)<\/p>\n<p>&nbsp;<\/p>\n","protected":false},"excerpt":{"rendered":"<p>71719018 Schl\u00fcssel Blau ohne Elektronik Fiat Punto I Bart -NEU- &#8211; Neuer Nachbauschl\u00fcssel f\u00fcr Fiat Punto I.Schl\u00fcssel Blau ohne Elektronik Fiat Punto I Punktbart -NEU- &#8211; Neuer Nachbauschl\u00fcssel f\u00fcr Fiat Punto I.<\/p>\n","protected":false},"featured_media":52805,"comment_status":"open","ping_status":"closed","template":"","meta":{"_acf_changed":false},"product_brand":[],"product_cat":[1616,1584,1689,1751],"product_tag":[],"class_list":{"0":"post-70767","1":"product","2":"type-product","3":"status-publish","4":"has-post-thumbnail","6":"product_cat-156-932-de","7":"product_cat-alfa-romeo-de","8":"product_cat-fiat-de","9":"product_cat-punto-2-188-de","10":"pa_soort-onderdeel-audiogerate","12":"first","13":"instock","14":"taxable","15":"shipping-taxable","16":"purchasable","17":"product-type-simple"},"acf":[],"yoast_head":"<!-- This site is optimized with the Yoast SEO plugin v27.2 - https:\/\/yoast.com\/product\/yoast-seo-wordpress\/ -->\n<title>Schl\u00fcssel Blau ohne Elektronik Fiat Punto I Spitzbart -NEU- Turijnmagazijn<\/title>\n<meta name=\"robots\" content=\"index, follow, max-snippet:-1, max-image-preview:large, max-video-preview:-1\" \/>\n<link rel=\"canonical\" href=\"https:\/\/turijnmagazijn.nl\/de\/produkt\/schlussel-blau-ohne-elektronik-fiat-punto-i-point-bart-neu\/\" \/>\n<meta property=\"og:locale\" content=\"de_DE\" \/>\n<meta property=\"og:type\" content=\"article\" \/>\n<meta property=\"og:title\" content=\"Schl\u00fcssel Blau ohne Elektronik Fiat Punto I Spitzbart -NEU- Turijnmagazijn\" \/>\n<meta property=\"og:description\" content=\"71719018 Schl\u00fcssel Blau ohne Elektronik Fiat Punto I Bart -NEU- - Neuer Nachbauschl\u00fcssel f\u00fcr Fiat Punto I.Schl\u00fcssel Blau ohne Elektronik Fiat Punto I Punktbart -NEU- - Neuer Nachbauschl\u00fcssel f\u00fcr Fiat Punto I.\" \/>\n<meta property=\"og:url\" content=\"https:\/\/turijnmagazijn.nl\/de\/produkt\/schlussel-blau-ohne-elektronik-fiat-punto-i-point-bart-neu\/\" \/>\n<meta property=\"og:site_name\" content=\"Turijnmagazijn\" \/>\n<meta property=\"article:publisher\" content=\"https:\/\/www.facebook.com\/turijnmagazijn\" \/>\n<meta property=\"article:modified_time\" content=\"2025-05-29T14:42:43+00:00\" \/>\n<meta property=\"og:image\" content=\"https:\/\/turijnmagazijn.nl\/wp-content\/uploads\/2023\/03\/DN00100102-Sleutel-Blauw-zonder-electronica-Fiat-Punto-I-punt-baard-NIEUW-1-1.jpg\" \/>\n\t<meta property=\"og:image:width\" content=\"1024\" \/>\n\t<meta property=\"og:image:height\" content=\"768\" \/>\n\t<meta property=\"og:image:type\" content=\"image\/jpeg\" \/>\n<meta name=\"twitter:card\" content=\"summary_large_image\" \/>\n<script type=\"application\/ld+json\" class=\"yoast-schema-graph\">{\"@context\":\"https:\/\/schema.org\",\"@graph\":[{\"@type\":\"WebPage\",\"@id\":\"https:\/\/turijnmagazijn.nl\/de\/produkt\/schlussel-blau-ohne-elektronik-fiat-punto-i-point-bart-neu\/\",\"url\":\"https:\/\/turijnmagazijn.nl\/de\/produkt\/schlussel-blau-ohne-elektronik-fiat-punto-i-point-bart-neu\/\",\"name\":\"Schl\u00fcssel Blau ohne Elektronik Fiat Punto I Spitzbart -NEU- Turijnmagazijn\",\"isPartOf\":{\"@id\":\"https:\/\/turijnmagazijn.jumpstone-dev.nl\/#website\"},\"primaryImageOfPage\":{\"@id\":\"https:\/\/turijnmagazijn.nl\/de\/produkt\/schlussel-blau-ohne-elektronik-fiat-punto-i-point-bart-neu\/#primaryimage\"},\"image\":{\"@id\":\"https:\/\/turijnmagazijn.nl\/de\/produkt\/schlussel-blau-ohne-elektronik-fiat-punto-i-point-bart-neu\/#primaryimage\"},\"thumbnailUrl\":\"https:\/\/turijnmagazijn.nl\/wp-content\/uploads\/2023\/03\/DN00100102-Sleutel-Blauw-zonder-electronica-Fiat-Punto-I-punt-baard-NIEUW-1-1.jpg\",\"datePublished\":\"2023-03-03T07:48:26+00:00\",\"dateModified\":\"2025-05-29T14:42:43+00:00\",\"breadcrumb\":{\"@id\":\"https:\/\/turijnmagazijn.nl\/de\/produkt\/schlussel-blau-ohne-elektronik-fiat-punto-i-point-bart-neu\/#breadcrumb\"},\"inLanguage\":\"de\",\"potentialAction\":[{\"@type\":\"ReadAction\",\"target\":[\"https:\/\/turijnmagazijn.nl\/de\/produkt\/schlussel-blau-ohne-elektronik-fiat-punto-i-point-bart-neu\/\"]}]},{\"@type\":\"ImageObject\",\"inLanguage\":\"de\",\"@id\":\"https:\/\/turijnmagazijn.nl\/de\/produkt\/schlussel-blau-ohne-elektronik-fiat-punto-i-point-bart-neu\/#primaryimage\",\"url\":\"https:\/\/turijnmagazijn.nl\/wp-content\/uploads\/2023\/03\/DN00100102-Sleutel-Blauw-zonder-electronica-Fiat-Punto-I-punt-baard-NIEUW-1-1.jpg\",\"contentUrl\":\"https:\/\/turijnmagazijn.nl\/wp-content\/uploads\/2023\/03\/DN00100102-Sleutel-Blauw-zonder-electronica-Fiat-Punto-I-punt-baard-NIEUW-1-1.jpg\",\"width\":1024,\"height\":768},{\"@type\":\"BreadcrumbList\",\"@id\":\"https:\/\/turijnmagazijn.nl\/de\/produkt\/schlussel-blau-ohne-elektronik-fiat-punto-i-point-bart-neu\/#breadcrumb\",\"itemListElement\":[{\"@type\":\"ListItem\",\"position\":1,\"name\":\"Home\",\"item\":\"https:\/\/turijnmagazijn.nl\/de\/\"},{\"@type\":\"ListItem\",\"position\":2,\"name\":\"Produkte\",\"item\":\"https:\/\/turijnmagazijn.nl\/de\/shop\/\"},{\"@type\":\"ListItem\",\"position\":3,\"name\":\"Schl\u00fcssel Blau ohne Elektronik Fiat Punto I Spitzbart -NEU-\"}]},{\"@type\":\"WebSite\",\"@id\":\"https:\/\/turijnmagazijn.jumpstone-dev.nl\/#website\",\"url\":\"https:\/\/turijnmagazijn.jumpstone-dev.nl\/\",\"name\":\"Turijnmagazijn\",\"description\":\"Onderdelen nieuw en gebruikt - Fiat &amp; Lancia\",\"publisher\":{\"@id\":\"https:\/\/turijnmagazijn.jumpstone-dev.nl\/#organization\"},\"potentialAction\":[{\"@type\":\"SearchAction\",\"target\":{\"@type\":\"EntryPoint\",\"urlTemplate\":\"https:\/\/turijnmagazijn.jumpstone-dev.nl\/?s={search_term_string}\"},\"query-input\":{\"@type\":\"PropertyValueSpecification\",\"valueRequired\":true,\"valueName\":\"search_term_string\"}}],\"inLanguage\":\"de\"},{\"@type\":\"Organization\",\"@id\":\"https:\/\/turijnmagazijn.jumpstone-dev.nl\/#organization\",\"name\":\"Turijnmagazijn\",\"url\":\"https:\/\/turijnmagazijn.jumpstone-dev.nl\/\",\"logo\":{\"@type\":\"ImageObject\",\"inLanguage\":\"de\",\"@id\":\"https:\/\/turijnmagazijn.jumpstone-dev.nl\/#\/schema\/logo\/image\/\",\"url\":\"https:\/\/turijnmagazijn.nl\/wp-content\/uploads\/2021\/02\/turijnmagazijnlogo.png\",\"contentUrl\":\"https:\/\/turijnmagazijn.nl\/wp-content\/uploads\/2021\/02\/turijnmagazijnlogo.png\",\"width\":555,\"height\":270,\"caption\":\"Turijnmagazijn\"},\"image\":{\"@id\":\"https:\/\/turijnmagazijn.jumpstone-dev.nl\/#\/schema\/logo\/image\/\"},\"sameAs\":[\"https:\/\/www.facebook.com\/turijnmagazijn\"]}]}<\/script>\n<!-- \/ Yoast SEO plugin. -->","yoast_head_json":{"title":"Schl\u00fcssel Blau ohne Elektronik Fiat Punto I Spitzbart -NEU- Turijnmagazijn","robots":{"index":"index","follow":"follow","max-snippet":"max-snippet:-1","max-image-preview":"max-image-preview:large","max-video-preview":"max-video-preview:-1"},"canonical":"https:\/\/turijnmagazijn.nl\/de\/produkt\/schlussel-blau-ohne-elektronik-fiat-punto-i-point-bart-neu\/","og_locale":"de_DE","og_type":"article","og_title":"Schl\u00fcssel Blau ohne Elektronik Fiat Punto I Spitzbart -NEU- Turijnmagazijn","og_description":"71719018 Schl\u00fcssel Blau ohne Elektronik Fiat Punto I Bart -NEU- - Neuer Nachbauschl\u00fcssel f\u00fcr Fiat Punto I.Schl\u00fcssel Blau ohne Elektronik Fiat Punto I Punktbart -NEU- - Neuer Nachbauschl\u00fcssel f\u00fcr Fiat Punto I.","og_url":"https:\/\/turijnmagazijn.nl\/de\/produkt\/schlussel-blau-ohne-elektronik-fiat-punto-i-point-bart-neu\/","og_site_name":"Turijnmagazijn","article_publisher":"https:\/\/www.facebook.com\/turijnmagazijn","article_modified_time":"2025-05-29T14:42:43+00:00","og_image":[{"width":1024,"height":768,"url":"https:\/\/turijnmagazijn.nl\/wp-content\/uploads\/2023\/03\/DN00100102-Sleutel-Blauw-zonder-electronica-Fiat-Punto-I-punt-baard-NIEUW-1-1.jpg","type":"image\/jpeg"}],"twitter_card":"summary_large_image","schema":{"@context":"https:\/\/schema.org","@graph":[{"@type":"WebPage","@id":"https:\/\/turijnmagazijn.nl\/de\/produkt\/schlussel-blau-ohne-elektronik-fiat-punto-i-point-bart-neu\/","url":"https:\/\/turijnmagazijn.nl\/de\/produkt\/schlussel-blau-ohne-elektronik-fiat-punto-i-point-bart-neu\/","name":"Schl\u00fcssel Blau ohne Elektronik Fiat Punto I Spitzbart -NEU- Turijnmagazijn","isPartOf":{"@id":"https:\/\/turijnmagazijn.jumpstone-dev.nl\/#website"},"primaryImageOfPage":{"@id":"https:\/\/turijnmagazijn.nl\/de\/produkt\/schlussel-blau-ohne-elektronik-fiat-punto-i-point-bart-neu\/#primaryimage"},"image":{"@id":"https:\/\/turijnmagazijn.nl\/de\/produkt\/schlussel-blau-ohne-elektronik-fiat-punto-i-point-bart-neu\/#primaryimage"},"thumbnailUrl":"https:\/\/turijnmagazijn.nl\/wp-content\/uploads\/2023\/03\/DN00100102-Sleutel-Blauw-zonder-electronica-Fiat-Punto-I-punt-baard-NIEUW-1-1.jpg","datePublished":"2023-03-03T07:48:26+00:00","dateModified":"2025-05-29T14:42:43+00:00","breadcrumb":{"@id":"https:\/\/turijnmagazijn.nl\/de\/produkt\/schlussel-blau-ohne-elektronik-fiat-punto-i-point-bart-neu\/#breadcrumb"},"inLanguage":"de","potentialAction":[{"@type":"ReadAction","target":["https:\/\/turijnmagazijn.nl\/de\/produkt\/schlussel-blau-ohne-elektronik-fiat-punto-i-point-bart-neu\/"]}]},{"@type":"ImageObject","inLanguage":"de","@id":"https:\/\/turijnmagazijn.nl\/de\/produkt\/schlussel-blau-ohne-elektronik-fiat-punto-i-point-bart-neu\/#primaryimage","url":"https:\/\/turijnmagazijn.nl\/wp-content\/uploads\/2023\/03\/DN00100102-Sleutel-Blauw-zonder-electronica-Fiat-Punto-I-punt-baard-NIEUW-1-1.jpg","contentUrl":"https:\/\/turijnmagazijn.nl\/wp-content\/uploads\/2023\/03\/DN00100102-Sleutel-Blauw-zonder-electronica-Fiat-Punto-I-punt-baard-NIEUW-1-1.jpg","width":1024,"height":768},{"@type":"BreadcrumbList","@id":"https:\/\/turijnmagazijn.nl\/de\/produkt\/schlussel-blau-ohne-elektronik-fiat-punto-i-point-bart-neu\/#breadcrumb","itemListElement":[{"@type":"ListItem","position":1,"name":"Home","item":"https:\/\/turijnmagazijn.nl\/de\/"},{"@type":"ListItem","position":2,"name":"Produkte","item":"https:\/\/turijnmagazijn.nl\/de\/shop\/"},{"@type":"ListItem","position":3,"name":"Schl\u00fcssel Blau ohne Elektronik Fiat Punto I Spitzbart -NEU-"}]},{"@type":"WebSite","@id":"https:\/\/turijnmagazijn.jumpstone-dev.nl\/#website","url":"https:\/\/turijnmagazijn.jumpstone-dev.nl\/","name":"Turijnmagazijn","description":"Onderdelen nieuw en gebruikt - Fiat &amp; Lancia","publisher":{"@id":"https:\/\/turijnmagazijn.jumpstone-dev.nl\/#organization"},"potentialAction":[{"@type":"SearchAction","target":{"@type":"EntryPoint","urlTemplate":"https:\/\/turijnmagazijn.jumpstone-dev.nl\/?s={search_term_string}"},"query-input":{"@type":"PropertyValueSpecification","valueRequired":true,"valueName":"search_term_string"}}],"inLanguage":"de"},{"@type":"Organization","@id":"https:\/\/turijnmagazijn.jumpstone-dev.nl\/#organization","name":"Turijnmagazijn","url":"https:\/\/turijnmagazijn.jumpstone-dev.nl\/","logo":{"@type":"ImageObject","inLanguage":"de","@id":"https:\/\/turijnmagazijn.jumpstone-dev.nl\/#\/schema\/logo\/image\/","url":"https:\/\/turijnmagazijn.nl\/wp-content\/uploads\/2021\/02\/turijnmagazijnlogo.png","contentUrl":"https:\/\/turijnmagazijn.nl\/wp-content\/uploads\/2021\/02\/turijnmagazijnlogo.png","width":555,"height":270,"caption":"Turijnmagazijn"},"image":{"@id":"https:\/\/turijnmagazijn.jumpstone-dev.nl\/#\/schema\/logo\/image\/"},"sameAs":["https:\/\/www.facebook.com\/turijnmagazijn"]}]}},"_links":{"self":[{"href":"https:\/\/turijnmagazijn.nl\/de\/wp-json\/wp\/v2\/product\/70767","targetHints":{"allow":["GET"]}}],"collection":[{"href":"https:\/\/turijnmagazijn.nl\/de\/wp-json\/wp\/v2\/product"}],"about":[{"href":"https:\/\/turijnmagazijn.nl\/de\/wp-json\/wp\/v2\/types\/product"}],"replies":[{"embeddable":true,"href":"https:\/\/turijnmagazijn.nl\/de\/wp-json\/wp\/v2\/comments?post=70767"}],"wp:featuredmedia":[{"embeddable":true,"href":"https:\/\/turijnmagazijn.nl\/de\/wp-json\/wp\/v2\/media\/52805"}],"wp:attachment":[{"href":"https:\/\/turijnmagazijn.nl\/de\/wp-json\/wp\/v2\/media?parent=70767"}],"wp:term":[{"taxonomy":"product_brand","embeddable":true,"href":"https:\/\/turijnmagazijn.nl\/de\/wp-json\/wp\/v2\/product_brand?post=70767"},{"taxonomy":"product_cat","embeddable":true,"href":"https:\/\/turijnmagazijn.nl\/de\/wp-json\/wp\/v2\/product_cat?post=70767"},{"taxonomy":"product_tag","embeddable":true,"href":"https:\/\/turijnmagazijn.nl\/de\/wp-json\/wp\/v2\/product_tag?post=70767"}],"curies":[{"name":"wp","href":"https:\/\/api.w.org\/{rel}","templated":true}]}}