{"id":70828,"date":"2023-03-03T09:21:23","date_gmt":"2023-03-03T08:21:23","guid":{"rendered":"https:\/\/turijnmagazijn.nl\/?post_type=product&#038;p=70828"},"modified":"2025-04-15T20:54:26","modified_gmt":"2025-04-15T18:54:26","slug":"gasfeder-heckklappe-lancia-kappa-limousine-coupe","status":"publish","type":"product","link":"https:\/\/turijnmagazijn.nl\/de\/produkt\/gasfeder-heckklappe-lancia-kappa-limousine-coupe\/","title":{"rendered":"Gasfeder Heckklappe Lancia Kappa Limousine + Coupe"},"content":{"rendered":"<p>Gebrauchte Gasdruckfeder (1 Exemplar, pro Fahrzeug werden zwei ben\u00f6tigt) f\u00fcr die Heckklappe f\u00fcr Lancia Kappa berlina und Coupe. Betrifft die kurzen Federn mit einer Ruhel\u00e4nge (maximale L\u00e4nge) von 290 mm.<\/p>\n<p>Dies ist eine gebrauchte originale Stabilus-Gasfeder mit korrekter OEM-Nummer f\u00fcr Lancia.<\/p>\n<p>Gilt auch f\u00fcr die Kappa Coup\u00e9 Modelle.<\/p>\n<p>Die Federn geben einen Druck von 500 Newton ab.<\/p>\n<p>Stabilus Lift-o-mat<br \/>\n5993CJ<br \/>\n500N<br \/>\n304\/94 A 17<\/p>\n<p style=\"margin-bottom: 10px; line-height: 20px;\">\n<p style=\"margin-bottom: 10px; line-height: 20px;\">Aus einem Lancia Kappa Coup\u00e9 aus dem Jahr 1998.<\/p>\n<p style=\"margin-bottom: 10px; line-height: 20px;\">Lackfarbe des Spenderautos: 805 Black Storm.<\/p>\n<p style=\"margin-bottom: 10px; line-height: 20px;\">Das Spenderauto war mit einem 2.4 20V manuellen 5-Zylinder-Benzinmotor ausgestattet.<\/p>\n<p style=\"margin-bottom: 10px; line-height: 20px;\">\n<p>OEM Lancia 46429507<\/p>\n","protected":false},"excerpt":{"rendered":"<p>46429507 Gasfeder Heckklappe Lancia Kappa Limousine + Coupe &#8211; Gebrauchte Gasfeder (1 Exemplar, pro Fahrzeug werden zwei ben\u00f6tigt) f\u00fcr die Heckklappe f\u00fcr Lancia Kappa berlina und Coupe.Gasfeder Heckklappe Lancia Kappa Limousine + Coupe &#8211; Gebrauchte Gasfeder (1 x<\/p>\n","protected":false},"featured_media":49029,"comment_status":"open","ping_status":"closed","template":"","meta":{"_acf_changed":false},"product_brand":[],"product_cat":[1867,1859,1797,1869],"product_tag":[],"class_list":{"0":"post-70828","1":"product","2":"type-product","3":"status-publish","4":"has-post-thumbnail","6":"product_cat-coupe-de","7":"product_cat-kappa-838-de","8":"product_cat-lancia-de","9":"product_cat-sw-de","10":"pa_soort-onderdeel-andere-autoteile","12":"first","13":"instock","14":"shipping-taxable","15":"purchasable","16":"product-type-simple"},"acf":[],"yoast_head":"<!-- This site is optimized with the Yoast SEO plugin v27.3 - https:\/\/yoast.com\/product\/yoast-seo-wordpress\/ -->\n<title>Gasfeder Heckklappe Lancia Kappa Limousine + Coupe - Turijnmagazijn<\/title>\n<meta name=\"robots\" content=\"index, follow, max-snippet:-1, max-image-preview:large, max-video-preview:-1\" \/>\n<link rel=\"canonical\" href=\"https:\/\/turijnmagazijn.nl\/de\/produkt\/gasfeder-heckklappe-lancia-kappa-limousine-coupe\/\" \/>\n<meta property=\"og:locale\" content=\"de_DE\" \/>\n<meta property=\"og:type\" content=\"article\" \/>\n<meta property=\"og:title\" content=\"Gasfeder Heckklappe Lancia Kappa Limousine + Coupe - Turijnmagazijn\" \/>\n<meta property=\"og:description\" content=\"46429507 Gasfeder Heckklappe Lancia Kappa Limousine + Coupe - Gebrauchte Gasfeder (1 Exemplar, pro Fahrzeug werden zwei ben\u00f6tigt) f\u00fcr die Heckklappe f\u00fcr Lancia Kappa berlina und Coupe.Gasfeder Heckklappe Lancia Kappa Limousine + Coupe - Gebrauchte Gasfeder (1 x\" \/>\n<meta property=\"og:url\" content=\"https:\/\/turijnmagazijn.nl\/de\/produkt\/gasfeder-heckklappe-lancia-kappa-limousine-coupe\/\" \/>\n<meta property=\"og:site_name\" content=\"Turijnmagazijn\" \/>\n<meta property=\"article:publisher\" content=\"https:\/\/www.facebook.com\/turijnmagazijn\" \/>\n<meta property=\"article:modified_time\" content=\"2025-04-15T18:54:26+00:00\" \/>\n<meta property=\"og:image\" content=\"https:\/\/turijnmagazijn.nl\/wp-content\/uploads\/2023\/03\/DK0010235320Gasveer20Achterklep20Lancia20Kappa20Sedan2020Coupe203.jpg\" \/>\n\t<meta property=\"og:image:width\" content=\"1024\" \/>\n\t<meta property=\"og:image:height\" content=\"768\" \/>\n\t<meta property=\"og:image:type\" content=\"image\/jpeg\" \/>\n<meta name=\"twitter:card\" content=\"summary_large_image\" \/>\n<script type=\"application\/ld+json\" class=\"yoast-schema-graph\">{\"@context\":\"https:\\\/\\\/schema.org\",\"@graph\":[{\"@type\":\"WebPage\",\"@id\":\"https:\\\/\\\/turijnmagazijn.nl\\\/de\\\/produkt\\\/gasfeder-heckklappe-lancia-kappa-limousine-coupe\\\/\",\"url\":\"https:\\\/\\\/turijnmagazijn.nl\\\/de\\\/produkt\\\/gasfeder-heckklappe-lancia-kappa-limousine-coupe\\\/\",\"name\":\"Gasfeder Heckklappe Lancia Kappa Limousine + Coupe - Turijnmagazijn\",\"isPartOf\":{\"@id\":\"https:\\\/\\\/turijnmagazijn.jumpstone-dev.nl\\\/#website\"},\"primaryImageOfPage\":{\"@id\":\"https:\\\/\\\/turijnmagazijn.nl\\\/de\\\/produkt\\\/gasfeder-heckklappe-lancia-kappa-limousine-coupe\\\/#primaryimage\"},\"image\":{\"@id\":\"https:\\\/\\\/turijnmagazijn.nl\\\/de\\\/produkt\\\/gasfeder-heckklappe-lancia-kappa-limousine-coupe\\\/#primaryimage\"},\"thumbnailUrl\":\"https:\\\/\\\/turijnmagazijn.nl\\\/wp-content\\\/uploads\\\/2023\\\/03\\\/DK0010235320Gasveer20Achterklep20Lancia20Kappa20Sedan2020Coupe203.jpg\",\"datePublished\":\"2023-03-03T08:21:23+00:00\",\"dateModified\":\"2025-04-15T18:54:26+00:00\",\"breadcrumb\":{\"@id\":\"https:\\\/\\\/turijnmagazijn.nl\\\/de\\\/produkt\\\/gasfeder-heckklappe-lancia-kappa-limousine-coupe\\\/#breadcrumb\"},\"inLanguage\":\"de\",\"potentialAction\":[{\"@type\":\"ReadAction\",\"target\":[\"https:\\\/\\\/turijnmagazijn.nl\\\/de\\\/produkt\\\/gasfeder-heckklappe-lancia-kappa-limousine-coupe\\\/\"]}]},{\"@type\":\"ImageObject\",\"inLanguage\":\"de\",\"@id\":\"https:\\\/\\\/turijnmagazijn.nl\\\/de\\\/produkt\\\/gasfeder-heckklappe-lancia-kappa-limousine-coupe\\\/#primaryimage\",\"url\":\"https:\\\/\\\/turijnmagazijn.nl\\\/wp-content\\\/uploads\\\/2023\\\/03\\\/DK0010235320Gasveer20Achterklep20Lancia20Kappa20Sedan2020Coupe203.jpg\",\"contentUrl\":\"https:\\\/\\\/turijnmagazijn.nl\\\/wp-content\\\/uploads\\\/2023\\\/03\\\/DK0010235320Gasveer20Achterklep20Lancia20Kappa20Sedan2020Coupe203.jpg\",\"width\":1024,\"height\":768},{\"@type\":\"BreadcrumbList\",\"@id\":\"https:\\\/\\\/turijnmagazijn.nl\\\/de\\\/produkt\\\/gasfeder-heckklappe-lancia-kappa-limousine-coupe\\\/#breadcrumb\",\"itemListElement\":[{\"@type\":\"ListItem\",\"position\":1,\"name\":\"Home\",\"item\":\"https:\\\/\\\/turijnmagazijn.nl\\\/de\\\/\"},{\"@type\":\"ListItem\",\"position\":2,\"name\":\"Produkte\",\"item\":\"https:\\\/\\\/turijnmagazijn.nl\\\/de\\\/shop\\\/\"},{\"@type\":\"ListItem\",\"position\":3,\"name\":\"Gasfeder Heckklappe Lancia Kappa Limousine + Coupe\"}]},{\"@type\":\"WebSite\",\"@id\":\"https:\\\/\\\/turijnmagazijn.jumpstone-dev.nl\\\/#website\",\"url\":\"https:\\\/\\\/turijnmagazijn.jumpstone-dev.nl\\\/\",\"name\":\"Turijnmagazijn\",\"description\":\"Onderdelen nieuw en gebruikt - Fiat &amp; Lancia\",\"publisher\":{\"@id\":\"https:\\\/\\\/turijnmagazijn.jumpstone-dev.nl\\\/#organization\"},\"potentialAction\":[{\"@type\":\"SearchAction\",\"target\":{\"@type\":\"EntryPoint\",\"urlTemplate\":\"https:\\\/\\\/turijnmagazijn.jumpstone-dev.nl\\\/?s={search_term_string}\"},\"query-input\":{\"@type\":\"PropertyValueSpecification\",\"valueRequired\":true,\"valueName\":\"search_term_string\"}}],\"inLanguage\":\"de\"},{\"@type\":\"Organization\",\"@id\":\"https:\\\/\\\/turijnmagazijn.jumpstone-dev.nl\\\/#organization\",\"name\":\"Turijnmagazijn\",\"url\":\"https:\\\/\\\/turijnmagazijn.jumpstone-dev.nl\\\/\",\"logo\":{\"@type\":\"ImageObject\",\"inLanguage\":\"de\",\"@id\":\"https:\\\/\\\/turijnmagazijn.jumpstone-dev.nl\\\/#\\\/schema\\\/logo\\\/image\\\/\",\"url\":\"https:\\\/\\\/turijnmagazijn.nl\\\/wp-content\\\/uploads\\\/2021\\\/02\\\/turijnmagazijnlogo.png\",\"contentUrl\":\"https:\\\/\\\/turijnmagazijn.nl\\\/wp-content\\\/uploads\\\/2021\\\/02\\\/turijnmagazijnlogo.png\",\"width\":555,\"height\":270,\"caption\":\"Turijnmagazijn\"},\"image\":{\"@id\":\"https:\\\/\\\/turijnmagazijn.jumpstone-dev.nl\\\/#\\\/schema\\\/logo\\\/image\\\/\"},\"sameAs\":[\"https:\\\/\\\/www.facebook.com\\\/turijnmagazijn\"]}]}<\/script>\n<!-- \/ Yoast SEO plugin. -->","yoast_head_json":{"title":"Gasfeder Heckklappe Lancia Kappa Limousine + Coupe - Turijnmagazijn","robots":{"index":"index","follow":"follow","max-snippet":"max-snippet:-1","max-image-preview":"max-image-preview:large","max-video-preview":"max-video-preview:-1"},"canonical":"https:\/\/turijnmagazijn.nl\/de\/produkt\/gasfeder-heckklappe-lancia-kappa-limousine-coupe\/","og_locale":"de_DE","og_type":"article","og_title":"Gasfeder Heckklappe Lancia Kappa Limousine + Coupe - Turijnmagazijn","og_description":"46429507 Gasfeder Heckklappe Lancia Kappa Limousine + Coupe - Gebrauchte Gasfeder (1 Exemplar, pro Fahrzeug werden zwei ben\u00f6tigt) f\u00fcr die Heckklappe f\u00fcr Lancia Kappa berlina und Coupe.Gasfeder Heckklappe Lancia Kappa Limousine + Coupe - Gebrauchte Gasfeder (1 x","og_url":"https:\/\/turijnmagazijn.nl\/de\/produkt\/gasfeder-heckklappe-lancia-kappa-limousine-coupe\/","og_site_name":"Turijnmagazijn","article_publisher":"https:\/\/www.facebook.com\/turijnmagazijn","article_modified_time":"2025-04-15T18:54:26+00:00","og_image":[{"width":1024,"height":768,"url":"https:\/\/turijnmagazijn.nl\/wp-content\/uploads\/2023\/03\/DK0010235320Gasveer20Achterklep20Lancia20Kappa20Sedan2020Coupe203.jpg","type":"image\/jpeg"}],"twitter_card":"summary_large_image","schema":{"@context":"https:\/\/schema.org","@graph":[{"@type":"WebPage","@id":"https:\/\/turijnmagazijn.nl\/de\/produkt\/gasfeder-heckklappe-lancia-kappa-limousine-coupe\/","url":"https:\/\/turijnmagazijn.nl\/de\/produkt\/gasfeder-heckklappe-lancia-kappa-limousine-coupe\/","name":"Gasfeder Heckklappe Lancia Kappa Limousine + Coupe - Turijnmagazijn","isPartOf":{"@id":"https:\/\/turijnmagazijn.jumpstone-dev.nl\/#website"},"primaryImageOfPage":{"@id":"https:\/\/turijnmagazijn.nl\/de\/produkt\/gasfeder-heckklappe-lancia-kappa-limousine-coupe\/#primaryimage"},"image":{"@id":"https:\/\/turijnmagazijn.nl\/de\/produkt\/gasfeder-heckklappe-lancia-kappa-limousine-coupe\/#primaryimage"},"thumbnailUrl":"https:\/\/turijnmagazijn.nl\/wp-content\/uploads\/2023\/03\/DK0010235320Gasveer20Achterklep20Lancia20Kappa20Sedan2020Coupe203.jpg","datePublished":"2023-03-03T08:21:23+00:00","dateModified":"2025-04-15T18:54:26+00:00","breadcrumb":{"@id":"https:\/\/turijnmagazijn.nl\/de\/produkt\/gasfeder-heckklappe-lancia-kappa-limousine-coupe\/#breadcrumb"},"inLanguage":"de","potentialAction":[{"@type":"ReadAction","target":["https:\/\/turijnmagazijn.nl\/de\/produkt\/gasfeder-heckklappe-lancia-kappa-limousine-coupe\/"]}]},{"@type":"ImageObject","inLanguage":"de","@id":"https:\/\/turijnmagazijn.nl\/de\/produkt\/gasfeder-heckklappe-lancia-kappa-limousine-coupe\/#primaryimage","url":"https:\/\/turijnmagazijn.nl\/wp-content\/uploads\/2023\/03\/DK0010235320Gasveer20Achterklep20Lancia20Kappa20Sedan2020Coupe203.jpg","contentUrl":"https:\/\/turijnmagazijn.nl\/wp-content\/uploads\/2023\/03\/DK0010235320Gasveer20Achterklep20Lancia20Kappa20Sedan2020Coupe203.jpg","width":1024,"height":768},{"@type":"BreadcrumbList","@id":"https:\/\/turijnmagazijn.nl\/de\/produkt\/gasfeder-heckklappe-lancia-kappa-limousine-coupe\/#breadcrumb","itemListElement":[{"@type":"ListItem","position":1,"name":"Home","item":"https:\/\/turijnmagazijn.nl\/de\/"},{"@type":"ListItem","position":2,"name":"Produkte","item":"https:\/\/turijnmagazijn.nl\/de\/shop\/"},{"@type":"ListItem","position":3,"name":"Gasfeder Heckklappe Lancia Kappa Limousine + Coupe"}]},{"@type":"WebSite","@id":"https:\/\/turijnmagazijn.jumpstone-dev.nl\/#website","url":"https:\/\/turijnmagazijn.jumpstone-dev.nl\/","name":"Turijnmagazijn","description":"Onderdelen nieuw en gebruikt - Fiat &amp; Lancia","publisher":{"@id":"https:\/\/turijnmagazijn.jumpstone-dev.nl\/#organization"},"potentialAction":[{"@type":"SearchAction","target":{"@type":"EntryPoint","urlTemplate":"https:\/\/turijnmagazijn.jumpstone-dev.nl\/?s={search_term_string}"},"query-input":{"@type":"PropertyValueSpecification","valueRequired":true,"valueName":"search_term_string"}}],"inLanguage":"de"},{"@type":"Organization","@id":"https:\/\/turijnmagazijn.jumpstone-dev.nl\/#organization","name":"Turijnmagazijn","url":"https:\/\/turijnmagazijn.jumpstone-dev.nl\/","logo":{"@type":"ImageObject","inLanguage":"de","@id":"https:\/\/turijnmagazijn.jumpstone-dev.nl\/#\/schema\/logo\/image\/","url":"https:\/\/turijnmagazijn.nl\/wp-content\/uploads\/2021\/02\/turijnmagazijnlogo.png","contentUrl":"https:\/\/turijnmagazijn.nl\/wp-content\/uploads\/2021\/02\/turijnmagazijnlogo.png","width":555,"height":270,"caption":"Turijnmagazijn"},"image":{"@id":"https:\/\/turijnmagazijn.jumpstone-dev.nl\/#\/schema\/logo\/image\/"},"sameAs":["https:\/\/www.facebook.com\/turijnmagazijn"]}]}},"_links":{"self":[{"href":"https:\/\/turijnmagazijn.nl\/de\/wp-json\/wp\/v2\/product\/70828","targetHints":{"allow":["GET"]}}],"collection":[{"href":"https:\/\/turijnmagazijn.nl\/de\/wp-json\/wp\/v2\/product"}],"about":[{"href":"https:\/\/turijnmagazijn.nl\/de\/wp-json\/wp\/v2\/types\/product"}],"replies":[{"embeddable":true,"href":"https:\/\/turijnmagazijn.nl\/de\/wp-json\/wp\/v2\/comments?post=70828"}],"wp:featuredmedia":[{"embeddable":true,"href":"https:\/\/turijnmagazijn.nl\/de\/wp-json\/wp\/v2\/media\/49029"}],"wp:attachment":[{"href":"https:\/\/turijnmagazijn.nl\/de\/wp-json\/wp\/v2\/media?parent=70828"}],"wp:term":[{"taxonomy":"product_brand","embeddable":true,"href":"https:\/\/turijnmagazijn.nl\/de\/wp-json\/wp\/v2\/product_brand?post=70828"},{"taxonomy":"product_cat","embeddable":true,"href":"https:\/\/turijnmagazijn.nl\/de\/wp-json\/wp\/v2\/product_cat?post=70828"},{"taxonomy":"product_tag","embeddable":true,"href":"https:\/\/turijnmagazijn.nl\/de\/wp-json\/wp\/v2\/product_tag?post=70828"}],"curies":[{"name":"wp","href":"https:\/\/api.w.org\/{rel}","templated":true}]}}