{"id":70865,"date":"2023-03-03T08:19:09","date_gmt":"2023-03-03T07:19:09","guid":{"rendered":"https:\/\/turijnmagazijn.nl\/?post_type=product&#038;p=70865"},"modified":"2025-04-15T20:44:14","modified_gmt":"2025-04-15T18:44:14","slug":"zundspule-lancia-kappa-bosch-0221504006","status":"publish","type":"product","link":"https:\/\/turijnmagazijn.nl\/de\/produkt\/zundspule-lancia-kappa-bosch-0221504006\/","title":{"rendered":"Z\u00fcndspule Lancia Kappa Bosch 0221504006"},"content":{"rendered":"<p>Gebrauchte Z\u00fcndspule f\u00fcr 5 Zylinder Benzin Lancia Kappa.&nbsp;<\/p>\n<p>Original Bosch Z\u00fcndspule, hat bereits eine unbekannte Anzahl von Kilometern auf einer Kappa-Limousine aus dem Jahr 1996 gemacht.<\/p>\n<p>Hierbei handelt es sich um eine komplette Z\u00fcndspule in \u00dcbereinstimmung mit dem Original.<\/p>\n<p>Ideal f\u00fcr diejenigen, die nach einer Fehlfunktion suchen und einige Z\u00fcndspulen wechseln m\u00f6chten. Keine Garantie f\u00fcr den korrekten Betrieb. Im Zweifelsfall bestellen Sie zwei, der Preis ist da.<\/p>\n<p>Bosch 0221504006<\/p>\n<p>OEM Lancia 46403328<\/p>\n<p><\/p>\n<p><\/p>\n<p>Passt auch:<br style=\"\">Fiat Bravo I Schr\u00e4gheck (182) (1998 , 147 PS)<br style=\"\">Fiat Coupe (175) (1998 , 147 &#8211; 220 PS)<br style=\"\">LANCIA Kappa Limousine (838) (1998 &#8211; 2446 , 146 &#8211; 220 PS)<br style=\"\">LANCIA Kappa Coupe (838) (1998 &#8211; 2446 , 175 &#8211; 220 PS)<br style=\"\">LANCIA Kappa Kombi (838) (1998 &#8211; 2446 , 155 &#8211; 220 PS)<\/p>\n","protected":false},"excerpt":{"rendered":"<p>Z\u00fcndspule blank Lancia Kappa Bosch 0221504006 &#8211; Gebrauchte Z\u00fcndspule f\u00fcr 5 Zylinder Benziner Lancia Kappa.Z\u00fcndspule Lancia Kappa Bosch 0221504006 &#8211; Gebrauchte Z\u00fcndspule f\u00fcr 5 Zylinder Benzin Lancia Kappa.<\/p>\n","protected":false},"featured_media":46757,"comment_status":"closed","ping_status":"closed","template":"","meta":{"_acf_changed":false},"product_brand":[],"product_cat":[1867,1717,1689,1859,1797,1869],"product_tag":[],"class_list":{"0":"post-70865","1":"product","2":"type-product","3":"status-publish","4":"has-post-thumbnail","6":"product_cat-coupe-de","7":"product_cat-coupe-175-de","8":"product_cat-fiat-de","9":"product_cat-kappa-838-de","10":"product_cat-lancia-de","11":"product_cat-sw-de","12":"pa_soort-onderdeel-karosserie-und-blech","13":"pa_soort-onderdeel-motor-und-zubehor","15":"first","16":"instock","17":"shipping-taxable","18":"purchasable","19":"product-type-simple"},"acf":[],"yoast_head":"<!-- This site is optimized with the Yoast SEO plugin v27.3 - https:\/\/yoast.com\/product\/yoast-seo-wordpress\/ -->\n<title>Z\u00fcndspule Lancia Kappa Bosch 0221504006 - Turijnmagazijn<\/title>\n<meta name=\"robots\" content=\"index, follow, max-snippet:-1, max-image-preview:large, max-video-preview:-1\" \/>\n<link rel=\"canonical\" href=\"https:\/\/turijnmagazijn.nl\/de\/produkt\/zundspule-lancia-kappa-bosch-0221504006\/\" \/>\n<meta property=\"og:locale\" content=\"de_DE\" \/>\n<meta property=\"og:type\" content=\"article\" \/>\n<meta property=\"og:title\" content=\"Z\u00fcndspule Lancia Kappa Bosch 0221504006 - Turijnmagazijn\" \/>\n<meta property=\"og:description\" content=\"Z\u00fcndspule blank Lancia Kappa Bosch 0221504006 - Gebrauchte Z\u00fcndspule f\u00fcr 5 Zylinder Benziner Lancia Kappa.Z\u00fcndspule Lancia Kappa Bosch 0221504006 - Gebrauchte Z\u00fcndspule f\u00fcr 5 Zylinder Benzin Lancia Kappa.\" \/>\n<meta property=\"og:url\" content=\"https:\/\/turijnmagazijn.nl\/de\/produkt\/zundspule-lancia-kappa-bosch-0221504006\/\" \/>\n<meta property=\"og:site_name\" content=\"Turijnmagazijn\" \/>\n<meta property=\"article:publisher\" content=\"https:\/\/www.facebook.com\/turijnmagazijn\" \/>\n<meta property=\"article:modified_time\" content=\"2025-04-15T18:44:14+00:00\" \/>\n<meta property=\"og:image\" content=\"https:\/\/turijnmagazijn.nl\/wp-content\/uploads\/2023\/03\/DK0010219520Bobine20Lancia20Kappa20Bosch20022150400620258.jpg\" \/>\n\t<meta property=\"og:image:width\" content=\"1024\" \/>\n\t<meta property=\"og:image:height\" content=\"768\" \/>\n\t<meta property=\"og:image:type\" content=\"image\/jpeg\" \/>\n<meta name=\"twitter:card\" content=\"summary_large_image\" \/>\n<meta name=\"twitter:label1\" content=\"Gesch\u00e4tzte Lesezeit\" \/>\n\t<meta name=\"twitter:data1\" content=\"1\u00a0Minute\" \/>\n<script type=\"application\/ld+json\" class=\"yoast-schema-graph\">{\"@context\":\"https:\\\/\\\/schema.org\",\"@graph\":[{\"@type\":\"WebPage\",\"@id\":\"https:\\\/\\\/turijnmagazijn.nl\\\/de\\\/produkt\\\/zundspule-lancia-kappa-bosch-0221504006\\\/\",\"url\":\"https:\\\/\\\/turijnmagazijn.nl\\\/de\\\/produkt\\\/zundspule-lancia-kappa-bosch-0221504006\\\/\",\"name\":\"Z\u00fcndspule Lancia Kappa Bosch 0221504006 - Turijnmagazijn\",\"isPartOf\":{\"@id\":\"https:\\\/\\\/turijnmagazijn.jumpstone-dev.nl\\\/#website\"},\"primaryImageOfPage\":{\"@id\":\"https:\\\/\\\/turijnmagazijn.nl\\\/de\\\/produkt\\\/zundspule-lancia-kappa-bosch-0221504006\\\/#primaryimage\"},\"image\":{\"@id\":\"https:\\\/\\\/turijnmagazijn.nl\\\/de\\\/produkt\\\/zundspule-lancia-kappa-bosch-0221504006\\\/#primaryimage\"},\"thumbnailUrl\":\"https:\\\/\\\/turijnmagazijn.nl\\\/wp-content\\\/uploads\\\/2023\\\/03\\\/DK0010219520Bobine20Lancia20Kappa20Bosch20022150400620258.jpg\",\"datePublished\":\"2023-03-03T07:19:09+00:00\",\"dateModified\":\"2025-04-15T18:44:14+00:00\",\"breadcrumb\":{\"@id\":\"https:\\\/\\\/turijnmagazijn.nl\\\/de\\\/produkt\\\/zundspule-lancia-kappa-bosch-0221504006\\\/#breadcrumb\"},\"inLanguage\":\"de\",\"potentialAction\":[{\"@type\":\"ReadAction\",\"target\":[\"https:\\\/\\\/turijnmagazijn.nl\\\/de\\\/produkt\\\/zundspule-lancia-kappa-bosch-0221504006\\\/\"]}]},{\"@type\":\"ImageObject\",\"inLanguage\":\"de\",\"@id\":\"https:\\\/\\\/turijnmagazijn.nl\\\/de\\\/produkt\\\/zundspule-lancia-kappa-bosch-0221504006\\\/#primaryimage\",\"url\":\"https:\\\/\\\/turijnmagazijn.nl\\\/wp-content\\\/uploads\\\/2023\\\/03\\\/DK0010219520Bobine20Lancia20Kappa20Bosch20022150400620258.jpg\",\"contentUrl\":\"https:\\\/\\\/turijnmagazijn.nl\\\/wp-content\\\/uploads\\\/2023\\\/03\\\/DK0010219520Bobine20Lancia20Kappa20Bosch20022150400620258.jpg\",\"width\":1024,\"height\":768},{\"@type\":\"BreadcrumbList\",\"@id\":\"https:\\\/\\\/turijnmagazijn.nl\\\/de\\\/produkt\\\/zundspule-lancia-kappa-bosch-0221504006\\\/#breadcrumb\",\"itemListElement\":[{\"@type\":\"ListItem\",\"position\":1,\"name\":\"Home\",\"item\":\"https:\\\/\\\/turijnmagazijn.nl\\\/de\\\/\"},{\"@type\":\"ListItem\",\"position\":2,\"name\":\"Produkte\",\"item\":\"https:\\\/\\\/turijnmagazijn.nl\\\/de\\\/shop\\\/\"},{\"@type\":\"ListItem\",\"position\":3,\"name\":\"Z\u00fcndspule Lancia Kappa Bosch 0221504006\"}]},{\"@type\":\"WebSite\",\"@id\":\"https:\\\/\\\/turijnmagazijn.jumpstone-dev.nl\\\/#website\",\"url\":\"https:\\\/\\\/turijnmagazijn.jumpstone-dev.nl\\\/\",\"name\":\"Turijnmagazijn\",\"description\":\"Onderdelen nieuw en gebruikt - Fiat &amp; Lancia\",\"publisher\":{\"@id\":\"https:\\\/\\\/turijnmagazijn.jumpstone-dev.nl\\\/#organization\"},\"potentialAction\":[{\"@type\":\"SearchAction\",\"target\":{\"@type\":\"EntryPoint\",\"urlTemplate\":\"https:\\\/\\\/turijnmagazijn.jumpstone-dev.nl\\\/?s={search_term_string}\"},\"query-input\":{\"@type\":\"PropertyValueSpecification\",\"valueRequired\":true,\"valueName\":\"search_term_string\"}}],\"inLanguage\":\"de\"},{\"@type\":\"Organization\",\"@id\":\"https:\\\/\\\/turijnmagazijn.jumpstone-dev.nl\\\/#organization\",\"name\":\"Turijnmagazijn\",\"url\":\"https:\\\/\\\/turijnmagazijn.jumpstone-dev.nl\\\/\",\"logo\":{\"@type\":\"ImageObject\",\"inLanguage\":\"de\",\"@id\":\"https:\\\/\\\/turijnmagazijn.jumpstone-dev.nl\\\/#\\\/schema\\\/logo\\\/image\\\/\",\"url\":\"https:\\\/\\\/turijnmagazijn.nl\\\/wp-content\\\/uploads\\\/2021\\\/02\\\/turijnmagazijnlogo.png\",\"contentUrl\":\"https:\\\/\\\/turijnmagazijn.nl\\\/wp-content\\\/uploads\\\/2021\\\/02\\\/turijnmagazijnlogo.png\",\"width\":555,\"height\":270,\"caption\":\"Turijnmagazijn\"},\"image\":{\"@id\":\"https:\\\/\\\/turijnmagazijn.jumpstone-dev.nl\\\/#\\\/schema\\\/logo\\\/image\\\/\"},\"sameAs\":[\"https:\\\/\\\/www.facebook.com\\\/turijnmagazijn\"]}]}<\/script>\n<!-- \/ Yoast SEO plugin. -->","yoast_head_json":{"title":"Z\u00fcndspule Lancia Kappa Bosch 0221504006 - Turijnmagazijn","robots":{"index":"index","follow":"follow","max-snippet":"max-snippet:-1","max-image-preview":"max-image-preview:large","max-video-preview":"max-video-preview:-1"},"canonical":"https:\/\/turijnmagazijn.nl\/de\/produkt\/zundspule-lancia-kappa-bosch-0221504006\/","og_locale":"de_DE","og_type":"article","og_title":"Z\u00fcndspule Lancia Kappa Bosch 0221504006 - Turijnmagazijn","og_description":"Z\u00fcndspule blank Lancia Kappa Bosch 0221504006 - Gebrauchte Z\u00fcndspule f\u00fcr 5 Zylinder Benziner Lancia Kappa.Z\u00fcndspule Lancia Kappa Bosch 0221504006 - Gebrauchte Z\u00fcndspule f\u00fcr 5 Zylinder Benzin Lancia Kappa.","og_url":"https:\/\/turijnmagazijn.nl\/de\/produkt\/zundspule-lancia-kappa-bosch-0221504006\/","og_site_name":"Turijnmagazijn","article_publisher":"https:\/\/www.facebook.com\/turijnmagazijn","article_modified_time":"2025-04-15T18:44:14+00:00","og_image":[{"width":1024,"height":768,"url":"https:\/\/turijnmagazijn.nl\/wp-content\/uploads\/2023\/03\/DK0010219520Bobine20Lancia20Kappa20Bosch20022150400620258.jpg","type":"image\/jpeg"}],"twitter_card":"summary_large_image","twitter_misc":{"Gesch\u00e4tzte Lesezeit":"1\u00a0Minute"},"schema":{"@context":"https:\/\/schema.org","@graph":[{"@type":"WebPage","@id":"https:\/\/turijnmagazijn.nl\/de\/produkt\/zundspule-lancia-kappa-bosch-0221504006\/","url":"https:\/\/turijnmagazijn.nl\/de\/produkt\/zundspule-lancia-kappa-bosch-0221504006\/","name":"Z\u00fcndspule Lancia Kappa Bosch 0221504006 - Turijnmagazijn","isPartOf":{"@id":"https:\/\/turijnmagazijn.jumpstone-dev.nl\/#website"},"primaryImageOfPage":{"@id":"https:\/\/turijnmagazijn.nl\/de\/produkt\/zundspule-lancia-kappa-bosch-0221504006\/#primaryimage"},"image":{"@id":"https:\/\/turijnmagazijn.nl\/de\/produkt\/zundspule-lancia-kappa-bosch-0221504006\/#primaryimage"},"thumbnailUrl":"https:\/\/turijnmagazijn.nl\/wp-content\/uploads\/2023\/03\/DK0010219520Bobine20Lancia20Kappa20Bosch20022150400620258.jpg","datePublished":"2023-03-03T07:19:09+00:00","dateModified":"2025-04-15T18:44:14+00:00","breadcrumb":{"@id":"https:\/\/turijnmagazijn.nl\/de\/produkt\/zundspule-lancia-kappa-bosch-0221504006\/#breadcrumb"},"inLanguage":"de","potentialAction":[{"@type":"ReadAction","target":["https:\/\/turijnmagazijn.nl\/de\/produkt\/zundspule-lancia-kappa-bosch-0221504006\/"]}]},{"@type":"ImageObject","inLanguage":"de","@id":"https:\/\/turijnmagazijn.nl\/de\/produkt\/zundspule-lancia-kappa-bosch-0221504006\/#primaryimage","url":"https:\/\/turijnmagazijn.nl\/wp-content\/uploads\/2023\/03\/DK0010219520Bobine20Lancia20Kappa20Bosch20022150400620258.jpg","contentUrl":"https:\/\/turijnmagazijn.nl\/wp-content\/uploads\/2023\/03\/DK0010219520Bobine20Lancia20Kappa20Bosch20022150400620258.jpg","width":1024,"height":768},{"@type":"BreadcrumbList","@id":"https:\/\/turijnmagazijn.nl\/de\/produkt\/zundspule-lancia-kappa-bosch-0221504006\/#breadcrumb","itemListElement":[{"@type":"ListItem","position":1,"name":"Home","item":"https:\/\/turijnmagazijn.nl\/de\/"},{"@type":"ListItem","position":2,"name":"Produkte","item":"https:\/\/turijnmagazijn.nl\/de\/shop\/"},{"@type":"ListItem","position":3,"name":"Z\u00fcndspule Lancia Kappa Bosch 0221504006"}]},{"@type":"WebSite","@id":"https:\/\/turijnmagazijn.jumpstone-dev.nl\/#website","url":"https:\/\/turijnmagazijn.jumpstone-dev.nl\/","name":"Turijnmagazijn","description":"Onderdelen nieuw en gebruikt - Fiat &amp; Lancia","publisher":{"@id":"https:\/\/turijnmagazijn.jumpstone-dev.nl\/#organization"},"potentialAction":[{"@type":"SearchAction","target":{"@type":"EntryPoint","urlTemplate":"https:\/\/turijnmagazijn.jumpstone-dev.nl\/?s={search_term_string}"},"query-input":{"@type":"PropertyValueSpecification","valueRequired":true,"valueName":"search_term_string"}}],"inLanguage":"de"},{"@type":"Organization","@id":"https:\/\/turijnmagazijn.jumpstone-dev.nl\/#organization","name":"Turijnmagazijn","url":"https:\/\/turijnmagazijn.jumpstone-dev.nl\/","logo":{"@type":"ImageObject","inLanguage":"de","@id":"https:\/\/turijnmagazijn.jumpstone-dev.nl\/#\/schema\/logo\/image\/","url":"https:\/\/turijnmagazijn.nl\/wp-content\/uploads\/2021\/02\/turijnmagazijnlogo.png","contentUrl":"https:\/\/turijnmagazijn.nl\/wp-content\/uploads\/2021\/02\/turijnmagazijnlogo.png","width":555,"height":270,"caption":"Turijnmagazijn"},"image":{"@id":"https:\/\/turijnmagazijn.jumpstone-dev.nl\/#\/schema\/logo\/image\/"},"sameAs":["https:\/\/www.facebook.com\/turijnmagazijn"]}]}},"_links":{"self":[{"href":"https:\/\/turijnmagazijn.nl\/de\/wp-json\/wp\/v2\/product\/70865","targetHints":{"allow":["GET"]}}],"collection":[{"href":"https:\/\/turijnmagazijn.nl\/de\/wp-json\/wp\/v2\/product"}],"about":[{"href":"https:\/\/turijnmagazijn.nl\/de\/wp-json\/wp\/v2\/types\/product"}],"replies":[{"embeddable":true,"href":"https:\/\/turijnmagazijn.nl\/de\/wp-json\/wp\/v2\/comments?post=70865"}],"wp:featuredmedia":[{"embeddable":true,"href":"https:\/\/turijnmagazijn.nl\/de\/wp-json\/wp\/v2\/media\/46757"}],"wp:attachment":[{"href":"https:\/\/turijnmagazijn.nl\/de\/wp-json\/wp\/v2\/media?parent=70865"}],"wp:term":[{"taxonomy":"product_brand","embeddable":true,"href":"https:\/\/turijnmagazijn.nl\/de\/wp-json\/wp\/v2\/product_brand?post=70865"},{"taxonomy":"product_cat","embeddable":true,"href":"https:\/\/turijnmagazijn.nl\/de\/wp-json\/wp\/v2\/product_cat?post=70865"},{"taxonomy":"product_tag","embeddable":true,"href":"https:\/\/turijnmagazijn.nl\/de\/wp-json\/wp\/v2\/product_tag?post=70865"}],"curies":[{"name":"wp","href":"https:\/\/api.w.org\/{rel}","templated":true}]}}