{"id":71010,"date":"2023-08-03T17:15:07","date_gmt":"2023-08-03T15:15:07","guid":{"rendered":"https:\/\/turijnmagazijn.nl\/?post_type=product&#038;p=71010"},"modified":"2025-04-16T13:47:44","modified_gmt":"2025-04-16T11:47:44","slug":"feder-fur-schalthebelsperre-ruckwartsgang-lancia-kappa","status":"publish","type":"product","link":"https:\/\/turijnmagazijn.nl\/de\/produkt\/feder-fur-schalthebelsperre-ruckwartsgang-lancia-kappa\/","title":{"rendered":"Feder f\u00fcr Schalthebelsperre R\u00fcckw\u00e4rtsgang Lancia Kappa"},"content":{"rendered":"<p>Neuer Originalteil in neuem Zustand, der f\u00fcr Lancia Kappa gilt.<\/p>\n<p><span data-sheets-value=\"{\"1\":2,\"2\":\"Veer voor pook vergrending achteruit versnelling Lancia Kappa \"}\" data-sheets-userformat=\"{\"2\":513,\"3\":{\"1\":0},\"12\":0}\">Feder zur Befestigung unter dem Schaltknauf. Steuert die Verriegelung des Schutzes des R\u00fcckw\u00e4rtsgangs Lancia Kappa. Diese Feder sorgt daf\u00fcr, dass der Ring unter dem Schaltknauf wieder sauber nach unten geht, damit der R\u00fcckw\u00e4rtsgang nicht versehentlich eingelegt werden kann.<\/span><\/p>\n<p>AUFMERKSAMKEIT! Es gibt 2 verschiedene Versionen von Schalthebeln, die jeweils mit einer eigenen Feder und einem eigenen Schalthebel geliefert werden. \u00dcberpr\u00fcfen Sie vor der Bestellung, ob dies die richtige Version f\u00fcr Ihr Kappa ist.<\/p>\n<p>OEM Lancia <span data-sheets-value=\"{\"1\":2,\"2\":\"46472655\"}\" data-sheets-userformat=\"{\"2\":513,\"3\":{\"1\":1},\"12\":0}\">46472655<\/span><\/p>\n","protected":false},"excerpt":{"rendered":"<p><span data-sheets-value=\"{\"1\":2,\"2\":\"46472655\"}\" data-sheets-userformat=\"{\"2\":513,\"3\":{\"1\":1},\"12\":0}\">46472655 Feder zur Befestigung unter dem Schaltknauf. Steuert die Verriegelung des Schutzes des R\u00fcckw\u00e4rtsgangs Lancia Kappa.<\/span><\/p>\n","protected":false},"featured_media":71057,"comment_status":"closed","ping_status":"closed","template":"","meta":{"_acf_changed":false},"product_brand":[],"product_cat":[1864,1867,1859,1797,1869],"product_tag":[],"class_list":{"0":"post-71010","1":"product","2":"type-product","3":"status-publish","4":"has-post-thumbnail","6":"product_cat-berlina-de","7":"product_cat-coupe-de","8":"product_cat-kappa-838-de","9":"product_cat-lancia-de","10":"product_cat-sw-de","11":"pa_soort-onderdeel-getriebe-und-zubehor","13":"first","14":"instock","15":"taxable","16":"shipping-taxable","17":"purchasable","18":"product-type-simple"},"acf":[],"yoast_head":"<!-- This site is optimized with the Yoast SEO plugin v27.3 - https:\/\/yoast.com\/product\/yoast-seo-wordpress\/ -->\n<title>Feder f\u00fcr Schalthebelsperre R\u00fcckw\u00e4rtsgang Lancia Kappa - Turijnmagazijn<\/title>\n<meta name=\"robots\" content=\"index, follow, max-snippet:-1, max-image-preview:large, max-video-preview:-1\" \/>\n<link rel=\"canonical\" href=\"https:\/\/turijnmagazijn.nl\/de\/produkt\/feder-fur-schalthebelsperre-ruckwartsgang-lancia-kappa\/\" \/>\n<meta property=\"og:locale\" content=\"de_DE\" \/>\n<meta property=\"og:type\" content=\"article\" \/>\n<meta property=\"og:title\" content=\"Feder f\u00fcr Schalthebelsperre R\u00fcckw\u00e4rtsgang Lancia Kappa - Turijnmagazijn\" \/>\n<meta property=\"og:description\" content=\"46472655 Feder zur Befestigung unter dem Schaltknauf. Steuert die Verriegelung des Schutzes des R\u00fcckw\u00e4rtsgangs Lancia Kappa.\" \/>\n<meta property=\"og:url\" content=\"https:\/\/turijnmagazijn.nl\/de\/produkt\/feder-fur-schalthebelsperre-ruckwartsgang-lancia-kappa\/\" \/>\n<meta property=\"og:site_name\" content=\"Turijnmagazijn\" \/>\n<meta property=\"article:publisher\" content=\"https:\/\/www.facebook.com\/turijnmagazijn\" \/>\n<meta property=\"article:modified_time\" content=\"2025-04-16T11:47:44+00:00\" \/>\n<meta property=\"og:image\" content=\"https:\/\/turijnmagazijn.nl\/wp-content\/uploads\/2023\/08\/DN0100319-Veer-voor-pook-vergrending-achteruit-versnelling-Lancia-Kappa-46472655-1.jpeg\" \/>\n\t<meta property=\"og:image:width\" content=\"2048\" \/>\n\t<meta property=\"og:image:height\" content=\"1152\" \/>\n\t<meta property=\"og:image:type\" content=\"image\/jpeg\" \/>\n<meta name=\"twitter:card\" content=\"summary_large_image\" \/>\n<script type=\"application\/ld+json\" class=\"yoast-schema-graph\">{\"@context\":\"https:\\\/\\\/schema.org\",\"@graph\":[{\"@type\":\"WebPage\",\"@id\":\"https:\\\/\\\/turijnmagazijn.nl\\\/de\\\/produkt\\\/feder-fur-schalthebelsperre-ruckwartsgang-lancia-kappa\\\/\",\"url\":\"https:\\\/\\\/turijnmagazijn.nl\\\/de\\\/produkt\\\/feder-fur-schalthebelsperre-ruckwartsgang-lancia-kappa\\\/\",\"name\":\"Feder f\u00fcr Schalthebelsperre R\u00fcckw\u00e4rtsgang Lancia Kappa - Turijnmagazijn\",\"isPartOf\":{\"@id\":\"https:\\\/\\\/turijnmagazijn.jumpstone-dev.nl\\\/#website\"},\"primaryImageOfPage\":{\"@id\":\"https:\\\/\\\/turijnmagazijn.nl\\\/de\\\/produkt\\\/feder-fur-schalthebelsperre-ruckwartsgang-lancia-kappa\\\/#primaryimage\"},\"image\":{\"@id\":\"https:\\\/\\\/turijnmagazijn.nl\\\/de\\\/produkt\\\/feder-fur-schalthebelsperre-ruckwartsgang-lancia-kappa\\\/#primaryimage\"},\"thumbnailUrl\":\"https:\\\/\\\/turijnmagazijn.nl\\\/wp-content\\\/uploads\\\/2023\\\/08\\\/DN0100319-Veer-voor-pook-vergrending-achteruit-versnelling-Lancia-Kappa-46472655-1.jpeg\",\"datePublished\":\"2023-08-03T15:15:07+00:00\",\"dateModified\":\"2025-04-16T11:47:44+00:00\",\"breadcrumb\":{\"@id\":\"https:\\\/\\\/turijnmagazijn.nl\\\/de\\\/produkt\\\/feder-fur-schalthebelsperre-ruckwartsgang-lancia-kappa\\\/#breadcrumb\"},\"inLanguage\":\"de\",\"potentialAction\":[{\"@type\":\"ReadAction\",\"target\":[\"https:\\\/\\\/turijnmagazijn.nl\\\/de\\\/produkt\\\/feder-fur-schalthebelsperre-ruckwartsgang-lancia-kappa\\\/\"]}]},{\"@type\":\"ImageObject\",\"inLanguage\":\"de\",\"@id\":\"https:\\\/\\\/turijnmagazijn.nl\\\/de\\\/produkt\\\/feder-fur-schalthebelsperre-ruckwartsgang-lancia-kappa\\\/#primaryimage\",\"url\":\"https:\\\/\\\/turijnmagazijn.nl\\\/wp-content\\\/uploads\\\/2023\\\/08\\\/DN0100319-Veer-voor-pook-vergrending-achteruit-versnelling-Lancia-Kappa-46472655-1.jpeg\",\"contentUrl\":\"https:\\\/\\\/turijnmagazijn.nl\\\/wp-content\\\/uploads\\\/2023\\\/08\\\/DN0100319-Veer-voor-pook-vergrending-achteruit-versnelling-Lancia-Kappa-46472655-1.jpeg\",\"width\":2048,\"height\":1152},{\"@type\":\"BreadcrumbList\",\"@id\":\"https:\\\/\\\/turijnmagazijn.nl\\\/de\\\/produkt\\\/feder-fur-schalthebelsperre-ruckwartsgang-lancia-kappa\\\/#breadcrumb\",\"itemListElement\":[{\"@type\":\"ListItem\",\"position\":1,\"name\":\"Home\",\"item\":\"https:\\\/\\\/turijnmagazijn.nl\\\/de\\\/\"},{\"@type\":\"ListItem\",\"position\":2,\"name\":\"Produkte\",\"item\":\"https:\\\/\\\/turijnmagazijn.nl\\\/de\\\/shop\\\/\"},{\"@type\":\"ListItem\",\"position\":3,\"name\":\"Feder f\u00fcr Schalthebelsperre R\u00fcckw\u00e4rtsgang Lancia Kappa\"}]},{\"@type\":\"WebSite\",\"@id\":\"https:\\\/\\\/turijnmagazijn.jumpstone-dev.nl\\\/#website\",\"url\":\"https:\\\/\\\/turijnmagazijn.jumpstone-dev.nl\\\/\",\"name\":\"Turijnmagazijn\",\"description\":\"Onderdelen nieuw en gebruikt - Fiat &amp; Lancia\",\"publisher\":{\"@id\":\"https:\\\/\\\/turijnmagazijn.jumpstone-dev.nl\\\/#organization\"},\"potentialAction\":[{\"@type\":\"SearchAction\",\"target\":{\"@type\":\"EntryPoint\",\"urlTemplate\":\"https:\\\/\\\/turijnmagazijn.jumpstone-dev.nl\\\/?s={search_term_string}\"},\"query-input\":{\"@type\":\"PropertyValueSpecification\",\"valueRequired\":true,\"valueName\":\"search_term_string\"}}],\"inLanguage\":\"de\"},{\"@type\":\"Organization\",\"@id\":\"https:\\\/\\\/turijnmagazijn.jumpstone-dev.nl\\\/#organization\",\"name\":\"Turijnmagazijn\",\"url\":\"https:\\\/\\\/turijnmagazijn.jumpstone-dev.nl\\\/\",\"logo\":{\"@type\":\"ImageObject\",\"inLanguage\":\"de\",\"@id\":\"https:\\\/\\\/turijnmagazijn.jumpstone-dev.nl\\\/#\\\/schema\\\/logo\\\/image\\\/\",\"url\":\"https:\\\/\\\/turijnmagazijn.nl\\\/wp-content\\\/uploads\\\/2021\\\/02\\\/turijnmagazijnlogo.png\",\"contentUrl\":\"https:\\\/\\\/turijnmagazijn.nl\\\/wp-content\\\/uploads\\\/2021\\\/02\\\/turijnmagazijnlogo.png\",\"width\":555,\"height\":270,\"caption\":\"Turijnmagazijn\"},\"image\":{\"@id\":\"https:\\\/\\\/turijnmagazijn.jumpstone-dev.nl\\\/#\\\/schema\\\/logo\\\/image\\\/\"},\"sameAs\":[\"https:\\\/\\\/www.facebook.com\\\/turijnmagazijn\"]}]}<\/script>\n<!-- \/ Yoast SEO plugin. -->","yoast_head_json":{"title":"Feder f\u00fcr Schalthebelsperre R\u00fcckw\u00e4rtsgang Lancia Kappa - Turijnmagazijn","robots":{"index":"index","follow":"follow","max-snippet":"max-snippet:-1","max-image-preview":"max-image-preview:large","max-video-preview":"max-video-preview:-1"},"canonical":"https:\/\/turijnmagazijn.nl\/de\/produkt\/feder-fur-schalthebelsperre-ruckwartsgang-lancia-kappa\/","og_locale":"de_DE","og_type":"article","og_title":"Feder f\u00fcr Schalthebelsperre R\u00fcckw\u00e4rtsgang Lancia Kappa - Turijnmagazijn","og_description":"46472655 Feder zur Befestigung unter dem Schaltknauf. Steuert die Verriegelung des Schutzes des R\u00fcckw\u00e4rtsgangs Lancia Kappa.","og_url":"https:\/\/turijnmagazijn.nl\/de\/produkt\/feder-fur-schalthebelsperre-ruckwartsgang-lancia-kappa\/","og_site_name":"Turijnmagazijn","article_publisher":"https:\/\/www.facebook.com\/turijnmagazijn","article_modified_time":"2025-04-16T11:47:44+00:00","og_image":[{"width":2048,"height":1152,"url":"https:\/\/turijnmagazijn.nl\/wp-content\/uploads\/2023\/08\/DN0100319-Veer-voor-pook-vergrending-achteruit-versnelling-Lancia-Kappa-46472655-1.jpeg","type":"image\/jpeg"}],"twitter_card":"summary_large_image","schema":{"@context":"https:\/\/schema.org","@graph":[{"@type":"WebPage","@id":"https:\/\/turijnmagazijn.nl\/de\/produkt\/feder-fur-schalthebelsperre-ruckwartsgang-lancia-kappa\/","url":"https:\/\/turijnmagazijn.nl\/de\/produkt\/feder-fur-schalthebelsperre-ruckwartsgang-lancia-kappa\/","name":"Feder f\u00fcr Schalthebelsperre R\u00fcckw\u00e4rtsgang Lancia Kappa - Turijnmagazijn","isPartOf":{"@id":"https:\/\/turijnmagazijn.jumpstone-dev.nl\/#website"},"primaryImageOfPage":{"@id":"https:\/\/turijnmagazijn.nl\/de\/produkt\/feder-fur-schalthebelsperre-ruckwartsgang-lancia-kappa\/#primaryimage"},"image":{"@id":"https:\/\/turijnmagazijn.nl\/de\/produkt\/feder-fur-schalthebelsperre-ruckwartsgang-lancia-kappa\/#primaryimage"},"thumbnailUrl":"https:\/\/turijnmagazijn.nl\/wp-content\/uploads\/2023\/08\/DN0100319-Veer-voor-pook-vergrending-achteruit-versnelling-Lancia-Kappa-46472655-1.jpeg","datePublished":"2023-08-03T15:15:07+00:00","dateModified":"2025-04-16T11:47:44+00:00","breadcrumb":{"@id":"https:\/\/turijnmagazijn.nl\/de\/produkt\/feder-fur-schalthebelsperre-ruckwartsgang-lancia-kappa\/#breadcrumb"},"inLanguage":"de","potentialAction":[{"@type":"ReadAction","target":["https:\/\/turijnmagazijn.nl\/de\/produkt\/feder-fur-schalthebelsperre-ruckwartsgang-lancia-kappa\/"]}]},{"@type":"ImageObject","inLanguage":"de","@id":"https:\/\/turijnmagazijn.nl\/de\/produkt\/feder-fur-schalthebelsperre-ruckwartsgang-lancia-kappa\/#primaryimage","url":"https:\/\/turijnmagazijn.nl\/wp-content\/uploads\/2023\/08\/DN0100319-Veer-voor-pook-vergrending-achteruit-versnelling-Lancia-Kappa-46472655-1.jpeg","contentUrl":"https:\/\/turijnmagazijn.nl\/wp-content\/uploads\/2023\/08\/DN0100319-Veer-voor-pook-vergrending-achteruit-versnelling-Lancia-Kappa-46472655-1.jpeg","width":2048,"height":1152},{"@type":"BreadcrumbList","@id":"https:\/\/turijnmagazijn.nl\/de\/produkt\/feder-fur-schalthebelsperre-ruckwartsgang-lancia-kappa\/#breadcrumb","itemListElement":[{"@type":"ListItem","position":1,"name":"Home","item":"https:\/\/turijnmagazijn.nl\/de\/"},{"@type":"ListItem","position":2,"name":"Produkte","item":"https:\/\/turijnmagazijn.nl\/de\/shop\/"},{"@type":"ListItem","position":3,"name":"Feder f\u00fcr Schalthebelsperre R\u00fcckw\u00e4rtsgang Lancia Kappa"}]},{"@type":"WebSite","@id":"https:\/\/turijnmagazijn.jumpstone-dev.nl\/#website","url":"https:\/\/turijnmagazijn.jumpstone-dev.nl\/","name":"Turijnmagazijn","description":"Onderdelen nieuw en gebruikt - Fiat &amp; Lancia","publisher":{"@id":"https:\/\/turijnmagazijn.jumpstone-dev.nl\/#organization"},"potentialAction":[{"@type":"SearchAction","target":{"@type":"EntryPoint","urlTemplate":"https:\/\/turijnmagazijn.jumpstone-dev.nl\/?s={search_term_string}"},"query-input":{"@type":"PropertyValueSpecification","valueRequired":true,"valueName":"search_term_string"}}],"inLanguage":"de"},{"@type":"Organization","@id":"https:\/\/turijnmagazijn.jumpstone-dev.nl\/#organization","name":"Turijnmagazijn","url":"https:\/\/turijnmagazijn.jumpstone-dev.nl\/","logo":{"@type":"ImageObject","inLanguage":"de","@id":"https:\/\/turijnmagazijn.jumpstone-dev.nl\/#\/schema\/logo\/image\/","url":"https:\/\/turijnmagazijn.nl\/wp-content\/uploads\/2021\/02\/turijnmagazijnlogo.png","contentUrl":"https:\/\/turijnmagazijn.nl\/wp-content\/uploads\/2021\/02\/turijnmagazijnlogo.png","width":555,"height":270,"caption":"Turijnmagazijn"},"image":{"@id":"https:\/\/turijnmagazijn.jumpstone-dev.nl\/#\/schema\/logo\/image\/"},"sameAs":["https:\/\/www.facebook.com\/turijnmagazijn"]}]}},"_links":{"self":[{"href":"https:\/\/turijnmagazijn.nl\/de\/wp-json\/wp\/v2\/product\/71010","targetHints":{"allow":["GET"]}}],"collection":[{"href":"https:\/\/turijnmagazijn.nl\/de\/wp-json\/wp\/v2\/product"}],"about":[{"href":"https:\/\/turijnmagazijn.nl\/de\/wp-json\/wp\/v2\/types\/product"}],"replies":[{"embeddable":true,"href":"https:\/\/turijnmagazijn.nl\/de\/wp-json\/wp\/v2\/comments?post=71010"}],"wp:featuredmedia":[{"embeddable":true,"href":"https:\/\/turijnmagazijn.nl\/de\/wp-json\/wp\/v2\/media\/71057"}],"wp:attachment":[{"href":"https:\/\/turijnmagazijn.nl\/de\/wp-json\/wp\/v2\/media?parent=71010"}],"wp:term":[{"taxonomy":"product_brand","embeddable":true,"href":"https:\/\/turijnmagazijn.nl\/de\/wp-json\/wp\/v2\/product_brand?post=71010"},{"taxonomy":"product_cat","embeddable":true,"href":"https:\/\/turijnmagazijn.nl\/de\/wp-json\/wp\/v2\/product_cat?post=71010"},{"taxonomy":"product_tag","embeddable":true,"href":"https:\/\/turijnmagazijn.nl\/de\/wp-json\/wp\/v2\/product_tag?post=71010"}],"curies":[{"name":"wp","href":"https:\/\/api.w.org\/{rel}","templated":true}]}}