{"id":71083,"date":"2023-08-06T16:23:42","date_gmt":"2023-08-06T14:23:42","guid":{"rendered":"https:\/\/turijnmagazijn.nl\/?post_type=product&#038;p=71083"},"modified":"2025-06-01T19:58:46","modified_gmt":"2025-06-01T17:58:46","slug":"logo-delta-integral-heckklappe-heckimitat","status":"publish","type":"product","link":"https:\/\/turijnmagazijn.nl\/de\/produkt\/logo-delta-integral-heckklappe-heckimitat\/","title":{"rendered":"Logo Delta Integral Heckklappe Imitation"},"content":{"rendered":"<p>Neues Nachahmungsteil. Diese Logos unterscheiden sich geringf\u00fcgig vom Original! Das Blau des Logos hat in bestimmten Winkeln einen etwas gr\u00fcnlich-metallischen Glanz. Aufgrund des Produktionsprozesses sind oft kleine Kratzer auf der Oberfl\u00e4che des Logos zu sehen, die sich leider nicht verhindern lassen.<\/p>\n<p>F\u00fcr den puristischen Perfektionisten ist dies kein geeignetes Produkt, aber f\u00fcr diejenigen, die lieber mit einem sch\u00f6nen, aber nicht ganz originellen Logo herumfahren, ist dies eine sch\u00f6ne Alternative.<\/p>\n<p>Der Preis ist da!<\/p>\n<p>&nbsp;<\/p>\n<p><span data-sheets-value=\"{\"1\":2,\"2\":\"Logo Delta Integrale radiateur grille voorzijde Imitatie\"}\" data-sheets-userformat=\"{\"2\":513,\"3\":{\"1\":0},\"12\":0}\">Betrifft das Logo f\u00fcr Lancia Delta Integrale auf der vorderen Heckklappe hinten. Ausgestattet mit 2 vertikal platzierten Pins!<\/span><\/p>\n<p>Auch mit selbstklebendem Klebeband zur Befestigung versehen, wie es das Original auch hat.<\/p>\n<p>&nbsp;<\/p>\n<p>OEM Lancia <span data-sheets-value=\"{\"1\":2,\"2\":\"82427068\"}\" data-sheets-userformat=\"{\"2\":513,\"3\":{\"1\":1},\"12\":0}\">82426461 (nur als Referenz, betrifft ein Nachahmungsteil)<\/span><\/p>\n","protected":false},"excerpt":{"rendered":"<p><span data-sheets-value=\"{\"1\":2,\"2\":\"82427068\"}\" data-sheets-userformat=\"{\"2\":513,\"3\":{\"1\":1},\"12\":0}\">82426461 Logo Delta Integral Heckklappe Heckimitat<\/span><\/p>\n","protected":false},"featured_media":75556,"comment_status":"closed","ping_status":"closed","template":"","meta":{"_acf_changed":false},"product_brand":[],"product_cat":[1811,1807,1817,1822,1826,1834,1829,1839,1797],"product_tag":[],"class_list":{"0":"post-71083","1":"product","2":"type-product","3":"status-publish","4":"has-post-thumbnail","6":"product_cat-1-1-1-3-1-5-de","7":"product_cat-delta-1-831-de","8":"product_cat-gt-i-e-de","9":"product_cat-hf-4wd-de","10":"product_cat-hf-turbo-de","11":"product_cat-integrale-16v-de","12":"product_cat-integrale-8v-de","13":"product_cat-integrale-evo-de","14":"product_cat-lancia-de","15":"pa_soort-onderdeel-karosserie-und-blech","17":"first","18":"instock","19":"taxable","20":"shipping-taxable","21":"purchasable","22":"product-type-simple"},"acf":[],"yoast_head":"<!-- This site is optimized with the Yoast SEO plugin v27.2 - https:\/\/yoast.com\/product\/yoast-seo-wordpress\/ -->\n<title>Logo Delta Integral Heckklappe Imitation - Turijnmagazijn<\/title>\n<meta name=\"robots\" content=\"index, follow, max-snippet:-1, max-image-preview:large, max-video-preview:-1\" \/>\n<link rel=\"canonical\" href=\"https:\/\/turijnmagazijn.nl\/de\/produkt\/logo-delta-integral-heckklappe-heckimitat\/\" \/>\n<meta property=\"og:locale\" content=\"de_DE\" \/>\n<meta property=\"og:type\" content=\"article\" \/>\n<meta property=\"og:title\" content=\"Logo Delta Integral Heckklappe Imitation - Turijnmagazijn\" \/>\n<meta property=\"og:description\" content=\"82426461 Logo Delta Integral Heckklappe Heckimitat\" \/>\n<meta property=\"og:url\" content=\"https:\/\/turijnmagazijn.nl\/de\/produkt\/logo-delta-integral-heckklappe-heckimitat\/\" \/>\n<meta property=\"og:site_name\" content=\"Turijnmagazijn\" \/>\n<meta property=\"article:publisher\" content=\"https:\/\/www.facebook.com\/turijnmagazijn\" \/>\n<meta property=\"article:modified_time\" content=\"2025-06-01T17:58:46+00:00\" \/>\n<meta property=\"og:image\" content=\"https:\/\/turijnmagazijn.nl\/wp-content\/uploads\/2023\/08\/DN0100322-Logo-Delta-Integrale-achterklep-achterzijde-Imitatie-82426461-2-1.jpg\" \/>\n\t<meta property=\"og:image:width\" content=\"1024\" \/>\n\t<meta property=\"og:image:height\" content=\"768\" \/>\n\t<meta property=\"og:image:type\" content=\"image\/jpeg\" \/>\n<meta name=\"twitter:card\" content=\"summary_large_image\" \/>\n<meta name=\"twitter:label1\" content=\"Gesch\u00e4tzte Lesezeit\" \/>\n\t<meta name=\"twitter:data1\" content=\"1\u00a0Minute\" \/>\n<script type=\"application\/ld+json\" class=\"yoast-schema-graph\">{\"@context\":\"https:\/\/schema.org\",\"@graph\":[{\"@type\":\"WebPage\",\"@id\":\"https:\/\/turijnmagazijn.nl\/de\/produkt\/logo-delta-integral-heckklappe-heckimitat\/\",\"url\":\"https:\/\/turijnmagazijn.nl\/de\/produkt\/logo-delta-integral-heckklappe-heckimitat\/\",\"name\":\"Logo Delta Integral Heckklappe Imitation - Turijnmagazijn\",\"isPartOf\":{\"@id\":\"https:\/\/turijnmagazijn.jumpstone-dev.nl\/#website\"},\"primaryImageOfPage\":{\"@id\":\"https:\/\/turijnmagazijn.nl\/de\/produkt\/logo-delta-integral-heckklappe-heckimitat\/#primaryimage\"},\"image\":{\"@id\":\"https:\/\/turijnmagazijn.nl\/de\/produkt\/logo-delta-integral-heckklappe-heckimitat\/#primaryimage\"},\"thumbnailUrl\":\"https:\/\/turijnmagazijn.nl\/wp-content\/uploads\/2023\/08\/DN0100322-Logo-Delta-Integrale-achterklep-achterzijde-Imitatie-82426461-2-1.jpg\",\"datePublished\":\"2023-08-06T14:23:42+00:00\",\"dateModified\":\"2025-06-01T17:58:46+00:00\",\"breadcrumb\":{\"@id\":\"https:\/\/turijnmagazijn.nl\/de\/produkt\/logo-delta-integral-heckklappe-heckimitat\/#breadcrumb\"},\"inLanguage\":\"de\",\"potentialAction\":[{\"@type\":\"ReadAction\",\"target\":[\"https:\/\/turijnmagazijn.nl\/de\/produkt\/logo-delta-integral-heckklappe-heckimitat\/\"]}]},{\"@type\":\"ImageObject\",\"inLanguage\":\"de\",\"@id\":\"https:\/\/turijnmagazijn.nl\/de\/produkt\/logo-delta-integral-heckklappe-heckimitat\/#primaryimage\",\"url\":\"https:\/\/turijnmagazijn.nl\/wp-content\/uploads\/2023\/08\/DN0100322-Logo-Delta-Integrale-achterklep-achterzijde-Imitatie-82426461-2-1.jpg\",\"contentUrl\":\"https:\/\/turijnmagazijn.nl\/wp-content\/uploads\/2023\/08\/DN0100322-Logo-Delta-Integrale-achterklep-achterzijde-Imitatie-82426461-2-1.jpg\",\"width\":1024,\"height\":768},{\"@type\":\"BreadcrumbList\",\"@id\":\"https:\/\/turijnmagazijn.nl\/de\/produkt\/logo-delta-integral-heckklappe-heckimitat\/#breadcrumb\",\"itemListElement\":[{\"@type\":\"ListItem\",\"position\":1,\"name\":\"Home\",\"item\":\"https:\/\/turijnmagazijn.nl\/de\/\"},{\"@type\":\"ListItem\",\"position\":2,\"name\":\"Produkte\",\"item\":\"https:\/\/turijnmagazijn.nl\/de\/shop\/\"},{\"@type\":\"ListItem\",\"position\":3,\"name\":\"Logo Delta Integral Heckklappe Imitation\"}]},{\"@type\":\"WebSite\",\"@id\":\"https:\/\/turijnmagazijn.jumpstone-dev.nl\/#website\",\"url\":\"https:\/\/turijnmagazijn.jumpstone-dev.nl\/\",\"name\":\"Turijnmagazijn\",\"description\":\"Onderdelen nieuw en gebruikt - Fiat &amp; Lancia\",\"publisher\":{\"@id\":\"https:\/\/turijnmagazijn.jumpstone-dev.nl\/#organization\"},\"potentialAction\":[{\"@type\":\"SearchAction\",\"target\":{\"@type\":\"EntryPoint\",\"urlTemplate\":\"https:\/\/turijnmagazijn.jumpstone-dev.nl\/?s={search_term_string}\"},\"query-input\":{\"@type\":\"PropertyValueSpecification\",\"valueRequired\":true,\"valueName\":\"search_term_string\"}}],\"inLanguage\":\"de\"},{\"@type\":\"Organization\",\"@id\":\"https:\/\/turijnmagazijn.jumpstone-dev.nl\/#organization\",\"name\":\"Turijnmagazijn\",\"url\":\"https:\/\/turijnmagazijn.jumpstone-dev.nl\/\",\"logo\":{\"@type\":\"ImageObject\",\"inLanguage\":\"de\",\"@id\":\"https:\/\/turijnmagazijn.jumpstone-dev.nl\/#\/schema\/logo\/image\/\",\"url\":\"https:\/\/turijnmagazijn.nl\/wp-content\/uploads\/2021\/02\/turijnmagazijnlogo.png\",\"contentUrl\":\"https:\/\/turijnmagazijn.nl\/wp-content\/uploads\/2021\/02\/turijnmagazijnlogo.png\",\"width\":555,\"height\":270,\"caption\":\"Turijnmagazijn\"},\"image\":{\"@id\":\"https:\/\/turijnmagazijn.jumpstone-dev.nl\/#\/schema\/logo\/image\/\"},\"sameAs\":[\"https:\/\/www.facebook.com\/turijnmagazijn\"]}]}<\/script>\n<!-- \/ Yoast SEO plugin. -->","yoast_head_json":{"title":"Logo Delta Integral Heckklappe Imitation - Turijnmagazijn","robots":{"index":"index","follow":"follow","max-snippet":"max-snippet:-1","max-image-preview":"max-image-preview:large","max-video-preview":"max-video-preview:-1"},"canonical":"https:\/\/turijnmagazijn.nl\/de\/produkt\/logo-delta-integral-heckklappe-heckimitat\/","og_locale":"de_DE","og_type":"article","og_title":"Logo Delta Integral Heckklappe Imitation - Turijnmagazijn","og_description":"82426461 Logo Delta Integral Heckklappe Heckimitat","og_url":"https:\/\/turijnmagazijn.nl\/de\/produkt\/logo-delta-integral-heckklappe-heckimitat\/","og_site_name":"Turijnmagazijn","article_publisher":"https:\/\/www.facebook.com\/turijnmagazijn","article_modified_time":"2025-06-01T17:58:46+00:00","og_image":[{"width":1024,"height":768,"url":"https:\/\/turijnmagazijn.nl\/wp-content\/uploads\/2023\/08\/DN0100322-Logo-Delta-Integrale-achterklep-achterzijde-Imitatie-82426461-2-1.jpg","type":"image\/jpeg"}],"twitter_card":"summary_large_image","twitter_misc":{"Gesch\u00e4tzte Lesezeit":"1\u00a0Minute"},"schema":{"@context":"https:\/\/schema.org","@graph":[{"@type":"WebPage","@id":"https:\/\/turijnmagazijn.nl\/de\/produkt\/logo-delta-integral-heckklappe-heckimitat\/","url":"https:\/\/turijnmagazijn.nl\/de\/produkt\/logo-delta-integral-heckklappe-heckimitat\/","name":"Logo Delta Integral Heckklappe Imitation - Turijnmagazijn","isPartOf":{"@id":"https:\/\/turijnmagazijn.jumpstone-dev.nl\/#website"},"primaryImageOfPage":{"@id":"https:\/\/turijnmagazijn.nl\/de\/produkt\/logo-delta-integral-heckklappe-heckimitat\/#primaryimage"},"image":{"@id":"https:\/\/turijnmagazijn.nl\/de\/produkt\/logo-delta-integral-heckklappe-heckimitat\/#primaryimage"},"thumbnailUrl":"https:\/\/turijnmagazijn.nl\/wp-content\/uploads\/2023\/08\/DN0100322-Logo-Delta-Integrale-achterklep-achterzijde-Imitatie-82426461-2-1.jpg","datePublished":"2023-08-06T14:23:42+00:00","dateModified":"2025-06-01T17:58:46+00:00","breadcrumb":{"@id":"https:\/\/turijnmagazijn.nl\/de\/produkt\/logo-delta-integral-heckklappe-heckimitat\/#breadcrumb"},"inLanguage":"de","potentialAction":[{"@type":"ReadAction","target":["https:\/\/turijnmagazijn.nl\/de\/produkt\/logo-delta-integral-heckklappe-heckimitat\/"]}]},{"@type":"ImageObject","inLanguage":"de","@id":"https:\/\/turijnmagazijn.nl\/de\/produkt\/logo-delta-integral-heckklappe-heckimitat\/#primaryimage","url":"https:\/\/turijnmagazijn.nl\/wp-content\/uploads\/2023\/08\/DN0100322-Logo-Delta-Integrale-achterklep-achterzijde-Imitatie-82426461-2-1.jpg","contentUrl":"https:\/\/turijnmagazijn.nl\/wp-content\/uploads\/2023\/08\/DN0100322-Logo-Delta-Integrale-achterklep-achterzijde-Imitatie-82426461-2-1.jpg","width":1024,"height":768},{"@type":"BreadcrumbList","@id":"https:\/\/turijnmagazijn.nl\/de\/produkt\/logo-delta-integral-heckklappe-heckimitat\/#breadcrumb","itemListElement":[{"@type":"ListItem","position":1,"name":"Home","item":"https:\/\/turijnmagazijn.nl\/de\/"},{"@type":"ListItem","position":2,"name":"Produkte","item":"https:\/\/turijnmagazijn.nl\/de\/shop\/"},{"@type":"ListItem","position":3,"name":"Logo Delta Integral Heckklappe Imitation"}]},{"@type":"WebSite","@id":"https:\/\/turijnmagazijn.jumpstone-dev.nl\/#website","url":"https:\/\/turijnmagazijn.jumpstone-dev.nl\/","name":"Turijnmagazijn","description":"Onderdelen nieuw en gebruikt - Fiat &amp; Lancia","publisher":{"@id":"https:\/\/turijnmagazijn.jumpstone-dev.nl\/#organization"},"potentialAction":[{"@type":"SearchAction","target":{"@type":"EntryPoint","urlTemplate":"https:\/\/turijnmagazijn.jumpstone-dev.nl\/?s={search_term_string}"},"query-input":{"@type":"PropertyValueSpecification","valueRequired":true,"valueName":"search_term_string"}}],"inLanguage":"de"},{"@type":"Organization","@id":"https:\/\/turijnmagazijn.jumpstone-dev.nl\/#organization","name":"Turijnmagazijn","url":"https:\/\/turijnmagazijn.jumpstone-dev.nl\/","logo":{"@type":"ImageObject","inLanguage":"de","@id":"https:\/\/turijnmagazijn.jumpstone-dev.nl\/#\/schema\/logo\/image\/","url":"https:\/\/turijnmagazijn.nl\/wp-content\/uploads\/2021\/02\/turijnmagazijnlogo.png","contentUrl":"https:\/\/turijnmagazijn.nl\/wp-content\/uploads\/2021\/02\/turijnmagazijnlogo.png","width":555,"height":270,"caption":"Turijnmagazijn"},"image":{"@id":"https:\/\/turijnmagazijn.jumpstone-dev.nl\/#\/schema\/logo\/image\/"},"sameAs":["https:\/\/www.facebook.com\/turijnmagazijn"]}]}},"_links":{"self":[{"href":"https:\/\/turijnmagazijn.nl\/de\/wp-json\/wp\/v2\/product\/71083","targetHints":{"allow":["GET"]}}],"collection":[{"href":"https:\/\/turijnmagazijn.nl\/de\/wp-json\/wp\/v2\/product"}],"about":[{"href":"https:\/\/turijnmagazijn.nl\/de\/wp-json\/wp\/v2\/types\/product"}],"replies":[{"embeddable":true,"href":"https:\/\/turijnmagazijn.nl\/de\/wp-json\/wp\/v2\/comments?post=71083"}],"wp:featuredmedia":[{"embeddable":true,"href":"https:\/\/turijnmagazijn.nl\/de\/wp-json\/wp\/v2\/media\/75556"}],"wp:attachment":[{"href":"https:\/\/turijnmagazijn.nl\/de\/wp-json\/wp\/v2\/media?parent=71083"}],"wp:term":[{"taxonomy":"product_brand","embeddable":true,"href":"https:\/\/turijnmagazijn.nl\/de\/wp-json\/wp\/v2\/product_brand?post=71083"},{"taxonomy":"product_cat","embeddable":true,"href":"https:\/\/turijnmagazijn.nl\/de\/wp-json\/wp\/v2\/product_cat?post=71083"},{"taxonomy":"product_tag","embeddable":true,"href":"https:\/\/turijnmagazijn.nl\/de\/wp-json\/wp\/v2\/product_tag?post=71083"}],"curies":[{"name":"wp","href":"https:\/\/api.w.org\/{rel}","templated":true}]}}