{"id":71335,"date":"2023-08-26T17:28:13","date_gmt":"2023-08-26T15:28:13","guid":{"rendered":"https:\/\/turijnmagazijn.nl\/product\/stecker-polsterung-14591787\/"},"modified":"2026-01-30T18:16:14","modified_gmt":"2026-01-30T17:16:14","slug":"stecker-abdeckung-14591787","status":"publish","type":"product","link":"https:\/\/turijnmagazijn.nl\/de\/produkt\/stecker-abdeckung-14591787\/","title":{"rendered":"Stecker Polsterung 14591787"},"content":{"rendered":"<p>Schwarzer runder Polsternagel f\u00fcr Lancia Delta 1. Dies ist ein Nachahmungsteil von guter Qualit\u00e4t, das perfekt mit dem Original austauschbar ist. Gilt auch f\u00fcr Alfa Romeo 147. Dieser Stecker wird beim Delta verwendet, um den unteren Teil und den oberen Teil der Tunnelkonsole zu verbinden. OEM Referenz Lancia 14591787<\/p>\n","protected":false},"excerpt":{"rendered":"<p>14591787 Schwarzer runder Polsternagel f\u00fcr Lancia Delta 1. Dies ist ein Nachahmungsteil von guter Qualit\u00e4t, das perfekt mit dem Original austauschbar ist. Gilt auch f\u00fcr Alfa Romeo 147. Das<\/p>\n","protected":false},"featured_media":71779,"comment_status":"open","ping_status":"closed","template":"","meta":{"_acf_changed":false},"product_brand":[],"product_cat":[1811,1599,1605,1612,1616,1657,1656,1584,1704,1864,1706,1867,1721,1803,1807,1689,1817,1822,1826,1834,1829,1839,1859,1797,1874,1734,1737,1743,1745,1883,1619,1621,1878,1869,1777,1894,1904,1900,1905,1784,1785,1913],"product_tag":[],"class_list":{"0":"post-71335","1":"product","2":"type-product","3":"status-publish","4":"has-post-thumbnail","6":"product_cat-1-1-1-3-1-5-de","7":"product_cat-145-930a-de","8":"product_cat-147-937-de","9":"product_cat-155-167-de","10":"product_cat-156-932-de","11":"product_cat-159-939-de","12":"product_cat-164-164-de","13":"product_cat-alfa-romeo-de","14":"product_cat-barchetta-183-de","15":"product_cat-berlina-de","16":"product_cat-brava-198-de","17":"product_cat-coupe-de","18":"product_cat-croma-1-154-de","19":"product_cat-dedra-835-de","20":"product_cat-delta-1-831-de","21":"product_cat-fiat-de","22":"product_cat-gt-i-e-de","23":"product_cat-hf-4wd-de","24":"product_cat-hf-turbo-de","25":"product_cat-integrale-16v-de","26":"product_cat-integrale-8v-de","27":"product_cat-integrale-evo-de","28":"product_cat-kappa-838-de","29":"product_cat-lancia-de","30":"product_cat-lybra-839-de","31":"product_cat-marea-185-de","32":"product_cat-multipla-186-de","33":"product_cat-panda-1-141-de","34":"product_cat-punto-1-176-de","35":"product_cat-sedan-lybra-839-de","36":"product_cat-sedan-de","37":"product_cat-sportwagon-de","38":"product_cat-sw-lybra-839-de","39":"product_cat-sw-de","40":"product_cat-tempra-159-de","41":"product_cat-thema-834-de","42":"product_cat-thema-sedan-de","43":"product_cat-thema-sw-de","44":"product_cat-thesis-841-de","45":"product_cat-tipo-1-160-de","46":"product_cat-uno-1-146-de","47":"product_cat-ypsilon-1-840-de","48":"pa_soort-onderdeel-karosserie-und-blech","50":"first","51":"instock","52":"taxable","53":"shipping-taxable","54":"purchasable","55":"product-type-simple"},"acf":[],"yoast_head":"<!-- This site is optimized with the Yoast SEO plugin v27.3 - https:\/\/yoast.com\/product\/yoast-seo-wordpress\/ -->\n<title>Stecker Polsterung 14591787 - Turijnmagazijn<\/title>\n<meta name=\"robots\" content=\"index, follow, max-snippet:-1, max-image-preview:large, max-video-preview:-1\" \/>\n<link rel=\"canonical\" href=\"https:\/\/turijnmagazijn.nl\/de\/produkt\/stecker-abdeckung-14591787\/\" \/>\n<meta property=\"og:locale\" content=\"de_DE\" \/>\n<meta property=\"og:type\" content=\"article\" \/>\n<meta property=\"og:title\" content=\"Stecker Polsterung 14591787 - Turijnmagazijn\" \/>\n<meta property=\"og:description\" content=\"14591787 Schwarzer runder Polsternagel f\u00fcr Lancia Delta 1. Dies ist ein Nachahmungsteil von guter Qualit\u00e4t, das perfekt mit dem Original austauschbar ist. Gilt auch f\u00fcr Alfa Romeo 147. Das\" \/>\n<meta property=\"og:url\" content=\"https:\/\/turijnmagazijn.nl\/de\/produkt\/stecker-abdeckung-14591787\/\" \/>\n<meta property=\"og:site_name\" content=\"Turijnmagazijn\" \/>\n<meta property=\"article:publisher\" content=\"https:\/\/www.facebook.com\/turijnmagazijn\" \/>\n<meta property=\"article:modified_time\" content=\"2026-01-30T17:16:14+00:00\" \/>\n<meta property=\"og:image\" content=\"https:\/\/turijnmagazijn.nl\/wp-content\/uploads\/2023\/08\/DN0100325-Clip-spreidmoer-14591787-14591787-3.jpg\" \/>\n\t<meta property=\"og:image:width\" content=\"1024\" \/>\n\t<meta property=\"og:image:height\" content=\"768\" \/>\n\t<meta property=\"og:image:type\" content=\"image\/jpeg\" \/>\n<meta name=\"twitter:card\" content=\"summary_large_image\" \/>\n<script type=\"application\/ld+json\" class=\"yoast-schema-graph\">{\"@context\":\"https:\\\/\\\/schema.org\",\"@graph\":[{\"@type\":\"WebPage\",\"@id\":\"https:\\\/\\\/turijnmagazijn.nl\\\/de\\\/produkt\\\/stecker-abdeckung-14591787\\\/\",\"url\":\"https:\\\/\\\/turijnmagazijn.nl\\\/de\\\/produkt\\\/stecker-abdeckung-14591787\\\/\",\"name\":\"Stecker Polsterung 14591787 - Turijnmagazijn\",\"isPartOf\":{\"@id\":\"https:\\\/\\\/turijnmagazijn.jumpstone-dev.nl\\\/#website\"},\"primaryImageOfPage\":{\"@id\":\"https:\\\/\\\/turijnmagazijn.nl\\\/de\\\/produkt\\\/stecker-abdeckung-14591787\\\/#primaryimage\"},\"image\":{\"@id\":\"https:\\\/\\\/turijnmagazijn.nl\\\/de\\\/produkt\\\/stecker-abdeckung-14591787\\\/#primaryimage\"},\"thumbnailUrl\":\"https:\\\/\\\/turijnmagazijn.nl\\\/wp-content\\\/uploads\\\/2023\\\/08\\\/DN0100325-Clip-spreidmoer-14591787-14591787-3.jpg\",\"datePublished\":\"2023-08-26T15:28:13+00:00\",\"dateModified\":\"2026-01-30T17:16:14+00:00\",\"breadcrumb\":{\"@id\":\"https:\\\/\\\/turijnmagazijn.nl\\\/de\\\/produkt\\\/stecker-abdeckung-14591787\\\/#breadcrumb\"},\"inLanguage\":\"de\",\"potentialAction\":[{\"@type\":\"ReadAction\",\"target\":[\"https:\\\/\\\/turijnmagazijn.nl\\\/de\\\/produkt\\\/stecker-abdeckung-14591787\\\/\"]}]},{\"@type\":\"ImageObject\",\"inLanguage\":\"de\",\"@id\":\"https:\\\/\\\/turijnmagazijn.nl\\\/de\\\/produkt\\\/stecker-abdeckung-14591787\\\/#primaryimage\",\"url\":\"https:\\\/\\\/turijnmagazijn.nl\\\/wp-content\\\/uploads\\\/2023\\\/08\\\/DN0100325-Clip-spreidmoer-14591787-14591787-3.jpg\",\"contentUrl\":\"https:\\\/\\\/turijnmagazijn.nl\\\/wp-content\\\/uploads\\\/2023\\\/08\\\/DN0100325-Clip-spreidmoer-14591787-14591787-3.jpg\",\"width\":1024,\"height\":768},{\"@type\":\"BreadcrumbList\",\"@id\":\"https:\\\/\\\/turijnmagazijn.nl\\\/de\\\/produkt\\\/stecker-abdeckung-14591787\\\/#breadcrumb\",\"itemListElement\":[{\"@type\":\"ListItem\",\"position\":1,\"name\":\"Home\",\"item\":\"https:\\\/\\\/turijnmagazijn.nl\\\/de\\\/\"},{\"@type\":\"ListItem\",\"position\":2,\"name\":\"Produkte\",\"item\":\"https:\\\/\\\/turijnmagazijn.nl\\\/de\\\/shop\\\/\"},{\"@type\":\"ListItem\",\"position\":3,\"name\":\"Stecker Polsterung 14591787\"}]},{\"@type\":\"WebSite\",\"@id\":\"https:\\\/\\\/turijnmagazijn.jumpstone-dev.nl\\\/#website\",\"url\":\"https:\\\/\\\/turijnmagazijn.jumpstone-dev.nl\\\/\",\"name\":\"Turijnmagazijn\",\"description\":\"Onderdelen nieuw en gebruikt - Fiat &amp; Lancia\",\"publisher\":{\"@id\":\"https:\\\/\\\/turijnmagazijn.jumpstone-dev.nl\\\/#organization\"},\"potentialAction\":[{\"@type\":\"SearchAction\",\"target\":{\"@type\":\"EntryPoint\",\"urlTemplate\":\"https:\\\/\\\/turijnmagazijn.jumpstone-dev.nl\\\/?s={search_term_string}\"},\"query-input\":{\"@type\":\"PropertyValueSpecification\",\"valueRequired\":true,\"valueName\":\"search_term_string\"}}],\"inLanguage\":\"de\"},{\"@type\":\"Organization\",\"@id\":\"https:\\\/\\\/turijnmagazijn.jumpstone-dev.nl\\\/#organization\",\"name\":\"Turijnmagazijn\",\"url\":\"https:\\\/\\\/turijnmagazijn.jumpstone-dev.nl\\\/\",\"logo\":{\"@type\":\"ImageObject\",\"inLanguage\":\"de\",\"@id\":\"https:\\\/\\\/turijnmagazijn.jumpstone-dev.nl\\\/#\\\/schema\\\/logo\\\/image\\\/\",\"url\":\"https:\\\/\\\/turijnmagazijn.nl\\\/wp-content\\\/uploads\\\/2021\\\/02\\\/turijnmagazijnlogo.png\",\"contentUrl\":\"https:\\\/\\\/turijnmagazijn.nl\\\/wp-content\\\/uploads\\\/2021\\\/02\\\/turijnmagazijnlogo.png\",\"width\":555,\"height\":270,\"caption\":\"Turijnmagazijn\"},\"image\":{\"@id\":\"https:\\\/\\\/turijnmagazijn.jumpstone-dev.nl\\\/#\\\/schema\\\/logo\\\/image\\\/\"},\"sameAs\":[\"https:\\\/\\\/www.facebook.com\\\/turijnmagazijn\"]}]}<\/script>\n<!-- \/ Yoast SEO plugin. -->","yoast_head_json":{"title":"Stecker Polsterung 14591787 - Turijnmagazijn","robots":{"index":"index","follow":"follow","max-snippet":"max-snippet:-1","max-image-preview":"max-image-preview:large","max-video-preview":"max-video-preview:-1"},"canonical":"https:\/\/turijnmagazijn.nl\/de\/produkt\/stecker-abdeckung-14591787\/","og_locale":"de_DE","og_type":"article","og_title":"Stecker Polsterung 14591787 - Turijnmagazijn","og_description":"14591787 Schwarzer runder Polsternagel f\u00fcr Lancia Delta 1. Dies ist ein Nachahmungsteil von guter Qualit\u00e4t, das perfekt mit dem Original austauschbar ist. Gilt auch f\u00fcr Alfa Romeo 147. Das","og_url":"https:\/\/turijnmagazijn.nl\/de\/produkt\/stecker-abdeckung-14591787\/","og_site_name":"Turijnmagazijn","article_publisher":"https:\/\/www.facebook.com\/turijnmagazijn","article_modified_time":"2026-01-30T17:16:14+00:00","og_image":[{"width":1024,"height":768,"url":"https:\/\/turijnmagazijn.nl\/wp-content\/uploads\/2023\/08\/DN0100325-Clip-spreidmoer-14591787-14591787-3.jpg","type":"image\/jpeg"}],"twitter_card":"summary_large_image","schema":{"@context":"https:\/\/schema.org","@graph":[{"@type":"WebPage","@id":"https:\/\/turijnmagazijn.nl\/de\/produkt\/stecker-abdeckung-14591787\/","url":"https:\/\/turijnmagazijn.nl\/de\/produkt\/stecker-abdeckung-14591787\/","name":"Stecker Polsterung 14591787 - Turijnmagazijn","isPartOf":{"@id":"https:\/\/turijnmagazijn.jumpstone-dev.nl\/#website"},"primaryImageOfPage":{"@id":"https:\/\/turijnmagazijn.nl\/de\/produkt\/stecker-abdeckung-14591787\/#primaryimage"},"image":{"@id":"https:\/\/turijnmagazijn.nl\/de\/produkt\/stecker-abdeckung-14591787\/#primaryimage"},"thumbnailUrl":"https:\/\/turijnmagazijn.nl\/wp-content\/uploads\/2023\/08\/DN0100325-Clip-spreidmoer-14591787-14591787-3.jpg","datePublished":"2023-08-26T15:28:13+00:00","dateModified":"2026-01-30T17:16:14+00:00","breadcrumb":{"@id":"https:\/\/turijnmagazijn.nl\/de\/produkt\/stecker-abdeckung-14591787\/#breadcrumb"},"inLanguage":"de","potentialAction":[{"@type":"ReadAction","target":["https:\/\/turijnmagazijn.nl\/de\/produkt\/stecker-abdeckung-14591787\/"]}]},{"@type":"ImageObject","inLanguage":"de","@id":"https:\/\/turijnmagazijn.nl\/de\/produkt\/stecker-abdeckung-14591787\/#primaryimage","url":"https:\/\/turijnmagazijn.nl\/wp-content\/uploads\/2023\/08\/DN0100325-Clip-spreidmoer-14591787-14591787-3.jpg","contentUrl":"https:\/\/turijnmagazijn.nl\/wp-content\/uploads\/2023\/08\/DN0100325-Clip-spreidmoer-14591787-14591787-3.jpg","width":1024,"height":768},{"@type":"BreadcrumbList","@id":"https:\/\/turijnmagazijn.nl\/de\/produkt\/stecker-abdeckung-14591787\/#breadcrumb","itemListElement":[{"@type":"ListItem","position":1,"name":"Home","item":"https:\/\/turijnmagazijn.nl\/de\/"},{"@type":"ListItem","position":2,"name":"Produkte","item":"https:\/\/turijnmagazijn.nl\/de\/shop\/"},{"@type":"ListItem","position":3,"name":"Stecker Polsterung 14591787"}]},{"@type":"WebSite","@id":"https:\/\/turijnmagazijn.jumpstone-dev.nl\/#website","url":"https:\/\/turijnmagazijn.jumpstone-dev.nl\/","name":"Turijnmagazijn","description":"Onderdelen nieuw en gebruikt - Fiat &amp; Lancia","publisher":{"@id":"https:\/\/turijnmagazijn.jumpstone-dev.nl\/#organization"},"potentialAction":[{"@type":"SearchAction","target":{"@type":"EntryPoint","urlTemplate":"https:\/\/turijnmagazijn.jumpstone-dev.nl\/?s={search_term_string}"},"query-input":{"@type":"PropertyValueSpecification","valueRequired":true,"valueName":"search_term_string"}}],"inLanguage":"de"},{"@type":"Organization","@id":"https:\/\/turijnmagazijn.jumpstone-dev.nl\/#organization","name":"Turijnmagazijn","url":"https:\/\/turijnmagazijn.jumpstone-dev.nl\/","logo":{"@type":"ImageObject","inLanguage":"de","@id":"https:\/\/turijnmagazijn.jumpstone-dev.nl\/#\/schema\/logo\/image\/","url":"https:\/\/turijnmagazijn.nl\/wp-content\/uploads\/2021\/02\/turijnmagazijnlogo.png","contentUrl":"https:\/\/turijnmagazijn.nl\/wp-content\/uploads\/2021\/02\/turijnmagazijnlogo.png","width":555,"height":270,"caption":"Turijnmagazijn"},"image":{"@id":"https:\/\/turijnmagazijn.jumpstone-dev.nl\/#\/schema\/logo\/image\/"},"sameAs":["https:\/\/www.facebook.com\/turijnmagazijn"]}]}},"_links":{"self":[{"href":"https:\/\/turijnmagazijn.nl\/de\/wp-json\/wp\/v2\/product\/71335","targetHints":{"allow":["GET"]}}],"collection":[{"href":"https:\/\/turijnmagazijn.nl\/de\/wp-json\/wp\/v2\/product"}],"about":[{"href":"https:\/\/turijnmagazijn.nl\/de\/wp-json\/wp\/v2\/types\/product"}],"replies":[{"embeddable":true,"href":"https:\/\/turijnmagazijn.nl\/de\/wp-json\/wp\/v2\/comments?post=71335"}],"wp:featuredmedia":[{"embeddable":true,"href":"https:\/\/turijnmagazijn.nl\/de\/wp-json\/wp\/v2\/media\/71779"}],"wp:attachment":[{"href":"https:\/\/turijnmagazijn.nl\/de\/wp-json\/wp\/v2\/media?parent=71335"}],"wp:term":[{"taxonomy":"product_brand","embeddable":true,"href":"https:\/\/turijnmagazijn.nl\/de\/wp-json\/wp\/v2\/product_brand?post=71335"},{"taxonomy":"product_cat","embeddable":true,"href":"https:\/\/turijnmagazijn.nl\/de\/wp-json\/wp\/v2\/product_cat?post=71335"},{"taxonomy":"product_tag","embeddable":true,"href":"https:\/\/turijnmagazijn.nl\/de\/wp-json\/wp\/v2\/product_tag?post=71335"}],"curies":[{"name":"wp","href":"https:\/\/api.w.org\/{rel}","templated":true}]}}