{"id":71341,"date":"2023-08-26T17:28:23","date_gmt":"2023-08-26T15:28:23","guid":{"rendered":"https:\/\/turijnmagazijn.nl\/product\/verteiler-rueckflussventil-scheibenwaschanlage-lancia-delta\/"},"modified":"2024-11-03T13:47:33","modified_gmt":"2024-11-03T12:47:33","slug":"krummer-rucklaufventil-scheibenwaschanlage-lancia-delta","status":"publish","type":"product","link":"https:\/\/turijnmagazijn.nl\/de\/produkt\/krummer-rucklaufventil-scheibenwaschanlage-lancia-delta\/","title":{"rendered":"R\u00fcckluftverteiler und Scheibenwaschanlage Lancia Delta"},"content":{"rendered":"<p>Kr\u00fcmmer-T-St\u00fcck f\u00fcr die Scheibenwaschfl\u00fcssigkeitsleitung f\u00fcr verschiedene Typen von Alfa Romeo, Lancia und Fiat. Dies ist ein Nachahmungsteil von guter Qualit\u00e4t, das perfekt mit dem Original austauschbar ist. Anwendbar f\u00fcr Lancia Delta Integrale als Kr\u00fcmmer f\u00fcr den Scheibenwaschschlauch auf H\u00f6he des Parafans unter der Motorhaube. Dort teilt sich das Zuleitungsrohr in zwei Teile, um die 2 D\u00fcsen f\u00fcr die Windschutzscheibe zu versorgen.<\/p>\n<p>Teil Nummer 5 auf der technischen Zeichnung aus der EPER-Zeichnung Nummer 1024700003 bez\u00fcglich seiner Anwendung auf den Lancia Delta Integrale. Pro Auto ist eine Kopie dieses Artikels erforderlich.<\/p>\n<p>Teil Nummer 18 auf der technischen Zeichnung aus der EPER-Zeichnung Nummer 1024700005 bez\u00fcglich seiner Anwendung auf den Lancia Delta Integrale. Pro Auto ist eine Kopie dieses Artikels erforderlich.<\/p>\n<p>Teil Nummer 3 auf der technischen Zeichnung von EPER mit der Zeichnungsnummer DE554A5054E6716D7C8409DFCB29881C f\u00fcr die Anwendung am Lancia Delta Integrale. Pro Auto ist eine Kopie dieses Artikels erforderlich.<\/p>\n<p>OEM Referenz Lancia 14583087<\/p>\n","protected":false},"excerpt":{"rendered":"<p>14583087 Kr\u00fcmmer-T-St\u00fcck f\u00fcr die Scheibenwaschfl\u00fcssigkeitsleitung f\u00fcr verschiedene Typen von Alfa Romeo, Lancia und Fiat. Ist ein Nachahmungsteil von guter Qualit\u00e4t, perfekt austauschbar<\/p>\n","protected":false},"featured_media":71869,"comment_status":"open","ping_status":"closed","template":"","meta":{"_acf_changed":false},"product_brand":[],"product_cat":[1811,1807,1817,1822,1826,1834,1829,1839,1797],"product_tag":[],"class_list":{"0":"post-71341","1":"product","2":"type-product","3":"status-publish","4":"has-post-thumbnail","6":"product_cat-1-1-1-3-1-5-de","7":"product_cat-delta-1-831-de","8":"product_cat-gt-i-e-de","9":"product_cat-hf-4wd-de","10":"product_cat-hf-turbo-de","11":"product_cat-integrale-16v-de","12":"product_cat-integrale-8v-de","13":"product_cat-integrale-evo-de","14":"product_cat-lancia-de","15":"pa_soort-onderdeel-karosserie-und-blech","17":"first","18":"instock","19":"taxable","20":"shipping-taxable","21":"purchasable","22":"product-type-simple"},"acf":[],"yoast_head":"<!-- This site is optimized with the Yoast SEO plugin v27.2 - https:\/\/yoast.com\/product\/yoast-seo-wordpress\/ -->\n<title>R\u00fcckluftverteiler und Scheibenwaschanlage Lancia Delta - Turijnmagazijn<\/title>\n<meta name=\"robots\" content=\"index, follow, max-snippet:-1, max-image-preview:large, max-video-preview:-1\" \/>\n<link rel=\"canonical\" href=\"https:\/\/turijnmagazijn.nl\/de\/produkt\/krummer-rucklaufventil-scheibenwaschanlage-lancia-delta\/\" \/>\n<meta property=\"og:locale\" content=\"de_DE\" \/>\n<meta property=\"og:type\" content=\"article\" \/>\n<meta property=\"og:title\" content=\"R\u00fcckluftverteiler und Scheibenwaschanlage Lancia Delta - Turijnmagazijn\" \/>\n<meta property=\"og:description\" content=\"14583087 Kr\u00fcmmer-T-St\u00fcck f\u00fcr die Scheibenwaschfl\u00fcssigkeitsleitung f\u00fcr verschiedene Typen von Alfa Romeo, Lancia und Fiat. Ist ein Nachahmungsteil von guter Qualit\u00e4t, perfekt austauschbar\" \/>\n<meta property=\"og:url\" content=\"https:\/\/turijnmagazijn.nl\/de\/produkt\/krummer-rucklaufventil-scheibenwaschanlage-lancia-delta\/\" \/>\n<meta property=\"og:site_name\" content=\"Turijnmagazijn\" \/>\n<meta property=\"article:publisher\" content=\"https:\/\/www.facebook.com\/turijnmagazijn\" \/>\n<meta property=\"article:modified_time\" content=\"2024-11-03T12:47:33+00:00\" \/>\n<meta property=\"og:image\" content=\"https:\/\/turijnmagazijn.nl\/wp-content\/uploads\/2023\/08\/DN0100330-Verdeelstuk-terugstroomklep-ruitensproeier-Lancia-Delta-14583087-3.jpg\" \/>\n\t<meta property=\"og:image:width\" content=\"1024\" \/>\n\t<meta property=\"og:image:height\" content=\"768\" \/>\n\t<meta property=\"og:image:type\" content=\"image\/jpeg\" \/>\n<meta name=\"twitter:card\" content=\"summary_large_image\" \/>\n<meta name=\"twitter:label1\" content=\"Gesch\u00e4tzte Lesezeit\" \/>\n\t<meta name=\"twitter:data1\" content=\"1\u00a0Minute\" \/>\n<script type=\"application\/ld+json\" class=\"yoast-schema-graph\">{\"@context\":\"https:\/\/schema.org\",\"@graph\":[{\"@type\":\"WebPage\",\"@id\":\"https:\/\/turijnmagazijn.nl\/de\/produkt\/krummer-rucklaufventil-scheibenwaschanlage-lancia-delta\/\",\"url\":\"https:\/\/turijnmagazijn.nl\/de\/produkt\/krummer-rucklaufventil-scheibenwaschanlage-lancia-delta\/\",\"name\":\"R\u00fcckluftverteiler und Scheibenwaschanlage Lancia Delta - Turijnmagazijn\",\"isPartOf\":{\"@id\":\"https:\/\/turijnmagazijn.jumpstone-dev.nl\/#website\"},\"primaryImageOfPage\":{\"@id\":\"https:\/\/turijnmagazijn.nl\/de\/produkt\/krummer-rucklaufventil-scheibenwaschanlage-lancia-delta\/#primaryimage\"},\"image\":{\"@id\":\"https:\/\/turijnmagazijn.nl\/de\/produkt\/krummer-rucklaufventil-scheibenwaschanlage-lancia-delta\/#primaryimage\"},\"thumbnailUrl\":\"https:\/\/turijnmagazijn.nl\/wp-content\/uploads\/2023\/08\/DN0100330-Verdeelstuk-terugstroomklep-ruitensproeier-Lancia-Delta-14583087-3.jpg\",\"datePublished\":\"2023-08-26T15:28:23+00:00\",\"dateModified\":\"2024-11-03T12:47:33+00:00\",\"breadcrumb\":{\"@id\":\"https:\/\/turijnmagazijn.nl\/de\/produkt\/krummer-rucklaufventil-scheibenwaschanlage-lancia-delta\/#breadcrumb\"},\"inLanguage\":\"de\",\"potentialAction\":[{\"@type\":\"ReadAction\",\"target\":[\"https:\/\/turijnmagazijn.nl\/de\/produkt\/krummer-rucklaufventil-scheibenwaschanlage-lancia-delta\/\"]}]},{\"@type\":\"ImageObject\",\"inLanguage\":\"de\",\"@id\":\"https:\/\/turijnmagazijn.nl\/de\/produkt\/krummer-rucklaufventil-scheibenwaschanlage-lancia-delta\/#primaryimage\",\"url\":\"https:\/\/turijnmagazijn.nl\/wp-content\/uploads\/2023\/08\/DN0100330-Verdeelstuk-terugstroomklep-ruitensproeier-Lancia-Delta-14583087-3.jpg\",\"contentUrl\":\"https:\/\/turijnmagazijn.nl\/wp-content\/uploads\/2023\/08\/DN0100330-Verdeelstuk-terugstroomklep-ruitensproeier-Lancia-Delta-14583087-3.jpg\",\"width\":1024,\"height\":768},{\"@type\":\"BreadcrumbList\",\"@id\":\"https:\/\/turijnmagazijn.nl\/de\/produkt\/krummer-rucklaufventil-scheibenwaschanlage-lancia-delta\/#breadcrumb\",\"itemListElement\":[{\"@type\":\"ListItem\",\"position\":1,\"name\":\"Home\",\"item\":\"https:\/\/turijnmagazijn.nl\/de\/\"},{\"@type\":\"ListItem\",\"position\":2,\"name\":\"Produkte\",\"item\":\"https:\/\/turijnmagazijn.nl\/de\/shop\/\"},{\"@type\":\"ListItem\",\"position\":3,\"name\":\"R\u00fcckluftverteiler und Scheibenwaschanlage Lancia Delta\"}]},{\"@type\":\"WebSite\",\"@id\":\"https:\/\/turijnmagazijn.jumpstone-dev.nl\/#website\",\"url\":\"https:\/\/turijnmagazijn.jumpstone-dev.nl\/\",\"name\":\"Turijnmagazijn\",\"description\":\"Onderdelen nieuw en gebruikt - Fiat &amp; Lancia\",\"publisher\":{\"@id\":\"https:\/\/turijnmagazijn.jumpstone-dev.nl\/#organization\"},\"potentialAction\":[{\"@type\":\"SearchAction\",\"target\":{\"@type\":\"EntryPoint\",\"urlTemplate\":\"https:\/\/turijnmagazijn.jumpstone-dev.nl\/?s={search_term_string}\"},\"query-input\":{\"@type\":\"PropertyValueSpecification\",\"valueRequired\":true,\"valueName\":\"search_term_string\"}}],\"inLanguage\":\"de\"},{\"@type\":\"Organization\",\"@id\":\"https:\/\/turijnmagazijn.jumpstone-dev.nl\/#organization\",\"name\":\"Turijnmagazijn\",\"url\":\"https:\/\/turijnmagazijn.jumpstone-dev.nl\/\",\"logo\":{\"@type\":\"ImageObject\",\"inLanguage\":\"de\",\"@id\":\"https:\/\/turijnmagazijn.jumpstone-dev.nl\/#\/schema\/logo\/image\/\",\"url\":\"https:\/\/turijnmagazijn.nl\/wp-content\/uploads\/2021\/02\/turijnmagazijnlogo.png\",\"contentUrl\":\"https:\/\/turijnmagazijn.nl\/wp-content\/uploads\/2021\/02\/turijnmagazijnlogo.png\",\"width\":555,\"height\":270,\"caption\":\"Turijnmagazijn\"},\"image\":{\"@id\":\"https:\/\/turijnmagazijn.jumpstone-dev.nl\/#\/schema\/logo\/image\/\"},\"sameAs\":[\"https:\/\/www.facebook.com\/turijnmagazijn\"]}]}<\/script>\n<!-- \/ Yoast SEO plugin. -->","yoast_head_json":{"title":"R\u00fcckluftverteiler und Scheibenwaschanlage Lancia Delta - Turijnmagazijn","robots":{"index":"index","follow":"follow","max-snippet":"max-snippet:-1","max-image-preview":"max-image-preview:large","max-video-preview":"max-video-preview:-1"},"canonical":"https:\/\/turijnmagazijn.nl\/de\/produkt\/krummer-rucklaufventil-scheibenwaschanlage-lancia-delta\/","og_locale":"de_DE","og_type":"article","og_title":"R\u00fcckluftverteiler und Scheibenwaschanlage Lancia Delta - Turijnmagazijn","og_description":"14583087 Kr\u00fcmmer-T-St\u00fcck f\u00fcr die Scheibenwaschfl\u00fcssigkeitsleitung f\u00fcr verschiedene Typen von Alfa Romeo, Lancia und Fiat. Ist ein Nachahmungsteil von guter Qualit\u00e4t, perfekt austauschbar","og_url":"https:\/\/turijnmagazijn.nl\/de\/produkt\/krummer-rucklaufventil-scheibenwaschanlage-lancia-delta\/","og_site_name":"Turijnmagazijn","article_publisher":"https:\/\/www.facebook.com\/turijnmagazijn","article_modified_time":"2024-11-03T12:47:33+00:00","og_image":[{"width":1024,"height":768,"url":"https:\/\/turijnmagazijn.nl\/wp-content\/uploads\/2023\/08\/DN0100330-Verdeelstuk-terugstroomklep-ruitensproeier-Lancia-Delta-14583087-3.jpg","type":"image\/jpeg"}],"twitter_card":"summary_large_image","twitter_misc":{"Gesch\u00e4tzte Lesezeit":"1\u00a0Minute"},"schema":{"@context":"https:\/\/schema.org","@graph":[{"@type":"WebPage","@id":"https:\/\/turijnmagazijn.nl\/de\/produkt\/krummer-rucklaufventil-scheibenwaschanlage-lancia-delta\/","url":"https:\/\/turijnmagazijn.nl\/de\/produkt\/krummer-rucklaufventil-scheibenwaschanlage-lancia-delta\/","name":"R\u00fcckluftverteiler und Scheibenwaschanlage Lancia Delta - Turijnmagazijn","isPartOf":{"@id":"https:\/\/turijnmagazijn.jumpstone-dev.nl\/#website"},"primaryImageOfPage":{"@id":"https:\/\/turijnmagazijn.nl\/de\/produkt\/krummer-rucklaufventil-scheibenwaschanlage-lancia-delta\/#primaryimage"},"image":{"@id":"https:\/\/turijnmagazijn.nl\/de\/produkt\/krummer-rucklaufventil-scheibenwaschanlage-lancia-delta\/#primaryimage"},"thumbnailUrl":"https:\/\/turijnmagazijn.nl\/wp-content\/uploads\/2023\/08\/DN0100330-Verdeelstuk-terugstroomklep-ruitensproeier-Lancia-Delta-14583087-3.jpg","datePublished":"2023-08-26T15:28:23+00:00","dateModified":"2024-11-03T12:47:33+00:00","breadcrumb":{"@id":"https:\/\/turijnmagazijn.nl\/de\/produkt\/krummer-rucklaufventil-scheibenwaschanlage-lancia-delta\/#breadcrumb"},"inLanguage":"de","potentialAction":[{"@type":"ReadAction","target":["https:\/\/turijnmagazijn.nl\/de\/produkt\/krummer-rucklaufventil-scheibenwaschanlage-lancia-delta\/"]}]},{"@type":"ImageObject","inLanguage":"de","@id":"https:\/\/turijnmagazijn.nl\/de\/produkt\/krummer-rucklaufventil-scheibenwaschanlage-lancia-delta\/#primaryimage","url":"https:\/\/turijnmagazijn.nl\/wp-content\/uploads\/2023\/08\/DN0100330-Verdeelstuk-terugstroomklep-ruitensproeier-Lancia-Delta-14583087-3.jpg","contentUrl":"https:\/\/turijnmagazijn.nl\/wp-content\/uploads\/2023\/08\/DN0100330-Verdeelstuk-terugstroomklep-ruitensproeier-Lancia-Delta-14583087-3.jpg","width":1024,"height":768},{"@type":"BreadcrumbList","@id":"https:\/\/turijnmagazijn.nl\/de\/produkt\/krummer-rucklaufventil-scheibenwaschanlage-lancia-delta\/#breadcrumb","itemListElement":[{"@type":"ListItem","position":1,"name":"Home","item":"https:\/\/turijnmagazijn.nl\/de\/"},{"@type":"ListItem","position":2,"name":"Produkte","item":"https:\/\/turijnmagazijn.nl\/de\/shop\/"},{"@type":"ListItem","position":3,"name":"R\u00fcckluftverteiler und Scheibenwaschanlage Lancia Delta"}]},{"@type":"WebSite","@id":"https:\/\/turijnmagazijn.jumpstone-dev.nl\/#website","url":"https:\/\/turijnmagazijn.jumpstone-dev.nl\/","name":"Turijnmagazijn","description":"Onderdelen nieuw en gebruikt - Fiat &amp; Lancia","publisher":{"@id":"https:\/\/turijnmagazijn.jumpstone-dev.nl\/#organization"},"potentialAction":[{"@type":"SearchAction","target":{"@type":"EntryPoint","urlTemplate":"https:\/\/turijnmagazijn.jumpstone-dev.nl\/?s={search_term_string}"},"query-input":{"@type":"PropertyValueSpecification","valueRequired":true,"valueName":"search_term_string"}}],"inLanguage":"de"},{"@type":"Organization","@id":"https:\/\/turijnmagazijn.jumpstone-dev.nl\/#organization","name":"Turijnmagazijn","url":"https:\/\/turijnmagazijn.jumpstone-dev.nl\/","logo":{"@type":"ImageObject","inLanguage":"de","@id":"https:\/\/turijnmagazijn.jumpstone-dev.nl\/#\/schema\/logo\/image\/","url":"https:\/\/turijnmagazijn.nl\/wp-content\/uploads\/2021\/02\/turijnmagazijnlogo.png","contentUrl":"https:\/\/turijnmagazijn.nl\/wp-content\/uploads\/2021\/02\/turijnmagazijnlogo.png","width":555,"height":270,"caption":"Turijnmagazijn"},"image":{"@id":"https:\/\/turijnmagazijn.jumpstone-dev.nl\/#\/schema\/logo\/image\/"},"sameAs":["https:\/\/www.facebook.com\/turijnmagazijn"]}]}},"_links":{"self":[{"href":"https:\/\/turijnmagazijn.nl\/de\/wp-json\/wp\/v2\/product\/71341","targetHints":{"allow":["GET"]}}],"collection":[{"href":"https:\/\/turijnmagazijn.nl\/de\/wp-json\/wp\/v2\/product"}],"about":[{"href":"https:\/\/turijnmagazijn.nl\/de\/wp-json\/wp\/v2\/types\/product"}],"replies":[{"embeddable":true,"href":"https:\/\/turijnmagazijn.nl\/de\/wp-json\/wp\/v2\/comments?post=71341"}],"wp:featuredmedia":[{"embeddable":true,"href":"https:\/\/turijnmagazijn.nl\/de\/wp-json\/wp\/v2\/media\/71869"}],"wp:attachment":[{"href":"https:\/\/turijnmagazijn.nl\/de\/wp-json\/wp\/v2\/media?parent=71341"}],"wp:term":[{"taxonomy":"product_brand","embeddable":true,"href":"https:\/\/turijnmagazijn.nl\/de\/wp-json\/wp\/v2\/product_brand?post=71341"},{"taxonomy":"product_cat","embeddable":true,"href":"https:\/\/turijnmagazijn.nl\/de\/wp-json\/wp\/v2\/product_cat?post=71341"},{"taxonomy":"product_tag","embeddable":true,"href":"https:\/\/turijnmagazijn.nl\/de\/wp-json\/wp\/v2\/product_tag?post=71341"}],"curies":[{"name":"wp","href":"https:\/\/api.w.org\/{rel}","templated":true}]}}