{"id":71384,"date":"2023-08-26T17:29:52","date_gmt":"2023-08-26T15:29:52","guid":{"rendered":"https:\/\/turijnmagazijn.nl\/product\/blinklichtglas-vorne-links-autobianchi-a112-weiss-defekt\/"},"modified":"2024-03-15T18:21:46","modified_gmt":"2024-03-15T17:21:46","slug":"blinklichtglas-links-vorne-autobianchi-a112-weis-defekt","status":"publish","type":"product","link":"https:\/\/turijnmagazijn.nl\/de\/produkt\/blinklichtglas-links-vorne-autobianchi-a112-weis-defekt\/","title":{"rendered":"Blinklichtglas vorne links Autobianchi A112 wei\u00df DEFEKT"},"content":{"rendered":"<p>Neues wei\u00dfes Blinkglas Links f\u00fcr Autobianchi A112. Dieses Ger\u00e4t ist besch\u00e4digt, die Kante ist abgebrochen. Kann geklebt werden, alle Teile sind vorhanden. Handelt sich um eine Einheit der Marke ALTISSIMO. Ohne die Schrauben. Originalteil aus altem H\u00e4ndlerlager. In der Originalverpackung und in neuwertigem Zustand. OEM Lancia 7534470<\/p>\n","protected":false},"excerpt":{"rendered":"<p>7534471 Neues wei\u00dfes Blinkglas links f\u00fcr Autobianchi A112. Dieses Ger\u00e4t ist besch\u00e4digt, die Kante ist abgebrochen. Kann geklebt werden, alle Teile sind vorhanden. Betrifft eine Einheit des Ichs<\/p>\n","protected":false},"featured_media":74392,"comment_status":"open","ping_status":"closed","template":"","meta":{"_acf_changed":false},"product_brand":[],"product_cat":[1676],"product_tag":[],"class_list":{"0":"post-71384","1":"product","2":"type-product","3":"status-publish","4":"has-post-thumbnail","6":"product_cat-a112-112-de","7":"pa_soort-onderdeel-beleuchtung","9":"first","10":"instock","11":"shipping-taxable","12":"purchasable","13":"product-type-simple"},"acf":[],"yoast_head":"<!-- This site is optimized with the Yoast SEO plugin v27.3 - https:\/\/yoast.com\/product\/yoast-seo-wordpress\/ -->\n<title>Blinklichtglas vorne links Autobianchi A112 wei\u00df DEFEKT - Turijnmagazijn<\/title>\n<meta name=\"robots\" content=\"index, follow, max-snippet:-1, max-image-preview:large, max-video-preview:-1\" \/>\n<link rel=\"canonical\" href=\"https:\/\/turijnmagazijn.nl\/de\/produkt\/blinklichtglas-links-vorne-autobianchi-a112-weis-defekt\/\" \/>\n<meta property=\"og:locale\" content=\"de_DE\" \/>\n<meta property=\"og:type\" content=\"article\" \/>\n<meta property=\"og:title\" content=\"Blinklichtglas vorne links Autobianchi A112 wei\u00df DEFEKT - Turijnmagazijn\" \/>\n<meta property=\"og:description\" content=\"7534471 Neues wei\u00dfes Blinkglas links f\u00fcr Autobianchi A112. Dieses Ger\u00e4t ist besch\u00e4digt, die Kante ist abgebrochen. Kann geklebt werden, alle Teile sind vorhanden. Betrifft eine Einheit des Ichs\" \/>\n<meta property=\"og:url\" content=\"https:\/\/turijnmagazijn.nl\/de\/produkt\/blinklichtglas-links-vorne-autobianchi-a112-weis-defekt\/\" \/>\n<meta property=\"og:site_name\" content=\"Turijnmagazijn\" \/>\n<meta property=\"article:publisher\" content=\"https:\/\/www.facebook.com\/turijnmagazijn\" \/>\n<meta property=\"article:modified_time\" content=\"2024-03-15T17:21:46+00:00\" \/>\n<meta property=\"og:image\" content=\"https:\/\/turijnmagazijn.nl\/wp-content\/uploads\/2023\/10\/DS0108966-Knipperlichtglas-links-voorzijde-Autobianchi-A112-wit-DEFECT-7534471-2.jpg\" \/>\n\t<meta property=\"og:image:width\" content=\"1024\" \/>\n\t<meta property=\"og:image:height\" content=\"768\" \/>\n\t<meta property=\"og:image:type\" content=\"image\/jpeg\" \/>\n<meta name=\"twitter:card\" content=\"summary_large_image\" \/>\n<script type=\"application\/ld+json\" class=\"yoast-schema-graph\">{\"@context\":\"https:\\\/\\\/schema.org\",\"@graph\":[{\"@type\":\"WebPage\",\"@id\":\"https:\\\/\\\/turijnmagazijn.nl\\\/de\\\/produkt\\\/blinklichtglas-links-vorne-autobianchi-a112-weis-defekt\\\/\",\"url\":\"https:\\\/\\\/turijnmagazijn.nl\\\/de\\\/produkt\\\/blinklichtglas-links-vorne-autobianchi-a112-weis-defekt\\\/\",\"name\":\"Blinklichtglas vorne links Autobianchi A112 wei\u00df DEFEKT - Turijnmagazijn\",\"isPartOf\":{\"@id\":\"https:\\\/\\\/turijnmagazijn.jumpstone-dev.nl\\\/#website\"},\"primaryImageOfPage\":{\"@id\":\"https:\\\/\\\/turijnmagazijn.nl\\\/de\\\/produkt\\\/blinklichtglas-links-vorne-autobianchi-a112-weis-defekt\\\/#primaryimage\"},\"image\":{\"@id\":\"https:\\\/\\\/turijnmagazijn.nl\\\/de\\\/produkt\\\/blinklichtglas-links-vorne-autobianchi-a112-weis-defekt\\\/#primaryimage\"},\"thumbnailUrl\":\"https:\\\/\\\/turijnmagazijn.nl\\\/wp-content\\\/uploads\\\/2023\\\/10\\\/DS0108966-Knipperlichtglas-links-voorzijde-Autobianchi-A112-wit-DEFECT-7534471-2.jpg\",\"datePublished\":\"2023-08-26T15:29:52+00:00\",\"dateModified\":\"2024-03-15T17:21:46+00:00\",\"breadcrumb\":{\"@id\":\"https:\\\/\\\/turijnmagazijn.nl\\\/de\\\/produkt\\\/blinklichtglas-links-vorne-autobianchi-a112-weis-defekt\\\/#breadcrumb\"},\"inLanguage\":\"de\",\"potentialAction\":[{\"@type\":\"ReadAction\",\"target\":[\"https:\\\/\\\/turijnmagazijn.nl\\\/de\\\/produkt\\\/blinklichtglas-links-vorne-autobianchi-a112-weis-defekt\\\/\"]}]},{\"@type\":\"ImageObject\",\"inLanguage\":\"de\",\"@id\":\"https:\\\/\\\/turijnmagazijn.nl\\\/de\\\/produkt\\\/blinklichtglas-links-vorne-autobianchi-a112-weis-defekt\\\/#primaryimage\",\"url\":\"https:\\\/\\\/turijnmagazijn.nl\\\/wp-content\\\/uploads\\\/2023\\\/10\\\/DS0108966-Knipperlichtglas-links-voorzijde-Autobianchi-A112-wit-DEFECT-7534471-2.jpg\",\"contentUrl\":\"https:\\\/\\\/turijnmagazijn.nl\\\/wp-content\\\/uploads\\\/2023\\\/10\\\/DS0108966-Knipperlichtglas-links-voorzijde-Autobianchi-A112-wit-DEFECT-7534471-2.jpg\",\"width\":1024,\"height\":768},{\"@type\":\"BreadcrumbList\",\"@id\":\"https:\\\/\\\/turijnmagazijn.nl\\\/de\\\/produkt\\\/blinklichtglas-links-vorne-autobianchi-a112-weis-defekt\\\/#breadcrumb\",\"itemListElement\":[{\"@type\":\"ListItem\",\"position\":1,\"name\":\"Home\",\"item\":\"https:\\\/\\\/turijnmagazijn.nl\\\/de\\\/\"},{\"@type\":\"ListItem\",\"position\":2,\"name\":\"Produkte\",\"item\":\"https:\\\/\\\/turijnmagazijn.nl\\\/de\\\/shop\\\/\"},{\"@type\":\"ListItem\",\"position\":3,\"name\":\"Blinklichtglas vorne links Autobianchi A112 wei\u00df DEFEKT\"}]},{\"@type\":\"WebSite\",\"@id\":\"https:\\\/\\\/turijnmagazijn.jumpstone-dev.nl\\\/#website\",\"url\":\"https:\\\/\\\/turijnmagazijn.jumpstone-dev.nl\\\/\",\"name\":\"Turijnmagazijn\",\"description\":\"Onderdelen nieuw en gebruikt - Fiat &amp; Lancia\",\"publisher\":{\"@id\":\"https:\\\/\\\/turijnmagazijn.jumpstone-dev.nl\\\/#organization\"},\"potentialAction\":[{\"@type\":\"SearchAction\",\"target\":{\"@type\":\"EntryPoint\",\"urlTemplate\":\"https:\\\/\\\/turijnmagazijn.jumpstone-dev.nl\\\/?s={search_term_string}\"},\"query-input\":{\"@type\":\"PropertyValueSpecification\",\"valueRequired\":true,\"valueName\":\"search_term_string\"}}],\"inLanguage\":\"de\"},{\"@type\":\"Organization\",\"@id\":\"https:\\\/\\\/turijnmagazijn.jumpstone-dev.nl\\\/#organization\",\"name\":\"Turijnmagazijn\",\"url\":\"https:\\\/\\\/turijnmagazijn.jumpstone-dev.nl\\\/\",\"logo\":{\"@type\":\"ImageObject\",\"inLanguage\":\"de\",\"@id\":\"https:\\\/\\\/turijnmagazijn.jumpstone-dev.nl\\\/#\\\/schema\\\/logo\\\/image\\\/\",\"url\":\"https:\\\/\\\/turijnmagazijn.nl\\\/wp-content\\\/uploads\\\/2021\\\/02\\\/turijnmagazijnlogo.png\",\"contentUrl\":\"https:\\\/\\\/turijnmagazijn.nl\\\/wp-content\\\/uploads\\\/2021\\\/02\\\/turijnmagazijnlogo.png\",\"width\":555,\"height\":270,\"caption\":\"Turijnmagazijn\"},\"image\":{\"@id\":\"https:\\\/\\\/turijnmagazijn.jumpstone-dev.nl\\\/#\\\/schema\\\/logo\\\/image\\\/\"},\"sameAs\":[\"https:\\\/\\\/www.facebook.com\\\/turijnmagazijn\"]}]}<\/script>\n<!-- \/ Yoast SEO plugin. -->","yoast_head_json":{"title":"Blinklichtglas vorne links Autobianchi A112 wei\u00df DEFEKT - Turijnmagazijn","robots":{"index":"index","follow":"follow","max-snippet":"max-snippet:-1","max-image-preview":"max-image-preview:large","max-video-preview":"max-video-preview:-1"},"canonical":"https:\/\/turijnmagazijn.nl\/de\/produkt\/blinklichtglas-links-vorne-autobianchi-a112-weis-defekt\/","og_locale":"de_DE","og_type":"article","og_title":"Blinklichtglas vorne links Autobianchi A112 wei\u00df DEFEKT - Turijnmagazijn","og_description":"7534471 Neues wei\u00dfes Blinkglas links f\u00fcr Autobianchi A112. Dieses Ger\u00e4t ist besch\u00e4digt, die Kante ist abgebrochen. Kann geklebt werden, alle Teile sind vorhanden. Betrifft eine Einheit des Ichs","og_url":"https:\/\/turijnmagazijn.nl\/de\/produkt\/blinklichtglas-links-vorne-autobianchi-a112-weis-defekt\/","og_site_name":"Turijnmagazijn","article_publisher":"https:\/\/www.facebook.com\/turijnmagazijn","article_modified_time":"2024-03-15T17:21:46+00:00","og_image":[{"width":1024,"height":768,"url":"https:\/\/turijnmagazijn.nl\/wp-content\/uploads\/2023\/10\/DS0108966-Knipperlichtglas-links-voorzijde-Autobianchi-A112-wit-DEFECT-7534471-2.jpg","type":"image\/jpeg"}],"twitter_card":"summary_large_image","schema":{"@context":"https:\/\/schema.org","@graph":[{"@type":"WebPage","@id":"https:\/\/turijnmagazijn.nl\/de\/produkt\/blinklichtglas-links-vorne-autobianchi-a112-weis-defekt\/","url":"https:\/\/turijnmagazijn.nl\/de\/produkt\/blinklichtglas-links-vorne-autobianchi-a112-weis-defekt\/","name":"Blinklichtglas vorne links Autobianchi A112 wei\u00df DEFEKT - Turijnmagazijn","isPartOf":{"@id":"https:\/\/turijnmagazijn.jumpstone-dev.nl\/#website"},"primaryImageOfPage":{"@id":"https:\/\/turijnmagazijn.nl\/de\/produkt\/blinklichtglas-links-vorne-autobianchi-a112-weis-defekt\/#primaryimage"},"image":{"@id":"https:\/\/turijnmagazijn.nl\/de\/produkt\/blinklichtglas-links-vorne-autobianchi-a112-weis-defekt\/#primaryimage"},"thumbnailUrl":"https:\/\/turijnmagazijn.nl\/wp-content\/uploads\/2023\/10\/DS0108966-Knipperlichtglas-links-voorzijde-Autobianchi-A112-wit-DEFECT-7534471-2.jpg","datePublished":"2023-08-26T15:29:52+00:00","dateModified":"2024-03-15T17:21:46+00:00","breadcrumb":{"@id":"https:\/\/turijnmagazijn.nl\/de\/produkt\/blinklichtglas-links-vorne-autobianchi-a112-weis-defekt\/#breadcrumb"},"inLanguage":"de","potentialAction":[{"@type":"ReadAction","target":["https:\/\/turijnmagazijn.nl\/de\/produkt\/blinklichtglas-links-vorne-autobianchi-a112-weis-defekt\/"]}]},{"@type":"ImageObject","inLanguage":"de","@id":"https:\/\/turijnmagazijn.nl\/de\/produkt\/blinklichtglas-links-vorne-autobianchi-a112-weis-defekt\/#primaryimage","url":"https:\/\/turijnmagazijn.nl\/wp-content\/uploads\/2023\/10\/DS0108966-Knipperlichtglas-links-voorzijde-Autobianchi-A112-wit-DEFECT-7534471-2.jpg","contentUrl":"https:\/\/turijnmagazijn.nl\/wp-content\/uploads\/2023\/10\/DS0108966-Knipperlichtglas-links-voorzijde-Autobianchi-A112-wit-DEFECT-7534471-2.jpg","width":1024,"height":768},{"@type":"BreadcrumbList","@id":"https:\/\/turijnmagazijn.nl\/de\/produkt\/blinklichtglas-links-vorne-autobianchi-a112-weis-defekt\/#breadcrumb","itemListElement":[{"@type":"ListItem","position":1,"name":"Home","item":"https:\/\/turijnmagazijn.nl\/de\/"},{"@type":"ListItem","position":2,"name":"Produkte","item":"https:\/\/turijnmagazijn.nl\/de\/shop\/"},{"@type":"ListItem","position":3,"name":"Blinklichtglas vorne links Autobianchi A112 wei\u00df DEFEKT"}]},{"@type":"WebSite","@id":"https:\/\/turijnmagazijn.jumpstone-dev.nl\/#website","url":"https:\/\/turijnmagazijn.jumpstone-dev.nl\/","name":"Turijnmagazijn","description":"Onderdelen nieuw en gebruikt - Fiat &amp; Lancia","publisher":{"@id":"https:\/\/turijnmagazijn.jumpstone-dev.nl\/#organization"},"potentialAction":[{"@type":"SearchAction","target":{"@type":"EntryPoint","urlTemplate":"https:\/\/turijnmagazijn.jumpstone-dev.nl\/?s={search_term_string}"},"query-input":{"@type":"PropertyValueSpecification","valueRequired":true,"valueName":"search_term_string"}}],"inLanguage":"de"},{"@type":"Organization","@id":"https:\/\/turijnmagazijn.jumpstone-dev.nl\/#organization","name":"Turijnmagazijn","url":"https:\/\/turijnmagazijn.jumpstone-dev.nl\/","logo":{"@type":"ImageObject","inLanguage":"de","@id":"https:\/\/turijnmagazijn.jumpstone-dev.nl\/#\/schema\/logo\/image\/","url":"https:\/\/turijnmagazijn.nl\/wp-content\/uploads\/2021\/02\/turijnmagazijnlogo.png","contentUrl":"https:\/\/turijnmagazijn.nl\/wp-content\/uploads\/2021\/02\/turijnmagazijnlogo.png","width":555,"height":270,"caption":"Turijnmagazijn"},"image":{"@id":"https:\/\/turijnmagazijn.jumpstone-dev.nl\/#\/schema\/logo\/image\/"},"sameAs":["https:\/\/www.facebook.com\/turijnmagazijn"]}]}},"_links":{"self":[{"href":"https:\/\/turijnmagazijn.nl\/de\/wp-json\/wp\/v2\/product\/71384","targetHints":{"allow":["GET"]}}],"collection":[{"href":"https:\/\/turijnmagazijn.nl\/de\/wp-json\/wp\/v2\/product"}],"about":[{"href":"https:\/\/turijnmagazijn.nl\/de\/wp-json\/wp\/v2\/types\/product"}],"replies":[{"embeddable":true,"href":"https:\/\/turijnmagazijn.nl\/de\/wp-json\/wp\/v2\/comments?post=71384"}],"wp:featuredmedia":[{"embeddable":true,"href":"https:\/\/turijnmagazijn.nl\/de\/wp-json\/wp\/v2\/media\/74392"}],"wp:attachment":[{"href":"https:\/\/turijnmagazijn.nl\/de\/wp-json\/wp\/v2\/media?parent=71384"}],"wp:term":[{"taxonomy":"product_brand","embeddable":true,"href":"https:\/\/turijnmagazijn.nl\/de\/wp-json\/wp\/v2\/product_brand?post=71384"},{"taxonomy":"product_cat","embeddable":true,"href":"https:\/\/turijnmagazijn.nl\/de\/wp-json\/wp\/v2\/product_cat?post=71384"},{"taxonomy":"product_tag","embeddable":true,"href":"https:\/\/turijnmagazijn.nl\/de\/wp-json\/wp\/v2\/product_tag?post=71384"}],"curies":[{"name":"wp","href":"https:\/\/api.w.org\/{rel}","templated":true}]}}