{"id":71397,"date":"2023-08-26T17:29:42","date_gmt":"2023-08-26T15:29:42","guid":{"rendered":"https:\/\/turijnmagazijn.nl\/product\/scheibenwaschpumpe-aquamistpumpe-lancia-delta-integrale-evo\/"},"modified":"2024-11-03T13:49:35","modified_gmt":"2024-11-03T12:49:35","slug":"scheibenwaschanlage-pumpe-acquamist-pumpe-lancia-delta-integral-evo","status":"publish","type":"product","link":"https:\/\/turijnmagazijn.nl\/de\/produkt\/scheibenwaschanlage-pumpe-acquamist-pumpe-lancia-delta-integral-evo\/","title":{"rendered":"Spr\u00fchpumpe Acquamist Pumpe Lancia Delta Integrale Evo"},"content":{"rendered":"<p>Neue D\u00fcsenpumpe f\u00fcr die Scheibenwaschanlage des Lancia Thema 1 und als Pumpe f\u00fcr das Acqua-Nebelsystem f\u00fcr die Benebelung des Ladeluftk\u00fchlers des Lancia Delta Integrale EVO. Originalteil aus altem H\u00e4ndlerlager. In der Originalverpackung und in neuwertigem Zustand.<\/p>\n<p>Teil Nummer 2 auf der technischen Zeichnung aus der EPER-Zeichnung Nummer 1024700005 f\u00fcr die Anwendung am Lancia Delta Integrale. Von diesem Teil werden 2 St\u00fcck pro Auto ben\u00f6tigt. OEM Lancia 82439887 <\/p>\n","protected":false},"excerpt":{"rendered":"<p>82439887 Neue D\u00fcsenpumpe f\u00fcr die Scheibenwaschanlage des Lancia Theme 1 und als Pumpe f\u00fcr das Acqua-Nebelsystem f\u00fcr die Vernebelung des Ladeluftk\u00fchlers des Lancia Delta Integrale EVO. Ori<\/p>\n","protected":false},"featured_media":74292,"comment_status":"open","ping_status":"closed","template":"","meta":{"_acf_changed":false},"product_brand":[],"product_cat":[1807,1839,1797],"product_tag":[],"class_list":{"0":"post-71397","1":"product","2":"type-product","3":"status-publish","4":"has-post-thumbnail","6":"product_cat-delta-1-831-de","7":"product_cat-integrale-evo-de","8":"product_cat-lancia-de","9":"pa_soort-onderdeel-fenster-und-zubehor","11":"first","12":"outofstock","13":"shipping-taxable","14":"purchasable","15":"product-type-simple"},"acf":[],"yoast_head":"<!-- This site is optimized with the Yoast SEO plugin v27.2 - https:\/\/yoast.com\/product\/yoast-seo-wordpress\/ -->\n<title>Spr\u00fchpumpe Acquamist Pumpe Lancia Delta Integrale Evo - Turijnmagazijn<\/title>\n<meta name=\"robots\" content=\"index, follow, max-snippet:-1, max-image-preview:large, max-video-preview:-1\" \/>\n<link rel=\"canonical\" href=\"https:\/\/turijnmagazijn.nl\/de\/produkt\/scheibenwaschanlage-pumpe-acquamist-pumpe-lancia-delta-integral-evo\/\" \/>\n<meta property=\"og:locale\" content=\"de_DE\" \/>\n<meta property=\"og:type\" content=\"article\" \/>\n<meta property=\"og:title\" content=\"Spr\u00fchpumpe Acquamist Pumpe Lancia Delta Integrale Evo - Turijnmagazijn\" \/>\n<meta property=\"og:description\" content=\"82439887 Neue D\u00fcsenpumpe f\u00fcr die Scheibenwaschanlage des Lancia Theme 1 und als Pumpe f\u00fcr das Acqua-Nebelsystem f\u00fcr die Vernebelung des Ladeluftk\u00fchlers des Lancia Delta Integrale EVO. Ori\" \/>\n<meta property=\"og:url\" content=\"https:\/\/turijnmagazijn.nl\/de\/produkt\/scheibenwaschanlage-pumpe-acquamist-pumpe-lancia-delta-integral-evo\/\" \/>\n<meta property=\"og:site_name\" content=\"Turijnmagazijn\" \/>\n<meta property=\"article:publisher\" content=\"https:\/\/www.facebook.com\/turijnmagazijn\" \/>\n<meta property=\"article:modified_time\" content=\"2024-11-03T12:49:35+00:00\" \/>\n<meta property=\"og:image\" content=\"https:\/\/turijnmagazijn.nl\/wp-content\/uploads\/2023\/10\/DS0108960-Ruitensproeierpomp-acquamist-pomp-Lancia-Delta-Integrale-Evo-82439887-3.jpg\" \/>\n\t<meta property=\"og:image:width\" content=\"1024\" \/>\n\t<meta property=\"og:image:height\" content=\"768\" \/>\n\t<meta property=\"og:image:type\" content=\"image\/jpeg\" \/>\n<meta name=\"twitter:card\" content=\"summary_large_image\" \/>\n<script type=\"application\/ld+json\" class=\"yoast-schema-graph\">{\"@context\":\"https:\/\/schema.org\",\"@graph\":[{\"@type\":\"WebPage\",\"@id\":\"https:\/\/turijnmagazijn.nl\/de\/produkt\/scheibenwaschanlage-pumpe-acquamist-pumpe-lancia-delta-integral-evo\/\",\"url\":\"https:\/\/turijnmagazijn.nl\/de\/produkt\/scheibenwaschanlage-pumpe-acquamist-pumpe-lancia-delta-integral-evo\/\",\"name\":\"Spr\u00fchpumpe Acquamist Pumpe Lancia Delta Integrale Evo - Turijnmagazijn\",\"isPartOf\":{\"@id\":\"https:\/\/turijnmagazijn.jumpstone-dev.nl\/#website\"},\"primaryImageOfPage\":{\"@id\":\"https:\/\/turijnmagazijn.nl\/de\/produkt\/scheibenwaschanlage-pumpe-acquamist-pumpe-lancia-delta-integral-evo\/#primaryimage\"},\"image\":{\"@id\":\"https:\/\/turijnmagazijn.nl\/de\/produkt\/scheibenwaschanlage-pumpe-acquamist-pumpe-lancia-delta-integral-evo\/#primaryimage\"},\"thumbnailUrl\":\"https:\/\/turijnmagazijn.nl\/wp-content\/uploads\/2023\/10\/DS0108960-Ruitensproeierpomp-acquamist-pomp-Lancia-Delta-Integrale-Evo-82439887-3.jpg\",\"datePublished\":\"2023-08-26T15:29:42+00:00\",\"dateModified\":\"2024-11-03T12:49:35+00:00\",\"breadcrumb\":{\"@id\":\"https:\/\/turijnmagazijn.nl\/de\/produkt\/scheibenwaschanlage-pumpe-acquamist-pumpe-lancia-delta-integral-evo\/#breadcrumb\"},\"inLanguage\":\"de\",\"potentialAction\":[{\"@type\":\"ReadAction\",\"target\":[\"https:\/\/turijnmagazijn.nl\/de\/produkt\/scheibenwaschanlage-pumpe-acquamist-pumpe-lancia-delta-integral-evo\/\"]}]},{\"@type\":\"ImageObject\",\"inLanguage\":\"de\",\"@id\":\"https:\/\/turijnmagazijn.nl\/de\/produkt\/scheibenwaschanlage-pumpe-acquamist-pumpe-lancia-delta-integral-evo\/#primaryimage\",\"url\":\"https:\/\/turijnmagazijn.nl\/wp-content\/uploads\/2023\/10\/DS0108960-Ruitensproeierpomp-acquamist-pomp-Lancia-Delta-Integrale-Evo-82439887-3.jpg\",\"contentUrl\":\"https:\/\/turijnmagazijn.nl\/wp-content\/uploads\/2023\/10\/DS0108960-Ruitensproeierpomp-acquamist-pomp-Lancia-Delta-Integrale-Evo-82439887-3.jpg\",\"width\":1024,\"height\":768},{\"@type\":\"BreadcrumbList\",\"@id\":\"https:\/\/turijnmagazijn.nl\/de\/produkt\/scheibenwaschanlage-pumpe-acquamist-pumpe-lancia-delta-integral-evo\/#breadcrumb\",\"itemListElement\":[{\"@type\":\"ListItem\",\"position\":1,\"name\":\"Home\",\"item\":\"https:\/\/turijnmagazijn.nl\/de\/\"},{\"@type\":\"ListItem\",\"position\":2,\"name\":\"Produkte\",\"item\":\"https:\/\/turijnmagazijn.nl\/de\/shop\/\"},{\"@type\":\"ListItem\",\"position\":3,\"name\":\"Spr\u00fchpumpe Acquamist Pumpe Lancia Delta Integrale Evo\"}]},{\"@type\":\"WebSite\",\"@id\":\"https:\/\/turijnmagazijn.jumpstone-dev.nl\/#website\",\"url\":\"https:\/\/turijnmagazijn.jumpstone-dev.nl\/\",\"name\":\"Turijnmagazijn\",\"description\":\"Onderdelen nieuw en gebruikt - Fiat &amp; Lancia\",\"publisher\":{\"@id\":\"https:\/\/turijnmagazijn.jumpstone-dev.nl\/#organization\"},\"potentialAction\":[{\"@type\":\"SearchAction\",\"target\":{\"@type\":\"EntryPoint\",\"urlTemplate\":\"https:\/\/turijnmagazijn.jumpstone-dev.nl\/?s={search_term_string}\"},\"query-input\":{\"@type\":\"PropertyValueSpecification\",\"valueRequired\":true,\"valueName\":\"search_term_string\"}}],\"inLanguage\":\"de\"},{\"@type\":\"Organization\",\"@id\":\"https:\/\/turijnmagazijn.jumpstone-dev.nl\/#organization\",\"name\":\"Turijnmagazijn\",\"url\":\"https:\/\/turijnmagazijn.jumpstone-dev.nl\/\",\"logo\":{\"@type\":\"ImageObject\",\"inLanguage\":\"de\",\"@id\":\"https:\/\/turijnmagazijn.jumpstone-dev.nl\/#\/schema\/logo\/image\/\",\"url\":\"https:\/\/turijnmagazijn.nl\/wp-content\/uploads\/2021\/02\/turijnmagazijnlogo.png\",\"contentUrl\":\"https:\/\/turijnmagazijn.nl\/wp-content\/uploads\/2021\/02\/turijnmagazijnlogo.png\",\"width\":555,\"height\":270,\"caption\":\"Turijnmagazijn\"},\"image\":{\"@id\":\"https:\/\/turijnmagazijn.jumpstone-dev.nl\/#\/schema\/logo\/image\/\"},\"sameAs\":[\"https:\/\/www.facebook.com\/turijnmagazijn\"]}]}<\/script>\n<!-- \/ Yoast SEO plugin. -->","yoast_head_json":{"title":"Spr\u00fchpumpe Acquamist Pumpe Lancia Delta Integrale Evo - Turijnmagazijn","robots":{"index":"index","follow":"follow","max-snippet":"max-snippet:-1","max-image-preview":"max-image-preview:large","max-video-preview":"max-video-preview:-1"},"canonical":"https:\/\/turijnmagazijn.nl\/de\/produkt\/scheibenwaschanlage-pumpe-acquamist-pumpe-lancia-delta-integral-evo\/","og_locale":"de_DE","og_type":"article","og_title":"Spr\u00fchpumpe Acquamist Pumpe Lancia Delta Integrale Evo - Turijnmagazijn","og_description":"82439887 Neue D\u00fcsenpumpe f\u00fcr die Scheibenwaschanlage des Lancia Theme 1 und als Pumpe f\u00fcr das Acqua-Nebelsystem f\u00fcr die Vernebelung des Ladeluftk\u00fchlers des Lancia Delta Integrale EVO. Ori","og_url":"https:\/\/turijnmagazijn.nl\/de\/produkt\/scheibenwaschanlage-pumpe-acquamist-pumpe-lancia-delta-integral-evo\/","og_site_name":"Turijnmagazijn","article_publisher":"https:\/\/www.facebook.com\/turijnmagazijn","article_modified_time":"2024-11-03T12:49:35+00:00","og_image":[{"width":1024,"height":768,"url":"https:\/\/turijnmagazijn.nl\/wp-content\/uploads\/2023\/10\/DS0108960-Ruitensproeierpomp-acquamist-pomp-Lancia-Delta-Integrale-Evo-82439887-3.jpg","type":"image\/jpeg"}],"twitter_card":"summary_large_image","schema":{"@context":"https:\/\/schema.org","@graph":[{"@type":"WebPage","@id":"https:\/\/turijnmagazijn.nl\/de\/produkt\/scheibenwaschanlage-pumpe-acquamist-pumpe-lancia-delta-integral-evo\/","url":"https:\/\/turijnmagazijn.nl\/de\/produkt\/scheibenwaschanlage-pumpe-acquamist-pumpe-lancia-delta-integral-evo\/","name":"Spr\u00fchpumpe Acquamist Pumpe Lancia Delta Integrale Evo - Turijnmagazijn","isPartOf":{"@id":"https:\/\/turijnmagazijn.jumpstone-dev.nl\/#website"},"primaryImageOfPage":{"@id":"https:\/\/turijnmagazijn.nl\/de\/produkt\/scheibenwaschanlage-pumpe-acquamist-pumpe-lancia-delta-integral-evo\/#primaryimage"},"image":{"@id":"https:\/\/turijnmagazijn.nl\/de\/produkt\/scheibenwaschanlage-pumpe-acquamist-pumpe-lancia-delta-integral-evo\/#primaryimage"},"thumbnailUrl":"https:\/\/turijnmagazijn.nl\/wp-content\/uploads\/2023\/10\/DS0108960-Ruitensproeierpomp-acquamist-pomp-Lancia-Delta-Integrale-Evo-82439887-3.jpg","datePublished":"2023-08-26T15:29:42+00:00","dateModified":"2024-11-03T12:49:35+00:00","breadcrumb":{"@id":"https:\/\/turijnmagazijn.nl\/de\/produkt\/scheibenwaschanlage-pumpe-acquamist-pumpe-lancia-delta-integral-evo\/#breadcrumb"},"inLanguage":"de","potentialAction":[{"@type":"ReadAction","target":["https:\/\/turijnmagazijn.nl\/de\/produkt\/scheibenwaschanlage-pumpe-acquamist-pumpe-lancia-delta-integral-evo\/"]}]},{"@type":"ImageObject","inLanguage":"de","@id":"https:\/\/turijnmagazijn.nl\/de\/produkt\/scheibenwaschanlage-pumpe-acquamist-pumpe-lancia-delta-integral-evo\/#primaryimage","url":"https:\/\/turijnmagazijn.nl\/wp-content\/uploads\/2023\/10\/DS0108960-Ruitensproeierpomp-acquamist-pomp-Lancia-Delta-Integrale-Evo-82439887-3.jpg","contentUrl":"https:\/\/turijnmagazijn.nl\/wp-content\/uploads\/2023\/10\/DS0108960-Ruitensproeierpomp-acquamist-pomp-Lancia-Delta-Integrale-Evo-82439887-3.jpg","width":1024,"height":768},{"@type":"BreadcrumbList","@id":"https:\/\/turijnmagazijn.nl\/de\/produkt\/scheibenwaschanlage-pumpe-acquamist-pumpe-lancia-delta-integral-evo\/#breadcrumb","itemListElement":[{"@type":"ListItem","position":1,"name":"Home","item":"https:\/\/turijnmagazijn.nl\/de\/"},{"@type":"ListItem","position":2,"name":"Produkte","item":"https:\/\/turijnmagazijn.nl\/de\/shop\/"},{"@type":"ListItem","position":3,"name":"Spr\u00fchpumpe Acquamist Pumpe Lancia Delta Integrale Evo"}]},{"@type":"WebSite","@id":"https:\/\/turijnmagazijn.jumpstone-dev.nl\/#website","url":"https:\/\/turijnmagazijn.jumpstone-dev.nl\/","name":"Turijnmagazijn","description":"Onderdelen nieuw en gebruikt - Fiat &amp; Lancia","publisher":{"@id":"https:\/\/turijnmagazijn.jumpstone-dev.nl\/#organization"},"potentialAction":[{"@type":"SearchAction","target":{"@type":"EntryPoint","urlTemplate":"https:\/\/turijnmagazijn.jumpstone-dev.nl\/?s={search_term_string}"},"query-input":{"@type":"PropertyValueSpecification","valueRequired":true,"valueName":"search_term_string"}}],"inLanguage":"de"},{"@type":"Organization","@id":"https:\/\/turijnmagazijn.jumpstone-dev.nl\/#organization","name":"Turijnmagazijn","url":"https:\/\/turijnmagazijn.jumpstone-dev.nl\/","logo":{"@type":"ImageObject","inLanguage":"de","@id":"https:\/\/turijnmagazijn.jumpstone-dev.nl\/#\/schema\/logo\/image\/","url":"https:\/\/turijnmagazijn.nl\/wp-content\/uploads\/2021\/02\/turijnmagazijnlogo.png","contentUrl":"https:\/\/turijnmagazijn.nl\/wp-content\/uploads\/2021\/02\/turijnmagazijnlogo.png","width":555,"height":270,"caption":"Turijnmagazijn"},"image":{"@id":"https:\/\/turijnmagazijn.jumpstone-dev.nl\/#\/schema\/logo\/image\/"},"sameAs":["https:\/\/www.facebook.com\/turijnmagazijn"]}]}},"_links":{"self":[{"href":"https:\/\/turijnmagazijn.nl\/de\/wp-json\/wp\/v2\/product\/71397","targetHints":{"allow":["GET"]}}],"collection":[{"href":"https:\/\/turijnmagazijn.nl\/de\/wp-json\/wp\/v2\/product"}],"about":[{"href":"https:\/\/turijnmagazijn.nl\/de\/wp-json\/wp\/v2\/types\/product"}],"replies":[{"embeddable":true,"href":"https:\/\/turijnmagazijn.nl\/de\/wp-json\/wp\/v2\/comments?post=71397"}],"wp:featuredmedia":[{"embeddable":true,"href":"https:\/\/turijnmagazijn.nl\/de\/wp-json\/wp\/v2\/media\/74292"}],"wp:attachment":[{"href":"https:\/\/turijnmagazijn.nl\/de\/wp-json\/wp\/v2\/media?parent=71397"}],"wp:term":[{"taxonomy":"product_brand","embeddable":true,"href":"https:\/\/turijnmagazijn.nl\/de\/wp-json\/wp\/v2\/product_brand?post=71397"},{"taxonomy":"product_cat","embeddable":true,"href":"https:\/\/turijnmagazijn.nl\/de\/wp-json\/wp\/v2\/product_cat?post=71397"},{"taxonomy":"product_tag","embeddable":true,"href":"https:\/\/turijnmagazijn.nl\/de\/wp-json\/wp\/v2\/product_tag?post=71397"}],"curies":[{"name":"wp","href":"https:\/\/api.w.org\/{rel}","templated":true}]}}