{"id":71430,"date":"2023-08-26T17:31:13","date_gmt":"2023-08-26T15:31:13","guid":{"rendered":"https:\/\/turijnmagazijn.nl\/product\/deckel-innenbeleuchtung-zentraleinheit-decke-ohne-fernbedienung-lancia-kappa\/"},"modified":"2024-04-28T19:37:02","modified_gmt":"2024-04-28T17:37:02","slug":"deckel-innenbeleuchtung-zentrale-decke-ohne-fernbedienung-lancia-kappa","status":"publish","type":"product","link":"https:\/\/turijnmagazijn.nl\/de\/produkt\/deckel-innenbeleuchtung-zentrale-decke-ohne-fernbedienung-lancia-kappa\/","title":{"rendered":"Deckel Innenbeleuchtung Zentraleinheit Decke ohne Fernbedienung Lancia Kappa"},"content":{"rendered":"<p>Gebrauchter Deckel f\u00fcr die Deckenleuchte Innenbeleuchtung zur Montage im Himmel von Lancia Kappa. Von einer Limousine aus dem Jahr 1995. Der Deckel ist nicht mit einem optischen Sensor f\u00fcr die Alarmanlage ausgestattet, so dass er nur an einem Auto ohne Zentralt\u00fcrverriegelung mit Fernbedienung und ohne Werksalarmanlage verwendet werden kann. Dieses Ger\u00e4t befindet sich in einem gepflegten Zustand. OEM-Nummer Lancia 177253161<\/p>\n","protected":false},"excerpt":{"rendered":"<p>177253161 Gebrauchter Deckel f\u00fcr die Deckenleuchte Innenbeleuchtung zur Montage im Himmel von Lancia Kappa. Von einer Limousine aus dem Jahr 1995. Der Deckel ist nicht mit optischen<\/p>\n","protected":false},"featured_media":72005,"comment_status":"open","ping_status":"closed","template":"","meta":{"_acf_changed":false},"product_brand":[],"product_cat":[1864,1867,1859,1869],"product_tag":[],"class_list":{"0":"post-71430","1":"product","2":"type-product","3":"status-publish","4":"has-post-thumbnail","6":"product_cat-berlina-de","7":"product_cat-coupe-de","8":"product_cat-kappa-838-de","9":"product_cat-sw-de","10":"pa_soort-onderdeel-beleuchtung","12":"first","13":"instock","14":"shipping-taxable","15":"purchasable","16":"product-type-simple"},"acf":[],"yoast_head":"<!-- This site is optimized with the Yoast SEO plugin v27.2 - https:\/\/yoast.com\/product\/yoast-seo-wordpress\/ -->\n<title>Deckel Innenbeleuchtung Zentraleinheit Decke ohne Fernbedienung Lancia Kappa - Turijnmagazijn<\/title>\n<meta name=\"robots\" content=\"index, follow, max-snippet:-1, max-image-preview:large, max-video-preview:-1\" \/>\n<link rel=\"canonical\" href=\"https:\/\/turijnmagazijn.nl\/de\/produkt\/deckel-innenbeleuchtung-zentrale-decke-ohne-fernbedienung-lancia-kappa\/\" \/>\n<meta property=\"og:locale\" content=\"de_DE\" \/>\n<meta property=\"og:type\" content=\"article\" \/>\n<meta property=\"og:title\" content=\"Deckel Innenbeleuchtung Zentraleinheit Decke ohne Fernbedienung Lancia Kappa - Turijnmagazijn\" \/>\n<meta property=\"og:description\" content=\"177253161 Gebrauchter Deckel f\u00fcr die Deckenleuchte Innenbeleuchtung zur Montage im Himmel von Lancia Kappa. Von einer Limousine aus dem Jahr 1995. Der Deckel ist nicht mit optischen\" \/>\n<meta property=\"og:url\" content=\"https:\/\/turijnmagazijn.nl\/de\/produkt\/deckel-innenbeleuchtung-zentrale-decke-ohne-fernbedienung-lancia-kappa\/\" \/>\n<meta property=\"og:site_name\" content=\"Turijnmagazijn\" \/>\n<meta property=\"article:publisher\" content=\"https:\/\/www.facebook.com\/turijnmagazijn\" \/>\n<meta property=\"article:modified_time\" content=\"2024-04-28T17:37:02+00:00\" \/>\n<meta property=\"og:image\" content=\"https:\/\/turijnmagazijn.nl\/wp-content\/uploads\/2023\/08\/DK0102646-Deksel-Interieurverlichting-centrale-unit-plafond-zonder-afstandbediening-Lancia-Kappa-177253161-3.jpg\" \/>\n\t<meta property=\"og:image:width\" content=\"1024\" \/>\n\t<meta property=\"og:image:height\" content=\"768\" \/>\n\t<meta property=\"og:image:type\" content=\"image\/jpeg\" \/>\n<meta name=\"twitter:card\" content=\"summary_large_image\" \/>\n<script type=\"application\/ld+json\" class=\"yoast-schema-graph\">{\"@context\":\"https:\/\/schema.org\",\"@graph\":[{\"@type\":\"WebPage\",\"@id\":\"https:\/\/turijnmagazijn.nl\/de\/produkt\/deckel-innenbeleuchtung-zentrale-decke-ohne-fernbedienung-lancia-kappa\/\",\"url\":\"https:\/\/turijnmagazijn.nl\/de\/produkt\/deckel-innenbeleuchtung-zentrale-decke-ohne-fernbedienung-lancia-kappa\/\",\"name\":\"Deckel Innenbeleuchtung Zentraleinheit Decke ohne Fernbedienung Lancia Kappa - Turijnmagazijn\",\"isPartOf\":{\"@id\":\"https:\/\/turijnmagazijn.jumpstone-dev.nl\/#website\"},\"primaryImageOfPage\":{\"@id\":\"https:\/\/turijnmagazijn.nl\/de\/produkt\/deckel-innenbeleuchtung-zentrale-decke-ohne-fernbedienung-lancia-kappa\/#primaryimage\"},\"image\":{\"@id\":\"https:\/\/turijnmagazijn.nl\/de\/produkt\/deckel-innenbeleuchtung-zentrale-decke-ohne-fernbedienung-lancia-kappa\/#primaryimage\"},\"thumbnailUrl\":\"https:\/\/turijnmagazijn.nl\/wp-content\/uploads\/2023\/08\/DK0102646-Deksel-Interieurverlichting-centrale-unit-plafond-zonder-afstandbediening-Lancia-Kappa-177253161-3.jpg\",\"datePublished\":\"2023-08-26T15:31:13+00:00\",\"dateModified\":\"2024-04-28T17:37:02+00:00\",\"breadcrumb\":{\"@id\":\"https:\/\/turijnmagazijn.nl\/de\/produkt\/deckel-innenbeleuchtung-zentrale-decke-ohne-fernbedienung-lancia-kappa\/#breadcrumb\"},\"inLanguage\":\"de\",\"potentialAction\":[{\"@type\":\"ReadAction\",\"target\":[\"https:\/\/turijnmagazijn.nl\/de\/produkt\/deckel-innenbeleuchtung-zentrale-decke-ohne-fernbedienung-lancia-kappa\/\"]}]},{\"@type\":\"ImageObject\",\"inLanguage\":\"de\",\"@id\":\"https:\/\/turijnmagazijn.nl\/de\/produkt\/deckel-innenbeleuchtung-zentrale-decke-ohne-fernbedienung-lancia-kappa\/#primaryimage\",\"url\":\"https:\/\/turijnmagazijn.nl\/wp-content\/uploads\/2023\/08\/DK0102646-Deksel-Interieurverlichting-centrale-unit-plafond-zonder-afstandbediening-Lancia-Kappa-177253161-3.jpg\",\"contentUrl\":\"https:\/\/turijnmagazijn.nl\/wp-content\/uploads\/2023\/08\/DK0102646-Deksel-Interieurverlichting-centrale-unit-plafond-zonder-afstandbediening-Lancia-Kappa-177253161-3.jpg\",\"width\":1024,\"height\":768},{\"@type\":\"BreadcrumbList\",\"@id\":\"https:\/\/turijnmagazijn.nl\/de\/produkt\/deckel-innenbeleuchtung-zentrale-decke-ohne-fernbedienung-lancia-kappa\/#breadcrumb\",\"itemListElement\":[{\"@type\":\"ListItem\",\"position\":1,\"name\":\"Home\",\"item\":\"https:\/\/turijnmagazijn.jumpstone-dev.nl\/\"},{\"@type\":\"ListItem\",\"position\":2,\"name\":\"Produkte\",\"item\":\"https:\/\/turijnmagazijn.nl\/de\/shop\/\"},{\"@type\":\"ListItem\",\"position\":3,\"name\":\"Deckel Innenbeleuchtung Zentraleinheit Decke ohne Fernbedienung Lancia Kappa\"}]},{\"@type\":\"WebSite\",\"@id\":\"https:\/\/turijnmagazijn.jumpstone-dev.nl\/#website\",\"url\":\"https:\/\/turijnmagazijn.jumpstone-dev.nl\/\",\"name\":\"Turijnmagazijn\",\"description\":\"Onderdelen nieuw en gebruikt - Fiat &amp; Lancia\",\"publisher\":{\"@id\":\"https:\/\/turijnmagazijn.jumpstone-dev.nl\/#organization\"},\"potentialAction\":[{\"@type\":\"SearchAction\",\"target\":{\"@type\":\"EntryPoint\",\"urlTemplate\":\"https:\/\/turijnmagazijn.jumpstone-dev.nl\/?s={search_term_string}\"},\"query-input\":{\"@type\":\"PropertyValueSpecification\",\"valueRequired\":true,\"valueName\":\"search_term_string\"}}],\"inLanguage\":\"de\"},{\"@type\":\"Organization\",\"@id\":\"https:\/\/turijnmagazijn.jumpstone-dev.nl\/#organization\",\"name\":\"Turijnmagazijn\",\"url\":\"https:\/\/turijnmagazijn.jumpstone-dev.nl\/\",\"logo\":{\"@type\":\"ImageObject\",\"inLanguage\":\"de\",\"@id\":\"https:\/\/turijnmagazijn.jumpstone-dev.nl\/#\/schema\/logo\/image\/\",\"url\":\"https:\/\/turijnmagazijn.nl\/wp-content\/uploads\/2021\/02\/turijnmagazijnlogo.png\",\"contentUrl\":\"https:\/\/turijnmagazijn.nl\/wp-content\/uploads\/2021\/02\/turijnmagazijnlogo.png\",\"width\":555,\"height\":270,\"caption\":\"Turijnmagazijn\"},\"image\":{\"@id\":\"https:\/\/turijnmagazijn.jumpstone-dev.nl\/#\/schema\/logo\/image\/\"},\"sameAs\":[\"https:\/\/www.facebook.com\/turijnmagazijn\"]}]}<\/script>\n<!-- \/ Yoast SEO plugin. -->","yoast_head_json":{"title":"Deckel Innenbeleuchtung Zentraleinheit Decke ohne Fernbedienung Lancia Kappa - Turijnmagazijn","robots":{"index":"index","follow":"follow","max-snippet":"max-snippet:-1","max-image-preview":"max-image-preview:large","max-video-preview":"max-video-preview:-1"},"canonical":"https:\/\/turijnmagazijn.nl\/de\/produkt\/deckel-innenbeleuchtung-zentrale-decke-ohne-fernbedienung-lancia-kappa\/","og_locale":"de_DE","og_type":"article","og_title":"Deckel Innenbeleuchtung Zentraleinheit Decke ohne Fernbedienung Lancia Kappa - Turijnmagazijn","og_description":"177253161 Gebrauchter Deckel f\u00fcr die Deckenleuchte Innenbeleuchtung zur Montage im Himmel von Lancia Kappa. Von einer Limousine aus dem Jahr 1995. Der Deckel ist nicht mit optischen","og_url":"https:\/\/turijnmagazijn.nl\/de\/produkt\/deckel-innenbeleuchtung-zentrale-decke-ohne-fernbedienung-lancia-kappa\/","og_site_name":"Turijnmagazijn","article_publisher":"https:\/\/www.facebook.com\/turijnmagazijn","article_modified_time":"2024-04-28T17:37:02+00:00","og_image":[{"width":1024,"height":768,"url":"https:\/\/turijnmagazijn.nl\/wp-content\/uploads\/2023\/08\/DK0102646-Deksel-Interieurverlichting-centrale-unit-plafond-zonder-afstandbediening-Lancia-Kappa-177253161-3.jpg","type":"image\/jpeg"}],"twitter_card":"summary_large_image","schema":{"@context":"https:\/\/schema.org","@graph":[{"@type":"WebPage","@id":"https:\/\/turijnmagazijn.nl\/de\/produkt\/deckel-innenbeleuchtung-zentrale-decke-ohne-fernbedienung-lancia-kappa\/","url":"https:\/\/turijnmagazijn.nl\/de\/produkt\/deckel-innenbeleuchtung-zentrale-decke-ohne-fernbedienung-lancia-kappa\/","name":"Deckel Innenbeleuchtung Zentraleinheit Decke ohne Fernbedienung Lancia Kappa - Turijnmagazijn","isPartOf":{"@id":"https:\/\/turijnmagazijn.jumpstone-dev.nl\/#website"},"primaryImageOfPage":{"@id":"https:\/\/turijnmagazijn.nl\/de\/produkt\/deckel-innenbeleuchtung-zentrale-decke-ohne-fernbedienung-lancia-kappa\/#primaryimage"},"image":{"@id":"https:\/\/turijnmagazijn.nl\/de\/produkt\/deckel-innenbeleuchtung-zentrale-decke-ohne-fernbedienung-lancia-kappa\/#primaryimage"},"thumbnailUrl":"https:\/\/turijnmagazijn.nl\/wp-content\/uploads\/2023\/08\/DK0102646-Deksel-Interieurverlichting-centrale-unit-plafond-zonder-afstandbediening-Lancia-Kappa-177253161-3.jpg","datePublished":"2023-08-26T15:31:13+00:00","dateModified":"2024-04-28T17:37:02+00:00","breadcrumb":{"@id":"https:\/\/turijnmagazijn.nl\/de\/produkt\/deckel-innenbeleuchtung-zentrale-decke-ohne-fernbedienung-lancia-kappa\/#breadcrumb"},"inLanguage":"de","potentialAction":[{"@type":"ReadAction","target":["https:\/\/turijnmagazijn.nl\/de\/produkt\/deckel-innenbeleuchtung-zentrale-decke-ohne-fernbedienung-lancia-kappa\/"]}]},{"@type":"ImageObject","inLanguage":"de","@id":"https:\/\/turijnmagazijn.nl\/de\/produkt\/deckel-innenbeleuchtung-zentrale-decke-ohne-fernbedienung-lancia-kappa\/#primaryimage","url":"https:\/\/turijnmagazijn.nl\/wp-content\/uploads\/2023\/08\/DK0102646-Deksel-Interieurverlichting-centrale-unit-plafond-zonder-afstandbediening-Lancia-Kappa-177253161-3.jpg","contentUrl":"https:\/\/turijnmagazijn.nl\/wp-content\/uploads\/2023\/08\/DK0102646-Deksel-Interieurverlichting-centrale-unit-plafond-zonder-afstandbediening-Lancia-Kappa-177253161-3.jpg","width":1024,"height":768},{"@type":"BreadcrumbList","@id":"https:\/\/turijnmagazijn.nl\/de\/produkt\/deckel-innenbeleuchtung-zentrale-decke-ohne-fernbedienung-lancia-kappa\/#breadcrumb","itemListElement":[{"@type":"ListItem","position":1,"name":"Home","item":"https:\/\/turijnmagazijn.jumpstone-dev.nl\/"},{"@type":"ListItem","position":2,"name":"Produkte","item":"https:\/\/turijnmagazijn.nl\/de\/shop\/"},{"@type":"ListItem","position":3,"name":"Deckel Innenbeleuchtung Zentraleinheit Decke ohne Fernbedienung Lancia Kappa"}]},{"@type":"WebSite","@id":"https:\/\/turijnmagazijn.jumpstone-dev.nl\/#website","url":"https:\/\/turijnmagazijn.jumpstone-dev.nl\/","name":"Turijnmagazijn","description":"Onderdelen nieuw en gebruikt - Fiat &amp; Lancia","publisher":{"@id":"https:\/\/turijnmagazijn.jumpstone-dev.nl\/#organization"},"potentialAction":[{"@type":"SearchAction","target":{"@type":"EntryPoint","urlTemplate":"https:\/\/turijnmagazijn.jumpstone-dev.nl\/?s={search_term_string}"},"query-input":{"@type":"PropertyValueSpecification","valueRequired":true,"valueName":"search_term_string"}}],"inLanguage":"de"},{"@type":"Organization","@id":"https:\/\/turijnmagazijn.jumpstone-dev.nl\/#organization","name":"Turijnmagazijn","url":"https:\/\/turijnmagazijn.jumpstone-dev.nl\/","logo":{"@type":"ImageObject","inLanguage":"de","@id":"https:\/\/turijnmagazijn.jumpstone-dev.nl\/#\/schema\/logo\/image\/","url":"https:\/\/turijnmagazijn.nl\/wp-content\/uploads\/2021\/02\/turijnmagazijnlogo.png","contentUrl":"https:\/\/turijnmagazijn.nl\/wp-content\/uploads\/2021\/02\/turijnmagazijnlogo.png","width":555,"height":270,"caption":"Turijnmagazijn"},"image":{"@id":"https:\/\/turijnmagazijn.jumpstone-dev.nl\/#\/schema\/logo\/image\/"},"sameAs":["https:\/\/www.facebook.com\/turijnmagazijn"]}]}},"_links":{"self":[{"href":"https:\/\/turijnmagazijn.nl\/de\/wp-json\/wp\/v2\/product\/71430","targetHints":{"allow":["GET"]}}],"collection":[{"href":"https:\/\/turijnmagazijn.nl\/de\/wp-json\/wp\/v2\/product"}],"about":[{"href":"https:\/\/turijnmagazijn.nl\/de\/wp-json\/wp\/v2\/types\/product"}],"replies":[{"embeddable":true,"href":"https:\/\/turijnmagazijn.nl\/de\/wp-json\/wp\/v2\/comments?post=71430"}],"wp:featuredmedia":[{"embeddable":true,"href":"https:\/\/turijnmagazijn.nl\/de\/wp-json\/wp\/v2\/media\/72005"}],"wp:attachment":[{"href":"https:\/\/turijnmagazijn.nl\/de\/wp-json\/wp\/v2\/media?parent=71430"}],"wp:term":[{"taxonomy":"product_brand","embeddable":true,"href":"https:\/\/turijnmagazijn.nl\/de\/wp-json\/wp\/v2\/product_brand?post=71430"},{"taxonomy":"product_cat","embeddable":true,"href":"https:\/\/turijnmagazijn.nl\/de\/wp-json\/wp\/v2\/product_cat?post=71430"},{"taxonomy":"product_tag","embeddable":true,"href":"https:\/\/turijnmagazijn.nl\/de\/wp-json\/wp\/v2\/product_tag?post=71430"}],"curies":[{"name":"wp","href":"https:\/\/api.w.org\/{rel}","templated":true}]}}