{"id":71472,"date":"2023-09-01T21:21:26","date_gmt":"2023-09-01T19:21:26","guid":{"rendered":"https:\/\/turijnmagazijn.nl\/product\/zylinderkopfdichtung-1-1-fire-motor-fiat-panda-cinquecento-seicento\/"},"modified":"2024-04-28T19:37:02","modified_gmt":"2024-04-28T17:37:02","slug":"kopfdichtung-1-1-feuerwehrfahrzeug-fiat-panda-cinquecento-seicento","status":"publish","type":"product","link":"https:\/\/turijnmagazijn.nl\/de\/produkt\/kopfdichtung-1-1-feuerwehrfahrzeug-fiat-panda-cinquecento-seicento\/","title":{"rendered":"Zylinderkopfdichtung 1.1 FIRE Motor Fiat Panda Cinquecento Seicento"},"content":{"rendered":"<p>Neue originale Kopfdichtung aus altem H\u00e4ndlerlager. Gilt f\u00fcr Fahrzeuge, die mit einem 1,1-Liter-FIRE-Motor ausgestattet sind. Gilt f\u00fcr Fiat Panda 1, Fiat Seicento und Fiat Cinquecento. Aufschriften auf der Verpackung: 414556P<\/p>\n<p>CORTECO<\/p>\n<p>Orig<\/p>\n<p>414556P<\/p>\n<p>Cylinder Head Gasket Zylinderkopfdichtung<\/p>\n<p>Guarnizione T.C. Joint De Culasse<\/p>\n<p>FIAT LANCIA CINQUECENTO-PANDA<\/p>\n<p>MOT FEUER<\/p>\n<p>DS0108969<\/p>\n<p>1<\/p>\n<p>PC<\/p>\n<p>20\/13<\/p>\n<p>103554<\/p>\n<p>Zylinderkopfdichtung<\/p>\n<p>358964 145563<\/p>\n<p>Cinquecento (1992-1998)<\/p>\n<p>1.1 SP1Seicento (1938-&#8230;)<\/p>\n<p>1.1 SP<\/p>\n<p>1\/MP1Panda (1985-2003)<\/p>\n<p>1.0\/1.1Nuova Banda (20 VD1.01.06<\/p>\n<p>7640784<\/p>\n<p>016220B<\/p>\n<p>Freudenberg Sealing Technologies<\/p>\n","protected":false},"excerpt":{"rendered":"<p>7640784 Neue originale Kopfdichtung aus altem H\u00e4ndlerlager. Gilt f\u00fcr Fahrzeuge, die mit einem 1,1-Liter-FIRE-Motor ausgestattet sind. Gilt f\u00fcr Fiat Panda 1, Fiat Seicento und Fiat Cinquecento. Aufschriften auf der Verpackung: 414556P<\/p>\n<p>CORTECO<\/p>\n<p>Orig<\/p>\n<p>414556P<\/p>\n<p>Cylinder Head Gasket Zylinderkopfdichtung<\/p>\n<p>Guarnizione T.C. Joint De Culasse<\/p>\n<p>FIAT LANCIA CINQUECENTO-PANDA<\/p>\n<p>MOT FEUER<\/p>\n<p>DS0108969<\/p>\n<p>1<\/p>\n<p>PC<\/p>\n<p>20\/13<\/p>\n<p>103554<\/p>\n<p>Zylinderkopfdichtung<\/p>\n<p>358964 145563<\/p>\n<p>Cinquecento (1992-1998)<\/p>\n<p>1.1 SP1Seicento (1938-&#8230;)<\/p>\n<p>1.1 SP<\/p>\n<p>1\/MP1Panda (1985-2003)<\/p>\n<p>1.0\/1.1Nuova Banda (20 VD1.01.06<\/p>\n<p>7640784<\/p>\n<p>016220B<\/p>\n<p>Freudenberg Sealing Technologies<\/p>\n","protected":false},"featured_media":71944,"comment_status":"open","ping_status":"closed","template":"","meta":{"_acf_changed":false},"product_brand":[],"product_cat":[1715,1689,1743,1760],"product_tag":[],"class_list":{"0":"post-71472","1":"product","2":"type-product","3":"status-publish","4":"has-post-thumbnail","6":"product_cat-cinquecento-170-de","7":"product_cat-fiat-de","8":"product_cat-panda-1-141-de","9":"product_cat-seicento-187-de","10":"pa_soort-onderdeel-motor-und-zubehor","12":"first","13":"instock","14":"shipping-taxable","15":"purchasable","16":"product-type-simple"},"acf":[],"yoast_head":"<!-- This site is optimized with the Yoast SEO plugin v27.2 - https:\/\/yoast.com\/product\/yoast-seo-wordpress\/ -->\n<title>Zylinderkopfdichtung 1.1 FIRE Motor Fiat Panda Cinquecento Seicento - Turijnmagazijn<\/title>\n<meta name=\"robots\" content=\"index, follow, max-snippet:-1, max-image-preview:large, max-video-preview:-1\" \/>\n<link rel=\"canonical\" href=\"https:\/\/turijnmagazijn.nl\/de\/produkt\/kopfdichtung-1-1-feuerwehrfahrzeug-fiat-panda-cinquecento-seicento\/\" \/>\n<meta property=\"og:locale\" content=\"de_DE\" \/>\n<meta property=\"og:type\" content=\"article\" \/>\n<meta property=\"og:title\" content=\"Zylinderkopfdichtung 1.1 FIRE Motor Fiat Panda Cinquecento Seicento - Turijnmagazijn\" \/>\n<meta property=\"og:description\" content=\"7640784 Neue originale Kopfdichtung aus altem H\u00e4ndlerlager. Gilt f\u00fcr Fahrzeuge, die mit einem 1,1-Liter-FIRE-Motor ausgestattet sind. Gilt f\u00fcr Fiat Panda 1, Fiat Seicento und Fiat Cinquecento. Aufschriften auf der Verpackung: 414556P CORTECO Orig 414556P Cylinder Head Gasket Zylinderkopfdichtung Guarnizione T.C. Joint De Culasse FIAT LANCIA CINQUECENTO-PANDA MOT FEUER DS0108969 1 PC 20\/13 103554 Zylinderkopfdichtung 358964 145563 Cinquecento (1992-1998) 1.1 SP1Seicento (1938-...) 1.1 SP 1\/MP1Panda (1985-2003) 1.0\/1.1Nuova Banda (20 VD1.01.06 7640784 016220B Freudenberg Sealing Technologies\" \/>\n<meta property=\"og:url\" content=\"https:\/\/turijnmagazijn.nl\/de\/produkt\/kopfdichtung-1-1-feuerwehrfahrzeug-fiat-panda-cinquecento-seicento\/\" \/>\n<meta property=\"og:site_name\" content=\"Turijnmagazijn\" \/>\n<meta property=\"article:publisher\" content=\"https:\/\/www.facebook.com\/turijnmagazijn\" \/>\n<meta property=\"article:modified_time\" content=\"2024-04-28T17:37:02+00:00\" \/>\n<meta property=\"og:image\" content=\"https:\/\/turijnmagazijn.nl\/wp-content\/uploads\/2023\/09\/DS0108969-Koppakking-1.1-FIRE-motor-Fiat-Panda-Cinquecento-Seicento-7640784-1.jpg\" \/>\n\t<meta property=\"og:image:width\" content=\"1024\" \/>\n\t<meta property=\"og:image:height\" content=\"768\" \/>\n\t<meta property=\"og:image:type\" content=\"image\/jpeg\" \/>\n<meta name=\"twitter:card\" content=\"summary_large_image\" \/>\n<script type=\"application\/ld+json\" class=\"yoast-schema-graph\">{\"@context\":\"https:\/\/schema.org\",\"@graph\":[{\"@type\":\"WebPage\",\"@id\":\"https:\/\/turijnmagazijn.nl\/de\/produkt\/kopfdichtung-1-1-feuerwehrfahrzeug-fiat-panda-cinquecento-seicento\/\",\"url\":\"https:\/\/turijnmagazijn.nl\/de\/produkt\/kopfdichtung-1-1-feuerwehrfahrzeug-fiat-panda-cinquecento-seicento\/\",\"name\":\"Zylinderkopfdichtung 1.1 FIRE Motor Fiat Panda Cinquecento Seicento - Turijnmagazijn\",\"isPartOf\":{\"@id\":\"https:\/\/turijnmagazijn.jumpstone-dev.nl\/#website\"},\"primaryImageOfPage\":{\"@id\":\"https:\/\/turijnmagazijn.nl\/de\/produkt\/kopfdichtung-1-1-feuerwehrfahrzeug-fiat-panda-cinquecento-seicento\/#primaryimage\"},\"image\":{\"@id\":\"https:\/\/turijnmagazijn.nl\/de\/produkt\/kopfdichtung-1-1-feuerwehrfahrzeug-fiat-panda-cinquecento-seicento\/#primaryimage\"},\"thumbnailUrl\":\"https:\/\/turijnmagazijn.nl\/wp-content\/uploads\/2023\/09\/DS0108969-Koppakking-1.1-FIRE-motor-Fiat-Panda-Cinquecento-Seicento-7640784-1.jpg\",\"datePublished\":\"2023-09-01T19:21:26+00:00\",\"dateModified\":\"2024-04-28T17:37:02+00:00\",\"breadcrumb\":{\"@id\":\"https:\/\/turijnmagazijn.nl\/de\/produkt\/kopfdichtung-1-1-feuerwehrfahrzeug-fiat-panda-cinquecento-seicento\/#breadcrumb\"},\"inLanguage\":\"de\",\"potentialAction\":[{\"@type\":\"ReadAction\",\"target\":[\"https:\/\/turijnmagazijn.nl\/de\/produkt\/kopfdichtung-1-1-feuerwehrfahrzeug-fiat-panda-cinquecento-seicento\/\"]}]},{\"@type\":\"ImageObject\",\"inLanguage\":\"de\",\"@id\":\"https:\/\/turijnmagazijn.nl\/de\/produkt\/kopfdichtung-1-1-feuerwehrfahrzeug-fiat-panda-cinquecento-seicento\/#primaryimage\",\"url\":\"https:\/\/turijnmagazijn.nl\/wp-content\/uploads\/2023\/09\/DS0108969-Koppakking-1.1-FIRE-motor-Fiat-Panda-Cinquecento-Seicento-7640784-1.jpg\",\"contentUrl\":\"https:\/\/turijnmagazijn.nl\/wp-content\/uploads\/2023\/09\/DS0108969-Koppakking-1.1-FIRE-motor-Fiat-Panda-Cinquecento-Seicento-7640784-1.jpg\",\"width\":1024,\"height\":768},{\"@type\":\"BreadcrumbList\",\"@id\":\"https:\/\/turijnmagazijn.nl\/de\/produkt\/kopfdichtung-1-1-feuerwehrfahrzeug-fiat-panda-cinquecento-seicento\/#breadcrumb\",\"itemListElement\":[{\"@type\":\"ListItem\",\"position\":1,\"name\":\"Home\",\"item\":\"https:\/\/turijnmagazijn.nl\/de\/\"},{\"@type\":\"ListItem\",\"position\":2,\"name\":\"Produkte\",\"item\":\"https:\/\/turijnmagazijn.nl\/de\/shop\/\"},{\"@type\":\"ListItem\",\"position\":3,\"name\":\"Zylinderkopfdichtung 1.1 FIRE Motor Fiat Panda Cinquecento Seicento\"}]},{\"@type\":\"WebSite\",\"@id\":\"https:\/\/turijnmagazijn.jumpstone-dev.nl\/#website\",\"url\":\"https:\/\/turijnmagazijn.jumpstone-dev.nl\/\",\"name\":\"Turijnmagazijn\",\"description\":\"Onderdelen nieuw en gebruikt - Fiat &amp; Lancia\",\"publisher\":{\"@id\":\"https:\/\/turijnmagazijn.jumpstone-dev.nl\/#organization\"},\"potentialAction\":[{\"@type\":\"SearchAction\",\"target\":{\"@type\":\"EntryPoint\",\"urlTemplate\":\"https:\/\/turijnmagazijn.jumpstone-dev.nl\/?s={search_term_string}\"},\"query-input\":{\"@type\":\"PropertyValueSpecification\",\"valueRequired\":true,\"valueName\":\"search_term_string\"}}],\"inLanguage\":\"de\"},{\"@type\":\"Organization\",\"@id\":\"https:\/\/turijnmagazijn.jumpstone-dev.nl\/#organization\",\"name\":\"Turijnmagazijn\",\"url\":\"https:\/\/turijnmagazijn.jumpstone-dev.nl\/\",\"logo\":{\"@type\":\"ImageObject\",\"inLanguage\":\"de\",\"@id\":\"https:\/\/turijnmagazijn.jumpstone-dev.nl\/#\/schema\/logo\/image\/\",\"url\":\"https:\/\/turijnmagazijn.nl\/wp-content\/uploads\/2021\/02\/turijnmagazijnlogo.png\",\"contentUrl\":\"https:\/\/turijnmagazijn.nl\/wp-content\/uploads\/2021\/02\/turijnmagazijnlogo.png\",\"width\":555,\"height\":270,\"caption\":\"Turijnmagazijn\"},\"image\":{\"@id\":\"https:\/\/turijnmagazijn.jumpstone-dev.nl\/#\/schema\/logo\/image\/\"},\"sameAs\":[\"https:\/\/www.facebook.com\/turijnmagazijn\"]}]}<\/script>\n<!-- \/ Yoast SEO plugin. -->","yoast_head_json":{"title":"Zylinderkopfdichtung 1.1 FIRE Motor Fiat Panda Cinquecento Seicento - Turijnmagazijn","robots":{"index":"index","follow":"follow","max-snippet":"max-snippet:-1","max-image-preview":"max-image-preview:large","max-video-preview":"max-video-preview:-1"},"canonical":"https:\/\/turijnmagazijn.nl\/de\/produkt\/kopfdichtung-1-1-feuerwehrfahrzeug-fiat-panda-cinquecento-seicento\/","og_locale":"de_DE","og_type":"article","og_title":"Zylinderkopfdichtung 1.1 FIRE Motor Fiat Panda Cinquecento Seicento - Turijnmagazijn","og_description":"7640784 Neue originale Kopfdichtung aus altem H\u00e4ndlerlager. Gilt f\u00fcr Fahrzeuge, die mit einem 1,1-Liter-FIRE-Motor ausgestattet sind. Gilt f\u00fcr Fiat Panda 1, Fiat Seicento und Fiat Cinquecento. Aufschriften auf der Verpackung: 414556P CORTECO Orig 414556P Cylinder Head Gasket Zylinderkopfdichtung Guarnizione T.C. Joint De Culasse FIAT LANCIA CINQUECENTO-PANDA MOT FEUER DS0108969 1 PC 20\/13 103554 Zylinderkopfdichtung 358964 145563 Cinquecento (1992-1998) 1.1 SP1Seicento (1938-...) 1.1 SP 1\/MP1Panda (1985-2003) 1.0\/1.1Nuova Banda (20 VD1.01.06 7640784 016220B Freudenberg Sealing Technologies","og_url":"https:\/\/turijnmagazijn.nl\/de\/produkt\/kopfdichtung-1-1-feuerwehrfahrzeug-fiat-panda-cinquecento-seicento\/","og_site_name":"Turijnmagazijn","article_publisher":"https:\/\/www.facebook.com\/turijnmagazijn","article_modified_time":"2024-04-28T17:37:02+00:00","og_image":[{"width":1024,"height":768,"url":"https:\/\/turijnmagazijn.nl\/wp-content\/uploads\/2023\/09\/DS0108969-Koppakking-1.1-FIRE-motor-Fiat-Panda-Cinquecento-Seicento-7640784-1.jpg","type":"image\/jpeg"}],"twitter_card":"summary_large_image","schema":{"@context":"https:\/\/schema.org","@graph":[{"@type":"WebPage","@id":"https:\/\/turijnmagazijn.nl\/de\/produkt\/kopfdichtung-1-1-feuerwehrfahrzeug-fiat-panda-cinquecento-seicento\/","url":"https:\/\/turijnmagazijn.nl\/de\/produkt\/kopfdichtung-1-1-feuerwehrfahrzeug-fiat-panda-cinquecento-seicento\/","name":"Zylinderkopfdichtung 1.1 FIRE Motor Fiat Panda Cinquecento Seicento - Turijnmagazijn","isPartOf":{"@id":"https:\/\/turijnmagazijn.jumpstone-dev.nl\/#website"},"primaryImageOfPage":{"@id":"https:\/\/turijnmagazijn.nl\/de\/produkt\/kopfdichtung-1-1-feuerwehrfahrzeug-fiat-panda-cinquecento-seicento\/#primaryimage"},"image":{"@id":"https:\/\/turijnmagazijn.nl\/de\/produkt\/kopfdichtung-1-1-feuerwehrfahrzeug-fiat-panda-cinquecento-seicento\/#primaryimage"},"thumbnailUrl":"https:\/\/turijnmagazijn.nl\/wp-content\/uploads\/2023\/09\/DS0108969-Koppakking-1.1-FIRE-motor-Fiat-Panda-Cinquecento-Seicento-7640784-1.jpg","datePublished":"2023-09-01T19:21:26+00:00","dateModified":"2024-04-28T17:37:02+00:00","breadcrumb":{"@id":"https:\/\/turijnmagazijn.nl\/de\/produkt\/kopfdichtung-1-1-feuerwehrfahrzeug-fiat-panda-cinquecento-seicento\/#breadcrumb"},"inLanguage":"de","potentialAction":[{"@type":"ReadAction","target":["https:\/\/turijnmagazijn.nl\/de\/produkt\/kopfdichtung-1-1-feuerwehrfahrzeug-fiat-panda-cinquecento-seicento\/"]}]},{"@type":"ImageObject","inLanguage":"de","@id":"https:\/\/turijnmagazijn.nl\/de\/produkt\/kopfdichtung-1-1-feuerwehrfahrzeug-fiat-panda-cinquecento-seicento\/#primaryimage","url":"https:\/\/turijnmagazijn.nl\/wp-content\/uploads\/2023\/09\/DS0108969-Koppakking-1.1-FIRE-motor-Fiat-Panda-Cinquecento-Seicento-7640784-1.jpg","contentUrl":"https:\/\/turijnmagazijn.nl\/wp-content\/uploads\/2023\/09\/DS0108969-Koppakking-1.1-FIRE-motor-Fiat-Panda-Cinquecento-Seicento-7640784-1.jpg","width":1024,"height":768},{"@type":"BreadcrumbList","@id":"https:\/\/turijnmagazijn.nl\/de\/produkt\/kopfdichtung-1-1-feuerwehrfahrzeug-fiat-panda-cinquecento-seicento\/#breadcrumb","itemListElement":[{"@type":"ListItem","position":1,"name":"Home","item":"https:\/\/turijnmagazijn.nl\/de\/"},{"@type":"ListItem","position":2,"name":"Produkte","item":"https:\/\/turijnmagazijn.nl\/de\/shop\/"},{"@type":"ListItem","position":3,"name":"Zylinderkopfdichtung 1.1 FIRE Motor Fiat Panda Cinquecento Seicento"}]},{"@type":"WebSite","@id":"https:\/\/turijnmagazijn.jumpstone-dev.nl\/#website","url":"https:\/\/turijnmagazijn.jumpstone-dev.nl\/","name":"Turijnmagazijn","description":"Onderdelen nieuw en gebruikt - Fiat &amp; Lancia","publisher":{"@id":"https:\/\/turijnmagazijn.jumpstone-dev.nl\/#organization"},"potentialAction":[{"@type":"SearchAction","target":{"@type":"EntryPoint","urlTemplate":"https:\/\/turijnmagazijn.jumpstone-dev.nl\/?s={search_term_string}"},"query-input":{"@type":"PropertyValueSpecification","valueRequired":true,"valueName":"search_term_string"}}],"inLanguage":"de"},{"@type":"Organization","@id":"https:\/\/turijnmagazijn.jumpstone-dev.nl\/#organization","name":"Turijnmagazijn","url":"https:\/\/turijnmagazijn.jumpstone-dev.nl\/","logo":{"@type":"ImageObject","inLanguage":"de","@id":"https:\/\/turijnmagazijn.jumpstone-dev.nl\/#\/schema\/logo\/image\/","url":"https:\/\/turijnmagazijn.nl\/wp-content\/uploads\/2021\/02\/turijnmagazijnlogo.png","contentUrl":"https:\/\/turijnmagazijn.nl\/wp-content\/uploads\/2021\/02\/turijnmagazijnlogo.png","width":555,"height":270,"caption":"Turijnmagazijn"},"image":{"@id":"https:\/\/turijnmagazijn.jumpstone-dev.nl\/#\/schema\/logo\/image\/"},"sameAs":["https:\/\/www.facebook.com\/turijnmagazijn"]}]}},"_links":{"self":[{"href":"https:\/\/turijnmagazijn.nl\/de\/wp-json\/wp\/v2\/product\/71472","targetHints":{"allow":["GET"]}}],"collection":[{"href":"https:\/\/turijnmagazijn.nl\/de\/wp-json\/wp\/v2\/product"}],"about":[{"href":"https:\/\/turijnmagazijn.nl\/de\/wp-json\/wp\/v2\/types\/product"}],"replies":[{"embeddable":true,"href":"https:\/\/turijnmagazijn.nl\/de\/wp-json\/wp\/v2\/comments?post=71472"}],"wp:featuredmedia":[{"embeddable":true,"href":"https:\/\/turijnmagazijn.nl\/de\/wp-json\/wp\/v2\/media\/71944"}],"wp:attachment":[{"href":"https:\/\/turijnmagazijn.nl\/de\/wp-json\/wp\/v2\/media?parent=71472"}],"wp:term":[{"taxonomy":"product_brand","embeddable":true,"href":"https:\/\/turijnmagazijn.nl\/de\/wp-json\/wp\/v2\/product_brand?post=71472"},{"taxonomy":"product_cat","embeddable":true,"href":"https:\/\/turijnmagazijn.nl\/de\/wp-json\/wp\/v2\/product_cat?post=71472"},{"taxonomy":"product_tag","embeddable":true,"href":"https:\/\/turijnmagazijn.nl\/de\/wp-json\/wp\/v2\/product_tag?post=71472"}],"curies":[{"name":"wp","href":"https:\/\/api.w.org\/{rel}","templated":true}]}}