{"id":73874,"date":"2023-09-10T22:24:44","date_gmt":"2023-09-10T20:24:44","guid":{"rendered":"https:\/\/turijnmagazijn.nl\/product\/sitzmotor-staenderverstellung-lancia-kappa-coup\/"},"modified":"2023-09-10T22:24:44","modified_gmt":"2023-09-10T20:24:44","slug":"stuhl-motor-ruckenstander-verstellung-lancia-kappa-coup","status":"publish","type":"product","link":"https:\/\/turijnmagazijn.nl\/de\/produkt\/stuhl-motor-ruckenstander-verstellung-lancia-kappa-coup\/","title":{"rendered":"Sitzmotor St\u00e4nderverstellung Lancia Kappa Coup?"},"content":{"rendered":"<p>Gebrauchter Stuhlmotor der Marke Bosch, um die Position der R\u00fcckenlehne zu ver\u00e4ndern. Von einem elektrisch verstellbaren Sitz des Lancia Kappa Coup der ersten Serie kommend? mit Poltona Frau St\u00fchlen. Bosch AHP 12 V 0390206605 30503305. In gutem gebrauchten Zustand. Gepr\u00fcft auf korrekte Funktion. Ausgestattet mit wei\u00dfem zweipoligem Anschlussstecker.<\/p>\n","protected":false},"excerpt":{"rendered":"<p>71712751 Gebrauchter Stuhlmotor der Marke Bosch zur Ver\u00e4nderung der R\u00fcckenlehnenposition. Von einem elektrisch verstellbaren Sitz des Lancia Kappa Coup der ersten Serie kommend? mit Poltona Frau stoele<\/p>\n","protected":false},"featured_media":74738,"comment_status":"open","ping_status":"closed","template":"","meta":{"_acf_changed":false},"product_brand":[],"product_cat":[1864,1867,1859,1797,1869],"product_tag":[],"class_list":{"0":"post-73874","1":"product","2":"type-product","3":"status-publish","4":"has-post-thumbnail","6":"product_cat-berlina-de","7":"product_cat-coupe-de","8":"product_cat-kappa-838-de","9":"product_cat-lancia-de","10":"product_cat-sw-de","11":"pa_soort-onderdeel-interieur-und-polsterung","13":"first","14":"instock","15":"featured","16":"shipping-taxable","17":"purchasable","18":"product-type-simple"},"acf":[],"yoast_head":"<!-- This site is optimized with the Yoast SEO plugin v27.3 - https:\/\/yoast.com\/product\/yoast-seo-wordpress\/ -->\n<title>Sitzmotor St\u00e4nderverstellung Lancia Kappa Coup? - Turijnmagazijn<\/title>\n<meta name=\"robots\" content=\"index, follow, max-snippet:-1, max-image-preview:large, max-video-preview:-1\" \/>\n<link rel=\"canonical\" href=\"https:\/\/turijnmagazijn.nl\/de\/produkt\/stuhl-motor-ruckenstander-verstellung-lancia-kappa-coup\/\" \/>\n<meta property=\"og:locale\" content=\"de_DE\" \/>\n<meta property=\"og:type\" content=\"article\" \/>\n<meta property=\"og:title\" content=\"Sitzmotor St\u00e4nderverstellung Lancia Kappa Coup? - Turijnmagazijn\" \/>\n<meta property=\"og:description\" content=\"71712751 Gebrauchter Stuhlmotor der Marke Bosch zur Ver\u00e4nderung der R\u00fcckenlehnenposition. Von einem elektrisch verstellbaren Sitz des Lancia Kappa Coup der ersten Serie kommend? mit Poltona Frau stoele\" \/>\n<meta property=\"og:url\" content=\"https:\/\/turijnmagazijn.nl\/de\/produkt\/stuhl-motor-ruckenstander-verstellung-lancia-kappa-coup\/\" \/>\n<meta property=\"og:site_name\" content=\"Turijnmagazijn\" \/>\n<meta property=\"article:publisher\" content=\"https:\/\/www.facebook.com\/turijnmagazijn\" \/>\n<meta property=\"og:image\" content=\"https:\/\/turijnmagazijn.nl\/wp-content\/uploads\/2023\/10\/DK0102649-Stoel-motor-rug-stand-verstelling-Lancia-Kappa-Coupe-71712751-3.jpg\" \/>\n\t<meta property=\"og:image:width\" content=\"1024\" \/>\n\t<meta property=\"og:image:height\" content=\"768\" \/>\n\t<meta property=\"og:image:type\" content=\"image\/jpeg\" \/>\n<meta name=\"twitter:card\" content=\"summary_large_image\" \/>\n<script type=\"application\/ld+json\" class=\"yoast-schema-graph\">{\"@context\":\"https:\\\/\\\/schema.org\",\"@graph\":[{\"@type\":\"WebPage\",\"@id\":\"https:\\\/\\\/turijnmagazijn.nl\\\/de\\\/produkt\\\/stuhl-motor-ruckenstander-verstellung-lancia-kappa-coup\\\/\",\"url\":\"https:\\\/\\\/turijnmagazijn.nl\\\/de\\\/produkt\\\/stuhl-motor-ruckenstander-verstellung-lancia-kappa-coup\\\/\",\"name\":\"Sitzmotor St\u00e4nderverstellung Lancia Kappa Coup? - Turijnmagazijn\",\"isPartOf\":{\"@id\":\"https:\\\/\\\/turijnmagazijn.jumpstone-dev.nl\\\/#website\"},\"primaryImageOfPage\":{\"@id\":\"https:\\\/\\\/turijnmagazijn.nl\\\/de\\\/produkt\\\/stuhl-motor-ruckenstander-verstellung-lancia-kappa-coup\\\/#primaryimage\"},\"image\":{\"@id\":\"https:\\\/\\\/turijnmagazijn.nl\\\/de\\\/produkt\\\/stuhl-motor-ruckenstander-verstellung-lancia-kappa-coup\\\/#primaryimage\"},\"thumbnailUrl\":\"https:\\\/\\\/turijnmagazijn.nl\\\/wp-content\\\/uploads\\\/2023\\\/10\\\/DK0102649-Stoel-motor-rug-stand-verstelling-Lancia-Kappa-Coupe-71712751-3.jpg\",\"datePublished\":\"2023-09-10T20:24:44+00:00\",\"breadcrumb\":{\"@id\":\"https:\\\/\\\/turijnmagazijn.nl\\\/de\\\/produkt\\\/stuhl-motor-ruckenstander-verstellung-lancia-kappa-coup\\\/#breadcrumb\"},\"inLanguage\":\"de\",\"potentialAction\":[{\"@type\":\"ReadAction\",\"target\":[\"https:\\\/\\\/turijnmagazijn.nl\\\/de\\\/produkt\\\/stuhl-motor-ruckenstander-verstellung-lancia-kappa-coup\\\/\"]}]},{\"@type\":\"ImageObject\",\"inLanguage\":\"de\",\"@id\":\"https:\\\/\\\/turijnmagazijn.nl\\\/de\\\/produkt\\\/stuhl-motor-ruckenstander-verstellung-lancia-kappa-coup\\\/#primaryimage\",\"url\":\"https:\\\/\\\/turijnmagazijn.nl\\\/wp-content\\\/uploads\\\/2023\\\/10\\\/DK0102649-Stoel-motor-rug-stand-verstelling-Lancia-Kappa-Coupe-71712751-3.jpg\",\"contentUrl\":\"https:\\\/\\\/turijnmagazijn.nl\\\/wp-content\\\/uploads\\\/2023\\\/10\\\/DK0102649-Stoel-motor-rug-stand-verstelling-Lancia-Kappa-Coupe-71712751-3.jpg\",\"width\":1024,\"height\":768},{\"@type\":\"BreadcrumbList\",\"@id\":\"https:\\\/\\\/turijnmagazijn.nl\\\/de\\\/produkt\\\/stuhl-motor-ruckenstander-verstellung-lancia-kappa-coup\\\/#breadcrumb\",\"itemListElement\":[{\"@type\":\"ListItem\",\"position\":1,\"name\":\"Home\",\"item\":\"https:\\\/\\\/turijnmagazijn.nl\\\/de\\\/\"},{\"@type\":\"ListItem\",\"position\":2,\"name\":\"Produkte\",\"item\":\"https:\\\/\\\/turijnmagazijn.nl\\\/de\\\/shop\\\/\"},{\"@type\":\"ListItem\",\"position\":3,\"name\":\"Sitzmotor St\u00e4nderverstellung Lancia Kappa Coup?\"}]},{\"@type\":\"WebSite\",\"@id\":\"https:\\\/\\\/turijnmagazijn.jumpstone-dev.nl\\\/#website\",\"url\":\"https:\\\/\\\/turijnmagazijn.jumpstone-dev.nl\\\/\",\"name\":\"Turijnmagazijn\",\"description\":\"Onderdelen nieuw en gebruikt - Fiat &amp; Lancia\",\"publisher\":{\"@id\":\"https:\\\/\\\/turijnmagazijn.jumpstone-dev.nl\\\/#organization\"},\"potentialAction\":[{\"@type\":\"SearchAction\",\"target\":{\"@type\":\"EntryPoint\",\"urlTemplate\":\"https:\\\/\\\/turijnmagazijn.jumpstone-dev.nl\\\/?s={search_term_string}\"},\"query-input\":{\"@type\":\"PropertyValueSpecification\",\"valueRequired\":true,\"valueName\":\"search_term_string\"}}],\"inLanguage\":\"de\"},{\"@type\":\"Organization\",\"@id\":\"https:\\\/\\\/turijnmagazijn.jumpstone-dev.nl\\\/#organization\",\"name\":\"Turijnmagazijn\",\"url\":\"https:\\\/\\\/turijnmagazijn.jumpstone-dev.nl\\\/\",\"logo\":{\"@type\":\"ImageObject\",\"inLanguage\":\"de\",\"@id\":\"https:\\\/\\\/turijnmagazijn.jumpstone-dev.nl\\\/#\\\/schema\\\/logo\\\/image\\\/\",\"url\":\"https:\\\/\\\/turijnmagazijn.nl\\\/wp-content\\\/uploads\\\/2021\\\/02\\\/turijnmagazijnlogo.png\",\"contentUrl\":\"https:\\\/\\\/turijnmagazijn.nl\\\/wp-content\\\/uploads\\\/2021\\\/02\\\/turijnmagazijnlogo.png\",\"width\":555,\"height\":270,\"caption\":\"Turijnmagazijn\"},\"image\":{\"@id\":\"https:\\\/\\\/turijnmagazijn.jumpstone-dev.nl\\\/#\\\/schema\\\/logo\\\/image\\\/\"},\"sameAs\":[\"https:\\\/\\\/www.facebook.com\\\/turijnmagazijn\"]}]}<\/script>\n<!-- \/ Yoast SEO plugin. -->","yoast_head_json":{"title":"Sitzmotor St\u00e4nderverstellung Lancia Kappa Coup? - Turijnmagazijn","robots":{"index":"index","follow":"follow","max-snippet":"max-snippet:-1","max-image-preview":"max-image-preview:large","max-video-preview":"max-video-preview:-1"},"canonical":"https:\/\/turijnmagazijn.nl\/de\/produkt\/stuhl-motor-ruckenstander-verstellung-lancia-kappa-coup\/","og_locale":"de_DE","og_type":"article","og_title":"Sitzmotor St\u00e4nderverstellung Lancia Kappa Coup? - Turijnmagazijn","og_description":"71712751 Gebrauchter Stuhlmotor der Marke Bosch zur Ver\u00e4nderung der R\u00fcckenlehnenposition. Von einem elektrisch verstellbaren Sitz des Lancia Kappa Coup der ersten Serie kommend? mit Poltona Frau stoele","og_url":"https:\/\/turijnmagazijn.nl\/de\/produkt\/stuhl-motor-ruckenstander-verstellung-lancia-kappa-coup\/","og_site_name":"Turijnmagazijn","article_publisher":"https:\/\/www.facebook.com\/turijnmagazijn","og_image":[{"width":1024,"height":768,"url":"https:\/\/turijnmagazijn.nl\/wp-content\/uploads\/2023\/10\/DK0102649-Stoel-motor-rug-stand-verstelling-Lancia-Kappa-Coupe-71712751-3.jpg","type":"image\/jpeg"}],"twitter_card":"summary_large_image","schema":{"@context":"https:\/\/schema.org","@graph":[{"@type":"WebPage","@id":"https:\/\/turijnmagazijn.nl\/de\/produkt\/stuhl-motor-ruckenstander-verstellung-lancia-kappa-coup\/","url":"https:\/\/turijnmagazijn.nl\/de\/produkt\/stuhl-motor-ruckenstander-verstellung-lancia-kappa-coup\/","name":"Sitzmotor St\u00e4nderverstellung Lancia Kappa Coup? - Turijnmagazijn","isPartOf":{"@id":"https:\/\/turijnmagazijn.jumpstone-dev.nl\/#website"},"primaryImageOfPage":{"@id":"https:\/\/turijnmagazijn.nl\/de\/produkt\/stuhl-motor-ruckenstander-verstellung-lancia-kappa-coup\/#primaryimage"},"image":{"@id":"https:\/\/turijnmagazijn.nl\/de\/produkt\/stuhl-motor-ruckenstander-verstellung-lancia-kappa-coup\/#primaryimage"},"thumbnailUrl":"https:\/\/turijnmagazijn.nl\/wp-content\/uploads\/2023\/10\/DK0102649-Stoel-motor-rug-stand-verstelling-Lancia-Kappa-Coupe-71712751-3.jpg","datePublished":"2023-09-10T20:24:44+00:00","breadcrumb":{"@id":"https:\/\/turijnmagazijn.nl\/de\/produkt\/stuhl-motor-ruckenstander-verstellung-lancia-kappa-coup\/#breadcrumb"},"inLanguage":"de","potentialAction":[{"@type":"ReadAction","target":["https:\/\/turijnmagazijn.nl\/de\/produkt\/stuhl-motor-ruckenstander-verstellung-lancia-kappa-coup\/"]}]},{"@type":"ImageObject","inLanguage":"de","@id":"https:\/\/turijnmagazijn.nl\/de\/produkt\/stuhl-motor-ruckenstander-verstellung-lancia-kappa-coup\/#primaryimage","url":"https:\/\/turijnmagazijn.nl\/wp-content\/uploads\/2023\/10\/DK0102649-Stoel-motor-rug-stand-verstelling-Lancia-Kappa-Coupe-71712751-3.jpg","contentUrl":"https:\/\/turijnmagazijn.nl\/wp-content\/uploads\/2023\/10\/DK0102649-Stoel-motor-rug-stand-verstelling-Lancia-Kappa-Coupe-71712751-3.jpg","width":1024,"height":768},{"@type":"BreadcrumbList","@id":"https:\/\/turijnmagazijn.nl\/de\/produkt\/stuhl-motor-ruckenstander-verstellung-lancia-kappa-coup\/#breadcrumb","itemListElement":[{"@type":"ListItem","position":1,"name":"Home","item":"https:\/\/turijnmagazijn.nl\/de\/"},{"@type":"ListItem","position":2,"name":"Produkte","item":"https:\/\/turijnmagazijn.nl\/de\/shop\/"},{"@type":"ListItem","position":3,"name":"Sitzmotor St\u00e4nderverstellung Lancia Kappa Coup?"}]},{"@type":"WebSite","@id":"https:\/\/turijnmagazijn.jumpstone-dev.nl\/#website","url":"https:\/\/turijnmagazijn.jumpstone-dev.nl\/","name":"Turijnmagazijn","description":"Onderdelen nieuw en gebruikt - Fiat &amp; Lancia","publisher":{"@id":"https:\/\/turijnmagazijn.jumpstone-dev.nl\/#organization"},"potentialAction":[{"@type":"SearchAction","target":{"@type":"EntryPoint","urlTemplate":"https:\/\/turijnmagazijn.jumpstone-dev.nl\/?s={search_term_string}"},"query-input":{"@type":"PropertyValueSpecification","valueRequired":true,"valueName":"search_term_string"}}],"inLanguage":"de"},{"@type":"Organization","@id":"https:\/\/turijnmagazijn.jumpstone-dev.nl\/#organization","name":"Turijnmagazijn","url":"https:\/\/turijnmagazijn.jumpstone-dev.nl\/","logo":{"@type":"ImageObject","inLanguage":"de","@id":"https:\/\/turijnmagazijn.jumpstone-dev.nl\/#\/schema\/logo\/image\/","url":"https:\/\/turijnmagazijn.nl\/wp-content\/uploads\/2021\/02\/turijnmagazijnlogo.png","contentUrl":"https:\/\/turijnmagazijn.nl\/wp-content\/uploads\/2021\/02\/turijnmagazijnlogo.png","width":555,"height":270,"caption":"Turijnmagazijn"},"image":{"@id":"https:\/\/turijnmagazijn.jumpstone-dev.nl\/#\/schema\/logo\/image\/"},"sameAs":["https:\/\/www.facebook.com\/turijnmagazijn"]}]}},"_links":{"self":[{"href":"https:\/\/turijnmagazijn.nl\/de\/wp-json\/wp\/v2\/product\/73874","targetHints":{"allow":["GET"]}}],"collection":[{"href":"https:\/\/turijnmagazijn.nl\/de\/wp-json\/wp\/v2\/product"}],"about":[{"href":"https:\/\/turijnmagazijn.nl\/de\/wp-json\/wp\/v2\/types\/product"}],"replies":[{"embeddable":true,"href":"https:\/\/turijnmagazijn.nl\/de\/wp-json\/wp\/v2\/comments?post=73874"}],"wp:featuredmedia":[{"embeddable":true,"href":"https:\/\/turijnmagazijn.nl\/de\/wp-json\/wp\/v2\/media\/74738"}],"wp:attachment":[{"href":"https:\/\/turijnmagazijn.nl\/de\/wp-json\/wp\/v2\/media?parent=73874"}],"wp:term":[{"taxonomy":"product_brand","embeddable":true,"href":"https:\/\/turijnmagazijn.nl\/de\/wp-json\/wp\/v2\/product_brand?post=73874"},{"taxonomy":"product_cat","embeddable":true,"href":"https:\/\/turijnmagazijn.nl\/de\/wp-json\/wp\/v2\/product_cat?post=73874"},{"taxonomy":"product_tag","embeddable":true,"href":"https:\/\/turijnmagazijn.nl\/de\/wp-json\/wp\/v2\/product_tag?post=73874"}],"curies":[{"name":"wp","href":"https:\/\/api.w.org\/{rel}","templated":true}]}}