{"id":73879,"date":"2023-09-10T22:24:48","date_gmt":"2023-09-10T20:24:48","guid":{"rendered":"https:\/\/turijnmagazijn.nl\/product\/tuergriff-aussen-lancia-kappa-vorne-links-blu-lancia\/"},"modified":"2024-07-18T10:55:05","modified_gmt":"2024-07-18T08:55:05","slug":"turgriff-exterieur-lancia-kappa-links-vorne-blu-lancia","status":"publish","type":"product","link":"https:\/\/turijnmagazijn.nl\/de\/produkt\/turgriff-exterieur-lancia-kappa-links-vorne-blu-lancia\/","title":{"rendered":"T\u00fcrgriff au\u00dfen Lancia Kappa Links vorne Blu Lancia"},"content":{"rendered":"<p>Gebrauchter T\u00fcrgriff T\u00fcrgriff f\u00fcr das \u00c4u\u00dfere eines Lancia Kappa. Dieser Griff wird in der T\u00fcr montiert. Chromgriff und ein in Wagenfarbe lackierter Metallrahmen. Pf\u00f6rtner vorne links. Die Karosseriefarbe dieses Autos ist Blu Lancia dunkelblau, genaue Farbnummer unbekannt, es handelt sich um eine Metallic-Lackierung. Aus einer Kappa berlina Baujahr 1997. In gutem Zustand sind kleinere Gebrauchssch\u00e4den sichtbar. Sehen Sie sich die Bilder an. OEM Lancia?715258099<\/p>\n","protected":false},"excerpt":{"rendered":"<p>715258099 Gebrauchter T\u00fcrgriff f\u00fcr das \u00c4u\u00dfere eines Lancia Kappa. Dieser Griff ist in der T\u00fcr montiert. Chromgriff und ein in Wagenfarbe lackierter Metallrahmen. Pf\u00f6rtner Link<\/p>\n","protected":false},"featured_media":74635,"comment_status":"open","ping_status":"closed","template":"","meta":{"_acf_changed":false},"product_brand":[],"product_cat":[1864,1867,1859,1797,1869],"product_tag":[],"class_list":{"0":"post-73879","1":"product","2":"type-product","3":"status-publish","4":"has-post-thumbnail","6":"product_cat-berlina-de","7":"product_cat-coupe-de","8":"product_cat-kappa-838-de","9":"product_cat-lancia-de","10":"product_cat-sw-de","11":"pa_soort-onderdeel-karosserie-und-blech","13":"first","14":"instock","15":"shipping-taxable","16":"purchasable","17":"product-type-simple"},"acf":[],"yoast_head":"<!-- This site is optimized with the Yoast SEO plugin v27.2 - https:\/\/yoast.com\/product\/yoast-seo-wordpress\/ -->\n<title>T\u00fcrgriff au\u00dfen Lancia Kappa Links vorne Blu Lancia - Turijnmagazijn<\/title>\n<meta name=\"robots\" content=\"index, follow, max-snippet:-1, max-image-preview:large, max-video-preview:-1\" \/>\n<link rel=\"canonical\" href=\"https:\/\/turijnmagazijn.nl\/de\/produkt\/turgriff-exterieur-lancia-kappa-links-vorne-blu-lancia\/\" \/>\n<meta property=\"og:locale\" content=\"de_DE\" \/>\n<meta property=\"og:type\" content=\"article\" \/>\n<meta property=\"og:title\" content=\"T\u00fcrgriff au\u00dfen Lancia Kappa Links vorne Blu Lancia - Turijnmagazijn\" \/>\n<meta property=\"og:description\" content=\"715258099 Gebrauchter T\u00fcrgriff f\u00fcr das \u00c4u\u00dfere eines Lancia Kappa. Dieser Griff ist in der T\u00fcr montiert. Chromgriff und ein in Wagenfarbe lackierter Metallrahmen. Pf\u00f6rtner Link\" \/>\n<meta property=\"og:url\" content=\"https:\/\/turijnmagazijn.nl\/de\/produkt\/turgriff-exterieur-lancia-kappa-links-vorne-blu-lancia\/\" \/>\n<meta property=\"og:site_name\" content=\"Turijnmagazijn\" \/>\n<meta property=\"article:publisher\" content=\"https:\/\/www.facebook.com\/turijnmagazijn\" \/>\n<meta property=\"article:modified_time\" content=\"2024-07-18T08:55:05+00:00\" \/>\n<meta property=\"og:image\" content=\"https:\/\/turijnmagazijn.nl\/wp-content\/uploads\/2023\/10\/DK0102656-DEURKLINK-EXTERIEUR-LANCIA-KAPPA-LINKS-VOORZIJDE-Blu-Lancia-715258099-3.jpg\" \/>\n\t<meta property=\"og:image:width\" content=\"1024\" \/>\n\t<meta property=\"og:image:height\" content=\"768\" \/>\n\t<meta property=\"og:image:type\" content=\"image\/jpeg\" \/>\n<meta name=\"twitter:card\" content=\"summary_large_image\" \/>\n<script type=\"application\/ld+json\" class=\"yoast-schema-graph\">{\"@context\":\"https:\/\/schema.org\",\"@graph\":[{\"@type\":\"WebPage\",\"@id\":\"https:\/\/turijnmagazijn.nl\/de\/produkt\/turgriff-exterieur-lancia-kappa-links-vorne-blu-lancia\/\",\"url\":\"https:\/\/turijnmagazijn.nl\/de\/produkt\/turgriff-exterieur-lancia-kappa-links-vorne-blu-lancia\/\",\"name\":\"T\u00fcrgriff au\u00dfen Lancia Kappa Links vorne Blu Lancia - Turijnmagazijn\",\"isPartOf\":{\"@id\":\"https:\/\/turijnmagazijn.jumpstone-dev.nl\/#website\"},\"primaryImageOfPage\":{\"@id\":\"https:\/\/turijnmagazijn.nl\/de\/produkt\/turgriff-exterieur-lancia-kappa-links-vorne-blu-lancia\/#primaryimage\"},\"image\":{\"@id\":\"https:\/\/turijnmagazijn.nl\/de\/produkt\/turgriff-exterieur-lancia-kappa-links-vorne-blu-lancia\/#primaryimage\"},\"thumbnailUrl\":\"https:\/\/turijnmagazijn.nl\/wp-content\/uploads\/2023\/10\/DK0102656-DEURKLINK-EXTERIEUR-LANCIA-KAPPA-LINKS-VOORZIJDE-Blu-Lancia-715258099-3.jpg\",\"datePublished\":\"2023-09-10T20:24:48+00:00\",\"dateModified\":\"2024-07-18T08:55:05+00:00\",\"breadcrumb\":{\"@id\":\"https:\/\/turijnmagazijn.nl\/de\/produkt\/turgriff-exterieur-lancia-kappa-links-vorne-blu-lancia\/#breadcrumb\"},\"inLanguage\":\"de\",\"potentialAction\":[{\"@type\":\"ReadAction\",\"target\":[\"https:\/\/turijnmagazijn.nl\/de\/produkt\/turgriff-exterieur-lancia-kappa-links-vorne-blu-lancia\/\"]}]},{\"@type\":\"ImageObject\",\"inLanguage\":\"de\",\"@id\":\"https:\/\/turijnmagazijn.nl\/de\/produkt\/turgriff-exterieur-lancia-kappa-links-vorne-blu-lancia\/#primaryimage\",\"url\":\"https:\/\/turijnmagazijn.nl\/wp-content\/uploads\/2023\/10\/DK0102656-DEURKLINK-EXTERIEUR-LANCIA-KAPPA-LINKS-VOORZIJDE-Blu-Lancia-715258099-3.jpg\",\"contentUrl\":\"https:\/\/turijnmagazijn.nl\/wp-content\/uploads\/2023\/10\/DK0102656-DEURKLINK-EXTERIEUR-LANCIA-KAPPA-LINKS-VOORZIJDE-Blu-Lancia-715258099-3.jpg\",\"width\":1024,\"height\":768},{\"@type\":\"BreadcrumbList\",\"@id\":\"https:\/\/turijnmagazijn.nl\/de\/produkt\/turgriff-exterieur-lancia-kappa-links-vorne-blu-lancia\/#breadcrumb\",\"itemListElement\":[{\"@type\":\"ListItem\",\"position\":1,\"name\":\"Home\",\"item\":\"https:\/\/turijnmagazijn.jumpstone-dev.nl\/\"},{\"@type\":\"ListItem\",\"position\":2,\"name\":\"Produkte\",\"item\":\"https:\/\/turijnmagazijn.nl\/de\/shop\/\"},{\"@type\":\"ListItem\",\"position\":3,\"name\":\"T\u00fcrgriff au\u00dfen Lancia Kappa Links vorne Blu Lancia\"}]},{\"@type\":\"WebSite\",\"@id\":\"https:\/\/turijnmagazijn.jumpstone-dev.nl\/#website\",\"url\":\"https:\/\/turijnmagazijn.jumpstone-dev.nl\/\",\"name\":\"Turijnmagazijn\",\"description\":\"Onderdelen nieuw en gebruikt - Fiat &amp; Lancia\",\"publisher\":{\"@id\":\"https:\/\/turijnmagazijn.jumpstone-dev.nl\/#organization\"},\"potentialAction\":[{\"@type\":\"SearchAction\",\"target\":{\"@type\":\"EntryPoint\",\"urlTemplate\":\"https:\/\/turijnmagazijn.jumpstone-dev.nl\/?s={search_term_string}\"},\"query-input\":{\"@type\":\"PropertyValueSpecification\",\"valueRequired\":true,\"valueName\":\"search_term_string\"}}],\"inLanguage\":\"de\"},{\"@type\":\"Organization\",\"@id\":\"https:\/\/turijnmagazijn.jumpstone-dev.nl\/#organization\",\"name\":\"Turijnmagazijn\",\"url\":\"https:\/\/turijnmagazijn.jumpstone-dev.nl\/\",\"logo\":{\"@type\":\"ImageObject\",\"inLanguage\":\"de\",\"@id\":\"https:\/\/turijnmagazijn.jumpstone-dev.nl\/#\/schema\/logo\/image\/\",\"url\":\"https:\/\/turijnmagazijn.nl\/wp-content\/uploads\/2021\/02\/turijnmagazijnlogo.png\",\"contentUrl\":\"https:\/\/turijnmagazijn.nl\/wp-content\/uploads\/2021\/02\/turijnmagazijnlogo.png\",\"width\":555,\"height\":270,\"caption\":\"Turijnmagazijn\"},\"image\":{\"@id\":\"https:\/\/turijnmagazijn.jumpstone-dev.nl\/#\/schema\/logo\/image\/\"},\"sameAs\":[\"https:\/\/www.facebook.com\/turijnmagazijn\"]}]}<\/script>\n<!-- \/ Yoast SEO plugin. -->","yoast_head_json":{"title":"T\u00fcrgriff au\u00dfen Lancia Kappa Links vorne Blu Lancia - Turijnmagazijn","robots":{"index":"index","follow":"follow","max-snippet":"max-snippet:-1","max-image-preview":"max-image-preview:large","max-video-preview":"max-video-preview:-1"},"canonical":"https:\/\/turijnmagazijn.nl\/de\/produkt\/turgriff-exterieur-lancia-kappa-links-vorne-blu-lancia\/","og_locale":"de_DE","og_type":"article","og_title":"T\u00fcrgriff au\u00dfen Lancia Kappa Links vorne Blu Lancia - Turijnmagazijn","og_description":"715258099 Gebrauchter T\u00fcrgriff f\u00fcr das \u00c4u\u00dfere eines Lancia Kappa. Dieser Griff ist in der T\u00fcr montiert. Chromgriff und ein in Wagenfarbe lackierter Metallrahmen. Pf\u00f6rtner Link","og_url":"https:\/\/turijnmagazijn.nl\/de\/produkt\/turgriff-exterieur-lancia-kappa-links-vorne-blu-lancia\/","og_site_name":"Turijnmagazijn","article_publisher":"https:\/\/www.facebook.com\/turijnmagazijn","article_modified_time":"2024-07-18T08:55:05+00:00","og_image":[{"width":1024,"height":768,"url":"https:\/\/turijnmagazijn.nl\/wp-content\/uploads\/2023\/10\/DK0102656-DEURKLINK-EXTERIEUR-LANCIA-KAPPA-LINKS-VOORZIJDE-Blu-Lancia-715258099-3.jpg","type":"image\/jpeg"}],"twitter_card":"summary_large_image","schema":{"@context":"https:\/\/schema.org","@graph":[{"@type":"WebPage","@id":"https:\/\/turijnmagazijn.nl\/de\/produkt\/turgriff-exterieur-lancia-kappa-links-vorne-blu-lancia\/","url":"https:\/\/turijnmagazijn.nl\/de\/produkt\/turgriff-exterieur-lancia-kappa-links-vorne-blu-lancia\/","name":"T\u00fcrgriff au\u00dfen Lancia Kappa Links vorne Blu Lancia - Turijnmagazijn","isPartOf":{"@id":"https:\/\/turijnmagazijn.jumpstone-dev.nl\/#website"},"primaryImageOfPage":{"@id":"https:\/\/turijnmagazijn.nl\/de\/produkt\/turgriff-exterieur-lancia-kappa-links-vorne-blu-lancia\/#primaryimage"},"image":{"@id":"https:\/\/turijnmagazijn.nl\/de\/produkt\/turgriff-exterieur-lancia-kappa-links-vorne-blu-lancia\/#primaryimage"},"thumbnailUrl":"https:\/\/turijnmagazijn.nl\/wp-content\/uploads\/2023\/10\/DK0102656-DEURKLINK-EXTERIEUR-LANCIA-KAPPA-LINKS-VOORZIJDE-Blu-Lancia-715258099-3.jpg","datePublished":"2023-09-10T20:24:48+00:00","dateModified":"2024-07-18T08:55:05+00:00","breadcrumb":{"@id":"https:\/\/turijnmagazijn.nl\/de\/produkt\/turgriff-exterieur-lancia-kappa-links-vorne-blu-lancia\/#breadcrumb"},"inLanguage":"de","potentialAction":[{"@type":"ReadAction","target":["https:\/\/turijnmagazijn.nl\/de\/produkt\/turgriff-exterieur-lancia-kappa-links-vorne-blu-lancia\/"]}]},{"@type":"ImageObject","inLanguage":"de","@id":"https:\/\/turijnmagazijn.nl\/de\/produkt\/turgriff-exterieur-lancia-kappa-links-vorne-blu-lancia\/#primaryimage","url":"https:\/\/turijnmagazijn.nl\/wp-content\/uploads\/2023\/10\/DK0102656-DEURKLINK-EXTERIEUR-LANCIA-KAPPA-LINKS-VOORZIJDE-Blu-Lancia-715258099-3.jpg","contentUrl":"https:\/\/turijnmagazijn.nl\/wp-content\/uploads\/2023\/10\/DK0102656-DEURKLINK-EXTERIEUR-LANCIA-KAPPA-LINKS-VOORZIJDE-Blu-Lancia-715258099-3.jpg","width":1024,"height":768},{"@type":"BreadcrumbList","@id":"https:\/\/turijnmagazijn.nl\/de\/produkt\/turgriff-exterieur-lancia-kappa-links-vorne-blu-lancia\/#breadcrumb","itemListElement":[{"@type":"ListItem","position":1,"name":"Home","item":"https:\/\/turijnmagazijn.jumpstone-dev.nl\/"},{"@type":"ListItem","position":2,"name":"Produkte","item":"https:\/\/turijnmagazijn.nl\/de\/shop\/"},{"@type":"ListItem","position":3,"name":"T\u00fcrgriff au\u00dfen Lancia Kappa Links vorne Blu Lancia"}]},{"@type":"WebSite","@id":"https:\/\/turijnmagazijn.jumpstone-dev.nl\/#website","url":"https:\/\/turijnmagazijn.jumpstone-dev.nl\/","name":"Turijnmagazijn","description":"Onderdelen nieuw en gebruikt - Fiat &amp; Lancia","publisher":{"@id":"https:\/\/turijnmagazijn.jumpstone-dev.nl\/#organization"},"potentialAction":[{"@type":"SearchAction","target":{"@type":"EntryPoint","urlTemplate":"https:\/\/turijnmagazijn.jumpstone-dev.nl\/?s={search_term_string}"},"query-input":{"@type":"PropertyValueSpecification","valueRequired":true,"valueName":"search_term_string"}}],"inLanguage":"de"},{"@type":"Organization","@id":"https:\/\/turijnmagazijn.jumpstone-dev.nl\/#organization","name":"Turijnmagazijn","url":"https:\/\/turijnmagazijn.jumpstone-dev.nl\/","logo":{"@type":"ImageObject","inLanguage":"de","@id":"https:\/\/turijnmagazijn.jumpstone-dev.nl\/#\/schema\/logo\/image\/","url":"https:\/\/turijnmagazijn.nl\/wp-content\/uploads\/2021\/02\/turijnmagazijnlogo.png","contentUrl":"https:\/\/turijnmagazijn.nl\/wp-content\/uploads\/2021\/02\/turijnmagazijnlogo.png","width":555,"height":270,"caption":"Turijnmagazijn"},"image":{"@id":"https:\/\/turijnmagazijn.jumpstone-dev.nl\/#\/schema\/logo\/image\/"},"sameAs":["https:\/\/www.facebook.com\/turijnmagazijn"]}]}},"_links":{"self":[{"href":"https:\/\/turijnmagazijn.nl\/de\/wp-json\/wp\/v2\/product\/73879","targetHints":{"allow":["GET"]}}],"collection":[{"href":"https:\/\/turijnmagazijn.nl\/de\/wp-json\/wp\/v2\/product"}],"about":[{"href":"https:\/\/turijnmagazijn.nl\/de\/wp-json\/wp\/v2\/types\/product"}],"replies":[{"embeddable":true,"href":"https:\/\/turijnmagazijn.nl\/de\/wp-json\/wp\/v2\/comments?post=73879"}],"wp:featuredmedia":[{"embeddable":true,"href":"https:\/\/turijnmagazijn.nl\/de\/wp-json\/wp\/v2\/media\/74635"}],"wp:attachment":[{"href":"https:\/\/turijnmagazijn.nl\/de\/wp-json\/wp\/v2\/media?parent=73879"}],"wp:term":[{"taxonomy":"product_brand","embeddable":true,"href":"https:\/\/turijnmagazijn.nl\/de\/wp-json\/wp\/v2\/product_brand?post=73879"},{"taxonomy":"product_cat","embeddable":true,"href":"https:\/\/turijnmagazijn.nl\/de\/wp-json\/wp\/v2\/product_cat?post=73879"},{"taxonomy":"product_tag","embeddable":true,"href":"https:\/\/turijnmagazijn.nl\/de\/wp-json\/wp\/v2\/product_tag?post=73879"}],"curies":[{"name":"wp","href":"https:\/\/api.w.org\/{rel}","templated":true}]}}