{"id":75800,"date":"2023-12-02T19:36:33","date_gmt":"2023-12-02T18:36:33","guid":{"rendered":"https:\/\/turijnmagazijn.nl\/product\/nebelscheinwerferrahmen-rechts-lancia-kappa-blau\/"},"modified":"2024-03-15T18:21:30","modified_gmt":"2024-03-15T17:21:30","slug":"nebelscheinwerferrahmen-rechts-lancia-kappa-blau","status":"publish","type":"product","link":"https:\/\/turijnmagazijn.nl\/de\/produkt\/nebelscheinwerferrahmen-rechts-lancia-kappa-blau\/","title":{"rendered":"Nebelscheinwerferrahmen rechts Lancia Kappa Blau"},"content":{"rendered":"<p>Rahmen f\u00fcr die Montage in der vorderen Sto\u00dfstange um den Nebelscheinwerfer auf der rechten Seite f\u00fcr Lancia Kappa. Beide gelten f\u00fcr Limousine, Coup\u00e9 und SW.<\/p>\n<p>Der Rahmen ist in gutem Zustand und stammt von einer Limousine aus dem Jahr 1998. Die Frames links und rechts unterscheiden sich.<\/p>\n<p>Der Rahmen ist in Lackfarbe und in diesem Fall ist dunkelblau Blu Lancia der Farbcode ist unbekannt.<\/p>\n<p>Ohne die Befestigungsschrauben.<\/p>\n<p>Inschrift auf der Innenseite:<br \/>\n36760744<br \/>\nD<br \/>\nCarello (Begriffskl\u00e4rung<\/p>\n<p>OEM-Nummer Lancia 5895393<\/p>\n","protected":false},"excerpt":{"rendered":"<p>5895393 Nebelscheinwerferrahmen rechts Lancia Kappa &#8211; Rahmen f\u00fcr die Montage in der vorderen Sto\u00dfstange um den rechten Nebelscheinwerfer f\u00fcr Lancia Kappa.<\/p>\n","protected":false},"featured_media":76581,"comment_status":"open","ping_status":"closed","template":"","meta":{"_acf_changed":false},"product_brand":[],"product_cat":[1864,1867,1859,1797,1869],"product_tag":[],"class_list":{"0":"post-75800","1":"product","2":"type-product","3":"status-publish","4":"has-post-thumbnail","6":"product_cat-berlina-de","7":"product_cat-coupe-de","8":"product_cat-kappa-838-de","9":"product_cat-lancia-de","10":"product_cat-sw-de","11":"pa_soort-onderdeel-karosserie-und-blech","13":"first","14":"instock","15":"shipping-taxable","16":"purchasable","17":"product-type-simple"},"acf":[],"yoast_head":"<!-- This site is optimized with the Yoast SEO plugin v27.2 - https:\/\/yoast.com\/product\/yoast-seo-wordpress\/ -->\n<title>Nebelscheinwerferrahmen rechts Lancia Kappa Blau - Turijnmagazijn<\/title>\n<meta name=\"robots\" content=\"index, follow, max-snippet:-1, max-image-preview:large, max-video-preview:-1\" \/>\n<link rel=\"canonical\" href=\"https:\/\/turijnmagazijn.nl\/de\/produkt\/nebelscheinwerferrahmen-rechts-lancia-kappa-blau\/\" \/>\n<meta property=\"og:locale\" content=\"de_DE\" \/>\n<meta property=\"og:type\" content=\"article\" \/>\n<meta property=\"og:title\" content=\"Nebelscheinwerferrahmen rechts Lancia Kappa Blau - Turijnmagazijn\" \/>\n<meta property=\"og:description\" content=\"5895393 Nebelscheinwerferrahmen rechts Lancia Kappa - Rahmen f\u00fcr die Montage in der vorderen Sto\u00dfstange um den rechten Nebelscheinwerfer f\u00fcr Lancia Kappa.\" \/>\n<meta property=\"og:url\" content=\"https:\/\/turijnmagazijn.nl\/de\/produkt\/nebelscheinwerferrahmen-rechts-lancia-kappa-blau\/\" \/>\n<meta property=\"og:site_name\" content=\"Turijnmagazijn\" \/>\n<meta property=\"article:publisher\" content=\"https:\/\/www.facebook.com\/turijnmagazijn\" \/>\n<meta property=\"article:modified_time\" content=\"2024-03-15T17:21:30+00:00\" \/>\n<meta name=\"twitter:card\" content=\"summary_large_image\" \/>\n<script type=\"application\/ld+json\" class=\"yoast-schema-graph\">{\"@context\":\"https:\/\/schema.org\",\"@graph\":[{\"@type\":\"WebPage\",\"@id\":\"https:\/\/turijnmagazijn.nl\/de\/produkt\/nebelscheinwerferrahmen-rechts-lancia-kappa-blau\/\",\"url\":\"https:\/\/turijnmagazijn.nl\/de\/produkt\/nebelscheinwerferrahmen-rechts-lancia-kappa-blau\/\",\"name\":\"Nebelscheinwerferrahmen rechts Lancia Kappa Blau - Turijnmagazijn\",\"isPartOf\":{\"@id\":\"https:\/\/turijnmagazijn.jumpstone-dev.nl\/#website\"},\"primaryImageOfPage\":{\"@id\":\"https:\/\/turijnmagazijn.nl\/de\/produkt\/nebelscheinwerferrahmen-rechts-lancia-kappa-blau\/#primaryimage\"},\"image\":{\"@id\":\"https:\/\/turijnmagazijn.nl\/de\/produkt\/nebelscheinwerferrahmen-rechts-lancia-kappa-blau\/#primaryimage\"},\"thumbnailUrl\":\"https:\/\/turijnmagazijn.nl\/wp-content\/uploads\/2023\/12\/DK0102657-Mistlampframe-voorzijde-rechts-Lancia-Kappa-Blauw-5895393-3-scaled.jpg\",\"datePublished\":\"2023-12-02T18:36:33+00:00\",\"dateModified\":\"2024-03-15T17:21:30+00:00\",\"breadcrumb\":{\"@id\":\"https:\/\/turijnmagazijn.nl\/de\/produkt\/nebelscheinwerferrahmen-rechts-lancia-kappa-blau\/#breadcrumb\"},\"inLanguage\":\"de\",\"potentialAction\":[{\"@type\":\"ReadAction\",\"target\":[\"https:\/\/turijnmagazijn.nl\/de\/produkt\/nebelscheinwerferrahmen-rechts-lancia-kappa-blau\/\"]}]},{\"@type\":\"ImageObject\",\"inLanguage\":\"de\",\"@id\":\"https:\/\/turijnmagazijn.nl\/de\/produkt\/nebelscheinwerferrahmen-rechts-lancia-kappa-blau\/#primaryimage\",\"url\":\"https:\/\/turijnmagazijn.nl\/wp-content\/uploads\/2023\/12\/DK0102657-Mistlampframe-voorzijde-rechts-Lancia-Kappa-Blauw-5895393-3-scaled.jpg\",\"contentUrl\":\"https:\/\/turijnmagazijn.nl\/wp-content\/uploads\/2023\/12\/DK0102657-Mistlampframe-voorzijde-rechts-Lancia-Kappa-Blauw-5895393-3-scaled.jpg\",\"width\":2560,\"height\":1920},{\"@type\":\"BreadcrumbList\",\"@id\":\"https:\/\/turijnmagazijn.nl\/de\/produkt\/nebelscheinwerferrahmen-rechts-lancia-kappa-blau\/#breadcrumb\",\"itemListElement\":[{\"@type\":\"ListItem\",\"position\":1,\"name\":\"Home\",\"item\":\"https:\/\/turijnmagazijn.nl\/de\/\"},{\"@type\":\"ListItem\",\"position\":2,\"name\":\"Produkte\",\"item\":\"https:\/\/turijnmagazijn.nl\/de\/shop\/\"},{\"@type\":\"ListItem\",\"position\":3,\"name\":\"Nebelscheinwerferrahmen rechts Lancia Kappa Blau\"}]},{\"@type\":\"WebSite\",\"@id\":\"https:\/\/turijnmagazijn.jumpstone-dev.nl\/#website\",\"url\":\"https:\/\/turijnmagazijn.jumpstone-dev.nl\/\",\"name\":\"Turijnmagazijn\",\"description\":\"Onderdelen nieuw en gebruikt - Fiat &amp; Lancia\",\"publisher\":{\"@id\":\"https:\/\/turijnmagazijn.jumpstone-dev.nl\/#organization\"},\"potentialAction\":[{\"@type\":\"SearchAction\",\"target\":{\"@type\":\"EntryPoint\",\"urlTemplate\":\"https:\/\/turijnmagazijn.jumpstone-dev.nl\/?s={search_term_string}\"},\"query-input\":{\"@type\":\"PropertyValueSpecification\",\"valueRequired\":true,\"valueName\":\"search_term_string\"}}],\"inLanguage\":\"de\"},{\"@type\":\"Organization\",\"@id\":\"https:\/\/turijnmagazijn.jumpstone-dev.nl\/#organization\",\"name\":\"Turijnmagazijn\",\"url\":\"https:\/\/turijnmagazijn.jumpstone-dev.nl\/\",\"logo\":{\"@type\":\"ImageObject\",\"inLanguage\":\"de\",\"@id\":\"https:\/\/turijnmagazijn.jumpstone-dev.nl\/#\/schema\/logo\/image\/\",\"url\":\"https:\/\/turijnmagazijn.nl\/wp-content\/uploads\/2021\/02\/turijnmagazijnlogo.png\",\"contentUrl\":\"https:\/\/turijnmagazijn.nl\/wp-content\/uploads\/2021\/02\/turijnmagazijnlogo.png\",\"width\":555,\"height\":270,\"caption\":\"Turijnmagazijn\"},\"image\":{\"@id\":\"https:\/\/turijnmagazijn.jumpstone-dev.nl\/#\/schema\/logo\/image\/\"},\"sameAs\":[\"https:\/\/www.facebook.com\/turijnmagazijn\"]}]}<\/script>\n<!-- \/ Yoast SEO plugin. -->","yoast_head_json":{"title":"Nebelscheinwerferrahmen rechts Lancia Kappa Blau - Turijnmagazijn","robots":{"index":"index","follow":"follow","max-snippet":"max-snippet:-1","max-image-preview":"max-image-preview:large","max-video-preview":"max-video-preview:-1"},"canonical":"https:\/\/turijnmagazijn.nl\/de\/produkt\/nebelscheinwerferrahmen-rechts-lancia-kappa-blau\/","og_locale":"de_DE","og_type":"article","og_title":"Nebelscheinwerferrahmen rechts Lancia Kappa Blau - Turijnmagazijn","og_description":"5895393 Nebelscheinwerferrahmen rechts Lancia Kappa - Rahmen f\u00fcr die Montage in der vorderen Sto\u00dfstange um den rechten Nebelscheinwerfer f\u00fcr Lancia Kappa.","og_url":"https:\/\/turijnmagazijn.nl\/de\/produkt\/nebelscheinwerferrahmen-rechts-lancia-kappa-blau\/","og_site_name":"Turijnmagazijn","article_publisher":"https:\/\/www.facebook.com\/turijnmagazijn","article_modified_time":"2024-03-15T17:21:30+00:00","twitter_card":"summary_large_image","schema":{"@context":"https:\/\/schema.org","@graph":[{"@type":"WebPage","@id":"https:\/\/turijnmagazijn.nl\/de\/produkt\/nebelscheinwerferrahmen-rechts-lancia-kappa-blau\/","url":"https:\/\/turijnmagazijn.nl\/de\/produkt\/nebelscheinwerferrahmen-rechts-lancia-kappa-blau\/","name":"Nebelscheinwerferrahmen rechts Lancia Kappa Blau - Turijnmagazijn","isPartOf":{"@id":"https:\/\/turijnmagazijn.jumpstone-dev.nl\/#website"},"primaryImageOfPage":{"@id":"https:\/\/turijnmagazijn.nl\/de\/produkt\/nebelscheinwerferrahmen-rechts-lancia-kappa-blau\/#primaryimage"},"image":{"@id":"https:\/\/turijnmagazijn.nl\/de\/produkt\/nebelscheinwerferrahmen-rechts-lancia-kappa-blau\/#primaryimage"},"thumbnailUrl":"https:\/\/turijnmagazijn.nl\/wp-content\/uploads\/2023\/12\/DK0102657-Mistlampframe-voorzijde-rechts-Lancia-Kappa-Blauw-5895393-3-scaled.jpg","datePublished":"2023-12-02T18:36:33+00:00","dateModified":"2024-03-15T17:21:30+00:00","breadcrumb":{"@id":"https:\/\/turijnmagazijn.nl\/de\/produkt\/nebelscheinwerferrahmen-rechts-lancia-kappa-blau\/#breadcrumb"},"inLanguage":"de","potentialAction":[{"@type":"ReadAction","target":["https:\/\/turijnmagazijn.nl\/de\/produkt\/nebelscheinwerferrahmen-rechts-lancia-kappa-blau\/"]}]},{"@type":"ImageObject","inLanguage":"de","@id":"https:\/\/turijnmagazijn.nl\/de\/produkt\/nebelscheinwerferrahmen-rechts-lancia-kappa-blau\/#primaryimage","url":"https:\/\/turijnmagazijn.nl\/wp-content\/uploads\/2023\/12\/DK0102657-Mistlampframe-voorzijde-rechts-Lancia-Kappa-Blauw-5895393-3-scaled.jpg","contentUrl":"https:\/\/turijnmagazijn.nl\/wp-content\/uploads\/2023\/12\/DK0102657-Mistlampframe-voorzijde-rechts-Lancia-Kappa-Blauw-5895393-3-scaled.jpg","width":2560,"height":1920},{"@type":"BreadcrumbList","@id":"https:\/\/turijnmagazijn.nl\/de\/produkt\/nebelscheinwerferrahmen-rechts-lancia-kappa-blau\/#breadcrumb","itemListElement":[{"@type":"ListItem","position":1,"name":"Home","item":"https:\/\/turijnmagazijn.nl\/de\/"},{"@type":"ListItem","position":2,"name":"Produkte","item":"https:\/\/turijnmagazijn.nl\/de\/shop\/"},{"@type":"ListItem","position":3,"name":"Nebelscheinwerferrahmen rechts Lancia Kappa Blau"}]},{"@type":"WebSite","@id":"https:\/\/turijnmagazijn.jumpstone-dev.nl\/#website","url":"https:\/\/turijnmagazijn.jumpstone-dev.nl\/","name":"Turijnmagazijn","description":"Onderdelen nieuw en gebruikt - Fiat &amp; Lancia","publisher":{"@id":"https:\/\/turijnmagazijn.jumpstone-dev.nl\/#organization"},"potentialAction":[{"@type":"SearchAction","target":{"@type":"EntryPoint","urlTemplate":"https:\/\/turijnmagazijn.jumpstone-dev.nl\/?s={search_term_string}"},"query-input":{"@type":"PropertyValueSpecification","valueRequired":true,"valueName":"search_term_string"}}],"inLanguage":"de"},{"@type":"Organization","@id":"https:\/\/turijnmagazijn.jumpstone-dev.nl\/#organization","name":"Turijnmagazijn","url":"https:\/\/turijnmagazijn.jumpstone-dev.nl\/","logo":{"@type":"ImageObject","inLanguage":"de","@id":"https:\/\/turijnmagazijn.jumpstone-dev.nl\/#\/schema\/logo\/image\/","url":"https:\/\/turijnmagazijn.nl\/wp-content\/uploads\/2021\/02\/turijnmagazijnlogo.png","contentUrl":"https:\/\/turijnmagazijn.nl\/wp-content\/uploads\/2021\/02\/turijnmagazijnlogo.png","width":555,"height":270,"caption":"Turijnmagazijn"},"image":{"@id":"https:\/\/turijnmagazijn.jumpstone-dev.nl\/#\/schema\/logo\/image\/"},"sameAs":["https:\/\/www.facebook.com\/turijnmagazijn"]}]}},"_links":{"self":[{"href":"https:\/\/turijnmagazijn.nl\/de\/wp-json\/wp\/v2\/product\/75800","targetHints":{"allow":["GET"]}}],"collection":[{"href":"https:\/\/turijnmagazijn.nl\/de\/wp-json\/wp\/v2\/product"}],"about":[{"href":"https:\/\/turijnmagazijn.nl\/de\/wp-json\/wp\/v2\/types\/product"}],"replies":[{"embeddable":true,"href":"https:\/\/turijnmagazijn.nl\/de\/wp-json\/wp\/v2\/comments?post=75800"}],"wp:featuredmedia":[{"embeddable":true,"href":"https:\/\/turijnmagazijn.nl\/de\/wp-json\/wp\/v2\/media\/76581"}],"wp:attachment":[{"href":"https:\/\/turijnmagazijn.nl\/de\/wp-json\/wp\/v2\/media?parent=75800"}],"wp:term":[{"taxonomy":"product_brand","embeddable":true,"href":"https:\/\/turijnmagazijn.nl\/de\/wp-json\/wp\/v2\/product_brand?post=75800"},{"taxonomy":"product_cat","embeddable":true,"href":"https:\/\/turijnmagazijn.nl\/de\/wp-json\/wp\/v2\/product_cat?post=75800"},{"taxonomy":"product_tag","embeddable":true,"href":"https:\/\/turijnmagazijn.nl\/de\/wp-json\/wp\/v2\/product_tag?post=75800"}],"curies":[{"name":"wp","href":"https:\/\/api.w.org\/{rel}","templated":true}]}}