{"id":75836,"date":"2023-12-04T08:59:07","date_gmt":"2023-12-04T07:59:07","guid":{"rendered":"https:\/\/turijnmagazijn.nl\/product\/weisses-relais-7-polig-lancia-kappa-fiat-coupe\/"},"modified":"2025-08-04T18:33:47","modified_gmt":"2025-08-04T16:33:47","slug":"weisses-relais-7-polig-lancia-kappa-fiat-coupe","status":"publish","type":"product","link":"https:\/\/turijnmagazijn.nl\/de\/produkt\/weisses-relais-7-polig-lancia-kappa-fiat-coupe\/","title":{"rendered":"Wei\u00dfes Relais 7-polig Lancia Kappa Fiat Coup\u00e9"},"content":{"rendered":"<p>Gebrauchtes wei\u00dfes Relais 7-polig f\u00fcr Alfa Romeo 145 146 GTV Spider, Fiat Coupe Tempra Tipo, Lancia Dedra Integrale Kappa Delta<\/p>\n<p>Relais f\u00fcr den Scheibenwischer.<\/p>\n<p>Das Relais arbeitet korrekt.<\/p>\n<p>Relais 485<\/p>\n<p>Fiat Lancia<\/p>\n<p>OEM LANCIA 60810095<\/p>\n<p>OEM lancia 7648902<\/p>\n","protected":false},"excerpt":{"rendered":"<p>7648902 Gebrauchtes wei\u00dfes Relais 7-polig f\u00fcr Alfa Romeo 145 146 GTV Spider, Fiat Coupe Tempra Tipo, Lancia Dedra Integrale Kappa Delta<\/p>\n","protected":false},"featured_media":76466,"comment_status":"closed","ping_status":"closed","template":"","meta":{"_acf_changed":false},"product_brand":[],"product_cat":[1599,1603,1847,1849,1584,1864,1867,1717,1803,1844,1689,1634,1859,1797,1869,1777,1894,1784],"product_tag":[],"class_list":{"0":"post-75836","1":"product","2":"type-product","3":"status-publish","4":"has-post-thumbnail","6":"product_cat-145-930a-de","7":"product_cat-146-930b-de","8":"product_cat-3-deurs-hpe-de","9":"product_cat-5-deurs-de","10":"product_cat-alfa-romeo-de","11":"product_cat-berlina-de","12":"product_cat-coupe-de","13":"product_cat-coupe-175-de","14":"product_cat-dedra-835-de","15":"product_cat-delta-2-836-de","16":"product_cat-fiat-de","17":"product_cat-gtv-916-de","18":"product_cat-kappa-838-de","19":"product_cat-lancia-de","20":"product_cat-sw-de","21":"product_cat-tempra-159-de","22":"product_cat-thema-834-de","23":"product_cat-tipo-1-160-de","24":"pa_soort-onderdeel-elektronik-und-kabel","26":"first","27":"instock","28":"shipping-taxable","29":"purchasable","30":"product-type-simple"},"acf":[],"yoast_head":"<!-- This site is optimized with the Yoast SEO plugin v27.3 - https:\/\/yoast.com\/product\/yoast-seo-wordpress\/ -->\n<title>Wei\u00dfes Relais 7-polig Lancia Kappa Fiat Coup\u00e9 - Turijnmagazijn<\/title>\n<meta name=\"robots\" content=\"index, follow, max-snippet:-1, max-image-preview:large, max-video-preview:-1\" \/>\n<link rel=\"canonical\" href=\"https:\/\/turijnmagazijn.nl\/de\/produkt\/weisses-relais-7-polig-lancia-kappa-fiat-coupe\/\" \/>\n<meta property=\"og:locale\" content=\"de_DE\" \/>\n<meta property=\"og:type\" content=\"article\" \/>\n<meta property=\"og:title\" content=\"Wei\u00dfes Relais 7-polig Lancia Kappa Fiat Coup\u00e9 - Turijnmagazijn\" \/>\n<meta property=\"og:description\" content=\"7648902 Gebrauchtes wei\u00dfes Relais 7-polig f\u00fcr Alfa Romeo 145 146 GTV Spider, Fiat Coupe Tempra Tipo, Lancia Dedra Integrale Kappa Delta\" \/>\n<meta property=\"og:url\" content=\"https:\/\/turijnmagazijn.nl\/de\/produkt\/weisses-relais-7-polig-lancia-kappa-fiat-coupe\/\" \/>\n<meta property=\"og:site_name\" content=\"Turijnmagazijn\" \/>\n<meta property=\"article:publisher\" content=\"https:\/\/www.facebook.com\/turijnmagazijn\" \/>\n<meta property=\"article:modified_time\" content=\"2025-08-04T16:33:47+00:00\" \/>\n<meta name=\"twitter:card\" content=\"summary_large_image\" \/>\n<script type=\"application\/ld+json\" class=\"yoast-schema-graph\">{\"@context\":\"https:\\\/\\\/schema.org\",\"@graph\":[{\"@type\":\"WebPage\",\"@id\":\"https:\\\/\\\/turijnmagazijn.nl\\\/de\\\/produkt\\\/weisses-relais-7-polig-lancia-kappa-fiat-coupe\\\/\",\"url\":\"https:\\\/\\\/turijnmagazijn.nl\\\/de\\\/produkt\\\/weisses-relais-7-polig-lancia-kappa-fiat-coupe\\\/\",\"name\":\"Wei\u00dfes Relais 7-polig Lancia Kappa Fiat Coup\u00e9 - Turijnmagazijn\",\"isPartOf\":{\"@id\":\"https:\\\/\\\/turijnmagazijn.jumpstone-dev.nl\\\/#website\"},\"primaryImageOfPage\":{\"@id\":\"https:\\\/\\\/turijnmagazijn.nl\\\/de\\\/produkt\\\/weisses-relais-7-polig-lancia-kappa-fiat-coupe\\\/#primaryimage\"},\"image\":{\"@id\":\"https:\\\/\\\/turijnmagazijn.nl\\\/de\\\/produkt\\\/weisses-relais-7-polig-lancia-kappa-fiat-coupe\\\/#primaryimage\"},\"thumbnailUrl\":\"https:\\\/\\\/turijnmagazijn.nl\\\/wp-content\\\/uploads\\\/2023\\\/12\\\/DK0102677-Wit-relais-7-polig-Lancia-Kappa-Fiat-Coupe-7648902-6-scaled.jpg\",\"datePublished\":\"2023-12-04T07:59:07+00:00\",\"dateModified\":\"2025-08-04T16:33:47+00:00\",\"breadcrumb\":{\"@id\":\"https:\\\/\\\/turijnmagazijn.nl\\\/de\\\/produkt\\\/weisses-relais-7-polig-lancia-kappa-fiat-coupe\\\/#breadcrumb\"},\"inLanguage\":\"de\",\"potentialAction\":[{\"@type\":\"ReadAction\",\"target\":[\"https:\\\/\\\/turijnmagazijn.nl\\\/de\\\/produkt\\\/weisses-relais-7-polig-lancia-kappa-fiat-coupe\\\/\"]}]},{\"@type\":\"ImageObject\",\"inLanguage\":\"de\",\"@id\":\"https:\\\/\\\/turijnmagazijn.nl\\\/de\\\/produkt\\\/weisses-relais-7-polig-lancia-kappa-fiat-coupe\\\/#primaryimage\",\"url\":\"https:\\\/\\\/turijnmagazijn.nl\\\/wp-content\\\/uploads\\\/2023\\\/12\\\/DK0102677-Wit-relais-7-polig-Lancia-Kappa-Fiat-Coupe-7648902-6-scaled.jpg\",\"contentUrl\":\"https:\\\/\\\/turijnmagazijn.nl\\\/wp-content\\\/uploads\\\/2023\\\/12\\\/DK0102677-Wit-relais-7-polig-Lancia-Kappa-Fiat-Coupe-7648902-6-scaled.jpg\",\"width\":2560,\"height\":1920},{\"@type\":\"BreadcrumbList\",\"@id\":\"https:\\\/\\\/turijnmagazijn.nl\\\/de\\\/produkt\\\/weisses-relais-7-polig-lancia-kappa-fiat-coupe\\\/#breadcrumb\",\"itemListElement\":[{\"@type\":\"ListItem\",\"position\":1,\"name\":\"Home\",\"item\":\"https:\\\/\\\/turijnmagazijn.nl\\\/de\\\/\"},{\"@type\":\"ListItem\",\"position\":2,\"name\":\"Produkte\",\"item\":\"https:\\\/\\\/turijnmagazijn.nl\\\/de\\\/shop\\\/\"},{\"@type\":\"ListItem\",\"position\":3,\"name\":\"Wei\u00dfes Relais 7-polig Lancia Kappa Fiat Coup\u00e9\"}]},{\"@type\":\"WebSite\",\"@id\":\"https:\\\/\\\/turijnmagazijn.jumpstone-dev.nl\\\/#website\",\"url\":\"https:\\\/\\\/turijnmagazijn.jumpstone-dev.nl\\\/\",\"name\":\"Turijnmagazijn\",\"description\":\"Onderdelen nieuw en gebruikt - Fiat &amp; Lancia\",\"publisher\":{\"@id\":\"https:\\\/\\\/turijnmagazijn.jumpstone-dev.nl\\\/#organization\"},\"potentialAction\":[{\"@type\":\"SearchAction\",\"target\":{\"@type\":\"EntryPoint\",\"urlTemplate\":\"https:\\\/\\\/turijnmagazijn.jumpstone-dev.nl\\\/?s={search_term_string}\"},\"query-input\":{\"@type\":\"PropertyValueSpecification\",\"valueRequired\":true,\"valueName\":\"search_term_string\"}}],\"inLanguage\":\"de\"},{\"@type\":\"Organization\",\"@id\":\"https:\\\/\\\/turijnmagazijn.jumpstone-dev.nl\\\/#organization\",\"name\":\"Turijnmagazijn\",\"url\":\"https:\\\/\\\/turijnmagazijn.jumpstone-dev.nl\\\/\",\"logo\":{\"@type\":\"ImageObject\",\"inLanguage\":\"de\",\"@id\":\"https:\\\/\\\/turijnmagazijn.jumpstone-dev.nl\\\/#\\\/schema\\\/logo\\\/image\\\/\",\"url\":\"https:\\\/\\\/turijnmagazijn.nl\\\/wp-content\\\/uploads\\\/2021\\\/02\\\/turijnmagazijnlogo.png\",\"contentUrl\":\"https:\\\/\\\/turijnmagazijn.nl\\\/wp-content\\\/uploads\\\/2021\\\/02\\\/turijnmagazijnlogo.png\",\"width\":555,\"height\":270,\"caption\":\"Turijnmagazijn\"},\"image\":{\"@id\":\"https:\\\/\\\/turijnmagazijn.jumpstone-dev.nl\\\/#\\\/schema\\\/logo\\\/image\\\/\"},\"sameAs\":[\"https:\\\/\\\/www.facebook.com\\\/turijnmagazijn\"]}]}<\/script>\n<!-- \/ Yoast SEO plugin. -->","yoast_head_json":{"title":"Wei\u00dfes Relais 7-polig Lancia Kappa Fiat Coup\u00e9 - Turijnmagazijn","robots":{"index":"index","follow":"follow","max-snippet":"max-snippet:-1","max-image-preview":"max-image-preview:large","max-video-preview":"max-video-preview:-1"},"canonical":"https:\/\/turijnmagazijn.nl\/de\/produkt\/weisses-relais-7-polig-lancia-kappa-fiat-coupe\/","og_locale":"de_DE","og_type":"article","og_title":"Wei\u00dfes Relais 7-polig Lancia Kappa Fiat Coup\u00e9 - Turijnmagazijn","og_description":"7648902 Gebrauchtes wei\u00dfes Relais 7-polig f\u00fcr Alfa Romeo 145 146 GTV Spider, Fiat Coupe Tempra Tipo, Lancia Dedra Integrale Kappa Delta","og_url":"https:\/\/turijnmagazijn.nl\/de\/produkt\/weisses-relais-7-polig-lancia-kappa-fiat-coupe\/","og_site_name":"Turijnmagazijn","article_publisher":"https:\/\/www.facebook.com\/turijnmagazijn","article_modified_time":"2025-08-04T16:33:47+00:00","twitter_card":"summary_large_image","schema":{"@context":"https:\/\/schema.org","@graph":[{"@type":"WebPage","@id":"https:\/\/turijnmagazijn.nl\/de\/produkt\/weisses-relais-7-polig-lancia-kappa-fiat-coupe\/","url":"https:\/\/turijnmagazijn.nl\/de\/produkt\/weisses-relais-7-polig-lancia-kappa-fiat-coupe\/","name":"Wei\u00dfes Relais 7-polig Lancia Kappa Fiat Coup\u00e9 - Turijnmagazijn","isPartOf":{"@id":"https:\/\/turijnmagazijn.jumpstone-dev.nl\/#website"},"primaryImageOfPage":{"@id":"https:\/\/turijnmagazijn.nl\/de\/produkt\/weisses-relais-7-polig-lancia-kappa-fiat-coupe\/#primaryimage"},"image":{"@id":"https:\/\/turijnmagazijn.nl\/de\/produkt\/weisses-relais-7-polig-lancia-kappa-fiat-coupe\/#primaryimage"},"thumbnailUrl":"https:\/\/turijnmagazijn.nl\/wp-content\/uploads\/2023\/12\/DK0102677-Wit-relais-7-polig-Lancia-Kappa-Fiat-Coupe-7648902-6-scaled.jpg","datePublished":"2023-12-04T07:59:07+00:00","dateModified":"2025-08-04T16:33:47+00:00","breadcrumb":{"@id":"https:\/\/turijnmagazijn.nl\/de\/produkt\/weisses-relais-7-polig-lancia-kappa-fiat-coupe\/#breadcrumb"},"inLanguage":"de","potentialAction":[{"@type":"ReadAction","target":["https:\/\/turijnmagazijn.nl\/de\/produkt\/weisses-relais-7-polig-lancia-kappa-fiat-coupe\/"]}]},{"@type":"ImageObject","inLanguage":"de","@id":"https:\/\/turijnmagazijn.nl\/de\/produkt\/weisses-relais-7-polig-lancia-kappa-fiat-coupe\/#primaryimage","url":"https:\/\/turijnmagazijn.nl\/wp-content\/uploads\/2023\/12\/DK0102677-Wit-relais-7-polig-Lancia-Kappa-Fiat-Coupe-7648902-6-scaled.jpg","contentUrl":"https:\/\/turijnmagazijn.nl\/wp-content\/uploads\/2023\/12\/DK0102677-Wit-relais-7-polig-Lancia-Kappa-Fiat-Coupe-7648902-6-scaled.jpg","width":2560,"height":1920},{"@type":"BreadcrumbList","@id":"https:\/\/turijnmagazijn.nl\/de\/produkt\/weisses-relais-7-polig-lancia-kappa-fiat-coupe\/#breadcrumb","itemListElement":[{"@type":"ListItem","position":1,"name":"Home","item":"https:\/\/turijnmagazijn.nl\/de\/"},{"@type":"ListItem","position":2,"name":"Produkte","item":"https:\/\/turijnmagazijn.nl\/de\/shop\/"},{"@type":"ListItem","position":3,"name":"Wei\u00dfes Relais 7-polig Lancia Kappa Fiat Coup\u00e9"}]},{"@type":"WebSite","@id":"https:\/\/turijnmagazijn.jumpstone-dev.nl\/#website","url":"https:\/\/turijnmagazijn.jumpstone-dev.nl\/","name":"Turijnmagazijn","description":"Onderdelen nieuw en gebruikt - Fiat &amp; Lancia","publisher":{"@id":"https:\/\/turijnmagazijn.jumpstone-dev.nl\/#organization"},"potentialAction":[{"@type":"SearchAction","target":{"@type":"EntryPoint","urlTemplate":"https:\/\/turijnmagazijn.jumpstone-dev.nl\/?s={search_term_string}"},"query-input":{"@type":"PropertyValueSpecification","valueRequired":true,"valueName":"search_term_string"}}],"inLanguage":"de"},{"@type":"Organization","@id":"https:\/\/turijnmagazijn.jumpstone-dev.nl\/#organization","name":"Turijnmagazijn","url":"https:\/\/turijnmagazijn.jumpstone-dev.nl\/","logo":{"@type":"ImageObject","inLanguage":"de","@id":"https:\/\/turijnmagazijn.jumpstone-dev.nl\/#\/schema\/logo\/image\/","url":"https:\/\/turijnmagazijn.nl\/wp-content\/uploads\/2021\/02\/turijnmagazijnlogo.png","contentUrl":"https:\/\/turijnmagazijn.nl\/wp-content\/uploads\/2021\/02\/turijnmagazijnlogo.png","width":555,"height":270,"caption":"Turijnmagazijn"},"image":{"@id":"https:\/\/turijnmagazijn.jumpstone-dev.nl\/#\/schema\/logo\/image\/"},"sameAs":["https:\/\/www.facebook.com\/turijnmagazijn"]}]}},"_links":{"self":[{"href":"https:\/\/turijnmagazijn.nl\/de\/wp-json\/wp\/v2\/product\/75836","targetHints":{"allow":["GET"]}}],"collection":[{"href":"https:\/\/turijnmagazijn.nl\/de\/wp-json\/wp\/v2\/product"}],"about":[{"href":"https:\/\/turijnmagazijn.nl\/de\/wp-json\/wp\/v2\/types\/product"}],"replies":[{"embeddable":true,"href":"https:\/\/turijnmagazijn.nl\/de\/wp-json\/wp\/v2\/comments?post=75836"}],"wp:featuredmedia":[{"embeddable":true,"href":"https:\/\/turijnmagazijn.nl\/de\/wp-json\/wp\/v2\/media\/76466"}],"wp:attachment":[{"href":"https:\/\/turijnmagazijn.nl\/de\/wp-json\/wp\/v2\/media?parent=75836"}],"wp:term":[{"taxonomy":"product_brand","embeddable":true,"href":"https:\/\/turijnmagazijn.nl\/de\/wp-json\/wp\/v2\/product_brand?post=75836"},{"taxonomy":"product_cat","embeddable":true,"href":"https:\/\/turijnmagazijn.nl\/de\/wp-json\/wp\/v2\/product_cat?post=75836"},{"taxonomy":"product_tag","embeddable":true,"href":"https:\/\/turijnmagazijn.nl\/de\/wp-json\/wp\/v2\/product_tag?post=75836"}],"curies":[{"name":"wp","href":"https:\/\/api.w.org\/{rel}","templated":true}]}}