{"id":76041,"date":"2023-11-15T20:23:49","date_gmt":"2023-11-15T19:23:49","guid":{"rendered":"https:\/\/turijnmagazijn.nl\/product\/schraube-fuer-ruecklicht-orange-kunststoff-lancia-delta-integrale\/"},"modified":"2026-01-31T09:41:51","modified_gmt":"2026-01-31T08:41:51","slug":"schraube-fuer-ruecklicht-orange-kunststoff-lancia-delta-integrale","status":"publish","type":"product","link":"https:\/\/turijnmagazijn.nl\/de\/produkt\/schraube-fuer-ruecklicht-orange-kunststoff-lancia-delta-integrale\/","title":{"rendered":"Schraube f\u00fcr R\u00fccklicht Orange Kunststoff Lancia Delta Integrale"},"content":{"rendered":"<p>Neue orangefarbene Kunststoff-Reproduktionsschraube zur Befestigung des R\u00fccklichtglases f\u00fcr Lancia Delta I alle Typen, auch Integrale und EVO Diese Spezialschrauben sind brandneu und sorgen f\u00fcr einen sch\u00f6nen Original-Look am Heck Ihres Deltas. Es handelt sich um qualitativ hochwertige Reproduktionen, die in Italien hergestellt werden. Diese Schrauben sind l\u00e4nger als die Originalschrauben, Sie k\u00f6nnen den Gewindeteil einfach mit einer Zange auf die richtige L\u00e4nge f\u00fcr Ihre Anwendung k\u00fcrzen. F\u00fcr die R\u00fcckleuchten eines Deltas muss das Ende etwa 1 cm abgeschnitten werden. NICHT die chinesischen Varianten, die ebenfalls im Umlauf sind und sehr leicht brechen. Verkauf pro St\u00fcck. LANCIA OEM (NUR ALS REFERENZ) 15175598<\/p>\n","protected":false},"excerpt":{"rendered":"<p>15175598 R\u00fccklichtschraube Orange Kunststoff Lancia Delta Integrale &#8211; NEU &#8211; Neue orange Kunststoff-Reproduktionsschraube zur Montage des R\u00fccklichtglases f\u00fcr Lancia Delta I alle Typen, auch Integrale und EVO.<\/p>\n","protected":false},"featured_media":92887,"comment_status":"closed","ping_status":"closed","template":"","meta":{"_acf_changed":false},"product_brand":[],"product_cat":[1811,1807,1817,1822,1826,1834,1829,1839,1797],"product_tag":[],"class_list":{"0":"post-76041","1":"product","2":"type-product","3":"status-publish","4":"has-post-thumbnail","6":"product_cat-1-1-1-3-1-5-de","7":"product_cat-delta-1-831-de","8":"product_cat-gt-i-e-de","9":"product_cat-hf-4wd-de","10":"product_cat-hf-turbo-de","11":"product_cat-integrale-16v-de","12":"product_cat-integrale-8v-de","13":"product_cat-integrale-evo-de","14":"product_cat-lancia-de","15":"pa_soort-onderdeel-karosserie-und-blech","17":"first","18":"instock","19":"featured","20":"taxable","21":"shipping-taxable","22":"purchasable","23":"product-type-simple"},"acf":[],"yoast_head":"<!-- This site is optimized with the Yoast SEO plugin v27.3 - https:\/\/yoast.com\/product\/yoast-seo-wordpress\/ -->\n<title>Schraube f\u00fcr R\u00fccklicht Orange Kunststoff Lancia Delta Integrale - Turijnmagazijn<\/title>\n<meta name=\"robots\" content=\"index, follow, max-snippet:-1, max-image-preview:large, max-video-preview:-1\" \/>\n<link rel=\"canonical\" href=\"https:\/\/turijnmagazijn.nl\/de\/produkt\/schraube-fuer-ruecklicht-orange-kunststoff-lancia-delta-integrale\/\" \/>\n<meta property=\"og:locale\" content=\"de_DE\" \/>\n<meta property=\"og:type\" content=\"article\" \/>\n<meta property=\"og:title\" content=\"Schraube f\u00fcr R\u00fccklicht Orange Kunststoff Lancia Delta Integrale - Turijnmagazijn\" \/>\n<meta property=\"og:description\" content=\"15175598 R\u00fccklichtschraube Orange Kunststoff Lancia Delta Integrale - NEU - Neue orange Kunststoff-Reproduktionsschraube zur Montage des R\u00fccklichtglases f\u00fcr Lancia Delta I alle Typen, auch Integrale und EVO.\" \/>\n<meta property=\"og:url\" content=\"https:\/\/turijnmagazijn.nl\/de\/produkt\/schraube-fuer-ruecklicht-orange-kunststoff-lancia-delta-integrale\/\" \/>\n<meta property=\"og:site_name\" content=\"Turijnmagazijn\" \/>\n<meta property=\"article:publisher\" content=\"https:\/\/www.facebook.com\/turijnmagazijn\" \/>\n<meta property=\"article:modified_time\" content=\"2026-01-31T08:41:51+00:00\" \/>\n<meta property=\"og:image\" content=\"https:\/\/turijnmagazijn.nl\/wp-content\/uploads\/2023\/11\/DN0100120-Schroef-voor-achterlicht-Oranje-plastic-Lancia-Delta-Integrale-15175598-2.jpg\" \/>\n\t<meta property=\"og:image:width\" content=\"1024\" \/>\n\t<meta property=\"og:image:height\" content=\"768\" \/>\n\t<meta property=\"og:image:type\" content=\"image\/jpeg\" \/>\n<meta name=\"twitter:card\" content=\"summary_large_image\" \/>\n<meta name=\"twitter:label1\" content=\"Gesch\u00e4tzte Lesezeit\" \/>\n\t<meta name=\"twitter:data1\" content=\"1\u00a0Minute\" \/>\n<script type=\"application\/ld+json\" class=\"yoast-schema-graph\">{\"@context\":\"https:\\\/\\\/schema.org\",\"@graph\":[{\"@type\":\"WebPage\",\"@id\":\"https:\\\/\\\/turijnmagazijn.nl\\\/de\\\/produkt\\\/schraube-fuer-ruecklicht-orange-kunststoff-lancia-delta-integrale\\\/\",\"url\":\"https:\\\/\\\/turijnmagazijn.nl\\\/de\\\/produkt\\\/schraube-fuer-ruecklicht-orange-kunststoff-lancia-delta-integrale\\\/\",\"name\":\"Schraube f\u00fcr R\u00fccklicht Orange Kunststoff Lancia Delta Integrale - Turijnmagazijn\",\"isPartOf\":{\"@id\":\"https:\\\/\\\/turijnmagazijn.jumpstone-dev.nl\\\/#website\"},\"primaryImageOfPage\":{\"@id\":\"https:\\\/\\\/turijnmagazijn.nl\\\/de\\\/produkt\\\/schraube-fuer-ruecklicht-orange-kunststoff-lancia-delta-integrale\\\/#primaryimage\"},\"image\":{\"@id\":\"https:\\\/\\\/turijnmagazijn.nl\\\/de\\\/produkt\\\/schraube-fuer-ruecklicht-orange-kunststoff-lancia-delta-integrale\\\/#primaryimage\"},\"thumbnailUrl\":\"https:\\\/\\\/turijnmagazijn.nl\\\/wp-content\\\/uploads\\\/2023\\\/11\\\/DN0100120-Schroef-voor-achterlicht-Oranje-plastic-Lancia-Delta-Integrale-NIEUW-15175598-2.jpg\",\"datePublished\":\"2023-11-15T19:23:49+00:00\",\"dateModified\":\"2026-01-31T08:41:51+00:00\",\"breadcrumb\":{\"@id\":\"https:\\\/\\\/turijnmagazijn.nl\\\/de\\\/produkt\\\/schraube-fuer-ruecklicht-orange-kunststoff-lancia-delta-integrale\\\/#breadcrumb\"},\"inLanguage\":\"de\",\"potentialAction\":[{\"@type\":\"ReadAction\",\"target\":[\"https:\\\/\\\/turijnmagazijn.nl\\\/de\\\/produkt\\\/schraube-fuer-ruecklicht-orange-kunststoff-lancia-delta-integrale\\\/\"]}]},{\"@type\":\"ImageObject\",\"inLanguage\":\"de\",\"@id\":\"https:\\\/\\\/turijnmagazijn.nl\\\/de\\\/produkt\\\/schraube-fuer-ruecklicht-orange-kunststoff-lancia-delta-integrale\\\/#primaryimage\",\"url\":\"https:\\\/\\\/turijnmagazijn.nl\\\/wp-content\\\/uploads\\\/2023\\\/11\\\/DN0100120-Schroef-voor-achterlicht-Oranje-plastic-Lancia-Delta-Integrale-NIEUW-15175598-2.jpg\",\"contentUrl\":\"https:\\\/\\\/turijnmagazijn.nl\\\/wp-content\\\/uploads\\\/2023\\\/11\\\/DN0100120-Schroef-voor-achterlicht-Oranje-plastic-Lancia-Delta-Integrale-NIEUW-15175598-2.jpg\",\"width\":1440,\"height\":1080},{\"@type\":\"BreadcrumbList\",\"@id\":\"https:\\\/\\\/turijnmagazijn.nl\\\/de\\\/produkt\\\/schraube-fuer-ruecklicht-orange-kunststoff-lancia-delta-integrale\\\/#breadcrumb\",\"itemListElement\":[{\"@type\":\"ListItem\",\"position\":1,\"name\":\"Home\",\"item\":\"https:\\\/\\\/turijnmagazijn.nl\\\/de\\\/\"},{\"@type\":\"ListItem\",\"position\":2,\"name\":\"Produkte\",\"item\":\"https:\\\/\\\/turijnmagazijn.nl\\\/de\\\/shop\\\/\"},{\"@type\":\"ListItem\",\"position\":3,\"name\":\"Schraube f\u00fcr R\u00fccklicht Orange Kunststoff Lancia Delta Integrale\"}]},{\"@type\":\"WebSite\",\"@id\":\"https:\\\/\\\/turijnmagazijn.jumpstone-dev.nl\\\/#website\",\"url\":\"https:\\\/\\\/turijnmagazijn.jumpstone-dev.nl\\\/\",\"name\":\"Turijnmagazijn\",\"description\":\"Onderdelen nieuw en gebruikt - Fiat &amp; Lancia\",\"publisher\":{\"@id\":\"https:\\\/\\\/turijnmagazijn.jumpstone-dev.nl\\\/#organization\"},\"potentialAction\":[{\"@type\":\"SearchAction\",\"target\":{\"@type\":\"EntryPoint\",\"urlTemplate\":\"https:\\\/\\\/turijnmagazijn.jumpstone-dev.nl\\\/?s={search_term_string}\"},\"query-input\":{\"@type\":\"PropertyValueSpecification\",\"valueRequired\":true,\"valueName\":\"search_term_string\"}}],\"inLanguage\":\"de\"},{\"@type\":\"Organization\",\"@id\":\"https:\\\/\\\/turijnmagazijn.jumpstone-dev.nl\\\/#organization\",\"name\":\"Turijnmagazijn\",\"url\":\"https:\\\/\\\/turijnmagazijn.jumpstone-dev.nl\\\/\",\"logo\":{\"@type\":\"ImageObject\",\"inLanguage\":\"de\",\"@id\":\"https:\\\/\\\/turijnmagazijn.jumpstone-dev.nl\\\/#\\\/schema\\\/logo\\\/image\\\/\",\"url\":\"https:\\\/\\\/turijnmagazijn.nl\\\/wp-content\\\/uploads\\\/2021\\\/02\\\/turijnmagazijnlogo.png\",\"contentUrl\":\"https:\\\/\\\/turijnmagazijn.nl\\\/wp-content\\\/uploads\\\/2021\\\/02\\\/turijnmagazijnlogo.png\",\"width\":555,\"height\":270,\"caption\":\"Turijnmagazijn\"},\"image\":{\"@id\":\"https:\\\/\\\/turijnmagazijn.jumpstone-dev.nl\\\/#\\\/schema\\\/logo\\\/image\\\/\"},\"sameAs\":[\"https:\\\/\\\/www.facebook.com\\\/turijnmagazijn\"]}]}<\/script>\n<!-- \/ Yoast SEO plugin. -->","yoast_head_json":{"title":"Schraube f\u00fcr R\u00fccklicht Orange Kunststoff Lancia Delta Integrale - Turijnmagazijn","robots":{"index":"index","follow":"follow","max-snippet":"max-snippet:-1","max-image-preview":"max-image-preview:large","max-video-preview":"max-video-preview:-1"},"canonical":"https:\/\/turijnmagazijn.nl\/de\/produkt\/schraube-fuer-ruecklicht-orange-kunststoff-lancia-delta-integrale\/","og_locale":"de_DE","og_type":"article","og_title":"Schraube f\u00fcr R\u00fccklicht Orange Kunststoff Lancia Delta Integrale - Turijnmagazijn","og_description":"15175598 R\u00fccklichtschraube Orange Kunststoff Lancia Delta Integrale - NEU - Neue orange Kunststoff-Reproduktionsschraube zur Montage des R\u00fccklichtglases f\u00fcr Lancia Delta I alle Typen, auch Integrale und EVO.","og_url":"https:\/\/turijnmagazijn.nl\/de\/produkt\/schraube-fuer-ruecklicht-orange-kunststoff-lancia-delta-integrale\/","og_site_name":"Turijnmagazijn","article_publisher":"https:\/\/www.facebook.com\/turijnmagazijn","article_modified_time":"2026-01-31T08:41:51+00:00","og_image":[{"width":1024,"height":768,"url":"https:\/\/turijnmagazijn.nl\/wp-content\/uploads\/2023\/11\/DN0100120-Schroef-voor-achterlicht-Oranje-plastic-Lancia-Delta-Integrale-15175598-2.jpg","type":"image\/jpeg"}],"twitter_card":"summary_large_image","twitter_misc":{"Gesch\u00e4tzte Lesezeit":"1\u00a0Minute"},"schema":{"@context":"https:\/\/schema.org","@graph":[{"@type":"WebPage","@id":"https:\/\/turijnmagazijn.nl\/de\/produkt\/schraube-fuer-ruecklicht-orange-kunststoff-lancia-delta-integrale\/","url":"https:\/\/turijnmagazijn.nl\/de\/produkt\/schraube-fuer-ruecklicht-orange-kunststoff-lancia-delta-integrale\/","name":"Schraube f\u00fcr R\u00fccklicht Orange Kunststoff Lancia Delta Integrale - Turijnmagazijn","isPartOf":{"@id":"https:\/\/turijnmagazijn.jumpstone-dev.nl\/#website"},"primaryImageOfPage":{"@id":"https:\/\/turijnmagazijn.nl\/de\/produkt\/schraube-fuer-ruecklicht-orange-kunststoff-lancia-delta-integrale\/#primaryimage"},"image":{"@id":"https:\/\/turijnmagazijn.nl\/de\/produkt\/schraube-fuer-ruecklicht-orange-kunststoff-lancia-delta-integrale\/#primaryimage"},"thumbnailUrl":"https:\/\/turijnmagazijn.nl\/wp-content\/uploads\/2023\/11\/DN0100120-Schroef-voor-achterlicht-Oranje-plastic-Lancia-Delta-Integrale-NIEUW-15175598-2.jpg","datePublished":"2023-11-15T19:23:49+00:00","dateModified":"2026-01-31T08:41:51+00:00","breadcrumb":{"@id":"https:\/\/turijnmagazijn.nl\/de\/produkt\/schraube-fuer-ruecklicht-orange-kunststoff-lancia-delta-integrale\/#breadcrumb"},"inLanguage":"de","potentialAction":[{"@type":"ReadAction","target":["https:\/\/turijnmagazijn.nl\/de\/produkt\/schraube-fuer-ruecklicht-orange-kunststoff-lancia-delta-integrale\/"]}]},{"@type":"ImageObject","inLanguage":"de","@id":"https:\/\/turijnmagazijn.nl\/de\/produkt\/schraube-fuer-ruecklicht-orange-kunststoff-lancia-delta-integrale\/#primaryimage","url":"https:\/\/turijnmagazijn.nl\/wp-content\/uploads\/2023\/11\/DN0100120-Schroef-voor-achterlicht-Oranje-plastic-Lancia-Delta-Integrale-NIEUW-15175598-2.jpg","contentUrl":"https:\/\/turijnmagazijn.nl\/wp-content\/uploads\/2023\/11\/DN0100120-Schroef-voor-achterlicht-Oranje-plastic-Lancia-Delta-Integrale-NIEUW-15175598-2.jpg","width":1440,"height":1080},{"@type":"BreadcrumbList","@id":"https:\/\/turijnmagazijn.nl\/de\/produkt\/schraube-fuer-ruecklicht-orange-kunststoff-lancia-delta-integrale\/#breadcrumb","itemListElement":[{"@type":"ListItem","position":1,"name":"Home","item":"https:\/\/turijnmagazijn.nl\/de\/"},{"@type":"ListItem","position":2,"name":"Produkte","item":"https:\/\/turijnmagazijn.nl\/de\/shop\/"},{"@type":"ListItem","position":3,"name":"Schraube f\u00fcr R\u00fccklicht Orange Kunststoff Lancia Delta Integrale"}]},{"@type":"WebSite","@id":"https:\/\/turijnmagazijn.jumpstone-dev.nl\/#website","url":"https:\/\/turijnmagazijn.jumpstone-dev.nl\/","name":"Turijnmagazijn","description":"Onderdelen nieuw en gebruikt - Fiat &amp; Lancia","publisher":{"@id":"https:\/\/turijnmagazijn.jumpstone-dev.nl\/#organization"},"potentialAction":[{"@type":"SearchAction","target":{"@type":"EntryPoint","urlTemplate":"https:\/\/turijnmagazijn.jumpstone-dev.nl\/?s={search_term_string}"},"query-input":{"@type":"PropertyValueSpecification","valueRequired":true,"valueName":"search_term_string"}}],"inLanguage":"de"},{"@type":"Organization","@id":"https:\/\/turijnmagazijn.jumpstone-dev.nl\/#organization","name":"Turijnmagazijn","url":"https:\/\/turijnmagazijn.jumpstone-dev.nl\/","logo":{"@type":"ImageObject","inLanguage":"de","@id":"https:\/\/turijnmagazijn.jumpstone-dev.nl\/#\/schema\/logo\/image\/","url":"https:\/\/turijnmagazijn.nl\/wp-content\/uploads\/2021\/02\/turijnmagazijnlogo.png","contentUrl":"https:\/\/turijnmagazijn.nl\/wp-content\/uploads\/2021\/02\/turijnmagazijnlogo.png","width":555,"height":270,"caption":"Turijnmagazijn"},"image":{"@id":"https:\/\/turijnmagazijn.jumpstone-dev.nl\/#\/schema\/logo\/image\/"},"sameAs":["https:\/\/www.facebook.com\/turijnmagazijn"]}]}},"_links":{"self":[{"href":"https:\/\/turijnmagazijn.nl\/de\/wp-json\/wp\/v2\/product\/76041","targetHints":{"allow":["GET"]}}],"collection":[{"href":"https:\/\/turijnmagazijn.nl\/de\/wp-json\/wp\/v2\/product"}],"about":[{"href":"https:\/\/turijnmagazijn.nl\/de\/wp-json\/wp\/v2\/types\/product"}],"replies":[{"embeddable":true,"href":"https:\/\/turijnmagazijn.nl\/de\/wp-json\/wp\/v2\/comments?post=76041"}],"wp:featuredmedia":[{"embeddable":true,"href":"https:\/\/turijnmagazijn.nl\/de\/wp-json\/wp\/v2\/media\/92887"}],"wp:attachment":[{"href":"https:\/\/turijnmagazijn.nl\/de\/wp-json\/wp\/v2\/media?parent=76041"}],"wp:term":[{"taxonomy":"product_brand","embeddable":true,"href":"https:\/\/turijnmagazijn.nl\/de\/wp-json\/wp\/v2\/product_brand?post=76041"},{"taxonomy":"product_cat","embeddable":true,"href":"https:\/\/turijnmagazijn.nl\/de\/wp-json\/wp\/v2\/product_cat?post=76041"},{"taxonomy":"product_tag","embeddable":true,"href":"https:\/\/turijnmagazijn.nl\/de\/wp-json\/wp\/v2\/product_tag?post=76041"}],"curies":[{"name":"wp","href":"https:\/\/api.w.org\/{rel}","templated":true}]}}