{"id":76919,"date":"2024-03-24T21:36:42","date_gmt":"2024-03-24T20:36:42","guid":{"rendered":"https:\/\/turijnmagazijn.nl\/?post_type=product&#038;p=76919"},"modified":"2025-04-15T20:54:29","modified_gmt":"2025-04-15T18:54:29","slug":"kennzeichenbeleuchtung-lancia-kappa-berlina-coupe-beschadigt-kopie","status":"publish","type":"product","link":"https:\/\/turijnmagazijn.nl\/de\/produkt\/kennzeichenbeleuchtung-lancia-kappa-berlina-coupe-beschadigt-kopie\/","title":{"rendered":"Nummernschildbeleuchtung Lancia Kappa Berlina + Coupe INCOMPLEET"},"content":{"rendered":"<p>Original gebrauchte Nummernschildbeleuchtung f\u00fcr Lancia kappa. Es handelt sich um ein Originalger\u00e4t ohne Glas und Halterung. Dies ist ein originales Gummiteil und ein originaler Kabelbaum mit dem richtigen Stecker f\u00fcr die Kappa.<\/p>\n<p>Umsatz pro St\u00fcck<\/p>\n<p>OEM Lancia 46407216<\/p>\n","protected":false},"excerpt":{"rendered":"<p>46407216 Kennzeichenbeleuchtungen Lancia Kappa Berlina + Coupe unvollst\u00e4ndig- Original gebrauchte Kennzeichenbeleuchtungen in unvollst\u00e4ndigen Teilen f\u00fcr Lancia kappa.<\/p>\n","protected":false},"featured_media":77053,"comment_status":"open","ping_status":"closed","template":"","meta":{"_acf_changed":false},"product_brand":[],"product_cat":[1864,1867,1859,1797],"product_tag":[],"class_list":{"0":"post-76919","1":"product","2":"type-product","3":"status-publish","4":"has-post-thumbnail","6":"product_cat-berlina-de","7":"product_cat-coupe-de","8":"product_cat-kappa-838-de","9":"product_cat-lancia-de","10":"pa_soort-onderdeel-beleuchtung","12":"first","13":"instock","14":"shipping-taxable","15":"purchasable","16":"product-type-simple"},"acf":[],"yoast_head":"<!-- This site is optimized with the Yoast SEO plugin v27.2 - https:\/\/yoast.com\/product\/yoast-seo-wordpress\/ -->\n<title>Nummernschildbeleuchtung Lancia Kappa Berlina + Coupe INCOMPLEET - Turijnmagazijn<\/title>\n<meta name=\"robots\" content=\"index, follow, max-snippet:-1, max-image-preview:large, max-video-preview:-1\" \/>\n<link rel=\"canonical\" href=\"https:\/\/turijnmagazijn.nl\/de\/produkt\/kennzeichenbeleuchtung-lancia-kappa-berlina-coupe-beschadigt-kopie\/\" \/>\n<meta property=\"og:locale\" content=\"de_DE\" \/>\n<meta property=\"og:type\" content=\"article\" \/>\n<meta property=\"og:title\" content=\"Nummernschildbeleuchtung Lancia Kappa Berlina + Coupe INCOMPLEET - Turijnmagazijn\" \/>\n<meta property=\"og:description\" content=\"46407216 Kennzeichenbeleuchtungen Lancia Kappa Berlina + Coupe unvollst\u00e4ndig- Original gebrauchte Kennzeichenbeleuchtungen in unvollst\u00e4ndigen Teilen f\u00fcr Lancia kappa.\" \/>\n<meta property=\"og:url\" content=\"https:\/\/turijnmagazijn.nl\/de\/produkt\/kennzeichenbeleuchtung-lancia-kappa-berlina-coupe-beschadigt-kopie\/\" \/>\n<meta property=\"og:site_name\" content=\"Turijnmagazijn\" \/>\n<meta property=\"article:publisher\" content=\"https:\/\/www.facebook.com\/turijnmagazijn\" \/>\n<meta property=\"article:modified_time\" content=\"2025-04-15T18:54:29+00:00\" \/>\n<meta property=\"og:image\" content=\"https:\/\/turijnmagazijn.nl\/wp-content\/uploads\/2024\/03\/DK0102678-Kenteken-verlichting-Lancia-Kappa-Berlina-Coupe-INCOMPLEET-46407216-1-scaled.jpg\" \/>\n\t<meta property=\"og:image:width\" content=\"2560\" \/>\n\t<meta property=\"og:image:height\" content=\"1920\" \/>\n\t<meta property=\"og:image:type\" content=\"image\/jpeg\" \/>\n<meta name=\"twitter:card\" content=\"summary_large_image\" \/>\n<script type=\"application\/ld+json\" class=\"yoast-schema-graph\">{\"@context\":\"https:\/\/schema.org\",\"@graph\":[{\"@type\":\"WebPage\",\"@id\":\"https:\/\/turijnmagazijn.nl\/de\/produkt\/kennzeichenbeleuchtung-lancia-kappa-berlina-coupe-beschadigt-kopie\/\",\"url\":\"https:\/\/turijnmagazijn.nl\/de\/produkt\/kennzeichenbeleuchtung-lancia-kappa-berlina-coupe-beschadigt-kopie\/\",\"name\":\"Nummernschildbeleuchtung Lancia Kappa Berlina + Coupe INCOMPLEET - Turijnmagazijn\",\"isPartOf\":{\"@id\":\"https:\/\/turijnmagazijn.jumpstone-dev.nl\/#website\"},\"primaryImageOfPage\":{\"@id\":\"https:\/\/turijnmagazijn.nl\/de\/produkt\/kennzeichenbeleuchtung-lancia-kappa-berlina-coupe-beschadigt-kopie\/#primaryimage\"},\"image\":{\"@id\":\"https:\/\/turijnmagazijn.nl\/de\/produkt\/kennzeichenbeleuchtung-lancia-kappa-berlina-coupe-beschadigt-kopie\/#primaryimage\"},\"thumbnailUrl\":\"https:\/\/turijnmagazijn.nl\/wp-content\/uploads\/2024\/03\/DK0102678-Kenteken-verlichting-Lancia-Kappa-Berlina-Coupe-INCOMPLEET-46407216-1-scaled.jpg\",\"datePublished\":\"2024-03-24T20:36:42+00:00\",\"dateModified\":\"2025-04-15T18:54:29+00:00\",\"breadcrumb\":{\"@id\":\"https:\/\/turijnmagazijn.nl\/de\/produkt\/kennzeichenbeleuchtung-lancia-kappa-berlina-coupe-beschadigt-kopie\/#breadcrumb\"},\"inLanguage\":\"de\",\"potentialAction\":[{\"@type\":\"ReadAction\",\"target\":[\"https:\/\/turijnmagazijn.nl\/de\/produkt\/kennzeichenbeleuchtung-lancia-kappa-berlina-coupe-beschadigt-kopie\/\"]}]},{\"@type\":\"ImageObject\",\"inLanguage\":\"de\",\"@id\":\"https:\/\/turijnmagazijn.nl\/de\/produkt\/kennzeichenbeleuchtung-lancia-kappa-berlina-coupe-beschadigt-kopie\/#primaryimage\",\"url\":\"https:\/\/turijnmagazijn.nl\/wp-content\/uploads\/2024\/03\/DK0102678-Kenteken-verlichting-Lancia-Kappa-Berlina-Coupe-INCOMPLEET-46407216-1-scaled.jpg\",\"contentUrl\":\"https:\/\/turijnmagazijn.nl\/wp-content\/uploads\/2024\/03\/DK0102678-Kenteken-verlichting-Lancia-Kappa-Berlina-Coupe-INCOMPLEET-46407216-1-scaled.jpg\",\"width\":2560,\"height\":1920},{\"@type\":\"BreadcrumbList\",\"@id\":\"https:\/\/turijnmagazijn.nl\/de\/produkt\/kennzeichenbeleuchtung-lancia-kappa-berlina-coupe-beschadigt-kopie\/#breadcrumb\",\"itemListElement\":[{\"@type\":\"ListItem\",\"position\":1,\"name\":\"Home\",\"item\":\"https:\/\/turijnmagazijn.jumpstone-dev.nl\/\"},{\"@type\":\"ListItem\",\"position\":2,\"name\":\"Produkte\",\"item\":\"https:\/\/turijnmagazijn.nl\/de\/shop\/\"},{\"@type\":\"ListItem\",\"position\":3,\"name\":\"Nummernschildbeleuchtung Lancia Kappa Berlina + Coupe INCOMPLEET\"}]},{\"@type\":\"WebSite\",\"@id\":\"https:\/\/turijnmagazijn.jumpstone-dev.nl\/#website\",\"url\":\"https:\/\/turijnmagazijn.jumpstone-dev.nl\/\",\"name\":\"Turijnmagazijn\",\"description\":\"Onderdelen nieuw en gebruikt - Fiat &amp; Lancia\",\"publisher\":{\"@id\":\"https:\/\/turijnmagazijn.jumpstone-dev.nl\/#organization\"},\"potentialAction\":[{\"@type\":\"SearchAction\",\"target\":{\"@type\":\"EntryPoint\",\"urlTemplate\":\"https:\/\/turijnmagazijn.jumpstone-dev.nl\/?s={search_term_string}\"},\"query-input\":{\"@type\":\"PropertyValueSpecification\",\"valueRequired\":true,\"valueName\":\"search_term_string\"}}],\"inLanguage\":\"de\"},{\"@type\":\"Organization\",\"@id\":\"https:\/\/turijnmagazijn.jumpstone-dev.nl\/#organization\",\"name\":\"Turijnmagazijn\",\"url\":\"https:\/\/turijnmagazijn.jumpstone-dev.nl\/\",\"logo\":{\"@type\":\"ImageObject\",\"inLanguage\":\"de\",\"@id\":\"https:\/\/turijnmagazijn.jumpstone-dev.nl\/#\/schema\/logo\/image\/\",\"url\":\"https:\/\/turijnmagazijn.nl\/wp-content\/uploads\/2021\/02\/turijnmagazijnlogo.png\",\"contentUrl\":\"https:\/\/turijnmagazijn.nl\/wp-content\/uploads\/2021\/02\/turijnmagazijnlogo.png\",\"width\":555,\"height\":270,\"caption\":\"Turijnmagazijn\"},\"image\":{\"@id\":\"https:\/\/turijnmagazijn.jumpstone-dev.nl\/#\/schema\/logo\/image\/\"},\"sameAs\":[\"https:\/\/www.facebook.com\/turijnmagazijn\"]}]}<\/script>\n<!-- \/ Yoast SEO plugin. -->","yoast_head_json":{"title":"Nummernschildbeleuchtung Lancia Kappa Berlina + Coupe INCOMPLEET - Turijnmagazijn","robots":{"index":"index","follow":"follow","max-snippet":"max-snippet:-1","max-image-preview":"max-image-preview:large","max-video-preview":"max-video-preview:-1"},"canonical":"https:\/\/turijnmagazijn.nl\/de\/produkt\/kennzeichenbeleuchtung-lancia-kappa-berlina-coupe-beschadigt-kopie\/","og_locale":"de_DE","og_type":"article","og_title":"Nummernschildbeleuchtung Lancia Kappa Berlina + Coupe INCOMPLEET - Turijnmagazijn","og_description":"46407216 Kennzeichenbeleuchtungen Lancia Kappa Berlina + Coupe unvollst\u00e4ndig- Original gebrauchte Kennzeichenbeleuchtungen in unvollst\u00e4ndigen Teilen f\u00fcr Lancia kappa.","og_url":"https:\/\/turijnmagazijn.nl\/de\/produkt\/kennzeichenbeleuchtung-lancia-kappa-berlina-coupe-beschadigt-kopie\/","og_site_name":"Turijnmagazijn","article_publisher":"https:\/\/www.facebook.com\/turijnmagazijn","article_modified_time":"2025-04-15T18:54:29+00:00","og_image":[{"width":2560,"height":1920,"url":"https:\/\/turijnmagazijn.nl\/wp-content\/uploads\/2024\/03\/DK0102678-Kenteken-verlichting-Lancia-Kappa-Berlina-Coupe-INCOMPLEET-46407216-1-scaled.jpg","type":"image\/jpeg"}],"twitter_card":"summary_large_image","schema":{"@context":"https:\/\/schema.org","@graph":[{"@type":"WebPage","@id":"https:\/\/turijnmagazijn.nl\/de\/produkt\/kennzeichenbeleuchtung-lancia-kappa-berlina-coupe-beschadigt-kopie\/","url":"https:\/\/turijnmagazijn.nl\/de\/produkt\/kennzeichenbeleuchtung-lancia-kappa-berlina-coupe-beschadigt-kopie\/","name":"Nummernschildbeleuchtung Lancia Kappa Berlina + Coupe INCOMPLEET - Turijnmagazijn","isPartOf":{"@id":"https:\/\/turijnmagazijn.jumpstone-dev.nl\/#website"},"primaryImageOfPage":{"@id":"https:\/\/turijnmagazijn.nl\/de\/produkt\/kennzeichenbeleuchtung-lancia-kappa-berlina-coupe-beschadigt-kopie\/#primaryimage"},"image":{"@id":"https:\/\/turijnmagazijn.nl\/de\/produkt\/kennzeichenbeleuchtung-lancia-kappa-berlina-coupe-beschadigt-kopie\/#primaryimage"},"thumbnailUrl":"https:\/\/turijnmagazijn.nl\/wp-content\/uploads\/2024\/03\/DK0102678-Kenteken-verlichting-Lancia-Kappa-Berlina-Coupe-INCOMPLEET-46407216-1-scaled.jpg","datePublished":"2024-03-24T20:36:42+00:00","dateModified":"2025-04-15T18:54:29+00:00","breadcrumb":{"@id":"https:\/\/turijnmagazijn.nl\/de\/produkt\/kennzeichenbeleuchtung-lancia-kappa-berlina-coupe-beschadigt-kopie\/#breadcrumb"},"inLanguage":"de","potentialAction":[{"@type":"ReadAction","target":["https:\/\/turijnmagazijn.nl\/de\/produkt\/kennzeichenbeleuchtung-lancia-kappa-berlina-coupe-beschadigt-kopie\/"]}]},{"@type":"ImageObject","inLanguage":"de","@id":"https:\/\/turijnmagazijn.nl\/de\/produkt\/kennzeichenbeleuchtung-lancia-kappa-berlina-coupe-beschadigt-kopie\/#primaryimage","url":"https:\/\/turijnmagazijn.nl\/wp-content\/uploads\/2024\/03\/DK0102678-Kenteken-verlichting-Lancia-Kappa-Berlina-Coupe-INCOMPLEET-46407216-1-scaled.jpg","contentUrl":"https:\/\/turijnmagazijn.nl\/wp-content\/uploads\/2024\/03\/DK0102678-Kenteken-verlichting-Lancia-Kappa-Berlina-Coupe-INCOMPLEET-46407216-1-scaled.jpg","width":2560,"height":1920},{"@type":"BreadcrumbList","@id":"https:\/\/turijnmagazijn.nl\/de\/produkt\/kennzeichenbeleuchtung-lancia-kappa-berlina-coupe-beschadigt-kopie\/#breadcrumb","itemListElement":[{"@type":"ListItem","position":1,"name":"Home","item":"https:\/\/turijnmagazijn.jumpstone-dev.nl\/"},{"@type":"ListItem","position":2,"name":"Produkte","item":"https:\/\/turijnmagazijn.nl\/de\/shop\/"},{"@type":"ListItem","position":3,"name":"Nummernschildbeleuchtung Lancia Kappa Berlina + Coupe INCOMPLEET"}]},{"@type":"WebSite","@id":"https:\/\/turijnmagazijn.jumpstone-dev.nl\/#website","url":"https:\/\/turijnmagazijn.jumpstone-dev.nl\/","name":"Turijnmagazijn","description":"Onderdelen nieuw en gebruikt - Fiat &amp; Lancia","publisher":{"@id":"https:\/\/turijnmagazijn.jumpstone-dev.nl\/#organization"},"potentialAction":[{"@type":"SearchAction","target":{"@type":"EntryPoint","urlTemplate":"https:\/\/turijnmagazijn.jumpstone-dev.nl\/?s={search_term_string}"},"query-input":{"@type":"PropertyValueSpecification","valueRequired":true,"valueName":"search_term_string"}}],"inLanguage":"de"},{"@type":"Organization","@id":"https:\/\/turijnmagazijn.jumpstone-dev.nl\/#organization","name":"Turijnmagazijn","url":"https:\/\/turijnmagazijn.jumpstone-dev.nl\/","logo":{"@type":"ImageObject","inLanguage":"de","@id":"https:\/\/turijnmagazijn.jumpstone-dev.nl\/#\/schema\/logo\/image\/","url":"https:\/\/turijnmagazijn.nl\/wp-content\/uploads\/2021\/02\/turijnmagazijnlogo.png","contentUrl":"https:\/\/turijnmagazijn.nl\/wp-content\/uploads\/2021\/02\/turijnmagazijnlogo.png","width":555,"height":270,"caption":"Turijnmagazijn"},"image":{"@id":"https:\/\/turijnmagazijn.jumpstone-dev.nl\/#\/schema\/logo\/image\/"},"sameAs":["https:\/\/www.facebook.com\/turijnmagazijn"]}]}},"_links":{"self":[{"href":"https:\/\/turijnmagazijn.nl\/de\/wp-json\/wp\/v2\/product\/76919","targetHints":{"allow":["GET"]}}],"collection":[{"href":"https:\/\/turijnmagazijn.nl\/de\/wp-json\/wp\/v2\/product"}],"about":[{"href":"https:\/\/turijnmagazijn.nl\/de\/wp-json\/wp\/v2\/types\/product"}],"replies":[{"embeddable":true,"href":"https:\/\/turijnmagazijn.nl\/de\/wp-json\/wp\/v2\/comments?post=76919"}],"wp:featuredmedia":[{"embeddable":true,"href":"https:\/\/turijnmagazijn.nl\/de\/wp-json\/wp\/v2\/media\/77053"}],"wp:attachment":[{"href":"https:\/\/turijnmagazijn.nl\/de\/wp-json\/wp\/v2\/media?parent=76919"}],"wp:term":[{"taxonomy":"product_brand","embeddable":true,"href":"https:\/\/turijnmagazijn.nl\/de\/wp-json\/wp\/v2\/product_brand?post=76919"},{"taxonomy":"product_cat","embeddable":true,"href":"https:\/\/turijnmagazijn.nl\/de\/wp-json\/wp\/v2\/product_cat?post=76919"},{"taxonomy":"product_tag","embeddable":true,"href":"https:\/\/turijnmagazijn.nl\/de\/wp-json\/wp\/v2\/product_tag?post=76919"}],"curies":[{"name":"wp","href":"https:\/\/api.w.org\/{rel}","templated":true}]}}