{"id":77193,"date":"2024-04-19T16:38:10","date_gmt":"2024-04-19T14:38:10","guid":{"rendered":"https:\/\/turijnmagazijn.nl\/?post_type=product&#038;p=77193"},"modified":"2025-11-15T15:30:05","modified_gmt":"2025-11-15T14:30:05","slug":"dn010-dummy-lancia-delta-integrale-neue-nachahmung-kopie-9","status":"publish","type":"product","link":"https:\/\/turijnmagazijn.nl\/de\/produkt\/dn010-dummy-lancia-delta-integrale-neue-nachahmung-kopie-9\/","title":{"rendered":"R\u00fccklaufventil f\u00fcr die Scheibenwaschanlage Lancia Delta Integrale"},"content":{"rendered":"<p>Neues Nachahmungsteil.<\/p>\n<p><span data-sheets-root=\"1\" data-sheets-value=\"{\"1\":2,\"2\":\"Ruitensproeierslang terugstroomklepje Lancia Delta Integrale\"}\" data-sheets-userformat=\"{\"2\":513,\"3\":{\"1\":0},\"12\":0}\">R\u00fccklaufventil f\u00fcr den Scheibenwascherschlauch passend f\u00fcr Lancia Delta Integrale. Die Platzierung eines solchen Ventils in der Schlauchleitung der Scheibenwaschanlage kann sicherstellen, dass die Waschfl\u00fcssigkeit gut in der Leitung bleibt, so dass bei Bet\u00e4tigung sofort ein sch\u00f6ner Strahl aus der D\u00fcse kommt. Wenn Ihre Scheibenwaschanlage zun\u00e4chst ein wenig stottert und dann einen guten Strahl abgibt, k\u00f6nnte der Einbau eines R\u00fcckflussventils in die Leitung eine gute L\u00f6sung sein.<\/span><\/p>\n<p>Urspr\u00fcnglich wurde nur eine Klappe auf H\u00f6he der T-Kreuzung auf H\u00f6he des Parafans angebracht.<\/p>\n<p>Diese Ventile sind universell f\u00fcr fast jedes Auto einsetzbar.<\/p>\n","protected":false},"excerpt":{"rendered":"<p><span data-sheets-root=\"1\" data-sheets-value=\"{\"1\":2,\"2\":\"Ruitensproeierslang terugstroomklepje Lancia Delta Integrale\"}\" data-sheets-userformat=\"{\"2\":513,\"3\":{\"1\":0},\"12\":0}\">R\u00fccklaufventil f\u00fcr die Scheibenwaschanlage Lancia Delta Integrale<\/span><\/p>\n","protected":false},"featured_media":77279,"comment_status":"closed","ping_status":"closed","template":"","meta":{"_acf_changed":false},"product_brand":[],"product_cat":[1811,1847,1849,1864,1867,1807,1844,1817,1822,1826,1834,1829,1839,1859,1797,1874,1888,1891,1883,1878,1869,1894,1904,1900,1912,1913,1919],"product_tag":[],"class_list":{"0":"post-77193","1":"product","2":"type-product","3":"status-publish","4":"has-post-thumbnail","6":"product_cat-1-1-1-3-1-5-de","7":"product_cat-3-deurs-hpe-de","8":"product_cat-5-deurs-de","9":"product_cat-berlina-de","10":"product_cat-coupe-de","11":"product_cat-delta-1-831-de","12":"product_cat-delta-2-836-de","13":"product_cat-gt-i-e-de","14":"product_cat-hf-4wd-de","15":"product_cat-hf-turbo-de","16":"product_cat-integrale-16v-de","17":"product_cat-integrale-8v-de","18":"product_cat-integrale-evo-de","19":"product_cat-kappa-838-de","20":"product_cat-lancia-de","21":"product_cat-lybra-839-de","22":"product_cat-musa-350-de","23":"product_cat-prisma-831-de","24":"product_cat-sedan-lybra-839-de","25":"product_cat-sw-lybra-839-de","26":"product_cat-sw-de","27":"product_cat-thema-834-de","28":"product_cat-thema-sedan-de","29":"product_cat-thema-sw-de","30":"product_cat-y10-156-de","31":"product_cat-ypsilon-1-840-de","32":"product_cat-ypsilon-2-843-de","33":"pa_soort-onderdeel-fenster-und-zubehor","35":"first","36":"instock","37":"taxable","38":"shipping-taxable","39":"purchasable","40":"product-type-simple"},"acf":[],"yoast_head":"<!-- This site is optimized with the Yoast SEO plugin v27.3 - https:\/\/yoast.com\/product\/yoast-seo-wordpress\/ -->\n<title>R\u00fccklaufventil f\u00fcr die Scheibenwaschanlage Lancia Delta Integrale - Turijnmagazijn<\/title>\n<meta name=\"robots\" content=\"index, follow, max-snippet:-1, max-image-preview:large, max-video-preview:-1\" \/>\n<link rel=\"canonical\" href=\"https:\/\/turijnmagazijn.nl\/de\/produkt\/dn010-dummy-lancia-delta-integrale-neue-nachahmung-kopie-9\/\" \/>\n<meta property=\"og:locale\" content=\"de_DE\" \/>\n<meta property=\"og:type\" content=\"article\" \/>\n<meta property=\"og:title\" content=\"R\u00fccklaufventil f\u00fcr die Scheibenwaschanlage Lancia Delta Integrale - Turijnmagazijn\" \/>\n<meta property=\"og:description\" content=\"R\u00fccklaufventil f\u00fcr die Scheibenwaschanlage Lancia Delta Integrale\" \/>\n<meta property=\"og:url\" content=\"https:\/\/turijnmagazijn.nl\/de\/produkt\/dn010-dummy-lancia-delta-integrale-neue-nachahmung-kopie-9\/\" \/>\n<meta property=\"og:site_name\" content=\"Turijnmagazijn\" \/>\n<meta property=\"article:publisher\" content=\"https:\/\/www.facebook.com\/turijnmagazijn\" \/>\n<meta property=\"article:modified_time\" content=\"2025-11-15T14:30:05+00:00\" \/>\n<meta property=\"og:image\" content=\"https:\/\/turijnmagazijn.nl\/wp-content\/uploads\/2024\/04\/DN0100348-Ruitensproeierslang-terugstroomklepje-Lancia-Delta-Integrale-nvt-1-scaled.jpg\" \/>\n\t<meta property=\"og:image:width\" content=\"2560\" \/>\n\t<meta property=\"og:image:height\" content=\"1920\" \/>\n\t<meta property=\"og:image:type\" content=\"image\/jpeg\" \/>\n<meta name=\"twitter:card\" content=\"summary_large_image\" \/>\n<meta name=\"twitter:label1\" content=\"Gesch\u00e4tzte Lesezeit\" \/>\n\t<meta name=\"twitter:data1\" content=\"1\u00a0Minute\" \/>\n<script type=\"application\/ld+json\" class=\"yoast-schema-graph\">{\"@context\":\"https:\\\/\\\/schema.org\",\"@graph\":[{\"@type\":\"WebPage\",\"@id\":\"https:\\\/\\\/turijnmagazijn.nl\\\/de\\\/produkt\\\/dn010-dummy-lancia-delta-integrale-neue-nachahmung-kopie-9\\\/\",\"url\":\"https:\\\/\\\/turijnmagazijn.nl\\\/de\\\/produkt\\\/dn010-dummy-lancia-delta-integrale-neue-nachahmung-kopie-9\\\/\",\"name\":\"R\u00fccklaufventil f\u00fcr die Scheibenwaschanlage Lancia Delta Integrale - Turijnmagazijn\",\"isPartOf\":{\"@id\":\"https:\\\/\\\/turijnmagazijn.jumpstone-dev.nl\\\/#website\"},\"primaryImageOfPage\":{\"@id\":\"https:\\\/\\\/turijnmagazijn.nl\\\/de\\\/produkt\\\/dn010-dummy-lancia-delta-integrale-neue-nachahmung-kopie-9\\\/#primaryimage\"},\"image\":{\"@id\":\"https:\\\/\\\/turijnmagazijn.nl\\\/de\\\/produkt\\\/dn010-dummy-lancia-delta-integrale-neue-nachahmung-kopie-9\\\/#primaryimage\"},\"thumbnailUrl\":\"https:\\\/\\\/turijnmagazijn.nl\\\/wp-content\\\/uploads\\\/2024\\\/04\\\/DN0100348-Ruitensproeierslang-terugstroomklepje-Lancia-Delta-Integrale-nvt-1-scaled.jpg\",\"datePublished\":\"2024-04-19T14:38:10+00:00\",\"dateModified\":\"2025-11-15T14:30:05+00:00\",\"breadcrumb\":{\"@id\":\"https:\\\/\\\/turijnmagazijn.nl\\\/de\\\/produkt\\\/dn010-dummy-lancia-delta-integrale-neue-nachahmung-kopie-9\\\/#breadcrumb\"},\"inLanguage\":\"de\",\"potentialAction\":[{\"@type\":\"ReadAction\",\"target\":[\"https:\\\/\\\/turijnmagazijn.nl\\\/de\\\/produkt\\\/dn010-dummy-lancia-delta-integrale-neue-nachahmung-kopie-9\\\/\"]}]},{\"@type\":\"ImageObject\",\"inLanguage\":\"de\",\"@id\":\"https:\\\/\\\/turijnmagazijn.nl\\\/de\\\/produkt\\\/dn010-dummy-lancia-delta-integrale-neue-nachahmung-kopie-9\\\/#primaryimage\",\"url\":\"https:\\\/\\\/turijnmagazijn.nl\\\/wp-content\\\/uploads\\\/2024\\\/04\\\/DN0100348-Ruitensproeierslang-terugstroomklepje-Lancia-Delta-Integrale-nvt-1-scaled.jpg\",\"contentUrl\":\"https:\\\/\\\/turijnmagazijn.nl\\\/wp-content\\\/uploads\\\/2024\\\/04\\\/DN0100348-Ruitensproeierslang-terugstroomklepje-Lancia-Delta-Integrale-nvt-1-scaled.jpg\",\"width\":2560,\"height\":1920},{\"@type\":\"BreadcrumbList\",\"@id\":\"https:\\\/\\\/turijnmagazijn.nl\\\/de\\\/produkt\\\/dn010-dummy-lancia-delta-integrale-neue-nachahmung-kopie-9\\\/#breadcrumb\",\"itemListElement\":[{\"@type\":\"ListItem\",\"position\":1,\"name\":\"Home\",\"item\":\"https:\\\/\\\/turijnmagazijn.nl\\\/de\\\/\"},{\"@type\":\"ListItem\",\"position\":2,\"name\":\"Produkte\",\"item\":\"https:\\\/\\\/turijnmagazijn.nl\\\/de\\\/shop\\\/\"},{\"@type\":\"ListItem\",\"position\":3,\"name\":\"R\u00fccklaufventil f\u00fcr die Scheibenwaschanlage Lancia Delta Integrale\"}]},{\"@type\":\"WebSite\",\"@id\":\"https:\\\/\\\/turijnmagazijn.jumpstone-dev.nl\\\/#website\",\"url\":\"https:\\\/\\\/turijnmagazijn.jumpstone-dev.nl\\\/\",\"name\":\"Turijnmagazijn\",\"description\":\"Onderdelen nieuw en gebruikt - Fiat &amp; Lancia\",\"publisher\":{\"@id\":\"https:\\\/\\\/turijnmagazijn.jumpstone-dev.nl\\\/#organization\"},\"potentialAction\":[{\"@type\":\"SearchAction\",\"target\":{\"@type\":\"EntryPoint\",\"urlTemplate\":\"https:\\\/\\\/turijnmagazijn.jumpstone-dev.nl\\\/?s={search_term_string}\"},\"query-input\":{\"@type\":\"PropertyValueSpecification\",\"valueRequired\":true,\"valueName\":\"search_term_string\"}}],\"inLanguage\":\"de\"},{\"@type\":\"Organization\",\"@id\":\"https:\\\/\\\/turijnmagazijn.jumpstone-dev.nl\\\/#organization\",\"name\":\"Turijnmagazijn\",\"url\":\"https:\\\/\\\/turijnmagazijn.jumpstone-dev.nl\\\/\",\"logo\":{\"@type\":\"ImageObject\",\"inLanguage\":\"de\",\"@id\":\"https:\\\/\\\/turijnmagazijn.jumpstone-dev.nl\\\/#\\\/schema\\\/logo\\\/image\\\/\",\"url\":\"https:\\\/\\\/turijnmagazijn.nl\\\/wp-content\\\/uploads\\\/2021\\\/02\\\/turijnmagazijnlogo.png\",\"contentUrl\":\"https:\\\/\\\/turijnmagazijn.nl\\\/wp-content\\\/uploads\\\/2021\\\/02\\\/turijnmagazijnlogo.png\",\"width\":555,\"height\":270,\"caption\":\"Turijnmagazijn\"},\"image\":{\"@id\":\"https:\\\/\\\/turijnmagazijn.jumpstone-dev.nl\\\/#\\\/schema\\\/logo\\\/image\\\/\"},\"sameAs\":[\"https:\\\/\\\/www.facebook.com\\\/turijnmagazijn\"]}]}<\/script>\n<!-- \/ Yoast SEO plugin. -->","yoast_head_json":{"title":"R\u00fccklaufventil f\u00fcr die Scheibenwaschanlage Lancia Delta Integrale - Turijnmagazijn","robots":{"index":"index","follow":"follow","max-snippet":"max-snippet:-1","max-image-preview":"max-image-preview:large","max-video-preview":"max-video-preview:-1"},"canonical":"https:\/\/turijnmagazijn.nl\/de\/produkt\/dn010-dummy-lancia-delta-integrale-neue-nachahmung-kopie-9\/","og_locale":"de_DE","og_type":"article","og_title":"R\u00fccklaufventil f\u00fcr die Scheibenwaschanlage Lancia Delta Integrale - Turijnmagazijn","og_description":"R\u00fccklaufventil f\u00fcr die Scheibenwaschanlage Lancia Delta Integrale","og_url":"https:\/\/turijnmagazijn.nl\/de\/produkt\/dn010-dummy-lancia-delta-integrale-neue-nachahmung-kopie-9\/","og_site_name":"Turijnmagazijn","article_publisher":"https:\/\/www.facebook.com\/turijnmagazijn","article_modified_time":"2025-11-15T14:30:05+00:00","og_image":[{"width":2560,"height":1920,"url":"https:\/\/turijnmagazijn.nl\/wp-content\/uploads\/2024\/04\/DN0100348-Ruitensproeierslang-terugstroomklepje-Lancia-Delta-Integrale-nvt-1-scaled.jpg","type":"image\/jpeg"}],"twitter_card":"summary_large_image","twitter_misc":{"Gesch\u00e4tzte Lesezeit":"1\u00a0Minute"},"schema":{"@context":"https:\/\/schema.org","@graph":[{"@type":"WebPage","@id":"https:\/\/turijnmagazijn.nl\/de\/produkt\/dn010-dummy-lancia-delta-integrale-neue-nachahmung-kopie-9\/","url":"https:\/\/turijnmagazijn.nl\/de\/produkt\/dn010-dummy-lancia-delta-integrale-neue-nachahmung-kopie-9\/","name":"R\u00fccklaufventil f\u00fcr die Scheibenwaschanlage Lancia Delta Integrale - Turijnmagazijn","isPartOf":{"@id":"https:\/\/turijnmagazijn.jumpstone-dev.nl\/#website"},"primaryImageOfPage":{"@id":"https:\/\/turijnmagazijn.nl\/de\/produkt\/dn010-dummy-lancia-delta-integrale-neue-nachahmung-kopie-9\/#primaryimage"},"image":{"@id":"https:\/\/turijnmagazijn.nl\/de\/produkt\/dn010-dummy-lancia-delta-integrale-neue-nachahmung-kopie-9\/#primaryimage"},"thumbnailUrl":"https:\/\/turijnmagazijn.nl\/wp-content\/uploads\/2024\/04\/DN0100348-Ruitensproeierslang-terugstroomklepje-Lancia-Delta-Integrale-nvt-1-scaled.jpg","datePublished":"2024-04-19T14:38:10+00:00","dateModified":"2025-11-15T14:30:05+00:00","breadcrumb":{"@id":"https:\/\/turijnmagazijn.nl\/de\/produkt\/dn010-dummy-lancia-delta-integrale-neue-nachahmung-kopie-9\/#breadcrumb"},"inLanguage":"de","potentialAction":[{"@type":"ReadAction","target":["https:\/\/turijnmagazijn.nl\/de\/produkt\/dn010-dummy-lancia-delta-integrale-neue-nachahmung-kopie-9\/"]}]},{"@type":"ImageObject","inLanguage":"de","@id":"https:\/\/turijnmagazijn.nl\/de\/produkt\/dn010-dummy-lancia-delta-integrale-neue-nachahmung-kopie-9\/#primaryimage","url":"https:\/\/turijnmagazijn.nl\/wp-content\/uploads\/2024\/04\/DN0100348-Ruitensproeierslang-terugstroomklepje-Lancia-Delta-Integrale-nvt-1-scaled.jpg","contentUrl":"https:\/\/turijnmagazijn.nl\/wp-content\/uploads\/2024\/04\/DN0100348-Ruitensproeierslang-terugstroomklepje-Lancia-Delta-Integrale-nvt-1-scaled.jpg","width":2560,"height":1920},{"@type":"BreadcrumbList","@id":"https:\/\/turijnmagazijn.nl\/de\/produkt\/dn010-dummy-lancia-delta-integrale-neue-nachahmung-kopie-9\/#breadcrumb","itemListElement":[{"@type":"ListItem","position":1,"name":"Home","item":"https:\/\/turijnmagazijn.nl\/de\/"},{"@type":"ListItem","position":2,"name":"Produkte","item":"https:\/\/turijnmagazijn.nl\/de\/shop\/"},{"@type":"ListItem","position":3,"name":"R\u00fccklaufventil f\u00fcr die Scheibenwaschanlage Lancia Delta Integrale"}]},{"@type":"WebSite","@id":"https:\/\/turijnmagazijn.jumpstone-dev.nl\/#website","url":"https:\/\/turijnmagazijn.jumpstone-dev.nl\/","name":"Turijnmagazijn","description":"Onderdelen nieuw en gebruikt - Fiat &amp; Lancia","publisher":{"@id":"https:\/\/turijnmagazijn.jumpstone-dev.nl\/#organization"},"potentialAction":[{"@type":"SearchAction","target":{"@type":"EntryPoint","urlTemplate":"https:\/\/turijnmagazijn.jumpstone-dev.nl\/?s={search_term_string}"},"query-input":{"@type":"PropertyValueSpecification","valueRequired":true,"valueName":"search_term_string"}}],"inLanguage":"de"},{"@type":"Organization","@id":"https:\/\/turijnmagazijn.jumpstone-dev.nl\/#organization","name":"Turijnmagazijn","url":"https:\/\/turijnmagazijn.jumpstone-dev.nl\/","logo":{"@type":"ImageObject","inLanguage":"de","@id":"https:\/\/turijnmagazijn.jumpstone-dev.nl\/#\/schema\/logo\/image\/","url":"https:\/\/turijnmagazijn.nl\/wp-content\/uploads\/2021\/02\/turijnmagazijnlogo.png","contentUrl":"https:\/\/turijnmagazijn.nl\/wp-content\/uploads\/2021\/02\/turijnmagazijnlogo.png","width":555,"height":270,"caption":"Turijnmagazijn"},"image":{"@id":"https:\/\/turijnmagazijn.jumpstone-dev.nl\/#\/schema\/logo\/image\/"},"sameAs":["https:\/\/www.facebook.com\/turijnmagazijn"]}]}},"_links":{"self":[{"href":"https:\/\/turijnmagazijn.nl\/de\/wp-json\/wp\/v2\/product\/77193","targetHints":{"allow":["GET"]}}],"collection":[{"href":"https:\/\/turijnmagazijn.nl\/de\/wp-json\/wp\/v2\/product"}],"about":[{"href":"https:\/\/turijnmagazijn.nl\/de\/wp-json\/wp\/v2\/types\/product"}],"replies":[{"embeddable":true,"href":"https:\/\/turijnmagazijn.nl\/de\/wp-json\/wp\/v2\/comments?post=77193"}],"wp:featuredmedia":[{"embeddable":true,"href":"https:\/\/turijnmagazijn.nl\/de\/wp-json\/wp\/v2\/media\/77279"}],"wp:attachment":[{"href":"https:\/\/turijnmagazijn.nl\/de\/wp-json\/wp\/v2\/media?parent=77193"}],"wp:term":[{"taxonomy":"product_brand","embeddable":true,"href":"https:\/\/turijnmagazijn.nl\/de\/wp-json\/wp\/v2\/product_brand?post=77193"},{"taxonomy":"product_cat","embeddable":true,"href":"https:\/\/turijnmagazijn.nl\/de\/wp-json\/wp\/v2\/product_cat?post=77193"},{"taxonomy":"product_tag","embeddable":true,"href":"https:\/\/turijnmagazijn.nl\/de\/wp-json\/wp\/v2\/product_tag?post=77193"}],"curies":[{"name":"wp","href":"https:\/\/api.w.org\/{rel}","templated":true}]}}