{"id":77203,"date":"2024-04-19T16:38:18","date_gmt":"2024-04-19T14:38:18","guid":{"rendered":"https:\/\/turijnmagazijn.nl\/?post_type=product&#038;p=77203"},"modified":"2025-04-15T20:44:12","modified_gmt":"2025-04-15T18:44:12","slug":"dn010-dummy-lancia-delta-integrale-neue-nachahmung-kopie-5","status":"publish","type":"product","link":"https:\/\/turijnmagazijn.nl\/de\/produkt\/dn010-dummy-lancia-delta-integrale-neue-nachahmung-kopie-5\/","title":{"rendered":"Gegenstecker 12-Volt-Zigarettenanz\u00fcnder Lancia Delta Integrale"},"content":{"rendered":"<p>Neues Nachahmungsteil.<\/p>\n<p><span data-sheets-root=\"1\" data-sheets-value=\"{\"1\":2,\"2\":\"Contra-stekker 12 volt sigarettenaansteker Lancia Delta Integrale\"}\" data-sheets-userformat=\"{\"2\":513,\"3\":{\"1\":0},\"12\":0}\">Gegenstecker 12-Volt-Zigarettenanz\u00fcnder Lancia Delta Integrale. Dies ist der Gegenstecker f\u00fcr den Stecker, der auf unserer Website als Teilenummer DN0100349 aufgef\u00fchrt ist. Dieser Stecker kann n\u00fctzlich sein, wenn Sie eine Abzweigung zur vorhandenen 12-Volt-Zigarettensteckdose machen wollen, ohne den urspr\u00fcnglichen Kabelbaum zu zerschneiden.  <\/span><\/p>\n<p>2-poliger Stecker.<\/p>\n","protected":false},"excerpt":{"rendered":"<p><span data-sheets-root=\"1\" data-sheets-value=\"{\"1\":2,\"2\":\"Contra-stekker 12 volt sigarettenaansteker Lancia Delta Integrale\"}\" data-sheets-userformat=\"{\"2\":513,\"3\":{\"1\":0},\"12\":0}\">Gegenstecker 12-Volt-Zigarettenanz\u00fcnder Lancia Delta Integrale.  <\/span><\/p>\n","protected":false},"featured_media":77314,"comment_status":"closed","ping_status":"closed","template":"","meta":{"_acf_changed":false},"product_brand":[],"product_cat":[1811,1807,1817,1822,1826,1834,1829,1839,1797],"product_tag":[],"class_list":{"0":"post-77203","1":"product","2":"type-product","3":"status-publish","4":"has-post-thumbnail","6":"product_cat-1-1-1-3-1-5-de","7":"product_cat-delta-1-831-de","8":"product_cat-gt-i-e-de","9":"product_cat-hf-4wd-de","10":"product_cat-hf-turbo-de","11":"product_cat-integrale-16v-de","12":"product_cat-integrale-8v-de","13":"product_cat-integrale-evo-de","14":"product_cat-lancia-de","15":"pa_soort-onderdeel-elektronik-und-kabel","17":"first","18":"instock","19":"taxable","20":"shipping-taxable","21":"purchasable","22":"product-type-simple"},"acf":[],"yoast_head":"<!-- This site is optimized with the Yoast SEO plugin v27.2 - https:\/\/yoast.com\/product\/yoast-seo-wordpress\/ -->\n<title>Gegenstecker 12-Volt-Zigarettenanz\u00fcnder Lancia Delta Integrale - Turijnmagazijn<\/title>\n<meta name=\"robots\" content=\"index, follow, max-snippet:-1, max-image-preview:large, max-video-preview:-1\" \/>\n<link rel=\"canonical\" href=\"https:\/\/turijnmagazijn.nl\/de\/produkt\/dn010-dummy-lancia-delta-integrale-neue-nachahmung-kopie-5\/\" \/>\n<meta property=\"og:locale\" content=\"de_DE\" \/>\n<meta property=\"og:type\" content=\"article\" \/>\n<meta property=\"og:title\" content=\"Gegenstecker 12-Volt-Zigarettenanz\u00fcnder Lancia Delta Integrale - Turijnmagazijn\" \/>\n<meta property=\"og:description\" content=\"Gegenstecker 12-Volt-Zigarettenanz\u00fcnder Lancia Delta Integrale.\" \/>\n<meta property=\"og:url\" content=\"https:\/\/turijnmagazijn.nl\/de\/produkt\/dn010-dummy-lancia-delta-integrale-neue-nachahmung-kopie-5\/\" \/>\n<meta property=\"og:site_name\" content=\"Turijnmagazijn\" \/>\n<meta property=\"article:publisher\" content=\"https:\/\/www.facebook.com\/turijnmagazijn\" \/>\n<meta property=\"article:modified_time\" content=\"2025-04-15T18:44:12+00:00\" \/>\n<meta property=\"og:image\" content=\"https:\/\/turijnmagazijn.nl\/wp-content\/uploads\/2024\/04\/DN0100350-Contra-stekker-12-volt-sigarettenaansteker-Lancia-Delta-Integrale-nvt-1-scaled.jpg\" \/>\n\t<meta property=\"og:image:width\" content=\"2560\" \/>\n\t<meta property=\"og:image:height\" content=\"1920\" \/>\n\t<meta property=\"og:image:type\" content=\"image\/jpeg\" \/>\n<meta name=\"twitter:card\" content=\"summary_large_image\" \/>\n<script type=\"application\/ld+json\" class=\"yoast-schema-graph\">{\"@context\":\"https:\/\/schema.org\",\"@graph\":[{\"@type\":\"WebPage\",\"@id\":\"https:\/\/turijnmagazijn.nl\/de\/produkt\/dn010-dummy-lancia-delta-integrale-neue-nachahmung-kopie-5\/\",\"url\":\"https:\/\/turijnmagazijn.nl\/de\/produkt\/dn010-dummy-lancia-delta-integrale-neue-nachahmung-kopie-5\/\",\"name\":\"Gegenstecker 12-Volt-Zigarettenanz\u00fcnder Lancia Delta Integrale - Turijnmagazijn\",\"isPartOf\":{\"@id\":\"https:\/\/turijnmagazijn.jumpstone-dev.nl\/#website\"},\"primaryImageOfPage\":{\"@id\":\"https:\/\/turijnmagazijn.nl\/de\/produkt\/dn010-dummy-lancia-delta-integrale-neue-nachahmung-kopie-5\/#primaryimage\"},\"image\":{\"@id\":\"https:\/\/turijnmagazijn.nl\/de\/produkt\/dn010-dummy-lancia-delta-integrale-neue-nachahmung-kopie-5\/#primaryimage\"},\"thumbnailUrl\":\"https:\/\/turijnmagazijn.nl\/wp-content\/uploads\/2024\/04\/DN0100350-Contra-stekker-12-volt-sigarettenaansteker-Lancia-Delta-Integrale-nvt-1-scaled.jpg\",\"datePublished\":\"2024-04-19T14:38:18+00:00\",\"dateModified\":\"2025-04-15T18:44:12+00:00\",\"breadcrumb\":{\"@id\":\"https:\/\/turijnmagazijn.nl\/de\/produkt\/dn010-dummy-lancia-delta-integrale-neue-nachahmung-kopie-5\/#breadcrumb\"},\"inLanguage\":\"de\",\"potentialAction\":[{\"@type\":\"ReadAction\",\"target\":[\"https:\/\/turijnmagazijn.nl\/de\/produkt\/dn010-dummy-lancia-delta-integrale-neue-nachahmung-kopie-5\/\"]}]},{\"@type\":\"ImageObject\",\"inLanguage\":\"de\",\"@id\":\"https:\/\/turijnmagazijn.nl\/de\/produkt\/dn010-dummy-lancia-delta-integrale-neue-nachahmung-kopie-5\/#primaryimage\",\"url\":\"https:\/\/turijnmagazijn.nl\/wp-content\/uploads\/2024\/04\/DN0100350-Contra-stekker-12-volt-sigarettenaansteker-Lancia-Delta-Integrale-nvt-1-scaled.jpg\",\"contentUrl\":\"https:\/\/turijnmagazijn.nl\/wp-content\/uploads\/2024\/04\/DN0100350-Contra-stekker-12-volt-sigarettenaansteker-Lancia-Delta-Integrale-nvt-1-scaled.jpg\",\"width\":2560,\"height\":1920},{\"@type\":\"BreadcrumbList\",\"@id\":\"https:\/\/turijnmagazijn.nl\/de\/produkt\/dn010-dummy-lancia-delta-integrale-neue-nachahmung-kopie-5\/#breadcrumb\",\"itemListElement\":[{\"@type\":\"ListItem\",\"position\":1,\"name\":\"Home\",\"item\":\"https:\/\/turijnmagazijn.nl\/de\/\"},{\"@type\":\"ListItem\",\"position\":2,\"name\":\"Produkte\",\"item\":\"https:\/\/turijnmagazijn.nl\/de\/shop\/\"},{\"@type\":\"ListItem\",\"position\":3,\"name\":\"Gegenstecker 12-Volt-Zigarettenanz\u00fcnder Lancia Delta Integrale\"}]},{\"@type\":\"WebSite\",\"@id\":\"https:\/\/turijnmagazijn.jumpstone-dev.nl\/#website\",\"url\":\"https:\/\/turijnmagazijn.jumpstone-dev.nl\/\",\"name\":\"Turijnmagazijn\",\"description\":\"Onderdelen nieuw en gebruikt - Fiat &amp; Lancia\",\"publisher\":{\"@id\":\"https:\/\/turijnmagazijn.jumpstone-dev.nl\/#organization\"},\"potentialAction\":[{\"@type\":\"SearchAction\",\"target\":{\"@type\":\"EntryPoint\",\"urlTemplate\":\"https:\/\/turijnmagazijn.jumpstone-dev.nl\/?s={search_term_string}\"},\"query-input\":{\"@type\":\"PropertyValueSpecification\",\"valueRequired\":true,\"valueName\":\"search_term_string\"}}],\"inLanguage\":\"de\"},{\"@type\":\"Organization\",\"@id\":\"https:\/\/turijnmagazijn.jumpstone-dev.nl\/#organization\",\"name\":\"Turijnmagazijn\",\"url\":\"https:\/\/turijnmagazijn.jumpstone-dev.nl\/\",\"logo\":{\"@type\":\"ImageObject\",\"inLanguage\":\"de\",\"@id\":\"https:\/\/turijnmagazijn.jumpstone-dev.nl\/#\/schema\/logo\/image\/\",\"url\":\"https:\/\/turijnmagazijn.nl\/wp-content\/uploads\/2021\/02\/turijnmagazijnlogo.png\",\"contentUrl\":\"https:\/\/turijnmagazijn.nl\/wp-content\/uploads\/2021\/02\/turijnmagazijnlogo.png\",\"width\":555,\"height\":270,\"caption\":\"Turijnmagazijn\"},\"image\":{\"@id\":\"https:\/\/turijnmagazijn.jumpstone-dev.nl\/#\/schema\/logo\/image\/\"},\"sameAs\":[\"https:\/\/www.facebook.com\/turijnmagazijn\"]}]}<\/script>\n<!-- \/ Yoast SEO plugin. -->","yoast_head_json":{"title":"Gegenstecker 12-Volt-Zigarettenanz\u00fcnder Lancia Delta Integrale - Turijnmagazijn","robots":{"index":"index","follow":"follow","max-snippet":"max-snippet:-1","max-image-preview":"max-image-preview:large","max-video-preview":"max-video-preview:-1"},"canonical":"https:\/\/turijnmagazijn.nl\/de\/produkt\/dn010-dummy-lancia-delta-integrale-neue-nachahmung-kopie-5\/","og_locale":"de_DE","og_type":"article","og_title":"Gegenstecker 12-Volt-Zigarettenanz\u00fcnder Lancia Delta Integrale - Turijnmagazijn","og_description":"Gegenstecker 12-Volt-Zigarettenanz\u00fcnder Lancia Delta Integrale.","og_url":"https:\/\/turijnmagazijn.nl\/de\/produkt\/dn010-dummy-lancia-delta-integrale-neue-nachahmung-kopie-5\/","og_site_name":"Turijnmagazijn","article_publisher":"https:\/\/www.facebook.com\/turijnmagazijn","article_modified_time":"2025-04-15T18:44:12+00:00","og_image":[{"width":2560,"height":1920,"url":"https:\/\/turijnmagazijn.nl\/wp-content\/uploads\/2024\/04\/DN0100350-Contra-stekker-12-volt-sigarettenaansteker-Lancia-Delta-Integrale-nvt-1-scaled.jpg","type":"image\/jpeg"}],"twitter_card":"summary_large_image","schema":{"@context":"https:\/\/schema.org","@graph":[{"@type":"WebPage","@id":"https:\/\/turijnmagazijn.nl\/de\/produkt\/dn010-dummy-lancia-delta-integrale-neue-nachahmung-kopie-5\/","url":"https:\/\/turijnmagazijn.nl\/de\/produkt\/dn010-dummy-lancia-delta-integrale-neue-nachahmung-kopie-5\/","name":"Gegenstecker 12-Volt-Zigarettenanz\u00fcnder Lancia Delta Integrale - Turijnmagazijn","isPartOf":{"@id":"https:\/\/turijnmagazijn.jumpstone-dev.nl\/#website"},"primaryImageOfPage":{"@id":"https:\/\/turijnmagazijn.nl\/de\/produkt\/dn010-dummy-lancia-delta-integrale-neue-nachahmung-kopie-5\/#primaryimage"},"image":{"@id":"https:\/\/turijnmagazijn.nl\/de\/produkt\/dn010-dummy-lancia-delta-integrale-neue-nachahmung-kopie-5\/#primaryimage"},"thumbnailUrl":"https:\/\/turijnmagazijn.nl\/wp-content\/uploads\/2024\/04\/DN0100350-Contra-stekker-12-volt-sigarettenaansteker-Lancia-Delta-Integrale-nvt-1-scaled.jpg","datePublished":"2024-04-19T14:38:18+00:00","dateModified":"2025-04-15T18:44:12+00:00","breadcrumb":{"@id":"https:\/\/turijnmagazijn.nl\/de\/produkt\/dn010-dummy-lancia-delta-integrale-neue-nachahmung-kopie-5\/#breadcrumb"},"inLanguage":"de","potentialAction":[{"@type":"ReadAction","target":["https:\/\/turijnmagazijn.nl\/de\/produkt\/dn010-dummy-lancia-delta-integrale-neue-nachahmung-kopie-5\/"]}]},{"@type":"ImageObject","inLanguage":"de","@id":"https:\/\/turijnmagazijn.nl\/de\/produkt\/dn010-dummy-lancia-delta-integrale-neue-nachahmung-kopie-5\/#primaryimage","url":"https:\/\/turijnmagazijn.nl\/wp-content\/uploads\/2024\/04\/DN0100350-Contra-stekker-12-volt-sigarettenaansteker-Lancia-Delta-Integrale-nvt-1-scaled.jpg","contentUrl":"https:\/\/turijnmagazijn.nl\/wp-content\/uploads\/2024\/04\/DN0100350-Contra-stekker-12-volt-sigarettenaansteker-Lancia-Delta-Integrale-nvt-1-scaled.jpg","width":2560,"height":1920},{"@type":"BreadcrumbList","@id":"https:\/\/turijnmagazijn.nl\/de\/produkt\/dn010-dummy-lancia-delta-integrale-neue-nachahmung-kopie-5\/#breadcrumb","itemListElement":[{"@type":"ListItem","position":1,"name":"Home","item":"https:\/\/turijnmagazijn.nl\/de\/"},{"@type":"ListItem","position":2,"name":"Produkte","item":"https:\/\/turijnmagazijn.nl\/de\/shop\/"},{"@type":"ListItem","position":3,"name":"Gegenstecker 12-Volt-Zigarettenanz\u00fcnder Lancia Delta Integrale"}]},{"@type":"WebSite","@id":"https:\/\/turijnmagazijn.jumpstone-dev.nl\/#website","url":"https:\/\/turijnmagazijn.jumpstone-dev.nl\/","name":"Turijnmagazijn","description":"Onderdelen nieuw en gebruikt - Fiat &amp; Lancia","publisher":{"@id":"https:\/\/turijnmagazijn.jumpstone-dev.nl\/#organization"},"potentialAction":[{"@type":"SearchAction","target":{"@type":"EntryPoint","urlTemplate":"https:\/\/turijnmagazijn.jumpstone-dev.nl\/?s={search_term_string}"},"query-input":{"@type":"PropertyValueSpecification","valueRequired":true,"valueName":"search_term_string"}}],"inLanguage":"de"},{"@type":"Organization","@id":"https:\/\/turijnmagazijn.jumpstone-dev.nl\/#organization","name":"Turijnmagazijn","url":"https:\/\/turijnmagazijn.jumpstone-dev.nl\/","logo":{"@type":"ImageObject","inLanguage":"de","@id":"https:\/\/turijnmagazijn.jumpstone-dev.nl\/#\/schema\/logo\/image\/","url":"https:\/\/turijnmagazijn.nl\/wp-content\/uploads\/2021\/02\/turijnmagazijnlogo.png","contentUrl":"https:\/\/turijnmagazijn.nl\/wp-content\/uploads\/2021\/02\/turijnmagazijnlogo.png","width":555,"height":270,"caption":"Turijnmagazijn"},"image":{"@id":"https:\/\/turijnmagazijn.jumpstone-dev.nl\/#\/schema\/logo\/image\/"},"sameAs":["https:\/\/www.facebook.com\/turijnmagazijn"]}]}},"_links":{"self":[{"href":"https:\/\/turijnmagazijn.nl\/de\/wp-json\/wp\/v2\/product\/77203","targetHints":{"allow":["GET"]}}],"collection":[{"href":"https:\/\/turijnmagazijn.nl\/de\/wp-json\/wp\/v2\/product"}],"about":[{"href":"https:\/\/turijnmagazijn.nl\/de\/wp-json\/wp\/v2\/types\/product"}],"replies":[{"embeddable":true,"href":"https:\/\/turijnmagazijn.nl\/de\/wp-json\/wp\/v2\/comments?post=77203"}],"wp:featuredmedia":[{"embeddable":true,"href":"https:\/\/turijnmagazijn.nl\/de\/wp-json\/wp\/v2\/media\/77314"}],"wp:attachment":[{"href":"https:\/\/turijnmagazijn.nl\/de\/wp-json\/wp\/v2\/media?parent=77203"}],"wp:term":[{"taxonomy":"product_brand","embeddable":true,"href":"https:\/\/turijnmagazijn.nl\/de\/wp-json\/wp\/v2\/product_brand?post=77203"},{"taxonomy":"product_cat","embeddable":true,"href":"https:\/\/turijnmagazijn.nl\/de\/wp-json\/wp\/v2\/product_cat?post=77203"},{"taxonomy":"product_tag","embeddable":true,"href":"https:\/\/turijnmagazijn.nl\/de\/wp-json\/wp\/v2\/product_tag?post=77203"}],"curies":[{"name":"wp","href":"https:\/\/api.w.org\/{rel}","templated":true}]}}