{"id":77346,"date":"2024-04-27T09:43:14","date_gmt":"2024-04-27T07:43:14","guid":{"rendered":"https:\/\/turijnmagazijn.nl\/product\/glassockellampe-1-2w-lancia-delta-integrale-instrumentenleuchte\/"},"modified":"2025-11-15T15:30:05","modified_gmt":"2025-11-15T14:30:05","slug":"glassockellampe-1-2w-lancia-delta-integrale-instrumentenleuchte","status":"publish","type":"product","link":"https:\/\/turijnmagazijn.nl\/de\/produkt\/glassockellampe-1-2w-lancia-delta-integrale-instrumentenleuchte\/","title":{"rendered":"Glassockellampe 1.2W Lancia Delta Integrale Instrumentenleuchte"},"content":{"rendered":"<p><span data-sheets-root=\"1\" data-sheets-value=\"{\"1\":2,\"2\":\"Glassokkellampje 1,2W Lancia Delta Integrale instrumentverlichting\"}\" data-sheets-userformat=\"{\"2\":513,\"3\":{\"1\":0},\"12\":0}\">Glassockellampe 1,2Watt f\u00fcr den Einsatz im Lancia Delta Integrale f\u00fcr die Instrumentenbeleuchtung. Diese Leuchten befinden sich unter anderem hinter den Warnleuchten im Z\u00e4hlerkasten.<\/span><\/p>\n<p>Auch f\u00fcr den Lancia Delta II und viele andere Modelle von Fiat, Lancia und Alfa Romeo aus den 1990er Jahren.<\/p>\n<p>Gl\u00fchbirne der Marke Philips.<\/p>\n<p>OEM Lancia <span data-sheets-root=\"1\" data-sheets-value=\"{\"1\":2,\"2\":\"14143790\"}\" data-sheets-userformat=\"{\"2\":513,\"3\":{\"1\":1},\"12\":0}\">14143790<\/span><\/p>\n<p>Betrifft das Teil Nummer 3 auf der technischen Zeichnung mit der Bezeichnung 289F8BCAC0A25333A990E548B775E5D6 von EPER.<\/p>\n","protected":false},"excerpt":{"rendered":"<p><span data-sheets-root=\"1\" data-sheets-value=\"{\"1\":2,\"2\":\"14143790\"}\" data-sheets-userformat=\"{\"2\":513,\"3\":{\"1\":1},\"12\":0}\">14143790 <\/span><span data-sheets-root=\"1\" data-sheets-value=\"{\"1\":2,\"2\":\"Glassokkellampje 1,2W Lancia Delta Integrale instrumentverlichting\"}\" data-sheets-userformat=\"{\"2\":513,\"3\":{\"1\":0},\"12\":0}\">Glassockel-Gl\u00fchbirne Philips 1.2Watt f\u00fcr den Einsatz im Lancia Delta Integrale f\u00fcr die Instrumentenbeleuchtung. <\/span> <\/p>\n","protected":false},"featured_media":77408,"comment_status":"open","ping_status":"closed","template":"","meta":{"_acf_changed":false},"product_brand":[],"product_cat":[1811,1807,1844,1822,1826,1834,1829,1839,1797],"product_tag":[],"class_list":{"0":"post-77346","1":"product","2":"type-product","3":"status-publish","4":"has-post-thumbnail","6":"product_cat-1-1-1-3-1-5-de","7":"product_cat-delta-1-831-de","8":"product_cat-delta-2-836-de","9":"product_cat-hf-4wd-de","10":"product_cat-hf-turbo-de","11":"product_cat-integrale-16v-de","12":"product_cat-integrale-8v-de","13":"product_cat-integrale-evo-de","14":"product_cat-lancia-de","15":"pa_soort-onderdeel-beleuchtung","17":"first","18":"instock","19":"taxable","20":"shipping-taxable","21":"purchasable","22":"product-type-simple"},"acf":[],"yoast_head":"<!-- This site is optimized with the Yoast SEO plugin v27.3 - https:\/\/yoast.com\/product\/yoast-seo-wordpress\/ -->\n<title>Glassockellampe 1.2W Lancia Delta Integrale Instrumentenleuchte - Turijnmagazijn<\/title>\n<meta name=\"robots\" content=\"index, follow, max-snippet:-1, max-image-preview:large, max-video-preview:-1\" \/>\n<link rel=\"canonical\" href=\"https:\/\/turijnmagazijn.nl\/de\/produkt\/glassockellampe-1-2w-lancia-delta-integrale-instrumentenleuchte\/\" \/>\n<meta property=\"og:locale\" content=\"de_DE\" \/>\n<meta property=\"og:type\" content=\"article\" \/>\n<meta property=\"og:title\" content=\"Glassockellampe 1.2W Lancia Delta Integrale Instrumentenleuchte - Turijnmagazijn\" \/>\n<meta property=\"og:description\" content=\"14143790 Glassockel-Gl\u00fchbirne Philips 1.2Watt f\u00fcr den Einsatz im Lancia Delta Integrale f\u00fcr die Instrumentenbeleuchtung.\" \/>\n<meta property=\"og:url\" content=\"https:\/\/turijnmagazijn.nl\/de\/produkt\/glassockellampe-1-2w-lancia-delta-integrale-instrumentenleuchte\/\" \/>\n<meta property=\"og:site_name\" content=\"Turijnmagazijn\" \/>\n<meta property=\"article:publisher\" content=\"https:\/\/www.facebook.com\/turijnmagazijn\" \/>\n<meta property=\"article:modified_time\" content=\"2025-11-15T14:30:05+00:00\" \/>\n<meta property=\"og:image\" content=\"https:\/\/turijnmagazijn.nl\/wp-content\/uploads\/2024\/04\/DN0100353-Glassokkellampje-12W-Lancia-Delta-Integrale-instrumentverlichting-14143790-1-scaled.jpg\" \/>\n\t<meta property=\"og:image:width\" content=\"2560\" \/>\n\t<meta property=\"og:image:height\" content=\"1920\" \/>\n\t<meta property=\"og:image:type\" content=\"image\/jpeg\" \/>\n<meta name=\"twitter:card\" content=\"summary_large_image\" \/>\n<script type=\"application\/ld+json\" class=\"yoast-schema-graph\">{\"@context\":\"https:\\\/\\\/schema.org\",\"@graph\":[{\"@type\":\"WebPage\",\"@id\":\"https:\\\/\\\/turijnmagazijn.nl\\\/de\\\/produkt\\\/glassockellampe-1-2w-lancia-delta-integrale-instrumentenleuchte\\\/\",\"url\":\"https:\\\/\\\/turijnmagazijn.nl\\\/de\\\/produkt\\\/glassockellampe-1-2w-lancia-delta-integrale-instrumentenleuchte\\\/\",\"name\":\"Glassockellampe 1.2W Lancia Delta Integrale Instrumentenleuchte - Turijnmagazijn\",\"isPartOf\":{\"@id\":\"https:\\\/\\\/turijnmagazijn.jumpstone-dev.nl\\\/#website\"},\"primaryImageOfPage\":{\"@id\":\"https:\\\/\\\/turijnmagazijn.nl\\\/de\\\/produkt\\\/glassockellampe-1-2w-lancia-delta-integrale-instrumentenleuchte\\\/#primaryimage\"},\"image\":{\"@id\":\"https:\\\/\\\/turijnmagazijn.nl\\\/de\\\/produkt\\\/glassockellampe-1-2w-lancia-delta-integrale-instrumentenleuchte\\\/#primaryimage\"},\"thumbnailUrl\":\"https:\\\/\\\/turijnmagazijn.nl\\\/wp-content\\\/uploads\\\/2024\\\/04\\\/DN0100353-Glassokkellampje-12W-Lancia-Delta-Integrale-instrumentverlichting-14143790-1-scaled.jpg\",\"datePublished\":\"2024-04-27T07:43:14+00:00\",\"dateModified\":\"2025-11-15T14:30:05+00:00\",\"breadcrumb\":{\"@id\":\"https:\\\/\\\/turijnmagazijn.nl\\\/de\\\/produkt\\\/glassockellampe-1-2w-lancia-delta-integrale-instrumentenleuchte\\\/#breadcrumb\"},\"inLanguage\":\"de\",\"potentialAction\":[{\"@type\":\"ReadAction\",\"target\":[\"https:\\\/\\\/turijnmagazijn.nl\\\/de\\\/produkt\\\/glassockellampe-1-2w-lancia-delta-integrale-instrumentenleuchte\\\/\"]}]},{\"@type\":\"ImageObject\",\"inLanguage\":\"de\",\"@id\":\"https:\\\/\\\/turijnmagazijn.nl\\\/de\\\/produkt\\\/glassockellampe-1-2w-lancia-delta-integrale-instrumentenleuchte\\\/#primaryimage\",\"url\":\"https:\\\/\\\/turijnmagazijn.nl\\\/wp-content\\\/uploads\\\/2024\\\/04\\\/DN0100353-Glassokkellampje-12W-Lancia-Delta-Integrale-instrumentverlichting-14143790-1-scaled.jpg\",\"contentUrl\":\"https:\\\/\\\/turijnmagazijn.nl\\\/wp-content\\\/uploads\\\/2024\\\/04\\\/DN0100353-Glassokkellampje-12W-Lancia-Delta-Integrale-instrumentverlichting-14143790-1-scaled.jpg\",\"width\":2560,\"height\":1920},{\"@type\":\"BreadcrumbList\",\"@id\":\"https:\\\/\\\/turijnmagazijn.nl\\\/de\\\/produkt\\\/glassockellampe-1-2w-lancia-delta-integrale-instrumentenleuchte\\\/#breadcrumb\",\"itemListElement\":[{\"@type\":\"ListItem\",\"position\":1,\"name\":\"Home\",\"item\":\"https:\\\/\\\/turijnmagazijn.nl\\\/de\\\/\"},{\"@type\":\"ListItem\",\"position\":2,\"name\":\"Produkte\",\"item\":\"https:\\\/\\\/turijnmagazijn.nl\\\/de\\\/shop\\\/\"},{\"@type\":\"ListItem\",\"position\":3,\"name\":\"Glassockellampe 1.2W Lancia Delta Integrale Instrumentenleuchte\"}]},{\"@type\":\"WebSite\",\"@id\":\"https:\\\/\\\/turijnmagazijn.jumpstone-dev.nl\\\/#website\",\"url\":\"https:\\\/\\\/turijnmagazijn.jumpstone-dev.nl\\\/\",\"name\":\"Turijnmagazijn\",\"description\":\"Onderdelen nieuw en gebruikt - Fiat &amp; Lancia\",\"publisher\":{\"@id\":\"https:\\\/\\\/turijnmagazijn.jumpstone-dev.nl\\\/#organization\"},\"potentialAction\":[{\"@type\":\"SearchAction\",\"target\":{\"@type\":\"EntryPoint\",\"urlTemplate\":\"https:\\\/\\\/turijnmagazijn.jumpstone-dev.nl\\\/?s={search_term_string}\"},\"query-input\":{\"@type\":\"PropertyValueSpecification\",\"valueRequired\":true,\"valueName\":\"search_term_string\"}}],\"inLanguage\":\"de\"},{\"@type\":\"Organization\",\"@id\":\"https:\\\/\\\/turijnmagazijn.jumpstone-dev.nl\\\/#organization\",\"name\":\"Turijnmagazijn\",\"url\":\"https:\\\/\\\/turijnmagazijn.jumpstone-dev.nl\\\/\",\"logo\":{\"@type\":\"ImageObject\",\"inLanguage\":\"de\",\"@id\":\"https:\\\/\\\/turijnmagazijn.jumpstone-dev.nl\\\/#\\\/schema\\\/logo\\\/image\\\/\",\"url\":\"https:\\\/\\\/turijnmagazijn.nl\\\/wp-content\\\/uploads\\\/2021\\\/02\\\/turijnmagazijnlogo.png\",\"contentUrl\":\"https:\\\/\\\/turijnmagazijn.nl\\\/wp-content\\\/uploads\\\/2021\\\/02\\\/turijnmagazijnlogo.png\",\"width\":555,\"height\":270,\"caption\":\"Turijnmagazijn\"},\"image\":{\"@id\":\"https:\\\/\\\/turijnmagazijn.jumpstone-dev.nl\\\/#\\\/schema\\\/logo\\\/image\\\/\"},\"sameAs\":[\"https:\\\/\\\/www.facebook.com\\\/turijnmagazijn\"]}]}<\/script>\n<!-- \/ Yoast SEO plugin. -->","yoast_head_json":{"title":"Glassockellampe 1.2W Lancia Delta Integrale Instrumentenleuchte - Turijnmagazijn","robots":{"index":"index","follow":"follow","max-snippet":"max-snippet:-1","max-image-preview":"max-image-preview:large","max-video-preview":"max-video-preview:-1"},"canonical":"https:\/\/turijnmagazijn.nl\/de\/produkt\/glassockellampe-1-2w-lancia-delta-integrale-instrumentenleuchte\/","og_locale":"de_DE","og_type":"article","og_title":"Glassockellampe 1.2W Lancia Delta Integrale Instrumentenleuchte - Turijnmagazijn","og_description":"14143790 Glassockel-Gl\u00fchbirne Philips 1.2Watt f\u00fcr den Einsatz im Lancia Delta Integrale f\u00fcr die Instrumentenbeleuchtung.","og_url":"https:\/\/turijnmagazijn.nl\/de\/produkt\/glassockellampe-1-2w-lancia-delta-integrale-instrumentenleuchte\/","og_site_name":"Turijnmagazijn","article_publisher":"https:\/\/www.facebook.com\/turijnmagazijn","article_modified_time":"2025-11-15T14:30:05+00:00","og_image":[{"width":2560,"height":1920,"url":"https:\/\/turijnmagazijn.nl\/wp-content\/uploads\/2024\/04\/DN0100353-Glassokkellampje-12W-Lancia-Delta-Integrale-instrumentverlichting-14143790-1-scaled.jpg","type":"image\/jpeg"}],"twitter_card":"summary_large_image","schema":{"@context":"https:\/\/schema.org","@graph":[{"@type":"WebPage","@id":"https:\/\/turijnmagazijn.nl\/de\/produkt\/glassockellampe-1-2w-lancia-delta-integrale-instrumentenleuchte\/","url":"https:\/\/turijnmagazijn.nl\/de\/produkt\/glassockellampe-1-2w-lancia-delta-integrale-instrumentenleuchte\/","name":"Glassockellampe 1.2W Lancia Delta Integrale Instrumentenleuchte - Turijnmagazijn","isPartOf":{"@id":"https:\/\/turijnmagazijn.jumpstone-dev.nl\/#website"},"primaryImageOfPage":{"@id":"https:\/\/turijnmagazijn.nl\/de\/produkt\/glassockellampe-1-2w-lancia-delta-integrale-instrumentenleuchte\/#primaryimage"},"image":{"@id":"https:\/\/turijnmagazijn.nl\/de\/produkt\/glassockellampe-1-2w-lancia-delta-integrale-instrumentenleuchte\/#primaryimage"},"thumbnailUrl":"https:\/\/turijnmagazijn.nl\/wp-content\/uploads\/2024\/04\/DN0100353-Glassokkellampje-12W-Lancia-Delta-Integrale-instrumentverlichting-14143790-1-scaled.jpg","datePublished":"2024-04-27T07:43:14+00:00","dateModified":"2025-11-15T14:30:05+00:00","breadcrumb":{"@id":"https:\/\/turijnmagazijn.nl\/de\/produkt\/glassockellampe-1-2w-lancia-delta-integrale-instrumentenleuchte\/#breadcrumb"},"inLanguage":"de","potentialAction":[{"@type":"ReadAction","target":["https:\/\/turijnmagazijn.nl\/de\/produkt\/glassockellampe-1-2w-lancia-delta-integrale-instrumentenleuchte\/"]}]},{"@type":"ImageObject","inLanguage":"de","@id":"https:\/\/turijnmagazijn.nl\/de\/produkt\/glassockellampe-1-2w-lancia-delta-integrale-instrumentenleuchte\/#primaryimage","url":"https:\/\/turijnmagazijn.nl\/wp-content\/uploads\/2024\/04\/DN0100353-Glassokkellampje-12W-Lancia-Delta-Integrale-instrumentverlichting-14143790-1-scaled.jpg","contentUrl":"https:\/\/turijnmagazijn.nl\/wp-content\/uploads\/2024\/04\/DN0100353-Glassokkellampje-12W-Lancia-Delta-Integrale-instrumentverlichting-14143790-1-scaled.jpg","width":2560,"height":1920},{"@type":"BreadcrumbList","@id":"https:\/\/turijnmagazijn.nl\/de\/produkt\/glassockellampe-1-2w-lancia-delta-integrale-instrumentenleuchte\/#breadcrumb","itemListElement":[{"@type":"ListItem","position":1,"name":"Home","item":"https:\/\/turijnmagazijn.nl\/de\/"},{"@type":"ListItem","position":2,"name":"Produkte","item":"https:\/\/turijnmagazijn.nl\/de\/shop\/"},{"@type":"ListItem","position":3,"name":"Glassockellampe 1.2W Lancia Delta Integrale Instrumentenleuchte"}]},{"@type":"WebSite","@id":"https:\/\/turijnmagazijn.jumpstone-dev.nl\/#website","url":"https:\/\/turijnmagazijn.jumpstone-dev.nl\/","name":"Turijnmagazijn","description":"Onderdelen nieuw en gebruikt - Fiat &amp; Lancia","publisher":{"@id":"https:\/\/turijnmagazijn.jumpstone-dev.nl\/#organization"},"potentialAction":[{"@type":"SearchAction","target":{"@type":"EntryPoint","urlTemplate":"https:\/\/turijnmagazijn.jumpstone-dev.nl\/?s={search_term_string}"},"query-input":{"@type":"PropertyValueSpecification","valueRequired":true,"valueName":"search_term_string"}}],"inLanguage":"de"},{"@type":"Organization","@id":"https:\/\/turijnmagazijn.jumpstone-dev.nl\/#organization","name":"Turijnmagazijn","url":"https:\/\/turijnmagazijn.jumpstone-dev.nl\/","logo":{"@type":"ImageObject","inLanguage":"de","@id":"https:\/\/turijnmagazijn.jumpstone-dev.nl\/#\/schema\/logo\/image\/","url":"https:\/\/turijnmagazijn.nl\/wp-content\/uploads\/2021\/02\/turijnmagazijnlogo.png","contentUrl":"https:\/\/turijnmagazijn.nl\/wp-content\/uploads\/2021\/02\/turijnmagazijnlogo.png","width":555,"height":270,"caption":"Turijnmagazijn"},"image":{"@id":"https:\/\/turijnmagazijn.jumpstone-dev.nl\/#\/schema\/logo\/image\/"},"sameAs":["https:\/\/www.facebook.com\/turijnmagazijn"]}]}},"_links":{"self":[{"href":"https:\/\/turijnmagazijn.nl\/de\/wp-json\/wp\/v2\/product\/77346","targetHints":{"allow":["GET"]}}],"collection":[{"href":"https:\/\/turijnmagazijn.nl\/de\/wp-json\/wp\/v2\/product"}],"about":[{"href":"https:\/\/turijnmagazijn.nl\/de\/wp-json\/wp\/v2\/types\/product"}],"replies":[{"embeddable":true,"href":"https:\/\/turijnmagazijn.nl\/de\/wp-json\/wp\/v2\/comments?post=77346"}],"wp:featuredmedia":[{"embeddable":true,"href":"https:\/\/turijnmagazijn.nl\/de\/wp-json\/wp\/v2\/media\/77408"}],"wp:attachment":[{"href":"https:\/\/turijnmagazijn.nl\/de\/wp-json\/wp\/v2\/media?parent=77346"}],"wp:term":[{"taxonomy":"product_brand","embeddable":true,"href":"https:\/\/turijnmagazijn.nl\/de\/wp-json\/wp\/v2\/product_brand?post=77346"},{"taxonomy":"product_cat","embeddable":true,"href":"https:\/\/turijnmagazijn.nl\/de\/wp-json\/wp\/v2\/product_cat?post=77346"},{"taxonomy":"product_tag","embeddable":true,"href":"https:\/\/turijnmagazijn.nl\/de\/wp-json\/wp\/v2\/product_tag?post=77346"}],"curies":[{"name":"wp","href":"https:\/\/api.w.org\/{rel}","templated":true}]}}