{"id":77767,"date":"2024-07-13T10:30:59","date_gmt":"2024-07-13T08:30:59","guid":{"rendered":"https:\/\/turijnmagazijn.nl\/?post_type=product&#038;p=77767"},"modified":"2025-04-15T22:00:29","modified_gmt":"2025-04-15T20:00:29","slug":"zundschloss-2-schlussel-lancia-delta-integrale-kopie","status":"publish","type":"product","link":"https:\/\/turijnmagazijn.nl\/de\/produkt\/zundschloss-2-schlussel-lancia-delta-integrale-kopie\/","title":{"rendered":"Z\u00fcndschloss universal Lancia Delta 1 Fiat Croma 1 Ducato 1"},"content":{"rendered":"<p>Neues Universal-Z\u00fcndschloss f\u00fcr Lancia Delta Integrale. Kann einfach gegen ein altes Original ausgetauscht werden. Entfernen Sie die Motorhaube um die Lenks\u00e4ule und l\u00f6sen Sie sie dann mit zwei Schrauben und setzen Sie die neue ein. Da die T\u00fcrschl\u00f6sser bei jedem Delta I unterschiedlich sind, k\u00f6nnen Sie das Z\u00fcndschloss ungestraft gegen ein neues austauschen. Sie haben sofort einen v\u00f6llig neuen Mechanismus, Elektronik und zwei gut sitzende Schl\u00fcssel.<\/p>\n<p>Passt auch:<\/p>\n<ul>\n<li>Lancia Thema 1<\/li>\n<li>Fiat Croma 1<\/li>\n<li>Fiat Ducato 1<\/li>\n<\/ul>\n<p>Handelt es sich um ein neues, unbenutztes Z\u00fcndschloss mit zwei Schl\u00fcsseln.<\/p>\n<p>Dies sind Schl\u00fcssel mit dem Universalgriff ohne Markenform und ohne Beschriftung.<\/p>\n<p>Gilt auch f\u00fcr viele andere Fiat-Autos aus den sp\u00e4ten 1980er und fr\u00fchen 1990er Jahren.<\/p>\n<p>Der Schl\u00fcsselbarttyp dieser Schl\u00f6sser ist GT10.<\/p>\n<p>OEM Lancia 82438638 (nur als Referenz, kein OEM-Teil)<\/p>\n<p>OEM Fiat 82439821 (nur als Referenz, kein OEM-Teil)<\/p>\n","protected":false},"excerpt":{"rendered":"<p>Z\u00fcndschloss universal mit 2 Schl\u00fcsseln Lancia Delta Integrale -neu- &#8211; Neues Original-Z\u00fcndschloss f\u00fcr Lancia Delta Integrale.<\/p>\n","protected":false},"featured_media":77774,"comment_status":"closed","ping_status":"closed","template":"","meta":{"_acf_changed":false},"product_brand":[],"product_cat":[1811,1721,1807,1689,1817,1822,1826,1834,1829,1797,1894,1904,1900],"product_tag":[],"class_list":{"0":"post-77767","1":"product","2":"type-product","3":"status-publish","4":"has-post-thumbnail","6":"product_cat-1-1-1-3-1-5-de","7":"product_cat-croma-1-154-de","8":"product_cat-delta-1-831-de","9":"product_cat-fiat-de","10":"product_cat-gt-i-e-de","11":"product_cat-hf-4wd-de","12":"product_cat-hf-turbo-de","13":"product_cat-integrale-16v-de","14":"product_cat-integrale-8v-de","15":"product_cat-lancia-de","16":"product_cat-thema-834-de","17":"product_cat-thema-sedan-de","18":"product_cat-thema-sw-de","19":"pa_soort-onderdeel-karosserie-und-blech","21":"first","22":"instock","23":"taxable","24":"shipping-taxable","25":"purchasable","26":"product-type-simple"},"acf":[],"yoast_head":"<!-- This site is optimized with the Yoast SEO plugin v27.2 - https:\/\/yoast.com\/product\/yoast-seo-wordpress\/ -->\n<title>Z\u00fcndschloss universal Lancia Delta 1 Fiat Croma 1 Ducato 1 - Turijnmagazijn<\/title>\n<meta name=\"robots\" content=\"index, follow, max-snippet:-1, max-image-preview:large, max-video-preview:-1\" \/>\n<link rel=\"canonical\" href=\"https:\/\/turijnmagazijn.nl\/de\/produkt\/zundschloss-2-schlussel-lancia-delta-integrale-kopie\/\" \/>\n<meta property=\"og:locale\" content=\"de_DE\" \/>\n<meta property=\"og:type\" content=\"article\" \/>\n<meta property=\"og:title\" content=\"Z\u00fcndschloss universal Lancia Delta 1 Fiat Croma 1 Ducato 1 - Turijnmagazijn\" \/>\n<meta property=\"og:description\" content=\"Z\u00fcndschloss universal mit 2 Schl\u00fcsseln Lancia Delta Integrale -neu- - Neues Original-Z\u00fcndschloss f\u00fcr Lancia Delta Integrale.\" \/>\n<meta property=\"og:url\" content=\"https:\/\/turijnmagazijn.nl\/de\/produkt\/zundschloss-2-schlussel-lancia-delta-integrale-kopie\/\" \/>\n<meta property=\"og:site_name\" content=\"Turijnmagazijn\" \/>\n<meta property=\"article:publisher\" content=\"https:\/\/www.facebook.com\/turijnmagazijn\" \/>\n<meta property=\"article:modified_time\" content=\"2025-04-15T20:00:29+00:00\" \/>\n<meta property=\"og:image\" content=\"https:\/\/turijnmagazijn.nl\/wp-content\/uploads\/2024\/07\/DN0100356-Contactslot-universeel-Lancia-Delta-1-Fiat-Croma-1-Ducato-1-82438638-2-scaled.jpg\" \/>\n\t<meta property=\"og:image:width\" content=\"2560\" \/>\n\t<meta property=\"og:image:height\" content=\"1920\" \/>\n\t<meta property=\"og:image:type\" content=\"image\/jpeg\" \/>\n<meta name=\"twitter:card\" content=\"summary_large_image\" \/>\n<meta name=\"twitter:label1\" content=\"Gesch\u00e4tzte Lesezeit\" \/>\n\t<meta name=\"twitter:data1\" content=\"1\u00a0Minute\" \/>\n<script type=\"application\/ld+json\" class=\"yoast-schema-graph\">{\"@context\":\"https:\/\/schema.org\",\"@graph\":[{\"@type\":\"WebPage\",\"@id\":\"https:\/\/turijnmagazijn.nl\/de\/produkt\/zundschloss-2-schlussel-lancia-delta-integrale-kopie\/\",\"url\":\"https:\/\/turijnmagazijn.nl\/de\/produkt\/zundschloss-2-schlussel-lancia-delta-integrale-kopie\/\",\"name\":\"Z\u00fcndschloss universal Lancia Delta 1 Fiat Croma 1 Ducato 1 - Turijnmagazijn\",\"isPartOf\":{\"@id\":\"https:\/\/turijnmagazijn.jumpstone-dev.nl\/#website\"},\"primaryImageOfPage\":{\"@id\":\"https:\/\/turijnmagazijn.nl\/de\/produkt\/zundschloss-2-schlussel-lancia-delta-integrale-kopie\/#primaryimage\"},\"image\":{\"@id\":\"https:\/\/turijnmagazijn.nl\/de\/produkt\/zundschloss-2-schlussel-lancia-delta-integrale-kopie\/#primaryimage\"},\"thumbnailUrl\":\"https:\/\/turijnmagazijn.nl\/wp-content\/uploads\/2024\/07\/DN0100356-Contactslot-universeel-Lancia-Delta-1-Fiat-Croma-1-Ducato-1-82438638-2-scaled.jpg\",\"datePublished\":\"2024-07-13T08:30:59+00:00\",\"dateModified\":\"2025-04-15T20:00:29+00:00\",\"breadcrumb\":{\"@id\":\"https:\/\/turijnmagazijn.nl\/de\/produkt\/zundschloss-2-schlussel-lancia-delta-integrale-kopie\/#breadcrumb\"},\"inLanguage\":\"de\",\"potentialAction\":[{\"@type\":\"ReadAction\",\"target\":[\"https:\/\/turijnmagazijn.nl\/de\/produkt\/zundschloss-2-schlussel-lancia-delta-integrale-kopie\/\"]}]},{\"@type\":\"ImageObject\",\"inLanguage\":\"de\",\"@id\":\"https:\/\/turijnmagazijn.nl\/de\/produkt\/zundschloss-2-schlussel-lancia-delta-integrale-kopie\/#primaryimage\",\"url\":\"https:\/\/turijnmagazijn.nl\/wp-content\/uploads\/2024\/07\/DN0100356-Contactslot-universeel-Lancia-Delta-1-Fiat-Croma-1-Ducato-1-82438638-2-scaled.jpg\",\"contentUrl\":\"https:\/\/turijnmagazijn.nl\/wp-content\/uploads\/2024\/07\/DN0100356-Contactslot-universeel-Lancia-Delta-1-Fiat-Croma-1-Ducato-1-82438638-2-scaled.jpg\",\"width\":2560,\"height\":1920},{\"@type\":\"BreadcrumbList\",\"@id\":\"https:\/\/turijnmagazijn.nl\/de\/produkt\/zundschloss-2-schlussel-lancia-delta-integrale-kopie\/#breadcrumb\",\"itemListElement\":[{\"@type\":\"ListItem\",\"position\":1,\"name\":\"Home\",\"item\":\"https:\/\/turijnmagazijn.nl\/de\/\"},{\"@type\":\"ListItem\",\"position\":2,\"name\":\"Produkte\",\"item\":\"https:\/\/turijnmagazijn.nl\/de\/shop\/\"},{\"@type\":\"ListItem\",\"position\":3,\"name\":\"Z\u00fcndschloss universal Lancia Delta 1 Fiat Croma 1 Ducato 1\"}]},{\"@type\":\"WebSite\",\"@id\":\"https:\/\/turijnmagazijn.jumpstone-dev.nl\/#website\",\"url\":\"https:\/\/turijnmagazijn.jumpstone-dev.nl\/\",\"name\":\"Turijnmagazijn\",\"description\":\"Onderdelen nieuw en gebruikt - Fiat &amp; Lancia\",\"publisher\":{\"@id\":\"https:\/\/turijnmagazijn.jumpstone-dev.nl\/#organization\"},\"potentialAction\":[{\"@type\":\"SearchAction\",\"target\":{\"@type\":\"EntryPoint\",\"urlTemplate\":\"https:\/\/turijnmagazijn.jumpstone-dev.nl\/?s={search_term_string}\"},\"query-input\":{\"@type\":\"PropertyValueSpecification\",\"valueRequired\":true,\"valueName\":\"search_term_string\"}}],\"inLanguage\":\"de\"},{\"@type\":\"Organization\",\"@id\":\"https:\/\/turijnmagazijn.jumpstone-dev.nl\/#organization\",\"name\":\"Turijnmagazijn\",\"url\":\"https:\/\/turijnmagazijn.jumpstone-dev.nl\/\",\"logo\":{\"@type\":\"ImageObject\",\"inLanguage\":\"de\",\"@id\":\"https:\/\/turijnmagazijn.jumpstone-dev.nl\/#\/schema\/logo\/image\/\",\"url\":\"https:\/\/turijnmagazijn.nl\/wp-content\/uploads\/2021\/02\/turijnmagazijnlogo.png\",\"contentUrl\":\"https:\/\/turijnmagazijn.nl\/wp-content\/uploads\/2021\/02\/turijnmagazijnlogo.png\",\"width\":555,\"height\":270,\"caption\":\"Turijnmagazijn\"},\"image\":{\"@id\":\"https:\/\/turijnmagazijn.jumpstone-dev.nl\/#\/schema\/logo\/image\/\"},\"sameAs\":[\"https:\/\/www.facebook.com\/turijnmagazijn\"]}]}<\/script>\n<!-- \/ Yoast SEO plugin. -->","yoast_head_json":{"title":"Z\u00fcndschloss universal Lancia Delta 1 Fiat Croma 1 Ducato 1 - Turijnmagazijn","robots":{"index":"index","follow":"follow","max-snippet":"max-snippet:-1","max-image-preview":"max-image-preview:large","max-video-preview":"max-video-preview:-1"},"canonical":"https:\/\/turijnmagazijn.nl\/de\/produkt\/zundschloss-2-schlussel-lancia-delta-integrale-kopie\/","og_locale":"de_DE","og_type":"article","og_title":"Z\u00fcndschloss universal Lancia Delta 1 Fiat Croma 1 Ducato 1 - Turijnmagazijn","og_description":"Z\u00fcndschloss universal mit 2 Schl\u00fcsseln Lancia Delta Integrale -neu- - Neues Original-Z\u00fcndschloss f\u00fcr Lancia Delta Integrale.","og_url":"https:\/\/turijnmagazijn.nl\/de\/produkt\/zundschloss-2-schlussel-lancia-delta-integrale-kopie\/","og_site_name":"Turijnmagazijn","article_publisher":"https:\/\/www.facebook.com\/turijnmagazijn","article_modified_time":"2025-04-15T20:00:29+00:00","og_image":[{"width":2560,"height":1920,"url":"https:\/\/turijnmagazijn.nl\/wp-content\/uploads\/2024\/07\/DN0100356-Contactslot-universeel-Lancia-Delta-1-Fiat-Croma-1-Ducato-1-82438638-2-scaled.jpg","type":"image\/jpeg"}],"twitter_card":"summary_large_image","twitter_misc":{"Gesch\u00e4tzte Lesezeit":"1\u00a0Minute"},"schema":{"@context":"https:\/\/schema.org","@graph":[{"@type":"WebPage","@id":"https:\/\/turijnmagazijn.nl\/de\/produkt\/zundschloss-2-schlussel-lancia-delta-integrale-kopie\/","url":"https:\/\/turijnmagazijn.nl\/de\/produkt\/zundschloss-2-schlussel-lancia-delta-integrale-kopie\/","name":"Z\u00fcndschloss universal Lancia Delta 1 Fiat Croma 1 Ducato 1 - Turijnmagazijn","isPartOf":{"@id":"https:\/\/turijnmagazijn.jumpstone-dev.nl\/#website"},"primaryImageOfPage":{"@id":"https:\/\/turijnmagazijn.nl\/de\/produkt\/zundschloss-2-schlussel-lancia-delta-integrale-kopie\/#primaryimage"},"image":{"@id":"https:\/\/turijnmagazijn.nl\/de\/produkt\/zundschloss-2-schlussel-lancia-delta-integrale-kopie\/#primaryimage"},"thumbnailUrl":"https:\/\/turijnmagazijn.nl\/wp-content\/uploads\/2024\/07\/DN0100356-Contactslot-universeel-Lancia-Delta-1-Fiat-Croma-1-Ducato-1-82438638-2-scaled.jpg","datePublished":"2024-07-13T08:30:59+00:00","dateModified":"2025-04-15T20:00:29+00:00","breadcrumb":{"@id":"https:\/\/turijnmagazijn.nl\/de\/produkt\/zundschloss-2-schlussel-lancia-delta-integrale-kopie\/#breadcrumb"},"inLanguage":"de","potentialAction":[{"@type":"ReadAction","target":["https:\/\/turijnmagazijn.nl\/de\/produkt\/zundschloss-2-schlussel-lancia-delta-integrale-kopie\/"]}]},{"@type":"ImageObject","inLanguage":"de","@id":"https:\/\/turijnmagazijn.nl\/de\/produkt\/zundschloss-2-schlussel-lancia-delta-integrale-kopie\/#primaryimage","url":"https:\/\/turijnmagazijn.nl\/wp-content\/uploads\/2024\/07\/DN0100356-Contactslot-universeel-Lancia-Delta-1-Fiat-Croma-1-Ducato-1-82438638-2-scaled.jpg","contentUrl":"https:\/\/turijnmagazijn.nl\/wp-content\/uploads\/2024\/07\/DN0100356-Contactslot-universeel-Lancia-Delta-1-Fiat-Croma-1-Ducato-1-82438638-2-scaled.jpg","width":2560,"height":1920},{"@type":"BreadcrumbList","@id":"https:\/\/turijnmagazijn.nl\/de\/produkt\/zundschloss-2-schlussel-lancia-delta-integrale-kopie\/#breadcrumb","itemListElement":[{"@type":"ListItem","position":1,"name":"Home","item":"https:\/\/turijnmagazijn.nl\/de\/"},{"@type":"ListItem","position":2,"name":"Produkte","item":"https:\/\/turijnmagazijn.nl\/de\/shop\/"},{"@type":"ListItem","position":3,"name":"Z\u00fcndschloss universal Lancia Delta 1 Fiat Croma 1 Ducato 1"}]},{"@type":"WebSite","@id":"https:\/\/turijnmagazijn.jumpstone-dev.nl\/#website","url":"https:\/\/turijnmagazijn.jumpstone-dev.nl\/","name":"Turijnmagazijn","description":"Onderdelen nieuw en gebruikt - Fiat &amp; Lancia","publisher":{"@id":"https:\/\/turijnmagazijn.jumpstone-dev.nl\/#organization"},"potentialAction":[{"@type":"SearchAction","target":{"@type":"EntryPoint","urlTemplate":"https:\/\/turijnmagazijn.jumpstone-dev.nl\/?s={search_term_string}"},"query-input":{"@type":"PropertyValueSpecification","valueRequired":true,"valueName":"search_term_string"}}],"inLanguage":"de"},{"@type":"Organization","@id":"https:\/\/turijnmagazijn.jumpstone-dev.nl\/#organization","name":"Turijnmagazijn","url":"https:\/\/turijnmagazijn.jumpstone-dev.nl\/","logo":{"@type":"ImageObject","inLanguage":"de","@id":"https:\/\/turijnmagazijn.jumpstone-dev.nl\/#\/schema\/logo\/image\/","url":"https:\/\/turijnmagazijn.nl\/wp-content\/uploads\/2021\/02\/turijnmagazijnlogo.png","contentUrl":"https:\/\/turijnmagazijn.nl\/wp-content\/uploads\/2021\/02\/turijnmagazijnlogo.png","width":555,"height":270,"caption":"Turijnmagazijn"},"image":{"@id":"https:\/\/turijnmagazijn.jumpstone-dev.nl\/#\/schema\/logo\/image\/"},"sameAs":["https:\/\/www.facebook.com\/turijnmagazijn"]}]}},"_links":{"self":[{"href":"https:\/\/turijnmagazijn.nl\/de\/wp-json\/wp\/v2\/product\/77767","targetHints":{"allow":["GET"]}}],"collection":[{"href":"https:\/\/turijnmagazijn.nl\/de\/wp-json\/wp\/v2\/product"}],"about":[{"href":"https:\/\/turijnmagazijn.nl\/de\/wp-json\/wp\/v2\/types\/product"}],"replies":[{"embeddable":true,"href":"https:\/\/turijnmagazijn.nl\/de\/wp-json\/wp\/v2\/comments?post=77767"}],"wp:featuredmedia":[{"embeddable":true,"href":"https:\/\/turijnmagazijn.nl\/de\/wp-json\/wp\/v2\/media\/77774"}],"wp:attachment":[{"href":"https:\/\/turijnmagazijn.nl\/de\/wp-json\/wp\/v2\/media?parent=77767"}],"wp:term":[{"taxonomy":"product_brand","embeddable":true,"href":"https:\/\/turijnmagazijn.nl\/de\/wp-json\/wp\/v2\/product_brand?post=77767"},{"taxonomy":"product_cat","embeddable":true,"href":"https:\/\/turijnmagazijn.nl\/de\/wp-json\/wp\/v2\/product_cat?post=77767"},{"taxonomy":"product_tag","embeddable":true,"href":"https:\/\/turijnmagazijn.nl\/de\/wp-json\/wp\/v2\/product_tag?post=77767"}],"curies":[{"name":"wp","href":"https:\/\/api.w.org\/{rel}","templated":true}]}}