{"id":77949,"date":"2024-07-18T10:31:28","date_gmt":"2024-07-18T08:31:28","guid":{"rendered":"https:\/\/turijnmagazijn.nl\/?post_type=product&#038;p=77949"},"modified":"2025-04-16T13:54:11","modified_gmt":"2025-04-16T11:54:11","slug":"flugelverkleidung-rechts-vorne-lancia-delta-2-kopie","status":"publish","type":"product","link":"https:\/\/turijnmagazijn.nl\/de\/produkt\/flugelverkleidung-rechts-vorne-lancia-delta-2-kopie\/","title":{"rendered":"Kotfl\u00fcgelverkleidung vorne links Lancia Delta 2"},"content":{"rendered":"<p>Neues Original-Lancia-Teil aus altem H\u00e4ndlerbestand. New Old Stock. Ornament zur Montage am vorderen linken Kotfl\u00fcgel f\u00fcr Lancia Delta 2 in 5-t\u00fcriger Ausf\u00fchrung. Ausgestattet mit einer Aussparung f\u00fcr die Montage des Typenschilds (ein Typenschild ist nicht im Lieferumfang enthalten). Unbenutztes Teil, daher mit originalem Klebestreifen f\u00fcr die korrekte Montage versehen. OEM Lancia 82487158<\/p>\n","protected":false},"excerpt":{"rendered":"<p>82487158 Sierstuk zur Montage am Kotfl\u00fcgel vorne links f\u00fcr Lancia Delta 2 in der 5-t\u00fcrigen Version. Ausgestattet mit einer Aussparung f\u00fcr die Montage des Typenschilds (ein Typenschild ist nicht im Lieferumfang enthalten).<\/p>\n","protected":false},"featured_media":78442,"comment_status":"open","ping_status":"closed","template":"","meta":{"_acf_changed":false},"product_brand":[],"product_cat":[1849,1844,1797],"product_tag":[],"class_list":{"0":"post-77949","1":"product","2":"type-product","3":"status-publish","4":"has-post-thumbnail","6":"product_cat-5-deurs-de","7":"product_cat-delta-2-836-de","8":"product_cat-lancia-de","9":"pa_soort-onderdeel-karosserie-und-blech","11":"first","12":"instock","13":"shipping-taxable","14":"purchasable","15":"product-type-simple"},"acf":[],"yoast_head":"<!-- This site is optimized with the Yoast SEO plugin v27.2 - https:\/\/yoast.com\/product\/yoast-seo-wordpress\/ -->\n<title>Kotfl\u00fcgelverkleidung vorne links Lancia Delta 2 - Turijnmagazijn<\/title>\n<meta name=\"robots\" content=\"index, follow, max-snippet:-1, max-image-preview:large, max-video-preview:-1\" \/>\n<link rel=\"canonical\" href=\"https:\/\/turijnmagazijn.nl\/de\/produkt\/flugelverkleidung-rechts-vorne-lancia-delta-2-kopie\/\" \/>\n<meta property=\"og:locale\" content=\"de_DE\" \/>\n<meta property=\"og:type\" content=\"article\" \/>\n<meta property=\"og:title\" content=\"Kotfl\u00fcgelverkleidung vorne links Lancia Delta 2 - Turijnmagazijn\" \/>\n<meta property=\"og:description\" content=\"82487158 Sierstuk zur Montage am Kotfl\u00fcgel vorne links f\u00fcr Lancia Delta 2 in der 5-t\u00fcrigen Version. Ausgestattet mit einer Aussparung f\u00fcr die Montage des Typenschilds (ein Typenschild ist nicht im Lieferumfang enthalten).\" \/>\n<meta property=\"og:url\" content=\"https:\/\/turijnmagazijn.nl\/de\/produkt\/flugelverkleidung-rechts-vorne-lancia-delta-2-kopie\/\" \/>\n<meta property=\"og:site_name\" content=\"Turijnmagazijn\" \/>\n<meta property=\"article:publisher\" content=\"https:\/\/www.facebook.com\/turijnmagazijn\" \/>\n<meta property=\"article:modified_time\" content=\"2025-04-16T11:54:11+00:00\" \/>\n<meta property=\"og:image\" content=\"https:\/\/turijnmagazijn.nl\/wp-content\/uploads\/2024\/07\/DS0108998-Sierstuk-spatbord-Links-voorzijde-Lancia-Delta-2-82487158-3.jpg\" \/>\n\t<meta property=\"og:image:width\" content=\"1024\" \/>\n\t<meta property=\"og:image:height\" content=\"768\" \/>\n\t<meta property=\"og:image:type\" content=\"image\/jpeg\" \/>\n<meta name=\"twitter:card\" content=\"summary_large_image\" \/>\n<script type=\"application\/ld+json\" class=\"yoast-schema-graph\">{\"@context\":\"https:\/\/schema.org\",\"@graph\":[{\"@type\":\"WebPage\",\"@id\":\"https:\/\/turijnmagazijn.nl\/de\/produkt\/flugelverkleidung-rechts-vorne-lancia-delta-2-kopie\/\",\"url\":\"https:\/\/turijnmagazijn.nl\/de\/produkt\/flugelverkleidung-rechts-vorne-lancia-delta-2-kopie\/\",\"name\":\"Kotfl\u00fcgelverkleidung vorne links Lancia Delta 2 - Turijnmagazijn\",\"isPartOf\":{\"@id\":\"https:\/\/turijnmagazijn.jumpstone-dev.nl\/#website\"},\"primaryImageOfPage\":{\"@id\":\"https:\/\/turijnmagazijn.nl\/de\/produkt\/flugelverkleidung-rechts-vorne-lancia-delta-2-kopie\/#primaryimage\"},\"image\":{\"@id\":\"https:\/\/turijnmagazijn.nl\/de\/produkt\/flugelverkleidung-rechts-vorne-lancia-delta-2-kopie\/#primaryimage\"},\"thumbnailUrl\":\"https:\/\/turijnmagazijn.nl\/wp-content\/uploads\/2024\/07\/DS0108998-Sierstuk-spatbord-Links-voorzijde-Lancia-Delta-2-82487158-3.jpg\",\"datePublished\":\"2024-07-18T08:31:28+00:00\",\"dateModified\":\"2025-04-16T11:54:11+00:00\",\"breadcrumb\":{\"@id\":\"https:\/\/turijnmagazijn.nl\/de\/produkt\/flugelverkleidung-rechts-vorne-lancia-delta-2-kopie\/#breadcrumb\"},\"inLanguage\":\"de\",\"potentialAction\":[{\"@type\":\"ReadAction\",\"target\":[\"https:\/\/turijnmagazijn.nl\/de\/produkt\/flugelverkleidung-rechts-vorne-lancia-delta-2-kopie\/\"]}]},{\"@type\":\"ImageObject\",\"inLanguage\":\"de\",\"@id\":\"https:\/\/turijnmagazijn.nl\/de\/produkt\/flugelverkleidung-rechts-vorne-lancia-delta-2-kopie\/#primaryimage\",\"url\":\"https:\/\/turijnmagazijn.nl\/wp-content\/uploads\/2024\/07\/DS0108998-Sierstuk-spatbord-Links-voorzijde-Lancia-Delta-2-82487158-3.jpg\",\"contentUrl\":\"https:\/\/turijnmagazijn.nl\/wp-content\/uploads\/2024\/07\/DS0108998-Sierstuk-spatbord-Links-voorzijde-Lancia-Delta-2-82487158-3.jpg\",\"width\":1024,\"height\":768},{\"@type\":\"BreadcrumbList\",\"@id\":\"https:\/\/turijnmagazijn.nl\/de\/produkt\/flugelverkleidung-rechts-vorne-lancia-delta-2-kopie\/#breadcrumb\",\"itemListElement\":[{\"@type\":\"ListItem\",\"position\":1,\"name\":\"Home\",\"item\":\"https:\/\/turijnmagazijn.jumpstone-dev.nl\/\"},{\"@type\":\"ListItem\",\"position\":2,\"name\":\"Produkte\",\"item\":\"https:\/\/turijnmagazijn.nl\/de\/shop\/\"},{\"@type\":\"ListItem\",\"position\":3,\"name\":\"Kotfl\u00fcgelverkleidung vorne links Lancia Delta 2\"}]},{\"@type\":\"WebSite\",\"@id\":\"https:\/\/turijnmagazijn.jumpstone-dev.nl\/#website\",\"url\":\"https:\/\/turijnmagazijn.jumpstone-dev.nl\/\",\"name\":\"Turijnmagazijn\",\"description\":\"Onderdelen nieuw en gebruikt - Fiat &amp; Lancia\",\"publisher\":{\"@id\":\"https:\/\/turijnmagazijn.jumpstone-dev.nl\/#organization\"},\"potentialAction\":[{\"@type\":\"SearchAction\",\"target\":{\"@type\":\"EntryPoint\",\"urlTemplate\":\"https:\/\/turijnmagazijn.jumpstone-dev.nl\/?s={search_term_string}\"},\"query-input\":{\"@type\":\"PropertyValueSpecification\",\"valueRequired\":true,\"valueName\":\"search_term_string\"}}],\"inLanguage\":\"de\"},{\"@type\":\"Organization\",\"@id\":\"https:\/\/turijnmagazijn.jumpstone-dev.nl\/#organization\",\"name\":\"Turijnmagazijn\",\"url\":\"https:\/\/turijnmagazijn.jumpstone-dev.nl\/\",\"logo\":{\"@type\":\"ImageObject\",\"inLanguage\":\"de\",\"@id\":\"https:\/\/turijnmagazijn.jumpstone-dev.nl\/#\/schema\/logo\/image\/\",\"url\":\"https:\/\/turijnmagazijn.nl\/wp-content\/uploads\/2021\/02\/turijnmagazijnlogo.png\",\"contentUrl\":\"https:\/\/turijnmagazijn.nl\/wp-content\/uploads\/2021\/02\/turijnmagazijnlogo.png\",\"width\":555,\"height\":270,\"caption\":\"Turijnmagazijn\"},\"image\":{\"@id\":\"https:\/\/turijnmagazijn.jumpstone-dev.nl\/#\/schema\/logo\/image\/\"},\"sameAs\":[\"https:\/\/www.facebook.com\/turijnmagazijn\"]}]}<\/script>\n<!-- \/ Yoast SEO plugin. -->","yoast_head_json":{"title":"Kotfl\u00fcgelverkleidung vorne links Lancia Delta 2 - Turijnmagazijn","robots":{"index":"index","follow":"follow","max-snippet":"max-snippet:-1","max-image-preview":"max-image-preview:large","max-video-preview":"max-video-preview:-1"},"canonical":"https:\/\/turijnmagazijn.nl\/de\/produkt\/flugelverkleidung-rechts-vorne-lancia-delta-2-kopie\/","og_locale":"de_DE","og_type":"article","og_title":"Kotfl\u00fcgelverkleidung vorne links Lancia Delta 2 - Turijnmagazijn","og_description":"82487158 Sierstuk zur Montage am Kotfl\u00fcgel vorne links f\u00fcr Lancia Delta 2 in der 5-t\u00fcrigen Version. Ausgestattet mit einer Aussparung f\u00fcr die Montage des Typenschilds (ein Typenschild ist nicht im Lieferumfang enthalten).","og_url":"https:\/\/turijnmagazijn.nl\/de\/produkt\/flugelverkleidung-rechts-vorne-lancia-delta-2-kopie\/","og_site_name":"Turijnmagazijn","article_publisher":"https:\/\/www.facebook.com\/turijnmagazijn","article_modified_time":"2025-04-16T11:54:11+00:00","og_image":[{"width":1024,"height":768,"url":"https:\/\/turijnmagazijn.nl\/wp-content\/uploads\/2024\/07\/DS0108998-Sierstuk-spatbord-Links-voorzijde-Lancia-Delta-2-82487158-3.jpg","type":"image\/jpeg"}],"twitter_card":"summary_large_image","schema":{"@context":"https:\/\/schema.org","@graph":[{"@type":"WebPage","@id":"https:\/\/turijnmagazijn.nl\/de\/produkt\/flugelverkleidung-rechts-vorne-lancia-delta-2-kopie\/","url":"https:\/\/turijnmagazijn.nl\/de\/produkt\/flugelverkleidung-rechts-vorne-lancia-delta-2-kopie\/","name":"Kotfl\u00fcgelverkleidung vorne links Lancia Delta 2 - Turijnmagazijn","isPartOf":{"@id":"https:\/\/turijnmagazijn.jumpstone-dev.nl\/#website"},"primaryImageOfPage":{"@id":"https:\/\/turijnmagazijn.nl\/de\/produkt\/flugelverkleidung-rechts-vorne-lancia-delta-2-kopie\/#primaryimage"},"image":{"@id":"https:\/\/turijnmagazijn.nl\/de\/produkt\/flugelverkleidung-rechts-vorne-lancia-delta-2-kopie\/#primaryimage"},"thumbnailUrl":"https:\/\/turijnmagazijn.nl\/wp-content\/uploads\/2024\/07\/DS0108998-Sierstuk-spatbord-Links-voorzijde-Lancia-Delta-2-82487158-3.jpg","datePublished":"2024-07-18T08:31:28+00:00","dateModified":"2025-04-16T11:54:11+00:00","breadcrumb":{"@id":"https:\/\/turijnmagazijn.nl\/de\/produkt\/flugelverkleidung-rechts-vorne-lancia-delta-2-kopie\/#breadcrumb"},"inLanguage":"de","potentialAction":[{"@type":"ReadAction","target":["https:\/\/turijnmagazijn.nl\/de\/produkt\/flugelverkleidung-rechts-vorne-lancia-delta-2-kopie\/"]}]},{"@type":"ImageObject","inLanguage":"de","@id":"https:\/\/turijnmagazijn.nl\/de\/produkt\/flugelverkleidung-rechts-vorne-lancia-delta-2-kopie\/#primaryimage","url":"https:\/\/turijnmagazijn.nl\/wp-content\/uploads\/2024\/07\/DS0108998-Sierstuk-spatbord-Links-voorzijde-Lancia-Delta-2-82487158-3.jpg","contentUrl":"https:\/\/turijnmagazijn.nl\/wp-content\/uploads\/2024\/07\/DS0108998-Sierstuk-spatbord-Links-voorzijde-Lancia-Delta-2-82487158-3.jpg","width":1024,"height":768},{"@type":"BreadcrumbList","@id":"https:\/\/turijnmagazijn.nl\/de\/produkt\/flugelverkleidung-rechts-vorne-lancia-delta-2-kopie\/#breadcrumb","itemListElement":[{"@type":"ListItem","position":1,"name":"Home","item":"https:\/\/turijnmagazijn.jumpstone-dev.nl\/"},{"@type":"ListItem","position":2,"name":"Produkte","item":"https:\/\/turijnmagazijn.nl\/de\/shop\/"},{"@type":"ListItem","position":3,"name":"Kotfl\u00fcgelverkleidung vorne links Lancia Delta 2"}]},{"@type":"WebSite","@id":"https:\/\/turijnmagazijn.jumpstone-dev.nl\/#website","url":"https:\/\/turijnmagazijn.jumpstone-dev.nl\/","name":"Turijnmagazijn","description":"Onderdelen nieuw en gebruikt - Fiat &amp; Lancia","publisher":{"@id":"https:\/\/turijnmagazijn.jumpstone-dev.nl\/#organization"},"potentialAction":[{"@type":"SearchAction","target":{"@type":"EntryPoint","urlTemplate":"https:\/\/turijnmagazijn.jumpstone-dev.nl\/?s={search_term_string}"},"query-input":{"@type":"PropertyValueSpecification","valueRequired":true,"valueName":"search_term_string"}}],"inLanguage":"de"},{"@type":"Organization","@id":"https:\/\/turijnmagazijn.jumpstone-dev.nl\/#organization","name":"Turijnmagazijn","url":"https:\/\/turijnmagazijn.jumpstone-dev.nl\/","logo":{"@type":"ImageObject","inLanguage":"de","@id":"https:\/\/turijnmagazijn.jumpstone-dev.nl\/#\/schema\/logo\/image\/","url":"https:\/\/turijnmagazijn.nl\/wp-content\/uploads\/2021\/02\/turijnmagazijnlogo.png","contentUrl":"https:\/\/turijnmagazijn.nl\/wp-content\/uploads\/2021\/02\/turijnmagazijnlogo.png","width":555,"height":270,"caption":"Turijnmagazijn"},"image":{"@id":"https:\/\/turijnmagazijn.jumpstone-dev.nl\/#\/schema\/logo\/image\/"},"sameAs":["https:\/\/www.facebook.com\/turijnmagazijn"]}]}},"_links":{"self":[{"href":"https:\/\/turijnmagazijn.nl\/de\/wp-json\/wp\/v2\/product\/77949","targetHints":{"allow":["GET"]}}],"collection":[{"href":"https:\/\/turijnmagazijn.nl\/de\/wp-json\/wp\/v2\/product"}],"about":[{"href":"https:\/\/turijnmagazijn.nl\/de\/wp-json\/wp\/v2\/types\/product"}],"replies":[{"embeddable":true,"href":"https:\/\/turijnmagazijn.nl\/de\/wp-json\/wp\/v2\/comments?post=77949"}],"wp:featuredmedia":[{"embeddable":true,"href":"https:\/\/turijnmagazijn.nl\/de\/wp-json\/wp\/v2\/media\/78442"}],"wp:attachment":[{"href":"https:\/\/turijnmagazijn.nl\/de\/wp-json\/wp\/v2\/media?parent=77949"}],"wp:term":[{"taxonomy":"product_brand","embeddable":true,"href":"https:\/\/turijnmagazijn.nl\/de\/wp-json\/wp\/v2\/product_brand?post=77949"},{"taxonomy":"product_cat","embeddable":true,"href":"https:\/\/turijnmagazijn.nl\/de\/wp-json\/wp\/v2\/product_cat?post=77949"},{"taxonomy":"product_tag","embeddable":true,"href":"https:\/\/turijnmagazijn.nl\/de\/wp-json\/wp\/v2\/product_tag?post=77949"}],"curies":[{"name":"wp","href":"https:\/\/api.w.org\/{rel}","templated":true}]}}