{"id":78061,"date":"2024-08-07T10:56:28","date_gmt":"2024-08-07T08:56:28","guid":{"rendered":"https:\/\/turijnmagazijn.nl\/?post_type=product&#038;p=78061"},"modified":"2025-05-29T20:55:56","modified_gmt":"2025-05-29T18:55:56","slug":"fiat-rotes-logo-chrom-schlusselanhanger-kopie","status":"publish","type":"product","link":"https:\/\/turijnmagazijn.nl\/de\/produkt\/fiat-rotes-logo-chrom-schlusselanhanger-kopie\/","title":{"rendered":"Schl\u00fcsselanh\u00e4nger Flaschen\u00f6ffner Metall Fiat"},"content":{"rendered":"<p><a href=\"https:\/\/turijnmagazijn.nl\/de\/postfachversand\/\"><img decoding=\"async\" class=\"alignnone wp-image-16382 size-full\" src=\"https:\/\/turijnmagazijn.nl\/wp-content\/uploads\/2023\/03\/brievenbusverzending-label.png\" alt=\"\" width=\"487\" height=\"45\" srcset=\"https:\/\/turijnmagazijn.nl\/wp-content\/uploads\/2023\/03\/brievenbusverzending-label.png 487w, https:\/\/turijnmagazijn.nl\/wp-content\/uploads\/2023\/03\/brievenbusverzending-label-300x28.png 300w\" sizes=\"(max-width: 487px) 100vw, 487px\" \/><\/a>  Neuer Schl\u00fcsselanh\u00e4nger aus Metall mit rotem Fiat-Logo. Betrifft einen Aftermarket-Schl\u00fcsselring auf der R\u00fcckseite, der mit einem Flaschen\u00f6ffner zum Entfernen von Kronkorken ausgestattet ist. Dieser Schl\u00fcsselanh\u00e4nger zeigt 2-mal das rote Fiat-Logo.  <\/p>\n<p style=\"margin-bottom: 10px;\">Die H\u00e4ngeleuchte ist aus verchromtem Metall gefertigt. Das Logo ist ein vollfarbiger Druck hinter einem dicken transparenten Kunststoff. Das Logo befindet sich hinter Hartplastik, also kein weiches Silikon.<\/p>\n<p>&nbsp;<\/p>\n<p style=\"margin-bottom: 10px;\">Schl\u00fcsselanh\u00e4nger Fiat Stilo<\/p>\n<p style=\"margin-bottom: 10px;\">Schl\u00fcsselanh\u00e4nger Fiat Stilo Multiwagon<\/p>\n<p style=\"margin-bottom: 10px;\">Schl\u00fcsselanh\u00e4nger Fiat Stilo Abarth<\/p>\n<p style=\"margin-bottom: 10px;\">Schl\u00fcsselanh\u00e4nger Fiat Grande Punto bis 2007<\/p>\n<p style=\"margin-bottom: 10px;\">Schl\u00fcsselanh\u00e4nger Fiat Barchetta<\/p>\n<p style=\"margin-bottom: 10px;\">Schl\u00fcsselanh\u00e4nger Fiat Panda bis 2007<\/p>\n<p style=\"margin-bottom: 10px;\">Schl\u00fcsselanh\u00e4nger Coupe Fiat<\/p>\n<p style=\"margin-bottom: 10px;\">Schl\u00fcsselanh\u00e4nger Fiat Barchetta<\/p>\n<p style=\"margin-bottom: 10px;\">Schl\u00fcsselanh\u00e4nger Fiat Multipla facelift<\/p>\n","protected":false},"excerpt":{"rendered":"<p>Neuer Schl\u00fcsselanh\u00e4nger aus Metall mit Flaschen\u00f6ffner und Fiat-Logo.<\/p>\n","protected":false},"featured_media":78072,"comment_status":"open","ping_status":"closed","template":"","meta":{"_acf_changed":false},"product_brand":[],"product_cat":[1693,1698,1765,1770,1704,1706,1710,1715,1717,1721,1725,1689,1729,1734,1737,1775,1743,1745,1751,1755,1760,1762,1777,1784,1785,1790],"product_tag":[],"class_list":{"0":"post-78061","1":"product","2":"type-product","3":"status-publish","4":"has-post-thumbnail","6":"product_cat-500-312-de","7":"product_cat-500x-334-de","8":"product_cat-5drs-de","9":"product_cat-abarth-3drs-de","10":"product_cat-barchetta-183-de","11":"product_cat-brava-198-de","12":"product_cat-bravo-198-de","13":"product_cat-cinquecento-170-de","14":"product_cat-coupe-175-de","15":"product_cat-croma-1-154-de","16":"product_cat-croma-2-194-de","17":"product_cat-fiat-de","18":"product_cat-grande-punto-199-de","19":"product_cat-marea-185-de","20":"product_cat-multipla-186-de","21":"product_cat-multiwagon-de","22":"product_cat-panda-1-141-de","23":"product_cat-punto-1-176-de","24":"product_cat-punto-2-188-de","25":"product_cat-ritmo-183-de","26":"product_cat-seicento-187-de","27":"product_cat-stilo-192-de","28":"product_cat-tempra-159-de","29":"product_cat-tipo-1-160-de","30":"product_cat-uno-1-146-de","31":"product_cat-x1-9-128-de","32":"pa_soort-onderdeel-schlusselanhanger-und-aufkleber","34":"first","35":"instock","36":"sale","37":"taxable","38":"shipping-taxable","39":"purchasable","40":"product-type-simple"},"acf":[],"yoast_head":"<!-- This site is optimized with the Yoast SEO plugin v27.2 - https:\/\/yoast.com\/product\/yoast-seo-wordpress\/ -->\n<title>Schl\u00fcsselanh\u00e4nger Flaschen\u00f6ffner Metall Fiat - Turijnmagazijn<\/title>\n<meta name=\"robots\" content=\"index, follow, max-snippet:-1, max-image-preview:large, max-video-preview:-1\" \/>\n<link rel=\"canonical\" href=\"https:\/\/turijnmagazijn.nl\/de\/produkt\/fiat-rotes-logo-chrom-schlusselanhanger-kopie\/\" \/>\n<meta property=\"og:locale\" content=\"de_DE\" \/>\n<meta property=\"og:type\" content=\"article\" \/>\n<meta property=\"og:title\" content=\"Schl\u00fcsselanh\u00e4nger Flaschen\u00f6ffner Metall Fiat - Turijnmagazijn\" \/>\n<meta property=\"og:description\" content=\"Neuer Schl\u00fcsselanh\u00e4nger aus Metall mit Flaschen\u00f6ffner und Fiat-Logo.\" \/>\n<meta property=\"og:url\" content=\"https:\/\/turijnmagazijn.nl\/de\/produkt\/fiat-rotes-logo-chrom-schlusselanhanger-kopie\/\" \/>\n<meta property=\"og:site_name\" content=\"Turijnmagazijn\" \/>\n<meta property=\"article:publisher\" content=\"https:\/\/www.facebook.com\/turijnmagazijn\" \/>\n<meta property=\"article:modified_time\" content=\"2025-05-29T18:55:56+00:00\" \/>\n<meta property=\"og:image\" content=\"https:\/\/turijnmagazijn.nl\/wp-content\/uploads\/2024\/08\/DN0100362-Sleutelhanger-Fiat-langwerpig-flesopener-1-scaled.jpg\" \/>\n\t<meta property=\"og:image:width\" content=\"2560\" \/>\n\t<meta property=\"og:image:height\" content=\"1440\" \/>\n\t<meta property=\"og:image:type\" content=\"image\/jpeg\" \/>\n<meta name=\"twitter:card\" content=\"summary_large_image\" \/>\n<meta name=\"twitter:label1\" content=\"Gesch\u00e4tzte Lesezeit\" \/>\n\t<meta name=\"twitter:data1\" content=\"1\u00a0Minute\" \/>\n<script type=\"application\/ld+json\" class=\"yoast-schema-graph\">{\"@context\":\"https:\/\/schema.org\",\"@graph\":[{\"@type\":\"WebPage\",\"@id\":\"https:\/\/turijnmagazijn.nl\/de\/produkt\/fiat-rotes-logo-chrom-schlusselanhanger-kopie\/\",\"url\":\"https:\/\/turijnmagazijn.nl\/de\/produkt\/fiat-rotes-logo-chrom-schlusselanhanger-kopie\/\",\"name\":\"Schl\u00fcsselanh\u00e4nger Flaschen\u00f6ffner Metall Fiat - Turijnmagazijn\",\"isPartOf\":{\"@id\":\"https:\/\/turijnmagazijn.jumpstone-dev.nl\/#website\"},\"primaryImageOfPage\":{\"@id\":\"https:\/\/turijnmagazijn.nl\/de\/produkt\/fiat-rotes-logo-chrom-schlusselanhanger-kopie\/#primaryimage\"},\"image\":{\"@id\":\"https:\/\/turijnmagazijn.nl\/de\/produkt\/fiat-rotes-logo-chrom-schlusselanhanger-kopie\/#primaryimage\"},\"thumbnailUrl\":\"https:\/\/turijnmagazijn.nl\/wp-content\/uploads\/2024\/08\/DN0100362-Sleutelhanger-Fiat-langwerpig-flesopener-1-scaled.jpg\",\"datePublished\":\"2024-08-07T08:56:28+00:00\",\"dateModified\":\"2025-05-29T18:55:56+00:00\",\"breadcrumb\":{\"@id\":\"https:\/\/turijnmagazijn.nl\/de\/produkt\/fiat-rotes-logo-chrom-schlusselanhanger-kopie\/#breadcrumb\"},\"inLanguage\":\"de\",\"potentialAction\":[{\"@type\":\"ReadAction\",\"target\":[\"https:\/\/turijnmagazijn.nl\/de\/produkt\/fiat-rotes-logo-chrom-schlusselanhanger-kopie\/\"]}]},{\"@type\":\"ImageObject\",\"inLanguage\":\"de\",\"@id\":\"https:\/\/turijnmagazijn.nl\/de\/produkt\/fiat-rotes-logo-chrom-schlusselanhanger-kopie\/#primaryimage\",\"url\":\"https:\/\/turijnmagazijn.nl\/wp-content\/uploads\/2024\/08\/DN0100362-Sleutelhanger-Fiat-langwerpig-flesopener-1-scaled.jpg\",\"contentUrl\":\"https:\/\/turijnmagazijn.nl\/wp-content\/uploads\/2024\/08\/DN0100362-Sleutelhanger-Fiat-langwerpig-flesopener-1-scaled.jpg\",\"width\":2560,\"height\":1440},{\"@type\":\"BreadcrumbList\",\"@id\":\"https:\/\/turijnmagazijn.nl\/de\/produkt\/fiat-rotes-logo-chrom-schlusselanhanger-kopie\/#breadcrumb\",\"itemListElement\":[{\"@type\":\"ListItem\",\"position\":1,\"name\":\"Home\",\"item\":\"https:\/\/turijnmagazijn.jumpstone-dev.nl\/\"},{\"@type\":\"ListItem\",\"position\":2,\"name\":\"Produkte\",\"item\":\"https:\/\/turijnmagazijn.nl\/de\/shop\/\"},{\"@type\":\"ListItem\",\"position\":3,\"name\":\"Schl\u00fcsselanh\u00e4nger Flaschen\u00f6ffner Metall Fiat\"}]},{\"@type\":\"WebSite\",\"@id\":\"https:\/\/turijnmagazijn.jumpstone-dev.nl\/#website\",\"url\":\"https:\/\/turijnmagazijn.jumpstone-dev.nl\/\",\"name\":\"Turijnmagazijn\",\"description\":\"Onderdelen nieuw en gebruikt - Fiat &amp; Lancia\",\"publisher\":{\"@id\":\"https:\/\/turijnmagazijn.jumpstone-dev.nl\/#organization\"},\"potentialAction\":[{\"@type\":\"SearchAction\",\"target\":{\"@type\":\"EntryPoint\",\"urlTemplate\":\"https:\/\/turijnmagazijn.jumpstone-dev.nl\/?s={search_term_string}\"},\"query-input\":{\"@type\":\"PropertyValueSpecification\",\"valueRequired\":true,\"valueName\":\"search_term_string\"}}],\"inLanguage\":\"de\"},{\"@type\":\"Organization\",\"@id\":\"https:\/\/turijnmagazijn.jumpstone-dev.nl\/#organization\",\"name\":\"Turijnmagazijn\",\"url\":\"https:\/\/turijnmagazijn.jumpstone-dev.nl\/\",\"logo\":{\"@type\":\"ImageObject\",\"inLanguage\":\"de\",\"@id\":\"https:\/\/turijnmagazijn.jumpstone-dev.nl\/#\/schema\/logo\/image\/\",\"url\":\"https:\/\/turijnmagazijn.nl\/wp-content\/uploads\/2021\/02\/turijnmagazijnlogo.png\",\"contentUrl\":\"https:\/\/turijnmagazijn.nl\/wp-content\/uploads\/2021\/02\/turijnmagazijnlogo.png\",\"width\":555,\"height\":270,\"caption\":\"Turijnmagazijn\"},\"image\":{\"@id\":\"https:\/\/turijnmagazijn.jumpstone-dev.nl\/#\/schema\/logo\/image\/\"},\"sameAs\":[\"https:\/\/www.facebook.com\/turijnmagazijn\"]}]}<\/script>\n<!-- \/ Yoast SEO plugin. -->","yoast_head_json":{"title":"Schl\u00fcsselanh\u00e4nger Flaschen\u00f6ffner Metall Fiat - Turijnmagazijn","robots":{"index":"index","follow":"follow","max-snippet":"max-snippet:-1","max-image-preview":"max-image-preview:large","max-video-preview":"max-video-preview:-1"},"canonical":"https:\/\/turijnmagazijn.nl\/de\/produkt\/fiat-rotes-logo-chrom-schlusselanhanger-kopie\/","og_locale":"de_DE","og_type":"article","og_title":"Schl\u00fcsselanh\u00e4nger Flaschen\u00f6ffner Metall Fiat - Turijnmagazijn","og_description":"Neuer Schl\u00fcsselanh\u00e4nger aus Metall mit Flaschen\u00f6ffner und Fiat-Logo.","og_url":"https:\/\/turijnmagazijn.nl\/de\/produkt\/fiat-rotes-logo-chrom-schlusselanhanger-kopie\/","og_site_name":"Turijnmagazijn","article_publisher":"https:\/\/www.facebook.com\/turijnmagazijn","article_modified_time":"2025-05-29T18:55:56+00:00","og_image":[{"width":2560,"height":1440,"url":"https:\/\/turijnmagazijn.nl\/wp-content\/uploads\/2024\/08\/DN0100362-Sleutelhanger-Fiat-langwerpig-flesopener-1-scaled.jpg","type":"image\/jpeg"}],"twitter_card":"summary_large_image","twitter_misc":{"Gesch\u00e4tzte Lesezeit":"1\u00a0Minute"},"schema":{"@context":"https:\/\/schema.org","@graph":[{"@type":"WebPage","@id":"https:\/\/turijnmagazijn.nl\/de\/produkt\/fiat-rotes-logo-chrom-schlusselanhanger-kopie\/","url":"https:\/\/turijnmagazijn.nl\/de\/produkt\/fiat-rotes-logo-chrom-schlusselanhanger-kopie\/","name":"Schl\u00fcsselanh\u00e4nger Flaschen\u00f6ffner Metall Fiat - Turijnmagazijn","isPartOf":{"@id":"https:\/\/turijnmagazijn.jumpstone-dev.nl\/#website"},"primaryImageOfPage":{"@id":"https:\/\/turijnmagazijn.nl\/de\/produkt\/fiat-rotes-logo-chrom-schlusselanhanger-kopie\/#primaryimage"},"image":{"@id":"https:\/\/turijnmagazijn.nl\/de\/produkt\/fiat-rotes-logo-chrom-schlusselanhanger-kopie\/#primaryimage"},"thumbnailUrl":"https:\/\/turijnmagazijn.nl\/wp-content\/uploads\/2024\/08\/DN0100362-Sleutelhanger-Fiat-langwerpig-flesopener-1-scaled.jpg","datePublished":"2024-08-07T08:56:28+00:00","dateModified":"2025-05-29T18:55:56+00:00","breadcrumb":{"@id":"https:\/\/turijnmagazijn.nl\/de\/produkt\/fiat-rotes-logo-chrom-schlusselanhanger-kopie\/#breadcrumb"},"inLanguage":"de","potentialAction":[{"@type":"ReadAction","target":["https:\/\/turijnmagazijn.nl\/de\/produkt\/fiat-rotes-logo-chrom-schlusselanhanger-kopie\/"]}]},{"@type":"ImageObject","inLanguage":"de","@id":"https:\/\/turijnmagazijn.nl\/de\/produkt\/fiat-rotes-logo-chrom-schlusselanhanger-kopie\/#primaryimage","url":"https:\/\/turijnmagazijn.nl\/wp-content\/uploads\/2024\/08\/DN0100362-Sleutelhanger-Fiat-langwerpig-flesopener-1-scaled.jpg","contentUrl":"https:\/\/turijnmagazijn.nl\/wp-content\/uploads\/2024\/08\/DN0100362-Sleutelhanger-Fiat-langwerpig-flesopener-1-scaled.jpg","width":2560,"height":1440},{"@type":"BreadcrumbList","@id":"https:\/\/turijnmagazijn.nl\/de\/produkt\/fiat-rotes-logo-chrom-schlusselanhanger-kopie\/#breadcrumb","itemListElement":[{"@type":"ListItem","position":1,"name":"Home","item":"https:\/\/turijnmagazijn.jumpstone-dev.nl\/"},{"@type":"ListItem","position":2,"name":"Produkte","item":"https:\/\/turijnmagazijn.nl\/de\/shop\/"},{"@type":"ListItem","position":3,"name":"Schl\u00fcsselanh\u00e4nger Flaschen\u00f6ffner Metall Fiat"}]},{"@type":"WebSite","@id":"https:\/\/turijnmagazijn.jumpstone-dev.nl\/#website","url":"https:\/\/turijnmagazijn.jumpstone-dev.nl\/","name":"Turijnmagazijn","description":"Onderdelen nieuw en gebruikt - Fiat &amp; Lancia","publisher":{"@id":"https:\/\/turijnmagazijn.jumpstone-dev.nl\/#organization"},"potentialAction":[{"@type":"SearchAction","target":{"@type":"EntryPoint","urlTemplate":"https:\/\/turijnmagazijn.jumpstone-dev.nl\/?s={search_term_string}"},"query-input":{"@type":"PropertyValueSpecification","valueRequired":true,"valueName":"search_term_string"}}],"inLanguage":"de"},{"@type":"Organization","@id":"https:\/\/turijnmagazijn.jumpstone-dev.nl\/#organization","name":"Turijnmagazijn","url":"https:\/\/turijnmagazijn.jumpstone-dev.nl\/","logo":{"@type":"ImageObject","inLanguage":"de","@id":"https:\/\/turijnmagazijn.jumpstone-dev.nl\/#\/schema\/logo\/image\/","url":"https:\/\/turijnmagazijn.nl\/wp-content\/uploads\/2021\/02\/turijnmagazijnlogo.png","contentUrl":"https:\/\/turijnmagazijn.nl\/wp-content\/uploads\/2021\/02\/turijnmagazijnlogo.png","width":555,"height":270,"caption":"Turijnmagazijn"},"image":{"@id":"https:\/\/turijnmagazijn.jumpstone-dev.nl\/#\/schema\/logo\/image\/"},"sameAs":["https:\/\/www.facebook.com\/turijnmagazijn"]}]}},"_links":{"self":[{"href":"https:\/\/turijnmagazijn.nl\/de\/wp-json\/wp\/v2\/product\/78061","targetHints":{"allow":["GET"]}}],"collection":[{"href":"https:\/\/turijnmagazijn.nl\/de\/wp-json\/wp\/v2\/product"}],"about":[{"href":"https:\/\/turijnmagazijn.nl\/de\/wp-json\/wp\/v2\/types\/product"}],"replies":[{"embeddable":true,"href":"https:\/\/turijnmagazijn.nl\/de\/wp-json\/wp\/v2\/comments?post=78061"}],"wp:featuredmedia":[{"embeddable":true,"href":"https:\/\/turijnmagazijn.nl\/de\/wp-json\/wp\/v2\/media\/78072"}],"wp:attachment":[{"href":"https:\/\/turijnmagazijn.nl\/de\/wp-json\/wp\/v2\/media?parent=78061"}],"wp:term":[{"taxonomy":"product_brand","embeddable":true,"href":"https:\/\/turijnmagazijn.nl\/de\/wp-json\/wp\/v2\/product_brand?post=78061"},{"taxonomy":"product_cat","embeddable":true,"href":"https:\/\/turijnmagazijn.nl\/de\/wp-json\/wp\/v2\/product_cat?post=78061"},{"taxonomy":"product_tag","embeddable":true,"href":"https:\/\/turijnmagazijn.nl\/de\/wp-json\/wp\/v2\/product_tag?post=78061"}],"curies":[{"name":"wp","href":"https:\/\/api.w.org\/{rel}","templated":true}]}}