{"id":78614,"date":"2024-08-29T21:38:37","date_gmt":"2024-08-29T19:38:37","guid":{"rendered":"https:\/\/turijnmagazijn.nl\/?post_type=product&#038;p=78614"},"modified":"2026-01-19T15:46:15","modified_gmt":"2026-01-19T14:46:15","slug":"lancia-delta-integral-blanker-zundschlussel-silca-kopie","status":"publish","type":"product","link":"https:\/\/turijnmagazijn.nl\/de\/produkt\/lancia-delta-integral-blanker-zundschlussel-silca-kopie\/","title":{"rendered":"Ungeschnittener T\u00fcrschl\u00fcssel Lancia Delta Integrale -SILCA"},"content":{"rendered":"<p>Neuer Blankoschl\u00fcssel mit stumpfem Bart von der Marke Silca. Dieser \u00e4hnelt in seiner Form dem originalen Lancia-Schl\u00fcssel, hat aber <span style=\"font-weight: bold;\">keinen <\/span>Lancia-Schriftzug. Schl\u00fcssel ohne Transponderchip, diese Art von Schl\u00fcsseln hatte urspr\u00fcnglich keinen Transponder im Auto. Nur f\u00fcr die T\u00fcren Heckklappe, Handschuhfach und Tankdeckel geeignet, das Z\u00fcndschloss hat einen anderen Barttyp. Jeder lokale Schl\u00fcsselhersteller kann eine Kopie Ihres aktuellen Schl\u00fcssels basierend auf dem urspr\u00fcnglichen Schl\u00fcssel erstellen. Ideal f\u00fcr alle, die keinen Ersatzschl\u00fcssel mehr haben und trotzdem einen etwas weniger anonymen Schl\u00fcssel als den Standard-GT2-Schl\u00fcssel aus dem Schl\u00fcsseldienstregal w\u00fcnschen.<br \/>\n &nbsp; Silca Typ GT2BP Passend f\u00fcr alle Typen von Delta 1. OEM Lancia 82400758 <span style=\"text-align: -webkit-right;\">(NUR ZUM AUFARBEITEN, ERFORDERT EINE NACHMARKT-SILCA-VERSION)<\/span> <\/p>\n","protected":false},"excerpt":{"rendered":"<p>82400758 Lancia Delta Integrale blanker T\u00fcrschlossschl\u00fcssel -SILCA- &#8211; Neuer blanker Schl\u00fcssel mit stumpfem Bart von der Marke Silca.<\/p>\n","protected":false},"featured_media":79152,"comment_status":"open","ping_status":"closed","template":"","meta":{"_acf_changed":false},"product_brand":[],"product_cat":[1811,1807,1817,1822,1826,1834,1829,1839,1797],"product_tag":[],"class_list":{"0":"post-78614","1":"product","2":"type-product","3":"status-publish","4":"has-post-thumbnail","6":"product_cat-1-1-1-3-1-5-de","7":"product_cat-delta-1-831-de","8":"product_cat-gt-i-e-de","9":"product_cat-hf-4wd-de","10":"product_cat-hf-turbo-de","11":"product_cat-integrale-16v-de","12":"product_cat-integrale-8v-de","13":"product_cat-integrale-evo-de","14":"product_cat-lancia-de","15":"pa_soort-onderdeel-karosserie-und-blech","17":"first","18":"instock","19":"taxable","20":"shipping-taxable","21":"purchasable","22":"product-type-simple"},"acf":[],"yoast_head":"<!-- This site is optimized with the Yoast SEO plugin v27.2 - https:\/\/yoast.com\/product\/yoast-seo-wordpress\/ -->\n<title>Ungeschnittener T\u00fcrschl\u00fcssel Lancia Delta Integrale -SILCA - Turijnmagazijn<\/title>\n<meta name=\"robots\" content=\"index, follow, max-snippet:-1, max-image-preview:large, max-video-preview:-1\" \/>\n<link rel=\"canonical\" href=\"https:\/\/turijnmagazijn.nl\/de\/produkt\/lancia-delta-integral-blanker-zundschlussel-silca-kopie\/\" \/>\n<meta property=\"og:locale\" content=\"de_DE\" \/>\n<meta property=\"og:type\" content=\"article\" \/>\n<meta property=\"og:title\" content=\"Ungeschnittener T\u00fcrschl\u00fcssel Lancia Delta Integrale -SILCA - Turijnmagazijn\" \/>\n<meta property=\"og:description\" content=\"82400758 Lancia Delta Integrale blanker T\u00fcrschlossschl\u00fcssel -SILCA- - Neuer blanker Schl\u00fcssel mit stumpfem Bart von der Marke Silca.\" \/>\n<meta property=\"og:url\" content=\"https:\/\/turijnmagazijn.nl\/de\/produkt\/lancia-delta-integral-blanker-zundschlussel-silca-kopie\/\" \/>\n<meta property=\"og:site_name\" content=\"Turijnmagazijn\" \/>\n<meta property=\"article:publisher\" content=\"https:\/\/www.facebook.com\/turijnmagazijn\" \/>\n<meta property=\"article:modified_time\" content=\"2026-01-19T14:46:15+00:00\" \/>\n<meta property=\"og:image\" content=\"https:\/\/turijnmagazijn.nl\/wp-content\/uploads\/2024\/08\/DN0100372-Ongesneden-portier-sleutel-Lancia-Delta-Integrale-SILCA-82400758-2.jpg\" \/>\n\t<meta property=\"og:image:width\" content=\"1440\" \/>\n\t<meta property=\"og:image:height\" content=\"1080\" \/>\n\t<meta property=\"og:image:type\" content=\"image\/jpeg\" \/>\n<meta name=\"twitter:card\" content=\"summary_large_image\" \/>\n<meta name=\"twitter:label1\" content=\"Gesch\u00e4tzte Lesezeit\" \/>\n\t<meta name=\"twitter:data1\" content=\"1\u00a0Minute\" \/>\n<script type=\"application\/ld+json\" class=\"yoast-schema-graph\">{\"@context\":\"https:\/\/schema.org\",\"@graph\":[{\"@type\":\"WebPage\",\"@id\":\"https:\/\/turijnmagazijn.nl\/de\/produkt\/lancia-delta-integral-blanker-zundschlussel-silca-kopie\/\",\"url\":\"https:\/\/turijnmagazijn.nl\/de\/produkt\/lancia-delta-integral-blanker-zundschlussel-silca-kopie\/\",\"name\":\"Ungeschnittener T\u00fcrschl\u00fcssel Lancia Delta Integrale -SILCA - Turijnmagazijn\",\"isPartOf\":{\"@id\":\"https:\/\/turijnmagazijn.jumpstone-dev.nl\/#website\"},\"primaryImageOfPage\":{\"@id\":\"https:\/\/turijnmagazijn.nl\/de\/produkt\/lancia-delta-integral-blanker-zundschlussel-silca-kopie\/#primaryimage\"},\"image\":{\"@id\":\"https:\/\/turijnmagazijn.nl\/de\/produkt\/lancia-delta-integral-blanker-zundschlussel-silca-kopie\/#primaryimage\"},\"thumbnailUrl\":\"https:\/\/turijnmagazijn.nl\/wp-content\/uploads\/2024\/08\/DN0100372-Ongesneden-portier-sleutel-Lancia-Delta-Integrale-SILCA-82400758-2.jpg\",\"datePublished\":\"2024-08-29T19:38:37+00:00\",\"dateModified\":\"2026-01-19T14:46:15+00:00\",\"breadcrumb\":{\"@id\":\"https:\/\/turijnmagazijn.nl\/de\/produkt\/lancia-delta-integral-blanker-zundschlussel-silca-kopie\/#breadcrumb\"},\"inLanguage\":\"de\",\"potentialAction\":[{\"@type\":\"ReadAction\",\"target\":[\"https:\/\/turijnmagazijn.nl\/de\/produkt\/lancia-delta-integral-blanker-zundschlussel-silca-kopie\/\"]}]},{\"@type\":\"ImageObject\",\"inLanguage\":\"de\",\"@id\":\"https:\/\/turijnmagazijn.nl\/de\/produkt\/lancia-delta-integral-blanker-zundschlussel-silca-kopie\/#primaryimage\",\"url\":\"https:\/\/turijnmagazijn.nl\/wp-content\/uploads\/2024\/08\/DN0100372-Ongesneden-portier-sleutel-Lancia-Delta-Integrale-SILCA-82400758-2.jpg\",\"contentUrl\":\"https:\/\/turijnmagazijn.nl\/wp-content\/uploads\/2024\/08\/DN0100372-Ongesneden-portier-sleutel-Lancia-Delta-Integrale-SILCA-82400758-2.jpg\",\"width\":1440,\"height\":1080},{\"@type\":\"BreadcrumbList\",\"@id\":\"https:\/\/turijnmagazijn.nl\/de\/produkt\/lancia-delta-integral-blanker-zundschlussel-silca-kopie\/#breadcrumb\",\"itemListElement\":[{\"@type\":\"ListItem\",\"position\":1,\"name\":\"Home\",\"item\":\"https:\/\/turijnmagazijn.nl\/de\/\"},{\"@type\":\"ListItem\",\"position\":2,\"name\":\"Produkte\",\"item\":\"https:\/\/turijnmagazijn.nl\/de\/shop\/\"},{\"@type\":\"ListItem\",\"position\":3,\"name\":\"Ungeschnittener T\u00fcrschl\u00fcssel Lancia Delta Integrale -SILCA\"}]},{\"@type\":\"WebSite\",\"@id\":\"https:\/\/turijnmagazijn.jumpstone-dev.nl\/#website\",\"url\":\"https:\/\/turijnmagazijn.jumpstone-dev.nl\/\",\"name\":\"Turijnmagazijn\",\"description\":\"Onderdelen nieuw en gebruikt - Fiat &amp; Lancia\",\"publisher\":{\"@id\":\"https:\/\/turijnmagazijn.jumpstone-dev.nl\/#organization\"},\"potentialAction\":[{\"@type\":\"SearchAction\",\"target\":{\"@type\":\"EntryPoint\",\"urlTemplate\":\"https:\/\/turijnmagazijn.jumpstone-dev.nl\/?s={search_term_string}\"},\"query-input\":{\"@type\":\"PropertyValueSpecification\",\"valueRequired\":true,\"valueName\":\"search_term_string\"}}],\"inLanguage\":\"de\"},{\"@type\":\"Organization\",\"@id\":\"https:\/\/turijnmagazijn.jumpstone-dev.nl\/#organization\",\"name\":\"Turijnmagazijn\",\"url\":\"https:\/\/turijnmagazijn.jumpstone-dev.nl\/\",\"logo\":{\"@type\":\"ImageObject\",\"inLanguage\":\"de\",\"@id\":\"https:\/\/turijnmagazijn.jumpstone-dev.nl\/#\/schema\/logo\/image\/\",\"url\":\"https:\/\/turijnmagazijn.nl\/wp-content\/uploads\/2021\/02\/turijnmagazijnlogo.png\",\"contentUrl\":\"https:\/\/turijnmagazijn.nl\/wp-content\/uploads\/2021\/02\/turijnmagazijnlogo.png\",\"width\":555,\"height\":270,\"caption\":\"Turijnmagazijn\"},\"image\":{\"@id\":\"https:\/\/turijnmagazijn.jumpstone-dev.nl\/#\/schema\/logo\/image\/\"},\"sameAs\":[\"https:\/\/www.facebook.com\/turijnmagazijn\"]}]}<\/script>\n<!-- \/ Yoast SEO plugin. -->","yoast_head_json":{"title":"Ungeschnittener T\u00fcrschl\u00fcssel Lancia Delta Integrale -SILCA - Turijnmagazijn","robots":{"index":"index","follow":"follow","max-snippet":"max-snippet:-1","max-image-preview":"max-image-preview:large","max-video-preview":"max-video-preview:-1"},"canonical":"https:\/\/turijnmagazijn.nl\/de\/produkt\/lancia-delta-integral-blanker-zundschlussel-silca-kopie\/","og_locale":"de_DE","og_type":"article","og_title":"Ungeschnittener T\u00fcrschl\u00fcssel Lancia Delta Integrale -SILCA - Turijnmagazijn","og_description":"82400758 Lancia Delta Integrale blanker T\u00fcrschlossschl\u00fcssel -SILCA- - Neuer blanker Schl\u00fcssel mit stumpfem Bart von der Marke Silca.","og_url":"https:\/\/turijnmagazijn.nl\/de\/produkt\/lancia-delta-integral-blanker-zundschlussel-silca-kopie\/","og_site_name":"Turijnmagazijn","article_publisher":"https:\/\/www.facebook.com\/turijnmagazijn","article_modified_time":"2026-01-19T14:46:15+00:00","og_image":[{"width":1440,"height":1080,"url":"https:\/\/turijnmagazijn.nl\/wp-content\/uploads\/2024\/08\/DN0100372-Ongesneden-portier-sleutel-Lancia-Delta-Integrale-SILCA-82400758-2.jpg","type":"image\/jpeg"}],"twitter_card":"summary_large_image","twitter_misc":{"Gesch\u00e4tzte Lesezeit":"1\u00a0Minute"},"schema":{"@context":"https:\/\/schema.org","@graph":[{"@type":"WebPage","@id":"https:\/\/turijnmagazijn.nl\/de\/produkt\/lancia-delta-integral-blanker-zundschlussel-silca-kopie\/","url":"https:\/\/turijnmagazijn.nl\/de\/produkt\/lancia-delta-integral-blanker-zundschlussel-silca-kopie\/","name":"Ungeschnittener T\u00fcrschl\u00fcssel Lancia Delta Integrale -SILCA - Turijnmagazijn","isPartOf":{"@id":"https:\/\/turijnmagazijn.jumpstone-dev.nl\/#website"},"primaryImageOfPage":{"@id":"https:\/\/turijnmagazijn.nl\/de\/produkt\/lancia-delta-integral-blanker-zundschlussel-silca-kopie\/#primaryimage"},"image":{"@id":"https:\/\/turijnmagazijn.nl\/de\/produkt\/lancia-delta-integral-blanker-zundschlussel-silca-kopie\/#primaryimage"},"thumbnailUrl":"https:\/\/turijnmagazijn.nl\/wp-content\/uploads\/2024\/08\/DN0100372-Ongesneden-portier-sleutel-Lancia-Delta-Integrale-SILCA-82400758-2.jpg","datePublished":"2024-08-29T19:38:37+00:00","dateModified":"2026-01-19T14:46:15+00:00","breadcrumb":{"@id":"https:\/\/turijnmagazijn.nl\/de\/produkt\/lancia-delta-integral-blanker-zundschlussel-silca-kopie\/#breadcrumb"},"inLanguage":"de","potentialAction":[{"@type":"ReadAction","target":["https:\/\/turijnmagazijn.nl\/de\/produkt\/lancia-delta-integral-blanker-zundschlussel-silca-kopie\/"]}]},{"@type":"ImageObject","inLanguage":"de","@id":"https:\/\/turijnmagazijn.nl\/de\/produkt\/lancia-delta-integral-blanker-zundschlussel-silca-kopie\/#primaryimage","url":"https:\/\/turijnmagazijn.nl\/wp-content\/uploads\/2024\/08\/DN0100372-Ongesneden-portier-sleutel-Lancia-Delta-Integrale-SILCA-82400758-2.jpg","contentUrl":"https:\/\/turijnmagazijn.nl\/wp-content\/uploads\/2024\/08\/DN0100372-Ongesneden-portier-sleutel-Lancia-Delta-Integrale-SILCA-82400758-2.jpg","width":1440,"height":1080},{"@type":"BreadcrumbList","@id":"https:\/\/turijnmagazijn.nl\/de\/produkt\/lancia-delta-integral-blanker-zundschlussel-silca-kopie\/#breadcrumb","itemListElement":[{"@type":"ListItem","position":1,"name":"Home","item":"https:\/\/turijnmagazijn.nl\/de\/"},{"@type":"ListItem","position":2,"name":"Produkte","item":"https:\/\/turijnmagazijn.nl\/de\/shop\/"},{"@type":"ListItem","position":3,"name":"Ungeschnittener T\u00fcrschl\u00fcssel Lancia Delta Integrale -SILCA"}]},{"@type":"WebSite","@id":"https:\/\/turijnmagazijn.jumpstone-dev.nl\/#website","url":"https:\/\/turijnmagazijn.jumpstone-dev.nl\/","name":"Turijnmagazijn","description":"Onderdelen nieuw en gebruikt - Fiat &amp; Lancia","publisher":{"@id":"https:\/\/turijnmagazijn.jumpstone-dev.nl\/#organization"},"potentialAction":[{"@type":"SearchAction","target":{"@type":"EntryPoint","urlTemplate":"https:\/\/turijnmagazijn.jumpstone-dev.nl\/?s={search_term_string}"},"query-input":{"@type":"PropertyValueSpecification","valueRequired":true,"valueName":"search_term_string"}}],"inLanguage":"de"},{"@type":"Organization","@id":"https:\/\/turijnmagazijn.jumpstone-dev.nl\/#organization","name":"Turijnmagazijn","url":"https:\/\/turijnmagazijn.jumpstone-dev.nl\/","logo":{"@type":"ImageObject","inLanguage":"de","@id":"https:\/\/turijnmagazijn.jumpstone-dev.nl\/#\/schema\/logo\/image\/","url":"https:\/\/turijnmagazijn.nl\/wp-content\/uploads\/2021\/02\/turijnmagazijnlogo.png","contentUrl":"https:\/\/turijnmagazijn.nl\/wp-content\/uploads\/2021\/02\/turijnmagazijnlogo.png","width":555,"height":270,"caption":"Turijnmagazijn"},"image":{"@id":"https:\/\/turijnmagazijn.jumpstone-dev.nl\/#\/schema\/logo\/image\/"},"sameAs":["https:\/\/www.facebook.com\/turijnmagazijn"]}]}},"_links":{"self":[{"href":"https:\/\/turijnmagazijn.nl\/de\/wp-json\/wp\/v2\/product\/78614","targetHints":{"allow":["GET"]}}],"collection":[{"href":"https:\/\/turijnmagazijn.nl\/de\/wp-json\/wp\/v2\/product"}],"about":[{"href":"https:\/\/turijnmagazijn.nl\/de\/wp-json\/wp\/v2\/types\/product"}],"replies":[{"embeddable":true,"href":"https:\/\/turijnmagazijn.nl\/de\/wp-json\/wp\/v2\/comments?post=78614"}],"wp:featuredmedia":[{"embeddable":true,"href":"https:\/\/turijnmagazijn.nl\/de\/wp-json\/wp\/v2\/media\/79152"}],"wp:attachment":[{"href":"https:\/\/turijnmagazijn.nl\/de\/wp-json\/wp\/v2\/media?parent=78614"}],"wp:term":[{"taxonomy":"product_brand","embeddable":true,"href":"https:\/\/turijnmagazijn.nl\/de\/wp-json\/wp\/v2\/product_brand?post=78614"},{"taxonomy":"product_cat","embeddable":true,"href":"https:\/\/turijnmagazijn.nl\/de\/wp-json\/wp\/v2\/product_cat?post=78614"},{"taxonomy":"product_tag","embeddable":true,"href":"https:\/\/turijnmagazijn.nl\/de\/wp-json\/wp\/v2\/product_tag?post=78614"}],"curies":[{"name":"wp","href":"https:\/\/api.w.org\/{rel}","templated":true}]}}