{"id":79115,"date":"2024-09-19T21:03:24","date_gmt":"2024-09-19T19:03:24","guid":{"rendered":"https:\/\/turijnmagazijn.nl\/?post_type=product&#038;p=79115"},"modified":"2026-03-09T18:01:45","modified_gmt":"2026-03-09T17:01:45","slug":"stecker-fensterschalter-neuer-typ-lancia-delta-integrale-nachahmung-kopie","status":"publish","type":"product","link":"https:\/\/turijnmagazijn.nl\/de\/produkt\/stecker-fensterschalter-neuer-typ-lancia-delta-integrale-nachahmung-kopie\/","title":{"rendered":"Fensterschalter neuer Typ Lancia Delta Integrale &#8211; Imitation"},"content":{"rendered":"<p>Neues Nachahmungsteil.  <span data-sheets-root=\"1\" data-sheets-value=\"{\"1\":2,\"2\":\"Plug raamschakelaar nieuw type Lancia Delta Integrale - Imitatie\"}\" data-sheets-userformat=\"{\"2\":513,\"3\":{\"1\":0},\"12\":0}\">Stecker f\u00fcr Fensterheberschalter neuer Typ f\u00fcr Mittelkonsole Lancia Delta Integrale. Es handelt sich um ein Nachahmerprodukt, das den Originalstecker ersetzen soll.  <\/span><\/p>\n<p><strong>Das Design weicht vom Original ab, passt aber ohne \u00c4nderung an den Originalstecker und in die Originalaussparung !<br \/>\nSiehe das Foto f\u00fcr die Unterschiede. <\/strong>  Dieses Steckermodell ist f\u00fcr die 5-poligen Schalter der sp\u00e4teren Typen des Lancia Delta Integrale geeignet. Ab etwa 1990, dem Jahr der Herstellung, wurden die kleineren Schalter mit der Nummer  <span data-sheets-root=\"1\" data-sheets-value=\"{\"1\":2,\"2\":\"176694080\"}\" data-sheets-userformat=\"{\"2\":513,\"3\":{\"1\":1},\"12\":0}\">176694080 wof\u00fcr diese Stecker perfekt geeignet sind. Sie passen auch durch die kleinere Aussparung in der Mittelkonsole, so dass Sie die Fensterschalter leicht montieren und demontieren k\u00f6nnen.<\/span>  Wenn Sie einen originalen Kabelbaum haben, k\u00f6nnen Sie die nicht isolierten Stecker einfach in die Buchse stecken und m\u00fcssen nicht l\u00f6ten. Wenn die Steckverbindungen an Ihrem Fahrzeug bereits nicht mehr vorhanden sind, k\u00f6nnen Sie die mitgelieferten 5 Kabelenden verwenden, um eine L\u00f6tverbindung zu Ihrem originalen Kabelbaum herzustellen. OEM Lancia <span data-sheets-root=\"1\" data-sheets-value=\"{\"1\":2,\"2\":\"176694080\"}\" data-sheets-userformat=\"{\"2\":513,\"3\":{\"1\":1},\"12\":0}\">176694080<\/span><\/p>\n","protected":false},"excerpt":{"rendered":"<p>Fensterschalter neuer Typ Lancia Delta Integrale &#8211; Imitation <span data-sheets-root=\"1\" data-sheets-value=\"{\"1\":2,\"2\":\"176694080\"}\" data-sheets-userformat=\"{\"2\":513,\"3\":{\"1\":1},\"12\":0}\">176694080 <\/span> <\/p>\n","protected":false},"featured_media":79137,"comment_status":"closed","ping_status":"closed","template":"","meta":{"_acf_changed":false},"product_brand":[],"product_cat":[1807,1817,1822,1826,1834,1829,1839,1797],"product_tag":[],"class_list":{"0":"post-79115","1":"product","2":"type-product","3":"status-publish","4":"has-post-thumbnail","6":"product_cat-delta-1-831-de","7":"product_cat-gt-i-e-de","8":"product_cat-hf-4wd-de","9":"product_cat-hf-turbo-de","10":"product_cat-integrale-16v-de","11":"product_cat-integrale-8v-de","12":"product_cat-integrale-evo-de","13":"product_cat-lancia-de","14":"pa_soort-onderdeel-elektronik-und-kabel","16":"first","17":"instock","18":"taxable","19":"shipping-taxable","20":"purchasable","21":"product-type-simple"},"acf":[],"yoast_head":"<!-- This site is optimized with the Yoast SEO plugin v27.2 - https:\/\/yoast.com\/product\/yoast-seo-wordpress\/ -->\n<title>Fensterschalter neuer Typ Lancia Delta Integrale - Imitation - Turijnmagazijn<\/title>\n<meta name=\"robots\" content=\"index, follow, max-snippet:-1, max-image-preview:large, max-video-preview:-1\" \/>\n<link rel=\"canonical\" href=\"https:\/\/turijnmagazijn.nl\/de\/produkt\/stecker-fensterschalter-neuer-typ-lancia-delta-integrale-nachahmung-kopie\/\" \/>\n<meta property=\"og:locale\" content=\"de_DE\" \/>\n<meta property=\"og:type\" content=\"article\" \/>\n<meta property=\"og:title\" content=\"Fensterschalter neuer Typ Lancia Delta Integrale - Imitation - Turijnmagazijn\" \/>\n<meta property=\"og:description\" content=\"Fensterschalter neuer Typ Lancia Delta Integrale - Imitation 176694080\" \/>\n<meta property=\"og:url\" content=\"https:\/\/turijnmagazijn.nl\/de\/produkt\/stecker-fensterschalter-neuer-typ-lancia-delta-integrale-nachahmung-kopie\/\" \/>\n<meta property=\"og:site_name\" content=\"Turijnmagazijn\" \/>\n<meta property=\"article:publisher\" content=\"https:\/\/www.facebook.com\/turijnmagazijn\" \/>\n<meta property=\"article:modified_time\" content=\"2026-03-09T17:01:45+00:00\" \/>\n<meta property=\"og:image\" content=\"https:\/\/turijnmagazijn.nl\/wp-content\/uploads\/2024\/09\/DN0100373-Raamschakelaar-nieuw-type-Lancia-Delta-Integrale-Imitatie-176694080-2.jpg\" \/>\n\t<meta property=\"og:image:width\" content=\"1080\" \/>\n\t<meta property=\"og:image:height\" content=\"1440\" \/>\n\t<meta property=\"og:image:type\" content=\"image\/jpeg\" \/>\n<meta name=\"twitter:card\" content=\"summary_large_image\" \/>\n<meta name=\"twitter:label1\" content=\"Gesch\u00e4tzte Lesezeit\" \/>\n\t<meta name=\"twitter:data1\" content=\"1\u00a0Minute\" \/>\n<script type=\"application\/ld+json\" class=\"yoast-schema-graph\">{\"@context\":\"https:\/\/schema.org\",\"@graph\":[{\"@type\":\"WebPage\",\"@id\":\"https:\/\/turijnmagazijn.nl\/de\/produkt\/stecker-fensterschalter-neuer-typ-lancia-delta-integrale-nachahmung-kopie\/\",\"url\":\"https:\/\/turijnmagazijn.nl\/de\/produkt\/stecker-fensterschalter-neuer-typ-lancia-delta-integrale-nachahmung-kopie\/\",\"name\":\"Fensterschalter neuer Typ Lancia Delta Integrale - Imitation - Turijnmagazijn\",\"isPartOf\":{\"@id\":\"https:\/\/turijnmagazijn.jumpstone-dev.nl\/#website\"},\"primaryImageOfPage\":{\"@id\":\"https:\/\/turijnmagazijn.nl\/de\/produkt\/stecker-fensterschalter-neuer-typ-lancia-delta-integrale-nachahmung-kopie\/#primaryimage\"},\"image\":{\"@id\":\"https:\/\/turijnmagazijn.nl\/de\/produkt\/stecker-fensterschalter-neuer-typ-lancia-delta-integrale-nachahmung-kopie\/#primaryimage\"},\"thumbnailUrl\":\"https:\/\/turijnmagazijn.nl\/wp-content\/uploads\/2024\/09\/DN0100373-Raamschakelaar-nieuw-type-Lancia-Delta-Integrale-Imitatie-176694080-2.jpg\",\"datePublished\":\"2024-09-19T19:03:24+00:00\",\"dateModified\":\"2026-03-09T17:01:45+00:00\",\"breadcrumb\":{\"@id\":\"https:\/\/turijnmagazijn.nl\/de\/produkt\/stecker-fensterschalter-neuer-typ-lancia-delta-integrale-nachahmung-kopie\/#breadcrumb\"},\"inLanguage\":\"de\",\"potentialAction\":[{\"@type\":\"ReadAction\",\"target\":[\"https:\/\/turijnmagazijn.nl\/de\/produkt\/stecker-fensterschalter-neuer-typ-lancia-delta-integrale-nachahmung-kopie\/\"]}]},{\"@type\":\"ImageObject\",\"inLanguage\":\"de\",\"@id\":\"https:\/\/turijnmagazijn.nl\/de\/produkt\/stecker-fensterschalter-neuer-typ-lancia-delta-integrale-nachahmung-kopie\/#primaryimage\",\"url\":\"https:\/\/turijnmagazijn.nl\/wp-content\/uploads\/2024\/09\/DN0100373-Raamschakelaar-nieuw-type-Lancia-Delta-Integrale-Imitatie-176694080-2.jpg\",\"contentUrl\":\"https:\/\/turijnmagazijn.nl\/wp-content\/uploads\/2024\/09\/DN0100373-Raamschakelaar-nieuw-type-Lancia-Delta-Integrale-Imitatie-176694080-2.jpg\",\"width\":1080,\"height\":1440},{\"@type\":\"BreadcrumbList\",\"@id\":\"https:\/\/turijnmagazijn.nl\/de\/produkt\/stecker-fensterschalter-neuer-typ-lancia-delta-integrale-nachahmung-kopie\/#breadcrumb\",\"itemListElement\":[{\"@type\":\"ListItem\",\"position\":1,\"name\":\"Home\",\"item\":\"https:\/\/turijnmagazijn.nl\/de\/\"},{\"@type\":\"ListItem\",\"position\":2,\"name\":\"Produkte\",\"item\":\"https:\/\/turijnmagazijn.nl\/de\/shop\/\"},{\"@type\":\"ListItem\",\"position\":3,\"name\":\"Fensterschalter neuer Typ Lancia Delta Integrale &#8211; Imitation\"}]},{\"@type\":\"WebSite\",\"@id\":\"https:\/\/turijnmagazijn.jumpstone-dev.nl\/#website\",\"url\":\"https:\/\/turijnmagazijn.jumpstone-dev.nl\/\",\"name\":\"Turijnmagazijn\",\"description\":\"Onderdelen nieuw en gebruikt - Fiat &amp; Lancia\",\"publisher\":{\"@id\":\"https:\/\/turijnmagazijn.jumpstone-dev.nl\/#organization\"},\"potentialAction\":[{\"@type\":\"SearchAction\",\"target\":{\"@type\":\"EntryPoint\",\"urlTemplate\":\"https:\/\/turijnmagazijn.jumpstone-dev.nl\/?s={search_term_string}\"},\"query-input\":{\"@type\":\"PropertyValueSpecification\",\"valueRequired\":true,\"valueName\":\"search_term_string\"}}],\"inLanguage\":\"de\"},{\"@type\":\"Organization\",\"@id\":\"https:\/\/turijnmagazijn.jumpstone-dev.nl\/#organization\",\"name\":\"Turijnmagazijn\",\"url\":\"https:\/\/turijnmagazijn.jumpstone-dev.nl\/\",\"logo\":{\"@type\":\"ImageObject\",\"inLanguage\":\"de\",\"@id\":\"https:\/\/turijnmagazijn.jumpstone-dev.nl\/#\/schema\/logo\/image\/\",\"url\":\"https:\/\/turijnmagazijn.nl\/wp-content\/uploads\/2021\/02\/turijnmagazijnlogo.png\",\"contentUrl\":\"https:\/\/turijnmagazijn.nl\/wp-content\/uploads\/2021\/02\/turijnmagazijnlogo.png\",\"width\":555,\"height\":270,\"caption\":\"Turijnmagazijn\"},\"image\":{\"@id\":\"https:\/\/turijnmagazijn.jumpstone-dev.nl\/#\/schema\/logo\/image\/\"},\"sameAs\":[\"https:\/\/www.facebook.com\/turijnmagazijn\"]}]}<\/script>\n<!-- \/ Yoast SEO plugin. -->","yoast_head_json":{"title":"Fensterschalter neuer Typ Lancia Delta Integrale - Imitation - Turijnmagazijn","robots":{"index":"index","follow":"follow","max-snippet":"max-snippet:-1","max-image-preview":"max-image-preview:large","max-video-preview":"max-video-preview:-1"},"canonical":"https:\/\/turijnmagazijn.nl\/de\/produkt\/stecker-fensterschalter-neuer-typ-lancia-delta-integrale-nachahmung-kopie\/","og_locale":"de_DE","og_type":"article","og_title":"Fensterschalter neuer Typ Lancia Delta Integrale - Imitation - Turijnmagazijn","og_description":"Fensterschalter neuer Typ Lancia Delta Integrale - Imitation 176694080","og_url":"https:\/\/turijnmagazijn.nl\/de\/produkt\/stecker-fensterschalter-neuer-typ-lancia-delta-integrale-nachahmung-kopie\/","og_site_name":"Turijnmagazijn","article_publisher":"https:\/\/www.facebook.com\/turijnmagazijn","article_modified_time":"2026-03-09T17:01:45+00:00","og_image":[{"width":1080,"height":1440,"url":"https:\/\/turijnmagazijn.nl\/wp-content\/uploads\/2024\/09\/DN0100373-Raamschakelaar-nieuw-type-Lancia-Delta-Integrale-Imitatie-176694080-2.jpg","type":"image\/jpeg"}],"twitter_card":"summary_large_image","twitter_misc":{"Gesch\u00e4tzte Lesezeit":"1\u00a0Minute"},"schema":{"@context":"https:\/\/schema.org","@graph":[{"@type":"WebPage","@id":"https:\/\/turijnmagazijn.nl\/de\/produkt\/stecker-fensterschalter-neuer-typ-lancia-delta-integrale-nachahmung-kopie\/","url":"https:\/\/turijnmagazijn.nl\/de\/produkt\/stecker-fensterschalter-neuer-typ-lancia-delta-integrale-nachahmung-kopie\/","name":"Fensterschalter neuer Typ Lancia Delta Integrale - Imitation - Turijnmagazijn","isPartOf":{"@id":"https:\/\/turijnmagazijn.jumpstone-dev.nl\/#website"},"primaryImageOfPage":{"@id":"https:\/\/turijnmagazijn.nl\/de\/produkt\/stecker-fensterschalter-neuer-typ-lancia-delta-integrale-nachahmung-kopie\/#primaryimage"},"image":{"@id":"https:\/\/turijnmagazijn.nl\/de\/produkt\/stecker-fensterschalter-neuer-typ-lancia-delta-integrale-nachahmung-kopie\/#primaryimage"},"thumbnailUrl":"https:\/\/turijnmagazijn.nl\/wp-content\/uploads\/2024\/09\/DN0100373-Raamschakelaar-nieuw-type-Lancia-Delta-Integrale-Imitatie-176694080-2.jpg","datePublished":"2024-09-19T19:03:24+00:00","dateModified":"2026-03-09T17:01:45+00:00","breadcrumb":{"@id":"https:\/\/turijnmagazijn.nl\/de\/produkt\/stecker-fensterschalter-neuer-typ-lancia-delta-integrale-nachahmung-kopie\/#breadcrumb"},"inLanguage":"de","potentialAction":[{"@type":"ReadAction","target":["https:\/\/turijnmagazijn.nl\/de\/produkt\/stecker-fensterschalter-neuer-typ-lancia-delta-integrale-nachahmung-kopie\/"]}]},{"@type":"ImageObject","inLanguage":"de","@id":"https:\/\/turijnmagazijn.nl\/de\/produkt\/stecker-fensterschalter-neuer-typ-lancia-delta-integrale-nachahmung-kopie\/#primaryimage","url":"https:\/\/turijnmagazijn.nl\/wp-content\/uploads\/2024\/09\/DN0100373-Raamschakelaar-nieuw-type-Lancia-Delta-Integrale-Imitatie-176694080-2.jpg","contentUrl":"https:\/\/turijnmagazijn.nl\/wp-content\/uploads\/2024\/09\/DN0100373-Raamschakelaar-nieuw-type-Lancia-Delta-Integrale-Imitatie-176694080-2.jpg","width":1080,"height":1440},{"@type":"BreadcrumbList","@id":"https:\/\/turijnmagazijn.nl\/de\/produkt\/stecker-fensterschalter-neuer-typ-lancia-delta-integrale-nachahmung-kopie\/#breadcrumb","itemListElement":[{"@type":"ListItem","position":1,"name":"Home","item":"https:\/\/turijnmagazijn.nl\/de\/"},{"@type":"ListItem","position":2,"name":"Produkte","item":"https:\/\/turijnmagazijn.nl\/de\/shop\/"},{"@type":"ListItem","position":3,"name":"Fensterschalter neuer Typ Lancia Delta Integrale &#8211; Imitation"}]},{"@type":"WebSite","@id":"https:\/\/turijnmagazijn.jumpstone-dev.nl\/#website","url":"https:\/\/turijnmagazijn.jumpstone-dev.nl\/","name":"Turijnmagazijn","description":"Onderdelen nieuw en gebruikt - Fiat &amp; Lancia","publisher":{"@id":"https:\/\/turijnmagazijn.jumpstone-dev.nl\/#organization"},"potentialAction":[{"@type":"SearchAction","target":{"@type":"EntryPoint","urlTemplate":"https:\/\/turijnmagazijn.jumpstone-dev.nl\/?s={search_term_string}"},"query-input":{"@type":"PropertyValueSpecification","valueRequired":true,"valueName":"search_term_string"}}],"inLanguage":"de"},{"@type":"Organization","@id":"https:\/\/turijnmagazijn.jumpstone-dev.nl\/#organization","name":"Turijnmagazijn","url":"https:\/\/turijnmagazijn.jumpstone-dev.nl\/","logo":{"@type":"ImageObject","inLanguage":"de","@id":"https:\/\/turijnmagazijn.jumpstone-dev.nl\/#\/schema\/logo\/image\/","url":"https:\/\/turijnmagazijn.nl\/wp-content\/uploads\/2021\/02\/turijnmagazijnlogo.png","contentUrl":"https:\/\/turijnmagazijn.nl\/wp-content\/uploads\/2021\/02\/turijnmagazijnlogo.png","width":555,"height":270,"caption":"Turijnmagazijn"},"image":{"@id":"https:\/\/turijnmagazijn.jumpstone-dev.nl\/#\/schema\/logo\/image\/"},"sameAs":["https:\/\/www.facebook.com\/turijnmagazijn"]}]}},"_links":{"self":[{"href":"https:\/\/turijnmagazijn.nl\/de\/wp-json\/wp\/v2\/product\/79115","targetHints":{"allow":["GET"]}}],"collection":[{"href":"https:\/\/turijnmagazijn.nl\/de\/wp-json\/wp\/v2\/product"}],"about":[{"href":"https:\/\/turijnmagazijn.nl\/de\/wp-json\/wp\/v2\/types\/product"}],"replies":[{"embeddable":true,"href":"https:\/\/turijnmagazijn.nl\/de\/wp-json\/wp\/v2\/comments?post=79115"}],"wp:featuredmedia":[{"embeddable":true,"href":"https:\/\/turijnmagazijn.nl\/de\/wp-json\/wp\/v2\/media\/79137"}],"wp:attachment":[{"href":"https:\/\/turijnmagazijn.nl\/de\/wp-json\/wp\/v2\/media?parent=79115"}],"wp:term":[{"taxonomy":"product_brand","embeddable":true,"href":"https:\/\/turijnmagazijn.nl\/de\/wp-json\/wp\/v2\/product_brand?post=79115"},{"taxonomy":"product_cat","embeddable":true,"href":"https:\/\/turijnmagazijn.nl\/de\/wp-json\/wp\/v2\/product_cat?post=79115"},{"taxonomy":"product_tag","embeddable":true,"href":"https:\/\/turijnmagazijn.nl\/de\/wp-json\/wp\/v2\/product_tag?post=79115"}],"curies":[{"name":"wp","href":"https:\/\/api.w.org\/{rel}","templated":true}]}}