{"id":79258,"date":"2024-09-27T19:28:04","date_gmt":"2024-09-27T17:28:04","guid":{"rendered":"https:\/\/turijnmagazijn.nl\/?post_type=product&#038;p=79258"},"modified":"2025-04-16T14:34:20","modified_gmt":"2025-04-16T12:34:20","slug":"dk010-dummy-lybra-kopie-4","status":"publish","type":"product","link":"https:\/\/turijnmagazijn.nl\/de\/produkt\/dk010-dummy-lybra-kopie-4\/","title":{"rendered":"Vorheizmodul 1.9 JTD Lancia Lybra Alfa 156 166 Fiat Punto"},"content":{"rendered":"<p>Gebrauchtes Frontgl\u00fchmodul f\u00fcr Dieselmotoren 1.9 JTD Unter anderem einsetzbar f\u00fcr Lancia Lybra Alfa Romeo 166 und Fiat Punto Anwendungen: 1F MULTIPLA (1998-2010) 1G STRADA (1999-2005) 1G STRADA (1999-2005) 1L BRAVO G.98<\/p>\n<p>BZ\/DS (1998-2001) 1M BRAVA G.98 BZ\/DS (1998-2001) 1P PUNTO DS (1999-2003) 1R MAREA DS GAMMA&#8217;99 (1999-2002) 1W DOBLO (2000-2004) 2G PALIO WE EUROPA REST.<br \/>\n(2002-2004) 2K PALIO WE EXTRA EUROPA REST.<br \/>\n2002 (2002-2008) 2W DOBLO MY.<\/p>\n<p>2004 (2004-2005) PY PALIO\/WEEKEND EUROPA (1997-2002) SY LYBRA DS (1999-2005) T8 156 TD.ID.<\/p>\n<p>(1997-2002) W3 145 M.J.<br \/>\n&#8217;99 (1999-2000) W4 146 M.J.<br \/>\n&#8217;99 (1999-2000) W9 166 BZ-DS (1998-2007)<\/p>\n<p>&nbsp;<\/p>\n<p>OEM Lancia 60653990 OEM Alfa Romeo 60814959<\/p>\n","protected":false},"excerpt":{"rendered":"<p>60653990 Gl\u00fchkerzenmodul vorne 1.9 JTD Lancia Lybra Alfa 166 Fiat Punto<\/p>\n","protected":false},"featured_media":79772,"comment_status":"closed","ping_status":"closed","template":"","meta":{"_acf_changed":false},"product_brand":[],"product_cat":[1599,1603,1616,1651,1584,1706,1689,1797,1874,1751,1883,1619,1621,1878],"product_tag":[],"class_list":{"0":"post-79258","1":"product","2":"type-product","3":"status-publish","4":"has-post-thumbnail","6":"product_cat-145-930a-de","7":"product_cat-146-930b-de","8":"product_cat-156-932-de","9":"product_cat-166-936-de","10":"product_cat-alfa-romeo-de","11":"product_cat-brava-198-de","12":"product_cat-fiat-de","13":"product_cat-lancia-de","14":"product_cat-lybra-839-de","15":"product_cat-punto-2-188-de","16":"product_cat-sedan-lybra-839-de","17":"product_cat-sedan-de","18":"product_cat-sportwagon-de","19":"product_cat-sw-lybra-839-de","20":"pa_soort-onderdeel-motor-und-zubehor","22":"first","23":"instock","24":"shipping-taxable","25":"purchasable","26":"product-type-simple"},"acf":[],"yoast_head":"<!-- This site is optimized with the Yoast SEO plugin v27.3 - https:\/\/yoast.com\/product\/yoast-seo-wordpress\/ -->\n<title>Vorheizmodul 1.9 JTD Lancia Lybra Alfa 156 166 Fiat Punto - Turijnmagazijn<\/title>\n<meta name=\"robots\" content=\"index, follow, max-snippet:-1, max-image-preview:large, max-video-preview:-1\" \/>\n<link rel=\"canonical\" href=\"https:\/\/turijnmagazijn.nl\/de\/produkt\/dk010-dummy-lybra-kopie-4\/\" \/>\n<meta property=\"og:locale\" content=\"de_DE\" \/>\n<meta property=\"og:type\" content=\"article\" \/>\n<meta property=\"og:title\" content=\"Vorheizmodul 1.9 JTD Lancia Lybra Alfa 156 166 Fiat Punto - Turijnmagazijn\" \/>\n<meta property=\"og:description\" content=\"60653990 Gl\u00fchkerzenmodul vorne 1.9 JTD Lancia Lybra Alfa 166 Fiat Punto\" \/>\n<meta property=\"og:url\" content=\"https:\/\/turijnmagazijn.nl\/de\/produkt\/dk010-dummy-lybra-kopie-4\/\" \/>\n<meta property=\"og:site_name\" content=\"Turijnmagazijn\" \/>\n<meta property=\"article:publisher\" content=\"https:\/\/www.facebook.com\/turijnmagazijn\" \/>\n<meta property=\"article:modified_time\" content=\"2025-04-16T12:34:20+00:00\" \/>\n<meta property=\"og:image\" content=\"https:\/\/turijnmagazijn.nl\/wp-content\/uploads\/2024\/09\/DK0102720-Voorgloei-module-1.9-JTD-Lancia-Lybra-Alfa-156-166-Fiat-Punto-60653990-2.jpg\" \/>\n\t<meta property=\"og:image:width\" content=\"1440\" \/>\n\t<meta property=\"og:image:height\" content=\"1080\" \/>\n\t<meta property=\"og:image:type\" content=\"image\/jpeg\" \/>\n<meta name=\"twitter:card\" content=\"summary_large_image\" \/>\n<meta name=\"twitter:label1\" content=\"Gesch\u00e4tzte Lesezeit\" \/>\n\t<meta name=\"twitter:data1\" content=\"1\u00a0Minute\" \/>\n<script type=\"application\/ld+json\" class=\"yoast-schema-graph\">{\"@context\":\"https:\\\/\\\/schema.org\",\"@graph\":[{\"@type\":\"WebPage\",\"@id\":\"https:\\\/\\\/turijnmagazijn.nl\\\/de\\\/produkt\\\/dk010-dummy-lybra-kopie-4\\\/\",\"url\":\"https:\\\/\\\/turijnmagazijn.nl\\\/de\\\/produkt\\\/dk010-dummy-lybra-kopie-4\\\/\",\"name\":\"Vorheizmodul 1.9 JTD Lancia Lybra Alfa 156 166 Fiat Punto - Turijnmagazijn\",\"isPartOf\":{\"@id\":\"https:\\\/\\\/turijnmagazijn.jumpstone-dev.nl\\\/#website\"},\"primaryImageOfPage\":{\"@id\":\"https:\\\/\\\/turijnmagazijn.nl\\\/de\\\/produkt\\\/dk010-dummy-lybra-kopie-4\\\/#primaryimage\"},\"image\":{\"@id\":\"https:\\\/\\\/turijnmagazijn.nl\\\/de\\\/produkt\\\/dk010-dummy-lybra-kopie-4\\\/#primaryimage\"},\"thumbnailUrl\":\"https:\\\/\\\/turijnmagazijn.nl\\\/wp-content\\\/uploads\\\/2024\\\/09\\\/DK0102720-Voorgloei-module-1.9-JTD-Lancia-Lybra-Alfa-156-166-Fiat-Punto-60653990-2.jpg\",\"datePublished\":\"2024-09-27T17:28:04+00:00\",\"dateModified\":\"2025-04-16T12:34:20+00:00\",\"breadcrumb\":{\"@id\":\"https:\\\/\\\/turijnmagazijn.nl\\\/de\\\/produkt\\\/dk010-dummy-lybra-kopie-4\\\/#breadcrumb\"},\"inLanguage\":\"de\",\"potentialAction\":[{\"@type\":\"ReadAction\",\"target\":[\"https:\\\/\\\/turijnmagazijn.nl\\\/de\\\/produkt\\\/dk010-dummy-lybra-kopie-4\\\/\"]}]},{\"@type\":\"ImageObject\",\"inLanguage\":\"de\",\"@id\":\"https:\\\/\\\/turijnmagazijn.nl\\\/de\\\/produkt\\\/dk010-dummy-lybra-kopie-4\\\/#primaryimage\",\"url\":\"https:\\\/\\\/turijnmagazijn.nl\\\/wp-content\\\/uploads\\\/2024\\\/09\\\/DK0102720-Voorgloei-module-1.9-JTD-Lancia-Lybra-Alfa-156-166-Fiat-Punto-60653990-2.jpg\",\"contentUrl\":\"https:\\\/\\\/turijnmagazijn.nl\\\/wp-content\\\/uploads\\\/2024\\\/09\\\/DK0102720-Voorgloei-module-1.9-JTD-Lancia-Lybra-Alfa-156-166-Fiat-Punto-60653990-2.jpg\",\"width\":1440,\"height\":1080},{\"@type\":\"BreadcrumbList\",\"@id\":\"https:\\\/\\\/turijnmagazijn.nl\\\/de\\\/produkt\\\/dk010-dummy-lybra-kopie-4\\\/#breadcrumb\",\"itemListElement\":[{\"@type\":\"ListItem\",\"position\":1,\"name\":\"Home\",\"item\":\"https:\\\/\\\/turijnmagazijn.nl\\\/de\\\/\"},{\"@type\":\"ListItem\",\"position\":2,\"name\":\"Produkte\",\"item\":\"https:\\\/\\\/turijnmagazijn.nl\\\/de\\\/shop\\\/\"},{\"@type\":\"ListItem\",\"position\":3,\"name\":\"Vorheizmodul 1.9 JTD Lancia Lybra Alfa 156 166 Fiat Punto\"}]},{\"@type\":\"WebSite\",\"@id\":\"https:\\\/\\\/turijnmagazijn.jumpstone-dev.nl\\\/#website\",\"url\":\"https:\\\/\\\/turijnmagazijn.jumpstone-dev.nl\\\/\",\"name\":\"Turijnmagazijn\",\"description\":\"Onderdelen nieuw en gebruikt - Fiat &amp; Lancia\",\"publisher\":{\"@id\":\"https:\\\/\\\/turijnmagazijn.jumpstone-dev.nl\\\/#organization\"},\"potentialAction\":[{\"@type\":\"SearchAction\",\"target\":{\"@type\":\"EntryPoint\",\"urlTemplate\":\"https:\\\/\\\/turijnmagazijn.jumpstone-dev.nl\\\/?s={search_term_string}\"},\"query-input\":{\"@type\":\"PropertyValueSpecification\",\"valueRequired\":true,\"valueName\":\"search_term_string\"}}],\"inLanguage\":\"de\"},{\"@type\":\"Organization\",\"@id\":\"https:\\\/\\\/turijnmagazijn.jumpstone-dev.nl\\\/#organization\",\"name\":\"Turijnmagazijn\",\"url\":\"https:\\\/\\\/turijnmagazijn.jumpstone-dev.nl\\\/\",\"logo\":{\"@type\":\"ImageObject\",\"inLanguage\":\"de\",\"@id\":\"https:\\\/\\\/turijnmagazijn.jumpstone-dev.nl\\\/#\\\/schema\\\/logo\\\/image\\\/\",\"url\":\"https:\\\/\\\/turijnmagazijn.nl\\\/wp-content\\\/uploads\\\/2021\\\/02\\\/turijnmagazijnlogo.png\",\"contentUrl\":\"https:\\\/\\\/turijnmagazijn.nl\\\/wp-content\\\/uploads\\\/2021\\\/02\\\/turijnmagazijnlogo.png\",\"width\":555,\"height\":270,\"caption\":\"Turijnmagazijn\"},\"image\":{\"@id\":\"https:\\\/\\\/turijnmagazijn.jumpstone-dev.nl\\\/#\\\/schema\\\/logo\\\/image\\\/\"},\"sameAs\":[\"https:\\\/\\\/www.facebook.com\\\/turijnmagazijn\"]}]}<\/script>\n<!-- \/ Yoast SEO plugin. -->","yoast_head_json":{"title":"Vorheizmodul 1.9 JTD Lancia Lybra Alfa 156 166 Fiat Punto - Turijnmagazijn","robots":{"index":"index","follow":"follow","max-snippet":"max-snippet:-1","max-image-preview":"max-image-preview:large","max-video-preview":"max-video-preview:-1"},"canonical":"https:\/\/turijnmagazijn.nl\/de\/produkt\/dk010-dummy-lybra-kopie-4\/","og_locale":"de_DE","og_type":"article","og_title":"Vorheizmodul 1.9 JTD Lancia Lybra Alfa 156 166 Fiat Punto - Turijnmagazijn","og_description":"60653990 Gl\u00fchkerzenmodul vorne 1.9 JTD Lancia Lybra Alfa 166 Fiat Punto","og_url":"https:\/\/turijnmagazijn.nl\/de\/produkt\/dk010-dummy-lybra-kopie-4\/","og_site_name":"Turijnmagazijn","article_publisher":"https:\/\/www.facebook.com\/turijnmagazijn","article_modified_time":"2025-04-16T12:34:20+00:00","og_image":[{"width":1440,"height":1080,"url":"https:\/\/turijnmagazijn.nl\/wp-content\/uploads\/2024\/09\/DK0102720-Voorgloei-module-1.9-JTD-Lancia-Lybra-Alfa-156-166-Fiat-Punto-60653990-2.jpg","type":"image\/jpeg"}],"twitter_card":"summary_large_image","twitter_misc":{"Gesch\u00e4tzte Lesezeit":"1\u00a0Minute"},"schema":{"@context":"https:\/\/schema.org","@graph":[{"@type":"WebPage","@id":"https:\/\/turijnmagazijn.nl\/de\/produkt\/dk010-dummy-lybra-kopie-4\/","url":"https:\/\/turijnmagazijn.nl\/de\/produkt\/dk010-dummy-lybra-kopie-4\/","name":"Vorheizmodul 1.9 JTD Lancia Lybra Alfa 156 166 Fiat Punto - Turijnmagazijn","isPartOf":{"@id":"https:\/\/turijnmagazijn.jumpstone-dev.nl\/#website"},"primaryImageOfPage":{"@id":"https:\/\/turijnmagazijn.nl\/de\/produkt\/dk010-dummy-lybra-kopie-4\/#primaryimage"},"image":{"@id":"https:\/\/turijnmagazijn.nl\/de\/produkt\/dk010-dummy-lybra-kopie-4\/#primaryimage"},"thumbnailUrl":"https:\/\/turijnmagazijn.nl\/wp-content\/uploads\/2024\/09\/DK0102720-Voorgloei-module-1.9-JTD-Lancia-Lybra-Alfa-156-166-Fiat-Punto-60653990-2.jpg","datePublished":"2024-09-27T17:28:04+00:00","dateModified":"2025-04-16T12:34:20+00:00","breadcrumb":{"@id":"https:\/\/turijnmagazijn.nl\/de\/produkt\/dk010-dummy-lybra-kopie-4\/#breadcrumb"},"inLanguage":"de","potentialAction":[{"@type":"ReadAction","target":["https:\/\/turijnmagazijn.nl\/de\/produkt\/dk010-dummy-lybra-kopie-4\/"]}]},{"@type":"ImageObject","inLanguage":"de","@id":"https:\/\/turijnmagazijn.nl\/de\/produkt\/dk010-dummy-lybra-kopie-4\/#primaryimage","url":"https:\/\/turijnmagazijn.nl\/wp-content\/uploads\/2024\/09\/DK0102720-Voorgloei-module-1.9-JTD-Lancia-Lybra-Alfa-156-166-Fiat-Punto-60653990-2.jpg","contentUrl":"https:\/\/turijnmagazijn.nl\/wp-content\/uploads\/2024\/09\/DK0102720-Voorgloei-module-1.9-JTD-Lancia-Lybra-Alfa-156-166-Fiat-Punto-60653990-2.jpg","width":1440,"height":1080},{"@type":"BreadcrumbList","@id":"https:\/\/turijnmagazijn.nl\/de\/produkt\/dk010-dummy-lybra-kopie-4\/#breadcrumb","itemListElement":[{"@type":"ListItem","position":1,"name":"Home","item":"https:\/\/turijnmagazijn.nl\/de\/"},{"@type":"ListItem","position":2,"name":"Produkte","item":"https:\/\/turijnmagazijn.nl\/de\/shop\/"},{"@type":"ListItem","position":3,"name":"Vorheizmodul 1.9 JTD Lancia Lybra Alfa 156 166 Fiat Punto"}]},{"@type":"WebSite","@id":"https:\/\/turijnmagazijn.jumpstone-dev.nl\/#website","url":"https:\/\/turijnmagazijn.jumpstone-dev.nl\/","name":"Turijnmagazijn","description":"Onderdelen nieuw en gebruikt - Fiat &amp; Lancia","publisher":{"@id":"https:\/\/turijnmagazijn.jumpstone-dev.nl\/#organization"},"potentialAction":[{"@type":"SearchAction","target":{"@type":"EntryPoint","urlTemplate":"https:\/\/turijnmagazijn.jumpstone-dev.nl\/?s={search_term_string}"},"query-input":{"@type":"PropertyValueSpecification","valueRequired":true,"valueName":"search_term_string"}}],"inLanguage":"de"},{"@type":"Organization","@id":"https:\/\/turijnmagazijn.jumpstone-dev.nl\/#organization","name":"Turijnmagazijn","url":"https:\/\/turijnmagazijn.jumpstone-dev.nl\/","logo":{"@type":"ImageObject","inLanguage":"de","@id":"https:\/\/turijnmagazijn.jumpstone-dev.nl\/#\/schema\/logo\/image\/","url":"https:\/\/turijnmagazijn.nl\/wp-content\/uploads\/2021\/02\/turijnmagazijnlogo.png","contentUrl":"https:\/\/turijnmagazijn.nl\/wp-content\/uploads\/2021\/02\/turijnmagazijnlogo.png","width":555,"height":270,"caption":"Turijnmagazijn"},"image":{"@id":"https:\/\/turijnmagazijn.jumpstone-dev.nl\/#\/schema\/logo\/image\/"},"sameAs":["https:\/\/www.facebook.com\/turijnmagazijn"]}]}},"_links":{"self":[{"href":"https:\/\/turijnmagazijn.nl\/de\/wp-json\/wp\/v2\/product\/79258","targetHints":{"allow":["GET"]}}],"collection":[{"href":"https:\/\/turijnmagazijn.nl\/de\/wp-json\/wp\/v2\/product"}],"about":[{"href":"https:\/\/turijnmagazijn.nl\/de\/wp-json\/wp\/v2\/types\/product"}],"replies":[{"embeddable":true,"href":"https:\/\/turijnmagazijn.nl\/de\/wp-json\/wp\/v2\/comments?post=79258"}],"wp:featuredmedia":[{"embeddable":true,"href":"https:\/\/turijnmagazijn.nl\/de\/wp-json\/wp\/v2\/media\/79772"}],"wp:attachment":[{"href":"https:\/\/turijnmagazijn.nl\/de\/wp-json\/wp\/v2\/media?parent=79258"}],"wp:term":[{"taxonomy":"product_brand","embeddable":true,"href":"https:\/\/turijnmagazijn.nl\/de\/wp-json\/wp\/v2\/product_brand?post=79258"},{"taxonomy":"product_cat","embeddable":true,"href":"https:\/\/turijnmagazijn.nl\/de\/wp-json\/wp\/v2\/product_cat?post=79258"},{"taxonomy":"product_tag","embeddable":true,"href":"https:\/\/turijnmagazijn.nl\/de\/wp-json\/wp\/v2\/product_tag?post=79258"}],"curies":[{"name":"wp","href":"https:\/\/api.w.org\/{rel}","templated":true}]}}