{"id":80671,"date":"2024-10-16T11:33:11","date_gmt":"2024-10-16T09:33:11","guid":{"rendered":"https:\/\/turijnmagazijn.nl\/product\/abdeckschlauch-multipla-bravo-brava-marea-doblo-palio-delta-dedra-lybra\/"},"modified":"2025-04-17T17:15:42","modified_gmt":"2025-04-17T15:15:42","slug":"abdeckschlauch-multipla-bravo-brava-marea-doblo-palio-delta-dedra-lybra","status":"publish","type":"product","link":"https:\/\/turijnmagazijn.nl\/de\/produkt\/abdeckschlauch-multipla-bravo-brava-marea-doblo-palio-delta-dedra-lybra\/","title":{"rendered":"Abdeckschlauch Multipla Bravo Brava Marea Doblo Palio Delta Dedra Lybra"},"content":{"rendered":"<p>Neues Originalprodukt aus alten H\u00e4ndlerbest\u00e4nden. (NOS) Unbenutzter Artikel in der Originalverpackung des H\u00e4ndlers. 46472385 Abdeckschlauch Multipla Bravo Brava Marea Doblo Palio Delta Dedra Lybra <\/p>\n","protected":false},"excerpt":{"rendered":"<p>Neues Originalprodukt aus alten H\u00e4ndlerbest\u00e4nden. (NOS) Unbenutzter Artikel in der Originalverpackung des H\u00e4ndlers. 46472385 Abdeckschlauch Multipla Bravo Brava Marea Doblo Palio Delta Dedra Lybra<\/p>\n","protected":false},"featured_media":81338,"comment_status":"open","ping_status":"closed","template":"","meta":{"_acf_changed":false},"product_brand":[],"product_cat":[1706,1803,1844,1689,1797,1874,1734,1737,1883,1878],"product_tag":[],"class_list":{"0":"post-80671","1":"product","2":"type-product","3":"status-publish","4":"has-post-thumbnail","6":"product_cat-brava-198-de","7":"product_cat-dedra-835-de","8":"product_cat-delta-2-836-de","9":"product_cat-fiat-de","10":"product_cat-lancia-de","11":"product_cat-lybra-839-de","12":"product_cat-marea-185-de","13":"product_cat-multipla-186-de","14":"product_cat-sedan-lybra-839-de","15":"product_cat-sw-lybra-839-de","16":"pa_soort-onderdeel-karosserie-und-blech","18":"first","19":"instock","20":"shipping-taxable","21":"purchasable","22":"product-type-simple"},"acf":[],"yoast_head":"<!-- This site is optimized with the Yoast SEO plugin v27.3 - https:\/\/yoast.com\/product\/yoast-seo-wordpress\/ -->\n<title>Abdeckschlauch Multipla Bravo Brava Marea Doblo Palio Delta Dedra Lybra - Turijnmagazijn<\/title>\n<meta name=\"robots\" content=\"index, follow, max-snippet:-1, max-image-preview:large, max-video-preview:-1\" \/>\n<link rel=\"canonical\" href=\"https:\/\/turijnmagazijn.nl\/de\/produkt\/abdeckschlauch-multipla-bravo-brava-marea-doblo-palio-delta-dedra-lybra\/\" \/>\n<meta property=\"og:locale\" content=\"de_DE\" \/>\n<meta property=\"og:type\" content=\"article\" \/>\n<meta property=\"og:title\" content=\"Abdeckschlauch Multipla Bravo Brava Marea Doblo Palio Delta Dedra Lybra - Turijnmagazijn\" \/>\n<meta property=\"og:description\" content=\"Neues Originalprodukt aus alten H\u00e4ndlerbest\u00e4nden. (NOS) Unbenutzter Artikel in der Originalverpackung des H\u00e4ndlers. 46472385 Abdeckschlauch Multipla Bravo Brava Marea Doblo Palio Delta Dedra Lybra\" \/>\n<meta property=\"og:url\" content=\"https:\/\/turijnmagazijn.nl\/de\/produkt\/abdeckschlauch-multipla-bravo-brava-marea-doblo-palio-delta-dedra-lybra\/\" \/>\n<meta property=\"og:site_name\" content=\"Turijnmagazijn\" \/>\n<meta property=\"article:publisher\" content=\"https:\/\/www.facebook.com\/turijnmagazijn\" \/>\n<meta property=\"article:modified_time\" content=\"2025-04-17T15:15:42+00:00\" \/>\n<meta property=\"og:image\" content=\"https:\/\/turijnmagazijn.nl\/wp-content\/uploads\/2024\/10\/DS0109048-Hoes-slang-Multipla-Bravo-Brava-Marea-Doblo-Palio-Delta-Dedra-Lybra-46472385-2.jpg\" \/>\n\t<meta property=\"og:image:width\" content=\"1024\" \/>\n\t<meta property=\"og:image:height\" content=\"768\" \/>\n\t<meta property=\"og:image:type\" content=\"image\/jpeg\" \/>\n<meta name=\"twitter:card\" content=\"summary_large_image\" \/>\n<script type=\"application\/ld+json\" class=\"yoast-schema-graph\">{\"@context\":\"https:\\\/\\\/schema.org\",\"@graph\":[{\"@type\":\"WebPage\",\"@id\":\"https:\\\/\\\/turijnmagazijn.nl\\\/de\\\/produkt\\\/abdeckschlauch-multipla-bravo-brava-marea-doblo-palio-delta-dedra-lybra\\\/\",\"url\":\"https:\\\/\\\/turijnmagazijn.nl\\\/de\\\/produkt\\\/abdeckschlauch-multipla-bravo-brava-marea-doblo-palio-delta-dedra-lybra\\\/\",\"name\":\"Abdeckschlauch Multipla Bravo Brava Marea Doblo Palio Delta Dedra Lybra - Turijnmagazijn\",\"isPartOf\":{\"@id\":\"https:\\\/\\\/turijnmagazijn.jumpstone-dev.nl\\\/#website\"},\"primaryImageOfPage\":{\"@id\":\"https:\\\/\\\/turijnmagazijn.nl\\\/de\\\/produkt\\\/abdeckschlauch-multipla-bravo-brava-marea-doblo-palio-delta-dedra-lybra\\\/#primaryimage\"},\"image\":{\"@id\":\"https:\\\/\\\/turijnmagazijn.nl\\\/de\\\/produkt\\\/abdeckschlauch-multipla-bravo-brava-marea-doblo-palio-delta-dedra-lybra\\\/#primaryimage\"},\"thumbnailUrl\":\"https:\\\/\\\/turijnmagazijn.nl\\\/wp-content\\\/uploads\\\/2024\\\/10\\\/DS0109048-Hoes-slang-Multipla-Bravo-Brava-Marea-Doblo-Palio-Delta-Dedra-Lybra-46472385-2.jpg\",\"datePublished\":\"2024-10-16T09:33:11+00:00\",\"dateModified\":\"2025-04-17T15:15:42+00:00\",\"breadcrumb\":{\"@id\":\"https:\\\/\\\/turijnmagazijn.nl\\\/de\\\/produkt\\\/abdeckschlauch-multipla-bravo-brava-marea-doblo-palio-delta-dedra-lybra\\\/#breadcrumb\"},\"inLanguage\":\"de\",\"potentialAction\":[{\"@type\":\"ReadAction\",\"target\":[\"https:\\\/\\\/turijnmagazijn.nl\\\/de\\\/produkt\\\/abdeckschlauch-multipla-bravo-brava-marea-doblo-palio-delta-dedra-lybra\\\/\"]}]},{\"@type\":\"ImageObject\",\"inLanguage\":\"de\",\"@id\":\"https:\\\/\\\/turijnmagazijn.nl\\\/de\\\/produkt\\\/abdeckschlauch-multipla-bravo-brava-marea-doblo-palio-delta-dedra-lybra\\\/#primaryimage\",\"url\":\"https:\\\/\\\/turijnmagazijn.nl\\\/wp-content\\\/uploads\\\/2024\\\/10\\\/DS0109048-Hoes-slang-Multipla-Bravo-Brava-Marea-Doblo-Palio-Delta-Dedra-Lybra-46472385-2.jpg\",\"contentUrl\":\"https:\\\/\\\/turijnmagazijn.nl\\\/wp-content\\\/uploads\\\/2024\\\/10\\\/DS0109048-Hoes-slang-Multipla-Bravo-Brava-Marea-Doblo-Palio-Delta-Dedra-Lybra-46472385-2.jpg\",\"width\":1024,\"height\":768},{\"@type\":\"BreadcrumbList\",\"@id\":\"https:\\\/\\\/turijnmagazijn.nl\\\/de\\\/produkt\\\/abdeckschlauch-multipla-bravo-brava-marea-doblo-palio-delta-dedra-lybra\\\/#breadcrumb\",\"itemListElement\":[{\"@type\":\"ListItem\",\"position\":1,\"name\":\"Home\",\"item\":\"https:\\\/\\\/turijnmagazijn.nl\\\/de\\\/\"},{\"@type\":\"ListItem\",\"position\":2,\"name\":\"Produkte\",\"item\":\"https:\\\/\\\/turijnmagazijn.nl\\\/de\\\/shop\\\/\"},{\"@type\":\"ListItem\",\"position\":3,\"name\":\"Abdeckschlauch Multipla Bravo Brava Marea Doblo Palio Delta Dedra Lybra\"}]},{\"@type\":\"WebSite\",\"@id\":\"https:\\\/\\\/turijnmagazijn.jumpstone-dev.nl\\\/#website\",\"url\":\"https:\\\/\\\/turijnmagazijn.jumpstone-dev.nl\\\/\",\"name\":\"Turijnmagazijn\",\"description\":\"Onderdelen nieuw en gebruikt - Fiat &amp; Lancia\",\"publisher\":{\"@id\":\"https:\\\/\\\/turijnmagazijn.jumpstone-dev.nl\\\/#organization\"},\"potentialAction\":[{\"@type\":\"SearchAction\",\"target\":{\"@type\":\"EntryPoint\",\"urlTemplate\":\"https:\\\/\\\/turijnmagazijn.jumpstone-dev.nl\\\/?s={search_term_string}\"},\"query-input\":{\"@type\":\"PropertyValueSpecification\",\"valueRequired\":true,\"valueName\":\"search_term_string\"}}],\"inLanguage\":\"de\"},{\"@type\":\"Organization\",\"@id\":\"https:\\\/\\\/turijnmagazijn.jumpstone-dev.nl\\\/#organization\",\"name\":\"Turijnmagazijn\",\"url\":\"https:\\\/\\\/turijnmagazijn.jumpstone-dev.nl\\\/\",\"logo\":{\"@type\":\"ImageObject\",\"inLanguage\":\"de\",\"@id\":\"https:\\\/\\\/turijnmagazijn.jumpstone-dev.nl\\\/#\\\/schema\\\/logo\\\/image\\\/\",\"url\":\"https:\\\/\\\/turijnmagazijn.nl\\\/wp-content\\\/uploads\\\/2021\\\/02\\\/turijnmagazijnlogo.png\",\"contentUrl\":\"https:\\\/\\\/turijnmagazijn.nl\\\/wp-content\\\/uploads\\\/2021\\\/02\\\/turijnmagazijnlogo.png\",\"width\":555,\"height\":270,\"caption\":\"Turijnmagazijn\"},\"image\":{\"@id\":\"https:\\\/\\\/turijnmagazijn.jumpstone-dev.nl\\\/#\\\/schema\\\/logo\\\/image\\\/\"},\"sameAs\":[\"https:\\\/\\\/www.facebook.com\\\/turijnmagazijn\"]}]}<\/script>\n<!-- \/ Yoast SEO plugin. -->","yoast_head_json":{"title":"Abdeckschlauch Multipla Bravo Brava Marea Doblo Palio Delta Dedra Lybra - Turijnmagazijn","robots":{"index":"index","follow":"follow","max-snippet":"max-snippet:-1","max-image-preview":"max-image-preview:large","max-video-preview":"max-video-preview:-1"},"canonical":"https:\/\/turijnmagazijn.nl\/de\/produkt\/abdeckschlauch-multipla-bravo-brava-marea-doblo-palio-delta-dedra-lybra\/","og_locale":"de_DE","og_type":"article","og_title":"Abdeckschlauch Multipla Bravo Brava Marea Doblo Palio Delta Dedra Lybra - Turijnmagazijn","og_description":"Neues Originalprodukt aus alten H\u00e4ndlerbest\u00e4nden. (NOS) Unbenutzter Artikel in der Originalverpackung des H\u00e4ndlers. 46472385 Abdeckschlauch Multipla Bravo Brava Marea Doblo Palio Delta Dedra Lybra","og_url":"https:\/\/turijnmagazijn.nl\/de\/produkt\/abdeckschlauch-multipla-bravo-brava-marea-doblo-palio-delta-dedra-lybra\/","og_site_name":"Turijnmagazijn","article_publisher":"https:\/\/www.facebook.com\/turijnmagazijn","article_modified_time":"2025-04-17T15:15:42+00:00","og_image":[{"width":1024,"height":768,"url":"https:\/\/turijnmagazijn.nl\/wp-content\/uploads\/2024\/10\/DS0109048-Hoes-slang-Multipla-Bravo-Brava-Marea-Doblo-Palio-Delta-Dedra-Lybra-46472385-2.jpg","type":"image\/jpeg"}],"twitter_card":"summary_large_image","schema":{"@context":"https:\/\/schema.org","@graph":[{"@type":"WebPage","@id":"https:\/\/turijnmagazijn.nl\/de\/produkt\/abdeckschlauch-multipla-bravo-brava-marea-doblo-palio-delta-dedra-lybra\/","url":"https:\/\/turijnmagazijn.nl\/de\/produkt\/abdeckschlauch-multipla-bravo-brava-marea-doblo-palio-delta-dedra-lybra\/","name":"Abdeckschlauch Multipla Bravo Brava Marea Doblo Palio Delta Dedra Lybra - Turijnmagazijn","isPartOf":{"@id":"https:\/\/turijnmagazijn.jumpstone-dev.nl\/#website"},"primaryImageOfPage":{"@id":"https:\/\/turijnmagazijn.nl\/de\/produkt\/abdeckschlauch-multipla-bravo-brava-marea-doblo-palio-delta-dedra-lybra\/#primaryimage"},"image":{"@id":"https:\/\/turijnmagazijn.nl\/de\/produkt\/abdeckschlauch-multipla-bravo-brava-marea-doblo-palio-delta-dedra-lybra\/#primaryimage"},"thumbnailUrl":"https:\/\/turijnmagazijn.nl\/wp-content\/uploads\/2024\/10\/DS0109048-Hoes-slang-Multipla-Bravo-Brava-Marea-Doblo-Palio-Delta-Dedra-Lybra-46472385-2.jpg","datePublished":"2024-10-16T09:33:11+00:00","dateModified":"2025-04-17T15:15:42+00:00","breadcrumb":{"@id":"https:\/\/turijnmagazijn.nl\/de\/produkt\/abdeckschlauch-multipla-bravo-brava-marea-doblo-palio-delta-dedra-lybra\/#breadcrumb"},"inLanguage":"de","potentialAction":[{"@type":"ReadAction","target":["https:\/\/turijnmagazijn.nl\/de\/produkt\/abdeckschlauch-multipla-bravo-brava-marea-doblo-palio-delta-dedra-lybra\/"]}]},{"@type":"ImageObject","inLanguage":"de","@id":"https:\/\/turijnmagazijn.nl\/de\/produkt\/abdeckschlauch-multipla-bravo-brava-marea-doblo-palio-delta-dedra-lybra\/#primaryimage","url":"https:\/\/turijnmagazijn.nl\/wp-content\/uploads\/2024\/10\/DS0109048-Hoes-slang-Multipla-Bravo-Brava-Marea-Doblo-Palio-Delta-Dedra-Lybra-46472385-2.jpg","contentUrl":"https:\/\/turijnmagazijn.nl\/wp-content\/uploads\/2024\/10\/DS0109048-Hoes-slang-Multipla-Bravo-Brava-Marea-Doblo-Palio-Delta-Dedra-Lybra-46472385-2.jpg","width":1024,"height":768},{"@type":"BreadcrumbList","@id":"https:\/\/turijnmagazijn.nl\/de\/produkt\/abdeckschlauch-multipla-bravo-brava-marea-doblo-palio-delta-dedra-lybra\/#breadcrumb","itemListElement":[{"@type":"ListItem","position":1,"name":"Home","item":"https:\/\/turijnmagazijn.nl\/de\/"},{"@type":"ListItem","position":2,"name":"Produkte","item":"https:\/\/turijnmagazijn.nl\/de\/shop\/"},{"@type":"ListItem","position":3,"name":"Abdeckschlauch Multipla Bravo Brava Marea Doblo Palio Delta Dedra Lybra"}]},{"@type":"WebSite","@id":"https:\/\/turijnmagazijn.jumpstone-dev.nl\/#website","url":"https:\/\/turijnmagazijn.jumpstone-dev.nl\/","name":"Turijnmagazijn","description":"Onderdelen nieuw en gebruikt - Fiat &amp; Lancia","publisher":{"@id":"https:\/\/turijnmagazijn.jumpstone-dev.nl\/#organization"},"potentialAction":[{"@type":"SearchAction","target":{"@type":"EntryPoint","urlTemplate":"https:\/\/turijnmagazijn.jumpstone-dev.nl\/?s={search_term_string}"},"query-input":{"@type":"PropertyValueSpecification","valueRequired":true,"valueName":"search_term_string"}}],"inLanguage":"de"},{"@type":"Organization","@id":"https:\/\/turijnmagazijn.jumpstone-dev.nl\/#organization","name":"Turijnmagazijn","url":"https:\/\/turijnmagazijn.jumpstone-dev.nl\/","logo":{"@type":"ImageObject","inLanguage":"de","@id":"https:\/\/turijnmagazijn.jumpstone-dev.nl\/#\/schema\/logo\/image\/","url":"https:\/\/turijnmagazijn.nl\/wp-content\/uploads\/2021\/02\/turijnmagazijnlogo.png","contentUrl":"https:\/\/turijnmagazijn.nl\/wp-content\/uploads\/2021\/02\/turijnmagazijnlogo.png","width":555,"height":270,"caption":"Turijnmagazijn"},"image":{"@id":"https:\/\/turijnmagazijn.jumpstone-dev.nl\/#\/schema\/logo\/image\/"},"sameAs":["https:\/\/www.facebook.com\/turijnmagazijn"]}]}},"_links":{"self":[{"href":"https:\/\/turijnmagazijn.nl\/de\/wp-json\/wp\/v2\/product\/80671","targetHints":{"allow":["GET"]}}],"collection":[{"href":"https:\/\/turijnmagazijn.nl\/de\/wp-json\/wp\/v2\/product"}],"about":[{"href":"https:\/\/turijnmagazijn.nl\/de\/wp-json\/wp\/v2\/types\/product"}],"replies":[{"embeddable":true,"href":"https:\/\/turijnmagazijn.nl\/de\/wp-json\/wp\/v2\/comments?post=80671"}],"wp:featuredmedia":[{"embeddable":true,"href":"https:\/\/turijnmagazijn.nl\/de\/wp-json\/wp\/v2\/media\/81338"}],"wp:attachment":[{"href":"https:\/\/turijnmagazijn.nl\/de\/wp-json\/wp\/v2\/media?parent=80671"}],"wp:term":[{"taxonomy":"product_brand","embeddable":true,"href":"https:\/\/turijnmagazijn.nl\/de\/wp-json\/wp\/v2\/product_brand?post=80671"},{"taxonomy":"product_cat","embeddable":true,"href":"https:\/\/turijnmagazijn.nl\/de\/wp-json\/wp\/v2\/product_cat?post=80671"},{"taxonomy":"product_tag","embeddable":true,"href":"https:\/\/turijnmagazijn.nl\/de\/wp-json\/wp\/v2\/product_tag?post=80671"}],"curies":[{"name":"wp","href":"https:\/\/api.w.org\/{rel}","templated":true}]}}