{"id":81747,"date":"2024-11-03T20:35:54","date_gmt":"2024-11-03T19:35:54","guid":{"rendered":"https:\/\/turijnmagazijn.nl\/product\/spacer-lancia-delta-integrale-suchmasse\/"},"modified":"2024-11-03T20:35:54","modified_gmt":"2024-11-03T19:35:54","slug":"spacer-lancia-delta-integrale-suchmasse","status":"publish","type":"product","link":"https:\/\/turijnmagazijn.nl\/de\/produkt\/spacer-lancia-delta-integrale-suchmasse\/","title":{"rendered":"SPACER Lancia Delta Integrale SUCHMASSE"},"content":{"rendered":"<p>Teil Nummer 3 auf der technischen Zeichnung von EPER Zeichnungsnummer 1000300001 f\u00fcr die Anwendung am Lancia Delta Integrale. Von diesem Teil werden 2 St\u00fcck pro Auto ben\u00f6tigt. Bei diesem Produkt handelt es sich um ein BEISPIEL, das dazu dient, uns ein MUSTER zu liefern. Wenn Sie dieses Produkt bestellen, kaufen Sie einen SUCHAUFTRITT f\u00fcr dieses Produkt. Der Suchauftrag bedeutet, dass wir f\u00fcr Sie nach diesem speziellen Produkt suchen werden. Wenn wir das Produkt f\u00fcr Sie verf\u00fcgbar machen k\u00f6nnen, erhalten Sie in Ihrer E-Mail ein Angebot. Wenn m\u00f6glich, bieten wir sowohl gebrauchte als auch neue Originale und neue Nachahmungen an. Die Kosten f\u00fcr die Suche gehen immer zu Ihren Lasten, auch f\u00fcr den Fall, dass wir kein passendes Angebot machen k\u00f6nnen. Leider werden wir mit Anfragen f\u00fcr Teile \u00fcberschwemmt, die dann nicht gekauft werden. In der Regel h\u00f6ren wir nichts mehr von dem Anfragenden. Um dies zu verhindern, haben wir diese kleine Barriere errichtet. Jeder Enthusiast wird verstehen, dass die Suche nach bestimmten Teilen sehr viel Zeit in Anspruch nimmt. Jede Suche kostet ?5 pro angefragtem Teil.<\/p>\n","protected":false},"excerpt":{"rendered":"<p>Suchen Sie nach der OEM-Nummer 7581412 SPACER Lancia Delta Integrale SUCHANFORDERUNGENDieses Produkt ist nicht auf Lager. Sie bezahlen \u00fcber dieses Produkt, um uns zu beauftragen, den Artikel f\u00fcr Sie zu suchen und ihn f\u00fcr den freien Verkauf verf\u00fcgbar zu machen. <\/p>\n","protected":false},"featured_media":73147,"comment_status":"open","ping_status":"closed","template":"","meta":{"_acf_changed":false},"product_brand":[],"product_cat":[1807,1829,1797],"product_tag":[],"class_list":{"0":"post-81747","1":"product","2":"type-product","3":"status-publish","4":"has-post-thumbnail","6":"product_cat-delta-1-831-de","7":"product_cat-integrale-8v-de","8":"product_cat-lancia-de","9":"pa_soort-onderdeel-motor-und-zubehor","11":"first","12":"instock","13":"virtual","14":"sold-individually","15":"taxable","16":"purchasable","17":"product-type-simple"},"acf":[],"yoast_head":"<!-- This site is optimized with the Yoast SEO plugin v27.2 - https:\/\/yoast.com\/product\/yoast-seo-wordpress\/ -->\n<title>SPACER Lancia Delta Integrale SUCHMASSE - Turijnmagazijn<\/title>\n<meta name=\"robots\" content=\"index, follow, max-snippet:-1, max-image-preview:large, max-video-preview:-1\" \/>\n<link rel=\"canonical\" href=\"https:\/\/turijnmagazijn.nl\/de\/produkt\/spacer-lancia-delta-integrale-suchmasse\/\" \/>\n<meta property=\"og:locale\" content=\"de_DE\" \/>\n<meta property=\"og:type\" content=\"article\" \/>\n<meta property=\"og:title\" content=\"SPACER Lancia Delta Integrale SUCHMASSE - Turijnmagazijn\" \/>\n<meta property=\"og:description\" content=\"Suchen Sie nach der OEM-Nummer 7581412 SPACER Lancia Delta Integrale SUCHANFORDERUNGENDieses Produkt ist nicht auf Lager. Sie bezahlen \u00fcber dieses Produkt, um uns zu beauftragen, den Artikel f\u00fcr Sie zu suchen und ihn f\u00fcr den freien Verkauf verf\u00fcgbar zu machen.\" \/>\n<meta property=\"og:url\" content=\"https:\/\/turijnmagazijn.nl\/de\/produkt\/spacer-lancia-delta-integrale-suchmasse\/\" \/>\n<meta property=\"og:site_name\" content=\"Turijnmagazijn\" \/>\n<meta property=\"article:publisher\" content=\"https:\/\/www.facebook.com\/turijnmagazijn\" \/>\n<meta name=\"twitter:card\" content=\"summary_large_image\" \/>\n<meta name=\"twitter:label1\" content=\"Gesch\u00e4tzte Lesezeit\" \/>\n\t<meta name=\"twitter:data1\" content=\"1\u00a0Minute\" \/>\n<script type=\"application\/ld+json\" class=\"yoast-schema-graph\">{\"@context\":\"https:\/\/schema.org\",\"@graph\":[{\"@type\":\"WebPage\",\"@id\":\"https:\/\/turijnmagazijn.nl\/de\/produkt\/spacer-lancia-delta-integrale-suchmasse\/\",\"url\":\"https:\/\/turijnmagazijn.nl\/de\/produkt\/spacer-lancia-delta-integrale-suchmasse\/\",\"name\":\"SPACER Lancia Delta Integrale SUCHMASSE - Turijnmagazijn\",\"isPartOf\":{\"@id\":\"https:\/\/turijnmagazijn.jumpstone-dev.nl\/#website\"},\"primaryImageOfPage\":{\"@id\":\"https:\/\/turijnmagazijn.nl\/de\/produkt\/spacer-lancia-delta-integrale-suchmasse\/#primaryimage\"},\"image\":{\"@id\":\"https:\/\/turijnmagazijn.nl\/de\/produkt\/spacer-lancia-delta-integrale-suchmasse\/#primaryimage\"},\"thumbnailUrl\":\"https:\/\/turijnmagazijn.nl\/wp-content\/uploads\/2023\/09\/1000300001.png\",\"datePublished\":\"2024-11-03T19:35:54+00:00\",\"breadcrumb\":{\"@id\":\"https:\/\/turijnmagazijn.nl\/de\/produkt\/spacer-lancia-delta-integrale-suchmasse\/#breadcrumb\"},\"inLanguage\":\"de\",\"potentialAction\":[{\"@type\":\"ReadAction\",\"target\":[\"https:\/\/turijnmagazijn.nl\/de\/produkt\/spacer-lancia-delta-integrale-suchmasse\/\"]}]},{\"@type\":\"ImageObject\",\"inLanguage\":\"de\",\"@id\":\"https:\/\/turijnmagazijn.nl\/de\/produkt\/spacer-lancia-delta-integrale-suchmasse\/#primaryimage\",\"url\":\"https:\/\/turijnmagazijn.nl\/wp-content\/uploads\/2023\/09\/1000300001.png\",\"contentUrl\":\"https:\/\/turijnmagazijn.nl\/wp-content\/uploads\/2023\/09\/1000300001.png\",\"width\":454,\"height\":305},{\"@type\":\"BreadcrumbList\",\"@id\":\"https:\/\/turijnmagazijn.nl\/de\/produkt\/spacer-lancia-delta-integrale-suchmasse\/#breadcrumb\",\"itemListElement\":[{\"@type\":\"ListItem\",\"position\":1,\"name\":\"Home\",\"item\":\"https:\/\/turijnmagazijn.jumpstone-dev.nl\/\"},{\"@type\":\"ListItem\",\"position\":2,\"name\":\"Produkte\",\"item\":\"https:\/\/turijnmagazijn.nl\/de\/shop\/\"},{\"@type\":\"ListItem\",\"position\":3,\"name\":\"SPACER Lancia Delta Integrale SUCHMASSE\"}]},{\"@type\":\"WebSite\",\"@id\":\"https:\/\/turijnmagazijn.jumpstone-dev.nl\/#website\",\"url\":\"https:\/\/turijnmagazijn.jumpstone-dev.nl\/\",\"name\":\"Turijnmagazijn\",\"description\":\"Onderdelen nieuw en gebruikt - Fiat &amp; Lancia\",\"publisher\":{\"@id\":\"https:\/\/turijnmagazijn.jumpstone-dev.nl\/#organization\"},\"potentialAction\":[{\"@type\":\"SearchAction\",\"target\":{\"@type\":\"EntryPoint\",\"urlTemplate\":\"https:\/\/turijnmagazijn.jumpstone-dev.nl\/?s={search_term_string}\"},\"query-input\":{\"@type\":\"PropertyValueSpecification\",\"valueRequired\":true,\"valueName\":\"search_term_string\"}}],\"inLanguage\":\"de\"},{\"@type\":\"Organization\",\"@id\":\"https:\/\/turijnmagazijn.jumpstone-dev.nl\/#organization\",\"name\":\"Turijnmagazijn\",\"url\":\"https:\/\/turijnmagazijn.jumpstone-dev.nl\/\",\"logo\":{\"@type\":\"ImageObject\",\"inLanguage\":\"de\",\"@id\":\"https:\/\/turijnmagazijn.jumpstone-dev.nl\/#\/schema\/logo\/image\/\",\"url\":\"https:\/\/turijnmagazijn.nl\/wp-content\/uploads\/2021\/02\/turijnmagazijnlogo.png\",\"contentUrl\":\"https:\/\/turijnmagazijn.nl\/wp-content\/uploads\/2021\/02\/turijnmagazijnlogo.png\",\"width\":555,\"height\":270,\"caption\":\"Turijnmagazijn\"},\"image\":{\"@id\":\"https:\/\/turijnmagazijn.jumpstone-dev.nl\/#\/schema\/logo\/image\/\"},\"sameAs\":[\"https:\/\/www.facebook.com\/turijnmagazijn\"]}]}<\/script>\n<!-- \/ Yoast SEO plugin. -->","yoast_head_json":{"title":"SPACER Lancia Delta Integrale SUCHMASSE - Turijnmagazijn","robots":{"index":"index","follow":"follow","max-snippet":"max-snippet:-1","max-image-preview":"max-image-preview:large","max-video-preview":"max-video-preview:-1"},"canonical":"https:\/\/turijnmagazijn.nl\/de\/produkt\/spacer-lancia-delta-integrale-suchmasse\/","og_locale":"de_DE","og_type":"article","og_title":"SPACER Lancia Delta Integrale SUCHMASSE - Turijnmagazijn","og_description":"Suchen Sie nach der OEM-Nummer 7581412 SPACER Lancia Delta Integrale SUCHANFORDERUNGENDieses Produkt ist nicht auf Lager. Sie bezahlen \u00fcber dieses Produkt, um uns zu beauftragen, den Artikel f\u00fcr Sie zu suchen und ihn f\u00fcr den freien Verkauf verf\u00fcgbar zu machen.","og_url":"https:\/\/turijnmagazijn.nl\/de\/produkt\/spacer-lancia-delta-integrale-suchmasse\/","og_site_name":"Turijnmagazijn","article_publisher":"https:\/\/www.facebook.com\/turijnmagazijn","twitter_card":"summary_large_image","twitter_misc":{"Gesch\u00e4tzte Lesezeit":"1\u00a0Minute"},"schema":{"@context":"https:\/\/schema.org","@graph":[{"@type":"WebPage","@id":"https:\/\/turijnmagazijn.nl\/de\/produkt\/spacer-lancia-delta-integrale-suchmasse\/","url":"https:\/\/turijnmagazijn.nl\/de\/produkt\/spacer-lancia-delta-integrale-suchmasse\/","name":"SPACER Lancia Delta Integrale SUCHMASSE - Turijnmagazijn","isPartOf":{"@id":"https:\/\/turijnmagazijn.jumpstone-dev.nl\/#website"},"primaryImageOfPage":{"@id":"https:\/\/turijnmagazijn.nl\/de\/produkt\/spacer-lancia-delta-integrale-suchmasse\/#primaryimage"},"image":{"@id":"https:\/\/turijnmagazijn.nl\/de\/produkt\/spacer-lancia-delta-integrale-suchmasse\/#primaryimage"},"thumbnailUrl":"https:\/\/turijnmagazijn.nl\/wp-content\/uploads\/2023\/09\/1000300001.png","datePublished":"2024-11-03T19:35:54+00:00","breadcrumb":{"@id":"https:\/\/turijnmagazijn.nl\/de\/produkt\/spacer-lancia-delta-integrale-suchmasse\/#breadcrumb"},"inLanguage":"de","potentialAction":[{"@type":"ReadAction","target":["https:\/\/turijnmagazijn.nl\/de\/produkt\/spacer-lancia-delta-integrale-suchmasse\/"]}]},{"@type":"ImageObject","inLanguage":"de","@id":"https:\/\/turijnmagazijn.nl\/de\/produkt\/spacer-lancia-delta-integrale-suchmasse\/#primaryimage","url":"https:\/\/turijnmagazijn.nl\/wp-content\/uploads\/2023\/09\/1000300001.png","contentUrl":"https:\/\/turijnmagazijn.nl\/wp-content\/uploads\/2023\/09\/1000300001.png","width":454,"height":305},{"@type":"BreadcrumbList","@id":"https:\/\/turijnmagazijn.nl\/de\/produkt\/spacer-lancia-delta-integrale-suchmasse\/#breadcrumb","itemListElement":[{"@type":"ListItem","position":1,"name":"Home","item":"https:\/\/turijnmagazijn.jumpstone-dev.nl\/"},{"@type":"ListItem","position":2,"name":"Produkte","item":"https:\/\/turijnmagazijn.nl\/de\/shop\/"},{"@type":"ListItem","position":3,"name":"SPACER Lancia Delta Integrale SUCHMASSE"}]},{"@type":"WebSite","@id":"https:\/\/turijnmagazijn.jumpstone-dev.nl\/#website","url":"https:\/\/turijnmagazijn.jumpstone-dev.nl\/","name":"Turijnmagazijn","description":"Onderdelen nieuw en gebruikt - Fiat &amp; Lancia","publisher":{"@id":"https:\/\/turijnmagazijn.jumpstone-dev.nl\/#organization"},"potentialAction":[{"@type":"SearchAction","target":{"@type":"EntryPoint","urlTemplate":"https:\/\/turijnmagazijn.jumpstone-dev.nl\/?s={search_term_string}"},"query-input":{"@type":"PropertyValueSpecification","valueRequired":true,"valueName":"search_term_string"}}],"inLanguage":"de"},{"@type":"Organization","@id":"https:\/\/turijnmagazijn.jumpstone-dev.nl\/#organization","name":"Turijnmagazijn","url":"https:\/\/turijnmagazijn.jumpstone-dev.nl\/","logo":{"@type":"ImageObject","inLanguage":"de","@id":"https:\/\/turijnmagazijn.jumpstone-dev.nl\/#\/schema\/logo\/image\/","url":"https:\/\/turijnmagazijn.nl\/wp-content\/uploads\/2021\/02\/turijnmagazijnlogo.png","contentUrl":"https:\/\/turijnmagazijn.nl\/wp-content\/uploads\/2021\/02\/turijnmagazijnlogo.png","width":555,"height":270,"caption":"Turijnmagazijn"},"image":{"@id":"https:\/\/turijnmagazijn.jumpstone-dev.nl\/#\/schema\/logo\/image\/"},"sameAs":["https:\/\/www.facebook.com\/turijnmagazijn"]}]}},"_links":{"self":[{"href":"https:\/\/turijnmagazijn.nl\/de\/wp-json\/wp\/v2\/product\/81747","targetHints":{"allow":["GET"]}}],"collection":[{"href":"https:\/\/turijnmagazijn.nl\/de\/wp-json\/wp\/v2\/product"}],"about":[{"href":"https:\/\/turijnmagazijn.nl\/de\/wp-json\/wp\/v2\/types\/product"}],"replies":[{"embeddable":true,"href":"https:\/\/turijnmagazijn.nl\/de\/wp-json\/wp\/v2\/comments?post=81747"}],"wp:featuredmedia":[{"embeddable":true,"href":"https:\/\/turijnmagazijn.nl\/de\/wp-json\/wp\/v2\/media\/73147"}],"wp:attachment":[{"href":"https:\/\/turijnmagazijn.nl\/de\/wp-json\/wp\/v2\/media?parent=81747"}],"wp:term":[{"taxonomy":"product_brand","embeddable":true,"href":"https:\/\/turijnmagazijn.nl\/de\/wp-json\/wp\/v2\/product_brand?post=81747"},{"taxonomy":"product_cat","embeddable":true,"href":"https:\/\/turijnmagazijn.nl\/de\/wp-json\/wp\/v2\/product_cat?post=81747"},{"taxonomy":"product_tag","embeddable":true,"href":"https:\/\/turijnmagazijn.nl\/de\/wp-json\/wp\/v2\/product_tag?post=81747"}],"curies":[{"name":"wp","href":"https:\/\/api.w.org\/{rel}","templated":true}]}}