{"id":85119,"date":"2024-11-05T18:50:04","date_gmt":"2024-11-05T17:50:04","guid":{"rendered":"https:\/\/turijnmagazijn.nl\/?post_type=product&#038;p=85119"},"modified":"2025-04-16T14:55:48","modified_gmt":"2025-04-16T12:55:48","slug":"bordcomputer-klimaanlage-lancia-kappa-getestet-kopie-kopie","status":"publish","type":"product","link":"https:\/\/turijnmagazijn.nl\/de\/produkt\/bordcomputer-klimaanlage-lancia-kappa-getestet-kopie-kopie\/","title":{"rendered":"Klimaanlagen-Bordcomputer Lancia Kappa -DAMAGE-"},"content":{"rendered":"<p>Gebrauchtes und stark besch\u00e4digtes Check-Bedienfeld f\u00fcr den Einbau in das Armaturenbrett eines Lancia kappa. in allen Modellen wie SW, Limousine und Coup\u00e9 eingesetzt. Die Funktion des Displays und aller beleuchteten Symbole ist unbekannt. Das Ger\u00e4t umfasst die Schalter f\u00fcr Heizung und Klimaanlage sowie die weiteren Funktionen des Bordcomputers.<\/p>\n<p>Aus einem Lancia Kappa Coup\u00e9 aus dem Jahr 1998.<\/p>\n<p>Das Ger\u00e4t ist in sehr schlechtem Zustand, alle Tasten sind abgesplittert und besch\u00e4digt und das Ger\u00e4t ist rundherum verkratzt und besch\u00e4digt.<\/p>\n<p>Alle 6 Aufh\u00e4ngepunkte des Ger\u00e4ts zur Montage am Armaturenbrett sind noch vorhanden, was au\u00dfergew\u00f6hnlich ist, normalerweise fehlt eine Anzahl.<\/p>\n<p>Aufschriften auf dem Aufkleber:<\/p>\n<p>4700014530<\/p>\n<p>SICHERHEIT<\/p>\n<p>095<\/p>\n<p>22470-02<\/p>\n<p>82485116<\/p>\n<p>CLIMATIZZATO<\/p>\n<p>OEM-Nummer Lancia 46515650<\/p>\n<p>Bedienfeld Heizung f\u00fcr Lancia Kappa<\/p>\n","protected":false},"excerpt":{"rendered":"<p>46515650 Heavily Damaged Boordcomputer airco Lancia Kappa &#8211; Used Kontrollieren Sie das Bedienfeld f\u00fcr den Einbau in das Armaturenbrett eines Lancia Kappa.<\/p>\n","protected":false},"featured_media":85179,"comment_status":"closed","ping_status":"closed","template":"","meta":{"_acf_changed":false},"product_brand":[],"product_cat":[1864,1867,1859,1797,1869],"product_tag":[],"class_list":{"0":"post-85119","1":"product","2":"type-product","3":"status-publish","4":"has-post-thumbnail","6":"product_cat-berlina-de","7":"product_cat-coupe-de","8":"product_cat-kappa-838-de","9":"product_cat-lancia-de","10":"product_cat-sw-de","11":"pa_soort-onderdeel-dashboard-und-schalter","13":"first","14":"instock","15":"shipping-taxable","16":"purchasable","17":"product-type-simple"},"acf":[],"yoast_head":"<!-- This site is optimized with the Yoast SEO plugin v27.2 - https:\/\/yoast.com\/product\/yoast-seo-wordpress\/ -->\n<title>Klimaanlagen-Bordcomputer Lancia Kappa -DAMAGE- Turijnmagazijn<\/title>\n<meta name=\"robots\" content=\"index, follow, max-snippet:-1, max-image-preview:large, max-video-preview:-1\" \/>\n<link rel=\"canonical\" href=\"https:\/\/turijnmagazijn.nl\/de\/produkt\/bordcomputer-klimaanlage-lancia-kappa-getestet-kopie-kopie\/\" \/>\n<meta property=\"og:locale\" content=\"de_DE\" \/>\n<meta property=\"og:type\" content=\"article\" \/>\n<meta property=\"og:title\" content=\"Klimaanlagen-Bordcomputer Lancia Kappa -DAMAGE- Turijnmagazijn\" \/>\n<meta property=\"og:description\" content=\"46515650 Heavily Damaged Boordcomputer airco Lancia Kappa - Used Kontrollieren Sie das Bedienfeld f\u00fcr den Einbau in das Armaturenbrett eines Lancia Kappa.\" \/>\n<meta property=\"og:url\" content=\"https:\/\/turijnmagazijn.nl\/de\/produkt\/bordcomputer-klimaanlage-lancia-kappa-getestet-kopie-kopie\/\" \/>\n<meta property=\"og:site_name\" content=\"Turijnmagazijn\" \/>\n<meta property=\"article:publisher\" content=\"https:\/\/www.facebook.com\/turijnmagazijn\" \/>\n<meta property=\"article:modified_time\" content=\"2025-04-16T12:55:48+00:00\" \/>\n<meta property=\"og:image\" content=\"https:\/\/turijnmagazijn.nl\/wp-content\/uploads\/2024\/11\/DK0102735-Boordcomputer-airco-Lancia-Kappa-BESCHADIGD-46515650-3.jpg\" \/>\n\t<meta property=\"og:image:width\" content=\"1440\" \/>\n\t<meta property=\"og:image:height\" content=\"1080\" \/>\n\t<meta property=\"og:image:type\" content=\"image\/jpeg\" \/>\n<meta name=\"twitter:card\" content=\"summary_large_image\" \/>\n<meta name=\"twitter:label1\" content=\"Gesch\u00e4tzte Lesezeit\" \/>\n\t<meta name=\"twitter:data1\" content=\"1\u00a0Minute\" \/>\n<script type=\"application\/ld+json\" class=\"yoast-schema-graph\">{\"@context\":\"https:\/\/schema.org\",\"@graph\":[{\"@type\":\"WebPage\",\"@id\":\"https:\/\/turijnmagazijn.nl\/de\/produkt\/bordcomputer-klimaanlage-lancia-kappa-getestet-kopie-kopie\/\",\"url\":\"https:\/\/turijnmagazijn.nl\/de\/produkt\/bordcomputer-klimaanlage-lancia-kappa-getestet-kopie-kopie\/\",\"name\":\"Klimaanlagen-Bordcomputer Lancia Kappa -DAMAGE- Turijnmagazijn\",\"isPartOf\":{\"@id\":\"https:\/\/turijnmagazijn.jumpstone-dev.nl\/#website\"},\"primaryImageOfPage\":{\"@id\":\"https:\/\/turijnmagazijn.nl\/de\/produkt\/bordcomputer-klimaanlage-lancia-kappa-getestet-kopie-kopie\/#primaryimage\"},\"image\":{\"@id\":\"https:\/\/turijnmagazijn.nl\/de\/produkt\/bordcomputer-klimaanlage-lancia-kappa-getestet-kopie-kopie\/#primaryimage\"},\"thumbnailUrl\":\"https:\/\/turijnmagazijn.nl\/wp-content\/uploads\/2024\/11\/DK0102735-Boordcomputer-airco-Lancia-Kappa-BESCHADIGD-46515650-3.jpg\",\"datePublished\":\"2024-11-05T17:50:04+00:00\",\"dateModified\":\"2025-04-16T12:55:48+00:00\",\"breadcrumb\":{\"@id\":\"https:\/\/turijnmagazijn.nl\/de\/produkt\/bordcomputer-klimaanlage-lancia-kappa-getestet-kopie-kopie\/#breadcrumb\"},\"inLanguage\":\"de\",\"potentialAction\":[{\"@type\":\"ReadAction\",\"target\":[\"https:\/\/turijnmagazijn.nl\/de\/produkt\/bordcomputer-klimaanlage-lancia-kappa-getestet-kopie-kopie\/\"]}]},{\"@type\":\"ImageObject\",\"inLanguage\":\"de\",\"@id\":\"https:\/\/turijnmagazijn.nl\/de\/produkt\/bordcomputer-klimaanlage-lancia-kappa-getestet-kopie-kopie\/#primaryimage\",\"url\":\"https:\/\/turijnmagazijn.nl\/wp-content\/uploads\/2024\/11\/DK0102735-Boordcomputer-airco-Lancia-Kappa-BESCHADIGD-46515650-3.jpg\",\"contentUrl\":\"https:\/\/turijnmagazijn.nl\/wp-content\/uploads\/2024\/11\/DK0102735-Boordcomputer-airco-Lancia-Kappa-BESCHADIGD-46515650-3.jpg\",\"width\":1440,\"height\":1080},{\"@type\":\"BreadcrumbList\",\"@id\":\"https:\/\/turijnmagazijn.nl\/de\/produkt\/bordcomputer-klimaanlage-lancia-kappa-getestet-kopie-kopie\/#breadcrumb\",\"itemListElement\":[{\"@type\":\"ListItem\",\"position\":1,\"name\":\"Home\",\"item\":\"https:\/\/turijnmagazijn.nl\/de\/\"},{\"@type\":\"ListItem\",\"position\":2,\"name\":\"Produkte\",\"item\":\"https:\/\/turijnmagazijn.nl\/de\/shop\/\"},{\"@type\":\"ListItem\",\"position\":3,\"name\":\"Klimaanlagen-Bordcomputer Lancia Kappa -DAMAGE-\"}]},{\"@type\":\"WebSite\",\"@id\":\"https:\/\/turijnmagazijn.jumpstone-dev.nl\/#website\",\"url\":\"https:\/\/turijnmagazijn.jumpstone-dev.nl\/\",\"name\":\"Turijnmagazijn\",\"description\":\"Onderdelen nieuw en gebruikt - Fiat &amp; Lancia\",\"publisher\":{\"@id\":\"https:\/\/turijnmagazijn.jumpstone-dev.nl\/#organization\"},\"potentialAction\":[{\"@type\":\"SearchAction\",\"target\":{\"@type\":\"EntryPoint\",\"urlTemplate\":\"https:\/\/turijnmagazijn.jumpstone-dev.nl\/?s={search_term_string}\"},\"query-input\":{\"@type\":\"PropertyValueSpecification\",\"valueRequired\":true,\"valueName\":\"search_term_string\"}}],\"inLanguage\":\"de\"},{\"@type\":\"Organization\",\"@id\":\"https:\/\/turijnmagazijn.jumpstone-dev.nl\/#organization\",\"name\":\"Turijnmagazijn\",\"url\":\"https:\/\/turijnmagazijn.jumpstone-dev.nl\/\",\"logo\":{\"@type\":\"ImageObject\",\"inLanguage\":\"de\",\"@id\":\"https:\/\/turijnmagazijn.jumpstone-dev.nl\/#\/schema\/logo\/image\/\",\"url\":\"https:\/\/turijnmagazijn.nl\/wp-content\/uploads\/2021\/02\/turijnmagazijnlogo.png\",\"contentUrl\":\"https:\/\/turijnmagazijn.nl\/wp-content\/uploads\/2021\/02\/turijnmagazijnlogo.png\",\"width\":555,\"height\":270,\"caption\":\"Turijnmagazijn\"},\"image\":{\"@id\":\"https:\/\/turijnmagazijn.jumpstone-dev.nl\/#\/schema\/logo\/image\/\"},\"sameAs\":[\"https:\/\/www.facebook.com\/turijnmagazijn\"]}]}<\/script>\n<!-- \/ Yoast SEO plugin. -->","yoast_head_json":{"title":"Klimaanlagen-Bordcomputer Lancia Kappa -DAMAGE- Turijnmagazijn","robots":{"index":"index","follow":"follow","max-snippet":"max-snippet:-1","max-image-preview":"max-image-preview:large","max-video-preview":"max-video-preview:-1"},"canonical":"https:\/\/turijnmagazijn.nl\/de\/produkt\/bordcomputer-klimaanlage-lancia-kappa-getestet-kopie-kopie\/","og_locale":"de_DE","og_type":"article","og_title":"Klimaanlagen-Bordcomputer Lancia Kappa -DAMAGE- Turijnmagazijn","og_description":"46515650 Heavily Damaged Boordcomputer airco Lancia Kappa - Used Kontrollieren Sie das Bedienfeld f\u00fcr den Einbau in das Armaturenbrett eines Lancia Kappa.","og_url":"https:\/\/turijnmagazijn.nl\/de\/produkt\/bordcomputer-klimaanlage-lancia-kappa-getestet-kopie-kopie\/","og_site_name":"Turijnmagazijn","article_publisher":"https:\/\/www.facebook.com\/turijnmagazijn","article_modified_time":"2025-04-16T12:55:48+00:00","og_image":[{"width":1440,"height":1080,"url":"https:\/\/turijnmagazijn.nl\/wp-content\/uploads\/2024\/11\/DK0102735-Boordcomputer-airco-Lancia-Kappa-BESCHADIGD-46515650-3.jpg","type":"image\/jpeg"}],"twitter_card":"summary_large_image","twitter_misc":{"Gesch\u00e4tzte Lesezeit":"1\u00a0Minute"},"schema":{"@context":"https:\/\/schema.org","@graph":[{"@type":"WebPage","@id":"https:\/\/turijnmagazijn.nl\/de\/produkt\/bordcomputer-klimaanlage-lancia-kappa-getestet-kopie-kopie\/","url":"https:\/\/turijnmagazijn.nl\/de\/produkt\/bordcomputer-klimaanlage-lancia-kappa-getestet-kopie-kopie\/","name":"Klimaanlagen-Bordcomputer Lancia Kappa -DAMAGE- Turijnmagazijn","isPartOf":{"@id":"https:\/\/turijnmagazijn.jumpstone-dev.nl\/#website"},"primaryImageOfPage":{"@id":"https:\/\/turijnmagazijn.nl\/de\/produkt\/bordcomputer-klimaanlage-lancia-kappa-getestet-kopie-kopie\/#primaryimage"},"image":{"@id":"https:\/\/turijnmagazijn.nl\/de\/produkt\/bordcomputer-klimaanlage-lancia-kappa-getestet-kopie-kopie\/#primaryimage"},"thumbnailUrl":"https:\/\/turijnmagazijn.nl\/wp-content\/uploads\/2024\/11\/DK0102735-Boordcomputer-airco-Lancia-Kappa-BESCHADIGD-46515650-3.jpg","datePublished":"2024-11-05T17:50:04+00:00","dateModified":"2025-04-16T12:55:48+00:00","breadcrumb":{"@id":"https:\/\/turijnmagazijn.nl\/de\/produkt\/bordcomputer-klimaanlage-lancia-kappa-getestet-kopie-kopie\/#breadcrumb"},"inLanguage":"de","potentialAction":[{"@type":"ReadAction","target":["https:\/\/turijnmagazijn.nl\/de\/produkt\/bordcomputer-klimaanlage-lancia-kappa-getestet-kopie-kopie\/"]}]},{"@type":"ImageObject","inLanguage":"de","@id":"https:\/\/turijnmagazijn.nl\/de\/produkt\/bordcomputer-klimaanlage-lancia-kappa-getestet-kopie-kopie\/#primaryimage","url":"https:\/\/turijnmagazijn.nl\/wp-content\/uploads\/2024\/11\/DK0102735-Boordcomputer-airco-Lancia-Kappa-BESCHADIGD-46515650-3.jpg","contentUrl":"https:\/\/turijnmagazijn.nl\/wp-content\/uploads\/2024\/11\/DK0102735-Boordcomputer-airco-Lancia-Kappa-BESCHADIGD-46515650-3.jpg","width":1440,"height":1080},{"@type":"BreadcrumbList","@id":"https:\/\/turijnmagazijn.nl\/de\/produkt\/bordcomputer-klimaanlage-lancia-kappa-getestet-kopie-kopie\/#breadcrumb","itemListElement":[{"@type":"ListItem","position":1,"name":"Home","item":"https:\/\/turijnmagazijn.nl\/de\/"},{"@type":"ListItem","position":2,"name":"Produkte","item":"https:\/\/turijnmagazijn.nl\/de\/shop\/"},{"@type":"ListItem","position":3,"name":"Klimaanlagen-Bordcomputer Lancia Kappa -DAMAGE-"}]},{"@type":"WebSite","@id":"https:\/\/turijnmagazijn.jumpstone-dev.nl\/#website","url":"https:\/\/turijnmagazijn.jumpstone-dev.nl\/","name":"Turijnmagazijn","description":"Onderdelen nieuw en gebruikt - Fiat &amp; Lancia","publisher":{"@id":"https:\/\/turijnmagazijn.jumpstone-dev.nl\/#organization"},"potentialAction":[{"@type":"SearchAction","target":{"@type":"EntryPoint","urlTemplate":"https:\/\/turijnmagazijn.jumpstone-dev.nl\/?s={search_term_string}"},"query-input":{"@type":"PropertyValueSpecification","valueRequired":true,"valueName":"search_term_string"}}],"inLanguage":"de"},{"@type":"Organization","@id":"https:\/\/turijnmagazijn.jumpstone-dev.nl\/#organization","name":"Turijnmagazijn","url":"https:\/\/turijnmagazijn.jumpstone-dev.nl\/","logo":{"@type":"ImageObject","inLanguage":"de","@id":"https:\/\/turijnmagazijn.jumpstone-dev.nl\/#\/schema\/logo\/image\/","url":"https:\/\/turijnmagazijn.nl\/wp-content\/uploads\/2021\/02\/turijnmagazijnlogo.png","contentUrl":"https:\/\/turijnmagazijn.nl\/wp-content\/uploads\/2021\/02\/turijnmagazijnlogo.png","width":555,"height":270,"caption":"Turijnmagazijn"},"image":{"@id":"https:\/\/turijnmagazijn.jumpstone-dev.nl\/#\/schema\/logo\/image\/"},"sameAs":["https:\/\/www.facebook.com\/turijnmagazijn"]}]}},"_links":{"self":[{"href":"https:\/\/turijnmagazijn.nl\/de\/wp-json\/wp\/v2\/product\/85119","targetHints":{"allow":["GET"]}}],"collection":[{"href":"https:\/\/turijnmagazijn.nl\/de\/wp-json\/wp\/v2\/product"}],"about":[{"href":"https:\/\/turijnmagazijn.nl\/de\/wp-json\/wp\/v2\/types\/product"}],"replies":[{"embeddable":true,"href":"https:\/\/turijnmagazijn.nl\/de\/wp-json\/wp\/v2\/comments?post=85119"}],"wp:featuredmedia":[{"embeddable":true,"href":"https:\/\/turijnmagazijn.nl\/de\/wp-json\/wp\/v2\/media\/85179"}],"wp:attachment":[{"href":"https:\/\/turijnmagazijn.nl\/de\/wp-json\/wp\/v2\/media?parent=85119"}],"wp:term":[{"taxonomy":"product_brand","embeddable":true,"href":"https:\/\/turijnmagazijn.nl\/de\/wp-json\/wp\/v2\/product_brand?post=85119"},{"taxonomy":"product_cat","embeddable":true,"href":"https:\/\/turijnmagazijn.nl\/de\/wp-json\/wp\/v2\/product_cat?post=85119"},{"taxonomy":"product_tag","embeddable":true,"href":"https:\/\/turijnmagazijn.nl\/de\/wp-json\/wp\/v2\/product_tag?post=85119"}],"curies":[{"name":"wp","href":"https:\/\/api.w.org\/{rel}","templated":true}]}}