{"id":85662,"date":"2024-11-15T20:28:39","date_gmt":"2024-11-15T19:28:39","guid":{"rendered":"https:\/\/turijnmagazijn.nl\/?post_type=product&#038;p=85662"},"modified":"2025-04-17T17:34:59","modified_gmt":"2025-04-17T15:34:59","slug":"relais-weis-5-polig-25a-fur-u-a-kuhlerlufter-lancia-delta-integrale-nos-kopie","status":"publish","type":"product","link":"https:\/\/turijnmagazijn.nl\/de\/produkt\/relais-weis-5-polig-25a-fur-u-a-kuhlerlufter-lancia-delta-integrale-nos-kopie\/","title":{"rendered":"Relais wei\u00df 5-polig 25A Lancia Delta Integrale"},"content":{"rendered":"<p>Gebrauchtes Relais.<\/p>\n<p>Diese Art von Relais wurde auf alle Arten von 1 Lancia Deltas angewendet, einschlie\u00dflich der Modelle Integrale und Evoluzione.<\/p>\n<p>Angewendet auf den EVO zur Steuerung des K\u00fchlerl\u00fcfters und der Zentralverriegelung,<\/p>\n<p>Angewendet auf den Integrale f\u00fcr die Steuerung der elektrischen Fensterheber.<\/p>\n<p>Schaltplan siehe beigef\u00fcgtes Bild<\/p>\n<p>5-poliges Relais.<\/p>\n<p>Kontakte:<\/p>\n<ul>\n<li>85<\/li>\n<li>86<\/li>\n<li>87<\/li>\n<li>\u00a7 87a<\/li>\n<li>30<\/li>\n<\/ul>\n<p>&nbsp;<\/p>\n<p>OEM LANCIA 82324939<\/p>\n<p>OEM LANCIA 82461739<\/p>\n<p>&nbsp;<\/p>\n<p>Teil Nummer 13 auf der technischen Zeichnung von EPER Zeichnung Nummer 1040900001 bez\u00fcglich der Anwendung auf den Lancia Delta Integrale. Eine Kopie pro Auto erforderlich.<\/p>\n<p>Teil Nummer 10 auf der technischen Zeichnung von EPER mit der Zeichnungsnummer 46B56B1A8B590736F0FFCA9B0449D544 f\u00fcr die Anwendung am Lancia Delta Integrale. Eine Kopie pro Auto erforderlich.<\/p>\n","protected":false},"excerpt":{"rendered":"<p>82461739 gebrauchtes Relais wei\u00df oder gelb 5-polig 25A f\u00fcr Lancia Delta Integrale NOS, u.a.<\/p>\n","protected":false},"featured_media":86759,"comment_status":"closed","ping_status":"closed","template":"","meta":{"_acf_changed":false},"product_brand":[],"product_cat":[1811,1599,1603,1612,1616,1847,1849,1584,1704,1864,1706,1867,1717,1721,1803,1807,1844,1689,1817,1634,1822,1826,1834,1829,1839,1859,1797,1743,1745,1619,1621,1869,1894,1904,1900,1785,1913],"product_tag":[],"class_list":{"0":"post-85662","1":"product","2":"type-product","3":"status-publish","4":"has-post-thumbnail","6":"product_cat-1-1-1-3-1-5-de","7":"product_cat-145-930a-de","8":"product_cat-146-930b-de","9":"product_cat-155-167-de","10":"product_cat-156-932-de","11":"product_cat-3-deurs-hpe-de","12":"product_cat-5-deurs-de","13":"product_cat-alfa-romeo-de","14":"product_cat-barchetta-183-de","15":"product_cat-berlina-de","16":"product_cat-brava-198-de","17":"product_cat-coupe-de","18":"product_cat-coupe-175-de","19":"product_cat-croma-1-154-de","20":"product_cat-dedra-835-de","21":"product_cat-delta-1-831-de","22":"product_cat-delta-2-836-de","23":"product_cat-fiat-de","24":"product_cat-gt-i-e-de","25":"product_cat-gtv-916-de","26":"product_cat-hf-4wd-de","27":"product_cat-hf-turbo-de","28":"product_cat-integrale-16v-de","29":"product_cat-integrale-8v-de","30":"product_cat-integrale-evo-de","31":"product_cat-kappa-838-de","32":"product_cat-lancia-de","33":"product_cat-panda-1-141-de","34":"product_cat-punto-1-176-de","35":"product_cat-sedan-de","36":"product_cat-sportwagon-de","37":"product_cat-sw-de","38":"product_cat-thema-834-de","39":"product_cat-thema-sedan-de","40":"product_cat-thema-sw-de","41":"product_cat-uno-1-146-de","42":"product_cat-ypsilon-1-840-de","43":"pa_soort-onderdeel-elektronik-und-kabel","45":"first","46":"instock","47":"shipping-taxable","48":"purchasable","49":"product-type-simple"},"acf":[],"yoast_head":"<!-- This site is optimized with the Yoast SEO plugin v27.2 - https:\/\/yoast.com\/product\/yoast-seo-wordpress\/ -->\n<title>Relais wei\u00df 5-polig 25A Lancia Delta Integrale - Turijnmagazijn<\/title>\n<meta name=\"robots\" content=\"index, follow, max-snippet:-1, max-image-preview:large, max-video-preview:-1\" \/>\n<link rel=\"canonical\" href=\"https:\/\/turijnmagazijn.nl\/de\/produkt\/relais-weis-5-polig-25a-fur-u-a-kuhlerlufter-lancia-delta-integrale-nos-kopie\/\" \/>\n<meta property=\"og:locale\" content=\"de_DE\" \/>\n<meta property=\"og:type\" content=\"article\" \/>\n<meta property=\"og:title\" content=\"Relais wei\u00df 5-polig 25A Lancia Delta Integrale - Turijnmagazijn\" \/>\n<meta property=\"og:description\" content=\"82461739 gebrauchtes Relais wei\u00df oder gelb 5-polig 25A f\u00fcr Lancia Delta Integrale NOS, u.a.\" \/>\n<meta property=\"og:url\" content=\"https:\/\/turijnmagazijn.nl\/de\/produkt\/relais-weis-5-polig-25a-fur-u-a-kuhlerlufter-lancia-delta-integrale-nos-kopie\/\" \/>\n<meta property=\"og:site_name\" content=\"Turijnmagazijn\" \/>\n<meta property=\"article:publisher\" content=\"https:\/\/www.facebook.com\/turijnmagazijn\" \/>\n<meta property=\"article:modified_time\" content=\"2025-04-17T15:34:59+00:00\" \/>\n<meta property=\"og:image\" content=\"https:\/\/turijnmagazijn.nl\/wp-content\/uploads\/2024\/11\/DK0102686-Relais-wit-5-polig-25A-Lancia-Delta-Integrale-82324939-3.jpg\" \/>\n\t<meta property=\"og:image:width\" content=\"1440\" \/>\n\t<meta property=\"og:image:height\" content=\"1080\" \/>\n\t<meta property=\"og:image:type\" content=\"image\/jpeg\" \/>\n<meta name=\"twitter:card\" content=\"summary_large_image\" \/>\n<meta name=\"twitter:label1\" content=\"Gesch\u00e4tzte Lesezeit\" \/>\n\t<meta name=\"twitter:data1\" content=\"1\u00a0Minute\" \/>\n<script type=\"application\/ld+json\" class=\"yoast-schema-graph\">{\"@context\":\"https:\/\/schema.org\",\"@graph\":[{\"@type\":\"WebPage\",\"@id\":\"https:\/\/turijnmagazijn.nl\/de\/produkt\/relais-weis-5-polig-25a-fur-u-a-kuhlerlufter-lancia-delta-integrale-nos-kopie\/\",\"url\":\"https:\/\/turijnmagazijn.nl\/de\/produkt\/relais-weis-5-polig-25a-fur-u-a-kuhlerlufter-lancia-delta-integrale-nos-kopie\/\",\"name\":\"Relais wei\u00df 5-polig 25A Lancia Delta Integrale - Turijnmagazijn\",\"isPartOf\":{\"@id\":\"https:\/\/turijnmagazijn.jumpstone-dev.nl\/#website\"},\"primaryImageOfPage\":{\"@id\":\"https:\/\/turijnmagazijn.nl\/de\/produkt\/relais-weis-5-polig-25a-fur-u-a-kuhlerlufter-lancia-delta-integrale-nos-kopie\/#primaryimage\"},\"image\":{\"@id\":\"https:\/\/turijnmagazijn.nl\/de\/produkt\/relais-weis-5-polig-25a-fur-u-a-kuhlerlufter-lancia-delta-integrale-nos-kopie\/#primaryimage\"},\"thumbnailUrl\":\"https:\/\/turijnmagazijn.nl\/wp-content\/uploads\/2024\/11\/DK0102686-Relais-wit-5-polig-25A-Lancia-Delta-Integrale-82324939-3.jpg\",\"datePublished\":\"2024-11-15T19:28:39+00:00\",\"dateModified\":\"2025-04-17T15:34:59+00:00\",\"breadcrumb\":{\"@id\":\"https:\/\/turijnmagazijn.nl\/de\/produkt\/relais-weis-5-polig-25a-fur-u-a-kuhlerlufter-lancia-delta-integrale-nos-kopie\/#breadcrumb\"},\"inLanguage\":\"de\",\"potentialAction\":[{\"@type\":\"ReadAction\",\"target\":[\"https:\/\/turijnmagazijn.nl\/de\/produkt\/relais-weis-5-polig-25a-fur-u-a-kuhlerlufter-lancia-delta-integrale-nos-kopie\/\"]}]},{\"@type\":\"ImageObject\",\"inLanguage\":\"de\",\"@id\":\"https:\/\/turijnmagazijn.nl\/de\/produkt\/relais-weis-5-polig-25a-fur-u-a-kuhlerlufter-lancia-delta-integrale-nos-kopie\/#primaryimage\",\"url\":\"https:\/\/turijnmagazijn.nl\/wp-content\/uploads\/2024\/11\/DK0102686-Relais-wit-5-polig-25A-Lancia-Delta-Integrale-82324939-3.jpg\",\"contentUrl\":\"https:\/\/turijnmagazijn.nl\/wp-content\/uploads\/2024\/11\/DK0102686-Relais-wit-5-polig-25A-Lancia-Delta-Integrale-82324939-3.jpg\",\"width\":1440,\"height\":1080},{\"@type\":\"BreadcrumbList\",\"@id\":\"https:\/\/turijnmagazijn.nl\/de\/produkt\/relais-weis-5-polig-25a-fur-u-a-kuhlerlufter-lancia-delta-integrale-nos-kopie\/#breadcrumb\",\"itemListElement\":[{\"@type\":\"ListItem\",\"position\":1,\"name\":\"Home\",\"item\":\"https:\/\/turijnmagazijn.nl\/de\/\"},{\"@type\":\"ListItem\",\"position\":2,\"name\":\"Produkte\",\"item\":\"https:\/\/turijnmagazijn.nl\/de\/shop\/\"},{\"@type\":\"ListItem\",\"position\":3,\"name\":\"Relais wei\u00df 5-polig 25A Lancia Delta Integrale\"}]},{\"@type\":\"WebSite\",\"@id\":\"https:\/\/turijnmagazijn.jumpstone-dev.nl\/#website\",\"url\":\"https:\/\/turijnmagazijn.jumpstone-dev.nl\/\",\"name\":\"Turijnmagazijn\",\"description\":\"Onderdelen nieuw en gebruikt - Fiat &amp; Lancia\",\"publisher\":{\"@id\":\"https:\/\/turijnmagazijn.jumpstone-dev.nl\/#organization\"},\"potentialAction\":[{\"@type\":\"SearchAction\",\"target\":{\"@type\":\"EntryPoint\",\"urlTemplate\":\"https:\/\/turijnmagazijn.jumpstone-dev.nl\/?s={search_term_string}\"},\"query-input\":{\"@type\":\"PropertyValueSpecification\",\"valueRequired\":true,\"valueName\":\"search_term_string\"}}],\"inLanguage\":\"de\"},{\"@type\":\"Organization\",\"@id\":\"https:\/\/turijnmagazijn.jumpstone-dev.nl\/#organization\",\"name\":\"Turijnmagazijn\",\"url\":\"https:\/\/turijnmagazijn.jumpstone-dev.nl\/\",\"logo\":{\"@type\":\"ImageObject\",\"inLanguage\":\"de\",\"@id\":\"https:\/\/turijnmagazijn.jumpstone-dev.nl\/#\/schema\/logo\/image\/\",\"url\":\"https:\/\/turijnmagazijn.nl\/wp-content\/uploads\/2021\/02\/turijnmagazijnlogo.png\",\"contentUrl\":\"https:\/\/turijnmagazijn.nl\/wp-content\/uploads\/2021\/02\/turijnmagazijnlogo.png\",\"width\":555,\"height\":270,\"caption\":\"Turijnmagazijn\"},\"image\":{\"@id\":\"https:\/\/turijnmagazijn.jumpstone-dev.nl\/#\/schema\/logo\/image\/\"},\"sameAs\":[\"https:\/\/www.facebook.com\/turijnmagazijn\"]}]}<\/script>\n<!-- \/ Yoast SEO plugin. -->","yoast_head_json":{"title":"Relais wei\u00df 5-polig 25A Lancia Delta Integrale - Turijnmagazijn","robots":{"index":"index","follow":"follow","max-snippet":"max-snippet:-1","max-image-preview":"max-image-preview:large","max-video-preview":"max-video-preview:-1"},"canonical":"https:\/\/turijnmagazijn.nl\/de\/produkt\/relais-weis-5-polig-25a-fur-u-a-kuhlerlufter-lancia-delta-integrale-nos-kopie\/","og_locale":"de_DE","og_type":"article","og_title":"Relais wei\u00df 5-polig 25A Lancia Delta Integrale - Turijnmagazijn","og_description":"82461739 gebrauchtes Relais wei\u00df oder gelb 5-polig 25A f\u00fcr Lancia Delta Integrale NOS, u.a.","og_url":"https:\/\/turijnmagazijn.nl\/de\/produkt\/relais-weis-5-polig-25a-fur-u-a-kuhlerlufter-lancia-delta-integrale-nos-kopie\/","og_site_name":"Turijnmagazijn","article_publisher":"https:\/\/www.facebook.com\/turijnmagazijn","article_modified_time":"2025-04-17T15:34:59+00:00","og_image":[{"width":1440,"height":1080,"url":"https:\/\/turijnmagazijn.nl\/wp-content\/uploads\/2024\/11\/DK0102686-Relais-wit-5-polig-25A-Lancia-Delta-Integrale-82324939-3.jpg","type":"image\/jpeg"}],"twitter_card":"summary_large_image","twitter_misc":{"Gesch\u00e4tzte Lesezeit":"1\u00a0Minute"},"schema":{"@context":"https:\/\/schema.org","@graph":[{"@type":"WebPage","@id":"https:\/\/turijnmagazijn.nl\/de\/produkt\/relais-weis-5-polig-25a-fur-u-a-kuhlerlufter-lancia-delta-integrale-nos-kopie\/","url":"https:\/\/turijnmagazijn.nl\/de\/produkt\/relais-weis-5-polig-25a-fur-u-a-kuhlerlufter-lancia-delta-integrale-nos-kopie\/","name":"Relais wei\u00df 5-polig 25A Lancia Delta Integrale - Turijnmagazijn","isPartOf":{"@id":"https:\/\/turijnmagazijn.jumpstone-dev.nl\/#website"},"primaryImageOfPage":{"@id":"https:\/\/turijnmagazijn.nl\/de\/produkt\/relais-weis-5-polig-25a-fur-u-a-kuhlerlufter-lancia-delta-integrale-nos-kopie\/#primaryimage"},"image":{"@id":"https:\/\/turijnmagazijn.nl\/de\/produkt\/relais-weis-5-polig-25a-fur-u-a-kuhlerlufter-lancia-delta-integrale-nos-kopie\/#primaryimage"},"thumbnailUrl":"https:\/\/turijnmagazijn.nl\/wp-content\/uploads\/2024\/11\/DK0102686-Relais-wit-5-polig-25A-Lancia-Delta-Integrale-82324939-3.jpg","datePublished":"2024-11-15T19:28:39+00:00","dateModified":"2025-04-17T15:34:59+00:00","breadcrumb":{"@id":"https:\/\/turijnmagazijn.nl\/de\/produkt\/relais-weis-5-polig-25a-fur-u-a-kuhlerlufter-lancia-delta-integrale-nos-kopie\/#breadcrumb"},"inLanguage":"de","potentialAction":[{"@type":"ReadAction","target":["https:\/\/turijnmagazijn.nl\/de\/produkt\/relais-weis-5-polig-25a-fur-u-a-kuhlerlufter-lancia-delta-integrale-nos-kopie\/"]}]},{"@type":"ImageObject","inLanguage":"de","@id":"https:\/\/turijnmagazijn.nl\/de\/produkt\/relais-weis-5-polig-25a-fur-u-a-kuhlerlufter-lancia-delta-integrale-nos-kopie\/#primaryimage","url":"https:\/\/turijnmagazijn.nl\/wp-content\/uploads\/2024\/11\/DK0102686-Relais-wit-5-polig-25A-Lancia-Delta-Integrale-82324939-3.jpg","contentUrl":"https:\/\/turijnmagazijn.nl\/wp-content\/uploads\/2024\/11\/DK0102686-Relais-wit-5-polig-25A-Lancia-Delta-Integrale-82324939-3.jpg","width":1440,"height":1080},{"@type":"BreadcrumbList","@id":"https:\/\/turijnmagazijn.nl\/de\/produkt\/relais-weis-5-polig-25a-fur-u-a-kuhlerlufter-lancia-delta-integrale-nos-kopie\/#breadcrumb","itemListElement":[{"@type":"ListItem","position":1,"name":"Home","item":"https:\/\/turijnmagazijn.nl\/de\/"},{"@type":"ListItem","position":2,"name":"Produkte","item":"https:\/\/turijnmagazijn.nl\/de\/shop\/"},{"@type":"ListItem","position":3,"name":"Relais wei\u00df 5-polig 25A Lancia Delta Integrale"}]},{"@type":"WebSite","@id":"https:\/\/turijnmagazijn.jumpstone-dev.nl\/#website","url":"https:\/\/turijnmagazijn.jumpstone-dev.nl\/","name":"Turijnmagazijn","description":"Onderdelen nieuw en gebruikt - Fiat &amp; Lancia","publisher":{"@id":"https:\/\/turijnmagazijn.jumpstone-dev.nl\/#organization"},"potentialAction":[{"@type":"SearchAction","target":{"@type":"EntryPoint","urlTemplate":"https:\/\/turijnmagazijn.jumpstone-dev.nl\/?s={search_term_string}"},"query-input":{"@type":"PropertyValueSpecification","valueRequired":true,"valueName":"search_term_string"}}],"inLanguage":"de"},{"@type":"Organization","@id":"https:\/\/turijnmagazijn.jumpstone-dev.nl\/#organization","name":"Turijnmagazijn","url":"https:\/\/turijnmagazijn.jumpstone-dev.nl\/","logo":{"@type":"ImageObject","inLanguage":"de","@id":"https:\/\/turijnmagazijn.jumpstone-dev.nl\/#\/schema\/logo\/image\/","url":"https:\/\/turijnmagazijn.nl\/wp-content\/uploads\/2021\/02\/turijnmagazijnlogo.png","contentUrl":"https:\/\/turijnmagazijn.nl\/wp-content\/uploads\/2021\/02\/turijnmagazijnlogo.png","width":555,"height":270,"caption":"Turijnmagazijn"},"image":{"@id":"https:\/\/turijnmagazijn.jumpstone-dev.nl\/#\/schema\/logo\/image\/"},"sameAs":["https:\/\/www.facebook.com\/turijnmagazijn"]}]}},"_links":{"self":[{"href":"https:\/\/turijnmagazijn.nl\/de\/wp-json\/wp\/v2\/product\/85662","targetHints":{"allow":["GET"]}}],"collection":[{"href":"https:\/\/turijnmagazijn.nl\/de\/wp-json\/wp\/v2\/product"}],"about":[{"href":"https:\/\/turijnmagazijn.nl\/de\/wp-json\/wp\/v2\/types\/product"}],"replies":[{"embeddable":true,"href":"https:\/\/turijnmagazijn.nl\/de\/wp-json\/wp\/v2\/comments?post=85662"}],"wp:featuredmedia":[{"embeddable":true,"href":"https:\/\/turijnmagazijn.nl\/de\/wp-json\/wp\/v2\/media\/86759"}],"wp:attachment":[{"href":"https:\/\/turijnmagazijn.nl\/de\/wp-json\/wp\/v2\/media?parent=85662"}],"wp:term":[{"taxonomy":"product_brand","embeddable":true,"href":"https:\/\/turijnmagazijn.nl\/de\/wp-json\/wp\/v2\/product_brand?post=85662"},{"taxonomy":"product_cat","embeddable":true,"href":"https:\/\/turijnmagazijn.nl\/de\/wp-json\/wp\/v2\/product_cat?post=85662"},{"taxonomy":"product_tag","embeddable":true,"href":"https:\/\/turijnmagazijn.nl\/de\/wp-json\/wp\/v2\/product_tag?post=85662"}],"curies":[{"name":"wp","href":"https:\/\/api.w.org\/{rel}","templated":true}]}}