{"id":85758,"date":"2024-11-22T11:34:31","date_gmt":"2024-11-22T10:34:31","guid":{"rendered":"https:\/\/turijnmagazijn.nl\/?post_type=product&#038;p=85758"},"modified":"2026-03-18T12:00:08","modified_gmt":"2026-03-18T11:00:08","slug":"dk010-dummy-kappa-kopie-kopie-kopie-2","status":"publish","type":"product","link":"https:\/\/turijnmagazijn.nl\/de\/produkt\/dk010-dummy-kappa-kopie-kopie-kopie-2\/","title":{"rendered":"Lautsprechert\u00fcr Lancia Kappa und Kappa Coupe"},"content":{"rendered":"<p>Neues Nachbauteil f\u00fcr Lancia Kappa.<\/p>\n<p>Lautsprecher zum Einbau in die Vordert\u00fcr f\u00fcr Lancia Kappa. Die Original-Lautsprecher sind aufgrund des begrenzten Einbauraums sehr kompakt. Diese Nachbaulautsprecher entsprechen fast genau den originalen Einbauma\u00dfen der OEM-Lautsprecher, die von m\u00e4\u00dfiger Qualit\u00e4t sind. Fast alle Original-Lautsprecher haben das Problem, dass der Schaumstoff um den Lautsprecher herum besch\u00e4digt ist. Mit dieser neuen Variante k\u00f6nnen Sie wieder jahrelang fahren. Die Klangqualit\u00e4t kommt der des Originals recht nahe, aber erwarten Sie etwas weniger Bass, aber ansonsten eine \u00e4hnliche Audioleistung. Um den Einbau so einfach wie m\u00f6glich zu gestalten, haben wir diese Lautsprecher mit demselben gelben zweipoligen Stecker versehen, so dass Sie sie nur noch einstecken m\u00fcssen und der Kabelbaum Ihres Kappa v\u00f6llig original bleibt. ACHTUNG: Bei den meisten Kappas ist dieser Lautsprecher sowohl links als auch rechts in der T\u00fcr eingebaut. Es gibt eine Ausnahme: Das Kappa Coup\u00e9 und die luxuri\u00f6seren Versionen des SW und Berlina sind in einigen F\u00e4llen mit einem anderen Lautsprecher auf der linken Seite ausgestattet. Dieser Lautsprecher hat 2 Steckverbinder, einen gelben und einen wei\u00dfen. Der wei\u00dfe Stecker ist f\u00fcr das Audiosignal aus dem Car Kit mit einem originalen Lancia-Radio. Haben Sie ein Radio ohne Car Kit-Anschluss? Besitzen Sie ein Aftermarket-Radio? Benutzen Sie nie das Original-Autokit? In diesen F\u00e4llen k\u00f6nnen Sie die 2-Stecker-Variante ruhig durch diese Alternative ersetzen. Schlie\u00dfen Sie den gelben Stecker an und lassen Sie den wei\u00dfen Stecker in der T\u00fcrverkleidung. Kleben Sie ihn einfach mit Klebeband fest, damit er nicht in der T\u00fcr klappert. Einige beigef\u00fcgte Bilder zeigen den Einbau dieses Lautsprechers in die T\u00fcr eines Kappa Coupe. OEM Lancia 82485880 OEM Lancia 46469802    <\/p>\n","protected":false},"excerpt":{"rendered":"<p>82485880 Lautsprecher-Imitat zum Einbau in die Vordert\u00fcr f\u00fcr Lancia Kappa. Links und rechts verwendbar f\u00fcr Kappas ohne originales Car-Kit. <\/p>\n","protected":false},"featured_media":86872,"comment_status":"closed","ping_status":"closed","template":"","meta":{"_acf_changed":false},"product_brand":[],"product_cat":[1864,1867,1859,1797,1869],"product_tag":[],"class_list":{"0":"post-85758","1":"product","2":"type-product","3":"status-publish","4":"has-post-thumbnail","6":"product_cat-berlina-de","7":"product_cat-coupe-de","8":"product_cat-kappa-838-de","9":"product_cat-lancia-de","10":"product_cat-sw-de","11":"pa_soort-onderdeel-audiogerate","13":"first","14":"instock","15":"featured","16":"taxable","17":"shipping-taxable","18":"purchasable","19":"product-type-simple"},"acf":[],"yoast_head":"<!-- This site is optimized with the Yoast SEO plugin v27.3 - https:\/\/yoast.com\/product\/yoast-seo-wordpress\/ -->\n<title>Lautsprechert\u00fcr Lancia Kappa und Kappa Coupe - Turijnmagazijn<\/title>\n<meta name=\"robots\" content=\"index, follow, max-snippet:-1, max-image-preview:large, max-video-preview:-1\" \/>\n<link rel=\"canonical\" href=\"https:\/\/turijnmagazijn.nl\/de\/produkt\/dk010-dummy-kappa-kopie-kopie-kopie-2\/\" \/>\n<meta property=\"og:locale\" content=\"de_DE\" \/>\n<meta property=\"og:type\" content=\"article\" \/>\n<meta property=\"og:title\" content=\"Lautsprechert\u00fcr Lancia Kappa und Kappa Coupe - Turijnmagazijn\" \/>\n<meta property=\"og:description\" content=\"82485880 Lautsprecher-Imitat zum Einbau in die Vordert\u00fcr f\u00fcr Lancia Kappa. Links und rechts verwendbar f\u00fcr Kappas ohne originales Car-Kit.\" \/>\n<meta property=\"og:url\" content=\"https:\/\/turijnmagazijn.nl\/de\/produkt\/dk010-dummy-kappa-kopie-kopie-kopie-2\/\" \/>\n<meta property=\"og:site_name\" content=\"Turijnmagazijn\" \/>\n<meta property=\"article:publisher\" content=\"https:\/\/www.facebook.com\/turijnmagazijn\" \/>\n<meta property=\"article:modified_time\" content=\"2026-03-18T11:00:08+00:00\" \/>\n<meta property=\"og:image\" content=\"https:\/\/turijnmagazijn.nl\/wp-content\/uploads\/2024\/11\/DN0100382-Speaker-deurpaneel-Lancia-Kappa-Imitatie-82485880-2-1.jpg\" \/>\n\t<meta property=\"og:image:width\" content=\"1140\" \/>\n\t<meta property=\"og:image:height\" content=\"931\" \/>\n\t<meta property=\"og:image:type\" content=\"image\/jpeg\" \/>\n<meta name=\"twitter:card\" content=\"summary_large_image\" \/>\n<meta name=\"twitter:label1\" content=\"Gesch\u00e4tzte Lesezeit\" \/>\n\t<meta name=\"twitter:data1\" content=\"1\u00a0Minute\" \/>\n<script type=\"application\/ld+json\" class=\"yoast-schema-graph\">{\"@context\":\"https:\\\/\\\/schema.org\",\"@graph\":[{\"@type\":\"WebPage\",\"@id\":\"https:\\\/\\\/turijnmagazijn.nl\\\/de\\\/produkt\\\/dk010-dummy-kappa-kopie-kopie-kopie-2\\\/\",\"url\":\"https:\\\/\\\/turijnmagazijn.nl\\\/de\\\/produkt\\\/dk010-dummy-kappa-kopie-kopie-kopie-2\\\/\",\"name\":\"Lautsprechert\u00fcr Lancia Kappa und Kappa Coupe - Turijnmagazijn\",\"isPartOf\":{\"@id\":\"https:\\\/\\\/turijnmagazijn.jumpstone-dev.nl\\\/#website\"},\"primaryImageOfPage\":{\"@id\":\"https:\\\/\\\/turijnmagazijn.nl\\\/de\\\/produkt\\\/dk010-dummy-kappa-kopie-kopie-kopie-2\\\/#primaryimage\"},\"image\":{\"@id\":\"https:\\\/\\\/turijnmagazijn.nl\\\/de\\\/produkt\\\/dk010-dummy-kappa-kopie-kopie-kopie-2\\\/#primaryimage\"},\"thumbnailUrl\":\"https:\\\/\\\/turijnmagazijn.nl\\\/wp-content\\\/uploads\\\/2024\\\/11\\\/DN0100382-Speaker-deurpaneel-Lancia-Kappa-Imitatie-82485880-2-1.jpg\",\"datePublished\":\"2024-11-22T10:34:31+00:00\",\"dateModified\":\"2026-03-18T11:00:08+00:00\",\"breadcrumb\":{\"@id\":\"https:\\\/\\\/turijnmagazijn.nl\\\/de\\\/produkt\\\/dk010-dummy-kappa-kopie-kopie-kopie-2\\\/#breadcrumb\"},\"inLanguage\":\"de\",\"potentialAction\":[{\"@type\":\"ReadAction\",\"target\":[\"https:\\\/\\\/turijnmagazijn.nl\\\/de\\\/produkt\\\/dk010-dummy-kappa-kopie-kopie-kopie-2\\\/\"]}]},{\"@type\":\"ImageObject\",\"inLanguage\":\"de\",\"@id\":\"https:\\\/\\\/turijnmagazijn.nl\\\/de\\\/produkt\\\/dk010-dummy-kappa-kopie-kopie-kopie-2\\\/#primaryimage\",\"url\":\"https:\\\/\\\/turijnmagazijn.nl\\\/wp-content\\\/uploads\\\/2024\\\/11\\\/DN0100382-Speaker-deurpaneel-Lancia-Kappa-Imitatie-82485880-2-1.jpg\",\"contentUrl\":\"https:\\\/\\\/turijnmagazijn.nl\\\/wp-content\\\/uploads\\\/2024\\\/11\\\/DN0100382-Speaker-deurpaneel-Lancia-Kappa-Imitatie-82485880-2-1.jpg\",\"width\":1140,\"height\":931},{\"@type\":\"BreadcrumbList\",\"@id\":\"https:\\\/\\\/turijnmagazijn.nl\\\/de\\\/produkt\\\/dk010-dummy-kappa-kopie-kopie-kopie-2\\\/#breadcrumb\",\"itemListElement\":[{\"@type\":\"ListItem\",\"position\":1,\"name\":\"Home\",\"item\":\"https:\\\/\\\/turijnmagazijn.nl\\\/de\\\/\"},{\"@type\":\"ListItem\",\"position\":2,\"name\":\"Produkte\",\"item\":\"https:\\\/\\\/turijnmagazijn.nl\\\/de\\\/shop\\\/\"},{\"@type\":\"ListItem\",\"position\":3,\"name\":\"Lautsprechert\u00fcr Lancia Kappa und Kappa Coupe\"}]},{\"@type\":\"WebSite\",\"@id\":\"https:\\\/\\\/turijnmagazijn.jumpstone-dev.nl\\\/#website\",\"url\":\"https:\\\/\\\/turijnmagazijn.jumpstone-dev.nl\\\/\",\"name\":\"Turijnmagazijn\",\"description\":\"Onderdelen nieuw en gebruikt - Fiat &amp; Lancia\",\"publisher\":{\"@id\":\"https:\\\/\\\/turijnmagazijn.jumpstone-dev.nl\\\/#organization\"},\"potentialAction\":[{\"@type\":\"SearchAction\",\"target\":{\"@type\":\"EntryPoint\",\"urlTemplate\":\"https:\\\/\\\/turijnmagazijn.jumpstone-dev.nl\\\/?s={search_term_string}\"},\"query-input\":{\"@type\":\"PropertyValueSpecification\",\"valueRequired\":true,\"valueName\":\"search_term_string\"}}],\"inLanguage\":\"de\"},{\"@type\":\"Organization\",\"@id\":\"https:\\\/\\\/turijnmagazijn.jumpstone-dev.nl\\\/#organization\",\"name\":\"Turijnmagazijn\",\"url\":\"https:\\\/\\\/turijnmagazijn.jumpstone-dev.nl\\\/\",\"logo\":{\"@type\":\"ImageObject\",\"inLanguage\":\"de\",\"@id\":\"https:\\\/\\\/turijnmagazijn.jumpstone-dev.nl\\\/#\\\/schema\\\/logo\\\/image\\\/\",\"url\":\"https:\\\/\\\/turijnmagazijn.nl\\\/wp-content\\\/uploads\\\/2021\\\/02\\\/turijnmagazijnlogo.png\",\"contentUrl\":\"https:\\\/\\\/turijnmagazijn.nl\\\/wp-content\\\/uploads\\\/2021\\\/02\\\/turijnmagazijnlogo.png\",\"width\":555,\"height\":270,\"caption\":\"Turijnmagazijn\"},\"image\":{\"@id\":\"https:\\\/\\\/turijnmagazijn.jumpstone-dev.nl\\\/#\\\/schema\\\/logo\\\/image\\\/\"},\"sameAs\":[\"https:\\\/\\\/www.facebook.com\\\/turijnmagazijn\"]}]}<\/script>\n<!-- \/ Yoast SEO plugin. -->","yoast_head_json":{"title":"Lautsprechert\u00fcr Lancia Kappa und Kappa Coupe - Turijnmagazijn","robots":{"index":"index","follow":"follow","max-snippet":"max-snippet:-1","max-image-preview":"max-image-preview:large","max-video-preview":"max-video-preview:-1"},"canonical":"https:\/\/turijnmagazijn.nl\/de\/produkt\/dk010-dummy-kappa-kopie-kopie-kopie-2\/","og_locale":"de_DE","og_type":"article","og_title":"Lautsprechert\u00fcr Lancia Kappa und Kappa Coupe - Turijnmagazijn","og_description":"82485880 Lautsprecher-Imitat zum Einbau in die Vordert\u00fcr f\u00fcr Lancia Kappa. Links und rechts verwendbar f\u00fcr Kappas ohne originales Car-Kit.","og_url":"https:\/\/turijnmagazijn.nl\/de\/produkt\/dk010-dummy-kappa-kopie-kopie-kopie-2\/","og_site_name":"Turijnmagazijn","article_publisher":"https:\/\/www.facebook.com\/turijnmagazijn","article_modified_time":"2026-03-18T11:00:08+00:00","og_image":[{"width":1140,"height":931,"url":"https:\/\/turijnmagazijn.nl\/wp-content\/uploads\/2024\/11\/DN0100382-Speaker-deurpaneel-Lancia-Kappa-Imitatie-82485880-2-1.jpg","type":"image\/jpeg"}],"twitter_card":"summary_large_image","twitter_misc":{"Gesch\u00e4tzte Lesezeit":"1\u00a0Minute"},"schema":{"@context":"https:\/\/schema.org","@graph":[{"@type":"WebPage","@id":"https:\/\/turijnmagazijn.nl\/de\/produkt\/dk010-dummy-kappa-kopie-kopie-kopie-2\/","url":"https:\/\/turijnmagazijn.nl\/de\/produkt\/dk010-dummy-kappa-kopie-kopie-kopie-2\/","name":"Lautsprechert\u00fcr Lancia Kappa und Kappa Coupe - Turijnmagazijn","isPartOf":{"@id":"https:\/\/turijnmagazijn.jumpstone-dev.nl\/#website"},"primaryImageOfPage":{"@id":"https:\/\/turijnmagazijn.nl\/de\/produkt\/dk010-dummy-kappa-kopie-kopie-kopie-2\/#primaryimage"},"image":{"@id":"https:\/\/turijnmagazijn.nl\/de\/produkt\/dk010-dummy-kappa-kopie-kopie-kopie-2\/#primaryimage"},"thumbnailUrl":"https:\/\/turijnmagazijn.nl\/wp-content\/uploads\/2024\/11\/DN0100382-Speaker-deurpaneel-Lancia-Kappa-Imitatie-82485880-2-1.jpg","datePublished":"2024-11-22T10:34:31+00:00","dateModified":"2026-03-18T11:00:08+00:00","breadcrumb":{"@id":"https:\/\/turijnmagazijn.nl\/de\/produkt\/dk010-dummy-kappa-kopie-kopie-kopie-2\/#breadcrumb"},"inLanguage":"de","potentialAction":[{"@type":"ReadAction","target":["https:\/\/turijnmagazijn.nl\/de\/produkt\/dk010-dummy-kappa-kopie-kopie-kopie-2\/"]}]},{"@type":"ImageObject","inLanguage":"de","@id":"https:\/\/turijnmagazijn.nl\/de\/produkt\/dk010-dummy-kappa-kopie-kopie-kopie-2\/#primaryimage","url":"https:\/\/turijnmagazijn.nl\/wp-content\/uploads\/2024\/11\/DN0100382-Speaker-deurpaneel-Lancia-Kappa-Imitatie-82485880-2-1.jpg","contentUrl":"https:\/\/turijnmagazijn.nl\/wp-content\/uploads\/2024\/11\/DN0100382-Speaker-deurpaneel-Lancia-Kappa-Imitatie-82485880-2-1.jpg","width":1140,"height":931},{"@type":"BreadcrumbList","@id":"https:\/\/turijnmagazijn.nl\/de\/produkt\/dk010-dummy-kappa-kopie-kopie-kopie-2\/#breadcrumb","itemListElement":[{"@type":"ListItem","position":1,"name":"Home","item":"https:\/\/turijnmagazijn.nl\/de\/"},{"@type":"ListItem","position":2,"name":"Produkte","item":"https:\/\/turijnmagazijn.nl\/de\/shop\/"},{"@type":"ListItem","position":3,"name":"Lautsprechert\u00fcr Lancia Kappa und Kappa Coupe"}]},{"@type":"WebSite","@id":"https:\/\/turijnmagazijn.jumpstone-dev.nl\/#website","url":"https:\/\/turijnmagazijn.jumpstone-dev.nl\/","name":"Turijnmagazijn","description":"Onderdelen nieuw en gebruikt - Fiat &amp; Lancia","publisher":{"@id":"https:\/\/turijnmagazijn.jumpstone-dev.nl\/#organization"},"potentialAction":[{"@type":"SearchAction","target":{"@type":"EntryPoint","urlTemplate":"https:\/\/turijnmagazijn.jumpstone-dev.nl\/?s={search_term_string}"},"query-input":{"@type":"PropertyValueSpecification","valueRequired":true,"valueName":"search_term_string"}}],"inLanguage":"de"},{"@type":"Organization","@id":"https:\/\/turijnmagazijn.jumpstone-dev.nl\/#organization","name":"Turijnmagazijn","url":"https:\/\/turijnmagazijn.jumpstone-dev.nl\/","logo":{"@type":"ImageObject","inLanguage":"de","@id":"https:\/\/turijnmagazijn.jumpstone-dev.nl\/#\/schema\/logo\/image\/","url":"https:\/\/turijnmagazijn.nl\/wp-content\/uploads\/2021\/02\/turijnmagazijnlogo.png","contentUrl":"https:\/\/turijnmagazijn.nl\/wp-content\/uploads\/2021\/02\/turijnmagazijnlogo.png","width":555,"height":270,"caption":"Turijnmagazijn"},"image":{"@id":"https:\/\/turijnmagazijn.jumpstone-dev.nl\/#\/schema\/logo\/image\/"},"sameAs":["https:\/\/www.facebook.com\/turijnmagazijn"]}]}},"_links":{"self":[{"href":"https:\/\/turijnmagazijn.nl\/de\/wp-json\/wp\/v2\/product\/85758","targetHints":{"allow":["GET"]}}],"collection":[{"href":"https:\/\/turijnmagazijn.nl\/de\/wp-json\/wp\/v2\/product"}],"about":[{"href":"https:\/\/turijnmagazijn.nl\/de\/wp-json\/wp\/v2\/types\/product"}],"replies":[{"embeddable":true,"href":"https:\/\/turijnmagazijn.nl\/de\/wp-json\/wp\/v2\/comments?post=85758"}],"wp:featuredmedia":[{"embeddable":true,"href":"https:\/\/turijnmagazijn.nl\/de\/wp-json\/wp\/v2\/media\/86872"}],"wp:attachment":[{"href":"https:\/\/turijnmagazijn.nl\/de\/wp-json\/wp\/v2\/media?parent=85758"}],"wp:term":[{"taxonomy":"product_brand","embeddable":true,"href":"https:\/\/turijnmagazijn.nl\/de\/wp-json\/wp\/v2\/product_brand?post=85758"},{"taxonomy":"product_cat","embeddable":true,"href":"https:\/\/turijnmagazijn.nl\/de\/wp-json\/wp\/v2\/product_cat?post=85758"},{"taxonomy":"product_tag","embeddable":true,"href":"https:\/\/turijnmagazijn.nl\/de\/wp-json\/wp\/v2\/product_tag?post=85758"}],"curies":[{"name":"wp","href":"https:\/\/api.w.org\/{rel}","templated":true}]}}