{"id":85773,"date":"2024-11-22T15:23:07","date_gmt":"2024-11-22T14:23:07","guid":{"rendered":"https:\/\/turijnmagazijn.nl\/?post_type=product&#038;p=85773"},"modified":"2025-04-16T16:08:38","modified_gmt":"2025-04-16T14:08:38","slug":"dk010-dummy-kappa-kopie-kopie-kopie-6","status":"publish","type":"product","link":"https:\/\/turijnmagazijn.nl\/de\/produkt\/dk010-dummy-kappa-kopie-kopie-kopie-6\/","title":{"rendered":"Trockner Klimaanlage Lancia Kappa und Kappa Coupe"},"content":{"rendered":"<p>Neues Original-Nachbauteil f\u00fcr Lancia Kappa. Trockner f\u00fcr die Klimaanlage f\u00fcr Lancia Kappa und Kappa Coup\u00e9. Der Trockner ist Teil des Klimaanlagen-Rohrsystems, durch das das Klimagas str\u00f6mt. Ausgestattet mit 2 Anschlusspunkten mit einem Durchmesser von 10,2 mm. Abmessungen 190 mm x 60 mm. Aluminiumfarbener Trockner. Gilt auch f\u00fcr Fiat Punto 1, Punto 2, Seicento, Brava, Bravo, Marea, Doblo, Barchetta. Gilt auch f\u00fcr Lancia Ypsilon 1 und Lancia Lybra. OEM Lancia 46527180<\/p>\n","protected":false},"excerpt":{"rendered":"<p>46527180 Trockner Klimaanlage Lancia Kappa und Kappa Coupe. Auch passend f\u00fcr Fiat Punto 1, Punto 2, Seicento, Brava, Bravo, Marea, Doblo<\/p>\n","protected":false},"featured_media":86201,"comment_status":"closed","ping_status":"closed","template":"","meta":{"_acf_changed":false},"product_brand":[],"product_cat":[1704,1864,1706,1867,1689,1859,1797,1874,1734,1745,1751,1883,1760,1878,1869,1913],"product_tag":[],"class_list":{"0":"post-85773","1":"product","2":"type-product","3":"status-publish","4":"has-post-thumbnail","6":"product_cat-barchetta-183-de","7":"product_cat-berlina-de","8":"product_cat-brava-198-de","9":"product_cat-coupe-de","10":"product_cat-fiat-de","11":"product_cat-kappa-838-de","12":"product_cat-lancia-de","13":"product_cat-lybra-839-de","14":"product_cat-marea-185-de","15":"product_cat-punto-1-176-de","16":"product_cat-punto-2-188-de","17":"product_cat-sedan-lybra-839-de","18":"product_cat-seicento-187-de","19":"product_cat-sw-lybra-839-de","20":"product_cat-sw-de","21":"product_cat-ypsilon-1-840-de","22":"pa_soort-onderdeel-klimaanlage-und-heizung","24":"first","25":"instock","26":"taxable","27":"shipping-taxable","28":"purchasable","29":"product-type-simple"},"acf":[],"yoast_head":"<!-- This site is optimized with the Yoast SEO plugin v27.2 - https:\/\/yoast.com\/product\/yoast-seo-wordpress\/ -->\n<title>Trockner Klimaanlage Lancia Kappa und Kappa Coupe - Turijnmagazijn<\/title>\n<meta name=\"robots\" content=\"index, follow, max-snippet:-1, max-image-preview:large, max-video-preview:-1\" \/>\n<link rel=\"canonical\" href=\"https:\/\/turijnmagazijn.nl\/de\/produkt\/dk010-dummy-kappa-kopie-kopie-kopie-6\/\" \/>\n<meta property=\"og:locale\" content=\"de_DE\" \/>\n<meta property=\"og:type\" content=\"article\" \/>\n<meta property=\"og:title\" content=\"Trockner Klimaanlage Lancia Kappa und Kappa Coupe - Turijnmagazijn\" \/>\n<meta property=\"og:description\" content=\"46527180 Trockner Klimaanlage Lancia Kappa und Kappa Coupe. Auch passend f\u00fcr Fiat Punto 1, Punto 2, Seicento, Brava, Bravo, Marea, Doblo\" \/>\n<meta property=\"og:url\" content=\"https:\/\/turijnmagazijn.nl\/de\/produkt\/dk010-dummy-kappa-kopie-kopie-kopie-6\/\" \/>\n<meta property=\"og:site_name\" content=\"Turijnmagazijn\" \/>\n<meta property=\"article:publisher\" content=\"https:\/\/www.facebook.com\/turijnmagazijn\" \/>\n<meta property=\"article:modified_time\" content=\"2025-04-16T14:08:38+00:00\" \/>\n<meta property=\"og:image\" content=\"https:\/\/turijnmagazijn.nl\/wp-content\/uploads\/2024\/11\/DN0100385-Droger-Airco-Lancia-Kappa-en-Kappa-Coupe-46527180-2.jpg\" \/>\n\t<meta property=\"og:image:width\" content=\"1440\" \/>\n\t<meta property=\"og:image:height\" content=\"1080\" \/>\n\t<meta property=\"og:image:type\" content=\"image\/jpeg\" \/>\n<meta name=\"twitter:card\" content=\"summary_large_image\" \/>\n<script type=\"application\/ld+json\" class=\"yoast-schema-graph\">{\"@context\":\"https:\/\/schema.org\",\"@graph\":[{\"@type\":\"WebPage\",\"@id\":\"https:\/\/turijnmagazijn.nl\/de\/produkt\/dk010-dummy-kappa-kopie-kopie-kopie-6\/\",\"url\":\"https:\/\/turijnmagazijn.nl\/de\/produkt\/dk010-dummy-kappa-kopie-kopie-kopie-6\/\",\"name\":\"Trockner Klimaanlage Lancia Kappa und Kappa Coupe - Turijnmagazijn\",\"isPartOf\":{\"@id\":\"https:\/\/turijnmagazijn.jumpstone-dev.nl\/#website\"},\"primaryImageOfPage\":{\"@id\":\"https:\/\/turijnmagazijn.nl\/de\/produkt\/dk010-dummy-kappa-kopie-kopie-kopie-6\/#primaryimage\"},\"image\":{\"@id\":\"https:\/\/turijnmagazijn.nl\/de\/produkt\/dk010-dummy-kappa-kopie-kopie-kopie-6\/#primaryimage\"},\"thumbnailUrl\":\"https:\/\/turijnmagazijn.nl\/wp-content\/uploads\/2024\/11\/DN0100385-Droger-Airco-Lancia-Kappa-en-Kappa-Coupe-46527180-2.jpg\",\"datePublished\":\"2024-11-22T14:23:07+00:00\",\"dateModified\":\"2025-04-16T14:08:38+00:00\",\"breadcrumb\":{\"@id\":\"https:\/\/turijnmagazijn.nl\/de\/produkt\/dk010-dummy-kappa-kopie-kopie-kopie-6\/#breadcrumb\"},\"inLanguage\":\"de\",\"potentialAction\":[{\"@type\":\"ReadAction\",\"target\":[\"https:\/\/turijnmagazijn.nl\/de\/produkt\/dk010-dummy-kappa-kopie-kopie-kopie-6\/\"]}]},{\"@type\":\"ImageObject\",\"inLanguage\":\"de\",\"@id\":\"https:\/\/turijnmagazijn.nl\/de\/produkt\/dk010-dummy-kappa-kopie-kopie-kopie-6\/#primaryimage\",\"url\":\"https:\/\/turijnmagazijn.nl\/wp-content\/uploads\/2024\/11\/DN0100385-Droger-Airco-Lancia-Kappa-en-Kappa-Coupe-46527180-2.jpg\",\"contentUrl\":\"https:\/\/turijnmagazijn.nl\/wp-content\/uploads\/2024\/11\/DN0100385-Droger-Airco-Lancia-Kappa-en-Kappa-Coupe-46527180-2.jpg\",\"width\":1440,\"height\":1080},{\"@type\":\"BreadcrumbList\",\"@id\":\"https:\/\/turijnmagazijn.nl\/de\/produkt\/dk010-dummy-kappa-kopie-kopie-kopie-6\/#breadcrumb\",\"itemListElement\":[{\"@type\":\"ListItem\",\"position\":1,\"name\":\"Home\",\"item\":\"https:\/\/turijnmagazijn.jumpstone-dev.nl\/\"},{\"@type\":\"ListItem\",\"position\":2,\"name\":\"Produkte\",\"item\":\"https:\/\/turijnmagazijn.nl\/de\/shop\/\"},{\"@type\":\"ListItem\",\"position\":3,\"name\":\"Trockner Klimaanlage Lancia Kappa und Kappa Coupe\"}]},{\"@type\":\"WebSite\",\"@id\":\"https:\/\/turijnmagazijn.jumpstone-dev.nl\/#website\",\"url\":\"https:\/\/turijnmagazijn.jumpstone-dev.nl\/\",\"name\":\"Turijnmagazijn\",\"description\":\"Onderdelen nieuw en gebruikt - Fiat &amp; Lancia\",\"publisher\":{\"@id\":\"https:\/\/turijnmagazijn.jumpstone-dev.nl\/#organization\"},\"potentialAction\":[{\"@type\":\"SearchAction\",\"target\":{\"@type\":\"EntryPoint\",\"urlTemplate\":\"https:\/\/turijnmagazijn.jumpstone-dev.nl\/?s={search_term_string}\"},\"query-input\":{\"@type\":\"PropertyValueSpecification\",\"valueRequired\":true,\"valueName\":\"search_term_string\"}}],\"inLanguage\":\"de\"},{\"@type\":\"Organization\",\"@id\":\"https:\/\/turijnmagazijn.jumpstone-dev.nl\/#organization\",\"name\":\"Turijnmagazijn\",\"url\":\"https:\/\/turijnmagazijn.jumpstone-dev.nl\/\",\"logo\":{\"@type\":\"ImageObject\",\"inLanguage\":\"de\",\"@id\":\"https:\/\/turijnmagazijn.jumpstone-dev.nl\/#\/schema\/logo\/image\/\",\"url\":\"https:\/\/turijnmagazijn.nl\/wp-content\/uploads\/2021\/02\/turijnmagazijnlogo.png\",\"contentUrl\":\"https:\/\/turijnmagazijn.nl\/wp-content\/uploads\/2021\/02\/turijnmagazijnlogo.png\",\"width\":555,\"height\":270,\"caption\":\"Turijnmagazijn\"},\"image\":{\"@id\":\"https:\/\/turijnmagazijn.jumpstone-dev.nl\/#\/schema\/logo\/image\/\"},\"sameAs\":[\"https:\/\/www.facebook.com\/turijnmagazijn\"]}]}<\/script>\n<!-- \/ Yoast SEO plugin. -->","yoast_head_json":{"title":"Trockner Klimaanlage Lancia Kappa und Kappa Coupe - Turijnmagazijn","robots":{"index":"index","follow":"follow","max-snippet":"max-snippet:-1","max-image-preview":"max-image-preview:large","max-video-preview":"max-video-preview:-1"},"canonical":"https:\/\/turijnmagazijn.nl\/de\/produkt\/dk010-dummy-kappa-kopie-kopie-kopie-6\/","og_locale":"de_DE","og_type":"article","og_title":"Trockner Klimaanlage Lancia Kappa und Kappa Coupe - Turijnmagazijn","og_description":"46527180 Trockner Klimaanlage Lancia Kappa und Kappa Coupe. Auch passend f\u00fcr Fiat Punto 1, Punto 2, Seicento, Brava, Bravo, Marea, Doblo","og_url":"https:\/\/turijnmagazijn.nl\/de\/produkt\/dk010-dummy-kappa-kopie-kopie-kopie-6\/","og_site_name":"Turijnmagazijn","article_publisher":"https:\/\/www.facebook.com\/turijnmagazijn","article_modified_time":"2025-04-16T14:08:38+00:00","og_image":[{"width":1440,"height":1080,"url":"https:\/\/turijnmagazijn.nl\/wp-content\/uploads\/2024\/11\/DN0100385-Droger-Airco-Lancia-Kappa-en-Kappa-Coupe-46527180-2.jpg","type":"image\/jpeg"}],"twitter_card":"summary_large_image","schema":{"@context":"https:\/\/schema.org","@graph":[{"@type":"WebPage","@id":"https:\/\/turijnmagazijn.nl\/de\/produkt\/dk010-dummy-kappa-kopie-kopie-kopie-6\/","url":"https:\/\/turijnmagazijn.nl\/de\/produkt\/dk010-dummy-kappa-kopie-kopie-kopie-6\/","name":"Trockner Klimaanlage Lancia Kappa und Kappa Coupe - Turijnmagazijn","isPartOf":{"@id":"https:\/\/turijnmagazijn.jumpstone-dev.nl\/#website"},"primaryImageOfPage":{"@id":"https:\/\/turijnmagazijn.nl\/de\/produkt\/dk010-dummy-kappa-kopie-kopie-kopie-6\/#primaryimage"},"image":{"@id":"https:\/\/turijnmagazijn.nl\/de\/produkt\/dk010-dummy-kappa-kopie-kopie-kopie-6\/#primaryimage"},"thumbnailUrl":"https:\/\/turijnmagazijn.nl\/wp-content\/uploads\/2024\/11\/DN0100385-Droger-Airco-Lancia-Kappa-en-Kappa-Coupe-46527180-2.jpg","datePublished":"2024-11-22T14:23:07+00:00","dateModified":"2025-04-16T14:08:38+00:00","breadcrumb":{"@id":"https:\/\/turijnmagazijn.nl\/de\/produkt\/dk010-dummy-kappa-kopie-kopie-kopie-6\/#breadcrumb"},"inLanguage":"de","potentialAction":[{"@type":"ReadAction","target":["https:\/\/turijnmagazijn.nl\/de\/produkt\/dk010-dummy-kappa-kopie-kopie-kopie-6\/"]}]},{"@type":"ImageObject","inLanguage":"de","@id":"https:\/\/turijnmagazijn.nl\/de\/produkt\/dk010-dummy-kappa-kopie-kopie-kopie-6\/#primaryimage","url":"https:\/\/turijnmagazijn.nl\/wp-content\/uploads\/2024\/11\/DN0100385-Droger-Airco-Lancia-Kappa-en-Kappa-Coupe-46527180-2.jpg","contentUrl":"https:\/\/turijnmagazijn.nl\/wp-content\/uploads\/2024\/11\/DN0100385-Droger-Airco-Lancia-Kappa-en-Kappa-Coupe-46527180-2.jpg","width":1440,"height":1080},{"@type":"BreadcrumbList","@id":"https:\/\/turijnmagazijn.nl\/de\/produkt\/dk010-dummy-kappa-kopie-kopie-kopie-6\/#breadcrumb","itemListElement":[{"@type":"ListItem","position":1,"name":"Home","item":"https:\/\/turijnmagazijn.jumpstone-dev.nl\/"},{"@type":"ListItem","position":2,"name":"Produkte","item":"https:\/\/turijnmagazijn.nl\/de\/shop\/"},{"@type":"ListItem","position":3,"name":"Trockner Klimaanlage Lancia Kappa und Kappa Coupe"}]},{"@type":"WebSite","@id":"https:\/\/turijnmagazijn.jumpstone-dev.nl\/#website","url":"https:\/\/turijnmagazijn.jumpstone-dev.nl\/","name":"Turijnmagazijn","description":"Onderdelen nieuw en gebruikt - Fiat &amp; Lancia","publisher":{"@id":"https:\/\/turijnmagazijn.jumpstone-dev.nl\/#organization"},"potentialAction":[{"@type":"SearchAction","target":{"@type":"EntryPoint","urlTemplate":"https:\/\/turijnmagazijn.jumpstone-dev.nl\/?s={search_term_string}"},"query-input":{"@type":"PropertyValueSpecification","valueRequired":true,"valueName":"search_term_string"}}],"inLanguage":"de"},{"@type":"Organization","@id":"https:\/\/turijnmagazijn.jumpstone-dev.nl\/#organization","name":"Turijnmagazijn","url":"https:\/\/turijnmagazijn.jumpstone-dev.nl\/","logo":{"@type":"ImageObject","inLanguage":"de","@id":"https:\/\/turijnmagazijn.jumpstone-dev.nl\/#\/schema\/logo\/image\/","url":"https:\/\/turijnmagazijn.nl\/wp-content\/uploads\/2021\/02\/turijnmagazijnlogo.png","contentUrl":"https:\/\/turijnmagazijn.nl\/wp-content\/uploads\/2021\/02\/turijnmagazijnlogo.png","width":555,"height":270,"caption":"Turijnmagazijn"},"image":{"@id":"https:\/\/turijnmagazijn.jumpstone-dev.nl\/#\/schema\/logo\/image\/"},"sameAs":["https:\/\/www.facebook.com\/turijnmagazijn"]}]}},"_links":{"self":[{"href":"https:\/\/turijnmagazijn.nl\/de\/wp-json\/wp\/v2\/product\/85773","targetHints":{"allow":["GET"]}}],"collection":[{"href":"https:\/\/turijnmagazijn.nl\/de\/wp-json\/wp\/v2\/product"}],"about":[{"href":"https:\/\/turijnmagazijn.nl\/de\/wp-json\/wp\/v2\/types\/product"}],"replies":[{"embeddable":true,"href":"https:\/\/turijnmagazijn.nl\/de\/wp-json\/wp\/v2\/comments?post=85773"}],"wp:featuredmedia":[{"embeddable":true,"href":"https:\/\/turijnmagazijn.nl\/de\/wp-json\/wp\/v2\/media\/86201"}],"wp:attachment":[{"href":"https:\/\/turijnmagazijn.nl\/de\/wp-json\/wp\/v2\/media?parent=85773"}],"wp:term":[{"taxonomy":"product_brand","embeddable":true,"href":"https:\/\/turijnmagazijn.nl\/de\/wp-json\/wp\/v2\/product_brand?post=85773"},{"taxonomy":"product_cat","embeddable":true,"href":"https:\/\/turijnmagazijn.nl\/de\/wp-json\/wp\/v2\/product_cat?post=85773"},{"taxonomy":"product_tag","embeddable":true,"href":"https:\/\/turijnmagazijn.nl\/de\/wp-json\/wp\/v2\/product_tag?post=85773"}],"curies":[{"name":"wp","href":"https:\/\/api.w.org\/{rel}","templated":true}]}}