{"id":87971,"date":"2025-01-26T19:03:10","date_gmt":"2025-01-26T18:03:10","guid":{"rendered":"https:\/\/turijnmagazijn.nl\/?post_type=product&#038;p=87971"},"modified":"2025-06-01T21:01:03","modified_gmt":"2025-06-01T19:01:03","slug":"achspedal-kupplung-lancia-lybra-alfa-156-kopie","status":"publish","type":"product","link":"https:\/\/turijnmagazijn.nl\/de\/produkt\/achspedal-kupplung-lancia-lybra-alfa-156-kopie\/","title":{"rendered":"Bus-T\u00fcrverkleidung Gelb Alfa 156"},"content":{"rendered":"<p>Das Nachbauteil ist exakt austauschbar mit dem Original.<\/p>\n<p>Gelbe Buchse zur Montage im T\u00fcrblech als Gegenst\u00fcck f\u00fcr den Weihnachtsbaum-Clip auf der T\u00fcrverkleidungsseite. Dient zur Befestigung.<\/p>\n<p>Ausgestattet mit einer Schaumstoff-Schutzschicht f\u00fcr eine vibrationsfreie Montage der T\u00fcrverkleidung.<\/p>\n<p>Auch anwendbar auf:<\/p>\n<ul>\n<li>Alfa Romeo Brera<\/li>\n<li>Alfa Romeo 159<\/li>\n<li>Alfa Romeo 147<\/li>\n<li>Fiat Grande Punto<\/li>\n<li>Fiat 500 &gt;2007<\/li>\n<li>Lancia-Abschlussarbeit<\/li>\n<li>Lancia Ypsilon 3<\/li>\n<\/ul>\n<p>OEM-Nummer Alfa Romeo 60654116<\/p>\n","protected":false},"excerpt":{"rendered":"<p><span data-sheets-root=\"1\">46478986 Achspedal Kupplung Lancia Lybra Alfa 156<\/span><\/p>\n","protected":false},"featured_media":87982,"comment_status":"closed","ping_status":"closed","template":"","meta":{"_acf_changed":false},"product_brand":[],"product_cat":[1616,1693,1584,1689,1729,1797,1619,1621,1905],"product_tag":[],"class_list":{"0":"post-87971","1":"product","2":"type-product","3":"status-publish","4":"has-post-thumbnail","6":"product_cat-156-932-de","7":"product_cat-500-312-de","8":"product_cat-alfa-romeo-de","9":"product_cat-fiat-de","10":"product_cat-grande-punto-199-de","11":"product_cat-lancia-de","12":"product_cat-sedan-de","13":"product_cat-sportwagon-de","14":"product_cat-thesis-841-de","15":"pa_soort-onderdeel-karosserie-und-blech","17":"first","18":"instock","19":"taxable","20":"shipping-taxable","21":"purchasable","22":"product-type-simple"},"acf":[],"yoast_head":"<!-- This site is optimized with the Yoast SEO plugin v27.3 - https:\/\/yoast.com\/product\/yoast-seo-wordpress\/ -->\n<title>Bus-T\u00fcrverkleidung Gelb Alfa 156 - Turijnmagazijn<\/title>\n<meta name=\"robots\" content=\"index, follow, max-snippet:-1, max-image-preview:large, max-video-preview:-1\" \/>\n<link rel=\"canonical\" href=\"https:\/\/turijnmagazijn.nl\/de\/produkt\/achspedal-kupplung-lancia-lybra-alfa-156-kopie\/\" \/>\n<meta property=\"og:locale\" content=\"de_DE\" \/>\n<meta property=\"og:type\" content=\"article\" \/>\n<meta property=\"og:title\" content=\"Bus-T\u00fcrverkleidung Gelb Alfa 156 - Turijnmagazijn\" \/>\n<meta property=\"og:description\" content=\"46478986 Achspedal Kupplung Lancia Lybra Alfa 156\" \/>\n<meta property=\"og:url\" content=\"https:\/\/turijnmagazijn.nl\/de\/produkt\/achspedal-kupplung-lancia-lybra-alfa-156-kopie\/\" \/>\n<meta property=\"og:site_name\" content=\"Turijnmagazijn\" \/>\n<meta property=\"article:publisher\" content=\"https:\/\/www.facebook.com\/turijnmagazijn\" \/>\n<meta property=\"article:modified_time\" content=\"2025-06-01T19:01:03+00:00\" \/>\n<meta property=\"og:image\" content=\"https:\/\/turijnmagazijn.nl\/wp-content\/uploads\/2025\/01\/DN0100391-Huls-Geel-Deurpaneel-montage-Alfa-156-Fiat-500-60654116-1.jpeg\" \/>\n\t<meta property=\"og:image:width\" content=\"1888\" \/>\n\t<meta property=\"og:image:height\" content=\"1579\" \/>\n\t<meta property=\"og:image:type\" content=\"image\/jpeg\" \/>\n<meta name=\"twitter:card\" content=\"summary_large_image\" \/>\n<meta name=\"twitter:label1\" content=\"Gesch\u00e4tzte Lesezeit\" \/>\n\t<meta name=\"twitter:data1\" content=\"1\u00a0Minute\" \/>\n<script type=\"application\/ld+json\" class=\"yoast-schema-graph\">{\"@context\":\"https:\\\/\\\/schema.org\",\"@graph\":[{\"@type\":\"WebPage\",\"@id\":\"https:\\\/\\\/turijnmagazijn.nl\\\/de\\\/produkt\\\/achspedal-kupplung-lancia-lybra-alfa-156-kopie\\\/\",\"url\":\"https:\\\/\\\/turijnmagazijn.nl\\\/de\\\/produkt\\\/achspedal-kupplung-lancia-lybra-alfa-156-kopie\\\/\",\"name\":\"Bus-T\u00fcrverkleidung Gelb Alfa 156 - Turijnmagazijn\",\"isPartOf\":{\"@id\":\"https:\\\/\\\/turijnmagazijn.jumpstone-dev.nl\\\/#website\"},\"primaryImageOfPage\":{\"@id\":\"https:\\\/\\\/turijnmagazijn.nl\\\/de\\\/produkt\\\/achspedal-kupplung-lancia-lybra-alfa-156-kopie\\\/#primaryimage\"},\"image\":{\"@id\":\"https:\\\/\\\/turijnmagazijn.nl\\\/de\\\/produkt\\\/achspedal-kupplung-lancia-lybra-alfa-156-kopie\\\/#primaryimage\"},\"thumbnailUrl\":\"https:\\\/\\\/turijnmagazijn.nl\\\/wp-content\\\/uploads\\\/2025\\\/01\\\/DN0100391-Huls-Geel-Deurpaneel-montage-Alfa-156-Fiat-500-60654116-1.jpeg\",\"datePublished\":\"2025-01-26T18:03:10+00:00\",\"dateModified\":\"2025-06-01T19:01:03+00:00\",\"breadcrumb\":{\"@id\":\"https:\\\/\\\/turijnmagazijn.nl\\\/de\\\/produkt\\\/achspedal-kupplung-lancia-lybra-alfa-156-kopie\\\/#breadcrumb\"},\"inLanguage\":\"de\",\"potentialAction\":[{\"@type\":\"ReadAction\",\"target\":[\"https:\\\/\\\/turijnmagazijn.nl\\\/de\\\/produkt\\\/achspedal-kupplung-lancia-lybra-alfa-156-kopie\\\/\"]}]},{\"@type\":\"ImageObject\",\"inLanguage\":\"de\",\"@id\":\"https:\\\/\\\/turijnmagazijn.nl\\\/de\\\/produkt\\\/achspedal-kupplung-lancia-lybra-alfa-156-kopie\\\/#primaryimage\",\"url\":\"https:\\\/\\\/turijnmagazijn.nl\\\/wp-content\\\/uploads\\\/2025\\\/01\\\/DN0100391-Huls-Geel-Deurpaneel-montage-Alfa-156-Fiat-500-60654116-1.jpeg\",\"contentUrl\":\"https:\\\/\\\/turijnmagazijn.nl\\\/wp-content\\\/uploads\\\/2025\\\/01\\\/DN0100391-Huls-Geel-Deurpaneel-montage-Alfa-156-Fiat-500-60654116-1.jpeg\",\"width\":1888,\"height\":1579},{\"@type\":\"BreadcrumbList\",\"@id\":\"https:\\\/\\\/turijnmagazijn.nl\\\/de\\\/produkt\\\/achspedal-kupplung-lancia-lybra-alfa-156-kopie\\\/#breadcrumb\",\"itemListElement\":[{\"@type\":\"ListItem\",\"position\":1,\"name\":\"Home\",\"item\":\"https:\\\/\\\/turijnmagazijn.nl\\\/de\\\/\"},{\"@type\":\"ListItem\",\"position\":2,\"name\":\"Produkte\",\"item\":\"https:\\\/\\\/turijnmagazijn.nl\\\/de\\\/shop\\\/\"},{\"@type\":\"ListItem\",\"position\":3,\"name\":\"Bus-T\u00fcrverkleidung Gelb Alfa 156\"}]},{\"@type\":\"WebSite\",\"@id\":\"https:\\\/\\\/turijnmagazijn.jumpstone-dev.nl\\\/#website\",\"url\":\"https:\\\/\\\/turijnmagazijn.jumpstone-dev.nl\\\/\",\"name\":\"Turijnmagazijn\",\"description\":\"Onderdelen nieuw en gebruikt - Fiat &amp; Lancia\",\"publisher\":{\"@id\":\"https:\\\/\\\/turijnmagazijn.jumpstone-dev.nl\\\/#organization\"},\"potentialAction\":[{\"@type\":\"SearchAction\",\"target\":{\"@type\":\"EntryPoint\",\"urlTemplate\":\"https:\\\/\\\/turijnmagazijn.jumpstone-dev.nl\\\/?s={search_term_string}\"},\"query-input\":{\"@type\":\"PropertyValueSpecification\",\"valueRequired\":true,\"valueName\":\"search_term_string\"}}],\"inLanguage\":\"de\"},{\"@type\":\"Organization\",\"@id\":\"https:\\\/\\\/turijnmagazijn.jumpstone-dev.nl\\\/#organization\",\"name\":\"Turijnmagazijn\",\"url\":\"https:\\\/\\\/turijnmagazijn.jumpstone-dev.nl\\\/\",\"logo\":{\"@type\":\"ImageObject\",\"inLanguage\":\"de\",\"@id\":\"https:\\\/\\\/turijnmagazijn.jumpstone-dev.nl\\\/#\\\/schema\\\/logo\\\/image\\\/\",\"url\":\"https:\\\/\\\/turijnmagazijn.nl\\\/wp-content\\\/uploads\\\/2021\\\/02\\\/turijnmagazijnlogo.png\",\"contentUrl\":\"https:\\\/\\\/turijnmagazijn.nl\\\/wp-content\\\/uploads\\\/2021\\\/02\\\/turijnmagazijnlogo.png\",\"width\":555,\"height\":270,\"caption\":\"Turijnmagazijn\"},\"image\":{\"@id\":\"https:\\\/\\\/turijnmagazijn.jumpstone-dev.nl\\\/#\\\/schema\\\/logo\\\/image\\\/\"},\"sameAs\":[\"https:\\\/\\\/www.facebook.com\\\/turijnmagazijn\"]}]}<\/script>\n<!-- \/ Yoast SEO plugin. -->","yoast_head_json":{"title":"Bus-T\u00fcrverkleidung Gelb Alfa 156 - Turijnmagazijn","robots":{"index":"index","follow":"follow","max-snippet":"max-snippet:-1","max-image-preview":"max-image-preview:large","max-video-preview":"max-video-preview:-1"},"canonical":"https:\/\/turijnmagazijn.nl\/de\/produkt\/achspedal-kupplung-lancia-lybra-alfa-156-kopie\/","og_locale":"de_DE","og_type":"article","og_title":"Bus-T\u00fcrverkleidung Gelb Alfa 156 - Turijnmagazijn","og_description":"46478986 Achspedal Kupplung Lancia Lybra Alfa 156","og_url":"https:\/\/turijnmagazijn.nl\/de\/produkt\/achspedal-kupplung-lancia-lybra-alfa-156-kopie\/","og_site_name":"Turijnmagazijn","article_publisher":"https:\/\/www.facebook.com\/turijnmagazijn","article_modified_time":"2025-06-01T19:01:03+00:00","og_image":[{"width":1888,"height":1579,"url":"https:\/\/turijnmagazijn.nl\/wp-content\/uploads\/2025\/01\/DN0100391-Huls-Geel-Deurpaneel-montage-Alfa-156-Fiat-500-60654116-1.jpeg","type":"image\/jpeg"}],"twitter_card":"summary_large_image","twitter_misc":{"Gesch\u00e4tzte Lesezeit":"1\u00a0Minute"},"schema":{"@context":"https:\/\/schema.org","@graph":[{"@type":"WebPage","@id":"https:\/\/turijnmagazijn.nl\/de\/produkt\/achspedal-kupplung-lancia-lybra-alfa-156-kopie\/","url":"https:\/\/turijnmagazijn.nl\/de\/produkt\/achspedal-kupplung-lancia-lybra-alfa-156-kopie\/","name":"Bus-T\u00fcrverkleidung Gelb Alfa 156 - Turijnmagazijn","isPartOf":{"@id":"https:\/\/turijnmagazijn.jumpstone-dev.nl\/#website"},"primaryImageOfPage":{"@id":"https:\/\/turijnmagazijn.nl\/de\/produkt\/achspedal-kupplung-lancia-lybra-alfa-156-kopie\/#primaryimage"},"image":{"@id":"https:\/\/turijnmagazijn.nl\/de\/produkt\/achspedal-kupplung-lancia-lybra-alfa-156-kopie\/#primaryimage"},"thumbnailUrl":"https:\/\/turijnmagazijn.nl\/wp-content\/uploads\/2025\/01\/DN0100391-Huls-Geel-Deurpaneel-montage-Alfa-156-Fiat-500-60654116-1.jpeg","datePublished":"2025-01-26T18:03:10+00:00","dateModified":"2025-06-01T19:01:03+00:00","breadcrumb":{"@id":"https:\/\/turijnmagazijn.nl\/de\/produkt\/achspedal-kupplung-lancia-lybra-alfa-156-kopie\/#breadcrumb"},"inLanguage":"de","potentialAction":[{"@type":"ReadAction","target":["https:\/\/turijnmagazijn.nl\/de\/produkt\/achspedal-kupplung-lancia-lybra-alfa-156-kopie\/"]}]},{"@type":"ImageObject","inLanguage":"de","@id":"https:\/\/turijnmagazijn.nl\/de\/produkt\/achspedal-kupplung-lancia-lybra-alfa-156-kopie\/#primaryimage","url":"https:\/\/turijnmagazijn.nl\/wp-content\/uploads\/2025\/01\/DN0100391-Huls-Geel-Deurpaneel-montage-Alfa-156-Fiat-500-60654116-1.jpeg","contentUrl":"https:\/\/turijnmagazijn.nl\/wp-content\/uploads\/2025\/01\/DN0100391-Huls-Geel-Deurpaneel-montage-Alfa-156-Fiat-500-60654116-1.jpeg","width":1888,"height":1579},{"@type":"BreadcrumbList","@id":"https:\/\/turijnmagazijn.nl\/de\/produkt\/achspedal-kupplung-lancia-lybra-alfa-156-kopie\/#breadcrumb","itemListElement":[{"@type":"ListItem","position":1,"name":"Home","item":"https:\/\/turijnmagazijn.nl\/de\/"},{"@type":"ListItem","position":2,"name":"Produkte","item":"https:\/\/turijnmagazijn.nl\/de\/shop\/"},{"@type":"ListItem","position":3,"name":"Bus-T\u00fcrverkleidung Gelb Alfa 156"}]},{"@type":"WebSite","@id":"https:\/\/turijnmagazijn.jumpstone-dev.nl\/#website","url":"https:\/\/turijnmagazijn.jumpstone-dev.nl\/","name":"Turijnmagazijn","description":"Onderdelen nieuw en gebruikt - Fiat &amp; Lancia","publisher":{"@id":"https:\/\/turijnmagazijn.jumpstone-dev.nl\/#organization"},"potentialAction":[{"@type":"SearchAction","target":{"@type":"EntryPoint","urlTemplate":"https:\/\/turijnmagazijn.jumpstone-dev.nl\/?s={search_term_string}"},"query-input":{"@type":"PropertyValueSpecification","valueRequired":true,"valueName":"search_term_string"}}],"inLanguage":"de"},{"@type":"Organization","@id":"https:\/\/turijnmagazijn.jumpstone-dev.nl\/#organization","name":"Turijnmagazijn","url":"https:\/\/turijnmagazijn.jumpstone-dev.nl\/","logo":{"@type":"ImageObject","inLanguage":"de","@id":"https:\/\/turijnmagazijn.jumpstone-dev.nl\/#\/schema\/logo\/image\/","url":"https:\/\/turijnmagazijn.nl\/wp-content\/uploads\/2021\/02\/turijnmagazijnlogo.png","contentUrl":"https:\/\/turijnmagazijn.nl\/wp-content\/uploads\/2021\/02\/turijnmagazijnlogo.png","width":555,"height":270,"caption":"Turijnmagazijn"},"image":{"@id":"https:\/\/turijnmagazijn.jumpstone-dev.nl\/#\/schema\/logo\/image\/"},"sameAs":["https:\/\/www.facebook.com\/turijnmagazijn"]}]}},"_links":{"self":[{"href":"https:\/\/turijnmagazijn.nl\/de\/wp-json\/wp\/v2\/product\/87971","targetHints":{"allow":["GET"]}}],"collection":[{"href":"https:\/\/turijnmagazijn.nl\/de\/wp-json\/wp\/v2\/product"}],"about":[{"href":"https:\/\/turijnmagazijn.nl\/de\/wp-json\/wp\/v2\/types\/product"}],"replies":[{"embeddable":true,"href":"https:\/\/turijnmagazijn.nl\/de\/wp-json\/wp\/v2\/comments?post=87971"}],"wp:featuredmedia":[{"embeddable":true,"href":"https:\/\/turijnmagazijn.nl\/de\/wp-json\/wp\/v2\/media\/87982"}],"wp:attachment":[{"href":"https:\/\/turijnmagazijn.nl\/de\/wp-json\/wp\/v2\/media?parent=87971"}],"wp:term":[{"taxonomy":"product_brand","embeddable":true,"href":"https:\/\/turijnmagazijn.nl\/de\/wp-json\/wp\/v2\/product_brand?post=87971"},{"taxonomy":"product_cat","embeddable":true,"href":"https:\/\/turijnmagazijn.nl\/de\/wp-json\/wp\/v2\/product_cat?post=87971"},{"taxonomy":"product_tag","embeddable":true,"href":"https:\/\/turijnmagazijn.nl\/de\/wp-json\/wp\/v2\/product_tag?post=87971"}],"curies":[{"name":"wp","href":"https:\/\/api.w.org\/{rel}","templated":true}]}}