{"id":88035,"date":"2025-01-29T19:24:32","date_gmt":"2025-01-29T18:24:32","guid":{"rendered":"https:\/\/turijnmagazijn.nl\/?post_type=product&#038;p=88035"},"modified":"2025-04-15T23:06:39","modified_gmt":"2025-04-15T21:06:39","slug":"radkappe-lancia-delta-integrale-kopie","status":"publish","type":"product","link":"https:\/\/turijnmagazijn.nl\/de\/produkt\/radkappe-lancia-delta-integrale-kopie\/","title":{"rendered":"Satz mit 4 Radkappen Lancia Delta Integrale Imitation Original Design"},"content":{"rendered":"<p>Ein Satz von 4 imitierten Nabendeckeln im Originaldesign mit der dicken Felge. Ausgestattet mit einem Lancia-Logo f\u00fcr die Montage auf den Felgen des Lancia Delta HF Integrale aller Typen. Diese Nabenabdeckungen \u00e4hneln 1 zu 1 den Originalabdeckungen, die auf verschiedenen Felgentypen verwendet wurden, unter anderem auf dem Lancia Thema, dem Lancia Kappa, dem Lancia Prisma und dem Lancia Dedra.   F\u00fcr die Felgen, die mit dieser Nabenabdeckung verwendet werden k\u00f6nnen, siehe die beigef\u00fcgten Felgenfotos.<\/p>\n<p>Nabenabdeckungen mit einem Innenma\u00df von 43 mm (\u00fcberpr\u00fcfen Sie vor der Bestellung den Durchmesser Ihres Nabenlochs f\u00fcr diese Gr\u00f6\u00dfe der Laufbuchse).<br \/>\nDie Au\u00dfenma\u00dfe der Nabenabdeckung betragen 55 mm.<\/p>\n<p>Sie erhalten ein Set von 4 Exemplaren<\/p>\n<p>OEM Lancia 82355891<\/p>\n","protected":false},"excerpt":{"rendered":"<p>82355891 Ein Satz von 4 nachgeahmten Nabenabdeckungen im Originaldesign<\/p>\n","protected":false},"featured_media":88122,"comment_status":"closed","ping_status":"closed","template":"","meta":{"_acf_changed":false},"product_brand":[],"product_cat":[1811,1847,1849,1864,1803,1807,1844,1817,1822,1826,1834,1829,1839,1859,1797,1891,1894,1904,1900],"product_tag":[],"class_list":{"0":"post-88035","1":"product","2":"type-product","3":"status-publish","4":"has-post-thumbnail","6":"product_cat-1-1-1-3-1-5-de","7":"product_cat-3-deurs-hpe-de","8":"product_cat-5-deurs-de","9":"product_cat-berlina-de","10":"product_cat-dedra-835-de","11":"product_cat-delta-1-831-de","12":"product_cat-delta-2-836-de","13":"product_cat-gt-i-e-de","14":"product_cat-hf-4wd-de","15":"product_cat-hf-turbo-de","16":"product_cat-integrale-16v-de","17":"product_cat-integrale-8v-de","18":"product_cat-integrale-evo-de","19":"product_cat-kappa-838-de","20":"product_cat-lancia-de","21":"product_cat-prisma-831-de","22":"product_cat-thema-834-de","23":"product_cat-thema-sedan-de","24":"product_cat-thema-sw-de","25":"pa_soort-onderdeel-karosserie-und-blech","27":"first","28":"instock","29":"taxable","30":"shipping-taxable","31":"purchasable","32":"product-type-simple"},"acf":[],"yoast_head":"<!-- This site is optimized with the Yoast SEO plugin v27.3 - https:\/\/yoast.com\/product\/yoast-seo-wordpress\/ -->\n<title>Satz mit 4 Radkappen Lancia Delta Integrale Imitation Original Design - Turijnmagazijn<\/title>\n<meta name=\"robots\" content=\"index, follow, max-snippet:-1, max-image-preview:large, max-video-preview:-1\" \/>\n<link rel=\"canonical\" href=\"https:\/\/turijnmagazijn.nl\/de\/produkt\/radkappe-lancia-delta-integrale-kopie\/\" \/>\n<meta property=\"og:locale\" content=\"de_DE\" \/>\n<meta property=\"og:type\" content=\"article\" \/>\n<meta property=\"og:title\" content=\"Satz mit 4 Radkappen Lancia Delta Integrale Imitation Original Design - Turijnmagazijn\" \/>\n<meta property=\"og:description\" content=\"82355891 Ein Satz von 4 nachgeahmten Nabenabdeckungen im Originaldesign\" \/>\n<meta property=\"og:url\" content=\"https:\/\/turijnmagazijn.nl\/de\/produkt\/radkappe-lancia-delta-integrale-kopie\/\" \/>\n<meta property=\"og:site_name\" content=\"Turijnmagazijn\" \/>\n<meta property=\"article:publisher\" content=\"https:\/\/www.facebook.com\/turijnmagazijn\" \/>\n<meta property=\"article:modified_time\" content=\"2025-04-15T21:06:39+00:00\" \/>\n<meta property=\"og:image\" content=\"https:\/\/turijnmagazijn.nl\/wp-content\/uploads\/2025\/01\/DN0100393-Set-4-Naafdeksels-Lancia-Delta-Integrale-Imitatie-Origineel-design-82355891-4.jpg\" \/>\n\t<meta property=\"og:image:width\" content=\"1440\" \/>\n\t<meta property=\"og:image:height\" content=\"1080\" \/>\n\t<meta property=\"og:image:type\" content=\"image\/jpeg\" \/>\n<meta name=\"twitter:card\" content=\"summary_large_image\" \/>\n<meta name=\"twitter:label1\" content=\"Gesch\u00e4tzte Lesezeit\" \/>\n\t<meta name=\"twitter:data1\" content=\"1\u00a0Minute\" \/>\n<script type=\"application\/ld+json\" class=\"yoast-schema-graph\">{\"@context\":\"https:\\\/\\\/schema.org\",\"@graph\":[{\"@type\":\"WebPage\",\"@id\":\"https:\\\/\\\/turijnmagazijn.nl\\\/de\\\/produkt\\\/radkappe-lancia-delta-integrale-kopie\\\/\",\"url\":\"https:\\\/\\\/turijnmagazijn.nl\\\/de\\\/produkt\\\/radkappe-lancia-delta-integrale-kopie\\\/\",\"name\":\"Satz mit 4 Radkappen Lancia Delta Integrale Imitation Original Design - Turijnmagazijn\",\"isPartOf\":{\"@id\":\"https:\\\/\\\/turijnmagazijn.jumpstone-dev.nl\\\/#website\"},\"primaryImageOfPage\":{\"@id\":\"https:\\\/\\\/turijnmagazijn.nl\\\/de\\\/produkt\\\/radkappe-lancia-delta-integrale-kopie\\\/#primaryimage\"},\"image\":{\"@id\":\"https:\\\/\\\/turijnmagazijn.nl\\\/de\\\/produkt\\\/radkappe-lancia-delta-integrale-kopie\\\/#primaryimage\"},\"thumbnailUrl\":\"https:\\\/\\\/turijnmagazijn.nl\\\/wp-content\\\/uploads\\\/2025\\\/01\\\/DN0100393-Set-4-Naafdeksels-Lancia-Delta-Integrale-Imitatie-Origineel-design-82355891-4.jpg\",\"datePublished\":\"2025-01-29T18:24:32+00:00\",\"dateModified\":\"2025-04-15T21:06:39+00:00\",\"breadcrumb\":{\"@id\":\"https:\\\/\\\/turijnmagazijn.nl\\\/de\\\/produkt\\\/radkappe-lancia-delta-integrale-kopie\\\/#breadcrumb\"},\"inLanguage\":\"de\",\"potentialAction\":[{\"@type\":\"ReadAction\",\"target\":[\"https:\\\/\\\/turijnmagazijn.nl\\\/de\\\/produkt\\\/radkappe-lancia-delta-integrale-kopie\\\/\"]}]},{\"@type\":\"ImageObject\",\"inLanguage\":\"de\",\"@id\":\"https:\\\/\\\/turijnmagazijn.nl\\\/de\\\/produkt\\\/radkappe-lancia-delta-integrale-kopie\\\/#primaryimage\",\"url\":\"https:\\\/\\\/turijnmagazijn.nl\\\/wp-content\\\/uploads\\\/2025\\\/01\\\/DN0100393-Set-4-Naafdeksels-Lancia-Delta-Integrale-Imitatie-Origineel-design-82355891-4.jpg\",\"contentUrl\":\"https:\\\/\\\/turijnmagazijn.nl\\\/wp-content\\\/uploads\\\/2025\\\/01\\\/DN0100393-Set-4-Naafdeksels-Lancia-Delta-Integrale-Imitatie-Origineel-design-82355891-4.jpg\",\"width\":1440,\"height\":1080},{\"@type\":\"BreadcrumbList\",\"@id\":\"https:\\\/\\\/turijnmagazijn.nl\\\/de\\\/produkt\\\/radkappe-lancia-delta-integrale-kopie\\\/#breadcrumb\",\"itemListElement\":[{\"@type\":\"ListItem\",\"position\":1,\"name\":\"Home\",\"item\":\"https:\\\/\\\/turijnmagazijn.nl\\\/de\\\/\"},{\"@type\":\"ListItem\",\"position\":2,\"name\":\"Produkte\",\"item\":\"https:\\\/\\\/turijnmagazijn.nl\\\/de\\\/shop\\\/\"},{\"@type\":\"ListItem\",\"position\":3,\"name\":\"Satz mit 4 Radkappen Lancia Delta Integrale Imitation Original Design\"}]},{\"@type\":\"WebSite\",\"@id\":\"https:\\\/\\\/turijnmagazijn.jumpstone-dev.nl\\\/#website\",\"url\":\"https:\\\/\\\/turijnmagazijn.jumpstone-dev.nl\\\/\",\"name\":\"Turijnmagazijn\",\"description\":\"Onderdelen nieuw en gebruikt - Fiat &amp; Lancia\",\"publisher\":{\"@id\":\"https:\\\/\\\/turijnmagazijn.jumpstone-dev.nl\\\/#organization\"},\"potentialAction\":[{\"@type\":\"SearchAction\",\"target\":{\"@type\":\"EntryPoint\",\"urlTemplate\":\"https:\\\/\\\/turijnmagazijn.jumpstone-dev.nl\\\/?s={search_term_string}\"},\"query-input\":{\"@type\":\"PropertyValueSpecification\",\"valueRequired\":true,\"valueName\":\"search_term_string\"}}],\"inLanguage\":\"de\"},{\"@type\":\"Organization\",\"@id\":\"https:\\\/\\\/turijnmagazijn.jumpstone-dev.nl\\\/#organization\",\"name\":\"Turijnmagazijn\",\"url\":\"https:\\\/\\\/turijnmagazijn.jumpstone-dev.nl\\\/\",\"logo\":{\"@type\":\"ImageObject\",\"inLanguage\":\"de\",\"@id\":\"https:\\\/\\\/turijnmagazijn.jumpstone-dev.nl\\\/#\\\/schema\\\/logo\\\/image\\\/\",\"url\":\"https:\\\/\\\/turijnmagazijn.nl\\\/wp-content\\\/uploads\\\/2021\\\/02\\\/turijnmagazijnlogo.png\",\"contentUrl\":\"https:\\\/\\\/turijnmagazijn.nl\\\/wp-content\\\/uploads\\\/2021\\\/02\\\/turijnmagazijnlogo.png\",\"width\":555,\"height\":270,\"caption\":\"Turijnmagazijn\"},\"image\":{\"@id\":\"https:\\\/\\\/turijnmagazijn.jumpstone-dev.nl\\\/#\\\/schema\\\/logo\\\/image\\\/\"},\"sameAs\":[\"https:\\\/\\\/www.facebook.com\\\/turijnmagazijn\"]}]}<\/script>\n<!-- \/ Yoast SEO plugin. -->","yoast_head_json":{"title":"Satz mit 4 Radkappen Lancia Delta Integrale Imitation Original Design - Turijnmagazijn","robots":{"index":"index","follow":"follow","max-snippet":"max-snippet:-1","max-image-preview":"max-image-preview:large","max-video-preview":"max-video-preview:-1"},"canonical":"https:\/\/turijnmagazijn.nl\/de\/produkt\/radkappe-lancia-delta-integrale-kopie\/","og_locale":"de_DE","og_type":"article","og_title":"Satz mit 4 Radkappen Lancia Delta Integrale Imitation Original Design - Turijnmagazijn","og_description":"82355891 Ein Satz von 4 nachgeahmten Nabenabdeckungen im Originaldesign","og_url":"https:\/\/turijnmagazijn.nl\/de\/produkt\/radkappe-lancia-delta-integrale-kopie\/","og_site_name":"Turijnmagazijn","article_publisher":"https:\/\/www.facebook.com\/turijnmagazijn","article_modified_time":"2025-04-15T21:06:39+00:00","og_image":[{"width":1440,"height":1080,"url":"https:\/\/turijnmagazijn.nl\/wp-content\/uploads\/2025\/01\/DN0100393-Set-4-Naafdeksels-Lancia-Delta-Integrale-Imitatie-Origineel-design-82355891-4.jpg","type":"image\/jpeg"}],"twitter_card":"summary_large_image","twitter_misc":{"Gesch\u00e4tzte Lesezeit":"1\u00a0Minute"},"schema":{"@context":"https:\/\/schema.org","@graph":[{"@type":"WebPage","@id":"https:\/\/turijnmagazijn.nl\/de\/produkt\/radkappe-lancia-delta-integrale-kopie\/","url":"https:\/\/turijnmagazijn.nl\/de\/produkt\/radkappe-lancia-delta-integrale-kopie\/","name":"Satz mit 4 Radkappen Lancia Delta Integrale Imitation Original Design - Turijnmagazijn","isPartOf":{"@id":"https:\/\/turijnmagazijn.jumpstone-dev.nl\/#website"},"primaryImageOfPage":{"@id":"https:\/\/turijnmagazijn.nl\/de\/produkt\/radkappe-lancia-delta-integrale-kopie\/#primaryimage"},"image":{"@id":"https:\/\/turijnmagazijn.nl\/de\/produkt\/radkappe-lancia-delta-integrale-kopie\/#primaryimage"},"thumbnailUrl":"https:\/\/turijnmagazijn.nl\/wp-content\/uploads\/2025\/01\/DN0100393-Set-4-Naafdeksels-Lancia-Delta-Integrale-Imitatie-Origineel-design-82355891-4.jpg","datePublished":"2025-01-29T18:24:32+00:00","dateModified":"2025-04-15T21:06:39+00:00","breadcrumb":{"@id":"https:\/\/turijnmagazijn.nl\/de\/produkt\/radkappe-lancia-delta-integrale-kopie\/#breadcrumb"},"inLanguage":"de","potentialAction":[{"@type":"ReadAction","target":["https:\/\/turijnmagazijn.nl\/de\/produkt\/radkappe-lancia-delta-integrale-kopie\/"]}]},{"@type":"ImageObject","inLanguage":"de","@id":"https:\/\/turijnmagazijn.nl\/de\/produkt\/radkappe-lancia-delta-integrale-kopie\/#primaryimage","url":"https:\/\/turijnmagazijn.nl\/wp-content\/uploads\/2025\/01\/DN0100393-Set-4-Naafdeksels-Lancia-Delta-Integrale-Imitatie-Origineel-design-82355891-4.jpg","contentUrl":"https:\/\/turijnmagazijn.nl\/wp-content\/uploads\/2025\/01\/DN0100393-Set-4-Naafdeksels-Lancia-Delta-Integrale-Imitatie-Origineel-design-82355891-4.jpg","width":1440,"height":1080},{"@type":"BreadcrumbList","@id":"https:\/\/turijnmagazijn.nl\/de\/produkt\/radkappe-lancia-delta-integrale-kopie\/#breadcrumb","itemListElement":[{"@type":"ListItem","position":1,"name":"Home","item":"https:\/\/turijnmagazijn.nl\/de\/"},{"@type":"ListItem","position":2,"name":"Produkte","item":"https:\/\/turijnmagazijn.nl\/de\/shop\/"},{"@type":"ListItem","position":3,"name":"Satz mit 4 Radkappen Lancia Delta Integrale Imitation Original Design"}]},{"@type":"WebSite","@id":"https:\/\/turijnmagazijn.jumpstone-dev.nl\/#website","url":"https:\/\/turijnmagazijn.jumpstone-dev.nl\/","name":"Turijnmagazijn","description":"Onderdelen nieuw en gebruikt - Fiat &amp; Lancia","publisher":{"@id":"https:\/\/turijnmagazijn.jumpstone-dev.nl\/#organization"},"potentialAction":[{"@type":"SearchAction","target":{"@type":"EntryPoint","urlTemplate":"https:\/\/turijnmagazijn.jumpstone-dev.nl\/?s={search_term_string}"},"query-input":{"@type":"PropertyValueSpecification","valueRequired":true,"valueName":"search_term_string"}}],"inLanguage":"de"},{"@type":"Organization","@id":"https:\/\/turijnmagazijn.jumpstone-dev.nl\/#organization","name":"Turijnmagazijn","url":"https:\/\/turijnmagazijn.jumpstone-dev.nl\/","logo":{"@type":"ImageObject","inLanguage":"de","@id":"https:\/\/turijnmagazijn.jumpstone-dev.nl\/#\/schema\/logo\/image\/","url":"https:\/\/turijnmagazijn.nl\/wp-content\/uploads\/2021\/02\/turijnmagazijnlogo.png","contentUrl":"https:\/\/turijnmagazijn.nl\/wp-content\/uploads\/2021\/02\/turijnmagazijnlogo.png","width":555,"height":270,"caption":"Turijnmagazijn"},"image":{"@id":"https:\/\/turijnmagazijn.jumpstone-dev.nl\/#\/schema\/logo\/image\/"},"sameAs":["https:\/\/www.facebook.com\/turijnmagazijn"]}]}},"_links":{"self":[{"href":"https:\/\/turijnmagazijn.nl\/de\/wp-json\/wp\/v2\/product\/88035","targetHints":{"allow":["GET"]}}],"collection":[{"href":"https:\/\/turijnmagazijn.nl\/de\/wp-json\/wp\/v2\/product"}],"about":[{"href":"https:\/\/turijnmagazijn.nl\/de\/wp-json\/wp\/v2\/types\/product"}],"replies":[{"embeddable":true,"href":"https:\/\/turijnmagazijn.nl\/de\/wp-json\/wp\/v2\/comments?post=88035"}],"wp:featuredmedia":[{"embeddable":true,"href":"https:\/\/turijnmagazijn.nl\/de\/wp-json\/wp\/v2\/media\/88122"}],"wp:attachment":[{"href":"https:\/\/turijnmagazijn.nl\/de\/wp-json\/wp\/v2\/media?parent=88035"}],"wp:term":[{"taxonomy":"product_brand","embeddable":true,"href":"https:\/\/turijnmagazijn.nl\/de\/wp-json\/wp\/v2\/product_brand?post=88035"},{"taxonomy":"product_cat","embeddable":true,"href":"https:\/\/turijnmagazijn.nl\/de\/wp-json\/wp\/v2\/product_cat?post=88035"},{"taxonomy":"product_tag","embeddable":true,"href":"https:\/\/turijnmagazijn.nl\/de\/wp-json\/wp\/v2\/product_tag?post=88035"}],"curies":[{"name":"wp","href":"https:\/\/api.w.org\/{rel}","templated":true}]}}