{"id":89905,"date":"2025-03-13T20:01:39","date_gmt":"2025-03-13T19:01:39","guid":{"rendered":"https:\/\/turijnmagazijn.nl\/?post_type=product&#038;p=89905"},"modified":"2025-05-15T21:13:26","modified_gmt":"2025-05-15T19:13:26","slug":"dk010-dummy-kappa-kopie-kopie-kopie-7","status":"publish","type":"product","link":"https:\/\/turijnmagazijn.nl\/de\/produkt\/dk010-dummy-kappa-kopie-kopie-kopie-7\/","title":{"rendered":"Zifferblattbeleuchtung Lancia Kappa Imitation"},"content":{"rendered":"<p>Neues Nachahmungsteil. Lichtschalter Drehknopf Beleuchtungsmodi f\u00fcr Lancia Kappa.<br \/>\nDieses Teil geht beim Kappa h\u00e4ufig kaputt und ist ein Punkt, der vom T\u00dcV beanstandet wird.<br \/>\nIn der Regel ist mit dem zugrundeliegenden Schalter alles in Ordnung, also schieben Sie einen neuen Knopf auf und fertig.<\/p>\n<p>Verbessertes und verst\u00e4rktes Design. Hergestellt im 3D-Druckverfahren. Das kleine Dreieck ist leicht lichtdurchl\u00e4ssig, so dass die Position auch nachts abgelesen werden kann.<br \/>\nAchten Sie bei der Montage auf die Position des Schl\u00fcssels, der in den braunen Schaft eingreift. Wenn er in die falsche Position gedr\u00fcckt wird, bricht der Schl\u00fcssel ab. Achten Sie also beim Zusammenbau darauf. Wenn der Knopf einmal in der richtigen Position ist, werden Sie jahrelang Freude daran haben!     <\/p>\n<p>OEM Lancia 718056080<br \/>\nOem Lancia 177278780<\/p>\n","protected":false},"excerpt":{"rendered":"<p>718056080 Zifferblattbeleuchtung lancia kappa alle Typen. 177278780<\/p>\n","protected":false},"featured_media":89949,"comment_status":"closed","ping_status":"closed","template":"","meta":{"_acf_changed":false},"product_brand":[],"product_cat":[1864,1867,1859,1797,1869],"product_tag":[],"class_list":{"0":"post-89905","1":"product","2":"type-product","3":"status-publish","4":"has-post-thumbnail","6":"product_cat-berlina-de","7":"product_cat-coupe-de","8":"product_cat-kappa-838-de","9":"product_cat-lancia-de","10":"product_cat-sw-de","11":"pa_soort-onderdeel-dashboard-und-schalter","13":"first","14":"instock","15":"taxable","16":"shipping-taxable","17":"purchasable","18":"product-type-simple"},"acf":[],"yoast_head":"<!-- This site is optimized with the Yoast SEO plugin v27.2 - https:\/\/yoast.com\/product\/yoast-seo-wordpress\/ -->\n<title>Zifferblattbeleuchtung Lancia Kappa Imitation - Turijnmagazijn<\/title>\n<meta name=\"robots\" content=\"index, follow, max-snippet:-1, max-image-preview:large, max-video-preview:-1\" \/>\n<link rel=\"canonical\" href=\"https:\/\/turijnmagazijn.nl\/de\/produkt\/dk010-dummy-kappa-kopie-kopie-kopie-7\/\" \/>\n<meta property=\"og:locale\" content=\"de_DE\" \/>\n<meta property=\"og:type\" content=\"article\" \/>\n<meta property=\"og:title\" content=\"Zifferblattbeleuchtung Lancia Kappa Imitation - Turijnmagazijn\" \/>\n<meta property=\"og:description\" content=\"718056080 Zifferblattbeleuchtung lancia kappa alle Typen. 177278780\" \/>\n<meta property=\"og:url\" content=\"https:\/\/turijnmagazijn.nl\/de\/produkt\/dk010-dummy-kappa-kopie-kopie-kopie-7\/\" \/>\n<meta property=\"og:site_name\" content=\"Turijnmagazijn\" \/>\n<meta property=\"article:publisher\" content=\"https:\/\/www.facebook.com\/turijnmagazijn\" \/>\n<meta property=\"article:modified_time\" content=\"2025-05-15T19:13:26+00:00\" \/>\n<meta property=\"og:image\" content=\"https:\/\/turijnmagazijn.nl\/wp-content\/uploads\/2025\/03\/DN0100406-Draaiknop-verlichting-Lancia-Kappa-Imitatie-177278780-718056080-1.jpg\" \/>\n\t<meta property=\"og:image:width\" content=\"1440\" \/>\n\t<meta property=\"og:image:height\" content=\"1080\" \/>\n\t<meta property=\"og:image:type\" content=\"image\/jpeg\" \/>\n<meta name=\"twitter:card\" content=\"summary_large_image\" \/>\n<meta name=\"twitter:label1\" content=\"Gesch\u00e4tzte Lesezeit\" \/>\n\t<meta name=\"twitter:data1\" content=\"1\u00a0Minute\" \/>\n<script type=\"application\/ld+json\" class=\"yoast-schema-graph\">{\"@context\":\"https:\/\/schema.org\",\"@graph\":[{\"@type\":\"WebPage\",\"@id\":\"https:\/\/turijnmagazijn.nl\/de\/produkt\/dk010-dummy-kappa-kopie-kopie-kopie-7\/\",\"url\":\"https:\/\/turijnmagazijn.nl\/de\/produkt\/dk010-dummy-kappa-kopie-kopie-kopie-7\/\",\"name\":\"Zifferblattbeleuchtung Lancia Kappa Imitation - Turijnmagazijn\",\"isPartOf\":{\"@id\":\"https:\/\/turijnmagazijn.jumpstone-dev.nl\/#website\"},\"primaryImageOfPage\":{\"@id\":\"https:\/\/turijnmagazijn.nl\/de\/produkt\/dk010-dummy-kappa-kopie-kopie-kopie-7\/#primaryimage\"},\"image\":{\"@id\":\"https:\/\/turijnmagazijn.nl\/de\/produkt\/dk010-dummy-kappa-kopie-kopie-kopie-7\/#primaryimage\"},\"thumbnailUrl\":\"https:\/\/turijnmagazijn.nl\/wp-content\/uploads\/2025\/03\/DN0100406-Draaiknop-verlichting-Lancia-Kappa-Imitatie-177278780-718056080-1.jpg\",\"datePublished\":\"2025-03-13T19:01:39+00:00\",\"dateModified\":\"2025-05-15T19:13:26+00:00\",\"breadcrumb\":{\"@id\":\"https:\/\/turijnmagazijn.nl\/de\/produkt\/dk010-dummy-kappa-kopie-kopie-kopie-7\/#breadcrumb\"},\"inLanguage\":\"de\",\"potentialAction\":[{\"@type\":\"ReadAction\",\"target\":[\"https:\/\/turijnmagazijn.nl\/de\/produkt\/dk010-dummy-kappa-kopie-kopie-kopie-7\/\"]}]},{\"@type\":\"ImageObject\",\"inLanguage\":\"de\",\"@id\":\"https:\/\/turijnmagazijn.nl\/de\/produkt\/dk010-dummy-kappa-kopie-kopie-kopie-7\/#primaryimage\",\"url\":\"https:\/\/turijnmagazijn.nl\/wp-content\/uploads\/2025\/03\/DN0100406-Draaiknop-verlichting-Lancia-Kappa-Imitatie-177278780-718056080-1.jpg\",\"contentUrl\":\"https:\/\/turijnmagazijn.nl\/wp-content\/uploads\/2025\/03\/DN0100406-Draaiknop-verlichting-Lancia-Kappa-Imitatie-177278780-718056080-1.jpg\",\"width\":1440,\"height\":1080},{\"@type\":\"BreadcrumbList\",\"@id\":\"https:\/\/turijnmagazijn.nl\/de\/produkt\/dk010-dummy-kappa-kopie-kopie-kopie-7\/#breadcrumb\",\"itemListElement\":[{\"@type\":\"ListItem\",\"position\":1,\"name\":\"Home\",\"item\":\"https:\/\/turijnmagazijn.nl\/de\/\"},{\"@type\":\"ListItem\",\"position\":2,\"name\":\"Produkte\",\"item\":\"https:\/\/turijnmagazijn.nl\/de\/shop\/\"},{\"@type\":\"ListItem\",\"position\":3,\"name\":\"Zifferblattbeleuchtung Lancia Kappa Imitation\"}]},{\"@type\":\"WebSite\",\"@id\":\"https:\/\/turijnmagazijn.jumpstone-dev.nl\/#website\",\"url\":\"https:\/\/turijnmagazijn.jumpstone-dev.nl\/\",\"name\":\"Turijnmagazijn\",\"description\":\"Onderdelen nieuw en gebruikt - Fiat &amp; Lancia\",\"publisher\":{\"@id\":\"https:\/\/turijnmagazijn.jumpstone-dev.nl\/#organization\"},\"potentialAction\":[{\"@type\":\"SearchAction\",\"target\":{\"@type\":\"EntryPoint\",\"urlTemplate\":\"https:\/\/turijnmagazijn.jumpstone-dev.nl\/?s={search_term_string}\"},\"query-input\":{\"@type\":\"PropertyValueSpecification\",\"valueRequired\":true,\"valueName\":\"search_term_string\"}}],\"inLanguage\":\"de\"},{\"@type\":\"Organization\",\"@id\":\"https:\/\/turijnmagazijn.jumpstone-dev.nl\/#organization\",\"name\":\"Turijnmagazijn\",\"url\":\"https:\/\/turijnmagazijn.jumpstone-dev.nl\/\",\"logo\":{\"@type\":\"ImageObject\",\"inLanguage\":\"de\",\"@id\":\"https:\/\/turijnmagazijn.jumpstone-dev.nl\/#\/schema\/logo\/image\/\",\"url\":\"https:\/\/turijnmagazijn.nl\/wp-content\/uploads\/2021\/02\/turijnmagazijnlogo.png\",\"contentUrl\":\"https:\/\/turijnmagazijn.nl\/wp-content\/uploads\/2021\/02\/turijnmagazijnlogo.png\",\"width\":555,\"height\":270,\"caption\":\"Turijnmagazijn\"},\"image\":{\"@id\":\"https:\/\/turijnmagazijn.jumpstone-dev.nl\/#\/schema\/logo\/image\/\"},\"sameAs\":[\"https:\/\/www.facebook.com\/turijnmagazijn\"]}]}<\/script>\n<!-- \/ Yoast SEO plugin. -->","yoast_head_json":{"title":"Zifferblattbeleuchtung Lancia Kappa Imitation - Turijnmagazijn","robots":{"index":"index","follow":"follow","max-snippet":"max-snippet:-1","max-image-preview":"max-image-preview:large","max-video-preview":"max-video-preview:-1"},"canonical":"https:\/\/turijnmagazijn.nl\/de\/produkt\/dk010-dummy-kappa-kopie-kopie-kopie-7\/","og_locale":"de_DE","og_type":"article","og_title":"Zifferblattbeleuchtung Lancia Kappa Imitation - Turijnmagazijn","og_description":"718056080 Zifferblattbeleuchtung lancia kappa alle Typen. 177278780","og_url":"https:\/\/turijnmagazijn.nl\/de\/produkt\/dk010-dummy-kappa-kopie-kopie-kopie-7\/","og_site_name":"Turijnmagazijn","article_publisher":"https:\/\/www.facebook.com\/turijnmagazijn","article_modified_time":"2025-05-15T19:13:26+00:00","og_image":[{"width":1440,"height":1080,"url":"https:\/\/turijnmagazijn.nl\/wp-content\/uploads\/2025\/03\/DN0100406-Draaiknop-verlichting-Lancia-Kappa-Imitatie-177278780-718056080-1.jpg","type":"image\/jpeg"}],"twitter_card":"summary_large_image","twitter_misc":{"Gesch\u00e4tzte Lesezeit":"1\u00a0Minute"},"schema":{"@context":"https:\/\/schema.org","@graph":[{"@type":"WebPage","@id":"https:\/\/turijnmagazijn.nl\/de\/produkt\/dk010-dummy-kappa-kopie-kopie-kopie-7\/","url":"https:\/\/turijnmagazijn.nl\/de\/produkt\/dk010-dummy-kappa-kopie-kopie-kopie-7\/","name":"Zifferblattbeleuchtung Lancia Kappa Imitation - Turijnmagazijn","isPartOf":{"@id":"https:\/\/turijnmagazijn.jumpstone-dev.nl\/#website"},"primaryImageOfPage":{"@id":"https:\/\/turijnmagazijn.nl\/de\/produkt\/dk010-dummy-kappa-kopie-kopie-kopie-7\/#primaryimage"},"image":{"@id":"https:\/\/turijnmagazijn.nl\/de\/produkt\/dk010-dummy-kappa-kopie-kopie-kopie-7\/#primaryimage"},"thumbnailUrl":"https:\/\/turijnmagazijn.nl\/wp-content\/uploads\/2025\/03\/DN0100406-Draaiknop-verlichting-Lancia-Kappa-Imitatie-177278780-718056080-1.jpg","datePublished":"2025-03-13T19:01:39+00:00","dateModified":"2025-05-15T19:13:26+00:00","breadcrumb":{"@id":"https:\/\/turijnmagazijn.nl\/de\/produkt\/dk010-dummy-kappa-kopie-kopie-kopie-7\/#breadcrumb"},"inLanguage":"de","potentialAction":[{"@type":"ReadAction","target":["https:\/\/turijnmagazijn.nl\/de\/produkt\/dk010-dummy-kappa-kopie-kopie-kopie-7\/"]}]},{"@type":"ImageObject","inLanguage":"de","@id":"https:\/\/turijnmagazijn.nl\/de\/produkt\/dk010-dummy-kappa-kopie-kopie-kopie-7\/#primaryimage","url":"https:\/\/turijnmagazijn.nl\/wp-content\/uploads\/2025\/03\/DN0100406-Draaiknop-verlichting-Lancia-Kappa-Imitatie-177278780-718056080-1.jpg","contentUrl":"https:\/\/turijnmagazijn.nl\/wp-content\/uploads\/2025\/03\/DN0100406-Draaiknop-verlichting-Lancia-Kappa-Imitatie-177278780-718056080-1.jpg","width":1440,"height":1080},{"@type":"BreadcrumbList","@id":"https:\/\/turijnmagazijn.nl\/de\/produkt\/dk010-dummy-kappa-kopie-kopie-kopie-7\/#breadcrumb","itemListElement":[{"@type":"ListItem","position":1,"name":"Home","item":"https:\/\/turijnmagazijn.nl\/de\/"},{"@type":"ListItem","position":2,"name":"Produkte","item":"https:\/\/turijnmagazijn.nl\/de\/shop\/"},{"@type":"ListItem","position":3,"name":"Zifferblattbeleuchtung Lancia Kappa Imitation"}]},{"@type":"WebSite","@id":"https:\/\/turijnmagazijn.jumpstone-dev.nl\/#website","url":"https:\/\/turijnmagazijn.jumpstone-dev.nl\/","name":"Turijnmagazijn","description":"Onderdelen nieuw en gebruikt - Fiat &amp; Lancia","publisher":{"@id":"https:\/\/turijnmagazijn.jumpstone-dev.nl\/#organization"},"potentialAction":[{"@type":"SearchAction","target":{"@type":"EntryPoint","urlTemplate":"https:\/\/turijnmagazijn.jumpstone-dev.nl\/?s={search_term_string}"},"query-input":{"@type":"PropertyValueSpecification","valueRequired":true,"valueName":"search_term_string"}}],"inLanguage":"de"},{"@type":"Organization","@id":"https:\/\/turijnmagazijn.jumpstone-dev.nl\/#organization","name":"Turijnmagazijn","url":"https:\/\/turijnmagazijn.jumpstone-dev.nl\/","logo":{"@type":"ImageObject","inLanguage":"de","@id":"https:\/\/turijnmagazijn.jumpstone-dev.nl\/#\/schema\/logo\/image\/","url":"https:\/\/turijnmagazijn.nl\/wp-content\/uploads\/2021\/02\/turijnmagazijnlogo.png","contentUrl":"https:\/\/turijnmagazijn.nl\/wp-content\/uploads\/2021\/02\/turijnmagazijnlogo.png","width":555,"height":270,"caption":"Turijnmagazijn"},"image":{"@id":"https:\/\/turijnmagazijn.jumpstone-dev.nl\/#\/schema\/logo\/image\/"},"sameAs":["https:\/\/www.facebook.com\/turijnmagazijn"]}]}},"_links":{"self":[{"href":"https:\/\/turijnmagazijn.nl\/de\/wp-json\/wp\/v2\/product\/89905","targetHints":{"allow":["GET"]}}],"collection":[{"href":"https:\/\/turijnmagazijn.nl\/de\/wp-json\/wp\/v2\/product"}],"about":[{"href":"https:\/\/turijnmagazijn.nl\/de\/wp-json\/wp\/v2\/types\/product"}],"replies":[{"embeddable":true,"href":"https:\/\/turijnmagazijn.nl\/de\/wp-json\/wp\/v2\/comments?post=89905"}],"wp:featuredmedia":[{"embeddable":true,"href":"https:\/\/turijnmagazijn.nl\/de\/wp-json\/wp\/v2\/media\/89949"}],"wp:attachment":[{"href":"https:\/\/turijnmagazijn.nl\/de\/wp-json\/wp\/v2\/media?parent=89905"}],"wp:term":[{"taxonomy":"product_brand","embeddable":true,"href":"https:\/\/turijnmagazijn.nl\/de\/wp-json\/wp\/v2\/product_brand?post=89905"},{"taxonomy":"product_cat","embeddable":true,"href":"https:\/\/turijnmagazijn.nl\/de\/wp-json\/wp\/v2\/product_cat?post=89905"},{"taxonomy":"product_tag","embeddable":true,"href":"https:\/\/turijnmagazijn.nl\/de\/wp-json\/wp\/v2\/product_tag?post=89905"}],"curies":[{"name":"wp","href":"https:\/\/api.w.org\/{rel}","templated":true}]}}