{"id":90195,"date":"2025-03-24T10:07:08","date_gmt":"2025-03-24T09:07:08","guid":{"rendered":"https:\/\/turijnmagazijn.nl\/?post_type=product&#038;p=90195"},"modified":"2026-01-30T18:16:14","modified_gmt":"2026-01-30T17:16:14","slug":"dn010-dummy-lancia-delta-integrale-neue-nachahmung-kopie-22","status":"publish","type":"product","link":"https:\/\/turijnmagazijn.nl\/de\/produkt\/dn010-dummy-lancia-delta-integrale-neue-nachahmung-kopie-22\/","title":{"rendered":"Satz Nebelscheinwerfer Delta Integrale EVO Imitation"},"content":{"rendered":"<p>Neues Nachahmungsteil.<\/p>\n<p>Satz von 2 Reproduktions-Nebelscheinwerfern f\u00fcr Delta Integrale EVO, d.h. das sp\u00e4te quadratische Modell.<br \/>\nBetrifft einen hausintern \u00fcberarbeiteten Satz, bestehend aus einem neuen Reflektorgeh\u00e4use (also keine alte Chromarbeit, wirklich eine frische neue Einheit), einem neuen Kunststoffgeh\u00e4use, das mit einer nachgebildeten Plexiglasscheibe ausgestattet ist, die mit dem Originaldruck versehen ist, so wie sie aus der Fabrik kam. und mit einem neuen Kunststoffabschlussrahmen abgeschlossen ist. <\/p>\n<p>Bezieht sich auf eine Reihe von Links und Rechts.<\/p>\n<p>OEM Lancia 82468777<br \/>\nOEM Lancia 82468776<\/p>\n","protected":false},"excerpt":{"rendered":"<p>82468776 &#8211; 82468777 &#8211; Satz von 2 Reproduktions-Nebelscheinwerfern f\u00fcr Delta Integrale EVO, d.h. das sp\u00e4te quadratische Modell.<\/p>\n","protected":false},"featured_media":95218,"comment_status":"closed","ping_status":"closed","template":"","meta":{"_acf_changed":false},"product_brand":[],"product_cat":[1807,1839,1797],"product_tag":[],"class_list":{"0":"post-90195","1":"product","2":"type-product","3":"status-publish","4":"has-post-thumbnail","6":"product_cat-delta-1-831-de","7":"product_cat-integrale-evo-de","8":"product_cat-lancia-de","9":"pa_soort-onderdeel-beleuchtung","11":"first","12":"instock","13":"taxable","14":"shipping-taxable","15":"purchasable","16":"product-type-simple"},"acf":[],"yoast_head":"<!-- This site is optimized with the Yoast SEO plugin v27.2 - https:\/\/yoast.com\/product\/yoast-seo-wordpress\/ -->\n<title>Satz Nebelscheinwerfer Delta Integrale EVO Imitation - Turijnmagazijn<\/title>\n<meta name=\"robots\" content=\"index, follow, max-snippet:-1, max-image-preview:large, max-video-preview:-1\" \/>\n<link rel=\"canonical\" href=\"https:\/\/turijnmagazijn.nl\/de\/produkt\/dn010-dummy-lancia-delta-integrale-neue-nachahmung-kopie-22\/\" \/>\n<meta property=\"og:locale\" content=\"de_DE\" \/>\n<meta property=\"og:type\" content=\"article\" \/>\n<meta property=\"og:title\" content=\"Satz Nebelscheinwerfer Delta Integrale EVO Imitation - Turijnmagazijn\" \/>\n<meta property=\"og:description\" content=\"82468776 - 82468777 - Satz von 2 Reproduktions-Nebelscheinwerfern f\u00fcr Delta Integrale EVO, d.h. das sp\u00e4te quadratische Modell.\" \/>\n<meta property=\"og:url\" content=\"https:\/\/turijnmagazijn.nl\/de\/produkt\/dn010-dummy-lancia-delta-integrale-neue-nachahmung-kopie-22\/\" \/>\n<meta property=\"og:site_name\" content=\"Turijnmagazijn\" \/>\n<meta property=\"article:publisher\" content=\"https:\/\/www.facebook.com\/turijnmagazijn\" \/>\n<meta property=\"article:modified_time\" content=\"2026-01-30T17:16:14+00:00\" \/>\n<meta property=\"og:image\" content=\"https:\/\/turijnmagazijn.nl\/wp-content\/uploads\/2025\/03\/DN0100410-Set-mistlampen-Delta-Integrale-EVO-Imitatie-82468776.jpeg\" \/>\n\t<meta property=\"og:image:width\" content=\"608\" \/>\n\t<meta property=\"og:image:height\" content=\"660\" \/>\n\t<meta property=\"og:image:type\" content=\"image\/jpeg\" \/>\n<meta name=\"twitter:card\" content=\"summary_large_image\" \/>\n<script type=\"application\/ld+json\" class=\"yoast-schema-graph\">{\"@context\":\"https:\/\/schema.org\",\"@graph\":[{\"@type\":\"WebPage\",\"@id\":\"https:\/\/turijnmagazijn.nl\/de\/produkt\/dn010-dummy-lancia-delta-integrale-neue-nachahmung-kopie-22\/\",\"url\":\"https:\/\/turijnmagazijn.nl\/de\/produkt\/dn010-dummy-lancia-delta-integrale-neue-nachahmung-kopie-22\/\",\"name\":\"Satz Nebelscheinwerfer Delta Integrale EVO Imitation - Turijnmagazijn\",\"isPartOf\":{\"@id\":\"https:\/\/turijnmagazijn.jumpstone-dev.nl\/#website\"},\"primaryImageOfPage\":{\"@id\":\"https:\/\/turijnmagazijn.nl\/de\/produkt\/dn010-dummy-lancia-delta-integrale-neue-nachahmung-kopie-22\/#primaryimage\"},\"image\":{\"@id\":\"https:\/\/turijnmagazijn.nl\/de\/produkt\/dn010-dummy-lancia-delta-integrale-neue-nachahmung-kopie-22\/#primaryimage\"},\"thumbnailUrl\":\"https:\/\/turijnmagazijn.nl\/wp-content\/uploads\/2025\/03\/DN0100410-Set-mistlampen-Delta-Integrale-EVO-Imitatie-82468776-82468777-2.jpg\",\"datePublished\":\"2025-03-24T09:07:08+00:00\",\"dateModified\":\"2026-01-30T17:16:14+00:00\",\"breadcrumb\":{\"@id\":\"https:\/\/turijnmagazijn.nl\/de\/produkt\/dn010-dummy-lancia-delta-integrale-neue-nachahmung-kopie-22\/#breadcrumb\"},\"inLanguage\":\"de\",\"potentialAction\":[{\"@type\":\"ReadAction\",\"target\":[\"https:\/\/turijnmagazijn.nl\/de\/produkt\/dn010-dummy-lancia-delta-integrale-neue-nachahmung-kopie-22\/\"]}]},{\"@type\":\"ImageObject\",\"inLanguage\":\"de\",\"@id\":\"https:\/\/turijnmagazijn.nl\/de\/produkt\/dn010-dummy-lancia-delta-integrale-neue-nachahmung-kopie-22\/#primaryimage\",\"url\":\"https:\/\/turijnmagazijn.nl\/wp-content\/uploads\/2025\/03\/DN0100410-Set-mistlampen-Delta-Integrale-EVO-Imitatie-82468776-82468777-2.jpg\",\"contentUrl\":\"https:\/\/turijnmagazijn.nl\/wp-content\/uploads\/2025\/03\/DN0100410-Set-mistlampen-Delta-Integrale-EVO-Imitatie-82468776-82468777-2.jpg\",\"width\":1024,\"height\":768},{\"@type\":\"BreadcrumbList\",\"@id\":\"https:\/\/turijnmagazijn.nl\/de\/produkt\/dn010-dummy-lancia-delta-integrale-neue-nachahmung-kopie-22\/#breadcrumb\",\"itemListElement\":[{\"@type\":\"ListItem\",\"position\":1,\"name\":\"Home\",\"item\":\"https:\/\/turijnmagazijn.nl\/de\/\"},{\"@type\":\"ListItem\",\"position\":2,\"name\":\"Produkte\",\"item\":\"https:\/\/turijnmagazijn.nl\/de\/shop\/\"},{\"@type\":\"ListItem\",\"position\":3,\"name\":\"Satz Nebelscheinwerfer Delta Integrale EVO Imitation\"}]},{\"@type\":\"WebSite\",\"@id\":\"https:\/\/turijnmagazijn.jumpstone-dev.nl\/#website\",\"url\":\"https:\/\/turijnmagazijn.jumpstone-dev.nl\/\",\"name\":\"Turijnmagazijn\",\"description\":\"Onderdelen nieuw en gebruikt - Fiat &amp; Lancia\",\"publisher\":{\"@id\":\"https:\/\/turijnmagazijn.jumpstone-dev.nl\/#organization\"},\"potentialAction\":[{\"@type\":\"SearchAction\",\"target\":{\"@type\":\"EntryPoint\",\"urlTemplate\":\"https:\/\/turijnmagazijn.jumpstone-dev.nl\/?s={search_term_string}\"},\"query-input\":{\"@type\":\"PropertyValueSpecification\",\"valueRequired\":true,\"valueName\":\"search_term_string\"}}],\"inLanguage\":\"de\"},{\"@type\":\"Organization\",\"@id\":\"https:\/\/turijnmagazijn.jumpstone-dev.nl\/#organization\",\"name\":\"Turijnmagazijn\",\"url\":\"https:\/\/turijnmagazijn.jumpstone-dev.nl\/\",\"logo\":{\"@type\":\"ImageObject\",\"inLanguage\":\"de\",\"@id\":\"https:\/\/turijnmagazijn.jumpstone-dev.nl\/#\/schema\/logo\/image\/\",\"url\":\"https:\/\/turijnmagazijn.nl\/wp-content\/uploads\/2021\/02\/turijnmagazijnlogo.png\",\"contentUrl\":\"https:\/\/turijnmagazijn.nl\/wp-content\/uploads\/2021\/02\/turijnmagazijnlogo.png\",\"width\":555,\"height\":270,\"caption\":\"Turijnmagazijn\"},\"image\":{\"@id\":\"https:\/\/turijnmagazijn.jumpstone-dev.nl\/#\/schema\/logo\/image\/\"},\"sameAs\":[\"https:\/\/www.facebook.com\/turijnmagazijn\"]}]}<\/script>\n<!-- \/ Yoast SEO plugin. -->","yoast_head_json":{"title":"Satz Nebelscheinwerfer Delta Integrale EVO Imitation - Turijnmagazijn","robots":{"index":"index","follow":"follow","max-snippet":"max-snippet:-1","max-image-preview":"max-image-preview:large","max-video-preview":"max-video-preview:-1"},"canonical":"https:\/\/turijnmagazijn.nl\/de\/produkt\/dn010-dummy-lancia-delta-integrale-neue-nachahmung-kopie-22\/","og_locale":"de_DE","og_type":"article","og_title":"Satz Nebelscheinwerfer Delta Integrale EVO Imitation - Turijnmagazijn","og_description":"82468776 - 82468777 - Satz von 2 Reproduktions-Nebelscheinwerfern f\u00fcr Delta Integrale EVO, d.h. das sp\u00e4te quadratische Modell.","og_url":"https:\/\/turijnmagazijn.nl\/de\/produkt\/dn010-dummy-lancia-delta-integrale-neue-nachahmung-kopie-22\/","og_site_name":"Turijnmagazijn","article_publisher":"https:\/\/www.facebook.com\/turijnmagazijn","article_modified_time":"2026-01-30T17:16:14+00:00","og_image":[{"width":608,"height":660,"url":"https:\/\/turijnmagazijn.nl\/wp-content\/uploads\/2025\/03\/DN0100410-Set-mistlampen-Delta-Integrale-EVO-Imitatie-82468776.jpeg","type":"image\/jpeg"}],"twitter_card":"summary_large_image","schema":{"@context":"https:\/\/schema.org","@graph":[{"@type":"WebPage","@id":"https:\/\/turijnmagazijn.nl\/de\/produkt\/dn010-dummy-lancia-delta-integrale-neue-nachahmung-kopie-22\/","url":"https:\/\/turijnmagazijn.nl\/de\/produkt\/dn010-dummy-lancia-delta-integrale-neue-nachahmung-kopie-22\/","name":"Satz Nebelscheinwerfer Delta Integrale EVO Imitation - Turijnmagazijn","isPartOf":{"@id":"https:\/\/turijnmagazijn.jumpstone-dev.nl\/#website"},"primaryImageOfPage":{"@id":"https:\/\/turijnmagazijn.nl\/de\/produkt\/dn010-dummy-lancia-delta-integrale-neue-nachahmung-kopie-22\/#primaryimage"},"image":{"@id":"https:\/\/turijnmagazijn.nl\/de\/produkt\/dn010-dummy-lancia-delta-integrale-neue-nachahmung-kopie-22\/#primaryimage"},"thumbnailUrl":"https:\/\/turijnmagazijn.nl\/wp-content\/uploads\/2025\/03\/DN0100410-Set-mistlampen-Delta-Integrale-EVO-Imitatie-82468776-82468777-2.jpg","datePublished":"2025-03-24T09:07:08+00:00","dateModified":"2026-01-30T17:16:14+00:00","breadcrumb":{"@id":"https:\/\/turijnmagazijn.nl\/de\/produkt\/dn010-dummy-lancia-delta-integrale-neue-nachahmung-kopie-22\/#breadcrumb"},"inLanguage":"de","potentialAction":[{"@type":"ReadAction","target":["https:\/\/turijnmagazijn.nl\/de\/produkt\/dn010-dummy-lancia-delta-integrale-neue-nachahmung-kopie-22\/"]}]},{"@type":"ImageObject","inLanguage":"de","@id":"https:\/\/turijnmagazijn.nl\/de\/produkt\/dn010-dummy-lancia-delta-integrale-neue-nachahmung-kopie-22\/#primaryimage","url":"https:\/\/turijnmagazijn.nl\/wp-content\/uploads\/2025\/03\/DN0100410-Set-mistlampen-Delta-Integrale-EVO-Imitatie-82468776-82468777-2.jpg","contentUrl":"https:\/\/turijnmagazijn.nl\/wp-content\/uploads\/2025\/03\/DN0100410-Set-mistlampen-Delta-Integrale-EVO-Imitatie-82468776-82468777-2.jpg","width":1024,"height":768},{"@type":"BreadcrumbList","@id":"https:\/\/turijnmagazijn.nl\/de\/produkt\/dn010-dummy-lancia-delta-integrale-neue-nachahmung-kopie-22\/#breadcrumb","itemListElement":[{"@type":"ListItem","position":1,"name":"Home","item":"https:\/\/turijnmagazijn.nl\/de\/"},{"@type":"ListItem","position":2,"name":"Produkte","item":"https:\/\/turijnmagazijn.nl\/de\/shop\/"},{"@type":"ListItem","position":3,"name":"Satz Nebelscheinwerfer Delta Integrale EVO Imitation"}]},{"@type":"WebSite","@id":"https:\/\/turijnmagazijn.jumpstone-dev.nl\/#website","url":"https:\/\/turijnmagazijn.jumpstone-dev.nl\/","name":"Turijnmagazijn","description":"Onderdelen nieuw en gebruikt - Fiat &amp; Lancia","publisher":{"@id":"https:\/\/turijnmagazijn.jumpstone-dev.nl\/#organization"},"potentialAction":[{"@type":"SearchAction","target":{"@type":"EntryPoint","urlTemplate":"https:\/\/turijnmagazijn.jumpstone-dev.nl\/?s={search_term_string}"},"query-input":{"@type":"PropertyValueSpecification","valueRequired":true,"valueName":"search_term_string"}}],"inLanguage":"de"},{"@type":"Organization","@id":"https:\/\/turijnmagazijn.jumpstone-dev.nl\/#organization","name":"Turijnmagazijn","url":"https:\/\/turijnmagazijn.jumpstone-dev.nl\/","logo":{"@type":"ImageObject","inLanguage":"de","@id":"https:\/\/turijnmagazijn.jumpstone-dev.nl\/#\/schema\/logo\/image\/","url":"https:\/\/turijnmagazijn.nl\/wp-content\/uploads\/2021\/02\/turijnmagazijnlogo.png","contentUrl":"https:\/\/turijnmagazijn.nl\/wp-content\/uploads\/2021\/02\/turijnmagazijnlogo.png","width":555,"height":270,"caption":"Turijnmagazijn"},"image":{"@id":"https:\/\/turijnmagazijn.jumpstone-dev.nl\/#\/schema\/logo\/image\/"},"sameAs":["https:\/\/www.facebook.com\/turijnmagazijn"]}]}},"_links":{"self":[{"href":"https:\/\/turijnmagazijn.nl\/de\/wp-json\/wp\/v2\/product\/90195","targetHints":{"allow":["GET"]}}],"collection":[{"href":"https:\/\/turijnmagazijn.nl\/de\/wp-json\/wp\/v2\/product"}],"about":[{"href":"https:\/\/turijnmagazijn.nl\/de\/wp-json\/wp\/v2\/types\/product"}],"replies":[{"embeddable":true,"href":"https:\/\/turijnmagazijn.nl\/de\/wp-json\/wp\/v2\/comments?post=90195"}],"wp:featuredmedia":[{"embeddable":true,"href":"https:\/\/turijnmagazijn.nl\/de\/wp-json\/wp\/v2\/media\/95218"}],"wp:attachment":[{"href":"https:\/\/turijnmagazijn.nl\/de\/wp-json\/wp\/v2\/media?parent=90195"}],"wp:term":[{"taxonomy":"product_brand","embeddable":true,"href":"https:\/\/turijnmagazijn.nl\/de\/wp-json\/wp\/v2\/product_brand?post=90195"},{"taxonomy":"product_cat","embeddable":true,"href":"https:\/\/turijnmagazijn.nl\/de\/wp-json\/wp\/v2\/product_cat?post=90195"},{"taxonomy":"product_tag","embeddable":true,"href":"https:\/\/turijnmagazijn.nl\/de\/wp-json\/wp\/v2\/product_tag?post=90195"}],"curies":[{"name":"wp","href":"https:\/\/api.w.org\/{rel}","templated":true}]}}